{"id":22689,"date":"2022-04-01T14:27:31","date_gmt":"2022-04-01T14:27:31","guid":{"rendered":"https:\/\/eurodirections.com\/amsterdam-explorer-och-reseguide\/"},"modified":"2023-03-24T13:22:17","modified_gmt":"2023-03-24T13:22:17","slug":"amsterdam-reseguide","status":"publish","type":"page","link":"https:\/\/eurodirections.com\/sv\/amsterdam-reseguide\/","title":{"rendered":"Amsterdam Explorer och reseguide"},"content":{"rendered":"<div id=\"ez-toc-container\" class=\"ez-toc-v2_0_82_2 counter-hierarchy ez-toc-counter ez-toc-grey ez-toc-container-direction\">\n<div class=\"ez-toc-title-container\">\n<p class=\"ez-toc-title\" style=\"cursor:inherit\">Table of Contents<\/p>\n<span class=\"ez-toc-title-toggle\"><a href=\"#\" class=\"ez-toc-pull-right ez-toc-btn ez-toc-btn-xs ez-toc-btn-default ez-toc-toggle\" aria-label=\"Toggle Table of Content\"><span class=\"ez-toc-js-icon-con\"><span class=\"\"><span class=\"eztoc-hide\" style=\"display:none;\">Toggle<\/span><span class=\"ez-toc-icon-toggle-span\"><svg style=\"fill: #999;color:#999\" xmlns=\"http:\/\/www.w3.org\/2000\/svg\" class=\"list-377408\" width=\"20px\" height=\"20px\" viewBox=\"0 0 24 24\" fill=\"none\"><path d=\"M6 6H4v2h2V6zm14 0H8v2h12V6zM4 11h2v2H4v-2zm16 0H8v2h12v-2zM4 16h2v2H4v-2zm16 0H8v2h12v-2z\" fill=\"currentColor\"><\/path><\/svg><svg style=\"fill: #999;color:#999\" class=\"arrow-unsorted-368013\" xmlns=\"http:\/\/www.w3.org\/2000\/svg\" width=\"10px\" height=\"10px\" viewBox=\"0 0 24 24\" version=\"1.2\" baseProfile=\"tiny\"><path d=\"M18.2 9.3l-6.2-6.3-6.2 6.3c-.2.2-.3.4-.3.7s.1.5.3.7c.2.2.4.3.7.3h11c.3 0 .5-.1.7-.3.2-.2.3-.5.3-.7s-.1-.5-.3-.7zM5.8 14.7l6.2 6.3 6.2-6.3c.2-.2.3-.5.3-.7s-.1-.5-.3-.7c-.2-.2-.4-.3-.7-.3h-11c-.3 0-.5.1-.7.3-.2.2-.3.5-.3.7s.1.5.3.7z\"\/><\/svg><\/span><\/span><\/span><\/a><\/span><\/div>\n<nav><ul class='ez-toc-list ez-toc-list-level-1 eztoc-toggle-hide-by-default' ><li class='ez-toc-page-1 ez-toc-heading-level-3'><a class=\"ez-toc-link ez-toc-heading-1\" href=\"https:\/\/eurodirections.com\/sv\/amsterdam-reseguide\/#Bucket-list-of-Amsterdam-Travel\" >Bucket list of Amsterdam Travel<\/a><\/li><li class='ez-toc-page-1 ez-toc-heading-level-3'><a class=\"ez-toc-link ez-toc-heading-2\" href=\"https:\/\/eurodirections.com\/sv\/amsterdam-reseguide\/#Guide-for-billiga-flyg-till-Amsterdam\" >Guide f\u00f6r billiga flyg till Amsterdam<\/a><\/li><li class='ez-toc-page-1 ez-toc-heading-level-3'><a class=\"ez-toc-link ez-toc-heading-3\" href=\"https:\/\/eurodirections.com\/sv\/amsterdam-reseguide\/#Saker-som-du-inte-far-missa-i-Amsterdam\" >Saker som du inte f\u00e5r missa i Amsterdam<\/a><\/li><li class='ez-toc-page-1 ez-toc-heading-level-3'><a class=\"ez-toc-link ez-toc-heading-4\" href=\"https:\/\/eurodirections.com\/sv\/amsterdam-reseguide\/#At-som-en-lokal-i-Amsterdam\" >\u00c4t som en lokal i Amsterdam<\/a><\/li><li class='ez-toc-page-1 ez-toc-heading-level-3'><a class=\"ez-toc-link ez-toc-heading-5\" href=\"https:\/\/eurodirections.com\/sv\/amsterdam-reseguide\/#Boende-i-Amsterdam\" >Boende i Amsterdam<\/a><\/li><li class='ez-toc-page-1 ez-toc-heading-level-3'><a class=\"ez-toc-link ez-toc-heading-6\" href=\"https:\/\/eurodirections.com\/sv\/amsterdam-reseguide\/#Amsterdams-hotell-karta-med-rumspriser\" >Amsterdams hotell karta med rumspriser<\/a><\/li><\/ul><\/nav><\/div>\n<h3><span class=\"ez-toc-section\" id=\"Bucket-list-of-Amsterdam-Travel\"><\/span><b>Bucket list of Amsterdam Travel<\/b><span class=\"ez-toc-section-end\"><\/span><\/h3>\n<p><span style=\"font-weight: 400;\">I Amsterdam finns tusentals saker att g\u00f6ra och se.<br \/>\nEuropas mest sp\u00e4nnande stad med sev\u00e4rdheter i varje h\u00f6rn g\u00f6r att folk \u00e5terv\u00e4nder hit om och om igen.<br \/>\nOavsett om du letar efter en kulturresa, nattliv eller naturattraktioner hittar du allt p\u00e5 ett och samma st\u00e4lle. <\/span><\/p>\n<h3><span class=\"ez-toc-section\" id=\"Guide-for-billiga-flyg-till-Amsterdam\"><\/span>Guide f\u00f6r billiga flyg till Amsterdam<span class=\"ez-toc-section-end\"><\/span><\/h3>\n<p><span style=\"color: #999999;\">Amsterdam reseassistent f\u00f6r resen\u00e4rer som planerar en resa till Nederl\u00e4nderna &#8211; hitta billiga flyg till Amsterdam med hj\u00e4lp av guiden f\u00f6r billiga biljetter:<\/span><\/p>\n<p><script src=\"\/\/tp.media\/content?currency=eur&amp;promo_id=4044&amp;shmarker=14350&amp;campaign_id=100&amp;trs=147545&amp;target_host=air.eurodirections.com%2Fflights&amp;locale=sv&amp;limit=12&amp;powered_by=true&amp;secondary=%23FF4000&amp;destination=AMS\" charset=\"utf-8\"><\/script><\/p>\n<h3><span class=\"ez-toc-section\" id=\"Saker-som-du-inte-far-missa-i-Amsterdam\"><\/span><b>Saker som du inte f\u00e5r missa i Amsterdam<\/b><span class=\"ez-toc-section-end\"><\/span><\/h3>\n<ul>\n<li style=\"font-weight: 400;\" aria-level=\"1\"><span style=\"font-weight: 400;\">Ta en cykeltur i Amsterdam och utforska alla dolda p\u00e4rlor.<\/span><\/li>\n<li style=\"font-weight: 400;\" aria-level=\"1\"><span style=\"font-weight: 400;\">Koppla av och njut av solen och naturen i Vondelpark, den st\u00f6rsta stadsparken.<\/span><\/li>\n<li style=\"font-weight: 400;\" aria-level=\"1\"><span style=\"font-weight: 400;\">F\u00f6rlora dig i Jordaan-distriktet, som \u00e4r ett centrum f\u00f6r historia, kultur och mat.<\/span><\/li>\n<li style=\"font-weight: 400;\" aria-level=\"1\"><span style=\"font-weight: 400;\">Bes\u00f6k museet Anna Frank House d\u00e4r hon bodde i tv\u00e5 \u00e5r och skrev en dagbok som skulle bli en bestseller.<\/span><\/li>\n<li style=\"font-weight: 400;\" aria-level=\"1\"><span style=\"font-weight: 400;\">Hitta den st\u00f6rsta samlingen av Van Gogh-m\u00e5lningar p\u00e5 Van Gogh-museet.<\/span><\/li>\n<li style=\"font-weight: 400;\" aria-level=\"1\"><span style=\"font-weight: 400;\">Ta en nattvandring i De Negen Straatjes (de nio sm\u00e5 gatorna) f\u00f6r att utforska vackra gator och butiker. <\/span><\/li>\n<\/ul>\n<h3><span class=\"ez-toc-section\" id=\"At-som-en-lokal-i-Amsterdam\"><\/span><b>\u00c4t som en lokal i Amsterdam<\/b><span class=\"ez-toc-section-end\"><\/span><\/h3>\n<ul>\n<li style=\"font-weight: 400;\" aria-level=\"1\"><span style=\"font-weight: 400;\">\u00c4t middag p\u00e5 Jansz, en popul\u00e4r restaurang med uts\u00f6kt mat som en g\u00e5ng var en apotekare.<\/span><\/li>\n<li style=\"font-weight: 400;\" aria-level=\"1\"><span style=\"font-weight: 400;\">Om du vill ha en prisv\u00e4rd och v\u00e4lsmakande middag kan du g\u00e5 till Hap-Hmm och best\u00e4lla sm\u00f6rmjuk biff.<\/span><\/li>\n<li style=\"font-weight: 400;\" aria-level=\"1\"><span style=\"font-weight: 400;\">F\u00f6r fiskr\u00e4tter kan du bes\u00f6ka Pesca, &#8221;fiskens teater&#8221;, d\u00e4r du bjuds p\u00e5 ett glas champagne medan du v\u00e4ljer en matr\u00e4tt. <\/span><\/li>\n<li style=\"font-weight: 400;\" aria-level=\"1\"><span style=\"font-weight: 400;\">Ha en trevlig morgon i Frukostklubben med en v\u00e4lsmakande frukost och aromkaffe. <\/span><\/li>\n<li style=\"font-weight: 400;\" aria-level=\"1\"><span style=\"font-weight: 400;\">Ta en barrunda i Amsterdam och b\u00f6rja med Hiding in the Plain Sight, en bar i speakeasy-stil.<\/span><\/li>\n<\/ul>\n<h3><span class=\"ez-toc-section\" id=\"Boende-i-Amsterdam\"><\/span><b>Boende i Amsterdam<\/b><span class=\"ez-toc-section-end\"><\/span><\/h3>\n<ul>\n<li style=\"font-weight: 400;\" aria-level=\"1\"><span style=\"font-weight: 400;\"><strong>Hotel TwentySeven<\/strong> &#8211; Small Luxury Hotels of the World \u00e4r definitivt ditt val f\u00f6r att njuta av Amsterdam i absolut lyx.<\/span><\/li>\n<li style=\"font-weight: 400;\" aria-level=\"1\"><span style=\"font-weight: 400;\">Hitta den ofattbara kombinationen av f\u00e4rg och textur p\u00e5 4-stj\u00e4rniga <strong>Hotel Esther\u00e9a<\/strong>.<\/span><\/li>\n<li style=\"font-weight: 400;\" aria-level=\"1\"><span style=\"font-weight: 400;\">P\u00e5 det 3-stj\u00e4rniga <strong>Hotel Aalders<\/strong> kan man fortfarande ha r\u00e5d med komfort, med d\u00e4mpade f\u00e4rger i rummen.<\/span><\/li>\n<li style=\"font-weight: 400;\" aria-level=\"1\"><span style=\"font-weight: 400;\">V\u00e4lj konceptet <strong>BUNK Hotel Amsterdam<\/strong>, d\u00e4r prisv\u00e4rd lyx kombineras med unikt utformade v\u00e5ningss\u00e4ngar. <\/span><\/li>\n<li style=\"font-weight: 400;\" aria-level=\"1\"><span style=\"font-weight: 400;\">G\u00f6r en dagsutflykt till Scheveningen strand och bo p\u00e5 <strong>Hotel Ramada The Hague Scheveningen<\/strong>.<\/span><\/li>\n<\/ul>\n<p><script src=\"https:\/\/www.travelpayouts.com\/chansey\/iframe.js?v=1&amp;marker=14350&amp;host=air.eurodirections.com%2Fhotels&amp;locale=sv&amp;currency=eur&amp;nobooking=&amp;powered_by=false&amp;hotel_id=296344\" charset=\"utf-8\" async=\"\"><\/script><\/p>\n<p>\u2014<\/p>\n<h3><span class=\"ez-toc-section\" id=\"Amsterdams-hotell-karta-med-rumspriser\"><\/span>Amsterdams hotell karta med rumspriser<span class=\"ez-toc-section-end\"><\/span><\/h3>\n<p><script src=\"\/\/tp.media\/content?0=0&amp;1=10&amp;promo_id=4285&amp;shmarker=14350&amp;campaign_id=101&amp;search_host=air.eurodirections.com%2Fhotels&amp;locale=sv&amp;currency=eur&amp;draggable=true&amp;disable_zoom=false&amp;show_logo=false&amp;scrollwheel=false&amp;color=%230759B0&amp;contrast_color=%23ffffff&amp;width=720&amp;height=500&amp;zoom=14&amp;radius=60&amp;stars=0%2C1%2C2%2C3%2C4%2C5&amp;price_from=&amp;price_to=&amp;lat=52.373094&amp;lng=4.892535\" charset=\"utf-8\"><\/script><br \/>\n\u2014<\/p>\n<p>Utforska <strong><br \/>\n<a title=\"Utforska de b\u00e4sta st\u00e4derna i Europa\" href=\"https:\/\/eurodirections.com\/sv\/europas-basta-stader\/\" target=\"_blank\" rel=\"noopener\" data-schema-attribute=\"about\">de b\u00e4sta st\u00e4derna i Europa h\u00e4r<\/a><br \/>\n<\/strong> eller <strong>kolla flygpriserna<\/strong> \u2708 f\u00f6r ditt n\u00e4sta resm\u00e5l nedan:<\/p>\n<p><script src=\"\/\/tp.media\/content?currency=eur&amp;promo_id=7873&amp;shmarker=14350&amp;campaign_id=101&amp;trs=147545&amp;show_hotels=false&amp;locale=sv&amp;searchUrl=search.hotellook.com&amp;primary=%23FF6600&amp;secondary=%23FFFFFF&amp;dark=%23262626&amp;light=%23FFFFFF&amp;special=%23C4C4C4&amp;border_radius=5&amp;no_labels=&amp;plain=true&amp;powered_by=false\" charset=\"utf-8\"><\/script><\/p>\n","protected":false},"excerpt":{"rendered":"<p>Bucket list of Amsterdam Travel I Amsterdam finns tusentals saker att g\u00f6ra och se. Europas mest sp\u00e4nnande stad med sev\u00e4rdheter i varje h\u00f6rn g\u00f6r att folk \u00e5terv\u00e4nder hit om och om igen. Oavsett om du letar efter en kulturresa, nattliv eller naturattraktioner hittar du allt p\u00e5 ett och samma st\u00e4lle. Guide f\u00f6r billiga flyg till [&hellip;]<\/p>\n","protected":false},"author":1,"featured_media":6092,"parent":0,"menu_order":0,"comment_status":"closed","ping_status":"closed","template":"","meta":{"footnotes":""},"class_list":["post-22689","page","type-page","status-publish","has-post-thumbnail","hentry"],"_links":{"self":[{"href":"https:\/\/eurodirections.com\/sv\/wp-json\/wp\/v2\/pages\/22689","targetHints":{"allow":["GET"]}}],"collection":[{"href":"https:\/\/eurodirections.com\/sv\/wp-json\/wp\/v2\/pages"}],"about":[{"href":"https:\/\/eurodirections.com\/sv\/wp-json\/wp\/v2\/types\/page"}],"author":[{"embeddable":true,"href":"https:\/\/eurodirections.com\/sv\/wp-json\/wp\/v2\/users\/1"}],"replies":[{"embeddable":true,"href":"https:\/\/eurodirections.com\/sv\/wp-json\/wp\/v2\/comments?post=22689"}],"version-history":[{"count":0,"href":"https:\/\/eurodirections.com\/sv\/wp-json\/wp\/v2\/pages\/22689\/revisions"}],"wp:featuredmedia":[{"embeddable":true,"href":"https:\/\/eurodirections.com\/sv\/wp-json\/wp\/v2\/media\/6092"}],"wp:attachment":[{"href":"https:\/\/eurodirections.com\/sv\/wp-json\/wp\/v2\/media?parent=22689"}],"curies":[{"name":"wp","href":"https:\/\/api.w.org\/{rel}","templated":true}]}}