{"id":22269,"date":"2022-04-05T19:00:54","date_gmt":"2022-04-05T19:00:54","guid":{"rendered":"https:\/\/eurodirections.com\/lissabon-en-resa-pa-en-lista\/"},"modified":"2023-03-20T09:33:47","modified_gmt":"2023-03-20T09:33:47","slug":"lissabon","status":"publish","type":"page","link":"https:\/\/eurodirections.com\/sv\/lissabon\/","title":{"rendered":"Lissabon &#8211; en resa p\u00e5 en lista"},"content":{"rendered":"<div id=\"ez-toc-container\" class=\"ez-toc-v2_0_82_2 counter-hierarchy ez-toc-counter ez-toc-grey ez-toc-container-direction\">\n<div class=\"ez-toc-title-container\">\n<p class=\"ez-toc-title\" style=\"cursor:inherit\">Table of Contents<\/p>\n<span class=\"ez-toc-title-toggle\"><a href=\"#\" class=\"ez-toc-pull-right ez-toc-btn ez-toc-btn-xs ez-toc-btn-default ez-toc-toggle\" aria-label=\"Toggle Table of Content\"><span class=\"ez-toc-js-icon-con\"><span class=\"\"><span class=\"eztoc-hide\" style=\"display:none;\">Toggle<\/span><span class=\"ez-toc-icon-toggle-span\"><svg style=\"fill: #999;color:#999\" xmlns=\"http:\/\/www.w3.org\/2000\/svg\" class=\"list-377408\" width=\"20px\" height=\"20px\" viewBox=\"0 0 24 24\" fill=\"none\"><path d=\"M6 6H4v2h2V6zm14 0H8v2h12V6zM4 11h2v2H4v-2zm16 0H8v2h12v-2zM4 16h2v2H4v-2zm16 0H8v2h12v-2z\" fill=\"currentColor\"><\/path><\/svg><svg style=\"fill: #999;color:#999\" class=\"arrow-unsorted-368013\" xmlns=\"http:\/\/www.w3.org\/2000\/svg\" width=\"10px\" height=\"10px\" viewBox=\"0 0 24 24\" version=\"1.2\" baseProfile=\"tiny\"><path d=\"M18.2 9.3l-6.2-6.3-6.2 6.3c-.2.2-.3.4-.3.7s.1.5.3.7c.2.2.4.3.7.3h11c.3 0 .5-.1.7-.3.2-.2.3-.5.3-.7s-.1-.5-.3-.7zM5.8 14.7l6.2 6.3 6.2-6.3c.2-.2.3-.5.3-.7s-.1-.5-.3-.7c-.2-.2-.4-.3-.7-.3h-11c-.3 0-.5.1-.7.3-.2.2-.3.5-.3.7s.1.5.3.7z\"\/><\/svg><\/span><\/span><\/span><\/a><\/span><\/div>\n<nav><ul class='ez-toc-list ez-toc-list-level-1 eztoc-toggle-hide-by-default' ><li class='ez-toc-page-1 ez-toc-heading-level-2'><a class=\"ez-toc-link ez-toc-heading-1\" href=\"https:\/\/eurodirections.com\/sv\/lissabon\/#Utforska-Lissabon-en-lista-for-turister\" >Utforska Lissabon: en lista f\u00f6r turister<\/a><ul class='ez-toc-list-level-3' ><li class='ez-toc-heading-level-3'><a class=\"ez-toc-link ez-toc-heading-2\" href=\"https:\/\/eurodirections.com\/sv\/lissabon\/#Saker-som-du-inte-far-missa-i-Lissabon\" >Saker som du inte f\u00e5r missa i Lissabon<\/a><\/li><li class='ez-toc-page-1 ez-toc-heading-level-3'><a class=\"ez-toc-link ez-toc-heading-3\" href=\"https:\/\/eurodirections.com\/sv\/lissabon\/#At-som-en-lokal-invanare-i-Lissabon\" >\u00c4t som en lokal inv\u00e5nare i Lissabon<\/a><\/li><li class='ez-toc-page-1 ez-toc-heading-level-3'><a class=\"ez-toc-link ez-toc-heading-4\" href=\"https:\/\/eurodirections.com\/sv\/lissabon\/#Boende-i-Lissabon\" >Boende i Lissabon<\/a><\/li><li class='ez-toc-page-1 ez-toc-heading-level-3'><a class=\"ez-toc-link ez-toc-heading-5\" href=\"https:\/\/eurodirections.com\/sv\/lissabon\/#Flyg-till-Lissabon\" >Flyg till Lissabon<\/a><\/li><\/ul><\/li><\/ul><\/nav><\/div>\n<p>F\u00f6lj resemagasinet Euro Directions specialserie om <a title=\"Europas b\u00e4sta st\u00e4der\" href=\"https:\/\/eurodirections.com\/sv\/europas-basta-stader\/\" data-schema-attribute=\"about\">Europas b\u00e4sta resm\u00e5l<\/a>.<\/p>\n<h2><span class=\"ez-toc-section\" id=\"Utforska-Lissabon-en-lista-for-turister\"><\/span><b>Utforska Lissabon: en lista f\u00f6r turister<\/b><span class=\"ez-toc-section-end\"><\/span><\/h2>\n<p><span style=\"font-weight: 400;\">Portugals kusthuvudstad med pastellf\u00e4rgade byggnader och tegeltak \u00e4r Portugals st\u00f6rsta stad och landets politiska, ekonomiska och turistiska centrum. Staden har fortfarande kvar 1800-talsk\u00e4nslan, trots de moderna k\u00f6rningarna och byggnaderna. H\u00e4r hittar du unik arkitektur, rik historia, god mat och ett nattliv som du inte vill missa.<\/span><\/p>\n<h3><span class=\"ez-toc-section\" id=\"Saker-som-du-inte-far-missa-i-Lissabon\"><\/span><b>Saker som du inte f\u00e5r missa i Lissabon<\/b><span class=\"ez-toc-section-end\"><\/span><\/h3>\n<ul>\n<li style=\"font-weight: 400;\" aria-level=\"1\"><span style=\"font-weight: 400;\">Se Torre de Bel\u00e9m, ett vackert torn med en blandning av gotisk och romansk arkitektur. <\/span><\/li>\n<li style=\"font-weight: 400;\" aria-level=\"1\"><span style=\"font-weight: 400;\">\u00c5k med sp\u00e5rvagn 28 genom de branta, kullerstensbelagda v\u00e4garna och uppt\u00e4ck stadens historia medan du passerar de majest\u00e4tiska platserna. <\/span><\/li>\n<li style=\"font-weight: 400;\" aria-level=\"1\"><span style=\"font-weight: 400;\">Vandra runt i Alfama-distriktet, den \u00e4ldsta delen av staden med slingrande gator och smala gr\u00e4nder, kapell med tegelfasader och Lissabons katedral.<\/span><\/li>\n<li style=\"font-weight: 400;\" aria-level=\"1\"><span style=\"font-weight: 400;\">Njut av nattlivet i Bairro Alto och ta en Caipirinha p\u00e5 en av barerna i omr\u00e5det. <\/span><\/li>\n<li style=\"font-weight: 400;\" aria-level=\"1\"><span style=\"font-weight: 400;\">H\u00e4r hittar du Casa Independente, ett privat boende med m\u00f6blerade rum och en jordn\u00e4ra atmosf\u00e4r d\u00e4r du kan njuta av drinkar, cool musik och fester. <\/span><\/li>\n<\/ul>\n<p><iframe style=\"border: 1px solid #EEE; background: white;\" src=\"about:blank\" width=\"880\" height=\"270\" frameborder=\"0\" scrolling=\"no\" class=\"lazyload\" data-src=\"https:\/\/eurodirections.substack.com\/embed\"><span data-mce-type=\"bookmark\" style=\"display: inline-block; width: 0px; overflow: hidden; line-height: 0;\" class=\"mce_SELRES_start\"><\/span><span data-mce-type=\"bookmark\" style=\"display: inline-block; width: 0px; overflow: hidden; line-height: 0;\" class=\"mce_SELRES_start\" align=\"center\"><\/span><\/iframe><\/p>\n<h3><span class=\"ez-toc-section\" id=\"At-som-en-lokal-invanare-i-Lissabon\"><\/span><b>\u00c4t som en lokal inv\u00e5nare i Lissabon<\/b><span class=\"ez-toc-section-end\"><\/span><\/h3>\n<ul>\n<li style=\"font-weight: 400;\" aria-level=\"1\"><span style=\"font-weight: 400;\">Hitta \u00f6ver 40 matkategorier p\u00e5 Time Out Market Lisboa och \u00e4gna lite tid \u00e5t att prova minst h\u00e4lften av dem. <\/span><\/li>\n<li style=\"font-weight: 400;\" aria-level=\"1\"><span style=\"font-weight: 400;\">\u00c4t en av de mest fantastiska m\u00e5ltiderna p\u00e5 den Michelinstj\u00e4rniga restaurangen Loco med avantgardistiska portugisiska r\u00e4tter.<\/span><\/li>\n<li style=\"font-weight: 400;\" aria-level=\"1\"><span style=\"font-weight: 400;\">Bes\u00f6k Lissabons \u00e4ldsta restaurang Martinho da Arcada och njut av en kopp kaffe.<\/span><\/li>\n<li style=\"font-weight: 400;\" aria-level=\"1\"><span style=\"font-weight: 400;\">Prova den b\u00e4sta stekta torsken, kalvk\u00f6ttbiffar och rostad potatis p\u00e5 Z\u00e9 da Mouraria.<\/span><\/li>\n<li style=\"font-weight: 400;\" aria-level=\"1\"><span style=\"font-weight: 400;\">\u00c4t middag p\u00e5 Gambrinus med en krokett, Gambrinus tulip (bland\u00f6l) och titta p\u00e5 hur man f\u00f6rbereder ballongkaffet.<\/span><\/li>\n<li style=\"font-weight: 400;\" aria-level=\"1\"><span style=\"font-weight: 400;\">Ta en bild av pannkakor med mascarpone och jordgubbar p\u00e5 Nicolau Lisboa cafe.<\/span><\/li>\n<\/ul>\n<figure id=\"attachment_22201\" aria-describedby=\"caption-attachment-22201\" style=\"width: 1000px\" class=\"wp-caption alignnone\"><img fetchpriority=\"high\" decoding=\"async\" class=\"size-full wp-image-22201\" src=\"https:\/\/eurodirections.com\/wp-content\/uploads\/2023\/03\/welcome-to-lisbon-portugal.jpg\" alt=\"V\u00e4lkommen till Lissabon, Portugal, och njut av din resa med resemagasinet Euro Directions!\" width=\"1000\" height=\"667\" srcset=\"https:\/\/eurodirections.com\/wp-content\/uploads\/2023\/03\/welcome-to-lisbon-portugal.jpg 1000w, https:\/\/eurodirections.com\/wp-content\/uploads\/2023\/03\/welcome-to-lisbon-portugal-300x200.jpg 300w, https:\/\/eurodirections.com\/wp-content\/uploads\/2023\/03\/welcome-to-lisbon-portugal-768x512.jpg 768w\" sizes=\"(max-width: 1000px) 100vw, 1000px\" \/><figcaption id=\"caption-attachment-22201\" class=\"wp-caption-text\">V\u00e4lkommen till Lissabon, Portugal, och njut av din resa med resemagasinet Euro Directions! Foto av Vesela Vaclavik<\/figcaption><\/figure>\n<h3><span class=\"ez-toc-section\" id=\"Boende-i-Lissabon\"><\/span><b>Boende i Lissabon<\/b><span class=\"ez-toc-section-end\"><\/span><\/h3>\n<ul>\n<li style=\"font-weight: 400;\" aria-level=\"1\"><span style=\"font-weight: 400;\">V\u00e4lj den atmosf\u00e4riska atmosf\u00e4ren p\u00e5 det 5-stj\u00e4rniga Wine &amp; Books Lisboa Hotel som kommer att bli den b\u00e4sta formen f\u00f6r din semester i huvudstaden. <\/span><\/li>\n<li style=\"font-weight: 400;\" aria-level=\"1\"><span style=\"font-weight: 400;\">Det 4-stj\u00e4rniga Memmo Alfama &#8211; Design Hotel ligger i det historiska Alfama-distriktet och erbjuder dig en trevlig vistelse.<\/span><\/li>\n<li style=\"font-weight: 400;\" aria-level=\"1\"><span style=\"font-weight: 400;\">Be Poet Baixa Hotel har ett mer prisv\u00e4rt alternativ med en modern inredning, rika f\u00e4rger och dekorationer.<\/span><\/li>\n<li style=\"font-weight: 400;\" aria-level=\"1\"><span style=\"font-weight: 400;\">Spara p\u00e5 boendet i Lissabon och njut \u00e4nd\u00e5 av komfort n\u00e4r du bokar en s\u00e4ng i Yes! Vandrarhem i Lissabon.<\/span><\/li>\n<li style=\"font-weight: 400;\" aria-level=\"1\"><span style=\"font-weight: 400;\">Ta en dagsresa till Cascais och bo p\u00e5 ett lyxigt Westlight Cascais Chalet-hotell med fantastisk utsikt \u00f6ver stranden.<\/span><\/li>\n<\/ul>\n<p><script src=\"https:\/\/www.travelpayouts.com\/chansey\/iframe.js?v=1&amp;marker=14350&amp;host=air.eurodirections.com%2Fhotels&amp;locale=en&amp;currency=eur&amp;nobooking=&amp;powered_by=false&amp;hotel_id=1901035476\" charset=\"utf-8\" async=\"\"><\/script><\/p>\n<h3><span class=\"ez-toc-section\" id=\"Flyg-till-Lissabon\"><\/span>Flyg till Lissabon<span class=\"ez-toc-section-end\"><\/span><\/h3>\n<p>Bl\u00e4ddra bland flera <a title=\"Lissabon flyg katalog och kalender\" href=\"https:\/\/eurodirections.com\/sv\/flyg-till-lissabon\/\" target=\"_blank\" rel=\"noopener\">flygalternativ f\u00f6r att resa till Lissabon<\/a>.<\/p>\n<p><script src=\"https:\/\/tp.media\/content?trs=147545&amp;shmarker=14350&amp;destination=LIS&amp;locale=sv&amp;currency=eur&amp;limit=10&amp;primary=%23E9166Cff&amp;promo_id=7291&amp;campaign_id=200\" charset=\"utf-8\"><\/script><\/p>\n<p><script type=\"application\/ld+json\">\n{\n    \"@context\": \"http:\/\/schema.org\",\n    \"@type\": \"WebPage\",\n    \"name\": \"Lissabon guide\",\n    \"description\": \"Utforska Lissabon, Portugal - M\u00e5ste g\u00f6ra saker i Lissabon, hotellf\u00f6rslag, utvalda sev\u00e4rdheter och turistguide f\u00f6r turister.\",\n    \"publisher\": {\n        \"@type\": \"WebPage\",\n        \"name\": \"Eurodirections.com\"\n    }\n}\n<\/script><\/p>\n","protected":false},"excerpt":{"rendered":"<p>F\u00f6lj resemagasinet Euro Directions specialserie om Europas b\u00e4sta resm\u00e5l. Utforska Lissabon: en lista f\u00f6r turister Portugals kusthuvudstad med pastellf\u00e4rgade byggnader och tegeltak \u00e4r Portugals st\u00f6rsta stad och landets politiska, ekonomiska och turistiska centrum. Staden har fortfarande kvar 1800-talsk\u00e4nslan, trots de moderna k\u00f6rningarna och byggnaderna. H\u00e4r hittar du unik arkitektur, rik historia, god mat och ett [&hellip;]<\/p>\n","protected":false},"author":1,"featured_media":6244,"parent":0,"menu_order":0,"comment_status":"closed","ping_status":"closed","template":"","meta":{"footnotes":""},"class_list":["post-22269","page","type-page","status-publish","has-post-thumbnail","hentry"],"_links":{"self":[{"href":"https:\/\/eurodirections.com\/sv\/wp-json\/wp\/v2\/pages\/22269","targetHints":{"allow":["GET"]}}],"collection":[{"href":"https:\/\/eurodirections.com\/sv\/wp-json\/wp\/v2\/pages"}],"about":[{"href":"https:\/\/eurodirections.com\/sv\/wp-json\/wp\/v2\/types\/page"}],"author":[{"embeddable":true,"href":"https:\/\/eurodirections.com\/sv\/wp-json\/wp\/v2\/users\/1"}],"replies":[{"embeddable":true,"href":"https:\/\/eurodirections.com\/sv\/wp-json\/wp\/v2\/comments?post=22269"}],"version-history":[{"count":0,"href":"https:\/\/eurodirections.com\/sv\/wp-json\/wp\/v2\/pages\/22269\/revisions"}],"wp:featuredmedia":[{"embeddable":true,"href":"https:\/\/eurodirections.com\/sv\/wp-json\/wp\/v2\/media\/6244"}],"wp:attachment":[{"href":"https:\/\/eurodirections.com\/sv\/wp-json\/wp\/v2\/media?parent=22269"}],"curies":[{"name":"wp","href":"https:\/\/api.w.org\/{rel}","templated":true}]}}