{"id":19104,"date":"2022-04-05T19:28:50","date_gmt":"2022-04-05T19:28:50","guid":{"rendered":"https:\/\/eurodirections.com\/utforska-wien-en-lista-for-resenarer\/"},"modified":"2023-03-01T07:56:49","modified_gmt":"2023-03-01T07:56:49","slug":"utforska-wien","status":"publish","type":"page","link":"https:\/\/eurodirections.com\/sv\/utforska-wien\/","title":{"rendered":"Utforska Wien: en lista f\u00f6r resen\u00e4rer"},"content":{"rendered":"<div id=\"ez-toc-container\" class=\"ez-toc-v2_0_82_2 counter-hierarchy ez-toc-counter ez-toc-grey ez-toc-container-direction\">\n<div class=\"ez-toc-title-container\">\n<p class=\"ez-toc-title\" style=\"cursor:inherit\">Table of Contents<\/p>\n<span class=\"ez-toc-title-toggle\"><a href=\"#\" class=\"ez-toc-pull-right ez-toc-btn ez-toc-btn-xs ez-toc-btn-default ez-toc-toggle\" aria-label=\"Toggle Table of Content\"><span class=\"ez-toc-js-icon-con\"><span class=\"\"><span class=\"eztoc-hide\" style=\"display:none;\">Toggle<\/span><span class=\"ez-toc-icon-toggle-span\"><svg style=\"fill: #999;color:#999\" xmlns=\"http:\/\/www.w3.org\/2000\/svg\" class=\"list-377408\" width=\"20px\" height=\"20px\" viewBox=\"0 0 24 24\" fill=\"none\"><path d=\"M6 6H4v2h2V6zm14 0H8v2h12V6zM4 11h2v2H4v-2zm16 0H8v2h12v-2zM4 16h2v2H4v-2zm16 0H8v2h12v-2z\" fill=\"currentColor\"><\/path><\/svg><svg style=\"fill: #999;color:#999\" class=\"arrow-unsorted-368013\" xmlns=\"http:\/\/www.w3.org\/2000\/svg\" width=\"10px\" height=\"10px\" viewBox=\"0 0 24 24\" version=\"1.2\" baseProfile=\"tiny\"><path d=\"M18.2 9.3l-6.2-6.3-6.2 6.3c-.2.2-.3.4-.3.7s.1.5.3.7c.2.2.4.3.7.3h11c.3 0 .5-.1.7-.3.2-.2.3-.5.3-.7s-.1-.5-.3-.7zM5.8 14.7l6.2 6.3 6.2-6.3c.2-.2.3-.5.3-.7s-.1-.5-.3-.7c-.2-.2-.4-.3-.7-.3h-11c-.3 0-.5.1-.7.3-.2.2-.3.5-.3.7s.1.5.3.7z\"\/><\/svg><\/span><\/span><\/span><\/a><\/span><\/div>\n<nav><ul class='ez-toc-list ez-toc-list-level-1 eztoc-toggle-hide-by-default' ><li class='ez-toc-page-1 ez-toc-heading-level-2'><a class=\"ez-toc-link ez-toc-heading-1\" href=\"https:\/\/eurodirections.com\/sv\/utforska-wien\/#Wien-Bucket-List\" >Wien Bucket List<\/a><ul class='ez-toc-list-level-4' ><li class='ez-toc-heading-level-4'><ul class='ez-toc-list-level-4' ><li class='ez-toc-heading-level-4'><a class=\"ez-toc-link ez-toc-heading-2\" href=\"https:\/\/eurodirections.com\/sv\/utforska-wien\/#Information-om-resor-med-Explorer\" >Information om resor med Explorer<\/a><\/li><\/ul><\/li><li class='ez-toc-page-1 ez-toc-heading-level-3'><a class=\"ez-toc-link ez-toc-heading-3\" href=\"https:\/\/eurodirections.com\/sv\/utforska-wien\/#Saker-som-du-inte-far-missa-i-Wien\" >Saker som du inte f\u00e5r missa i Wien<\/a><\/li><li class='ez-toc-page-1 ez-toc-heading-level-3'><a class=\"ez-toc-link ez-toc-heading-4\" href=\"https:\/\/eurodirections.com\/sv\/utforska-wien\/#At-som-en-lokal-invanare-i-Wien\" >\u00c4t som en lokal inv\u00e5nare i Wien<\/a><\/li><li class='ez-toc-page-1 ez-toc-heading-level-3'><a class=\"ez-toc-link ez-toc-heading-5\" href=\"https:\/\/eurodirections.com\/sv\/utforska-wien\/#Vart-ska-du-bo-i-Wien\" >Vart ska du bo i Wien?<\/a><\/li><li class='ez-toc-page-1 ez-toc-heading-level-3'><a class=\"ez-toc-link ez-toc-heading-6\" href=\"https:\/\/eurodirections.com\/sv\/utforska-wien\/#Billiga-flyg-till-Wien\" >Billiga flyg till Wien<\/a><\/li><li class='ez-toc-page-1 ez-toc-heading-level-3'><a class=\"ez-toc-link ez-toc-heading-7\" href=\"https:\/\/eurodirections.com\/sv\/utforska-wien\/#Wiens-tunnelbana-U-Bahn\" >Wiens tunnelbana U-Bahn<\/a><\/li><\/ul><\/li><\/ul><\/nav><\/div>\n<p>Tidningen Eurodirections.com:s specialserie om <a title=\"Europas b\u00e4sta st\u00e4der\" href=\"https:\/\/eurodirections.com\/sv\/europas-basta-stader\/\" data-schema-attribute=\"about\">Europas b\u00e4sta resm\u00e5l<\/a>.<\/p>\n<h2><span class=\"ez-toc-section\" id=\"Wien-Bucket-List\"><\/span><b>Wien Bucket List<\/b><span class=\"ez-toc-section-end\"><\/span><\/h2>\n<h4><span class=\"ez-toc-section\" id=\"Information-om-resor-med-Explorer\"><\/span><b> Information om resor med Explorer<\/b><span class=\"ez-toc-section-end\"><\/span><\/h4>\n<p><span style=\"font-weight: 400;\">\u00d6sterrikes huvudstad Wien \u00e4r en stad som pr\u00e4glas av historia, kultur och livskvalitet, ett utm\u00e4rkt europeiskt resm\u00e5l d\u00e4r v\u00e4rldshistorien skrevs under ett halvt \u00e5rtusende. Det \u00e4r en plats d\u00e4r du kan utforska \u00e5rhundradenas unika arkitektur. Det moderna Wien har beh\u00e5llit sin kulturella m\u00e5ngfald och erbjuder en underbar blandning av stadsliv och imperiala traditioner. <\/span><\/p>\n<p><iframe style=\"border: 1px solid #EEE; background: white;\" src=\"about:blank\" width=\"880\" height=\"270\" frameborder=\"0\" scrolling=\"no\" class=\"lazyload\" data-src=\"https:\/\/eurodirections.substack.com\/embed\"><span data-mce-type=\"bookmark\" style=\"display: inline-block; width: 0px; overflow: hidden; line-height: 0;\" class=\"mce_SELRES_start\"><\/span><span data-mce-type=\"bookmark\" style=\"display: inline-block; width: 0px; overflow: hidden; line-height: 0;\" class=\"mce_SELRES_start\" align=\"center\"><\/span><\/iframe><\/p>\n<h3><span class=\"ez-toc-section\" id=\"Saker-som-du-inte-far-missa-i-Wien\"><\/span><b>Saker som du inte f\u00e5r missa i Wien<\/b><span class=\"ez-toc-section-end\"><\/span><\/h3>\n<ul>\n<li style=\"font-weight: 400;\" aria-level=\"1\"><span style=\"font-weight: 400;\">Bes\u00f6k den historiska Hofburg, som sedan 1275 varit residens f\u00f6r de \u00f6sterrikiska h\u00e4rskarna och som best\u00e5r av 18 grupper av byggnader.<\/span><\/li>\n<li style=\"font-weight: 400;\" aria-level=\"1\"><span style=\"font-weight: 400;\">Beundra den majest\u00e4tiska Stefanskatedralen, Wiens mest betydande gotiska byggnad.<\/span><\/li>\n<li style=\"font-weight: 400;\" aria-level=\"1\"><span style=\"font-weight: 400;\">Hitta den v\u00e4rldsber\u00f6mda m\u00e5lningen &#8221;Kyssen&#8221; av Gustav Klimt i \u00f6vre Belvederepalatset.<\/span><\/li>\n<li style=\"font-weight: 400;\" aria-level=\"1\"><span style=\"font-weight: 400;\">Ta en tur i Riesenrad Ferris i n\u00f6jesparken Prater f\u00f6r att se det fantastiska Wien-panoramat.<\/span><\/li>\n<li style=\"font-weight: 400;\" aria-level=\"1\"><span style=\"font-weight: 400;\">F\u00e5 en dos fluffighet i Wiens zoo med bed\u00e5rande pandabarn som sm\u00e4lter ditt hj\u00e4rta n\u00e4r du matar dem. <\/span><\/li>\n<li style=\"font-weight: 400;\" aria-level=\"1\"><span style=\"font-weight: 400;\">Utforska Sigmund Freuds museum f\u00f6r att f\u00f6rst\u00e5 tanken bakom hans psykoanalys. <\/span><\/li>\n<\/ul>\n<h3><span class=\"ez-toc-section\" id=\"At-som-en-lokal-invanare-i-Wien\"><\/span><b>\u00c4t som en lokal inv\u00e5nare i Wien<\/b><span class=\"ez-toc-section-end\"><\/span><\/h3>\n<ul>\n<li style=\"font-weight: 400;\" aria-level=\"1\"><span style=\"font-weight: 400;\">Smaka p\u00e5 Wiens signaturdessert, Sachertorte, med m\u00f6rk choklad och aprikosmarmelad. <\/span><\/li>\n<li style=\"font-weight: 400;\" aria-level=\"1\"><span style=\"font-weight: 400;\">Hitta Veganista, den veganska glassbaren som erbjuder v\u00e4xtbaserade och k\u00f6ttfria delikatesser, choklad och kakor.<\/span><\/li>\n<li style=\"font-weight: 400;\" aria-level=\"1\"><span style=\"font-weight: 400;\">Ta en vinprovningstur f\u00f6r att prova Weingut Cobenzls urval av viner.<\/span><\/li>\n<li style=\"font-weight: 400;\" aria-level=\"1\"><span style=\"font-weight: 400;\">Utforska Wiens m\u00e5ngsidiga kulinariska historia genom att vandra genom diskarna p\u00e5 Naschmarkts utomhusmarknad. <\/span><\/li>\n<li style=\"font-weight: 400;\" aria-level=\"1\"><span style=\"font-weight: 400;\">K\u00e4nn atmosf\u00e4ren och hitta Wiens sj\u00e4l p\u00e5 Cafe Central, stadens mest storslagna kaf\u00e9.<\/span><\/li>\n<\/ul>\n<h3><span class=\"ez-toc-section\" id=\"Vart-ska-du-bo-i-Wien\"><\/span><b>Vart ska du bo i Wien?<\/b><span class=\"ez-toc-section-end\"><\/span><\/h3>\n<ul>\n<li style=\"font-weight: 400;\" aria-level=\"1\"><span style=\"font-weight: 400;\">K\u00e4nn den sanna lyxen i Wien p\u00e5 det 5-stj\u00e4rniga Hotel Sacher Wien med elegant inredning och vacker utsikt \u00f6ver staden.<\/span><\/li>\n<li style=\"font-weight: 400;\" aria-level=\"1\"><span style=\"font-weight: 400;\">Njut av den moderna designen p\u00e5 det fyrstj\u00e4rniga Jaz in the City Vienna 4-stj\u00e4rniga hotellet i kulturens centrum. <\/span><\/li>\n<li style=\"font-weight: 400;\" aria-level=\"1\"><span style=\"font-weight: 400;\">Boutique Hotel Piano Nobile &#8211; am Stubenring erbjuder mysiga och varma rum med komfort och avskildhet.<\/span><\/li>\n<li style=\"font-weight: 400;\" aria-level=\"1\"><span style=\"font-weight: 400;\">Det perfekta alternativet f\u00f6r att spara pengar och f\u00e5 komfort \u00e4r att boka ett rum p\u00e5 K&amp;K Boardinghouse 2. <\/span><\/li>\n<li style=\"font-weight: 400;\" aria-level=\"1\"><span style=\"font-weight: 400;\">Res till det ber\u00f6mda G\u00e4nserndorf bei Wien och \u00f6vernatta p\u00e5 ett vackert G\u00e4stezimmer by J\u00f6chlinger-hotell. <\/span><\/li>\n<\/ul>\n<p><script src=\"https:\/\/www.travelpayouts.com\/chansey\/iframe.js?v=1&amp;marker=14350&amp;host=air.eurodirections.com%2Fhotels&amp;locale=sv&amp;currency=eur&amp;nobooking=&amp;powered_by=false&amp;hotel_id=4227\" charset=\"utf-8\" async=\"\"><span data-mce-type=\"bookmark\" style=\"display: inline-block; width: 0px; overflow: hidden; line-height: 0;\" class=\"mce_SELRES_start\">\ufeff<\/span><\/script><\/p>\n<h3><span class=\"ez-toc-section\" id=\"Billiga-flyg-till-Wien\"><\/span>Billiga flyg till Wien<br \/>\n<script src=\"https:\/\/tp.media\/content?currency=eur&amp;promo_id=4044&amp;shmarker=14350&amp;campaign_id=100&amp;trs=147545&amp;target_host=air.eurodirections.com%2Fflights&amp;locale=sv&amp;limit=10&amp;powered_by=false&amp;primary=%231086F4&amp;destination=VIE\" charset=\"utf-8\"><\/script><span class=\"ez-toc-section-end\"><\/span><\/h3>\n<h3><span class=\"ez-toc-section\" id=\"Wiens-tunnelbana-U-Bahn\"><\/span>Wiens tunnelbana U-Bahn<span class=\"ez-toc-section-end\"><\/span><\/h3>\n<p>Wien har ett omfattande tunnelbanen\u00e4t, U-Bahn, som \u00e4r k\u00e4nt f\u00f6r sin snabbhet, effektivitet och \u00f6verkomlighet n\u00e4r du reser genom staden. U-Bahn best\u00e5r av fem linjer och 83 stationer och trafikeras vanligtvis fr\u00e5n kl. 05.00 till midnatt, med ut\u00f6kad trafik p\u00e5 fredagar och l\u00f6rdagar.<\/p>\n<p>En av de fr\u00e4msta f\u00f6rdelarna med Wiens U-Bahn \u00e4r dess s\u00f6ml\u00f6sa anslutning till Wiens internationella flygplats. Genom att hoppa p\u00e5 U3-linjen kan pendlare enkelt ta sig till och fr\u00e5n centrum, med t\u00e5g var 6-10 minut under dagen och var 15-20 minut p\u00e5 natten. Restiden mellan Wiens flygplats och stadens centrum \u00e4r cirka 30 minuter, vilket g\u00f6r U-Bahn till ett optimalt och budgetv\u00e4nligt alternativ f\u00f6r flygplatstransfer.<\/p>\n<p><script type=\"application\/ld+json\">\n{\n    \"@context\": \"http:\/\/schema.org\",\n    \"@type\": \"WebPage\",\n    \"name\": \"Vienna guide\",\n    \"description\": \"Explore Vienna, Austria - short travel guide for tourist and visitor information about must-see places and sights, hotel and restaurant suggestions and cheap flights in Vienna.\",\n    \"publisher\": {\n        \"@type\": \"WebPage\",\n        \"name\": \"Eurodirections.com\"\n    }\n}\n<\/script><\/p>\n","protected":false},"excerpt":{"rendered":"<p>Tidningen Eurodirections.com:s specialserie om Europas b\u00e4sta resm\u00e5l. Wien Bucket List Information om resor med Explorer \u00d6sterrikes huvudstad Wien \u00e4r en stad som pr\u00e4glas av historia, kultur och livskvalitet, ett utm\u00e4rkt europeiskt resm\u00e5l d\u00e4r v\u00e4rldshistorien skrevs under ett halvt \u00e5rtusende. Det \u00e4r en plats d\u00e4r du kan utforska \u00e5rhundradenas unika arkitektur. Det moderna Wien har beh\u00e5llit [&hellip;]<\/p>\n","protected":false},"author":1,"featured_media":6248,"parent":0,"menu_order":0,"comment_status":"closed","ping_status":"closed","template":"","meta":{"footnotes":""},"class_list":["post-19104","page","type-page","status-publish","has-post-thumbnail","hentry"],"_links":{"self":[{"href":"https:\/\/eurodirections.com\/sv\/wp-json\/wp\/v2\/pages\/19104","targetHints":{"allow":["GET"]}}],"collection":[{"href":"https:\/\/eurodirections.com\/sv\/wp-json\/wp\/v2\/pages"}],"about":[{"href":"https:\/\/eurodirections.com\/sv\/wp-json\/wp\/v2\/types\/page"}],"author":[{"embeddable":true,"href":"https:\/\/eurodirections.com\/sv\/wp-json\/wp\/v2\/users\/1"}],"replies":[{"embeddable":true,"href":"https:\/\/eurodirections.com\/sv\/wp-json\/wp\/v2\/comments?post=19104"}],"version-history":[{"count":0,"href":"https:\/\/eurodirections.com\/sv\/wp-json\/wp\/v2\/pages\/19104\/revisions"}],"wp:featuredmedia":[{"embeddable":true,"href":"https:\/\/eurodirections.com\/sv\/wp-json\/wp\/v2\/media\/6248"}],"wp:attachment":[{"href":"https:\/\/eurodirections.com\/sv\/wp-json\/wp\/v2\/media?parent=19104"}],"curies":[{"name":"wp","href":"https:\/\/api.w.org\/{rel}","templated":true}]}}