{"id":16919,"date":"2023-01-16T21:06:10","date_gmt":"2023-01-16T21:06:10","guid":{"rendered":"https:\/\/eurodirections.com\/billiga-flygkalender-%e2%9c%88\/"},"modified":"2023-02-16T09:40:07","modified_gmt":"2023-02-16T09:40:07","slug":"billiga-flygkalender","status":"publish","type":"page","link":"https:\/\/eurodirections.com\/sv\/billiga-flygkalender\/","title":{"rendered":"Billiga flygkalender"},"content":{"rendered":"<div id=\"ez-toc-container\" class=\"ez-toc-v2_0_82_2 counter-hierarchy ez-toc-counter ez-toc-grey ez-toc-container-direction\">\n<div class=\"ez-toc-title-container\">\n<p class=\"ez-toc-title\" style=\"cursor:inherit\">Table of Contents<\/p>\n<span class=\"ez-toc-title-toggle\"><a href=\"#\" class=\"ez-toc-pull-right ez-toc-btn ez-toc-btn-xs ez-toc-btn-default ez-toc-toggle\" aria-label=\"Toggle Table of Content\"><span class=\"ez-toc-js-icon-con\"><span class=\"\"><span class=\"eztoc-hide\" style=\"display:none;\">Toggle<\/span><span class=\"ez-toc-icon-toggle-span\"><svg style=\"fill: #999;color:#999\" xmlns=\"http:\/\/www.w3.org\/2000\/svg\" class=\"list-377408\" width=\"20px\" height=\"20px\" viewBox=\"0 0 24 24\" fill=\"none\"><path d=\"M6 6H4v2h2V6zm14 0H8v2h12V6zM4 11h2v2H4v-2zm16 0H8v2h12v-2zM4 16h2v2H4v-2zm16 0H8v2h12v-2z\" fill=\"currentColor\"><\/path><\/svg><svg style=\"fill: #999;color:#999\" class=\"arrow-unsorted-368013\" xmlns=\"http:\/\/www.w3.org\/2000\/svg\" width=\"10px\" height=\"10px\" viewBox=\"0 0 24 24\" version=\"1.2\" baseProfile=\"tiny\"><path d=\"M18.2 9.3l-6.2-6.3-6.2 6.3c-.2.2-.3.4-.3.7s.1.5.3.7c.2.2.4.3.7.3h11c.3 0 .5-.1.7-.3.2-.2.3-.5.3-.7s-.1-.5-.3-.7zM5.8 14.7l6.2 6.3 6.2-6.3c.2-.2.3-.5.3-.7s-.1-.5-.3-.7c-.2-.2-.4-.3-.7-.3h-11c-.3 0-.5.1-.7.3-.2.2-.3.5-.3.7s.1.5.3.7z\"\/><\/svg><\/span><\/span><\/span><\/a><\/span><\/div>\n<nav><ul class='ez-toc-list ez-toc-list-level-1 eztoc-toggle-hide-by-default' ><li class='ez-toc-page-1 ez-toc-heading-level-2'><a class=\"ez-toc-link ez-toc-heading-1\" href=\"https:\/\/eurodirections.com\/sv\/billiga-flygkalender\/#Kalender-med-billiga-flyg\" >Kalender med billiga flyg<\/a><ul class='ez-toc-list-level-3' ><li class='ez-toc-heading-level-3'><a class=\"ez-toc-link ez-toc-heading-2\" href=\"https:\/\/eurodirections.com\/sv\/billiga-flygkalender\/#%F0%9F%93%85-Hur-anvander-du-kalendern-for-billiga-flygresor\" >\ud83d\udcc5 Hur anv\u00e4nder du kalendern f\u00f6r billiga flygresor?<\/a><\/li><li class='ez-toc-page-1 ez-toc-heading-level-3'><a class=\"ez-toc-link ez-toc-heading-3\" href=\"https:\/\/eurodirections.com\/sv\/billiga-flygkalender\/#%F0%9F%A7%B3-Fordelar-med-att-anvanda-billiga-flygkalendern\" >\ud83e\uddf3 F\u00f6rdelar med att anv\u00e4nda billiga flygkalendern<\/a><\/li><\/ul><\/li><li class='ez-toc-page-1 ez-toc-heading-level-2'><a class=\"ez-toc-link ez-toc-heading-4\" href=\"https:\/\/eurodirections.com\/sv\/billiga-flygkalender\/#Exempel-pa-anvandning-av-kalender-for-billiga-flygresor\" >Exempel p\u00e5 anv\u00e4ndning av kalender f\u00f6r billiga flygresor<\/a><\/li><\/ul><\/nav><\/div>\n<p>V\u00e5r billiga flygkalender \u00e4r ett kraftfullt reseplaneringsverktyg som hj\u00e4lper anv\u00e4ndare att j\u00e4mf\u00f6ra och v\u00e4lja det b\u00e4sta datumet f\u00f6r deras flyg till en specifik destination fr\u00e5n vilken plats som helst i v\u00e4rlden. Kalendern l\u00e5ter anv\u00e4ndare enkelt s\u00f6ka och j\u00e4mf\u00f6ra flyg fr\u00e5n alla flygbolag, resebyr\u00e5er och bokningssystem och identifiera de mest kostnadseffektiva datumen f\u00f6r sin resa.<\/p>\n<h2><span class=\"ez-toc-section\" id=\"Kalender-med-billiga-flyg\"><\/span>Kalender med billiga flyg<span class=\"ez-toc-section-end\"><\/span><\/h2>\n<p><script src=\"\/\/tp.media\/content?currency=eur&amp;promo_id=4041&amp;shmarker=14350&amp;campaign_id=100&amp;trs=147545&amp;searchUrl=air.eurodirections.com%2Fflights&amp;locale=en_us&amp;powered_by=false&amp;one_way=true&amp;only_direct=false&amp;period=year&amp;range=1%2C30&amp;primary=%23172940&amp;color_background=%23FFFFFF&amp;achieve=%230F5ABD&amp;dark=%23000000&amp;light=%23FFFFFF&amp;destination=LON\" charset=\"utf-8\"><span data-mce-type=\"bookmark\" style=\"display: inline-block; width: 0px; overflow: hidden; line-height: 0;\" class=\"mce_SELRES_start\">\ufeff<\/span><span data-mce-type=\"bookmark\" style=\"display: inline-block; width: 0px; overflow: hidden; line-height: 0;\" class=\"mce_SELRES_start\">\ufeff<\/span><span data-mce-type=\"bookmark\" style=\"display: inline-block; width: 0px; overflow: hidden; line-height: 0;\" class=\"mce_SELRES_start\">\ufeff<\/span><span data-mce-type=\"bookmark\" style=\"display: inline-block; width: 0px; overflow: hidden; line-height: 0;\" class=\"mce_SELRES_start\">\ufeff<\/span><span data-mce-type=\"bookmark\" style=\"display: inline-block; width: 0px; overflow: hidden; line-height: 0;\" class=\"mce_SELRES_start\">\ufeff<\/span><\/script><\/p>\n<h3><span class=\"ez-toc-section\" id=\"%F0%9F%93%85-Hur-anvander-du-kalendern-for-billiga-flygresor\"><\/span>\ud83d\udcc5 Hur anv\u00e4nder du kalendern f\u00f6r billiga flygresor?<span class=\"ez-toc-section-end\"><\/span><\/h3>\n<ol>\n<li>V\u00e4lj din plats l\u00e4ngst upp till v\u00e4nster i kalendern<\/li>\n<li>Se det billigaste priset f\u00f6r varje m\u00e5nad f\u00f6r flyget fr\u00e5n din plats<\/li>\n<li>Klicka p\u00e5 ett m\u00e5nadsf\u00f6nster f\u00f6r att se det exakta datumet f\u00f6r det mest prisv\u00e4rda flyget.<\/li>\n<li>Du kan klicka p\u00e5 datumf\u00f6nstret f\u00f6r att se flyginformationen<\/li>\n<li>Klicka p\u00e5 knappen Flyginformation f\u00f6r att se alla villkor f\u00f6r flygningen eller boka flygbiljetten.<\/li>\n<li>Du kan anv\u00e4nda inst\u00e4llningen l\u00e4ngst upp till v\u00e4nster i kalendern f\u00f6r att \u00e4ndra typ av flygning (enkelv\u00e4gs eller tv\u00e5v\u00e4gs)<\/li>\n<\/ol>\n<p>Med den billiga flygkalendern kan anv\u00e4ndare enkelt j\u00e4mf\u00f6ra biljettpriser och planera och organisera sin resa var som helst i v\u00e4rlden. Oavsett om du planerar en aff\u00e4rsresa eller en strandsemester \u00e4r v\u00e5r flygkalender det perfekta verktyget f\u00f6r att hj\u00e4lpa dig hitta det b\u00e4sta erbjudandet p\u00e5 flygbiljetter.<\/p>\n<h3><span class=\"ez-toc-section\" id=\"%F0%9F%A7%B3-Fordelar-med-att-anvanda-billiga-flygkalendern\"><\/span>\ud83e\uddf3 F\u00f6rdelar med att anv\u00e4nda billiga flygkalendern<span class=\"ez-toc-section-end\"><\/span><\/h3>\n<ul>\n<li>J\u00e4mf\u00f6r priser: Flygkalendern l\u00e5ter anv\u00e4ndare enkelt j\u00e4mf\u00f6ra priser fr\u00e5n olika flygbolag, resebyr\u00e5er och bokningssystem, vilket hj\u00e4lper dem att hitta det b\u00e4sta erbjudandet p\u00e5 flygbiljetter.<\/li>\n<li>Hitta de b\u00e4sta datumen: Kalendern l\u00e5ter anv\u00e4ndare s\u00f6ka efter flyg p\u00e5 olika datum, vilket hj\u00e4lper dem att identifiera de mest kostnadseffektiva datumen f\u00f6r sin resa.<\/li>\n<li>Bekv\u00e4mt: Kalendern \u00e4r l\u00e4tt att anv\u00e4nda och l\u00e5ter anv\u00e4ndare planera och organisera sin resa p\u00e5 en bekv\u00e4m plats.<\/li>\n<li>Spara tid: Kalendern eliminerar behovet f\u00f6r anv\u00e4ndare att s\u00f6ka p\u00e5 flera webbplatser f\u00f6r att hitta det b\u00e4sta erbjudandet p\u00e5 flygbiljetter, vilket sparar tid och anstr\u00e4ngning.<\/li>\n<li>F\u00e5 det b\u00e4sta erbjudandet: Kalendern hj\u00e4lper anv\u00e4ndare att hitta det billigaste flyget och f\u00e5 det b\u00e4sta erbjudandet f\u00f6r pengarna.<\/li>\n<li>Inget behov av flera s\u00f6kningar: Kalendern visar dig priserna f\u00f6r alla flygbolag och alla datum i m\u00e5naden p\u00e5 ett st\u00e4lle, du beh\u00f6ver inte s\u00f6ka p\u00e5 flera webbplatser.<\/li>\n<li>Hitta det b\u00e4sta flygschemat: Kalendern visar flygtidtabellerna, s\u00e5 att du kan v\u00e4lja den som b\u00e4st passar dina behov.<\/li>\n<\/ul>\n<h2><span class=\"ez-toc-section\" id=\"Exempel-pa-anvandning-av-kalender-for-billiga-flygresor\"><\/span>Exempel p\u00e5 anv\u00e4ndning av kalender f\u00f6r billiga flygresor<span class=\"ez-toc-section-end\"><\/span><\/h2>\n<p>Det \u00e4r enkelt att anv\u00e4nda den billiga flygkalendern. L\u00e5t oss s\u00e4ga att du planerar en resa fr\u00e5n New York City till London. H\u00e4r \u00e4r ett exempel p\u00e5 hur du kan anv\u00e4nda kalendern f\u00f6r att hitta det b\u00e4sta erbjudandet p\u00e5 flygbiljetter:<\/p>\n<figure id=\"attachment_10403\" aria-describedby=\"caption-attachment-10403\" style=\"width: 846px\" class=\"wp-caption alignnone\"><a href=\"https:\/\/eurodirections.com\/calendar\/cheap-flight-calendar-settings-screenshot\/\" rel=\"attachment wp-att-10403\"><img fetchpriority=\"high\" decoding=\"async\" class=\"size-full wp-image-10403\" src=\"https:\/\/eurodirections.com\/wp-content\/uploads\/2023\/01\/cheap-flight-calendar-settings-screenshot.jpg\" alt=\"Anv\u00e4ndning av kalendern f\u00f6r billiga flygresor i eurodirections.com\" width=\"846\" height=\"797\" srcset=\"https:\/\/eurodirections.com\/wp-content\/uploads\/2023\/01\/cheap-flight-calendar-settings-screenshot.jpg 846w, https:\/\/eurodirections.com\/wp-content\/uploads\/2023\/01\/cheap-flight-calendar-settings-screenshot-300x283.jpg 300w, https:\/\/eurodirections.com\/wp-content\/uploads\/2023\/01\/cheap-flight-calendar-settings-screenshot-768x724.jpg 768w\" sizes=\"(max-width: 846px) 100vw, 846px\" \/><\/a><figcaption id=\"caption-attachment-10403\" class=\"wp-caption-text\">Sk\u00e4rmdump. Anv\u00e4ndning av kalendern f\u00f6r billiga flygresor och inst\u00e4llning av flygparametrar i eurodirections.com<\/figcaption><\/figure>\n<ol>\n<li>Bes\u00f6k eurodirections.com och v\u00e4lj alternativet &#8221;Flight Calendar&#8221;.<\/li>\n<li>Klicka p\u00e5 ikonen Inst\u00e4llningar och ange &#8221;New York City&#8221; i f\u00e4ltet &#8221;Fr\u00e5n&#8221; och &#8221;London&#8221; i f\u00e4ltet &#8221;Till&#8221;.<\/li>\n<li>V\u00e4lj \u00f6nskat resealternativ: enkelresa eller dubbelresa.<\/li>\n<li>Om du v\u00e4ljer alternativet &#8221;Two-way&#8221; uppmanas du att ange l\u00e4ngden p\u00e5 resan.<\/li>\n<li>Du kan v\u00e4lja att endast se priserna f\u00f6r direktflyg i kalendern genom att klicka p\u00e5 kryssrutan &#8221;Direktflyg&#8221;.<\/li>\n<li>Kalendern visar alla tillg\u00e4ngliga flygningar fr\u00e5n New York City till London i m\u00e5nadsf\u00f6nstren. Den billigaste m\u00e5naden markeras.<\/li>\n<li>Om du klickar p\u00e5 en m\u00e5nad f\u00e5r du se m\u00e5nadens datum och det exakta datumet f\u00f6r det billigaste flyget.<\/li>\n<li>Om du klickar p\u00e5 datumet \u00f6ppnas en sida med s\u00f6kresultat med fullst\u00e4ndiga flyguppgifter.<\/li>\n<li>Du kan sortera flygningarna efter pris, tidtabell och flygbolag.<\/li>\n<li>J\u00e4mf\u00f6r priserna p\u00e5 de olika flygningarna och v\u00e4lj den som passar din budget och ditt schema b\u00e4st.<\/li>\n<li>N\u00e4r du har hittat det b\u00e4sta erbjudandet kan du forts\u00e4tta att boka din flygresa fr\u00e5n bokningssystemet som tillhandah\u00e5ller flygbiljetten.<\/li>\n<\/ol>\n<p>Du kan se en kalender med billiga flygresor med de b\u00e4sta priserna f\u00f6r f\u00f6ljande flyglinjer h\u00e4r: <a href=\"https:\/\/eurodirections.com\/berlin-tirana-flights-timetable\/\">Flyg fr\u00e5n Berlin till Tirana<\/a>, <a href=\"https:\/\/eurodirections.com\/fly-to-porto-portugal\/\">Flyg till Porto<\/a>, <a href=\"https:\/\/eurodirections.com\/paris-bangalore\/\">Flyg fr\u00e5n Paris till Bangalore<\/a> och m\u00e5nga andra <a href=\"https:\/\/eurodirections.com\/in\/flights\/\">flygv\u00e4gar h\u00e4r<\/a>.<\/p>\n<p>V\u00e5r kalender uppdateras st\u00e4ndigt med de senaste priserna och flygtidtabellerna, s\u00e5 att du kan vara s\u00e4ker p\u00e5 att du f\u00e5r den senaste informationen. Vi hoppas att du kan anv\u00e4nda v\u00e5r billiga flygkalender effektivt och hitta det perfekta flyget f\u00f6r din resa till vilken destination som helst. Trevliga resor!<\/p>\n","protected":false},"excerpt":{"rendered":"<p>V\u00e5r billiga flygkalender \u00e4r ett kraftfullt reseplaneringsverktyg som hj\u00e4lper anv\u00e4ndare att j\u00e4mf\u00f6ra och v\u00e4lja det b\u00e4sta datumet f\u00f6r deras flyg till en specifik destination fr\u00e5n vilken plats som helst i v\u00e4rlden. Kalendern l\u00e5ter anv\u00e4ndare enkelt s\u00f6ka och j\u00e4mf\u00f6ra flyg fr\u00e5n alla flygbolag, resebyr\u00e5er och bokningssystem och identifiera de mest kostnadseffektiva datumen f\u00f6r sin resa. Kalender [&hellip;]<\/p>\n","protected":false},"author":1,"featured_media":29105,"parent":0,"menu_order":0,"comment_status":"closed","ping_status":"closed","template":"","meta":{"footnotes":""},"class_list":["post-16919","page","type-page","status-publish","has-post-thumbnail","hentry"],"_links":{"self":[{"href":"https:\/\/eurodirections.com\/sv\/wp-json\/wp\/v2\/pages\/16919","targetHints":{"allow":["GET"]}}],"collection":[{"href":"https:\/\/eurodirections.com\/sv\/wp-json\/wp\/v2\/pages"}],"about":[{"href":"https:\/\/eurodirections.com\/sv\/wp-json\/wp\/v2\/types\/page"}],"author":[{"embeddable":true,"href":"https:\/\/eurodirections.com\/sv\/wp-json\/wp\/v2\/users\/1"}],"replies":[{"embeddable":true,"href":"https:\/\/eurodirections.com\/sv\/wp-json\/wp\/v2\/comments?post=16919"}],"version-history":[{"count":0,"href":"https:\/\/eurodirections.com\/sv\/wp-json\/wp\/v2\/pages\/16919\/revisions"}],"wp:featuredmedia":[{"embeddable":true,"href":"https:\/\/eurodirections.com\/sv\/wp-json\/wp\/v2\/media\/29105"}],"wp:attachment":[{"href":"https:\/\/eurodirections.com\/sv\/wp-json\/wp\/v2\/media?parent=16919"}],"curies":[{"name":"wp","href":"https:\/\/api.w.org\/{rel}","templated":true}]}}