{"id":16057,"date":"2022-04-15T07:11:32","date_gmt":"2022-04-15T07:11:32","guid":{"rendered":"https:\/\/eurodirections.com\/rhodos-bucket-list\/"},"modified":"2023-02-13T16:43:40","modified_gmt":"2023-02-13T16:43:40","slug":"rhodos-bucket-list","status":"publish","type":"page","link":"https:\/\/eurodirections.com\/sv\/rhodos-bucket-list\/","title":{"rendered":"Rhodos bucket list"},"content":{"rendered":"<div id=\"ez-toc-container\" class=\"ez-toc-v2_0_82_2 counter-hierarchy ez-toc-counter ez-toc-grey ez-toc-container-direction\">\n<div class=\"ez-toc-title-container\">\n<p class=\"ez-toc-title\" style=\"cursor:inherit\">Table of Contents<\/p>\n<span class=\"ez-toc-title-toggle\"><a href=\"#\" class=\"ez-toc-pull-right ez-toc-btn ez-toc-btn-xs ez-toc-btn-default ez-toc-toggle\" aria-label=\"Toggle Table of Content\"><span class=\"ez-toc-js-icon-con\"><span class=\"\"><span class=\"eztoc-hide\" style=\"display:none;\">Toggle<\/span><span class=\"ez-toc-icon-toggle-span\"><svg style=\"fill: #999;color:#999\" xmlns=\"http:\/\/www.w3.org\/2000\/svg\" class=\"list-377408\" width=\"20px\" height=\"20px\" viewBox=\"0 0 24 24\" fill=\"none\"><path d=\"M6 6H4v2h2V6zm14 0H8v2h12V6zM4 11h2v2H4v-2zm16 0H8v2h12v-2zM4 16h2v2H4v-2zm16 0H8v2h12v-2z\" fill=\"currentColor\"><\/path><\/svg><svg style=\"fill: #999;color:#999\" class=\"arrow-unsorted-368013\" xmlns=\"http:\/\/www.w3.org\/2000\/svg\" width=\"10px\" height=\"10px\" viewBox=\"0 0 24 24\" version=\"1.2\" baseProfile=\"tiny\"><path d=\"M18.2 9.3l-6.2-6.3-6.2 6.3c-.2.2-.3.4-.3.7s.1.5.3.7c.2.2.4.3.7.3h11c.3 0 .5-.1.7-.3.2-.2.3-.5.3-.7s-.1-.5-.3-.7zM5.8 14.7l6.2 6.3 6.2-6.3c.2-.2.3-.5.3-.7s-.1-.5-.3-.7c-.2-.2-.4-.3-.7-.3h-11c-.3 0-.5.1-.7.3-.2.2-.3.5-.3.7s.1.5.3.7z\"\/><\/svg><\/span><\/span><\/span><\/a><\/span><\/div>\n<nav><ul class='ez-toc-list ez-toc-list-level-1 eztoc-toggle-hide-by-default' ><li class='ez-toc-page-1 ez-toc-heading-level-2'><a class=\"ez-toc-link ez-toc-heading-1\" href=\"https:\/\/eurodirections.com\/sv\/rhodos-bucket-list\/#Utforska-Rhodos-en-lista-for-turister\" >Utforska Rhodos: en lista f\u00f6r turister<\/a><ul class='ez-toc-list-level-3' ><li class='ez-toc-heading-level-3'><a class=\"ez-toc-link ez-toc-heading-2\" href=\"https:\/\/eurodirections.com\/sv\/rhodos-bucket-list\/#Saker-som-du-inte-far-missa-pa-Rhodos\" >Saker som du inte f\u00e5r missa p\u00e5 Rhodos<\/a><\/li><li class='ez-toc-page-1 ez-toc-heading-level-3'><a class=\"ez-toc-link ez-toc-heading-3\" href=\"https:\/\/eurodirections.com\/sv\/rhodos-bucket-list\/#Vad-ska-man-ata-pa-Rhodos\" >Vad ska man \u00e4ta p\u00e5 Rhodos?<\/a><\/li><li class='ez-toc-page-1 ez-toc-heading-level-3'><a class=\"ez-toc-link ez-toc-heading-4\" href=\"https:\/\/eurodirections.com\/sv\/rhodos-bucket-list\/#Boende-pa-Rhodos\" >Boende p\u00e5 Rhodos<\/a><\/li><li class='ez-toc-page-1 ez-toc-heading-level-3'><a class=\"ez-toc-link ez-toc-heading-5\" href=\"https:\/\/eurodirections.com\/sv\/rhodos-bucket-list\/#Karta-over-hotell-pa-Rhodos-Island-med-priser\" >Karta \u00f6ver hotell p\u00e5 Rhodos Island med priser<\/a><\/li><li class='ez-toc-page-1 ez-toc-heading-level-3'><a class=\"ez-toc-link ez-toc-heading-6\" href=\"https:\/\/eurodirections.com\/sv\/rhodos-bucket-list\/#Lista-over-billiga-flyg-till-Rhodos\" >Lista \u00f6ver billiga flyg till Rhodos<\/a><\/li><\/ul><\/li><\/ul><\/nav><\/div>\n<h2><span class=\"ez-toc-section\" id=\"Utforska-Rhodos-en-lista-for-turister\"><\/span><b>Utforska Rhodos: en lista f\u00f6r turister<\/b><span class=\"ez-toc-section-end\"><\/span><\/h2>\n<p><span style=\"font-weight: 400;\">Rhodos \u00e4r den st\u00f6rsta av Dodekanesos\u00f6arna, som bes\u00f6ks av \u00f6ver 2 miljoner turister varje \u00e5r. Den fantastiska grekiska \u00f6n simmar inte bara och njuter av hisnande natur, utan ocks\u00e5 en UNESCO-listad gammal stad med tusen\u00e5rig historia, arkitektur och 100 fler anledningar att bes\u00f6ka Rhodos. <\/span><\/p>\n<blockquote><p>Se \u00e4ven: <a href=\"https:\/\/eurodirections.com\/travel-to-rhodes-greece\/#Best-season-for-visiting-Rhodes\" target=\"_blank\" rel=\"noopener\">Vet du vilken som \u00e4r den b\u00e4sta s\u00e4songen f\u00f6r att resa till Rhodos?<\/a><\/p><\/blockquote>\n<h3><span class=\"ez-toc-section\" id=\"Saker-som-du-inte-far-missa-pa-Rhodos\"><\/span><b>Saker som du inte f\u00e5r missa p\u00e5 Rhodos<\/b><span class=\"ez-toc-section-end\"><\/span><\/h3>\n<figure id=\"attachment_1876\" aria-describedby=\"caption-attachment-1876\" style=\"width: 971px\" class=\"wp-caption alignnone\"><img fetchpriority=\"high\" decoding=\"async\" class=\"size-full wp-image-1876\" src=\"http:\/\/eurodirections.com\/wp-content\/uploads\/2022\/04\/rhodes-city-greece.jpg\" alt=\"Gatorna i Rhodos stad, Grekland\" width=\"971\" height=\"618\" srcset=\"https:\/\/eurodirections.com\/wp-content\/uploads\/2022\/04\/rhodes-city-greece.jpg 971w, https:\/\/eurodirections.com\/wp-content\/uploads\/2022\/04\/rhodes-city-greece-300x191.jpg 300w, https:\/\/eurodirections.com\/wp-content\/uploads\/2022\/04\/rhodes-city-greece-768x489.jpg 768w, https:\/\/eurodirections.com\/wp-content\/uploads\/2022\/04\/rhodes-city-greece-100x65.jpg 100w\" sizes=\"(max-width: 971px) 100vw, 971px\" \/><figcaption id=\"caption-attachment-1876\" class=\"wp-caption-text\">Gatorna i Rhodos stad, Grekland. Foto av PixMeta<\/figcaption><\/figure>\n<ul>\n<li style=\"font-weight: 400;\" aria-level=\"1\"><span style=\"font-weight: 400;\">Vandra runt den antika Akropolis i Lindos med ruinerna utspridda \u00f6ver kusten. <\/span><\/li>\n<li style=\"font-weight: 400;\" aria-level=\"1\"><span style=\"font-weight: 400;\">Missa inte St Paul&#8217;s Beach, en perfekt strand med rent vatten och gl\u00f6dande guldsand.<\/span><\/li>\n<li style=\"font-weight: 400;\" aria-level=\"1\"><span style=\"font-weight: 400;\">Behandla din kropp med Kalithea varma k\u00e4llor med botande egenskaper.<\/span><\/li>\n<li style=\"font-weight: 400;\" aria-level=\"1\"><span style=\"font-weight: 400;\">Fyll den ofattbara romantiken i Fj\u00e4rilsdalen fylld med f\u00e4rgglada fj\u00e4rilar fr\u00e5n slutet av juni till mitten av augusti. <\/span><\/li>\n<li style=\"font-weight: 400;\" aria-level=\"1\"><span style=\"font-weight: 400;\">Omfamna sk\u00f6nheten i solnedg\u00e5ngen n\u00e4r du promenerar i Rhodos gamla stadsdel.<\/span><\/li>\n<li style=\"font-weight: 400;\" aria-level=\"1\"><span style=\"font-weight: 400;\">Hitta ett vackert Tsambika-kloster, en rent vit kyrka med r\u00f6tt tak och en fantastisk utsikt \u00f6ver bergen. <\/span><\/li>\n<\/ul>\n<h3><span class=\"ez-toc-section\" id=\"Vad-ska-man-ata-pa-Rhodos\"><\/span><b>Vad ska man \u00e4ta p\u00e5 Rhodos?<\/b><span class=\"ez-toc-section-end\"><\/span><\/h3>\n<ul>\n<li style=\"font-weight: 400;\" aria-level=\"1\"><span style=\"font-weight: 400;\">Hitta den b\u00e4sta meze i Traditional Cafe Symi som ligger p\u00e5 New Market.<\/span><\/li>\n<li style=\"font-weight: 400;\" aria-level=\"1\"><span style=\"font-weight: 400;\">Prova exklusiva r\u00e4tter som serveras p\u00e5 det mest attraktiva s\u00e4ttet i Noble Gourmet Restaurant.<\/span><\/li>\n<li style=\"font-weight: 400;\" aria-level=\"1\"><span style=\"font-weight: 400;\">Smaka p\u00e5 alla ursprungliga lokala delikatesser i Paraga, en mysig och nostalgisk restaurang med vedeldade ugnar.<\/span><\/li>\n<li style=\"font-weight: 400;\" aria-level=\"1\"><span style=\"font-weight: 400;\">Bakom en vacker mur i en venetiansk byggnad hittar du en pittoresk innerg\u00e5rd i Marco Polo Mansion, inspirerad av Andalusien och s\u00f6dra Frankrike.<\/span><\/li>\n<li style=\"font-weight: 400;\" aria-level=\"1\"><span style=\"font-weight: 400;\">\u00c4lskare av skaldjur kommer att \u00e4lska det \u00f6verfl\u00f6d av r\u00e4tter med grekiska smaker i Hatzikeli, en skaldjurskrog.<\/span><\/li>\n<\/ul>\n<h3><span class=\"ez-toc-section\" id=\"Boende-pa-Rhodos\"><\/span><b>Boende p\u00e5 Rhodos<\/b><span class=\"ez-toc-section-end\"><\/span><\/h3>\n<figure id=\"attachment_1877\" aria-describedby=\"caption-attachment-1877\" style=\"width: 939px\" class=\"wp-caption alignnone\"><img decoding=\"async\" class=\"size-full wp-image-1877\" src=\"http:\/\/eurodirections.com\/wp-content\/uploads\/2022\/04\/lyndos-rhodes-greece.jpg\" alt=\"Stranden i Lyndos stad, Rhodos Island Grekland\" width=\"939\" height=\"621\" srcset=\"https:\/\/eurodirections.com\/wp-content\/uploads\/2022\/04\/lyndos-rhodes-greece.jpg 939w, https:\/\/eurodirections.com\/wp-content\/uploads\/2022\/04\/lyndos-rhodes-greece-300x198.jpg 300w, https:\/\/eurodirections.com\/wp-content\/uploads\/2022\/04\/lyndos-rhodes-greece-768x508.jpg 768w, https:\/\/eurodirections.com\/wp-content\/uploads\/2022\/04\/lyndos-rhodes-greece-100x65.jpg 100w\" sizes=\"(max-width: 939px) 100vw, 939px\" \/><figcaption id=\"caption-attachment-1877\" class=\"wp-caption-text\">Stranden i Lyndos stad, \u00f6n Rhodos Grekland. Bild fr\u00e5n Photo-Week.net<\/figcaption><\/figure>\n<ul>\n<li style=\"font-weight: 400;\" aria-level=\"1\"><span style=\"font-weight: 400;\">F\u00f6rvandla din semester till gudomliga stunder p\u00e5 Nama Retreat, ett 5-stj\u00e4rnigt uts\u00f6kt hotell.<\/span><\/li>\n<li style=\"font-weight: 400;\" aria-level=\"1\"><span style=\"font-weight: 400;\">Kolymbia Bay Art &#8211; Det 4-stj\u00e4rniga hotellet f\u00f6r vuxna ligger bara 2 minuters promenad fr\u00e5n stranden och \u00e4r ett utm\u00e4rkt alternativ f\u00f6r en of\u00f6rgl\u00f6mlig semester.<\/span><\/li>\n<li style=\"font-weight: 400;\" aria-level=\"1\"><span style=\"font-weight: 400;\">Om du vill ha komfort till ett rimligt pris kan du v\u00e4lja ett 3-stj\u00e4rnigt International Hotel.<\/span><\/li>\n<li style=\"font-weight: 400;\" aria-level=\"1\"><span style=\"font-weight: 400;\">Stay Hostel \u00e4r en utm\u00e4rkt plats f\u00f6r singel- eller gruppresor som ett budgetv\u00e4nligt boende. <\/span><\/li>\n<li style=\"font-weight: 400;\" aria-level=\"1\"><span style=\"font-weight: 400;\">V\u00e4lj att bo i Lindos, himmelriket p\u00e5 jorden, med det himmelskt bed\u00e5rande F Charm Hotel &#8211; Adults only med en autentisk atmosf\u00e4r.<\/span><\/li>\n<\/ul>\n<h3><span class=\"ez-toc-section\" id=\"Karta-over-hotell-pa-Rhodos-Island-med-priser\"><\/span>Karta \u00f6ver hotell p\u00e5 Rhodos Island med priser<span class=\"ez-toc-section-end\"><\/span><\/h3>\n<p><script src=\"\/\/tp.media\/content?0=0&amp;1=10&amp;promo_id=4285&amp;shmarker=14350.rhodesmap&amp;campaign_id=101&amp;search_host=search.hotellook.com&amp;locale=en&amp;currency=eur&amp;draggable=true&amp;disable_zoom=false&amp;show_logo=false&amp;scrollwheel=false&amp;color=%23F56E14&amp;contrast_color=%23ffffff&amp;width=720&amp;height=500&amp;zoom=13&amp;radius=60&amp;stars=0%2C1%2C2%2C3%2C4%2C5&amp;price_from=&amp;price_to=&amp;lat=36.44288&amp;lng=28.22654\" charset=\"utf-8\"><\/script><\/p>\n<h3><span class=\"ez-toc-section\" id=\"Lista-over-billiga-flyg-till-Rhodos\"><\/span>Lista \u00f6ver billiga flyg till Rhodos<span class=\"ez-toc-section-end\"><\/span><\/h3>\n<p><script src=\"https:\/\/tp.media\/content?currency=eur&amp;promo_id=4044&amp;shmarker=14350&amp;campaign_id=100&amp;trs=147545&amp;target_host=air.eurodirections.com%2Fflights&amp;locale=en&amp;limit=12&amp;powered_by=false&amp;primary=%230085FF&amp;destination=RHO\" charset=\"utf-8\"><\/script><\/p>\n<p><a title=\"Alla flyg till Rhodos\" href=\"https:\/\/eurodirections.com\/sv\/flyg-till-rhodos-grekland\/\" target=\"_blank\" rel=\"noopener\">Bl\u00e4ddra bland alla direktflyg till Rhodos, Grekland<\/a> &#8211; J\u00e4mf\u00f6r priserna p\u00e5 flygbiljetter till Rhodos p\u00e5 s\u00e4kra onlinebokningsplattformar och resebyr\u00e5er.<\/p>\n<p><script type=\"application\/ld+json\">\n    {\n      \"@context\": \"https:\/\/schema.org\",\n      \"@type\": \"FAQPage\",\n      \"@id\" : \"#faq\",\n      \"url\" : \"https:\/\/www.eurodirections.com\/rhodes\/\",\n      \"name\" : \"Rhodes Travel FAQ\",\n      \"mainEntity\": [{\n        \"@type\": \"Question\",\n        \"name\": \"Things to do in Rhodes?\",\n        \"acceptedAnswer\": {\n          \"@type\": \"Answer\",\n          \"text\": \"The list of things not to miss in Rhodes:\nWander about the ancient Acropolis of Lindos with the ruins spread across the coastline. \nDon\u2019t miss out on St Paul\u2019s Beach, a picture-perfect beach with pure waters and glowing gold sand.\nTreat your body with Kalithea hot springs with curative properties.\nFill the unimaginable romance in the Valley of Butterflies filled with colorful butterflies from late June to mid-August. \nEmbrace the beauty of the sunset strolling about the Rhodes Old Town.\nFind a beautiful Tsambika Monastery, a pure white church with a red roof and a fantastic view of the mountains.\"\n        }\n      }, {\n        \"@type\": \"Question\",\n        \"name\": \"What to eat like a local in Rhodes?\",\n        \"acceptedAnswer\": {\n          \"@type\": \"Answer\",\n          \"text\": \"Eat and feel like a local in Rhodes:\nFind the best meze in the Traditional Cafe Symi located in the New Market.\nTry exclusive dishes served in the most attractive way in Noble Gourmet Restaurant.\nTaste all the original local delicacies in Paraga, a cozy and nostalgic restaurant with wood-fired ovens.\nBehind a beautiful wall of a Venetian building, you will find a picturesque courtyard of Marco Polo Mansion, inspired by Andalusia and Southern France.\nThe lovers of seafood will adore the abundance of dishes with Greek flavors in Hatzikeli, a seafood tavern.\"\n        }\n      }\n]\n    }\n<\/script><\/p>\n<p><script type=\"application\/ld+json\">\n{\n    \"@context\": \"http:\/\/schema.org\",\n    \"@type\": \"WebPage\",\n    \"name\": \"Rhodes bucket list\",\n    \"description\": \"Explore the bucket list of Rhodes island, Greece. Get to know what are the most authentic places, what restaurants to choose and what to do in Rhodes.\",\n    \"publisher\": {\n        \"@type\": \"WebPage\",\n        \"name\": \"Eurodirections.com\"\n    }\n}\n<\/script><\/p>\n<blockquote><p><strong>\u00c4lskar du Grekland?<\/strong> Forts\u00e4tt l\u00e4sa om <a title=\"Utforska Aten, Grekland\" href=\"https:\/\/eurodirections.com\/athens\/\" data-schema-attribute=\"about\">Aten<\/a>, <a title=\"Bucket list i Patras, Grekland\" href=\"https:\/\/eurodirections.com\/patras\/\" data-schema-attribute=\"about\">Patras<\/a>, <a title=\"Thessaloniki bucket list\" href=\"https:\/\/eurodirections.com\/thessaloniki\/\" data-schema-attribute=\"about\">Thessaloniki<\/a>, <a title=\"Kavala reseguide och bucketlist\" href=\"https:\/\/eurodirections.com\/kavala\/\" data-schema-attribute=\"about\">Kavala<\/a> och <a title=\"Hinklista i Heraklion, Kreta, Grekland\" href=\"https:\/\/eurodirections.com\/heraklion\/\" data-schema-attribute=\"about\">Heraklion<\/a>.<br \/>\n<strong>L\u00e4s ocks\u00e5:<\/strong> <a title=\"\u00d6versikt \u00f6ver 6 underbara st\u00e4der i Grekland\" href=\"https:\/\/eurodirections.com\/explore-cities-of-greece\/\" target=\"_blank\" rel=\"noopener\" data-schema-attribute=\"mentions\">6 underbara st\u00e4der i Grekland<\/a><\/p><\/blockquote>\n","protected":false},"excerpt":{"rendered":"<p>Utforska Rhodos: en lista f\u00f6r turister Rhodos \u00e4r den st\u00f6rsta av Dodekanesos\u00f6arna, som bes\u00f6ks av \u00f6ver 2 miljoner turister varje \u00e5r. Den fantastiska grekiska \u00f6n simmar inte bara och njuter av hisnande natur, utan ocks\u00e5 en UNESCO-listad gammal stad med tusen\u00e5rig historia, arkitektur och 100 fler anledningar att bes\u00f6ka Rhodos. Se \u00e4ven: Vet du vilken [&hellip;]<\/p>\n","protected":false},"author":1,"featured_media":6392,"parent":0,"menu_order":0,"comment_status":"closed","ping_status":"closed","template":"","meta":{"footnotes":""},"class_list":["post-16057","page","type-page","status-publish","has-post-thumbnail","hentry"],"_links":{"self":[{"href":"https:\/\/eurodirections.com\/sv\/wp-json\/wp\/v2\/pages\/16057","targetHints":{"allow":["GET"]}}],"collection":[{"href":"https:\/\/eurodirections.com\/sv\/wp-json\/wp\/v2\/pages"}],"about":[{"href":"https:\/\/eurodirections.com\/sv\/wp-json\/wp\/v2\/types\/page"}],"author":[{"embeddable":true,"href":"https:\/\/eurodirections.com\/sv\/wp-json\/wp\/v2\/users\/1"}],"replies":[{"embeddable":true,"href":"https:\/\/eurodirections.com\/sv\/wp-json\/wp\/v2\/comments?post=16057"}],"version-history":[{"count":0,"href":"https:\/\/eurodirections.com\/sv\/wp-json\/wp\/v2\/pages\/16057\/revisions"}],"wp:featuredmedia":[{"embeddable":true,"href":"https:\/\/eurodirections.com\/sv\/wp-json\/wp\/v2\/media\/6392"}],"wp:attachment":[{"href":"https:\/\/eurodirections.com\/sv\/wp-json\/wp\/v2\/media?parent=16057"}],"curies":[{"name":"wp","href":"https:\/\/api.w.org\/{rel}","templated":true}]}}