{"id":14177,"date":"2022-04-03T18:31:04","date_gmt":"2022-04-03T18:31:04","guid":{"rendered":"https:\/\/eurodirections.com\/europas-basta-stader\/"},"modified":"2023-02-02T14:51:38","modified_gmt":"2023-02-02T14:51:38","slug":"europas-basta-stader","status":"publish","type":"page","link":"https:\/\/eurodirections.com\/sv\/europas-basta-stader\/","title":{"rendered":"Europas b\u00e4sta st\u00e4der"},"content":{"rendered":"<p><strong>Utforska de b\u00e4sta europeiska st\u00e4derna, utvalda av v\u00e5ra redakt\u00f6rer f\u00f6r den fantastiska reseupplevelsen. V\u00e5r lista \u00f6ver de b\u00e4sta st\u00e4derna i Europa inneh\u00e5ller 100 destinationer med kortlistad information och guider f\u00f6r resen\u00e4rer, information om biljetter, hotellf\u00f6rslag, val av kaf\u00e9er och restauranger och mer.<\/strong><\/p>\n<h3>Kolla in de b\u00e4sta st\u00e4derna i Europa:<\/h3>\n<table>\n<tbody>\n<tr>\n<td><a href=\"https:\/\/eurodirections.com\/amsterdam\"><span style=\"font-weight: 400;\">Amsterdam, Nederl\u00e4nderna<\/span><\/a><\/td>\n<\/tr>\n<tr>\n<td><a href=\"https:\/\/eurodirections.com\/brno\/\"><span style=\"font-weight: 400;\">Brno, Tjeckien<\/span><\/a><\/td>\n<\/tr>\n<tr>\n<td><a href=\"https:\/\/eurodirections.com\/gyumri\/\"><span style=\"font-weight: 400;\">Gyumri, Armenien<\/span><\/a><\/td>\n<\/tr>\n<tr>\n<td><a href=\"https:\/\/eurodirections.com\/lyon\/\"><span style=\"font-weight: 400;\">Lyon, Frankrike<\/span><\/a><\/td>\n<\/tr>\n<tr>\n<td><a href=\"https:\/\/eurodirections.com\/yerevan\/\"><span style=\"font-weight: 400;\">Jerevan, Armenien<\/span><\/a><\/td>\n<\/tr>\n<tr>\n<td><a href=\"https:\/\/eurodirections.com\/kavala\/\"><span style=\"font-weight: 400;\">Kavala, Grekland<\/span><\/a><\/td>\n<\/tr>\n<tr>\n<td><a href=\"https:\/\/eurodirections.com\/riga\/\"><span style=\"font-weight: 400;\">Riga, Lettland<\/span><\/a><\/td>\n<\/tr>\n<tr>\n<td><a href=\"https:\/\/eurodirections.com\/valencia\/\"><span style=\"font-weight: 400;\">Valencia, Spanien<\/span><\/a><\/td>\n<\/tr>\n<tr>\n<td><a href=\"https:\/\/eurodirections.com\/best-destinations-for-getting-lost-in-the-nature\/#Innsbruck-Austria\"><span style=\"font-weight: 400;\">Innsbruck, \u00d6sterrike<\/span><\/a><\/td>\n<\/tr>\n<tr>\n<td><a href=\"https:\/\/eurodirections.com\/toulouse\/\"><span style=\"font-weight: 400;\">Toulouse, Frankrike<\/span><\/a><\/td>\n<\/tr>\n<tr>\n<td><a href=\"https:\/\/eurodirections.com\/patras\/\"><span style=\"font-weight: 400;\">Patras, Grekland<\/span><\/a><\/td>\n<\/tr>\n<tr>\n<td><a href=\"https:\/\/eurodirections.com\/thessaloniki\/\"><span style=\"font-weight: 400;\">Thessaloniki, Grekland<\/span><\/a><\/td>\n<\/tr>\n<tr>\n<td><a href=\"https:\/\/eurodirections.com\/rome\/\"><span style=\"font-weight: 400;\">Rom, Italien<\/span><\/a><\/td>\n<\/tr>\n<tr>\n<td><a href=\"https:\/\/eurodirections.com\/brussels-bucket-list\/\"><span style=\"font-weight: 400;\">Bryssel, Belgien<\/span><\/a><\/td>\n<\/tr>\n<tr>\n<td><a href=\"https:\/\/eurodirections.com\/explore-tallinn\"><span style=\"font-weight: 400;\">Tallinn, Estland<\/span><\/a><\/td>\n<\/tr>\n<tr>\n<td><a href=\"https:\/\/eurodirections.com\/nicosia\/\"><span style=\"font-weight: 400;\">Nicosia, Cypern<\/span><\/a><\/td>\n<\/tr>\n<tr>\n<td><a href=\"https:\/\/eurodirections.com\/best-destinations-for-getting-lost-in-the-nature\/#Pamplona-Spain\"><span style=\"font-weight: 400;\">Pamplona, Spanien<\/span><\/a><\/td>\n<\/tr>\n<tr>\n<td><a href=\"https:\/\/eurodirections.com\/constanta-bucket-list\/\"><span style=\"font-weight: 400;\">Constan\u021ba, Rum\u00e4nien<\/span><\/a><\/td>\n<\/tr>\n<tr>\n<td><a href=\"https:\/\/eurodirections.com\/cluj-napoca-bucket-list\/\"><span style=\"font-weight: 400;\">Cluj Napoca, Rum\u00e4nien<\/span><\/a><\/td>\n<\/tr>\n<tr>\n<td><a href=\"https:\/\/eurodirections.com\/batumi\/\"><span style=\"font-weight: 400;\">Batumi, Georgien<\/span><\/a><\/td>\n<\/tr>\n<tr>\n<td><a href=\"https:\/\/eurodirections.com\/tirana\/\"><span style=\"font-weight: 400;\">Tirana, Albanien<\/span><\/a><\/td>\n<\/tr>\n<\/tbody>\n<\/table>\n<table>\n<tbody>\n<tr>\n<td><a href=\"https:\/\/eurodirections.com\/florence-bucket-list\/\"><span style=\"font-weight: 400;\">Florens, Italien<\/span><\/a><\/td>\n<\/tr>\n<tr>\n<td><a href=\"https:\/\/eurodirections.com\/graz\/\"><span style=\"font-weight: 400;\">Graz, \u00d6sterrike<\/span><\/a><\/td>\n<\/tr>\n<tr>\n<td><a href=\"https:\/\/eurodirections.com\/heraklion\/\"><span style=\"font-weight: 400;\">Heraklion, Grekland<\/span><\/a><\/td>\n<\/tr>\n<tr>\n<td><a href=\"https:\/\/eurodirections.com\/visit-durres-albania\/\"><span style=\"font-weight: 400;\">Durr\u00ebs, Albanien<\/span><\/a><\/td>\n<\/tr>\n<tr>\n<td><a href=\"https:\/\/eurodirections.com\/luxembourg\/\"><span style=\"font-weight: 400;\">Luxemburg<\/span><\/a><\/td>\n<\/tr>\n<tr>\n<td><a href=\"https:\/\/eurodirections.com\/liechtenstein\/\"><span style=\"font-weight: 400;\">Liechtenstein<\/span><\/a><\/td>\n<\/tr>\n<tr>\n<td><a href=\"https:\/\/eurodirections.com\/malaga\/\"><span style=\"font-weight: 400;\">Malaga, Spanien<\/span><\/a><\/td>\n<\/tr>\n<tr>\n<td><a href=\"https:\/\/eurodirections.com\/madrid\/\"><span style=\"font-weight: 400;\">Madrid, Spanien<\/span><\/a><\/td>\n<\/tr>\n<tr>\n<td><a href=\"https:\/\/eurodirections.com\/marseille\/\"><span style=\"font-weight: 400;\">Marseille, Frankrike<\/span><\/a><\/td>\n<\/tr>\n<tr>\n<td><a href=\"https:\/\/eurodirections.com\/bergen-bucket-list\/\"><span style=\"font-weight: 400;\">Bergen, Norge<\/span><\/a><\/td>\n<\/tr>\n<tr>\n<td><a href=\"https:\/\/eurodirections.com\/prague\/\"><span style=\"font-weight: 400;\">Prag, Tjeckien<\/span><\/a><\/td>\n<\/tr>\n<tr>\n<td><a href=\"https:\/\/eurodirections.com\/larissa\"><span style=\"font-weight: 400;\">Larissa, Grekland<\/span><\/a><\/td>\n<\/tr>\n<tr>\n<td><a href=\"https:\/\/eurodirections.com\/milan\/\"><span style=\"font-weight: 400;\">Milano, Italien<\/span><\/a><\/td>\n<\/tr>\n<tr>\n<td><a href=\"https:\/\/eurodirections.com\/vilnius\/\"><span style=\"font-weight: 400;\">Vilnius, Litauen<\/span><\/a><\/td>\n<\/tr>\n<tr>\n<td><a href=\"https:\/\/eurodirections.com\/limassol\/\"><span style=\"font-weight: 400;\">Limassol, Cypern<\/span><\/a><\/td>\n<\/tr>\n<tr>\n<td><a href=\"https:\/\/eurodirections.com\/herceg-novi-bucket-list\/\"><span style=\"font-weight: 400;\">Herceg Novi, Montenegro<\/span><\/a><\/td>\n<\/tr>\n<tr>\n<td><a href=\"https:\/\/eurodirections.com\/vienna\/\"><span style=\"font-weight: 400;\">Wien, \u00d6sterrike<\/span><\/a><\/td>\n<\/tr>\n<tr>\n<td><a href=\"https:\/\/eurodirections.com\/london\"><span style=\"font-weight: 400;\">London, England<\/span><\/a><\/td>\n<\/tr>\n<tr>\n<td><a href=\"https:\/\/eurodirections.com\/san-marino-bucket-list\/\"><span style=\"font-weight: 400;\">San Marino<\/span><\/a><\/td>\n<\/tr>\n<tr>\n<td><a href=\"https:\/\/eurodirections.com\/venice\"><span style=\"font-weight: 400;\">Venedig, Italien<\/span><\/a><\/td>\n<\/tr>\n<tr>\n<td><a href=\"https:\/\/eurodirections.com\/dublin\"><span style=\"font-weight: 400;\">Dublin, Irland<\/span><\/a><\/td>\n<\/tr>\n<\/tbody>\n<\/table>\n<table>\n<tbody>\n<tr>\n<td><a href=\"https:\/\/eurodirections.com\/podgorica-sights-and-guide\/\">Podgorica, Montenegro<\/a><\/td>\n<\/tr>\n<tr>\n<td><a href=\"https:\/\/eurodirections.com\/best-destinations-for-getting-lost-in-the-nature\/#Grenoble-France\">Grenoble, Frankrike<\/a><\/td>\n<\/tr>\n<tr>\n<td><a href=\"https:\/\/eurodirections.com\/budva\/\">Budva, Montenegro<\/a><\/td>\n<\/tr>\n<tr>\n<td><a href=\"https:\/\/eurodirections.com\/dublin\">Liechtenstein<\/a><\/td>\n<\/tr>\n<tr>\n<td><a href=\"https:\/\/eurodirections.com\/lisbon\/\">Lissabon, Portugal<\/a><\/td>\n<\/tr>\n<tr>\n<td><a href=\"https:\/\/eurodirections.com\/athens\/\">Aten, Grekland<\/a><\/td>\n<\/tr>\n<tr>\n<td><a href=\"https:\/\/eurodirections.com\/barcelona\/\">Barcelona, Spanien<\/a><\/td>\n<\/tr>\n<tr>\n<td><a href=\"https:\/\/eurodirections.com\/nantes\/\">Nantes, Frankrike<\/a><\/td>\n<\/tr>\n<tr>\n<td><a href=\"https:\/\/eurodirections.com\/reykjavik\/\">Reykjavik, Island<\/a><\/td>\n<\/tr>\n<tr>\n<td><a href=\"https:\/\/eurodirections.com\/genoa\/\">Genua, Italien<\/a><\/td>\n<\/tr>\n<tr>\n<td><a href=\"https:\/\/eurodirections.com\/larnaca\/\">Larnaca, Cypern<\/a><\/td>\n<\/tr>\n<tr>\n<td><a href=\"https:\/\/eurodirections.com\/malta\/\">Valetta, Malta<\/a><\/td>\n<\/tr>\n<tr>\n<td><a href=\"https:\/\/eurodirections.com\/antwerp-tourist-attractions\/\">Antwerpen, Belgien<\/a><\/td>\n<\/tr>\n<tr>\n<td><a href=\"https:\/\/eurodirections.com\/best-destinations-for-getting-lost-in-the-nature\/#Dilijan-Armenia\">Dilijan, Armenien<\/a><\/td>\n<\/tr>\n<\/tbody>\n<\/table>\n<h3>Resa genom europeiska st\u00e4der<\/h3>\n<p>Med v\u00e5r smarta flygs\u00f6kningstj\u00e4nst kan du hitta de b\u00e4sta flygbiljetterna f\u00f6r flyg fr\u00e5n vilken plats som helst i v\u00e4rlden till din destination. S\u00f6k, j\u00e4mf\u00f6r och filtrera flyg, flygbolag, resebyr\u00e5er och onlinebokningssystem. Du anger platsen &#8211; vi hittar de billigaste priserna p\u00e5 flygbiljetter!  <\/p>\n<p><script src=\"\/\/tp.media\/content?currency=eur&#038;promo_id=7879&#038;shmarker=14350&#038;campaign_id=100&#038;trs=147545&#038;combine_promos=101_7873&#038;show_hotels=true&#038;searchUrl=air.eurodirections.com%2Fflights&#038;border_radius=0&#038;plain=true&#038;primary=%23FF8E01&#038;secondary=%23FFFFFF&#038;dark=%23262626&#038;light=%23FFFFFF&#038;special=%23E0E0E0&#038;no_labels=&#038;locale=sv&#038;powered_by=false\" charset=\"utf-8\"><\/script><\/p>\n<p><script type=\"application\/ld+json\">\n{\n    \"@context\": \"http:\/\/schema.org\",\n    \"@type\": \"WebPage\",\n    \"name\": \"Best cities of Europe\",\n    \"description\": \"Explore the best cities in Europe for traveling and journeys. Editor's picked list of 100 selected destinations in Europe with traveler bucket lists and most important things to do.\",\n    \"publisher\": {\n        \"@type\": \"WebPage\",\n        \"name\": \"Eurodirections.com\"\n    }\n}\n<\/script><\/p>\n","protected":false},"excerpt":{"rendered":"<p>Utforska de b\u00e4sta europeiska st\u00e4derna, utvalda av v\u00e5ra redakt\u00f6rer f\u00f6r den fantastiska reseupplevelsen. V\u00e5r lista \u00f6ver de b\u00e4sta st\u00e4derna i Europa inneh\u00e5ller 100 destinationer med kortlistad information och guider f\u00f6r resen\u00e4rer, information om biljetter, hotellf\u00f6rslag, val av kaf\u00e9er och restauranger och mer. Kolla in de b\u00e4sta st\u00e4derna i Europa: Amsterdam, Nederl\u00e4nderna Brno, Tjeckien Gyumri, Armenien [&hellip;]<\/p>\n","protected":false},"author":1,"featured_media":6120,"parent":0,"menu_order":0,"comment_status":"closed","ping_status":"closed","template":"","meta":{"footnotes":""},"class_list":["post-14177","page","type-page","status-publish","has-post-thumbnail","hentry"],"_links":{"self":[{"href":"https:\/\/eurodirections.com\/sv\/wp-json\/wp\/v2\/pages\/14177","targetHints":{"allow":["GET"]}}],"collection":[{"href":"https:\/\/eurodirections.com\/sv\/wp-json\/wp\/v2\/pages"}],"about":[{"href":"https:\/\/eurodirections.com\/sv\/wp-json\/wp\/v2\/types\/page"}],"author":[{"embeddable":true,"href":"https:\/\/eurodirections.com\/sv\/wp-json\/wp\/v2\/users\/1"}],"replies":[{"embeddable":true,"href":"https:\/\/eurodirections.com\/sv\/wp-json\/wp\/v2\/comments?post=14177"}],"version-history":[{"count":0,"href":"https:\/\/eurodirections.com\/sv\/wp-json\/wp\/v2\/pages\/14177\/revisions"}],"wp:featuredmedia":[{"embeddable":true,"href":"https:\/\/eurodirections.com\/sv\/wp-json\/wp\/v2\/media\/6120"}],"wp:attachment":[{"href":"https:\/\/eurodirections.com\/sv\/wp-json\/wp\/v2\/media?parent=14177"}],"curies":[{"name":"wp","href":"https:\/\/api.w.org\/{rel}","templated":true}]}}