{"id":13467,"date":"2022-12-09T09:27:35","date_gmt":"2022-12-09T09:27:35","guid":{"rendered":"https:\/\/eurodirections.com\/hotell\/"},"modified":"2023-01-25T09:42:35","modified_gmt":"2023-01-25T09:42:35","slug":"hotell","status":"publish","type":"page","link":"https:\/\/eurodirections.com\/sv\/hotell\/","title":{"rendered":"Hotell"},"content":{"rendered":"\t\t<div data-elementor-type=\"wp-page\" data-elementor-id=\"13467\" class=\"elementor elementor-13467\">\n\t\t\t\t\t\t<section class=\"elementor-section elementor-top-section elementor-element elementor-element-d468925 elementor-section-boxed elementor-section-height-default elementor-section-height-default\" data-id=\"d468925\" data-element_type=\"section\" data-e-type=\"section\">\n\t\t\t\t\t\t<div class=\"elementor-container elementor-column-gap-default\">\n\t\t\t\t\t<div class=\"elementor-column elementor-col-100 elementor-top-column elementor-element elementor-element-319ad72\" data-id=\"319ad72\" data-element_type=\"column\" data-e-type=\"column\">\n\t\t\t<div class=\"elementor-widget-wrap elementor-element-populated\">\n\t\t\t\t\t\t<div class=\"elementor-element elementor-element-c6ffbb3 elementor-widget__width-inherit elementor-widget elementor-widget-text-editor\" data-id=\"c6ffbb3\" data-element_type=\"widget\" data-e-type=\"widget\" data-widget_type=\"text-editor.default\">\n\t\t\t\t<div class=\"elementor-widget-container\">\n\t\t\t\t\t\t\t\t\t<p>Letar du efter bekv\u00e4ma hotell, vandrarhem eller l\u00e4genheter? J\u00e4mf\u00f6r alla priser fr\u00e5n internet med hj\u00e4lp av v\u00e5r hotells\u00f6ktj\u00e4nst &#8211; planera din resa och spara pengar f\u00f6r att resa genom Europa. <\/p>\n\t\t\t\t\t\t\t\t<\/div>\n\t\t\t\t<\/div>\n\t\t\t\t\t<\/div>\n\t\t<\/div>\n\t\t\t\t\t<\/div>\n\t\t<\/section>\n\t\t\t\t<section class=\"elementor-section elementor-top-section elementor-element elementor-element-f900ca2 elementor-section-boxed elementor-section-height-default elementor-section-height-default\" data-id=\"f900ca2\" data-element_type=\"section\" data-e-type=\"section\">\n\t\t\t\t\t\t<div class=\"elementor-container elementor-column-gap-default\">\n\t\t\t\t\t<div class=\"elementor-column elementor-col-100 elementor-top-column elementor-element elementor-element-2434b85\" data-id=\"2434b85\" data-element_type=\"column\" data-e-type=\"column\">\n\t\t\t<div class=\"elementor-widget-wrap elementor-element-populated\">\n\t\t\t\t\t\t<div class=\"elementor-element elementor-element-713ba2b elementor-widget elementor-widget-html\" data-id=\"713ba2b\" data-element_type=\"widget\" data-e-type=\"widget\" data-widget_type=\"html.default\">\n\t\t\t\t<div class=\"elementor-widget-container\">\n\t\t\t\t\t<center>\n    \n    <script charset=\"utf-8\" src=\"\/\/www.travelpayouts.com\/widgets\/b0f062210a076eb373f5c08877774ae6.js?v=2203\" async=\"\"><\/script>\n\n<\/center>\t\t\t\t<\/div>\n\t\t\t\t<\/div>\n\t\t\t\t\t<\/div>\n\t\t<\/div>\n\t\t\t\t\t<\/div>\n\t\t<\/section>\n\t\t\t\t<section class=\"elementor-section elementor-top-section elementor-element elementor-element-f9ae27d elementor-section-boxed elementor-section-height-default elementor-section-height-default\" data-id=\"f9ae27d\" data-element_type=\"section\" data-e-type=\"section\">\n\t\t\t\t\t\t<div class=\"elementor-container elementor-column-gap-default\">\n\t\t\t\t\t<div class=\"elementor-column elementor-col-100 elementor-top-column elementor-element elementor-element-ac118d8\" data-id=\"ac118d8\" data-element_type=\"column\" data-e-type=\"column\">\n\t\t\t<div class=\"elementor-widget-wrap elementor-element-populated\">\n\t\t\t\t\t\t<div class=\"elementor-element elementor-element-a6ea89b elementor-widget elementor-widget-heading\" data-id=\"a6ea89b\" data-element_type=\"widget\" data-e-type=\"widget\" data-widget_type=\"heading.default\">\n\t\t\t\t<div class=\"elementor-widget-container\">\n\t\t\t\t\t<h2 class=\"elementor-heading-title elementor-size-default\">De b\u00e4sta hotellen i Barcelona<\/h2>\t\t\t\t<\/div>\n\t\t\t\t<\/div>\n\t\t\t\t\t<\/div>\n\t\t<\/div>\n\t\t\t\t\t<\/div>\n\t\t<\/section>\n\t\t\t\t<section class=\"elementor-section elementor-top-section elementor-element elementor-element-2685ed5 elementor-section-boxed elementor-section-height-default elementor-section-height-default\" data-id=\"2685ed5\" data-element_type=\"section\" data-e-type=\"section\">\n\t\t\t\t\t\t<div class=\"elementor-container elementor-column-gap-default\">\n\t\t\t\t\t<div class=\"elementor-column elementor-col-100 elementor-top-column elementor-element elementor-element-10de6c2\" data-id=\"10de6c2\" data-element_type=\"column\" data-e-type=\"column\">\n\t\t\t<div class=\"elementor-widget-wrap elementor-element-populated\">\n\t\t\t\t\t\t<div class=\"elementor-element elementor-element-f238096 elementor-widget elementor-widget-html\" data-id=\"f238096\" data-element_type=\"widget\" data-e-type=\"widget\" data-widget_type=\"html.default\">\n\t\t\t\t<div class=\"elementor-widget-container\">\n\t\t\t\t\t<script src=\"https:\/\/www.travelpayouts.com\/blissey\/scripts_en.js?currency=eur&categories=center%2Cpopularity%2Cprice&id=3196&type=compact&marker=14350&trs=147545&powered_by=false&host=air.eurodirections.com%2Fhotels&locale=en&limit=10&nobooking=\" charset=\"utf-8\"><\/script>\t\t\t\t<\/div>\n\t\t\t\t<\/div>\n\t\t\t\t\t<\/div>\n\t\t<\/div>\n\t\t\t\t\t<\/div>\n\t\t<\/section>\n\t\t\t\t<section class=\"elementor-section elementor-top-section elementor-element elementor-element-825c3bf elementor-section-boxed elementor-section-height-default elementor-section-height-default\" data-id=\"825c3bf\" data-element_type=\"section\" data-e-type=\"section\">\n\t\t\t\t\t\t<div class=\"elementor-container elementor-column-gap-default\">\n\t\t\t\t\t<div class=\"elementor-column elementor-col-100 elementor-top-column elementor-element elementor-element-ff09586\" data-id=\"ff09586\" data-element_type=\"column\" data-e-type=\"column\">\n\t\t\t<div class=\"elementor-widget-wrap elementor-element-populated\">\n\t\t\t\t\t\t<div class=\"elementor-element elementor-element-515a136 elementor-widget elementor-widget-text-editor\" data-id=\"515a136\" data-element_type=\"widget\" data-e-type=\"widget\" data-widget_type=\"text-editor.default\">\n\t\t\t\t<div class=\"elementor-widget-container\">\n\t\t\t\t\t\t\t\t\t<h3>Hur hittar man billiga hotell p\u00e5 n\u00e4tet?<\/h3>\n<p>Det finns flera s\u00e4tt att hitta billiga hotell online, varav ett \u00e4r att anv\u00e4nda en webbplats f\u00f6r hotellj\u00e4mf\u00f6relser som Euro Directions som s\u00f6ker igenom flera bokningsplattformar och j\u00e4mf\u00f6r priser f\u00f6r att hitta de b\u00e4sta erbjudandena.<\/p>\n<ol>\n<li>G\u00e5 till en webbplats f\u00f6r hotellj\u00e4mf\u00f6relser som Euro Directions och ange din destination eller ange det hotell du vill bo p\u00e5.<\/li>\n<li>Tryck p\u00e5 s\u00f6kknappen f\u00f6r att se en lista \u00f6ver tillg\u00e4ngliga hotell, vandrarhem och pensionat i det omr\u00e5det.<\/li>\n<li>J\u00e4mf\u00f6r priser och betyg p\u00e5 hotellen f\u00f6r att hitta de b\u00e4sta erbjudandena och det mest l\u00e4mpliga boendet f\u00f6r dina behov.<\/li>\n<li>Kontrollera om det finns n\u00e5gra kampanjer eller rabatter<\/li>\n<li>L\u00e4s recensioner fr\u00e5n andra resen\u00e4rer innan du g\u00f6r en bokning.<\/li>\n<li>N\u00e4r du har hittat ett l\u00e4mpligt hotell, forts\u00e4tt att g\u00f6ra en bokning p\u00e5 bokningssystemet som gav det b\u00e4sta priset och boendet.<\/li>\n<\/ol>\n<p>Bl\u00e4ddra bland de mest popul\u00e4ra destinationerna d\u00e4r anv\u00e4ndarna letar efter billiga hotell p\u00e5 Euro Directions:<\/p>\n<ul>\n<li><a href=\"https:\/\/eurodirections.com\/popular-hotels-in-toulouse\/\" target=\"_blank\" rel=\"noopener\">Popul\u00e4ra hotell i Toulouse<\/a><\/li>\n<li><a href=\"https:\/\/eurodirections.com\/larnaca-cheap-hotels-guide\/\" target=\"_blank\" rel=\"noopener\">Hotellguide och karta \u00f6ver Larnaca<\/a><\/li>\n<li><a href=\"https:\/\/eurodirections.com\/10-cheap-popular-hotels-in-malta-with-high-ratings\/\" target=\"_blank\" rel=\"noopener\">Malta popul\u00e4ra hotell<\/a><\/li>\n<li><a href=\"https:\/\/eurodirections.com\/hotels-in-tallinn\/\" target=\"_blank\" rel=\"noopener\">Utforska hotell i Tallinn, Estland<\/a><\/li>\n<li><a href=\"https:\/\/eurodirections.com\/hotels-in-kavala\/\" target=\"_blank\" rel=\"noopener\">Letar du efter hotell i Kavala, Grekland?<\/a><\/li>\n<li><a href=\"https:\/\/eurodirections.com\/popular-hotels-in-valencia\/\" target=\"_blank\" rel=\"noopener\">Popul\u00e4ra hotell i Valencia<\/a><\/li>\n<li><a href=\"https:\/\/eurodirections.com\/popular-hotels-in-tbilisi\/\" target=\"_blank\" rel=\"noopener\">Popul\u00e4ra och billiga hotell i Tbilisi, Georgien<\/a><\/li>\n<\/ul>\n<p>\u2014<\/p>\n<p><span style=\"color: #666699;\"><strong>Observera:<\/strong> Euro Directions reseplanerare \u00e4r ansluten till hotellook hotells\u00f6ksystem och tillhandah\u00e5ller samma tj\u00e4nster som huvuds\u00f6kmotorn. Vi sj\u00e4lva tillhandah\u00e5ller inte onlinebokningstj\u00e4nster och representerar inte n\u00e5got hotell! Se v\u00e5ra villkor f\u00f6r mer information.  <\/span><\/p>\n<p><span style=\"color: #999999;\"><strong>H\u00e4nvisningsinformation:<\/strong> Informationen inneh\u00e5ller affiliate-l\u00e4nkar, vilket inneb\u00e4r att om anv\u00e4ndare klickar till hotelll\u00e4nkar och g\u00f6r en bokning, tj\u00e4nar v\u00e5r webbplats en provision.<\/span><\/p>\n\t\t\t\t\t\t\t\t<\/div>\n\t\t\t\t<\/div>\n\t\t\t\t\t<\/div>\n\t\t<\/div>\n\t\t\t\t\t<\/div>\n\t\t<\/section>\n\t\t\t\t<\/div>\n\t\t","protected":false},"excerpt":{"rendered":"<p>Letar du efter bekv\u00e4ma hotell, vandrarhem eller l\u00e4genheter? J\u00e4mf\u00f6r alla priser fr\u00e5n internet med hj\u00e4lp av v\u00e5r hotells\u00f6ktj\u00e4nst &#8211; planera din resa och spara pengar f\u00f6r att resa genom Europa. De b\u00e4sta hotellen i Barcelona Hur hittar man billiga hotell p\u00e5 n\u00e4tet? Det finns flera s\u00e4tt att hitta billiga hotell online, varav ett \u00e4r att [&hellip;]<\/p>\n","protected":false},"author":1,"featured_media":0,"parent":0,"menu_order":0,"comment_status":"closed","ping_status":"closed","template":"","meta":{"footnotes":""},"class_list":["post-13467","page","type-page","status-publish","hentry"],"_links":{"self":[{"href":"https:\/\/eurodirections.com\/sv\/wp-json\/wp\/v2\/pages\/13467","targetHints":{"allow":["GET"]}}],"collection":[{"href":"https:\/\/eurodirections.com\/sv\/wp-json\/wp\/v2\/pages"}],"about":[{"href":"https:\/\/eurodirections.com\/sv\/wp-json\/wp\/v2\/types\/page"}],"author":[{"embeddable":true,"href":"https:\/\/eurodirections.com\/sv\/wp-json\/wp\/v2\/users\/1"}],"replies":[{"embeddable":true,"href":"https:\/\/eurodirections.com\/sv\/wp-json\/wp\/v2\/comments?post=13467"}],"version-history":[{"count":0,"href":"https:\/\/eurodirections.com\/sv\/wp-json\/wp\/v2\/pages\/13467\/revisions"}],"wp:attachment":[{"href":"https:\/\/eurodirections.com\/sv\/wp-json\/wp\/v2\/media?parent=13467"}],"curies":[{"name":"wp","href":"https:\/\/api.w.org\/{rel}","templated":true}]}}