{"id":13469,"date":"2022-12-09T09:27:35","date_gmt":"2022-12-09T09:27:35","guid":{"rendered":"https:\/\/eurodirections.com\/%d1%85%d0%be%d1%82%d0%b5%d0%bb%d0%b8\/"},"modified":"2023-01-25T09:43:56","modified_gmt":"2023-01-25T09:43:56","slug":"%d1%85%d0%be%d1%82%d0%b5%d0%bb%d0%b8","status":"publish","type":"page","link":"https:\/\/eurodirections.com\/sr\/%d1%85%d0%be%d1%82%d0%b5%d0%bb%d0%b8\/","title":{"rendered":"\u0425\u043e\u0442\u0435\u043b\u0438"},"content":{"rendered":"\t\t<div data-elementor-type=\"wp-page\" data-elementor-id=\"13469\" class=\"elementor elementor-13469\">\n\t\t\t\t\t\t<section class=\"elementor-section elementor-top-section elementor-element elementor-element-d468925 elementor-section-boxed elementor-section-height-default elementor-section-height-default\" data-id=\"d468925\" data-element_type=\"section\" data-e-type=\"section\">\n\t\t\t\t\t\t<div class=\"elementor-container elementor-column-gap-default\">\n\t\t\t\t\t<div class=\"elementor-column elementor-col-100 elementor-top-column elementor-element elementor-element-319ad72\" data-id=\"319ad72\" data-element_type=\"column\" data-e-type=\"column\">\n\t\t\t<div class=\"elementor-widget-wrap elementor-element-populated\">\n\t\t\t\t\t\t<div class=\"elementor-element elementor-element-c6ffbb3 elementor-widget__width-inherit elementor-widget elementor-widget-text-editor\" data-id=\"c6ffbb3\" data-element_type=\"widget\" data-e-type=\"widget\" data-widget_type=\"text-editor.default\">\n\t\t\t\t<div class=\"elementor-widget-container\">\n\t\t\t\t\t\t\t\t\t<p>Tra\u017eite udobne hotele, hostele ili apartmane? Uporedite sve cene sa interneta koristec\u0301i na\u0161u uslugu pretra\u017eivanja hotela &#8211; planirajte svoje putovanje i u\u0161tedite novac za putovanje \u0161irom Evrope. <\/p>\n\t\t\t\t\t\t\t\t<\/div>\n\t\t\t\t<\/div>\n\t\t\t\t\t<\/div>\n\t\t<\/div>\n\t\t\t\t\t<\/div>\n\t\t<\/section>\n\t\t\t\t<section class=\"elementor-section elementor-top-section elementor-element elementor-element-f900ca2 elementor-section-boxed elementor-section-height-default elementor-section-height-default\" data-id=\"f900ca2\" data-element_type=\"section\" data-e-type=\"section\">\n\t\t\t\t\t\t<div class=\"elementor-container elementor-column-gap-default\">\n\t\t\t\t\t<div class=\"elementor-column elementor-col-100 elementor-top-column elementor-element elementor-element-2434b85\" data-id=\"2434b85\" data-element_type=\"column\" data-e-type=\"column\">\n\t\t\t<div class=\"elementor-widget-wrap elementor-element-populated\">\n\t\t\t\t\t\t<div class=\"elementor-element elementor-element-713ba2b elementor-widget elementor-widget-html\" data-id=\"713ba2b\" data-element_type=\"widget\" data-e-type=\"widget\" data-widget_type=\"html.default\">\n\t\t\t\t<div class=\"elementor-widget-container\">\n\t\t\t\t\t<center>\n    \n    <script charset=\"utf-8\" src=\"\/\/www.travelpayouts.com\/widgets\/b0f062210a076eb373f5c08877774ae6.js?v=2203\" async=\"\"><\/script>\n\n<\/center>\t\t\t\t<\/div>\n\t\t\t\t<\/div>\n\t\t\t\t\t<\/div>\n\t\t<\/div>\n\t\t\t\t\t<\/div>\n\t\t<\/section>\n\t\t\t\t<section class=\"elementor-section elementor-top-section elementor-element elementor-element-f9ae27d elementor-section-boxed elementor-section-height-default elementor-section-height-default\" data-id=\"f9ae27d\" data-element_type=\"section\" data-e-type=\"section\">\n\t\t\t\t\t\t<div class=\"elementor-container elementor-column-gap-default\">\n\t\t\t\t\t<div class=\"elementor-column elementor-col-100 elementor-top-column elementor-element elementor-element-ac118d8\" data-id=\"ac118d8\" data-element_type=\"column\" data-e-type=\"column\">\n\t\t\t<div class=\"elementor-widget-wrap elementor-element-populated\">\n\t\t\t\t\t\t<div class=\"elementor-element elementor-element-a6ea89b elementor-widget elementor-widget-heading\" data-id=\"a6ea89b\" data-element_type=\"widget\" data-e-type=\"widget\" data-widget_type=\"heading.default\">\n\t\t\t\t<div class=\"elementor-widget-container\">\n\t\t\t\t\t<h2 class=\"elementor-heading-title elementor-size-default\">\u041d\u0430\u0458\u0431\u043e\u0459\u0438 \u0445\u043e\u0442\u0435\u043b\u0438 \u0443 \u0411\u0430\u0440\u0441\u0435\u043b\u043e\u043d\u0438<\/h2>\t\t\t\t<\/div>\n\t\t\t\t<\/div>\n\t\t\t\t\t<\/div>\n\t\t<\/div>\n\t\t\t\t\t<\/div>\n\t\t<\/section>\n\t\t\t\t<section class=\"elementor-section elementor-top-section elementor-element elementor-element-2685ed5 elementor-section-boxed elementor-section-height-default elementor-section-height-default\" data-id=\"2685ed5\" data-element_type=\"section\" data-e-type=\"section\">\n\t\t\t\t\t\t<div class=\"elementor-container elementor-column-gap-default\">\n\t\t\t\t\t<div class=\"elementor-column elementor-col-100 elementor-top-column elementor-element elementor-element-10de6c2\" data-id=\"10de6c2\" data-element_type=\"column\" data-e-type=\"column\">\n\t\t\t<div class=\"elementor-widget-wrap elementor-element-populated\">\n\t\t\t\t\t\t<div class=\"elementor-element elementor-element-f238096 elementor-widget elementor-widget-html\" data-id=\"f238096\" data-element_type=\"widget\" data-e-type=\"widget\" data-widget_type=\"html.default\">\n\t\t\t\t<div class=\"elementor-widget-container\">\n\t\t\t\t\t<script src=\"https:\/\/www.travelpayouts.com\/blissey\/scripts_en.js?currency=eur&categories=center%2Cpopularity%2Cprice&id=3196&type=compact&marker=14350&trs=147545&powered_by=false&host=air.eurodirections.com%2Fhotels&locale=en&limit=10&nobooking=\" charset=\"utf-8\"><\/script>\t\t\t\t<\/div>\n\t\t\t\t<\/div>\n\t\t\t\t\t<\/div>\n\t\t<\/div>\n\t\t\t\t\t<\/div>\n\t\t<\/section>\n\t\t\t\t<section class=\"elementor-section elementor-top-section elementor-element elementor-element-825c3bf elementor-section-boxed elementor-section-height-default elementor-section-height-default\" data-id=\"825c3bf\" data-element_type=\"section\" data-e-type=\"section\">\n\t\t\t\t\t\t<div class=\"elementor-container elementor-column-gap-default\">\n\t\t\t\t\t<div class=\"elementor-column elementor-col-100 elementor-top-column elementor-element elementor-element-ff09586\" data-id=\"ff09586\" data-element_type=\"column\" data-e-type=\"column\">\n\t\t\t<div class=\"elementor-widget-wrap elementor-element-populated\">\n\t\t\t\t\t\t<div class=\"elementor-element elementor-element-515a136 elementor-widget elementor-widget-text-editor\" data-id=\"515a136\" data-element_type=\"widget\" data-e-type=\"widget\" data-widget_type=\"text-editor.default\">\n\t\t\t\t<div class=\"elementor-widget-container\">\n\t\t\t\t\t\t\t\t\t<h3>\u041a\u0430\u043a\u043e \u043f\u0440\u043e\u043d\u0430\u045b\u0438 \u0458\u0435\u0444\u0442\u0438\u043d\u0435 \u0445\u043e\u0442\u0435\u043b\u0435 \u043d\u0430 \u043c\u0440\u0435\u0436\u0438?<\/h3>\n<p>Postoji nekoliko na\u010dina da prona\u0111ete jeftine hotele na mre\u017ei, a jedan od njih je kori\u0161c\u0301enje veb-sajta za pore\u0111enje hotela kao \u0161to je Euro Directions koji pretra\u017euje vi\u0161e platformi za rezervaciju i upore\u0111uje cene kako bi prona\u0161ao najbolje ponude.<\/p>\n<ol>\n<li>\u0418\u0434\u0438\u0442\u0435 \u043d\u0430 \u0432\u0435\u0431 \u043b\u043e\u043a\u0430\u0446\u0438\u0458\u0443 \u0437\u0430 \u043f\u043e\u0440\u0435\u0452\u0435\u045a\u0435 \u0445\u043e\u0442\u0435\u043b\u0430 \u043a\u0430\u043e \u0448\u0442\u043e \u0458\u0435 \u0415\u0443\u0440\u043e \u0414\u0438\u0440\u0435\u0446\u0442\u0438\u043e\u043d\u0441 \u0438 \u0443\u043d\u0435\u0441\u0438\u0442\u0435 \u043e\u0434\u0440\u0435\u0434\u0438\u0448\u0442\u0435 \u0438\u043b\u0438 \u043d\u0430\u0432\u0435\u0434\u0438\u0442\u0435 \u0445\u043e\u0442\u0435\u043b \u0443 \u043a\u043e\u0458\u0435\u043c \u0436\u0435\u043b\u0438\u0442\u0435 \u0434\u0430 \u043e\u0434\u0441\u0435\u0434\u043d\u0435\u0442\u0435.<\/li>\n<li>\u041f\u0440\u0438\u0442\u0438\u0441\u043d\u0438\u0442\u0435 \u0434\u0443\u0433\u043c\u0435 \u0437\u0430 \u043f\u0440\u0435\u0442\u0440\u0430\u0433\u0443 \u0434\u0430 \u0431\u0438\u0441\u0442\u0435 \u0432\u0438\u0434\u0435\u043b\u0438 \u043b\u0438\u0441\u0442\u0443 \u0434\u043e\u0441\u0442\u0443\u043f\u043d\u0438\u0445 \u0445\u043e\u0442\u0435\u043b\u0430, \u0445\u043e\u0441\u0442\u0435\u043b\u0430 \u0438 \u043f\u0430\u043d\u0441\u0438\u043e\u043d\u0430 \u0443 \u0442\u043e\u0458 \u043e\u0431\u043b\u0430\u0441\u0442\u0438.<\/li>\n<li>\u0423\u043f\u043e\u0440\u0435\u0434\u0438\u0442\u0435 \u0446\u0435\u043d\u0435 \u0438 \u043e\u0446\u0435\u043d\u0435 \u0445\u043e\u0442\u0435\u043b\u0430 \u0434\u0430 \u0431\u0438\u0441\u0442\u0435 \u043f\u0440\u043e\u043d\u0430\u0448\u043b\u0438 \u043d\u0430\u0458\u0431\u043e\u0459\u0435 \u043f\u043e\u043d\u0443\u0434\u0435 \u0438 \u043d\u0430\u0458\u043f\u043e\u0433\u043e\u0434\u043d\u0438\u0458\u0438 \u0441\u043c\u0435\u0448\u0442\u0430\u0458 \u0437\u0430 \u0432\u0430\u0448\u0435 \u043f\u043e\u0442\u0440\u0435\u0431\u0435.<\/li>\n<li>\u041f\u0440\u043e\u0432\u0435\u0440\u0438\u0442\u0435 \u0434\u0430 \u043b\u0438 \u043f\u043e\u0441\u0442\u043e\u0458\u0435 \u0434\u043e\u0441\u0442\u0443\u043f\u043d\u0435 \u043f\u0440\u043e\u043c\u043e\u0446\u0438\u0458\u0435 \u0438\u043b\u0438 \u043f\u043e\u043f\u0443\u0441\u0442\u0438<\/li>\n<li>\u041f\u0440\u043e\u0447\u0438\u0442\u0430\u0458\u0442\u0435 \u0440\u0435\u0446\u0435\u043d\u0437\u0438\u0458\u0435 \u0434\u0440\u0443\u0433\u0438\u0445 \u043f\u0443\u0442\u043d\u0438\u043a\u0430 \u043f\u0440\u0435 \u043d\u0435\u0433\u043e \u0448\u0442\u043e \u0440\u0435\u0437\u0435\u0440\u0432\u0438\u0448\u0435\u0442\u0435.<\/li>\n<li>\u041a\u0430\u0434\u0430 \u043f\u0440\u043e\u043d\u0430\u0452\u0435\u0442\u0435 \u043e\u0434\u0433\u043e\u0432\u0430\u0440\u0430\u0458\u0443\u045b\u0438 \u0445\u043e\u0442\u0435\u043b, \u043d\u0430\u0441\u0442\u0430\u0432\u0438\u0442\u0435 \u0441\u0430 \u0440\u0435\u0437\u0435\u0440\u0432\u0430\u0446\u0438\u0458\u043e\u043c \u043d\u0430 \u0441\u0438\u0441\u0442\u0435\u043c\u0443 \u0437\u0430 \u0440\u0435\u0437\u0435\u0440\u0432\u0430\u0446\u0438\u0458\u0435 \u043a\u043e\u0458\u0438 \u0458\u0435 \u043e\u0431\u0435\u0437\u0431\u0435\u0434\u0438\u043e \u043d\u0430\u0458\u0431\u043e\u0459\u0443 \u0446\u0435\u043d\u0443 \u0438 \u0441\u043c\u0435\u0448\u0442\u0430\u0458.<\/li>\n<\/ol>\n<p>\u041f\u0440\u0435\u0433\u043b\u0435\u0434\u0430\u0458\u0442\u0435 \u043d\u0430\u0458\u043f\u043e\u043f\u0443\u043b\u0430\u0440\u043d\u0438\u0458\u0435 \u0434\u0435\u0441\u0442\u0438\u043d\u0430\u0446\u0438\u0458\u0435 \u043d\u0430 \u043a\u043e\u0458\u0438\u043c\u0430 \u043a\u043e\u0440\u0438\u0441\u043d\u0438\u0446\u0438 \u0442\u0440\u0430\u0436\u0435 \u0458\u0435\u0444\u0442\u0438\u043d\u0435 \u0445\u043e\u0442\u0435\u043b\u0435 \u043d\u0430 \u0415\u0443\u0440\u043e \u0414\u0438\u0440\u0435\u0446\u0442\u0438\u043e\u043d\u0441:<\/p>\n<ul>\n<li><a href=\"https:\/\/eurodirections.com\/popular-hotels-in-toulouse\/\" target=\"_blank\" rel=\"noopener\">\u041f\u043e\u043f\u0443\u043b\u0430\u0440\u043d\u0438 \u0445\u043e\u0442\u0435\u043b\u0438 \u0443 \u0422\u0443\u043b\u0443\u0437\u0443<\/a><\/li>\n<li><a href=\"https:\/\/eurodirections.com\/larnaca-cheap-hotels-guide\/\" target=\"_blank\" rel=\"noopener\">\u0412\u043e\u0434\u0438\u0447 \u0438 \u043c\u0430\u043f\u0430 \u0445\u043e\u0442\u0435\u043b\u0430 \u0443 \u041b\u0430\u0440\u043d\u0430\u043a\u0438<\/a><\/li>\n<li><a href=\"https:\/\/eurodirections.com\/10-cheap-popular-hotels-in-malta-with-high-ratings\/\" target=\"_blank\" rel=\"noopener\">\u041f\u043e\u043f\u0443\u043b\u0430\u0440\u043d\u0438 \u0445\u043e\u0442\u0435\u043b\u0438 \u043d\u0430 \u041c\u0430\u043b\u0442\u0438<\/a><\/li>\n<li><a href=\"https:\/\/eurodirections.com\/hotels-in-tallinn\/\" target=\"_blank\" rel=\"noopener\">\u0418\u0441\u0442\u0440\u0430\u0436\u0438\u0442\u0435 \u0445\u043e\u0442\u0435\u043b\u0435 \u0443 \u0422\u0430\u043b\u0438\u043d\u0443, \u0415\u0441\u0442\u043e\u043d\u0438\u0458\u0430<\/a><\/li>\n<li><a href=\"https:\/\/eurodirections.com\/hotels-in-kavala\/\" target=\"_blank\" rel=\"noopener\">\u0422\u0440\u0430\u0436\u0438\u0442\u0435 \u0445\u043e\u0442\u0435\u043b\u0435 \u0443 \u041a\u0430\u0432\u0430\u043b\u0438, \u0413\u0440\u0447\u043a\u0430?<\/a><\/li>\n<li><a href=\"https:\/\/eurodirections.com\/popular-hotels-in-valencia\/\" target=\"_blank\" rel=\"noopener\">\u041f\u043e\u043f\u0443\u043b\u0430\u0440\u043d\u0438 \u0445\u043e\u0442\u0435\u043b\u0438 \u0443 \u0412\u0430\u043b\u0435\u043d\u0441\u0438\u0458\u0438<\/a><\/li>\n<li><a href=\"https:\/\/eurodirections.com\/popular-hotels-in-tbilisi\/\" target=\"_blank\" rel=\"noopener\">\u0408\u0435\u0444\u0442\u0438\u043d\u0438 \u0438 \u043f\u043e\u043f\u0443\u043b\u0430\u0440\u043d\u0438 \u0445\u043e\u0442\u0435\u043b\u0438 \u0443 \u0422\u0431\u0438\u043b\u0438\u0441\u0438\u0458\u0443, \u0413\u0440\u0443\u0437\u0438\u0458\u0430<\/a><\/li>\n<\/ul>\n<p>\u2014<\/p>\n<p><span style=\"color: #666699;\"><strong>Napomena:<\/strong> Platforma planera putovanja Euro Directions povezana je sa hotellook sistemom za pretragu hotela i pru\u017ea iste usluge kao i glavni pretra\u017eiva\u010d. Mi sami ne pru\u017eamo usluge onlajn rezervacije i ne predstavljamo nijedan hotel! Pogledajte na\u0161e uslove za vi\u0161e informacija.  <\/span><\/p>\n<p><span style=\"color: #999999;\"><strong>Informacije o referencama:<\/strong> Informacije sadr\u017ee partnerske veze, \u0161to zna\u010di da u slu\u010daju da korisnici kliknu na linkove hotela i izvr\u0161e rezervaciju, na\u0161 sajt zara\u0111uje proviziju.<\/span><\/p>\n\t\t\t\t\t\t\t\t<\/div>\n\t\t\t\t<\/div>\n\t\t\t\t\t<\/div>\n\t\t<\/div>\n\t\t\t\t\t<\/div>\n\t\t<\/section>\n\t\t\t\t<\/div>\n\t\t","protected":false},"excerpt":{"rendered":"<p>Tra\u017eite udobne hotele, hostele ili apartmane? Uporedite sve cene sa interneta koristec\u0301i na\u0161u uslugu pretra\u017eivanja hotela &#8211; planirajte svoje putovanje i u\u0161tedite novac za putovanje \u0161irom Evrope. \u041d\u0430\u0458\u0431\u043e\u0459\u0438 \u0445\u043e\u0442\u0435\u043b\u0438 \u0443 \u0411\u0430\u0440\u0441\u0435\u043b\u043e\u043d\u0438 \u041a\u0430\u043a\u043e \u043f\u0440\u043e\u043d\u0430\u045b\u0438 \u0458\u0435\u0444\u0442\u0438\u043d\u0435 \u0445\u043e\u0442\u0435\u043b\u0435 \u043d\u0430 \u043c\u0440\u0435\u0436\u0438? Postoji nekoliko na\u010dina da prona\u0111ete jeftine hotele na mre\u017ei, a jedan od njih je kori\u0161c\u0301enje veb-sajta za pore\u0111enje [&hellip;]<\/p>\n","protected":false},"author":1,"featured_media":0,"parent":0,"menu_order":0,"comment_status":"closed","ping_status":"closed","template":"","meta":{"footnotes":""},"class_list":["post-13469","page","type-page","status-publish","hentry"],"_links":{"self":[{"href":"https:\/\/eurodirections.com\/sr\/wp-json\/wp\/v2\/pages\/13469","targetHints":{"allow":["GET"]}}],"collection":[{"href":"https:\/\/eurodirections.com\/sr\/wp-json\/wp\/v2\/pages"}],"about":[{"href":"https:\/\/eurodirections.com\/sr\/wp-json\/wp\/v2\/types\/page"}],"author":[{"embeddable":true,"href":"https:\/\/eurodirections.com\/sr\/wp-json\/wp\/v2\/users\/1"}],"replies":[{"embeddable":true,"href":"https:\/\/eurodirections.com\/sr\/wp-json\/wp\/v2\/comments?post=13469"}],"version-history":[{"count":0,"href":"https:\/\/eurodirections.com\/sr\/wp-json\/wp\/v2\/pages\/13469\/revisions"}],"wp:attachment":[{"href":"https:\/\/eurodirections.com\/sr\/wp-json\/wp\/v2\/media?parent=13469"}],"curies":[{"name":"wp","href":"https:\/\/api.w.org\/{rel}","templated":true}]}}