{"id":26261,"date":"2022-11-28T16:39:25","date_gmt":"2022-11-28T16:39:25","guid":{"rendered":"https:\/\/eurodirections.com\/cluj-napoca-bucket-list\/"},"modified":"2023-06-10T15:07:43","modified_gmt":"2023-06-10T15:07:43","slug":"cluj-napoca-bucket-list","status":"publish","type":"page","link":"https:\/\/eurodirections.com\/ro\/cluj-napoca-bucket-list\/","title":{"rendered":"Cluj Napoca bucket list"},"content":{"rendered":"<div id=\"ez-toc-container\" class=\"ez-toc-v2_0_82_2 counter-hierarchy ez-toc-counter ez-toc-grey ez-toc-container-direction\">\n<div class=\"ez-toc-title-container\">\n<p class=\"ez-toc-title\" style=\"cursor:inherit\">Table of Contents<\/p>\n<span class=\"ez-toc-title-toggle\"><a href=\"#\" class=\"ez-toc-pull-right ez-toc-btn ez-toc-btn-xs ez-toc-btn-default ez-toc-toggle\" aria-label=\"Toggle Table of Content\"><span class=\"ez-toc-js-icon-con\"><span class=\"\"><span class=\"eztoc-hide\" style=\"display:none;\">Toggle<\/span><span class=\"ez-toc-icon-toggle-span\"><svg style=\"fill: #999;color:#999\" xmlns=\"http:\/\/www.w3.org\/2000\/svg\" class=\"list-377408\" width=\"20px\" height=\"20px\" viewBox=\"0 0 24 24\" fill=\"none\"><path d=\"M6 6H4v2h2V6zm14 0H8v2h12V6zM4 11h2v2H4v-2zm16 0H8v2h12v-2zM4 16h2v2H4v-2zm16 0H8v2h12v-2z\" fill=\"currentColor\"><\/path><\/svg><svg style=\"fill: #999;color:#999\" class=\"arrow-unsorted-368013\" xmlns=\"http:\/\/www.w3.org\/2000\/svg\" width=\"10px\" height=\"10px\" viewBox=\"0 0 24 24\" version=\"1.2\" baseProfile=\"tiny\"><path d=\"M18.2 9.3l-6.2-6.3-6.2 6.3c-.2.2-.3.4-.3.7s.1.5.3.7c.2.2.4.3.7.3h11c.3 0 .5-.1.7-.3.2-.2.3-.5.3-.7s-.1-.5-.3-.7zM5.8 14.7l6.2 6.3 6.2-6.3c.2-.2.3-.5.3-.7s-.1-.5-.3-.7c-.2-.2-.4-.3-.7-.3h-11c-.3 0-.5.1-.7.3-.2.2-.3.5-.3.7s.1.5.3.7z\"\/><\/svg><\/span><\/span><\/span><\/a><\/span><\/div>\n<nav><ul class='ez-toc-list ez-toc-list-level-1 eztoc-toggle-hide-by-default' ><li class='ez-toc-page-1 ez-toc-heading-level-2'><a class=\"ez-toc-link ez-toc-heading-1\" href=\"https:\/\/eurodirections.com\/ro\/cluj-napoca-bucket-list\/#Explorati-Cluj-Napoca\" >Explora\u021bi Cluj-Napoca<\/a><ul class='ez-toc-list-level-3' ><li class='ez-toc-heading-level-3'><a class=\"ez-toc-link ez-toc-heading-2\" href=\"https:\/\/eurodirections.com\/ro\/cluj-napoca-bucket-list\/#Lucruri-care-nu-trebuie-ratate-in-Cluj-Napoca\" >Lucruri care nu trebuie ratate \u00een Cluj-Napoca<\/a><\/li><li class='ez-toc-page-1 ez-toc-heading-level-3'><a class=\"ez-toc-link ez-toc-heading-3\" href=\"https:\/\/eurodirections.com\/ro\/cluj-napoca-bucket-list\/#Mananca-ca-un-localnic-in-Cluj-Napoca\" >M\u0103n\u00e2nc\u0103 ca un localnic \u00een Cluj-Napoca<\/a><\/li><li class='ez-toc-page-1 ez-toc-heading-level-3'><a class=\"ez-toc-link ez-toc-heading-4\" href=\"https:\/\/eurodirections.com\/ro\/cluj-napoca-bucket-list\/#Unde-sa-stai-in-Cluj-Napoca\" >Unde s\u0103 stai \u00een Cluj-Napoca<\/a><\/li><li class='ez-toc-page-1 ez-toc-heading-level-3'><a class=\"ez-toc-link ez-toc-heading-5\" href=\"https:\/\/eurodirections.com\/ro\/cluj-napoca-bucket-list\/#Harta-hotelurilor-din-Cluj-Napoca\" >Harta hotelurilor din Cluj Napoca<\/a><\/li><\/ul><\/li><\/ul><\/nav><\/div>\n<p>V-a\u021bi planificat deja c\u0103l\u0103toria \u00een Cluj-Napoca? Da, atunci este timpul s\u0103 cunoa\u0219te\u021bi ora\u0219ul \u0219i atrac\u021biile sale \u0219i s\u0103 afla\u021bi ce pute\u021bi face acolo pentru a v\u0103 face c\u0103l\u0103toria c\u00e2t mai de neuitat. Cluj Napoca bucket list este f\u0103cut\u0103 doar pentru tine &#8211; bucur\u0103-te de ora\u0219 al\u0103turi de noi.<\/p>\n<p><iframe style=\"border: 1px solid #EEE; background: white;\" src=\"about:blank\" width=\"880\" height=\"270\" frameborder=\"0\" scrolling=\"no\" class=\"lazyload\" data-src=\"https:\/\/eurodirections.substack.com\/embed\"><span data-mce-type=\"bookmark\" style=\"display: inline-block; width: 0px; overflow: hidden; line-height: 0;\" class=\"mce_SELRES_start\"><\/span><span data-mce-type=\"bookmark\" style=\"display: inline-block; width: 0px; overflow: hidden; line-height: 0;\" class=\"mce_SELRES_start\" align=\"center\"><\/span><\/iframe><\/p>\n<h2><span class=\"ez-toc-section\" id=\"Explorati-Cluj-Napoca\"><\/span>Explora\u021bi Cluj-Napoca<span class=\"ez-toc-section-end\"><\/span><\/h2>\n<p><span style=\"font-weight: 400;\">Cluj-Napoca este o destina\u021bie turistic\u0103 mai pu\u021bin cunoscut\u0103 \u0219i este posibil s\u0103 nu fi auzit niciodat\u0103 de ea. Nu pentru c\u0103 ora\u0219ul nu are nimic de oferit, ci pentru c\u0103 \u00eenc\u0103 se dezvolt\u0103 ca destina\u021bie turistic\u0103. Cluj-Napoca, capitala Transilvaniei, este un ora\u0219 universitar dinamic, care se m\u00e2ndre\u0219te cu arhitectura gotic\u0103 \u0219i natura magic\u0103. <\/span><\/p>\n<p><span style=\"font-weight: 400;\">Cluj-Napoca este mai pu\u021bin popular dec\u00e2t alte ora\u0219e, a\u0219a c\u0103 ve\u021bi avea parte de intimitate \u00een orice moment al anului, f\u0103r\u0103 atrac\u021bii pline de turi\u0219ti. Cluj-Napoca, capitala Transilvaniei, este un ora\u0219 universitar dinamic, care se m\u00e2ndre\u0219te cu arhitectura gotic\u0103 \u0219i natura magic\u0103. G\u00e2ndi\u021bi-v\u0103 la Cluj-Napoca ca la urm\u0103toarea destina\u021bie, av\u00e2nd \u00een minte urm\u0103torul itinerar.<\/span><\/p>\n<h3><span class=\"ez-toc-section\" id=\"Lucruri-care-nu-trebuie-ratate-in-Cluj-Napoca\"><\/span><b>Lucruri care nu trebuie ratate \u00een Cluj-Napoca<\/b><span class=\"ez-toc-section-end\"><\/span><\/h3>\n<ul>\n<li style=\"font-weight: 400;\" aria-level=\"1\"><span style=\"font-weight: 400;\">Admira\u021bi cea mai frumoas\u0103 cl\u0103dire din Cluj, Opera Na\u021bional\u0103, construit\u0103 de arhitec\u021bi austrieci \u00een stil neo-baroc.<\/span><\/li>\n<li style=\"font-weight: 400;\" aria-level=\"1\"><span style=\"font-weight: 400;\">Vizita\u021bi Parcul Etnografic pentru a afla mai multe despre istoria \u0219i legendele Transilvaniei.<\/span><\/li>\n<li style=\"font-weight: 400;\" aria-level=\"1\"><span style=\"font-weight: 400;\">Plimba\u021bi-v\u0103 prin ora\u0219ul vechi pentru a vedea Bastionul Croitorilor \u0219i Catedrala Greco-Catolic\u0103.<\/span><\/li>\n<li style=\"font-weight: 400;\" aria-level=\"1\"><span style=\"font-weight: 400;\">G\u0103si\u021bi toate culorile naturii \u00eentr-o gr\u0103din\u0103 botanic\u0103 de 14 hectare, cu peste 11.000 de specii de plante.<\/span><\/li>\n<li style=\"font-weight: 400;\" aria-level=\"1\"><span style=\"font-weight: 400;\">Colec\u021bia de Istorie a Farmaciei este unul dintre cele mai emblematice locuri din Cluj-Napoca, cu peste 1.800 de piese de medicin\u0103 colectate \u00eencep\u00e2nd cu anii 1500.<\/span><\/li>\n<li style=\"font-weight: 400;\" aria-level=\"1\"><span style=\"font-weight: 400;\">Cufunda\u021bi-v\u0103 \u00een via\u021ba rural\u0103 transilv\u0103nean\u0103 \u00een Parcul Etnografic Romulus Vuia, cu biserici s\u0103se\u0219ti, cl\u0103diri istorice \u0219i fragmente de mijloace de trai tradi\u021bionale.<\/span><\/li>\n<\/ul>\n<h3><span class=\"ez-toc-section\" id=\"Mananca-ca-un-localnic-in-Cluj-Napoca\"><\/span><b>M\u0103n\u00e2nc\u0103 ca un localnic \u00een Cluj-Napoca<\/b><span class=\"ez-toc-section-end\"><\/span><\/h3>\n<ul>\n<li style=\"font-weight: 400;\" aria-level=\"1\"><span style=\"font-weight: 400;\">Dac\u0103 sunte\u021bi un iubitor de carne, Casa Boema v\u0103 va surprinde cu ra\u021ba perfect g\u0103tit\u0103 cu morcovi \u0219i legume pr\u0103jite.<\/span><\/li>\n<li style=\"font-weight: 400;\" aria-level=\"1\"><span style=\"font-weight: 400;\">Rezerv\u0103-\u021bi un loc \u00eentr-un restaurant de lux Eggcetera, cu m\u00e2nc\u0103ruri perfecte \u0219i absolut demen\u021biale.<\/span><\/li>\n<li style=\"font-weight: 400;\" aria-level=\"1\"><span style=\"font-weight: 400;\">Pentru m\u00e2ncarea rom\u00e2neasc\u0103 autentic\u0103, exist\u0103 un singur nume, Hanul Dacilor, cu por\u021bii mari de m\u00e2ncare tradi\u021bional\u0103 la pre\u021buri rezonabile.<\/span><\/li>\n<li style=\"font-weight: 400;\" aria-level=\"1\"><span style=\"font-weight: 400;\">Bricks (M)eating Point este un alt paradis pentru iubitorii de carne, unde pot degusta m\u00e2nc\u0103ruri excep\u021bionale, al\u0103turi de vinuri \u0219i muzic\u0103 live pe o teras\u0103 deschis\u0103.<\/span><\/li>\n<li style=\"font-weight: 400;\" aria-level=\"1\"><span style=\"font-weight: 400;\">Bucura\u021bi-v\u0103 de un amestec unic de culturi rom\u00e2ne\u0219ti, italiene \u0219i franceze \u00een restaurantul Carrousel.<\/span><\/li>\n<\/ul>\n<h3><span class=\"ez-toc-section\" id=\"Unde-sa-stai-in-Cluj-Napoca\"><\/span><b>Unde s\u0103 stai \u00een Cluj-Napoca<\/b><span class=\"ez-toc-section-end\"><\/span><\/h3>\n<ul>\n<li style=\"font-weight: 400;\" aria-level=\"1\"><span style=\"font-weight: 400;\">Cu un interior modern, o combina\u021bie uimitoare de culori \u0219i solu\u021bii unice de design, Hotelul Platinia de 5 stele v\u0103 va face \u0219ederea perfect\u0103.<\/span><\/li>\n<li style=\"font-weight: 400;\" aria-level=\"1\"><span style=\"font-weight: 400;\">Bucura\u021bi-v\u0103 de priveli\u0219tea Some\u0219ului Mic de la fereastra hotelului de 4 stele River Park, cu un interior modern \u00een culori pastelate \u0219i tonuri calde.<\/span><\/li>\n<li style=\"font-weight: 400;\" aria-level=\"1\"><span style=\"font-weight: 400;\">Un loc absolut superb \u00een care s\u0103 v\u0103 bucura\u021bi de natur\u0103 este cabana Black Wood Cabin, de 3 stele, cu acces de la schi la u\u0219\u0103 \u0219i vedere la gr\u0103din\u0103.<\/span><\/li>\n<li style=\"font-weight: 400;\" aria-level=\"1\"><span style=\"font-weight: 400;\">Ob\u021bine\u021bi confort maxim la un pre\u021b minim \u00een hotelul Camera Tip economic Mozart, aproape de Muzeul de Etnografie din Transilvania.<\/span><\/li>\n<li style=\"font-weight: 400;\" aria-level=\"1\"><span style=\"font-weight: 400;\">G\u0103se\u0219te o modalitate de a vizita Sibiul pentru o zi pentru a te bucura de parcurile verzi \u0219i aleile pline de atmosfer\u0103 \u0219i cazeaz\u0103-te la Hotel Anastasia.<\/span><\/li>\n<\/ul>\n<p>G\u0103si\u021bi <a title=\"Ghid de zboruri Cluj-Napoca\" href=\"https:\/\/eurodirections.com\/cluj-napoca-flights-guide\/\" target=\"_blank\" rel=\"noopener\" data-schema-attribute=\"mentions\">zboruri ieftine c\u0103tre Cluj Napoca<\/a> aici.<\/p>\n<h3><span class=\"ez-toc-section\" id=\"Harta-hotelurilor-din-Cluj-Napoca\"><\/span>Harta hotelurilor din Cluj Napoca<span class=\"ez-toc-section-end\"><\/span><\/h3>\n<p><script src=\"\/\/tp.media\/content?0=0&amp;1=10&amp;currency=eur&amp;promo_id=4285&amp;shmarker=14350&amp;campaign_id=101&amp;trs=147545&amp;search_host=search.hotellook.com&amp;locale=ro&amp;draggable=true&amp;disable_zoom=false&amp;show_logo=false&amp;scrollwheel=false&amp;color=%2307AF61&amp;contrast_color=%23ffffff&amp;width=1000&amp;height=500&amp;zoom=14&amp;radius=60&amp;stars=0%2C1%2C2%2C3%2C4%2C5&amp;price_from=&amp;price_to=&amp;lat=46.766667&amp;lng=23.6\" charset=\"utf-8\"><span data-mce-type=\"bookmark\" style=\"display: inline-block; width: 0px; overflow: hidden; line-height: 0;\" class=\"mce_SELRES_start\">\ufeff<\/span><\/script><\/p>\n","protected":false},"excerpt":{"rendered":"<p>V-a\u021bi planificat deja c\u0103l\u0103toria \u00een Cluj-Napoca? Da, atunci este timpul s\u0103 cunoa\u0219te\u021bi ora\u0219ul \u0219i atrac\u021biile sale \u0219i s\u0103 afla\u021bi ce pute\u021bi face acolo pentru a v\u0103 face c\u0103l\u0103toria c\u00e2t mai de neuitat. Cluj Napoca bucket list este f\u0103cut\u0103 doar pentru tine &#8211; bucur\u0103-te de ora\u0219 al\u0103turi de noi. Explora\u021bi Cluj-Napoca Cluj-Napoca este o destina\u021bie turistic\u0103 [&hellip;]<\/p>\n","protected":false},"author":4,"featured_media":4508,"parent":0,"menu_order":0,"comment_status":"closed","ping_status":"closed","template":"","meta":{"footnotes":""},"class_list":["post-26261","page","type-page","status-publish","has-post-thumbnail","hentry"],"_links":{"self":[{"href":"https:\/\/eurodirections.com\/ro\/wp-json\/wp\/v2\/pages\/26261","targetHints":{"allow":["GET"]}}],"collection":[{"href":"https:\/\/eurodirections.com\/ro\/wp-json\/wp\/v2\/pages"}],"about":[{"href":"https:\/\/eurodirections.com\/ro\/wp-json\/wp\/v2\/types\/page"}],"author":[{"embeddable":true,"href":"https:\/\/eurodirections.com\/ro\/wp-json\/wp\/v2\/users\/4"}],"replies":[{"embeddable":true,"href":"https:\/\/eurodirections.com\/ro\/wp-json\/wp\/v2\/comments?post=26261"}],"version-history":[{"count":0,"href":"https:\/\/eurodirections.com\/ro\/wp-json\/wp\/v2\/pages\/26261\/revisions"}],"wp:featuredmedia":[{"embeddable":true,"href":"https:\/\/eurodirections.com\/ro\/wp-json\/wp\/v2\/media\/4508"}],"wp:attachment":[{"href":"https:\/\/eurodirections.com\/ro\/wp-json\/wp\/v2\/media?parent=26261"}],"curies":[{"name":"wp","href":"https:\/\/api.w.org\/{rel}","templated":true}]}}