{"id":22692,"date":"2022-04-01T14:27:31","date_gmt":"2022-04-01T14:27:31","guid":{"rendered":"https:\/\/eurodirections.com\/amsterdam-explorer-ghid-de-calatorie\/"},"modified":"2023-03-24T13:26:13","modified_gmt":"2023-03-24T13:26:13","slug":"amsterdam-ghid","status":"publish","type":"page","link":"https:\/\/eurodirections.com\/ro\/amsterdam-ghid\/","title":{"rendered":"Amsterdam Explorer &#038; Ghid de c\u0103l\u0103torie"},"content":{"rendered":"<div id=\"ez-toc-container\" class=\"ez-toc-v2_0_82_2 counter-hierarchy ez-toc-counter ez-toc-grey ez-toc-container-direction\">\n<div class=\"ez-toc-title-container\">\n<p class=\"ez-toc-title\" style=\"cursor:inherit\">Table of Contents<\/p>\n<span class=\"ez-toc-title-toggle\"><a href=\"#\" class=\"ez-toc-pull-right ez-toc-btn ez-toc-btn-xs ez-toc-btn-default ez-toc-toggle\" aria-label=\"Toggle Table of Content\"><span class=\"ez-toc-js-icon-con\"><span class=\"\"><span class=\"eztoc-hide\" style=\"display:none;\">Toggle<\/span><span class=\"ez-toc-icon-toggle-span\"><svg style=\"fill: #999;color:#999\" xmlns=\"http:\/\/www.w3.org\/2000\/svg\" class=\"list-377408\" width=\"20px\" height=\"20px\" viewBox=\"0 0 24 24\" fill=\"none\"><path d=\"M6 6H4v2h2V6zm14 0H8v2h12V6zM4 11h2v2H4v-2zm16 0H8v2h12v-2zM4 16h2v2H4v-2zm16 0H8v2h12v-2z\" fill=\"currentColor\"><\/path><\/svg><svg style=\"fill: #999;color:#999\" class=\"arrow-unsorted-368013\" xmlns=\"http:\/\/www.w3.org\/2000\/svg\" width=\"10px\" height=\"10px\" viewBox=\"0 0 24 24\" version=\"1.2\" baseProfile=\"tiny\"><path d=\"M18.2 9.3l-6.2-6.3-6.2 6.3c-.2.2-.3.4-.3.7s.1.5.3.7c.2.2.4.3.7.3h11c.3 0 .5-.1.7-.3.2-.2.3-.5.3-.7s-.1-.5-.3-.7zM5.8 14.7l6.2 6.3 6.2-6.3c.2-.2.3-.5.3-.7s-.1-.5-.3-.7c-.2-.2-.4-.3-.7-.3h-11c-.3 0-.5.1-.7.3-.2.2-.3.5-.3.7s.1.5.3.7z\"\/><\/svg><\/span><\/span><\/span><\/a><\/span><\/div>\n<nav><ul class='ez-toc-list ez-toc-list-level-1 eztoc-toggle-hide-by-default' ><li class='ez-toc-page-1 ez-toc-heading-level-3'><a class=\"ez-toc-link ez-toc-heading-1\" href=\"https:\/\/eurodirections.com\/ro\/amsterdam-ghid\/#Bucket-list-de-Amsterdam-Travel\" >Bucket list de Amsterdam Travel<\/a><\/li><li class='ez-toc-page-1 ez-toc-heading-level-3'><a class=\"ez-toc-link ez-toc-heading-2\" href=\"https:\/\/eurodirections.com\/ro\/amsterdam-ghid\/#Amsterdam-ghid-de-zboruri-ieftine\" >Amsterdam ghid de zboruri ieftine<\/a><\/li><li class='ez-toc-page-1 ez-toc-heading-level-3'><a class=\"ez-toc-link ez-toc-heading-3\" href=\"https:\/\/eurodirections.com\/ro\/amsterdam-ghid\/#Lucruri-pe-care-nu-trebuie-sa-le-ratati-in-Amsterdam\" >Lucruri pe care nu trebuie s\u0103 le rata\u021bi \u00een Amsterdam<\/a><\/li><li class='ez-toc-page-1 ez-toc-heading-level-3'><a class=\"ez-toc-link ez-toc-heading-4\" href=\"https:\/\/eurodirections.com\/ro\/amsterdam-ghid\/#Mancati-ca-un-localnic-in-Amsterdam\" >M\u00e2nca\u021bi ca un localnic \u00een Amsterdam<\/a><\/li><li class='ez-toc-page-1 ez-toc-heading-level-3'><a class=\"ez-toc-link ez-toc-heading-5\" href=\"https:\/\/eurodirections.com\/ro\/amsterdam-ghid\/#Unde-sa-stati-in-Amsterdam\" >Unde s\u0103 sta\u021bi \u00een Amsterdam<\/a><\/li><li class='ez-toc-page-1 ez-toc-heading-level-3'><a class=\"ez-toc-link ez-toc-heading-6\" href=\"https:\/\/eurodirections.com\/ro\/amsterdam-ghid\/#Harta-hotelurilor-din-Amsterdam-cu-preturile-camerelor\" >Harta hotelurilor din Amsterdam cu pre\u021burile camerelor<\/a><\/li><\/ul><\/nav><\/div>\n<h3><span class=\"ez-toc-section\" id=\"Bucket-list-de-Amsterdam-Travel\"><\/span><b>Bucket list de Amsterdam Travel<\/b><span class=\"ez-toc-section-end\"><\/span><\/h3>\n<p><span style=\"font-weight: 400;\">Intra\u021bi \u00een Amsterdam \u0219i ve\u021bi g\u0103si mii de lucruri de f\u0103cut \u0219i de v\u0103zut.<br \/>\nCel mai interesant ora\u0219 din Europa, cu locuri de vizitat la fiecare col\u021b, \u00eei face pe oameni s\u0103 se \u00eentoarc\u0103 aici la nesf\u00e2r\u0219it.<br \/>\nFie c\u0103 sunte\u021bi \u00een c\u0103utarea unei excursii culturale, a vie\u021bii de noapte sau a unei atrac\u021bii naturale, ve\u021bi g\u0103si totul \u00eentr-un singur loc. <\/span><\/p>\n<h3><span class=\"ez-toc-section\" id=\"Amsterdam-ghid-de-zboruri-ieftine\"><\/span>Amsterdam ghid de zboruri ieftine<span class=\"ez-toc-section-end\"><\/span><\/h3>\n<p><span style=\"color: #999999;\">Asistentul de c\u0103l\u0103torie Amsterdam pentru c\u0103l\u0103torii care planific\u0103 o c\u0103l\u0103torie \u00een Olanda &#8211; g\u0103si\u021bi zboruri ieftine c\u0103tre Amsterdam cu ajutorul ghidului de bilete ieftine:<\/span><\/p>\n<p><script src=\"\/\/tp.media\/content?currency=eur&amp;promo_id=4044&amp;shmarker=14350&amp;campaign_id=100&amp;trs=147545&amp;target_host=air.eurodirections.com%2Fflights&amp;locale=ro&amp;limit=12&amp;powered_by=true&amp;secondary=%23FF4000&amp;destination=AMS\" charset=\"utf-8\"><\/script><\/p>\n<h3><span class=\"ez-toc-section\" id=\"Lucruri-pe-care-nu-trebuie-sa-le-ratati-in-Amsterdam\"><\/span><b>Lucruri pe care nu trebuie s\u0103 le rata\u021bi \u00een Amsterdam<\/b><span class=\"ez-toc-section-end\"><\/span><\/h3>\n<ul>\n<li style=\"font-weight: 400;\" aria-level=\"1\"><span style=\"font-weight: 400;\">Face\u021bi un tur cu bicicleta \u00een Amsterdam, explor\u00e2nd toate pietrele ascunse.<\/span><\/li>\n<li style=\"font-weight: 400;\" aria-level=\"1\"><span style=\"font-weight: 400;\">Relaxa\u021bi-v\u0103 \u0219i bucura\u021bi-v\u0103 de soare \u0219i de natur\u0103 \u00een Vondelpark, cel mai mare parc din ora\u0219.<\/span><\/li>\n<li style=\"font-weight: 400;\" aria-level=\"1\"><span style=\"font-weight: 400;\">Pierde\u021bi-v\u0103 \u00een cartierul Jordaan, centrul istoriei, al culturii \u0219i al gastronomiei.<\/span><\/li>\n<li style=\"font-weight: 400;\" aria-level=\"1\"><span style=\"font-weight: 400;\">Vizita\u021bi muzeul Anna Frank House, unde a locuit timp de doi ani \u0219i a scris un jurnal care avea s\u0103 devin\u0103 un best-seller.<\/span><\/li>\n<li style=\"font-weight: 400;\" aria-level=\"1\"><span style=\"font-weight: 400;\">G\u0103si\u021bi cea mai mare colec\u021bie de picturi Van Gogh \u00een Muzeul Van Gogh.<\/span><\/li>\n<li style=\"font-weight: 400;\" aria-level=\"1\"><span style=\"font-weight: 400;\">Face\u021bi o plimbare nocturn\u0103 pe De Negen Straatjes (cele nou\u0103 str\u0103du\u021be) pentru a explora str\u0103zile \u0219i buticurile frumoase. <\/span><\/li>\n<\/ul>\n<h3><span class=\"ez-toc-section\" id=\"Mancati-ca-un-localnic-in-Amsterdam\"><\/span><b>M\u00e2nca\u021bi ca un localnic \u00een Amsterdam<\/b><span class=\"ez-toc-section-end\"><\/span><\/h3>\n<ul>\n<li style=\"font-weight: 400;\" aria-level=\"1\"><span style=\"font-weight: 400;\">Lua\u021bi cina \u00een Jansz, un restaurant popular cu preparate rafinate, care a fost c\u00e2ndva o farmacie.<\/span><\/li>\n<li style=\"font-weight: 400;\" aria-level=\"1\"><span style=\"font-weight: 400;\">Pentru o cin\u0103 accesibil\u0103 \u0219i gustoas\u0103, merge\u021bi la Hap-Hmm \u0219i comanda\u021bi o friptur\u0103 de vit\u0103 moale ca untul.<\/span><\/li>\n<li style=\"font-weight: 400;\" aria-level=\"1\"><span style=\"font-weight: 400;\">Pentru preparate din pe\u0219te, vizita\u021bi Pesca, &#8222;teatrul pe\u0219telui&#8221;, unde ve\u021bi servi un pahar de \u0219ampanie \u00een timp ce alege\u021bi un fel de m\u00e2ncare. <\/span><\/li>\n<li style=\"font-weight: 400;\" aria-level=\"1\"><span style=\"font-weight: 400;\">Bucura\u021bi-v\u0103 de o diminea\u021b\u0103 minunat\u0103 \u00een Breakfast Club cu un mic dejun gustos \u0219i o cafea aromat\u0103. <\/span><\/li>\n<li style=\"font-weight: 400;\" aria-level=\"1\"><span style=\"font-weight: 400;\">Face\u021bi un tur al barurilor din Amsterdam \u0219i \u00eencepe\u021bi cu Hiding in the Plain Sight, un bar \u00een stil speakeasy.<\/span><\/li>\n<\/ul>\n<h3><span class=\"ez-toc-section\" id=\"Unde-sa-stati-in-Amsterdam\"><\/span><b>Unde s\u0103 sta\u021bi \u00een Amsterdam<\/b><span class=\"ez-toc-section-end\"><\/span><\/h3>\n<ul>\n<li style=\"font-weight: 400;\" aria-level=\"1\"><span style=\"font-weight: 400;\"><strong>Hotelul TwentySeven<\/strong> &#8211; Small Luxury Hotels of the World este cu siguran\u021b\u0103 alegerea dvs. pentru a v\u0103 bucura de Amsterdam \u00eentr-un lux absolut.<\/span><\/li>\n<li style=\"font-weight: 400;\" aria-level=\"1\"><span style=\"font-weight: 400;\">G\u0103si\u021bi combina\u021bia inimaginabil\u0103 de culori \u0219i texturi \u00een <strong>hotelul<\/strong> de 4 stele <strong>Esther\u00e9a<\/strong>.<\/span><\/li>\n<li style=\"font-weight: 400;\" aria-level=\"1\"><span style=\"font-weight: 400;\">\u00cen <strong>hotelul<\/strong> de 3 stele <strong>Aalders<\/strong>, de 3 stele, confortul poate fi \u00eenc\u0103 accesibil, iar camerele au culori discrete.<\/span><\/li>\n<li style=\"font-weight: 400;\" aria-level=\"1\"><span style=\"font-weight: 400;\">Alege\u021bi conceptul <strong>BUNK Hotel Amsterdam<\/strong>, unde luxul accesibil este combinat cu paturi supraetajate cu design unic. <\/span><\/li>\n<li style=\"font-weight: 400;\" aria-level=\"1\"><span style=\"font-weight: 400;\">Face\u021bi o excursie de o zi la plaja Scheveningen \u0219i caza\u021bi-v\u0103 la <strong>Hotel Ramada The Hague Scheveningen<\/strong>.<\/span><\/li>\n<\/ul>\n<p><script src=\"https:\/\/www.travelpayouts.com\/chansey\/iframe.js?v=1&amp;marker=14350&amp;host=air.eurodirections.com%2Fhotels&amp;locale=ro&amp;currency=eur&amp;nobooking=&amp;powered_by=false&amp;hotel_id=296344\" charset=\"utf-8\" async=\"\"><\/script><\/p>\n<p>\u2014<\/p>\n<h3><span class=\"ez-toc-section\" id=\"Harta-hotelurilor-din-Amsterdam-cu-preturile-camerelor\"><\/span>Harta hotelurilor din Amsterdam cu pre\u021burile camerelor<span class=\"ez-toc-section-end\"><\/span><\/h3>\n<p><script src=\"\/\/tp.media\/content?0=0&amp;1=10&amp;promo_id=4285&amp;shmarker=14350&amp;campaign_id=101&amp;search_host=air.eurodirections.com%2Fhotels&amp;locale=ro&amp;currency=eur&amp;draggable=true&amp;disable_zoom=false&amp;show_logo=false&amp;scrollwheel=false&amp;color=%230759B0&amp;contrast_color=%23ffffff&amp;width=720&amp;height=500&amp;zoom=14&amp;radius=60&amp;stars=0%2C1%2C2%2C3%2C4%2C5&amp;price_from=&amp;price_to=&amp;lat=52.373094&amp;lng=4.892535\" charset=\"utf-8\"><\/script><br \/>\n\u2014<\/p>\n<p>Explora\u021bi <strong><br \/>\n<a title=\"Explora\u021bi cele mai bune ora\u0219e din Europa\" href=\"https:\/\/eurodirections.com\/ro\/cele-mai-bune-orase-din-europa\/\" target=\"_blank\" rel=\"noopener\" data-schema-attribute=\"about\">cele mai bune ora\u0219e din Europa aici<\/a><br \/>\n<\/strong> sau <strong>verifica\u021bi pre\u021burile zborurilor<\/strong> \u2708 pentru urm\u0103toarea destina\u021bie de c\u0103l\u0103torie mai jos:<\/p>\n<p><script src=\"\/\/tp.media\/content?currency=eur&amp;promo_id=7873&amp;shmarker=14350&amp;campaign_id=101&amp;trs=147545&amp;show_hotels=false&amp;locale=ro&amp;searchUrl=search.hotellook.com&amp;primary=%23FF6600&amp;secondary=%23FFFFFF&amp;dark=%23262626&amp;light=%23FFFFFF&amp;special=%23C4C4C4&amp;border_radius=5&amp;no_labels=&amp;plain=true&amp;powered_by=false\" charset=\"utf-8\"><\/script><\/p>\n","protected":false},"excerpt":{"rendered":"<p>Bucket list de Amsterdam Travel Intra\u021bi \u00een Amsterdam \u0219i ve\u021bi g\u0103si mii de lucruri de f\u0103cut \u0219i de v\u0103zut. Cel mai interesant ora\u0219 din Europa, cu locuri de vizitat la fiecare col\u021b, \u00eei face pe oameni s\u0103 se \u00eentoarc\u0103 aici la nesf\u00e2r\u0219it. Fie c\u0103 sunte\u021bi \u00een c\u0103utarea unei excursii culturale, a vie\u021bii de noapte sau [&hellip;]<\/p>\n","protected":false},"author":1,"featured_media":4117,"parent":0,"menu_order":0,"comment_status":"closed","ping_status":"closed","template":"","meta":{"footnotes":""},"class_list":["post-22692","page","type-page","status-publish","has-post-thumbnail","hentry"],"_links":{"self":[{"href":"https:\/\/eurodirections.com\/ro\/wp-json\/wp\/v2\/pages\/22692","targetHints":{"allow":["GET"]}}],"collection":[{"href":"https:\/\/eurodirections.com\/ro\/wp-json\/wp\/v2\/pages"}],"about":[{"href":"https:\/\/eurodirections.com\/ro\/wp-json\/wp\/v2\/types\/page"}],"author":[{"embeddable":true,"href":"https:\/\/eurodirections.com\/ro\/wp-json\/wp\/v2\/users\/1"}],"replies":[{"embeddable":true,"href":"https:\/\/eurodirections.com\/ro\/wp-json\/wp\/v2\/comments?post=22692"}],"version-history":[{"count":0,"href":"https:\/\/eurodirections.com\/ro\/wp-json\/wp\/v2\/pages\/22692\/revisions"}],"wp:featuredmedia":[{"embeddable":true,"href":"https:\/\/eurodirections.com\/ro\/wp-json\/wp\/v2\/media\/4117"}],"wp:attachment":[{"href":"https:\/\/eurodirections.com\/ro\/wp-json\/wp\/v2\/media?parent=22692"}],"curies":[{"name":"wp","href":"https:\/\/api.w.org\/{rel}","templated":true}]}}