{"id":22641,"date":"2022-04-06T10:11:24","date_gmt":"2022-04-06T10:11:24","guid":{"rendered":"https:\/\/eurodirections.com\/atena-calatorie-bucket-list\/"},"modified":"2023-03-24T12:29:28","modified_gmt":"2023-03-24T12:29:28","slug":"atena-calatorie","status":"publish","type":"page","link":"https:\/\/eurodirections.com\/ro\/atena-calatorie\/","title":{"rendered":"Atena c\u0103l\u0103torie bucket list"},"content":{"rendered":"<div id=\"ez-toc-container\" class=\"ez-toc-v2_0_82_2 counter-hierarchy ez-toc-counter ez-toc-grey ez-toc-container-direction\">\n<div class=\"ez-toc-title-container\">\n<p class=\"ez-toc-title\" style=\"cursor:inherit\">Table of Contents<\/p>\n<span class=\"ez-toc-title-toggle\"><a href=\"#\" class=\"ez-toc-pull-right ez-toc-btn ez-toc-btn-xs ez-toc-btn-default ez-toc-toggle\" aria-label=\"Toggle Table of Content\"><span class=\"ez-toc-js-icon-con\"><span class=\"\"><span class=\"eztoc-hide\" style=\"display:none;\">Toggle<\/span><span class=\"ez-toc-icon-toggle-span\"><svg style=\"fill: #999;color:#999\" xmlns=\"http:\/\/www.w3.org\/2000\/svg\" class=\"list-377408\" width=\"20px\" height=\"20px\" viewBox=\"0 0 24 24\" fill=\"none\"><path d=\"M6 6H4v2h2V6zm14 0H8v2h12V6zM4 11h2v2H4v-2zm16 0H8v2h12v-2zM4 16h2v2H4v-2zm16 0H8v2h12v-2z\" fill=\"currentColor\"><\/path><\/svg><svg style=\"fill: #999;color:#999\" class=\"arrow-unsorted-368013\" xmlns=\"http:\/\/www.w3.org\/2000\/svg\" width=\"10px\" height=\"10px\" viewBox=\"0 0 24 24\" version=\"1.2\" baseProfile=\"tiny\"><path d=\"M18.2 9.3l-6.2-6.3-6.2 6.3c-.2.2-.3.4-.3.7s.1.5.3.7c.2.2.4.3.7.3h11c.3 0 .5-.1.7-.3.2-.2.3-.5.3-.7s-.1-.5-.3-.7zM5.8 14.7l6.2 6.3 6.2-6.3c.2-.2.3-.5.3-.7s-.1-.5-.3-.7c-.2-.2-.4-.3-.7-.3h-11c-.3 0-.5.1-.7.3-.2.2-.3.5-.3.7s.1.5.3.7z\"\/><\/svg><\/span><\/span><\/span><\/a><\/span><\/div>\n<nav><ul class='ez-toc-list ez-toc-list-level-1 eztoc-toggle-hide-by-default' ><li class='ez-toc-page-1 ez-toc-heading-level-2'><a class=\"ez-toc-link ez-toc-heading-1\" href=\"https:\/\/eurodirections.com\/ro\/atena-calatorie\/#Lista-de-lucruri-de-facut-in-Atena-Ghid-turistic\" >Lista de lucruri de f\u0103cut \u00een Atena | Ghid turistic<\/a><ul class='ez-toc-list-level-3' ><li class='ez-toc-heading-level-3'><a class=\"ez-toc-link ez-toc-heading-2\" href=\"https:\/\/eurodirections.com\/ro\/atena-calatorie\/#Lucruri-pe-care-nu-trebuie-sa-le-ratati-in-Atena\" >Lucruri pe care nu trebuie s\u0103 le rata\u021bi \u00een Atena<\/a><\/li><li class='ez-toc-page-1 ez-toc-heading-level-3'><a class=\"ez-toc-link ez-toc-heading-3\" href=\"https:\/\/eurodirections.com\/ro\/atena-calatorie\/#Mancati-ca-un-localnic-in-Atena\" >M\u00e2nca\u021bi ca un localnic \u00een Atena<\/a><\/li><li class='ez-toc-page-1 ez-toc-heading-level-3'><a class=\"ez-toc-link ez-toc-heading-4\" href=\"https:\/\/eurodirections.com\/ro\/atena-calatorie\/#Unde-sa-stati-in-Atena\" >Unde s\u0103 sta\u021bi \u00een Atena<\/a><\/li><li class='ez-toc-page-1 ez-toc-heading-level-3'><a class=\"ez-toc-link ez-toc-heading-5\" href=\"https:\/\/eurodirections.com\/ro\/atena-calatorie\/#Harta-hotelurilor-din-Atena-cu-preturi\" >Harta hotelurilor din Atena cu pre\u021buri<\/a><\/li><li class='ez-toc-page-1 ez-toc-heading-level-3'><a class=\"ez-toc-link ez-toc-heading-6\" href=\"https:\/\/eurodirections.com\/ro\/atena-calatorie\/#Zbor-spre-Atena\" >Zbor spre Atena<\/a><\/li><\/ul><\/li><\/ul><\/nav><\/div>\n<h2><span class=\"ez-toc-section\" id=\"Lista-de-lucruri-de-facut-in-Atena-Ghid-turistic\"><\/span><b>Lista de lucruri de f\u0103cut \u00een Atena | Ghid turistic<\/b><span class=\"ez-toc-section-end\"><\/span><\/h2>\n<p><span style=\"font-weight: 400;\">Atena, unul dintre cele mai vechi ora\u0219e din lume, leag\u0103nul civiliza\u021biilor \u0219i locul de na\u0219tere al democra\u021biei, este acum o destina\u021bie turistic\u0103 popular\u0103, cu sute de lucruri de v\u0103zut \u0219i de f\u0103cut. Vizitate de peste 6 milioane de turi\u0219ti \u00een fiecare an, faimoasele atrac\u021bii din Atena sunt mereu aglomerate, iar via\u021ba zumz\u0103ie de la apus p\u00e2n\u0103 \u00een zori. <\/span><\/p>\n<p><iframe style=\"border: 1px solid #EEE; background: white;\" src=\"about:blank\" width=\"880\" height=\"270\" frameborder=\"0\" scrolling=\"no\" class=\"lazyload\" data-src=\"https:\/\/eurodirections.substack.com\/embed\"><span data-mce-type=\"bookmark\" style=\"display: inline-block; width: 0px; overflow: hidden; line-height: 0;\" class=\"mce_SELRES_start\"><\/span><span data-mce-type=\"bookmark\" style=\"display: inline-block; width: 0px; overflow: hidden; line-height: 0;\" class=\"mce_SELRES_start\" align=\"center\"><\/span><\/iframe><\/p>\n<h3><span class=\"ez-toc-section\" id=\"Lucruri-pe-care-nu-trebuie-sa-le-ratati-in-Atena\"><\/span><b>Lucruri pe care nu trebuie s\u0103 le rata\u021bi \u00een Atena<\/b><span class=\"ez-toc-section-end\"><\/span><\/h3>\n<ul>\n<li style=\"font-weight: 400;\" aria-level=\"1\"><span style=\"font-weight: 400;\">Urca\u021bi pe Acropole pentru a vedea Parthenonul, Erechtheion \u0219i Templul Atenei Nike \u0219i bucura\u021bi-v\u0103 de priveli\u0219tea ora\u0219ului. <\/span><\/li>\n<li style=\"font-weight: 400;\" aria-level=\"1\"><span style=\"font-weight: 400;\">Plimba\u021bi-v\u0103 prin cartierele Pl\u00e1ka \u0219i Anafiotika, zone turistice cu atmosfer\u0103 de sat grecesc, alei pietruite \u0219i pie\u021be mici. <\/span><\/li>\n<li style=\"font-weight: 400;\" aria-level=\"1\"><span style=\"font-weight: 400;\">Vizita\u021bi Agora antic\u0103 &#8211; ruinele pie\u021bei cu Stoa lui Attalos \u0219i Templul lui Hefaistos. <\/span><\/li>\n<li style=\"font-weight: 400;\" aria-level=\"1\"><span style=\"font-weight: 400;\">Schimba\u021bi peisajele \u0219i explora\u021bi arta modern\u0103 a graffiti-ului stradal din Atena.<\/span><\/li>\n<li style=\"font-weight: 400;\" aria-level=\"1\"><span style=\"font-weight: 400;\">Descoperi\u021bi artefacte pre\u021bioase ale istoriei grece\u0219ti \u0219i mondiale la Muzeul de Art\u0103 Cicladic\u0103.<\/span><\/li>\n<li style=\"font-weight: 400;\" aria-level=\"1\"><span style=\"font-weight: 400;\">Urm\u0103ri\u021bi schimbarea g\u0103rzii la cl\u0103direa Parlamentului de la Syntagma.<\/span><\/li>\n<\/ul>\n<h3><span class=\"ez-toc-section\" id=\"Mancati-ca-un-localnic-in-Atena\"><\/span><b>M\u00e2nca\u021bi ca un localnic \u00een Atena<\/b><span class=\"ez-toc-section-end\"><\/span><\/h3>\n<ul>\n<li style=\"font-weight: 400;\" aria-level=\"1\"><span style=\"font-weight: 400;\">C\u00e2nd face\u021bi cump\u0103r\u0103turi \u00een Plaka, g\u0103si\u021bi cea mai bun\u0103 salat\u0103 greceasc\u0103 la Pantelis Melissions The Poet Sandalmaker.<\/span><\/li>\n<li style=\"font-weight: 400;\" aria-level=\"1\"><span style=\"font-weight: 400;\">Lua\u021bi cele mai bune loukoumades (gogo\u0219i grece\u0219ti) acoperite cu miere \u0219i scor\u021bi\u0219oar\u0103 \u00een Lukumades.<\/span><\/li>\n<li style=\"font-weight: 400;\" aria-level=\"1\"><span style=\"font-weight: 400;\">M\u0103n\u00e2nc\u0103 adev\u0103ratul Gyros de clas\u0103 \u0219i \u00eenva\u021b\u0103 cum s\u0103 pronun\u021bi corect numele.<\/span><\/li>\n<li style=\"font-weight: 400;\" aria-level=\"1\"><span style=\"font-weight: 400;\">Explora\u021bi pia\u021ba central\u0103 din Atena pentru a g\u0103si carne \u0219i pe\u0219te proasp\u0103t, br\u00e2nz\u0103 \u0219i, bine\u00een\u021beles, m\u0103sline.<\/span><\/li>\n<li style=\"font-weight: 400;\" aria-level=\"1\"><span style=\"font-weight: 400;\">V\u0103 ve\u021bi bucura de sear\u0103 \u0219i de cin\u0103 \u00eentr-unul dintre restaurantele de pe strada Mnisikleous, un cartier aglomerat cu o atmosfer\u0103 relaxat\u0103.<\/span><\/li>\n<li style=\"font-weight: 400;\" aria-level=\"1\"><span style=\"font-weight: 400;\">Lua\u021bi un produs de patiserie, cum ar fi tiropita sau spanakopita, dintr-una dintre brut\u0103riile de pe strad\u0103, \u00een timp ce trece\u021bi de la un muzeu la altul.<\/span><\/li>\n<\/ul>\n<h3><span class=\"ez-toc-section\" id=\"Unde-sa-stati-in-Atena\"><\/span><b>Unde s\u0103 sta\u021bi \u00een Atena<\/b><span class=\"ez-toc-section-end\"><\/span><\/h3>\n<ul>\n<li style=\"font-weight: 400;\" aria-level=\"1\"><span style=\"font-weight: 400;\">Alege\u021bi hotelul Hellenic Vibes Smart Hotel de 5 stele din Atena, cu un interior modern \u0219i minimalist \u0219i detalii pentru un sejur de lux.<\/span><\/li>\n<li style=\"font-weight: 400;\" aria-level=\"1\"><span style=\"font-weight: 400;\">Bucura\u021bi-v\u0103 de vibra\u021biile Atenei din confortul camerei dvs. de la Ivis 4 Boutique Hotel, un hotel de 4 stele situat \u00een inima Atenei.<\/span><\/li>\n<li style=\"font-weight: 400;\" aria-level=\"1\"><span style=\"font-weight: 400;\">NLH KERAMEIKOS &#8211; Neighborhood Lifestyle Hotels este o op\u021biune perfect\u0103 dac\u0103 sunte\u021bi \u00een c\u0103utarea unui hotel accesibil, dar confortabil \u0219i elegant.<\/span><\/li>\n<li style=\"font-weight: 400;\" aria-level=\"1\"><span style=\"font-weight: 400;\">Creat de c\u0103l\u0103tori \u0219i pentru c\u0103l\u0103tori, Nubian Hostel Athens este un loc minunat pentru a g\u0103si confort chiar dac\u0103 ave\u021bi un buget limitat.<\/span><\/li>\n<li style=\"font-weight: 400;\" aria-level=\"1\"><span style=\"font-weight: 400;\">Face\u021bi o excursie de o zi la Tolo, \u00een Peloponez, pentru a v\u0103 bucura de plajele de o frumuse\u021be paradisiac\u0103 din Grecia \u0219i caza\u021bi-v\u0103 la un hotel de 4 stele la mod\u0103, John &amp; George Hotel.<\/span><\/li>\n<\/ul>\n<h3><span class=\"ez-toc-section\" id=\"Harta-hotelurilor-din-Atena-cu-preturi\"><\/span>Harta hotelurilor din Atena cu pre\u021buri<span class=\"ez-toc-section-end\"><\/span><\/h3>\n<p><script src=\"\/\/tp.media\/content?0=0&amp;1=10&amp;promo_id=4285&amp;shmarker=14350&amp;campaign_id=101&amp;search_host=air.eurodirections.com%2Fhotels&amp;locale=en&amp;currency=eur&amp;draggable=true&amp;disable_zoom=false&amp;show_logo=false&amp;scrollwheel=false&amp;color=%230759B0&amp;contrast_color=%23ffffff&amp;width=720&amp;height=500&amp;zoom=13&amp;radius=60&amp;stars=0%2C1%2C2%2C3%2C4%2C5&amp;price_from=&amp;price_to=&amp;lat=37.987128&amp;lng=23.726691\" charset=\"utf-8\"><\/script><\/p>\n<h3 style=\"text-align: left;\"><span class=\"ez-toc-section\" id=\"Zbor-spre-Atena\"><\/span>Zbor spre Atena<span class=\"ez-toc-section-end\"><\/span><\/h3>\n<p><script src=\"https:\/\/tp.media\/content?trs=147545&amp;shmarker=14350&amp;destination=ATH&amp;target_host=air.eurodirections.com%2Fflights&amp;locale=en&amp;currency=eur&amp;limit=10&amp;powered_by=false&amp;primary=%23D80D61ff&amp;promo_id=4044&amp;campaign_id=100\" charset=\"utf-8\"><\/script><\/p>\n<p><a href=\"https:\/\/eurodirections.com\/ro\/zboruri-spre-atena-grecia\/\">C\u0103uta\u021bi toate zborurile c\u0103tre Atena<\/a><\/p>\n","protected":false},"excerpt":{"rendered":"<p>Lista de lucruri de f\u0103cut \u00een Atena | Ghid turistic Atena, unul dintre cele mai vechi ora\u0219e din lume, leag\u0103nul civiliza\u021biilor \u0219i locul de na\u0219tere al democra\u021biei, este acum o destina\u021bie turistic\u0103 popular\u0103, cu sute de lucruri de v\u0103zut \u0219i de f\u0103cut. Vizitate de peste 6 milioane de turi\u0219ti \u00een fiecare an, faimoasele atrac\u021bii din [&hellip;]<\/p>\n","protected":false},"author":1,"featured_media":4198,"parent":0,"menu_order":0,"comment_status":"closed","ping_status":"closed","template":"","meta":{"footnotes":""},"class_list":["post-22641","page","type-page","status-publish","has-post-thumbnail","hentry"],"_links":{"self":[{"href":"https:\/\/eurodirections.com\/ro\/wp-json\/wp\/v2\/pages\/22641","targetHints":{"allow":["GET"]}}],"collection":[{"href":"https:\/\/eurodirections.com\/ro\/wp-json\/wp\/v2\/pages"}],"about":[{"href":"https:\/\/eurodirections.com\/ro\/wp-json\/wp\/v2\/types\/page"}],"author":[{"embeddable":true,"href":"https:\/\/eurodirections.com\/ro\/wp-json\/wp\/v2\/users\/1"}],"replies":[{"embeddable":true,"href":"https:\/\/eurodirections.com\/ro\/wp-json\/wp\/v2\/comments?post=22641"}],"version-history":[{"count":0,"href":"https:\/\/eurodirections.com\/ro\/wp-json\/wp\/v2\/pages\/22641\/revisions"}],"wp:featuredmedia":[{"embeddable":true,"href":"https:\/\/eurodirections.com\/ro\/wp-json\/wp\/v2\/media\/4198"}],"wp:attachment":[{"href":"https:\/\/eurodirections.com\/ro\/wp-json\/wp\/v2\/media?parent=22641"}],"curies":[{"name":"wp","href":"https:\/\/api.w.org\/{rel}","templated":true}]}}