{"id":22265,"date":"2022-04-05T19:00:54","date_gmt":"2022-04-05T19:00:54","guid":{"rendered":"https:\/\/eurodirections.com\/lista-de-dorinte-de-calatorie-la-lisabona\/"},"modified":"2023-03-20T09:28:04","modified_gmt":"2023-03-20T09:28:04","slug":"lisabona","status":"publish","type":"page","link":"https:\/\/eurodirections.com\/ro\/lisabona\/","title":{"rendered":"Lista de dorin\u021be de c\u0103l\u0103torie la Lisabona"},"content":{"rendered":"<div id=\"ez-toc-container\" class=\"ez-toc-v2_0_82_2 counter-hierarchy ez-toc-counter ez-toc-grey ez-toc-container-direction\">\n<div class=\"ez-toc-title-container\">\n<p class=\"ez-toc-title\" style=\"cursor:inherit\">Table of Contents<\/p>\n<span class=\"ez-toc-title-toggle\"><a href=\"#\" class=\"ez-toc-pull-right ez-toc-btn ez-toc-btn-xs ez-toc-btn-default ez-toc-toggle\" aria-label=\"Toggle Table of Content\"><span class=\"ez-toc-js-icon-con\"><span class=\"\"><span class=\"eztoc-hide\" style=\"display:none;\">Toggle<\/span><span class=\"ez-toc-icon-toggle-span\"><svg style=\"fill: #999;color:#999\" xmlns=\"http:\/\/www.w3.org\/2000\/svg\" class=\"list-377408\" width=\"20px\" height=\"20px\" viewBox=\"0 0 24 24\" fill=\"none\"><path d=\"M6 6H4v2h2V6zm14 0H8v2h12V6zM4 11h2v2H4v-2zm16 0H8v2h12v-2zM4 16h2v2H4v-2zm16 0H8v2h12v-2z\" fill=\"currentColor\"><\/path><\/svg><svg style=\"fill: #999;color:#999\" class=\"arrow-unsorted-368013\" xmlns=\"http:\/\/www.w3.org\/2000\/svg\" width=\"10px\" height=\"10px\" viewBox=\"0 0 24 24\" version=\"1.2\" baseProfile=\"tiny\"><path d=\"M18.2 9.3l-6.2-6.3-6.2 6.3c-.2.2-.3.4-.3.7s.1.5.3.7c.2.2.4.3.7.3h11c.3 0 .5-.1.7-.3.2-.2.3-.5.3-.7s-.1-.5-.3-.7zM5.8 14.7l6.2 6.3 6.2-6.3c.2-.2.3-.5.3-.7s-.1-.5-.3-.7c-.2-.2-.4-.3-.7-.3h-11c-.3 0-.5.1-.7.3-.2.2-.3.5-.3.7s.1.5.3.7z\"\/><\/svg><\/span><\/span><\/span><\/a><\/span><\/div>\n<nav><ul class='ez-toc-list ez-toc-list-level-1 eztoc-toggle-hide-by-default' ><li class='ez-toc-page-1 ez-toc-heading-level-2'><a class=\"ez-toc-link ez-toc-heading-1\" href=\"https:\/\/eurodirections.com\/ro\/lisabona\/#Explorati-Lisabona-lista-de-dorinte-pentru-turisti\" >Explora\u021bi Lisabona: lista de dorin\u021be pentru turi\u0219ti<\/a><ul class='ez-toc-list-level-3' ><li class='ez-toc-heading-level-3'><a class=\"ez-toc-link ez-toc-heading-2\" href=\"https:\/\/eurodirections.com\/ro\/lisabona\/#Lucruri-pe-care-nu-trebuie-sa-le-ratati-in-Lisabona\" >Lucruri pe care nu trebuie s\u0103 le rata\u021bi \u00een Lisabona<\/a><\/li><li class='ez-toc-page-1 ez-toc-heading-level-3'><a class=\"ez-toc-link ez-toc-heading-3\" href=\"https:\/\/eurodirections.com\/ro\/lisabona\/#Mancati-ca-un-localnic-in-Lisabona\" >M\u00e2nca\u021bi ca un localnic \u00een Lisabona<\/a><\/li><li class='ez-toc-page-1 ez-toc-heading-level-3'><a class=\"ez-toc-link ez-toc-heading-4\" href=\"https:\/\/eurodirections.com\/ro\/lisabona\/#Unde-sa-stati-in-Lisabona\" >Unde s\u0103 sta\u021bi \u00een Lisabona<\/a><\/li><li class='ez-toc-page-1 ez-toc-heading-level-3'><a class=\"ez-toc-link ez-toc-heading-5\" href=\"https:\/\/eurodirections.com\/ro\/lisabona\/#Zbor-spre-Lisabona\" >Zbor spre Lisabona<\/a><\/li><\/ul><\/li><\/ul><\/nav><\/div>\n<p>Urm\u0103ri\u021bi seria special\u0103 a revistei de c\u0103l\u0103torii Euro Directions despre <a title=\"Cele mai bune ora\u0219e din Europa\" href=\"https:\/\/eurodirections.com\/ro\/cele-mai-bune-orase-din-europa\/\" data-schema-attribute=\"about\">cele mai bune destina\u021bii turistice din Europa<\/a><\/p>\n<h2><span class=\"ez-toc-section\" id=\"Explorati-Lisabona-lista-de-dorinte-pentru-turisti\"><\/span><b>Explora\u021bi Lisabona: lista de dorin\u021be pentru turi\u0219ti<\/b><span class=\"ez-toc-section-end\"><\/span><\/h2>\n<p><span style=\"font-weight: 400;\">Capitala de coast\u0103 a Portugaliei, cu cl\u0103diri \u00een culori pastelate \u0219i acoperi\u0219uri de \u021bigl\u0103, este cel mai mare ora\u0219, centrul politic, economic \u0219i turistic al \u021b\u0103rii. Ora\u0219ul \u00eenc\u0103 mai p\u0103streaz\u0103 atmosfera secolului al XIX-lea, \u00een pofida \u0219oselei \u0219i a cl\u0103dirilor moderne. Ve\u021bi g\u0103si o arhitectur\u0103 unic\u0103, o istorie bogat\u0103, cea mai bun\u0103 m\u00e2ncare \u0219i o via\u021b\u0103 de noapte pe care nu ve\u021bi dori s\u0103 o rata\u021bi.<\/span><\/p>\n<h3><span class=\"ez-toc-section\" id=\"Lucruri-pe-care-nu-trebuie-sa-le-ratati-in-Lisabona\"><\/span><b>Lucruri pe care nu trebuie s\u0103 le rata\u021bi \u00een Lisabona<\/b><span class=\"ez-toc-section-end\"><\/span><\/h3>\n<ul>\n<li style=\"font-weight: 400;\" aria-level=\"1\"><span style=\"font-weight: 400;\">Minuna\u021bi-v\u0103 la Torre de Bel\u00e9m, un turn frumos, care seam\u0103n\u0103 cu un amestec de arhitectur\u0103 gotic\u0103 \u0219i romanic\u0103. <\/span><\/li>\n<li style=\"font-weight: 400;\" aria-level=\"1\"><span style=\"font-weight: 400;\">Merge\u021bi cu tramvaiul 28 pe drumurile abrupte \u0219i pietruite \u0219i descoperi\u021bi istoria ora\u0219ului \u00een timp ce trece\u021bi prin locuri maiestuoase. <\/span><\/li>\n<li style=\"font-weight: 400;\" aria-level=\"1\"><span style=\"font-weight: 400;\">Plimba\u021bi-v\u0103 \u00een districtul Alfama, cea mai veche parte a ora\u0219ului, cu str\u0103zi \u0219erpuitoare \u0219i alei \u00eenguste, capele cu fa\u021bade de \u021bigl\u0103 \u0219i Catedrala din Lisabona.<\/span><\/li>\n<li style=\"font-weight: 400;\" aria-level=\"1\"><span style=\"font-weight: 400;\">Bucura\u021bi-v\u0103 de via\u021ba de noapte din Bairro Alto \u0219i savura\u021bi Caipirinha \u00eentr-unul dintre barurile din cartier. <\/span><\/li>\n<li style=\"font-weight: 400;\" aria-level=\"1\"><span style=\"font-weight: 400;\">G\u0103se\u0219te Casa Independente, o re\u0219edin\u021b\u0103 privat\u0103 cu camere mobilate \u0219i o atmosfer\u0103 cu picioarele pe p\u0103m\u00e2nt, unde te po\u021bi bucura de b\u0103uturi, muzic\u0103 bun\u0103 \u0219i petreceri. <\/span><\/li>\n<\/ul>\n<p><iframe style=\"border: 1px solid #EEE; background: white;\" src=\"about:blank\" width=\"880\" height=\"270\" frameborder=\"0\" scrolling=\"no\" class=\"lazyload\" data-src=\"https:\/\/eurodirections.substack.com\/embed\"><span data-mce-type=\"bookmark\" style=\"display: inline-block; width: 0px; overflow: hidden; line-height: 0;\" class=\"mce_SELRES_start\"><\/span><span data-mce-type=\"bookmark\" style=\"display: inline-block; width: 0px; overflow: hidden; line-height: 0;\" class=\"mce_SELRES_start\" align=\"center\"><\/span><\/iframe><\/p>\n<h3><span class=\"ez-toc-section\" id=\"Mancati-ca-un-localnic-in-Lisabona\"><\/span><b>M\u00e2nca\u021bi ca un localnic \u00een Lisabona<\/b><span class=\"ez-toc-section-end\"><\/span><\/h3>\n<ul>\n<li style=\"font-weight: 400;\" aria-level=\"1\"><span style=\"font-weight: 400;\">G\u0103si\u021bi peste 40 de categorii de produse alimentare \u00een Time Out Market Lisboa \u0219i petrece\u021bi ceva timp \u00eencerc\u00e2nd cel pu\u021bin jum\u0103tate dintre ele. <\/span><\/li>\n<li style=\"font-weight: 400;\" aria-level=\"1\"><span style=\"font-weight: 400;\">Lua\u021bi una dintre cele mai uimitoare mese la restaurantul Loco, cu stele Michelin, cu buc\u0103t\u0103rie portughez\u0103 de avangard\u0103.<\/span><\/li>\n<li style=\"font-weight: 400;\" aria-level=\"1\"><span style=\"font-weight: 400;\">Vizita\u021bi cel mai vechi restaurant din Lisabona, Martinho da Arcada, pentru a savura o cea\u0219c\u0103 de cafea.<\/span><\/li>\n<li style=\"font-weight: 400;\" aria-level=\"1\"><span style=\"font-weight: 400;\">\u00cencerca\u021bi cel mai bun cod pr\u0103jit, fripturi de vi\u021bel \u0219i cartofi pr\u0103ji\u021bi la Z\u00e9 da Mouraria.<\/span><\/li>\n<li style=\"font-weight: 400;\" aria-level=\"1\"><span style=\"font-weight: 400;\">Lua\u021bi cina la Gambrinus cu o crochet\u0103, laleaua Gambrinus (bere mixt\u0103) \u0219i urm\u0103ri\u021bi prepararea cafelei cu baloane.<\/span><\/li>\n<li style=\"font-weight: 400;\" aria-level=\"1\"><span style=\"font-weight: 400;\">Fotografia\u021bi cl\u0103tite cu mascarpone \u0219i c\u0103p\u0219uni la cafeneaua Nicolau Lisboa.<\/span><\/li>\n<\/ul>\n<figure id=\"attachment_22201\" aria-describedby=\"caption-attachment-22201\" style=\"width: 1000px\" class=\"wp-caption alignnone\"><img fetchpriority=\"high\" decoding=\"async\" class=\"size-full wp-image-22201\" src=\"https:\/\/eurodirections.com\/wp-content\/uploads\/2023\/03\/welcome-to-lisbon-portugal.jpg\" alt=\"Bine a\u021bi venit la Lisabona, Portugalia, \u0219i bucura\u021bi-v\u0103 de c\u0103l\u0103toria dumneavoastr\u0103 cu revista de c\u0103l\u0103torie Euro Directions!\" width=\"1000\" height=\"667\" srcset=\"https:\/\/eurodirections.com\/wp-content\/uploads\/2023\/03\/welcome-to-lisbon-portugal.jpg 1000w, https:\/\/eurodirections.com\/wp-content\/uploads\/2023\/03\/welcome-to-lisbon-portugal-300x200.jpg 300w, https:\/\/eurodirections.com\/wp-content\/uploads\/2023\/03\/welcome-to-lisbon-portugal-768x512.jpg 768w\" sizes=\"(max-width: 1000px) 100vw, 1000px\" \/><figcaption id=\"caption-attachment-22201\" class=\"wp-caption-text\">Bine a\u021bi venit la Lisabona, Portugalia, \u0219i bucura\u021bi-v\u0103 de c\u0103l\u0103toria dumneavoastr\u0103 cu revista de c\u0103l\u0103torie Euro Directions! Fotografie de Vesela Vaclavik<\/figcaption><\/figure>\n<h3><span class=\"ez-toc-section\" id=\"Unde-sa-stati-in-Lisabona\"><\/span><b>Unde s\u0103 sta\u021bi \u00een Lisabona<\/b><span class=\"ez-toc-section-end\"><\/span><\/h3>\n<ul>\n<li style=\"font-weight: 400;\" aria-level=\"1\"><span style=\"font-weight: 400;\">Alege\u021bi atmosfera ambiental\u0103 a hotelului de 5 stele Wine &amp; Books Lisboa, care va deveni cea mai bun\u0103 expresie a vacan\u021bei dumneavoastr\u0103 \u00een capital\u0103. <\/span><\/li>\n<li style=\"font-weight: 400;\" aria-level=\"1\"><span style=\"font-weight: 400;\">Situat \u00een cartierul istoric Alfama, hotelul de 4 stele Memmo Alfama &#8211; Design Hotel v\u0103 va face s\u0103 v\u0103 bucura\u021bi de fiecare moment al \u0219ederii dumneavoastr\u0103.<\/span><\/li>\n<li style=\"font-weight: 400;\" aria-level=\"1\"><span style=\"font-weight: 400;\">Hotelul Be Poet Baixa are o op\u021biune mai accesibil\u0103, cu un interior modern, culori \u0219i decora\u021biuni bogate.<\/span><\/li>\n<li style=\"font-weight: 400;\" aria-level=\"1\"><span style=\"font-weight: 400;\">Economisi\u021bi la cazare \u00een Lisabona \u0219i bucura\u021bi-v\u0103 \u00een continuare de confort rezerv\u00e2nd un pat \u00een Yes! Lisabona Hostel.<\/span><\/li>\n<li style=\"font-weight: 400;\" aria-level=\"1\"><span style=\"font-weight: 400;\">Face\u021bi o excursie de o zi la Cascais \u0219i caza\u021bi-v\u0103 la un hotel de lux Westlight Cascais Chalet, cu o priveli\u0219te uluitoare la plaj\u0103.<\/span><\/li>\n<\/ul>\n<p><script src=\"https:\/\/www.travelpayouts.com\/chansey\/iframe.js?v=1&amp;marker=14350&amp;host=air.eurodirections.com%2Fhotels&amp;locale=en&amp;currency=eur&amp;nobooking=&amp;powered_by=false&amp;hotel_id=1901035476\" charset=\"utf-8\" async=\"\"><\/script><\/p>\n<h3><span class=\"ez-toc-section\" id=\"Zbor-spre-Lisabona\"><\/span>Zbor spre Lisabona<span class=\"ez-toc-section-end\"><\/span><\/h3>\n<p>R\u0103sfoi\u021bi mai multe <a title=\"Director \u0219i calendar de zboruri Lisabona\" href=\"https:\/\/eurodirections.com\/ro\/zboruri-lisabona\/\" target=\"_blank\" rel=\"noopener\">op\u021biuni de zbor pentru a c\u0103l\u0103tori la Lisabona<\/a>.<\/p>\n<p><script src=\"https:\/\/tp.media\/content?trs=147545&amp;shmarker=14350&amp;destination=LIS&amp;locale=ro&amp;currency=eur&amp;limit=10&amp;primary=%23E9166Cff&amp;promo_id=7291&amp;campaign_id=200\" charset=\"utf-8\"><\/script><\/p>\n<p><script type=\"application\/ld+json\">\n{\n    \"@context\": \"http:\/\/schema.org\",\n    \"@type\": \"WebPage\",\n    \"name\": \"Ghidul Lisabona\",\n    \"description\": \"Explora\u021bi Lisabona, Portugalia - Lucruri de f\u0103cut \u00een Lisabona, sugestii de hoteluri, obiective turistice \u0219i ghid de atrac\u021bii pentru turi\u0219ti.\",<span data-mce-type=\"bookmark\" style=\"display: inline-block; width: 0px; overflow: hidden; line-height: 0;\" class=\"mce_SELRES_start\">\ufeff<\/span>\n    \"publisher\": {\n        \"@type\": \"WebPage\",\n        \"name\": \"Eurodirections.com\"\n    }\n}\n<\/script><\/p>\n","protected":false},"excerpt":{"rendered":"<p>Urm\u0103ri\u021bi seria special\u0103 a revistei de c\u0103l\u0103torii Euro Directions despre cele mai bune destina\u021bii turistice din Europa Explora\u021bi Lisabona: lista de dorin\u021be pentru turi\u0219ti Capitala de coast\u0103 a Portugaliei, cu cl\u0103diri \u00een culori pastelate \u0219i acoperi\u0219uri de \u021bigl\u0103, este cel mai mare ora\u0219, centrul politic, economic \u0219i turistic al \u021b\u0103rii. Ora\u0219ul \u00eenc\u0103 mai p\u0103streaz\u0103 atmosfera [&hellip;]<\/p>\n","protected":false},"author":1,"featured_media":4194,"parent":0,"menu_order":0,"comment_status":"closed","ping_status":"closed","template":"","meta":{"footnotes":""},"class_list":["post-22265","page","type-page","status-publish","has-post-thumbnail","hentry"],"_links":{"self":[{"href":"https:\/\/eurodirections.com\/ro\/wp-json\/wp\/v2\/pages\/22265","targetHints":{"allow":["GET"]}}],"collection":[{"href":"https:\/\/eurodirections.com\/ro\/wp-json\/wp\/v2\/pages"}],"about":[{"href":"https:\/\/eurodirections.com\/ro\/wp-json\/wp\/v2\/types\/page"}],"author":[{"embeddable":true,"href":"https:\/\/eurodirections.com\/ro\/wp-json\/wp\/v2\/users\/1"}],"replies":[{"embeddable":true,"href":"https:\/\/eurodirections.com\/ro\/wp-json\/wp\/v2\/comments?post=22265"}],"version-history":[{"count":0,"href":"https:\/\/eurodirections.com\/ro\/wp-json\/wp\/v2\/pages\/22265\/revisions"}],"wp:featuredmedia":[{"embeddable":true,"href":"https:\/\/eurodirections.com\/ro\/wp-json\/wp\/v2\/media\/4194"}],"wp:attachment":[{"href":"https:\/\/eurodirections.com\/ro\/wp-json\/wp\/v2\/media?parent=22265"}],"curies":[{"name":"wp","href":"https:\/\/api.w.org\/{rel}","templated":true}]}}