{"id":19449,"date":"2022-04-08T13:44:08","date_gmt":"2022-04-08T13:44:08","guid":{"rendered":"https:\/\/eurodirections.com\/explorati-madrid-%e2%88%99-ghidul-vizitatorului\/"},"modified":"2023-03-02T15:33:18","modified_gmt":"2023-03-02T15:33:18","slug":"explorati-madrid","status":"publish","type":"page","link":"https:\/\/eurodirections.com\/ro\/explorati-madrid\/","title":{"rendered":"Explora\u021bi Madrid \u2219 ghidul vizitatorului"},"content":{"rendered":"<div id=\"ez-toc-container\" class=\"ez-toc-v2_0_82_2 counter-hierarchy ez-toc-counter ez-toc-grey ez-toc-container-direction\">\n<div class=\"ez-toc-title-container\">\n<p class=\"ez-toc-title\" style=\"cursor:inherit\">Table of Contents<\/p>\n<span class=\"ez-toc-title-toggle\"><a href=\"#\" class=\"ez-toc-pull-right ez-toc-btn ez-toc-btn-xs ez-toc-btn-default ez-toc-toggle\" aria-label=\"Toggle Table of Content\"><span class=\"ez-toc-js-icon-con\"><span class=\"\"><span class=\"eztoc-hide\" style=\"display:none;\">Toggle<\/span><span class=\"ez-toc-icon-toggle-span\"><svg style=\"fill: #999;color:#999\" xmlns=\"http:\/\/www.w3.org\/2000\/svg\" class=\"list-377408\" width=\"20px\" height=\"20px\" viewBox=\"0 0 24 24\" fill=\"none\"><path d=\"M6 6H4v2h2V6zm14 0H8v2h12V6zM4 11h2v2H4v-2zm16 0H8v2h12v-2zM4 16h2v2H4v-2zm16 0H8v2h12v-2z\" fill=\"currentColor\"><\/path><\/svg><svg style=\"fill: #999;color:#999\" class=\"arrow-unsorted-368013\" xmlns=\"http:\/\/www.w3.org\/2000\/svg\" width=\"10px\" height=\"10px\" viewBox=\"0 0 24 24\" version=\"1.2\" baseProfile=\"tiny\"><path d=\"M18.2 9.3l-6.2-6.3-6.2 6.3c-.2.2-.3.4-.3.7s.1.5.3.7c.2.2.4.3.7.3h11c.3 0 .5-.1.7-.3.2-.2.3-.5.3-.7s-.1-.5-.3-.7zM5.8 14.7l6.2 6.3 6.2-6.3c.2-.2.3-.5.3-.7s-.1-.5-.3-.7c-.2-.2-.4-.3-.7-.3h-11c-.3 0-.5.1-.7.3-.2.2-.3.5-.3.7s.1.5.3.7z\"\/><\/svg><\/span><\/span><\/span><\/a><\/span><\/div>\n<nav><ul class='ez-toc-list ez-toc-list-level-1 eztoc-toggle-hide-by-default' ><li class='ez-toc-page-1 ez-toc-heading-level-2'><a class=\"ez-toc-link ez-toc-heading-1\" href=\"https:\/\/eurodirections.com\/ro\/explorati-madrid\/#Explorati-Madridul-lista-de-dorinte-pentru-calator\" >Explora\u021bi Madridul: lista de dorin\u021be pentru c\u0103l\u0103tor<\/a><ul class='ez-toc-list-level-3' ><li class='ez-toc-heading-level-3'><a class=\"ez-toc-link ez-toc-heading-2\" href=\"https:\/\/eurodirections.com\/ro\/explorati-madrid\/#Lucruri-pe-care-nu-trebuie-sa-le-ratati-in-Madrid\" >Lucruri pe care nu trebuie s\u0103 le rata\u021bi \u00een Madrid<\/a><\/li><li class='ez-toc-page-1 ez-toc-heading-level-3'><a class=\"ez-toc-link ez-toc-heading-3\" href=\"https:\/\/eurodirections.com\/ro\/explorati-madrid\/#Mananca-ca-un-localnic-in-Madrid\" >M\u0103n\u00e2nc\u0103 ca un localnic \u00een Madrid<\/a><\/li><li class='ez-toc-page-1 ez-toc-heading-level-3'><a class=\"ez-toc-link ez-toc-heading-4\" href=\"https:\/\/eurodirections.com\/ro\/explorati-madrid\/#Unde-sa-stati-in-Madrid\" >Unde s\u0103 sta\u021bi \u00een Madrid<\/a><\/li><li class='ez-toc-page-1 ez-toc-heading-level-3'><a class=\"ez-toc-link ez-toc-heading-5\" href=\"https:\/\/eurodirections.com\/ro\/explorati-madrid\/#Harta-hotelurilor-din-Madrid-cu-preturi\" >Harta hotelurilor din Madrid cu pre\u021buri<\/a><\/li><li class='ez-toc-page-1 ez-toc-heading-level-3'><a class=\"ez-toc-link ez-toc-heading-6\" href=\"https:\/\/eurodirections.com\/ro\/explorati-madrid\/#Lista-de-zboruri-Madrid\" >Lista de zboruri Madrid<\/a><\/li><\/ul><\/li><\/ul><\/nav><\/div>\n<h2><span class=\"ez-toc-section\" id=\"Explorati-Madridul-lista-de-dorinte-pentru-calator\"><\/span><b>Explora\u021bi Madridul: lista de dorin\u021be pentru c\u0103l\u0103tor<\/b><span class=\"ez-toc-section-end\"><\/span><\/h2>\n<p><span style=\"font-weight: 400;\">Madrid este capitala Spaniei, centrul financiar \u0219i artistic al acesteia, ora\u0219ul stilurilor contrastante \u0219i al diferitelor perioade arhitecturale. Cu o popula\u021bie de 6,8 milioane de locuitori, Madridul prime\u0219te anual aproximativ 7,5 milioane de turi\u0219ti interna\u021bionali, ceea ce face ca ora\u0219ul s\u0103 fie unul dintre cele mai active \u0219i mai pline de via\u021b\u0103 centre turistice din Europa. <\/span><\/p>\n<h3><span class=\"ez-toc-section\" id=\"Lucruri-pe-care-nu-trebuie-sa-le-ratati-in-Madrid\"><\/span><b>Lucruri pe care nu trebuie s\u0103 le rata\u021bi \u00een Madrid<\/b><span class=\"ez-toc-section-end\"><\/span><\/h3>\n<ul>\n<li style=\"font-weight: 400;\" aria-level=\"1\"><span style=\"font-weight: 400;\">Bucura\u021bi-v\u0103 de capodoperele cople\u0219itoare ale epocii renascentiste \u0219i baroce din Prado, unul dintre cele mai faimoase muzee de art\u0103 din lume.<\/span><\/li>\n<li style=\"font-weight: 400;\" aria-level=\"1\"><span style=\"font-weight: 400;\">Plimba\u021bi-v\u0103 pe aleile masive \u0219i prin zonele \u00eemp\u0103durite din Parcul Buen Retiro \u0219i g\u0103si\u021bi Palatul de Cristal.<\/span><\/li>\n<li style=\"font-weight: 400;\" aria-level=\"1\"><span style=\"font-weight: 400;\">\u00cencuraja\u021bi Real Madrid pe stadionul Santiago Bernab\u00e9u, un stadion de 85.000 de locuri cu vedere panoramic\u0103.<\/span><\/li>\n<li style=\"font-weight: 400;\" aria-level=\"1\"><span style=\"font-weight: 400;\">Merge\u021bi la cump\u0103r\u0103turi \u00een El Rastro, cea mai mare pia\u021b\u0103 de vechituri din Madrid, pentru a g\u0103si suveniruri, obiecte de artizanat \u0219i accesorii unice.<\/span><\/li>\n<li style=\"font-weight: 400;\" aria-level=\"1\"><span style=\"font-weight: 400;\">Sim\u021bi\u021bi ritmul flamenco-ului clasic spaniol \u00een Corral de la Moreria, una dintre cele mai vechi case de flamenco din lume.<\/span><\/li>\n<li style=\"font-weight: 400;\" aria-level=\"1\"><span style=\"font-weight: 400;\">Participa\u021bi la un curs de g\u0103tit \u00een Madrid pentru a aduce acas\u0103 secretele buc\u0103t\u0103riei spaniole. <\/span><\/li>\n<\/ul>\n<h3><span class=\"ez-toc-section\" id=\"Mananca-ca-un-localnic-in-Madrid\"><\/span><b>M\u0103n\u00e2nc\u0103 ca un localnic \u00een Madrid<\/b><span class=\"ez-toc-section-end\"><\/span><\/h3>\n<ul>\n<li style=\"font-weight: 400;\" aria-level=\"1\"><span style=\"font-weight: 400;\">Experimenta\u021bi cultura culinar\u0103 spaniol\u0103 \u00een Mercado de San Miguel, o pia\u021b\u0103 tradi\u021bional\u0103 unde pute\u021bi gusta fructe de mare \u0219i br\u00e2nzeturi proaspete.<\/span><\/li>\n<li style=\"font-weight: 400;\" aria-level=\"1\"><span style=\"font-weight: 400;\">Face\u021bi un tur al celor mai populare baruri de tapas din Madrid \u0219i nu rata\u021bi La Casa del Abuelo, locul de na\u0219tere al legendarului creve\u021bi cu usturoi din Spania.<\/span><\/li>\n<li style=\"font-weight: 400;\" aria-level=\"1\"><span style=\"font-weight: 400;\">Pentru cele mai bune tortillas \u0219i croquetas din Madrid, vizita\u021bi Bodega La Ardosa \u0219i \u00eencheia\u021bi ziua \u00een barul 1862 Dry Bar din apropiere pentru cocktailuri sau vin. <\/span><\/li>\n<li style=\"font-weight: 400;\" aria-level=\"1\"><span style=\"font-weight: 400;\">G\u0103si\u021bi desertul \u00een Chocolater\u00eda San Gin\u00e9s \u0219i \u00eencerca\u021bi churros moi cu sos de ciocolat\u0103 neagr\u0103 dulce-am\u0103ruie.<\/span><\/li>\n<li style=\"font-weight: 400;\" aria-level=\"1\"><span style=\"font-weight: 400;\">Savura\u021bi sangria sub cerul \u00eenstelat spaniol \u00een barul de pe acoperi\u0219 El Viajero \u0219i bucura\u021bi-v\u0103 de o priveli\u0219te perfect\u0103 asupra Madridului.<\/span><\/li>\n<\/ul>\n<h3><span class=\"ez-toc-section\" id=\"Unde-sa-stati-in-Madrid\"><\/span><b>Unde s\u0103 sta\u021bi \u00een Madrid <\/b><span class=\"ez-toc-section-end\"><\/span><\/h3>\n<ul>\n<li style=\"font-weight: 400;\" aria-level=\"1\"><span style=\"font-weight: 400;\">Alege\u021bi hotelul de 5 stele Barcel\u00f3 Emperatriz, situat \u00een cartierul Salamanca, pentru a v\u0103 bucura de \u0219ederea dumneavoastr\u0103 \u00een Madrid.<\/span><\/li>\n<li style=\"font-weight: 400;\" aria-level=\"1\"><span style=\"font-weight: 400;\">Pentru un sejur confortabil \u0219i accesibil (100$\/pe noapte), rezerva\u021bi un hotel de 4 stele Casa du Soleli, cu un interior autentic \u0219i o teras\u0103 deschis\u0103. <\/span><\/li>\n<li style=\"font-weight: 400;\" aria-level=\"1\"><span style=\"font-weight: 400;\">Casa de oaspe\u021bi elegant\u0103 de 3 stele Uma House Atocha ofer\u0103 o loca\u021bie perfect\u0103, \u00eenconjurat\u0103 de restaurante \u0219i baruri. <\/span><\/li>\n<li style=\"font-weight: 400;\" aria-level=\"1\"><span style=\"font-weight: 400;\">Dac\u0103 ave\u021bi un buget restr\u00e2ns, dar dori\u021bi s\u0103 c\u0103l\u0103tori\u021bi \u00een confort, alege\u021bi Ok Hostel Madrid, cea mai bine cotat\u0103 cazare de p\u00e2n\u0103 la 50 de dolari pentru o noapte. <\/span><\/li>\n<li style=\"font-weight: 400;\" aria-level=\"1\"><span style=\"font-weight: 400;\">R\u0103m\u00e2ne\u021bi \u00een noua sta\u021biune de schi de lux Valdesqui a Parador De La Granja pentru a v\u0103 bucura de odihn\u0103 izolat\u0103.<\/span><\/li>\n<\/ul>\n<h3><span class=\"ez-toc-section\" id=\"Harta-hotelurilor-din-Madrid-cu-preturi\"><\/span>Harta hotelurilor din Madrid cu pre\u021buri<span class=\"ez-toc-section-end\"><\/span><\/h3>\n<p><script src=\"\/\/tp.media\/content?0=0&amp;1=10&amp;promo_id=4285&amp;shmarker=14350&amp;campaign_id=101&amp;search_host=air.eurodirections.com%2Fhotels&amp;locale=ro&amp;currency=eur&amp;draggable=true&amp;disable_zoom=false&amp;show_logo=false&amp;scrollwheel=false&amp;color=%23F56E14&amp;contrast_color=%23ffffff&amp;width=720&amp;height=500&amp;zoom=13&amp;radius=60&amp;stars=0%2C1%2C2%2C3%2C4%2C5&amp;price_from=&amp;price_to=&amp;lat=40.416876&amp;lng=-3.704255\" charset=\"utf-8\"><\/script><\/p>\n<h3><span class=\"ez-toc-section\" id=\"Lista-de-zboruri-Madrid\"><\/span>Lista de zboruri Madrid<span class=\"ez-toc-section-end\"><\/span><\/h3>\n<p><script src=\"https:\/\/tp.media\/content?trs=147545&amp;shmarker=14350&amp;destination=MAD&amp;target_host=air.eurodirections.com%2Fflights&amp;locale=ro&amp;currency=eur&amp;limit=10&amp;primary=%230085FF&amp;promo_id=4044&amp;campaign_id=100\" charset=\"utf-8\"><\/script><\/p>\n<p>Pute\u021bi g\u0103si mai multe <a title=\"Toate zborurile c\u0103tre Madrid, Spania\" href=\"https:\/\/eurodirections.com\/ro\/zboruri-ieftine-madrid\/\" target=\"_blank\" rel=\"noopener\">op\u021biuni de zbor c\u0103tre Madrid aici<\/a><\/p>\n","protected":false},"excerpt":{"rendered":"<p>Explora\u021bi Madridul: lista de dorin\u021be pentru c\u0103l\u0103tor Madrid este capitala Spaniei, centrul financiar \u0219i artistic al acesteia, ora\u0219ul stilurilor contrastante \u0219i al diferitelor perioade arhitecturale. Cu o popula\u021bie de 6,8 milioane de locuitori, Madridul prime\u0219te anual aproximativ 7,5 milioane de turi\u0219ti interna\u021bionali, ceea ce face ca ora\u0219ul s\u0103 fie unul dintre cele mai active \u0219i [&hellip;]<\/p>\n","protected":false},"author":1,"featured_media":4216,"parent":0,"menu_order":0,"comment_status":"closed","ping_status":"closed","template":"","meta":{"footnotes":""},"class_list":["post-19449","page","type-page","status-publish","has-post-thumbnail","hentry"],"_links":{"self":[{"href":"https:\/\/eurodirections.com\/ro\/wp-json\/wp\/v2\/pages\/19449","targetHints":{"allow":["GET"]}}],"collection":[{"href":"https:\/\/eurodirections.com\/ro\/wp-json\/wp\/v2\/pages"}],"about":[{"href":"https:\/\/eurodirections.com\/ro\/wp-json\/wp\/v2\/types\/page"}],"author":[{"embeddable":true,"href":"https:\/\/eurodirections.com\/ro\/wp-json\/wp\/v2\/users\/1"}],"replies":[{"embeddable":true,"href":"https:\/\/eurodirections.com\/ro\/wp-json\/wp\/v2\/comments?post=19449"}],"version-history":[{"count":0,"href":"https:\/\/eurodirections.com\/ro\/wp-json\/wp\/v2\/pages\/19449\/revisions"}],"wp:featuredmedia":[{"embeddable":true,"href":"https:\/\/eurodirections.com\/ro\/wp-json\/wp\/v2\/media\/4216"}],"wp:attachment":[{"href":"https:\/\/eurodirections.com\/ro\/wp-json\/wp\/v2\/media?parent=19449"}],"curies":[{"name":"wp","href":"https:\/\/api.w.org\/{rel}","templated":true}]}}