{"id":19418,"date":"2022-04-06T15:16:09","date_gmt":"2022-04-06T15:16:09","guid":{"rendered":"https:\/\/eurodirections.com\/ghid-turistic-barcelona\/"},"modified":"2023-03-02T15:05:58","modified_gmt":"2023-03-02T15:05:58","slug":"ghid-turistic-barcelona","status":"publish","type":"page","link":"https:\/\/eurodirections.com\/ro\/ghid-turistic-barcelona\/","title":{"rendered":"Ghid turistic Barcelona"},"content":{"rendered":"<div id=\"ez-toc-container\" class=\"ez-toc-v2_0_82_2 counter-hierarchy ez-toc-counter ez-toc-grey ez-toc-container-direction\">\n<div class=\"ez-toc-title-container\">\n<p class=\"ez-toc-title\" style=\"cursor:inherit\">Table of Contents<\/p>\n<span class=\"ez-toc-title-toggle\"><a href=\"#\" class=\"ez-toc-pull-right ez-toc-btn ez-toc-btn-xs ez-toc-btn-default ez-toc-toggle\" aria-label=\"Toggle Table of Content\"><span class=\"ez-toc-js-icon-con\"><span class=\"\"><span class=\"eztoc-hide\" style=\"display:none;\">Toggle<\/span><span class=\"ez-toc-icon-toggle-span\"><svg style=\"fill: #999;color:#999\" xmlns=\"http:\/\/www.w3.org\/2000\/svg\" class=\"list-377408\" width=\"20px\" height=\"20px\" viewBox=\"0 0 24 24\" fill=\"none\"><path d=\"M6 6H4v2h2V6zm14 0H8v2h12V6zM4 11h2v2H4v-2zm16 0H8v2h12v-2zM4 16h2v2H4v-2zm16 0H8v2h12v-2z\" fill=\"currentColor\"><\/path><\/svg><svg style=\"fill: #999;color:#999\" class=\"arrow-unsorted-368013\" xmlns=\"http:\/\/www.w3.org\/2000\/svg\" width=\"10px\" height=\"10px\" viewBox=\"0 0 24 24\" version=\"1.2\" baseProfile=\"tiny\"><path d=\"M18.2 9.3l-6.2-6.3-6.2 6.3c-.2.2-.3.4-.3.7s.1.5.3.7c.2.2.4.3.7.3h11c.3 0 .5-.1.7-.3.2-.2.3-.5.3-.7s-.1-.5-.3-.7zM5.8 14.7l6.2 6.3 6.2-6.3c.2-.2.3-.5.3-.7s-.1-.5-.3-.7c-.2-.2-.4-.3-.7-.3h-11c-.3 0-.5.1-.7.3-.2.2-.3.5-.3.7s.1.5.3.7z\"\/><\/svg><\/span><\/span><\/span><\/a><\/span><\/div>\n<nav><ul class='ez-toc-list ez-toc-list-level-1 eztoc-toggle-hide-by-default' ><li class='ez-toc-page-1 ez-toc-heading-level-2'><a class=\"ez-toc-link ez-toc-heading-1\" href=\"https:\/\/eurodirections.com\/ro\/ghid-turistic-barcelona\/#Sa-exploram-Barcelona-lista-de-dorinte-de-calatorie-suprema\" >S\u0103 explor\u0103m Barcelona: lista de dorin\u021be de c\u0103l\u0103torie suprem\u0103<\/a><ul class='ez-toc-list-level-3' ><li class='ez-toc-heading-level-3'><a class=\"ez-toc-link ez-toc-heading-2\" href=\"https:\/\/eurodirections.com\/ro\/ghid-turistic-barcelona\/#Lucruri-pe-care-sa-nu-le-ratati-in-Barcelona\" >Lucruri pe care s\u0103 nu le rata\u021bi \u00een Barcelona<\/a><\/li><li class='ez-toc-page-1 ez-toc-heading-level-3'><a class=\"ez-toc-link ez-toc-heading-3\" href=\"https:\/\/eurodirections.com\/ro\/ghid-turistic-barcelona\/#Mananca-ca-un-localnic-in-Barcelona\" >M\u0103n\u00e2nc\u0103 ca un localnic \u00een Barcelona<\/a><\/li><li class='ez-toc-page-1 ez-toc-heading-level-3'><a class=\"ez-toc-link ez-toc-heading-4\" href=\"https:\/\/eurodirections.com\/ro\/ghid-turistic-barcelona\/#Unde-sa-stai-in-Barcelona\" >Unde s\u0103 stai \u00een Barcelona<\/a><\/li><li class='ez-toc-page-1 ez-toc-heading-level-3'><a class=\"ez-toc-link ez-toc-heading-5\" href=\"https:\/\/eurodirections.com\/ro\/ghid-turistic-barcelona\/#Harta-hotelurilor-din-Barcelona-cu-preturi\" >Harta hotelurilor din Barcelona cu pre\u021buri<\/a><\/li><li class='ez-toc-page-1 ez-toc-heading-level-3'><a class=\"ez-toc-link ez-toc-heading-6\" href=\"https:\/\/eurodirections.com\/ro\/ghid-turistic-barcelona\/#Zboruri-spre-Barcelona\" >Zboruri spre Barcelona<\/a><\/li><\/ul><\/li><\/ul><\/nav><\/div>\n<h2><span class=\"ez-toc-section\" id=\"Sa-exploram-Barcelona-lista-de-dorinte-de-calatorie-suprema\"><\/span><b>S\u0103 explor\u0103m Barcelona: lista de dorin\u021be de c\u0103l\u0103torie suprem\u0103<\/b><span class=\"ez-toc-section-end\"><\/span><\/h2>\n<p><span style=\"font-weight: 400;\">Situat\u0103 \u00eentre mare \u0219i mun\u021bi, cu o istorie printre cele mai vechi \u0219i cele mai frumoase arhitecturi, plaje imaculate \u0219i o atmosfer\u0103 cosmopolit\u0103, Barcelona este o alegere excelent\u0103 pe <a title=\"Cele mai bune ora\u0219e din Europa\" href=\"https:\/\/eurodirections.com\/ro\/cele-mai-bune-orase-din-europa\/\" data-schema-attribute=\"about\">lista celor mai bune ora\u0219e din Europa<\/a> \u0219i o destina\u021bie superioar\u0103 pentru a v\u0103 bucura de toate \u00eentr-un singur loc. <\/span><\/p>\n<h3><span class=\"ez-toc-section\" id=\"Lucruri-pe-care-sa-nu-le-ratati-in-Barcelona\"><\/span><b>Lucruri pe care s\u0103 nu le rata\u021bi \u00een Barcelona<\/b><span class=\"ez-toc-section-end\"><\/span><\/h3>\n<ul>\n<li style=\"font-weight: 400;\" aria-level=\"1\"><span style=\"font-weight: 400;\">Admira\u021bi Sagrada Fam\u00edlia de Andoni Gaudi \u0219i aprecia\u021bi cei 140 de ani de munc\u0103. <\/span><\/li>\n<li style=\"font-weight: 400;\" aria-level=\"1\"><span style=\"font-weight: 400;\">Plimba\u021bi-v\u0103 de-a lungul a 4,5 km de coast\u0103 a Barcelonei \u0219i relaxa\u021bi-v\u0103 pe plaj\u0103 savur\u00e2nd un cocktail r\u0103coritor.<\/span><\/li>\n<li style=\"font-weight: 400;\" aria-level=\"1\"><span style=\"font-weight: 400;\">Plimba\u021bi-v\u0103 pe La Rambla, cel mai faimos bulevard al ora\u0219ului, \u0219i urm\u0103ri\u021bi mirosul ispititor de vafe.<\/span><\/li>\n<li style=\"font-weight: 400;\" aria-level=\"1\"><span style=\"font-weight: 400;\">Bucura\u021bi-v\u0103 de cele mai bune priveli\u0219ti ale ora\u0219ului \u00een Parcul G\u00fcell al lui Gaudi \u0219i nu rata\u021bi b\u0103ncile serpentine, colonadele \u0219i sculpturile.<\/span><\/li>\n<li style=\"font-weight: 400;\" aria-level=\"1\"><span style=\"font-weight: 400;\">Gusta\u021bi fructe \u0219i m\u0103sline proaspete \u00een pia\u021ba La Boqueria, un loc plin de via\u021b\u0103 de 200 de ani.<\/span><\/li>\n<li style=\"font-weight: 400;\" aria-level=\"1\"><span style=\"font-weight: 400;\">Face\u021bi un tur cultural al Muzeului Picasso sau g\u0103si\u021bi 4000 de pl\u0103ci de fotografii care formeaz\u0103 o pictur\u0103 mural\u0103 de 26 de metri a unui s\u0103rut. <\/span><\/li>\n<li aria-level=\"1\">Bucura\u021bi-v\u0103 de experien\u021ba cump\u0103r\u0103turilor \u00een Barcelona, g\u0103sind sute de buticuri \u0219i magazine de marc\u0103 pe diferite str\u0103zi comerciale.<\/li>\n<\/ul>\n<p><iframe style=\"border: 1px solid #EEE; background: white;\" src=\"about:blank\" width=\"880\" height=\"270\" frameborder=\"0\" scrolling=\"no\" class=\"lazyload\" data-src=\"https:\/\/eurodirections.substack.com\/embed\"><span data-mce-type=\"bookmark\" style=\"display: inline-block; width: 0px; overflow: hidden; line-height: 0;\" class=\"mce_SELRES_start\"><\/span><span data-mce-type=\"bookmark\" style=\"display: inline-block; width: 0px; overflow: hidden; line-height: 0;\" class=\"mce_SELRES_start\" align=\"center\"><\/span><\/iframe><\/p>\n<h3><span class=\"ez-toc-section\" id=\"Mananca-ca-un-localnic-in-Barcelona\"><\/span><b>M\u0103n\u00e2nc\u0103 ca un localnic \u00een Barcelona<\/b><span class=\"ez-toc-section-end\"><\/span><\/h3>\n<ul>\n<li style=\"font-weight: 400;\" aria-level=\"1\"><span style=\"font-weight: 400;\">Petrece\u021bi timpul \u00een Barcelona xiringuitos (baruri pe plaj\u0103) cu fructe de mare apetisante. Alege Xiringuito Escriba, Pela Vela sau La Deliciosa sau toate pe r\u00e2nd.<\/span><\/li>\n<li style=\"font-weight: 400;\" aria-level=\"1\"><span style=\"font-weight: 400;\">G\u0103se\u0219te buc\u0103\u021bele \u00een unul dintre cele mai bune baruri de tapas din Barcelona &#8211; restaurantul Sagardi \u0219i barul de tapas din apropierea atrac\u021biilor populare sau El Xampanyet, o tavern\u0103 de tapas prietenoas\u0103. <\/span><\/li>\n<li style=\"font-weight: 400;\" aria-level=\"1\"><span style=\"font-weight: 400;\">Bucura\u021bi-v\u0103 de atmosfera autentic\u0103, de pintxos fierbin\u021bi \u0219i de Morcilla de durgos (budinc\u0103 neagr\u0103 cu orez) \u00een Maitea Taberna. <\/span><\/li>\n<li style=\"font-weight: 400;\" aria-level=\"1\"><span style=\"font-weight: 400;\">Pentru mese rafinate, vizita\u021bi Disfrutar, cu buc\u0103t\u0103rie mediteranean\u0103 \u0219i dou\u0103 stele Michelin.<\/span><\/li>\n<li style=\"font-weight: 400;\" aria-level=\"1\"><span style=\"font-weight: 400;\">Gusta\u021bi vermutul spaniol \u00een Morro Fi, un mic bar de vermut care serve\u0219te o b\u0103utur\u0103 dulce-am\u0103ruie cu felii de m\u0103sline \u0219i portocale.<\/span><\/li>\n<li style=\"font-weight: 400;\" aria-level=\"1\"><span style=\"font-weight: 400;\">Alege\u021bi berea artizanal\u0103 de la cele 30 de robinete din BierCab \u0219i nu uita\u021bi s\u0103 \u00eencerca\u021bi patatas foarte picante.<\/span><\/li>\n<\/ul>\n<h3><span class=\"ez-toc-section\" id=\"Unde-sa-stai-in-Barcelona\"><\/span><b>Unde s\u0103 stai \u00een Barcelona<\/b><span class=\"ez-toc-section-end\"><\/span><\/h3>\n<ul>\n<li style=\"font-weight: 400;\" aria-level=\"1\"><span style=\"font-weight: 400;\">Odihni\u021bi-v\u0103 la Serras Barcelona, un hotel de 5 stele de \u00eenalt\u0103 clas\u0103, situat \u00een Cartierul Gotic din Barcelona, cu vedere la mare.<\/span><\/li>\n<li style=\"font-weight: 400;\" aria-level=\"1\"><span style=\"font-weight: 400;\">Hotelul Brummell, de 4 stele, \u00een stil loft, cu mobilier modern \u0219i cursuri de yoga, este un loc minunat pentru a sim\u021bi atmosfera Barcelonei.<\/span><\/li>\n<li style=\"font-weight: 400;\" aria-level=\"1\"><span style=\"font-weight: 400;\">G\u0103si\u021bi echilibrul perfect \u00eentre stil \u0219i confort la un pre\u021b accesibil \u00een pensiunea de 3 stele Comfort Barcelona Rooms.<\/span><\/li>\n<li style=\"font-weight: 400;\" aria-level=\"1\"><span style=\"font-weight: 400;\">Dac\u0103 ave\u021bi un buget limitat, hostelul Rodam\u00f3n este cel mai bun pentru cupluri \u0219i c\u0103l\u0103torii singuri. <\/span><\/li>\n<li style=\"font-weight: 400;\" aria-level=\"1\"><span style=\"font-weight: 400;\">G\u0103si\u021bi o idil\u0103 \u00een luxosul Boutique Hotel Davallada din sta\u021biunea balnear\u0103 Sitges, l\u00e2ng\u0103 Barcelona. <\/span><\/li>\n<\/ul>\n<h3><span class=\"ez-toc-section\" id=\"Harta-hotelurilor-din-Barcelona-cu-preturi\"><\/span>Harta hotelurilor din Barcelona cu pre\u021buri<span class=\"ez-toc-section-end\"><\/span><\/h3>\n<p><script src=\"\/\/tp.media\/content?0=0&amp;1=10&amp;promo_id=4285&amp;shmarker=14350&amp;campaign_id=101&amp;search_host=air.eurodirections.com%2Fhotels&amp;locale=ro&amp;currency=eur&amp;draggable=true&amp;disable_zoom=false&amp;show_logo=false&amp;scrollwheel=false&amp;color=%230759B0&amp;contrast_color=%23ffffff&amp;width=720&amp;height=500&amp;zoom=13&amp;radius=60&amp;stars=0%2C1%2C2%2C3%2C4%2C5&amp;price_from=&amp;price_to=&amp;lat=41.387089&amp;lng=2.170066\" charset=\"utf-8\"><\/script><\/p>\n<p>\u2014<\/p>\n<h3><span class=\"ez-toc-section\" id=\"Zboruri-spre-Barcelona\"><\/span>Zboruri spre Barcelona<span class=\"ez-toc-section-end\"><\/span><\/h3>\n<p><a title=\"G\u0103si\u021bi bilete de avion ieftine la Barcelona\" href=\"https:\/\/eurodirections.com\/ro\/bilete-de-avion-ieftine-barcelona\/\" target=\"_blank\" rel=\"noopener\">Descoperi\u021bi cele mai bune zboruri spre Barcelona<\/a><\/p>\n<p><script src=\"https:\/\/tp.media\/content?trs=147545&amp;shmarker=14350&amp;destination=BCN&amp;target_host=air.eurodirections.com%2Fflights&amp;locale=ro&amp;currency=eur&amp;limit=10&amp;primary=%230085FF&amp;promo_id=4044&amp;campaign_id=100\" charset=\"utf-8\"><\/script><\/p>\n","protected":false},"excerpt":{"rendered":"<p>S\u0103 explor\u0103m Barcelona: lista de dorin\u021be de c\u0103l\u0103torie suprem\u0103 Situat\u0103 \u00eentre mare \u0219i mun\u021bi, cu o istorie printre cele mai vechi \u0219i cele mai frumoase arhitecturi, plaje imaculate \u0219i o atmosfer\u0103 cosmopolit\u0103, Barcelona este o alegere excelent\u0103 pe lista celor mai bune ora\u0219e din Europa \u0219i o destina\u021bie superioar\u0103 pentru a v\u0103 bucura de toate [&hellip;]<\/p>\n","protected":false},"author":1,"featured_media":4200,"parent":0,"menu_order":0,"comment_status":"closed","ping_status":"closed","template":"","meta":{"footnotes":""},"class_list":["post-19418","page","type-page","status-publish","has-post-thumbnail","hentry"],"_links":{"self":[{"href":"https:\/\/eurodirections.com\/ro\/wp-json\/wp\/v2\/pages\/19418","targetHints":{"allow":["GET"]}}],"collection":[{"href":"https:\/\/eurodirections.com\/ro\/wp-json\/wp\/v2\/pages"}],"about":[{"href":"https:\/\/eurodirections.com\/ro\/wp-json\/wp\/v2\/types\/page"}],"author":[{"embeddable":true,"href":"https:\/\/eurodirections.com\/ro\/wp-json\/wp\/v2\/users\/1"}],"replies":[{"embeddable":true,"href":"https:\/\/eurodirections.com\/ro\/wp-json\/wp\/v2\/comments?post=19418"}],"version-history":[{"count":0,"href":"https:\/\/eurodirections.com\/ro\/wp-json\/wp\/v2\/pages\/19418\/revisions"}],"wp:featuredmedia":[{"embeddable":true,"href":"https:\/\/eurodirections.com\/ro\/wp-json\/wp\/v2\/media\/4200"}],"wp:attachment":[{"href":"https:\/\/eurodirections.com\/ro\/wp-json\/wp\/v2\/media?parent=19418"}],"curies":[{"name":"wp","href":"https:\/\/api.w.org\/{rel}","templated":true}]}}