{"id":19172,"date":"2023-01-16T21:06:10","date_gmt":"2023-01-16T21:06:10","guid":{"rendered":"https:\/\/eurodirections.com\/calendar-de-zboruri-ieftine-%e2%9c%88\/"},"modified":"2023-03-01T08:46:55","modified_gmt":"2023-03-01T08:46:55","slug":"calendar-zboruri-ieftine","status":"publish","type":"page","link":"https:\/\/eurodirections.com\/ro\/calendar-zboruri-ieftine\/","title":{"rendered":"Calendar de zboruri ieftine \u2708"},"content":{"rendered":"<div id=\"ez-toc-container\" class=\"ez-toc-v2_0_82_2 counter-hierarchy ez-toc-counter ez-toc-grey ez-toc-container-direction\">\n<div class=\"ez-toc-title-container\">\n<p class=\"ez-toc-title\" style=\"cursor:inherit\">Table of Contents<\/p>\n<span class=\"ez-toc-title-toggle\"><a href=\"#\" class=\"ez-toc-pull-right ez-toc-btn ez-toc-btn-xs ez-toc-btn-default ez-toc-toggle\" aria-label=\"Toggle Table of Content\"><span class=\"ez-toc-js-icon-con\"><span class=\"\"><span class=\"eztoc-hide\" style=\"display:none;\">Toggle<\/span><span class=\"ez-toc-icon-toggle-span\"><svg style=\"fill: #999;color:#999\" xmlns=\"http:\/\/www.w3.org\/2000\/svg\" class=\"list-377408\" width=\"20px\" height=\"20px\" viewBox=\"0 0 24 24\" fill=\"none\"><path d=\"M6 6H4v2h2V6zm14 0H8v2h12V6zM4 11h2v2H4v-2zm16 0H8v2h12v-2zM4 16h2v2H4v-2zm16 0H8v2h12v-2z\" fill=\"currentColor\"><\/path><\/svg><svg style=\"fill: #999;color:#999\" class=\"arrow-unsorted-368013\" xmlns=\"http:\/\/www.w3.org\/2000\/svg\" width=\"10px\" height=\"10px\" viewBox=\"0 0 24 24\" version=\"1.2\" baseProfile=\"tiny\"><path d=\"M18.2 9.3l-6.2-6.3-6.2 6.3c-.2.2-.3.4-.3.7s.1.5.3.7c.2.2.4.3.7.3h11c.3 0 .5-.1.7-.3.2-.2.3-.5.3-.7s-.1-.5-.3-.7zM5.8 14.7l6.2 6.3 6.2-6.3c.2-.2.3-.5.3-.7s-.1-.5-.3-.7c-.2-.2-.4-.3-.7-.3h-11c-.3 0-.5.1-.7.3-.2.2-.3.5-.3.7s.1.5.3.7z\"\/><\/svg><\/span><\/span><\/span><\/a><\/span><\/div>\n<nav><ul class='ez-toc-list ez-toc-list-level-1 eztoc-toggle-hide-by-default' ><li class='ez-toc-page-1 ez-toc-heading-level-2'><a class=\"ez-toc-link ez-toc-heading-1\" href=\"https:\/\/eurodirections.com\/ro\/calendar-zboruri-ieftine\/#Calendarul-zborurilor-ieftine\" >Calendarul zborurilor ieftine<\/a><ul class='ez-toc-list-level-3' ><li class='ez-toc-heading-level-3'><a class=\"ez-toc-link ez-toc-heading-2\" href=\"https:\/\/eurodirections.com\/ro\/calendar-zboruri-ieftine\/#%F0%9F%93%85-Cum-se-utilizeaza-calendarul-de-zboruri-ieftine\" >\ud83d\udcc5 Cum se utilizeaz\u0103 calendarul de zboruri ieftine?<\/a><\/li><li class='ez-toc-page-1 ez-toc-heading-level-3'><a class=\"ez-toc-link ez-toc-heading-3\" href=\"https:\/\/eurodirections.com\/ro\/calendar-zboruri-ieftine\/#%F0%9F%A7%B3-Avantajele-utilizarii-calendarului-de-zboruri-ieftine\" >\ud83e\uddf3 Avantajele utiliz\u0103rii calendarului de zboruri ieftine<\/a><\/li><\/ul><\/li><li class='ez-toc-page-1 ez-toc-heading-level-2'><a class=\"ez-toc-link ez-toc-heading-4\" href=\"https:\/\/eurodirections.com\/ro\/calendar-zboruri-ieftine\/#Exemplu-de-utilizare-a-calendarului-de-zboruri-ieftine\" >Exemplu de utilizare a calendarului de zboruri ieftine<\/a><\/li><\/ul><\/nav><\/div>\n<p>Calendarul nostru de zboruri ieftine este un instrument puternic de planificare a c\u0103l\u0103toriilor, care \u00eei ajut\u0103 pe utilizatori s\u0103 compare \u0219i s\u0103 selecteze cea mai bun\u0103 dat\u0103 pentru zborul lor c\u0103tre o anumit\u0103 destina\u021bie din orice punct al lumii.<br \/>\nCalendarul le permite utilizatorilor s\u0103 caute \u0219i s\u0103 compare cu u\u0219urin\u021b\u0103 zboruri de la toate companiile aeriene, agen\u021biile de turism \u0219i sistemele de rezervare \u0219i s\u0103 identifice cele mai rentabile date pentru c\u0103l\u0103toria lor.<\/p>\n<h2><span class=\"ez-toc-section\" id=\"Calendarul-zborurilor-ieftine\"><\/span>Calendarul zborurilor ieftine<span class=\"ez-toc-section-end\"><\/span><\/h2>\n<p><script src=\"\/\/tp.media\/content?currency=eur&amp;promo_id=4041&amp;shmarker=14350&amp;campaign_id=100&amp;trs=147545&amp;searchUrl=air.eurodirections.com%2Fflights&amp;locale=ro&amp;powered_by=false&amp;one_way=true&amp;only_direct=false&amp;period=year&amp;range=1%2C30&amp;primary=%23172940&amp;color_background=%23FFFFFF&amp;achieve=%230F5ABD&amp;dark=%23000000&amp;light=%23FFFFFF&amp;destination=LON\" charset=\"utf-8\"><span data-mce-type=\"bookmark\" style=\"display: inline-block; width: 0px; overflow: hidden; line-height: 0;\" class=\"mce_SELRES_start\">\ufeff<\/span><\/script><\/p>\n<h3><span class=\"ez-toc-section\" id=\"%F0%9F%93%85-Cum-se-utilizeaza-calendarul-de-zboruri-ieftine\"><\/span>\ud83d\udcc5 Cum se utilizeaz\u0103 calendarul de zboruri ieftine?<span class=\"ez-toc-section-end\"><\/span><\/h3>\n<ol>\n<li>Selecta\u021bi loca\u021bia dvs. din partea st\u00e2ng\u0103 sus a calendarului<\/li>\n<li>Vede\u021bi cel mai ieftin pre\u021b pentru fiecare lun\u0103 pentru zborul din loca\u021bia dvs<\/li>\n<li>Face\u021bi clic pe orice fereastr\u0103 lunar\u0103 pentru a vedea data exact\u0103 a celui mai accesibil zbor<\/li>\n<li>Pute\u021bi face clic pe fereastra de dat\u0103 pentru a vedea detaliile zborului<\/li>\n<li>Face\u021bi clic pe butonul de detalii despre zbor pentru a vedea condi\u021biile complete ale zborului sau pentru a rezerva biletul de avion.<\/li>\n<li>Pute\u021bi folosi setarea din partea st\u00e2ng\u0103 sus a calendarului pentru a schimba tipul de zbor (dus-sens)<\/li>\n<\/ol>\n<p>Cu ajutorul calendarului de zboruri ieftine, utilizatorii pot compara cu u\u0219urin\u021b\u0103 pre\u021burile biletelor \u0219i \u00ee\u0219i pot planifica \u0219i organiza c\u0103l\u0103toria oriunde \u00een lume.<br \/>\nFie c\u0103 planifica\u021bi o c\u0103l\u0103torie de afaceri sau o vacan\u021b\u0103 pe plaj\u0103, calendarul nostru de zboruri este instrumentul perfect pentru a v\u0103 ajuta s\u0103 g\u0103si\u021bi cea mai bun\u0103 ofert\u0103 de bilete de avion.<\/p>\n<h3><span class=\"ez-toc-section\" id=\"%F0%9F%A7%B3-Avantajele-utilizarii-calendarului-de-zboruri-ieftine\"><\/span>\ud83e\uddf3 Avantajele utiliz\u0103rii calendarului de zboruri ieftine<span class=\"ez-toc-section-end\"><\/span><\/h3>\n<ul>\n<li>Compara\u021bi pre\u021burile: Calendarul de zboruri permite utilizatorilor s\u0103 compare cu u\u0219urin\u021b\u0103 pre\u021burile de la diferite companii aeriene, agen\u021bii de turism \u0219i sisteme de rezervare, ajut\u00e2ndu-i s\u0103 g\u0103seasc\u0103 cea mai bun\u0103 ofert\u0103 de bilete de avion.<\/li>\n<li>G\u0103si\u021bi cele mai bune date: Calendarul le permite utilizatorilor s\u0103 caute zboruri la diferite date, ajut\u00e2ndu-i s\u0103 identifice cele mai rentabile date pentru c\u0103l\u0103toria lor.<\/li>\n<li>Convenabil: Calendarul este u\u0219or de utilizat \u0219i permite utilizatorilor s\u0103 \u00ee\u0219i planifice \u0219i s\u0103 \u00ee\u0219i organizeze c\u0103l\u0103toria \u00eentr-o singur\u0103 loca\u021bie convenabil\u0103.<\/li>\n<li>Economisi\u021bi timp: Calendarul elimin\u0103 necesitatea ca utilizatorii s\u0103 caute pe mai multe site-uri web pentru a g\u0103si cea mai bun\u0103 ofert\u0103 de bilete de avion, economisind timp \u0219i efort.<\/li>\n<li>Ob\u021bine\u021bi cea mai bun\u0103 ofert\u0103: Calendarul \u00eei ajut\u0103 pe utilizatori s\u0103 g\u0103seasc\u0103 cel mai ieftin zbor \u0219i s\u0103 ob\u021bin\u0103 cea mai bun\u0103 ofert\u0103 pentru banii lor.<\/li>\n<li>Nu este nevoie de c\u0103ut\u0103ri multiple: Calendarul v\u0103 arat\u0103 pre\u021burile pentru toate companiile aeriene \u0219i toate datele lunii \u00eentr-un singur loc, f\u0103r\u0103 a fi nevoie s\u0103 c\u0103uta\u021bi pe mai multe site-uri web.<\/li>\n<li>G\u0103si\u021bi cel mai bun program de zbor: Calendarul afi\u0219eaz\u0103 orarele de zbor, astfel \u00eenc\u00e2t \u00eel pute\u021bi alege pe cel care se potrive\u0219te cel mai bine nevoilor dumneavoastr\u0103.<\/li>\n<\/ul>\n<h2><span class=\"ez-toc-section\" id=\"Exemplu-de-utilizare-a-calendarului-de-zboruri-ieftine\"><\/span>Exemplu de utilizare a calendarului de zboruri ieftine<span class=\"ez-toc-section-end\"><\/span><\/h2>\n<p>Utilizarea calendarului de zboruri ieftine este u\u0219oar\u0103.<br \/>\nS\u0103 spunem c\u0103 pl\u0103nui\u021bi o c\u0103l\u0103torie de la New York la Londra.<br \/>\nIat\u0103 un exemplu despre cum pute\u021bi folosi calendarul pentru a g\u0103si cea mai bun\u0103 ofert\u0103 de bilete de avion:<\/p>\n<figure id=\"attachment_10403\" aria-describedby=\"caption-attachment-10403\" style=\"width: 846px\" class=\"wp-caption alignnone\"><a href=\"https:\/\/eurodirections.com\/calendar\/cheap-flight-calendar-settings-screenshot\/\" rel=\"attachment wp-att-10403\"><img fetchpriority=\"high\" decoding=\"async\" class=\"size-full wp-image-10403\" src=\"https:\/\/eurodirections.com\/wp-content\/uploads\/2023\/01\/cheap-flight-calendar-settings-screenshot.jpg\" alt=\"Utilizarea calendarului de zboruri ieftine \u00een eurodirections.com\" width=\"846\" height=\"797\" srcset=\"https:\/\/eurodirections.com\/wp-content\/uploads\/2023\/01\/cheap-flight-calendar-settings-screenshot.jpg 846w, https:\/\/eurodirections.com\/wp-content\/uploads\/2023\/01\/cheap-flight-calendar-settings-screenshot-300x283.jpg 300w, https:\/\/eurodirections.com\/wp-content\/uploads\/2023\/01\/cheap-flight-calendar-settings-screenshot-768x724.jpg 768w\" sizes=\"(max-width: 846px) 100vw, 846px\" \/><\/a><figcaption id=\"caption-attachment-10403\" class=\"wp-caption-text\">Captur\u0103 de ecran. Utilizarea calendarului de zboruri ieftine \u0219i setarea parametrilor de zbor \u00een eurodirections.com<\/figcaption><\/figure>\n<ol>\n<li>Vizita\u021bi eurodirections.com \u0219i selecta\u021bi op\u021biunea &#8222;Flight Calendar&#8221;.<\/li>\n<li>Face\u021bi clic pe pictograma Set\u0103ri, iar \u00een c\u00e2mpul &#8222;De la&#8221; introduce\u021bi &#8222;New York City&#8221; \u0219i \u00een c\u00e2mpul &#8222;C\u0103tre&#8221; introduce\u021bi &#8222;Londra&#8221;.<\/li>\n<li>Selecta\u021bi op\u021biunea de c\u0103l\u0103torie dorit\u0103: dus-\u00eentors sau dus-\u00eentors.<\/li>\n<li>Dac\u0103 alege\u021bi op\u021biunea &#8222;Two-way&#8221;, vi se va cere s\u0103 seta\u021bi durata c\u0103l\u0103toriei.<\/li>\n<li>Pute\u021bi alege s\u0103 vede\u021bi \u00een calendar doar pre\u021burile zborurilor directe, f\u0103c\u00e2nd clic pe caseta de selectare &#8222;Zboruri directe&#8221;.<\/li>\n<li>Calendarul va afi\u0219a toate zborurile disponibile de la New York la Londra \u00een ferestrele lunii respective. Cea mai ieftin\u0103 lun\u0103 va fi eviden\u021biat\u0103.<\/li>\n<li>D\u00e2nd click pe lun\u0103, ve\u021bi vedea datele lunii \u0219i data exact\u0103 a celui mai ieftin zbor.<\/li>\n<li>Dac\u0103 face\u021bi clic pe dat\u0103, se va deschide pagina cu rezultatele c\u0103ut\u0103rii, cu toate detaliile zborului.<\/li>\n<li>Pute\u021bi sorta zborurile \u00een func\u021bie de pre\u021b, orar \u0219i companii aeriene.<\/li>\n<li>Compara\u021bi pre\u021burile diferitelor zboruri \u0219i alege\u021bi cel mai potrivit pentru bugetul \u0219i programul dumneavoastr\u0103.<\/li>\n<li>Dup\u0103 ce a\u021bi g\u0103sit cea mai bun\u0103 ofert\u0103, pute\u021bi proceda la rezervarea zborului din sistemul de rezervare care v\u0103 ofer\u0103 biletul de avion.<\/li>\n<\/ol>\n<p>Pute\u021bi vedea aici un calendar de zboruri ieftine cu cele mai bune pre\u021buri pentru urm\u0103toarele rute de zbor: Zboruri <a href=\"https:\/\/eurodirections.com\/berlin-tirana-flights-timetable\/\">Berlin-Tirana<\/a>, Zboruri <a href=\"https:\/\/eurodirections.com\/fly-to-porto-portugal\/\">spre Porto<\/a>, Zboruri <a href=\"https:\/\/eurodirections.com\/paris-bangalore\/\">Paris-Bangalore<\/a> \u0219i multe alte <a href=\"https:\/\/eurodirections.com\/ro\/in\/zboruri\/\">direc\u021bii de zbor aici<\/a>.<\/p>\n<p>Calendarul nostru este actualizat \u00een mod constant cu cele mai recente pre\u021buri \u0219i programe de zbor, astfel \u00eenc\u00e2t pute\u021bi fi siguri c\u0103 primi\u021bi cele mai recente informa\u021bii.<br \/>\nSper\u0103m c\u0103 pute\u021bi utiliza eficient calendarul nostru de zboruri ieftine \u0219i s\u0103 g\u0103si\u021bi zborul perfect pentru c\u0103l\u0103toria dvs. c\u0103tre orice destina\u021bie. C\u0103l\u0103torii fericite!<\/p>\n","protected":false},"excerpt":{"rendered":"<p>Calendarul nostru de zboruri ieftine este un instrument puternic de planificare a c\u0103l\u0103toriilor, care \u00eei ajut\u0103 pe utilizatori s\u0103 compare \u0219i s\u0103 selecteze cea mai bun\u0103 dat\u0103 pentru zborul lor c\u0103tre o anumit\u0103 destina\u021bie din orice punct al lumii. Calendarul le permite utilizatorilor s\u0103 caute \u0219i s\u0103 compare cu u\u0219urin\u021b\u0103 zboruri de la toate companiile [&hellip;]<\/p>\n","protected":false},"author":1,"featured_media":29102,"parent":0,"menu_order":0,"comment_status":"closed","ping_status":"closed","template":"","meta":{"footnotes":""},"class_list":["post-19172","page","type-page","status-publish","has-post-thumbnail","hentry"],"_links":{"self":[{"href":"https:\/\/eurodirections.com\/ro\/wp-json\/wp\/v2\/pages\/19172","targetHints":{"allow":["GET"]}}],"collection":[{"href":"https:\/\/eurodirections.com\/ro\/wp-json\/wp\/v2\/pages"}],"about":[{"href":"https:\/\/eurodirections.com\/ro\/wp-json\/wp\/v2\/types\/page"}],"author":[{"embeddable":true,"href":"https:\/\/eurodirections.com\/ro\/wp-json\/wp\/v2\/users\/1"}],"replies":[{"embeddable":true,"href":"https:\/\/eurodirections.com\/ro\/wp-json\/wp\/v2\/comments?post=19172"}],"version-history":[{"count":0,"href":"https:\/\/eurodirections.com\/ro\/wp-json\/wp\/v2\/pages\/19172\/revisions"}],"wp:featuredmedia":[{"embeddable":true,"href":"https:\/\/eurodirections.com\/ro\/wp-json\/wp\/v2\/media\/29102"}],"wp:attachment":[{"href":"https:\/\/eurodirections.com\/ro\/wp-json\/wp\/v2\/media?parent=19172"}],"curies":[{"name":"wp","href":"https:\/\/api.w.org\/{rel}","templated":true}]}}