{"id":19164,"date":"2022-04-03T18:31:04","date_gmt":"2022-04-03T18:31:04","guid":{"rendered":"https:\/\/eurodirections.com\/cele-mai-bune-orase-din-europa\/"},"modified":"2022-04-03T18:31:04","modified_gmt":"2022-04-03T18:31:04","slug":"cele-mai-bune-orase-din-europa","status":"publish","type":"page","link":"https:\/\/eurodirections.com\/ro\/cele-mai-bune-orase-din-europa\/","title":{"rendered":"Cele mai bune ora\u0219e din Europa"},"content":{"rendered":"<p><strong>Explora\u021bi cele mai bune ora\u0219e europene<\/strong>, selectate de editorii no\u0219tri pentru o experien\u021b\u0103 de c\u0103l\u0103torie uimitoare.<br \/>\nLista noastr\u0103 cu cele mai bune ora\u0219e din Europa include 100 de destina\u021bii cu informa\u021bii \u0219i ghiduri prescurtate pentru c\u0103l\u0103tori, informa\u021bii pentru g\u0103sirea de bilete, sugestii de hoteluri, selec\u021bii de cafenele \u0219i restaurante \u0219i multe altele.<\/p>\n<h3>Consulta\u021bi cele mai bune ora\u0219e din Europa:<\/h3>\n<table>\n<tbody>\n<tr>\n<td><a href=\"https:\/\/eurodirections.com\/amsterdam\"><span style=\"font-weight: 400;\">Amsterdam, \u021a\u0103rile de Jos<\/span><\/a><\/td>\n<\/tr>\n<tr>\n<td><a href=\"https:\/\/eurodirections.com\/brno\/\"><span style=\"font-weight: 400;\">Brno, Cehia<\/span><\/a><\/td>\n<\/tr>\n<tr>\n<td><a href=\"https:\/\/eurodirections.com\/gyumri\/\"><span style=\"font-weight: 400;\">Gyumri, Armenia<\/span><\/a><\/td>\n<\/tr>\n<tr>\n<td><a href=\"https:\/\/eurodirections.com\/lyon\/\"><span style=\"font-weight: 400;\">Lyon, Fran\u021ba<\/span><\/a><\/td>\n<\/tr>\n<tr>\n<td><a href=\"https:\/\/eurodirections.com\/yerevan\/\"><span style=\"font-weight: 400;\">Erevan, Armenia<\/span><\/a><\/td>\n<\/tr>\n<tr>\n<td><a href=\"https:\/\/eurodirections.com\/kavala\/\"><span style=\"font-weight: 400;\">Kavala, Grecia<\/span><\/a><\/td>\n<\/tr>\n<tr>\n<td><a href=\"https:\/\/eurodirections.com\/riga\/\"><span style=\"font-weight: 400;\">Riga, Letonia<\/span><\/a><\/td>\n<\/tr>\n<tr>\n<td><a href=\"https:\/\/eurodirections.com\/valencia\/\"><span style=\"font-weight: 400;\">Valencia, Spania<\/span><\/a><\/td>\n<\/tr>\n<tr>\n<td><a href=\"https:\/\/eurodirections.com\/best-destinations-for-getting-lost-in-the-nature\/#Innsbruck-Austria\"><span style=\"font-weight: 400;\">Innsbruck, Austria<\/span><\/a><\/td>\n<\/tr>\n<tr>\n<td><a href=\"https:\/\/eurodirections.com\/toulouse\/\"><span style=\"font-weight: 400;\">Toulouse, Fran\u021ba<\/span><\/a><\/td>\n<\/tr>\n<tr>\n<td><a href=\"https:\/\/eurodirections.com\/patras\/\"><span style=\"font-weight: 400;\">Patras, Grecia<\/span><\/a><\/td>\n<\/tr>\n<tr>\n<td><a href=\"https:\/\/eurodirections.com\/thessaloniki\/\"><span style=\"font-weight: 400;\">Thessaloniki, Grecia<\/span><\/a><\/td>\n<\/tr>\n<tr>\n<td><a href=\"https:\/\/eurodirections.com\/rome\/\"><span style=\"font-weight: 400;\">Roma, Italia<\/span><\/a><\/td>\n<\/tr>\n<tr>\n<td><a href=\"https:\/\/eurodirections.com\/brussels-bucket-list\/\"><span style=\"font-weight: 400;\">Bruxelles, Belgia<\/span><\/a><\/td>\n<\/tr>\n<tr>\n<td><a href=\"https:\/\/eurodirections.com\/explore-tallinn\"><span style=\"font-weight: 400;\">Tallinn, Estonia<\/span><\/a><\/td>\n<\/tr>\n<tr>\n<td><a href=\"https:\/\/eurodirections.com\/nicosia\/\"><span style=\"font-weight: 400;\">Nicosia, Cipru<\/span><\/a><\/td>\n<\/tr>\n<tr>\n<td><a href=\"https:\/\/eurodirections.com\/best-destinations-for-getting-lost-in-the-nature\/#Pamplona-Spain\"><span style=\"font-weight: 400;\">Pamplona, Spania<\/span><\/a><\/td>\n<\/tr>\n<tr>\n<td><a href=\"https:\/\/eurodirections.com\/constanta-bucket-list\/\"><span style=\"font-weight: 400;\">Constan\u021ba, Rom\u00e2nia<\/span><\/a><\/td>\n<\/tr>\n<tr>\n<td><a href=\"https:\/\/eurodirections.com\/cluj-napoca-bucket-list\/\"><span style=\"font-weight: 400;\">Cluj Napoca, Rom\u00e2nia<\/span><\/a><\/td>\n<\/tr>\n<tr>\n<td><a href=\"https:\/\/eurodirections.com\/batumi\/\"><span style=\"font-weight: 400;\">Batumi, Georgia<\/span><\/a><\/td>\n<\/tr>\n<tr>\n<td><a href=\"https:\/\/eurodirections.com\/tirana\/\"><span style=\"font-weight: 400;\">Tirana, Albania<\/span><\/a><\/td>\n<\/tr>\n<tr>\n<td><a href=\"https:\/\/eurodirections.com\/rhodes\/\"><span style=\"font-weight: 400;\">Rodos, Grecia<\/span><\/a><\/td>\n<\/tr>\n<\/tbody>\n<\/table>\n<table>\n<tbody>\n<tr>\n<td><a href=\"https:\/\/eurodirections.com\/florence-bucket-list\/\"><span style=\"font-weight: 400;\">Floren\u021ba, Italia<\/span><\/a><\/td>\n<\/tr>\n<tr>\n<td><a href=\"https:\/\/eurodirections.com\/graz\/\"><span style=\"font-weight: 400;\">Graz, Austria<\/span><\/a><\/td>\n<\/tr>\n<tr>\n<td><a href=\"https:\/\/eurodirections.com\/heraklion\/\"><span style=\"font-weight: 400;\">Heraklion, Grecia<\/span><\/a><\/td>\n<\/tr>\n<tr>\n<td><a href=\"https:\/\/eurodirections.com\/visit-durres-albania\/\"><span style=\"font-weight: 400;\">Durr\u00ebs, Albania<\/span><\/a><\/td>\n<\/tr>\n<tr>\n<td><a href=\"https:\/\/eurodirections.com\/luxembourg\/\"><span style=\"font-weight: 400;\">Luxemburg<\/span><\/a><\/td>\n<\/tr>\n<tr>\n<td><a href=\"https:\/\/eurodirections.com\/liechtenstein\/\"><span style=\"font-weight: 400;\">Liechtenstein<\/span><\/a><\/td>\n<\/tr>\n<tr>\n<td><a href=\"https:\/\/eurodirections.com\/malaga\/\"><span style=\"font-weight: 400;\">Malaga, Spania<\/span><\/a><\/td>\n<\/tr>\n<tr>\n<td><a href=\"https:\/\/eurodirections.com\/madrid\/\"><span style=\"font-weight: 400;\">Madrid, Spania<\/span><\/a><\/td>\n<\/tr>\n<tr>\n<td><a href=\"https:\/\/eurodirections.com\/marseille\/\"><span style=\"font-weight: 400;\">Marsilia, Fran\u021ba<\/span><\/a><\/td>\n<\/tr>\n<tr>\n<td><a href=\"https:\/\/eurodirections.com\/bergen-bucket-list\/\"><span style=\"font-weight: 400;\">Bergen, Norvegia<\/span><\/a><\/td>\n<\/tr>\n<tr>\n<td><a href=\"https:\/\/eurodirections.com\/prague\/\"><span style=\"font-weight: 400;\">Praga, Cehia<\/span><\/a><\/td>\n<\/tr>\n<tr>\n<td><a href=\"https:\/\/eurodirections.com\/larissa\"><span style=\"font-weight: 400;\">Larissa, Grecia<\/span><\/a><\/td>\n<\/tr>\n<tr>\n<td><a href=\"https:\/\/eurodirections.com\/milan\/\"><span style=\"font-weight: 400;\">Milano, Italia<\/span><\/a><\/td>\n<\/tr>\n<tr>\n<td><a href=\"https:\/\/eurodirections.com\/vilnius\/\"><span style=\"font-weight: 400;\">Vilnius, Lituania<\/span><\/a><\/td>\n<\/tr>\n<tr>\n<td><a href=\"https:\/\/eurodirections.com\/limassol\/\"><span style=\"font-weight: 400;\">Limassol, Cipru<\/span><\/a><\/td>\n<\/tr>\n<tr>\n<td><a href=\"https:\/\/eurodirections.com\/herceg-novi-bucket-list\/\"><span style=\"font-weight: 400;\">Herceg Novi, Muntenegru<\/span><\/a><\/td>\n<\/tr>\n<tr>\n<td><a href=\"https:\/\/eurodirections.com\/vienna\/\"><span style=\"font-weight: 400;\">Viena, Austria<\/span><\/a><\/td>\n<\/tr>\n<tr>\n<td><a href=\"https:\/\/eurodirections.com\/london\"><span style=\"font-weight: 400;\">Londra, Anglia<\/span><\/a><\/td>\n<\/tr>\n<tr>\n<td><a href=\"https:\/\/eurodirections.com\/san-marino-bucket-list\/\"><span style=\"font-weight: 400;\">San Marino<\/span><\/a><\/td>\n<\/tr>\n<tr>\n<td><a href=\"https:\/\/eurodirections.com\/venice\"><span style=\"font-weight: 400;\">Vene\u021bia, Italia<\/span><\/a><\/td>\n<\/tr>\n<tr>\n<td><a href=\"https:\/\/eurodirections.com\/dublin\"><span style=\"font-weight: 400;\">Dublin, Irlanda<\/span><\/a><\/td>\n<\/tr>\n<tr>\n<td><a href=\"https:\/\/eurodirections.com\/warsaw-bucket-list\"><span style=\"font-weight: 400;\">Var\u0219ovia, Polonia<\/span><\/a><\/td>\n<\/tr>\n<\/tbody>\n<\/table>\n<table>\n<tbody>\n<tr>\n<td><a href=\"https:\/\/eurodirections.com\/podgorica-sights-and-guide\/\">Podgorica, Muntenegru<\/a><\/td>\n<\/tr>\n<tr>\n<td><a href=\"https:\/\/eurodirections.com\/best-destinations-for-getting-lost-in-the-nature\/#Grenoble-France\">Grenoble, Fran\u021ba<\/a><\/td>\n<\/tr>\n<tr>\n<td><a href=\"https:\/\/eurodirections.com\/budva\/\">Budva, Montenegro<\/a><\/td>\n<\/tr>\n<tr>\n<td><a href=\"https:\/\/eurodirections.com\/dublin\">Liechtenstein<\/a><\/td>\n<\/tr>\n<tr>\n<td><a href=\"https:\/\/eurodirections.com\/lisbon\/\">Lisabona, Portugalia<\/a><\/td>\n<\/tr>\n<tr>\n<td><a href=\"https:\/\/eurodirections.com\/athens\/\">Atena, Grecia<\/a><\/td>\n<\/tr>\n<tr>\n<td><a href=\"https:\/\/eurodirections.com\/barcelona\/\">Barcelona, Spania<\/a><\/td>\n<\/tr>\n<tr>\n<td><a href=\"https:\/\/eurodirections.com\/nantes\/\">Nantes, Fran\u021ba<\/a><\/td>\n<\/tr>\n<tr>\n<td><a href=\"https:\/\/eurodirections.com\/reykjavik\/\">Reykjavik, Islanda<\/a><\/td>\n<\/tr>\n<tr>\n<td><a href=\"https:\/\/eurodirections.com\/genoa\/\">Genova, Italia<\/a><\/td>\n<\/tr>\n<tr>\n<td><a href=\"https:\/\/eurodirections.com\/larnaca\/\">Larnaca, Cipru<\/a><\/td>\n<\/tr>\n<tr>\n<td><a href=\"https:\/\/eurodirections.com\/malta\/\">Valetta, Malta<\/a><\/td>\n<\/tr>\n<tr>\n<td><a href=\"https:\/\/eurodirections.com\/antwerp-tourist-attractions\/\">Antwerp, Belgia<\/a><\/td>\n<\/tr>\n<tr>\n<td><a href=\"https:\/\/eurodirections.com\/best-destinations-for-getting-lost-in-the-nature\/#Dilijan-Armenia\">Dilijan, Armenia<\/a><\/td>\n<\/tr>\n<\/tbody>\n<\/table>\n<h3>C\u0103l\u0103torie prin ora\u0219ele europene<\/h3>\n<p>Cu serviciul nostru inteligent de c\u0103utare a zborurilor, pute\u021bi g\u0103si cele mai bune bilete de avion pentru zboruri din orice punct al lumii c\u0103tre destina\u021bia dumneavoastr\u0103.<br \/>\nC\u0103uta\u021bi, compara\u021bi \u0219i filtra\u021bi zboruri, companii aeriene, agen\u021bii de turism \u0219i sisteme de rezervare online.<br \/>\nDumneavoastr\u0103 stabili\u021bi loca\u021bia &#8211; noi g\u0103sim cele mai ieftine pre\u021buri pentru bilete de avion!  <\/p>\n<p><script src=\"\/\/tp.media\/content?currency=eur&amp;promo_id=7879&amp;shmarker=14350&amp;campaign_id=100&amp;trs=147545&amp;combine_promos=101_7873&amp;show_hotels=true&amp;searchUrl=air.eurodirections.com%2Fflights&amp;border_radius=0&amp;plain=true&amp;primary=%23FF8E01&amp;secondary=%23FFFFFF&amp;dark=%23262626&amp;light=%23FFFFFF&amp;special=%23E0E0E0&amp;no_labels=&amp;locale=en&amp;powered_by=false\" charset=\"utf-8\"><\/script><\/p>\n<p><script type=\"application\/ld+json\">\n{\n    \"@context\": \"http:\/\/schema.org\",\n    \"@type\": \"WebPage\",\n    \"name\": \"Best cities of Europe\",\n    \"description\": \"Explore the best cities in Europe for traveling and journeys. Editor's picked list of 100 selected destinations in Europe with traveler bucket lists and most important things to do.\",\n    \"publisher\": {\n        \"@type\": \"WebPage\",\n        \"name\": \"Eurodirections.com\"\n    }\n}\n<\/script><\/p>\n","protected":false},"excerpt":{"rendered":"<p>Explora\u021bi cele mai bune ora\u0219e europene, selectate de editorii no\u0219tri pentru o experien\u021b\u0103 de c\u0103l\u0103torie uimitoare. Lista noastr\u0103 cu cele mai bune ora\u0219e din Europa include 100 de destina\u021bii cu informa\u021bii \u0219i ghiduri prescurtate pentru c\u0103l\u0103tori, informa\u021bii pentru g\u0103sirea de bilete, sugestii de hoteluri, selec\u021bii de cafenele \u0219i restaurante \u0219i multe altele. Consulta\u021bi cele mai [&hellip;]<\/p>\n","protected":false},"author":1,"featured_media":4131,"parent":0,"menu_order":0,"comment_status":"closed","ping_status":"closed","template":"","meta":{"footnotes":""},"class_list":["post-19164","page","type-page","status-publish","has-post-thumbnail","hentry"],"_links":{"self":[{"href":"https:\/\/eurodirections.com\/ro\/wp-json\/wp\/v2\/pages\/19164","targetHints":{"allow":["GET"]}}],"collection":[{"href":"https:\/\/eurodirections.com\/ro\/wp-json\/wp\/v2\/pages"}],"about":[{"href":"https:\/\/eurodirections.com\/ro\/wp-json\/wp\/v2\/types\/page"}],"author":[{"embeddable":true,"href":"https:\/\/eurodirections.com\/ro\/wp-json\/wp\/v2\/users\/1"}],"replies":[{"embeddable":true,"href":"https:\/\/eurodirections.com\/ro\/wp-json\/wp\/v2\/comments?post=19164"}],"version-history":[{"count":0,"href":"https:\/\/eurodirections.com\/ro\/wp-json\/wp\/v2\/pages\/19164\/revisions"}],"wp:featuredmedia":[{"embeddable":true,"href":"https:\/\/eurodirections.com\/ro\/wp-json\/wp\/v2\/media\/4131"}],"wp:attachment":[{"href":"https:\/\/eurodirections.com\/ro\/wp-json\/wp\/v2\/media?parent=19164"}],"curies":[{"name":"wp","href":"https:\/\/api.w.org\/{rel}","templated":true}]}}