{"id":13473,"date":"2022-12-09T09:27:35","date_gmt":"2022-12-09T09:27:35","guid":{"rendered":"https:\/\/eurodirections.com\/hoteluri\/"},"modified":"2023-01-25T10:03:03","modified_gmt":"2023-01-25T10:03:03","slug":"hoteluri","status":"publish","type":"page","link":"https:\/\/eurodirections.com\/ro\/hoteluri\/","title":{"rendered":"Hoteluri"},"content":{"rendered":"\t\t<div data-elementor-type=\"wp-page\" data-elementor-id=\"13473\" class=\"elementor elementor-13473\">\n\t\t\t\t\t\t<section class=\"elementor-section elementor-top-section elementor-element elementor-element-d468925 elementor-section-boxed elementor-section-height-default elementor-section-height-default\" data-id=\"d468925\" data-element_type=\"section\" data-e-type=\"section\">\n\t\t\t\t\t\t<div class=\"elementor-container elementor-column-gap-default\">\n\t\t\t\t\t<div class=\"elementor-column elementor-col-100 elementor-top-column elementor-element elementor-element-319ad72\" data-id=\"319ad72\" data-element_type=\"column\" data-e-type=\"column\">\n\t\t\t<div class=\"elementor-widget-wrap elementor-element-populated\">\n\t\t\t\t\t\t<div class=\"elementor-element elementor-element-c6ffbb3 elementor-widget__width-inherit elementor-widget elementor-widget-text-editor\" data-id=\"c6ffbb3\" data-element_type=\"widget\" data-e-type=\"widget\" data-widget_type=\"text-editor.default\">\n\t\t\t\t<div class=\"elementor-widget-container\">\n\t\t\t\t\t\t\t\t\t<p>C\u0103uta\u021bi hoteluri, pensiuni sau apartamente confortabile? Compara\u021bi toate pre\u021burile de pe internet folosind serviciul nostru de c\u0103utare a hotelurilor &#8211; planifica\u021bi-v\u0103 c\u0103l\u0103toria \u0219i economisi\u021bi banii pentru c\u0103l\u0103toria prin Europa. <\/p>\n\t\t\t\t\t\t\t\t<\/div>\n\t\t\t\t<\/div>\n\t\t\t\t\t<\/div>\n\t\t<\/div>\n\t\t\t\t\t<\/div>\n\t\t<\/section>\n\t\t\t\t<section class=\"elementor-section elementor-top-section elementor-element elementor-element-f900ca2 elementor-section-boxed elementor-section-height-default elementor-section-height-default\" data-id=\"f900ca2\" data-element_type=\"section\" data-e-type=\"section\">\n\t\t\t\t\t\t<div class=\"elementor-container elementor-column-gap-default\">\n\t\t\t\t\t<div class=\"elementor-column elementor-col-100 elementor-top-column elementor-element elementor-element-2434b85\" data-id=\"2434b85\" data-element_type=\"column\" data-e-type=\"column\">\n\t\t\t<div class=\"elementor-widget-wrap elementor-element-populated\">\n\t\t\t\t\t\t<div class=\"elementor-element elementor-element-713ba2b elementor-widget elementor-widget-html\" data-id=\"713ba2b\" data-element_type=\"widget\" data-e-type=\"widget\" data-widget_type=\"html.default\">\n\t\t\t\t<div class=\"elementor-widget-container\">\n\t\t\t\t\t<center>\n    \n    <script charset=\"utf-8\" src=\"\/\/www.travelpayouts.com\/widgets\/b0f062210a076eb373f5c08877774ae6.js?v=2203\" async=\"\"><\/script>\n\n<\/center>\t\t\t\t<\/div>\n\t\t\t\t<\/div>\n\t\t\t\t\t<\/div>\n\t\t<\/div>\n\t\t\t\t\t<\/div>\n\t\t<\/section>\n\t\t\t\t<section class=\"elementor-section elementor-top-section elementor-element elementor-element-f9ae27d elementor-section-boxed elementor-section-height-default elementor-section-height-default\" data-id=\"f9ae27d\" data-element_type=\"section\" data-e-type=\"section\">\n\t\t\t\t\t\t<div class=\"elementor-container elementor-column-gap-default\">\n\t\t\t\t\t<div class=\"elementor-column elementor-col-100 elementor-top-column elementor-element elementor-element-ac118d8\" data-id=\"ac118d8\" data-element_type=\"column\" data-e-type=\"column\">\n\t\t\t<div class=\"elementor-widget-wrap elementor-element-populated\">\n\t\t\t\t\t\t<div class=\"elementor-element elementor-element-a6ea89b elementor-widget elementor-widget-heading\" data-id=\"a6ea89b\" data-element_type=\"widget\" data-e-type=\"widget\" data-widget_type=\"heading.default\">\n\t\t\t\t<div class=\"elementor-widget-container\">\n\t\t\t\t\t<h2 class=\"elementor-heading-title elementor-size-default\">Hoteluri de top \u00een Barcelona<\/h2>\t\t\t\t<\/div>\n\t\t\t\t<\/div>\n\t\t\t\t\t<\/div>\n\t\t<\/div>\n\t\t\t\t\t<\/div>\n\t\t<\/section>\n\t\t\t\t<section class=\"elementor-section elementor-top-section elementor-element elementor-element-2685ed5 elementor-section-boxed elementor-section-height-default elementor-section-height-default\" data-id=\"2685ed5\" data-element_type=\"section\" data-e-type=\"section\">\n\t\t\t\t\t\t<div class=\"elementor-container elementor-column-gap-default\">\n\t\t\t\t\t<div class=\"elementor-column elementor-col-100 elementor-top-column elementor-element elementor-element-10de6c2\" data-id=\"10de6c2\" data-element_type=\"column\" data-e-type=\"column\">\n\t\t\t<div class=\"elementor-widget-wrap elementor-element-populated\">\n\t\t\t\t\t\t<div class=\"elementor-element elementor-element-f238096 elementor-widget elementor-widget-html\" data-id=\"f238096\" data-element_type=\"widget\" data-e-type=\"widget\" data-widget_type=\"html.default\">\n\t\t\t\t<div class=\"elementor-widget-container\">\n\t\t\t\t\t<script src=\"https:\/\/www.travelpayouts.com\/blissey\/scripts_en.js?currency=eur&categories=center%2Cpopularity%2Cprice&id=3196&type=compact&marker=14350&trs=147545&powered_by=false&host=air.eurodirections.com%2Fhotels&locale=en&limit=10&nobooking=\" charset=\"utf-8\"><\/script>\t\t\t\t<\/div>\n\t\t\t\t<\/div>\n\t\t\t\t\t<\/div>\n\t\t<\/div>\n\t\t\t\t\t<\/div>\n\t\t<\/section>\n\t\t\t\t<section class=\"elementor-section elementor-top-section elementor-element elementor-element-825c3bf elementor-section-boxed elementor-section-height-default elementor-section-height-default\" data-id=\"825c3bf\" data-element_type=\"section\" data-e-type=\"section\">\n\t\t\t\t\t\t<div class=\"elementor-container elementor-column-gap-default\">\n\t\t\t\t\t<div class=\"elementor-column elementor-col-100 elementor-top-column elementor-element elementor-element-ff09586\" data-id=\"ff09586\" data-element_type=\"column\" data-e-type=\"column\">\n\t\t\t<div class=\"elementor-widget-wrap elementor-element-populated\">\n\t\t\t\t\t\t<div class=\"elementor-element elementor-element-515a136 elementor-widget elementor-widget-text-editor\" data-id=\"515a136\" data-element_type=\"widget\" data-e-type=\"widget\" data-widget_type=\"text-editor.default\">\n\t\t\t\t<div class=\"elementor-widget-container\">\n\t\t\t\t\t\t\t\t\t<h3>Cum s\u0103 g\u0103si\u021bi hoteluri ieftine online?<\/h3>\n<p>Exist\u0103 mai multe modalit\u0103\u021bi de a g\u0103si hoteluri ieftine online, dintre care una este prin utilizarea unui site web de comparare a hotelurilor, cum ar fi Euro Directions, care caut\u0103 mai multe platforme de rezervare \u0219i compar\u0103 pre\u021burile pentru a g\u0103si cele mai bune oferte.<\/p>\n<ol>\n<li>Accesa\u021bi un site web de comparare a hotelurilor, cum ar fi Euro Directions \u0219i introduce\u021bi destina\u021bia dvs. sau specifica\u021bi hotelul \u00een care dori\u021bi s\u0103 sta\u021bi.<\/li>\n<li>Ap\u0103sa\u021bi butonul de c\u0103utare pentru a vedea o list\u0103 de hoteluri, pensiuni \u0219i pensiuni disponibile \u00een acea zon\u0103.<\/li>\n<li>Compara\u021bi pre\u021burile \u0219i evalu\u0103rile hotelurilor pentru a g\u0103si cele mai bune oferte \u0219i cea mai potrivit\u0103 cazare pentru nevoile dvs.<\/li>\n<li>Verifica\u021bi dac\u0103 sunt disponibile promo\u021bii sau reduceri<\/li>\n<li>Citi\u021bi recenzii de la al\u021bi c\u0103l\u0103tori \u00eenainte de a face o rezervare.<\/li>\n<li>Odat\u0103 ce a\u021bi g\u0103sit un hotel potrivit, continua\u021bi s\u0103 face\u021bi o rezervare pe sistemul de rezervare care a oferit cel mai bun pre\u021b \u0219i cazare.<\/li>\n<\/ol>\n<p>C\u0103uta\u021bi cele mai populare destina\u021bii \u00een care utilizatorii caut\u0103 hoteluri ieftine pe Euro Directions:<\/p>\n<ul>\n<li><a href=\"https:\/\/eurodirections.com\/popular-hotels-in-toulouse\/\" target=\"_blank\" rel=\"noopener\">Hoteluri populare Toulouse<\/a><\/li>\n<li><a href=\"https:\/\/eurodirections.com\/larnaca-cheap-hotels-guide\/\" target=\"_blank\" rel=\"noopener\">Ghidul \u0219i harta hotelurilor din Larnaca<\/a><\/li>\n<li><a href=\"https:\/\/eurodirections.com\/10-cheap-popular-hotels-in-malta-with-high-ratings\/\" target=\"_blank\" rel=\"noopener\">Malta Hoteluri populare<\/a><\/li>\n<li><a href=\"https:\/\/eurodirections.com\/hotels-in-tallinn\/\" target=\"_blank\" rel=\"noopener\">Explora\u021bi hotelurile din Tallinn, Estonia<\/a><\/li>\n<li><a href=\"https:\/\/eurodirections.com\/hotels-in-kavala\/\" target=\"_blank\" rel=\"noopener\">C\u0103uta\u021bi hoteluri \u00een Kavala, Grecia?<\/a><\/li>\n<li><a href=\"https:\/\/eurodirections.com\/popular-hotels-in-valencia\/\" target=\"_blank\" rel=\"noopener\">Hoteluri recomandate \u00een Valencia<\/a><\/li>\n<li><a href=\"https:\/\/eurodirections.com\/popular-hotels-in-tbilisi\/\" target=\"_blank\" rel=\"noopener\">Hoteluri ieftine \u0219i populare \u00een Tbilisi, Georgia<\/a><\/li>\n<\/ul>\n<p>\u2014<\/p>\n<p><span style=\"color: #666699;\"><strong>Not\u0103:<\/strong> Platforma de planificare a c\u0103l\u0103toriilor Euro Directions este conectat\u0103 la sistemul de c\u0103utare hotellook \u0219i ofer\u0103 acelea\u0219i servicii ca \u0219i motorul de c\u0103utare principal. Noi \u00een\u0219ine nu oferim servicii de rezervare online \u0219i nu reprezent\u0103m niciun hotel! Consulta\u021bi termenii no\u0219tri pentru mai multe informa\u021bii.  <\/span><\/p>\n<p><span style=\"color: #999999;\"><strong>Informa\u021bii de recomandare:<\/strong> informa\u021biile con\u021bin link-uri afiliate, ceea ce \u00eenseamn\u0103 c\u0103 \u00een cazul \u00een care utilizatorii dau clic pe link-urile hotelului \u0219i fac o rezervare, site-ul nostru web c\u00e2\u0219tig\u0103 un comision.<\/span><\/p>\n\t\t\t\t\t\t\t\t<\/div>\n\t\t\t\t<\/div>\n\t\t\t\t\t<\/div>\n\t\t<\/div>\n\t\t\t\t\t<\/div>\n\t\t<\/section>\n\t\t\t\t<\/div>\n\t\t","protected":false},"excerpt":{"rendered":"<p>C\u0103uta\u021bi hoteluri, pensiuni sau apartamente confortabile? Compara\u021bi toate pre\u021burile de pe internet folosind serviciul nostru de c\u0103utare a hotelurilor &#8211; planifica\u021bi-v\u0103 c\u0103l\u0103toria \u0219i economisi\u021bi banii pentru c\u0103l\u0103toria prin Europa. Hoteluri de top \u00een Barcelona Cum s\u0103 g\u0103si\u021bi hoteluri ieftine online? Exist\u0103 mai multe modalit\u0103\u021bi de a g\u0103si hoteluri ieftine online, dintre care una este prin [&hellip;]<\/p>\n","protected":false},"author":1,"featured_media":0,"parent":0,"menu_order":0,"comment_status":"closed","ping_status":"closed","template":"","meta":{"footnotes":""},"class_list":["post-13473","page","type-page","status-publish","hentry"],"_links":{"self":[{"href":"https:\/\/eurodirections.com\/ro\/wp-json\/wp\/v2\/pages\/13473","targetHints":{"allow":["GET"]}}],"collection":[{"href":"https:\/\/eurodirections.com\/ro\/wp-json\/wp\/v2\/pages"}],"about":[{"href":"https:\/\/eurodirections.com\/ro\/wp-json\/wp\/v2\/types\/page"}],"author":[{"embeddable":true,"href":"https:\/\/eurodirections.com\/ro\/wp-json\/wp\/v2\/users\/1"}],"replies":[{"embeddable":true,"href":"https:\/\/eurodirections.com\/ro\/wp-json\/wp\/v2\/comments?post=13473"}],"version-history":[{"count":0,"href":"https:\/\/eurodirections.com\/ro\/wp-json\/wp\/v2\/pages\/13473\/revisions"}],"wp:attachment":[{"href":"https:\/\/eurodirections.com\/ro\/wp-json\/wp\/v2\/media?parent=13473"}],"curies":[{"name":"wp","href":"https:\/\/api.w.org\/{rel}","templated":true}]}}