{"id":22694,"date":"2022-04-01T14:27:31","date_gmt":"2022-04-01T14:27:31","guid":{"rendered":"https:\/\/eurodirections.com\/amsterdam-explorer-guia-de-viagem\/"},"modified":"2023-03-24T13:28:48","modified_gmt":"2023-03-24T13:28:48","slug":"amsterdam-viagem","status":"publish","type":"page","link":"https:\/\/eurodirections.com\/pt-pt\/amsterdam-viagem\/","title":{"rendered":"Amsterdam Explorer &#038; Guia de viagem"},"content":{"rendered":"<div id=\"ez-toc-container\" class=\"ez-toc-v2_0_82_2 counter-hierarchy ez-toc-counter ez-toc-grey ez-toc-container-direction\">\n<div class=\"ez-toc-title-container\">\n<p class=\"ez-toc-title\" style=\"cursor:inherit\">Table of Contents<\/p>\n<span class=\"ez-toc-title-toggle\"><a href=\"#\" class=\"ez-toc-pull-right ez-toc-btn ez-toc-btn-xs ez-toc-btn-default ez-toc-toggle\" aria-label=\"Toggle Table of Content\"><span class=\"ez-toc-js-icon-con\"><span class=\"\"><span class=\"eztoc-hide\" style=\"display:none;\">Toggle<\/span><span class=\"ez-toc-icon-toggle-span\"><svg style=\"fill: #999;color:#999\" xmlns=\"http:\/\/www.w3.org\/2000\/svg\" class=\"list-377408\" width=\"20px\" height=\"20px\" viewBox=\"0 0 24 24\" fill=\"none\"><path d=\"M6 6H4v2h2V6zm14 0H8v2h12V6zM4 11h2v2H4v-2zm16 0H8v2h12v-2zM4 16h2v2H4v-2zm16 0H8v2h12v-2z\" fill=\"currentColor\"><\/path><\/svg><svg style=\"fill: #999;color:#999\" class=\"arrow-unsorted-368013\" xmlns=\"http:\/\/www.w3.org\/2000\/svg\" width=\"10px\" height=\"10px\" viewBox=\"0 0 24 24\" version=\"1.2\" baseProfile=\"tiny\"><path d=\"M18.2 9.3l-6.2-6.3-6.2 6.3c-.2.2-.3.4-.3.7s.1.5.3.7c.2.2.4.3.7.3h11c.3 0 .5-.1.7-.3.2-.2.3-.5.3-.7s-.1-.5-.3-.7zM5.8 14.7l6.2 6.3 6.2-6.3c.2-.2.3-.5.3-.7s-.1-.5-.3-.7c-.2-.2-.4-.3-.7-.3h-11c-.3 0-.5.1-.7.3-.2.2-.3.5-.3.7s.1.5.3.7z\"\/><\/svg><\/span><\/span><\/span><\/a><\/span><\/div>\n<nav><ul class='ez-toc-list ez-toc-list-level-1 eztoc-toggle-hide-by-default' ><li class='ez-toc-page-1 ez-toc-heading-level-3'><a class=\"ez-toc-link ez-toc-heading-1\" href=\"https:\/\/eurodirections.com\/pt-pt\/amsterdam-viagem\/#Lista-de-baldes-de-Amsterdam-Travel\" >Lista de baldes de Amsterdam Travel<\/a><\/li><li class='ez-toc-page-1 ez-toc-heading-level-3'><a class=\"ez-toc-link ez-toc-heading-2\" href=\"https:\/\/eurodirections.com\/pt-pt\/amsterdam-viagem\/#Guia-de-voos-baratos-de-Amesterdao\" >Guia de voos baratos de Amesterd\u00e3o<\/a><\/li><li class='ez-toc-page-1 ez-toc-heading-level-3'><a class=\"ez-toc-link ez-toc-heading-3\" href=\"https:\/\/eurodirections.com\/pt-pt\/amsterdam-viagem\/#Coisas-a-nao-perder-em-Amesterdao\" >Coisas a n\u00e3o perder em Amesterd\u00e3o<\/a><\/li><li class='ez-toc-page-1 ez-toc-heading-level-3'><a class=\"ez-toc-link ez-toc-heading-4\" href=\"https:\/\/eurodirections.com\/pt-pt\/amsterdam-viagem\/#Coma-como-um-local-em-Amesterdao\" >Coma como um local em Amesterd\u00e3o<\/a><\/li><li class='ez-toc-page-1 ez-toc-heading-level-3'><a class=\"ez-toc-link ez-toc-heading-5\" href=\"https:\/\/eurodirections.com\/pt-pt\/amsterdam-viagem\/#Onde-ficar-em-Amesterdao\" >Onde ficar em Amesterd\u00e3o<\/a><\/li><li class='ez-toc-page-1 ez-toc-heading-level-3'><a class=\"ez-toc-link ez-toc-heading-6\" href=\"https:\/\/eurodirections.com\/pt-pt\/amsterdam-viagem\/#Mapa-de-hoteis-de-Amesterdao-com-precos-de-quarto\" >Mapa de hot\u00e9is de Amesterd\u00e3o com pre\u00e7os de quarto<\/a><\/li><\/ul><\/nav><\/div>\n<h3><span class=\"ez-toc-section\" id=\"Lista-de-baldes-de-Amsterdam-Travel\"><\/span><b>Lista de baldes de Amsterdam Travel<\/b><span class=\"ez-toc-section-end\"><\/span><\/h3>\n<p><span style=\"font-weight: 400;\">Entre em Amesterd\u00e3o, e encontrar\u00e1 milhares de coisas para fazer e ver.<br \/>\nA cidade mais excitante da Europa, com s\u00edtios em cada esquina, faz com que as pessoas regressem aqui uma e outra vez.<br \/>\nQuer esteja \u00e0 procura de uma viagem cultural, vida nocturna, ou atrac\u00e7\u00e3o natural, encontrar\u00e1 tudo num s\u00f3 lugar. <\/span><\/p>\n<h3><span class=\"ez-toc-section\" id=\"Guia-de-voos-baratos-de-Amesterdao\"><\/span>Guia de voos baratos de Amesterd\u00e3o<span class=\"ez-toc-section-end\"><\/span><\/h3>\n<p><span style=\"color: #999999;\">Assistente de viagem de Amesterd\u00e3o para viajantes que planeiam uma viagem aos Pa\u00edses Baixos &#8211; encontre voos baratos para Amesterd\u00e3o com a ajuda do guia de bilhetes baratos:<\/span><\/p>\n<p><script src=\"\/\/tp.media\/content?currency=eur&amp;promo_id=4044&amp;shmarker=14350&amp;campaign_id=100&amp;trs=147545&amp;target_host=air.eurodirections.com%2Fflights&amp;locale=pt&amp;limit=12&amp;powered_by=true&amp;secondary=%23FF4000&amp;destination=AMS\" charset=\"utf-8\"><\/script><\/p>\n<h3><span class=\"ez-toc-section\" id=\"Coisas-a-nao-perder-em-Amesterdao\"><\/span><b>Coisas a n\u00e3o perder em Amesterd\u00e3o<\/b><span class=\"ez-toc-section-end\"><\/span><\/h3>\n<ul>\n<li style=\"font-weight: 400;\" aria-level=\"1\"><span style=\"font-weight: 400;\">Fa\u00e7a um passeio de bicicleta em Amesterd\u00e3o, explorando todas as pedras preciosas escondidas.<\/span><\/li>\n<li style=\"font-weight: 400;\" aria-level=\"1\"><span style=\"font-weight: 400;\">Relaxe e desfrute do sol e da natureza em Vondelpark, o maior parque da cidade.<\/span><\/li>\n<li style=\"font-weight: 400;\" aria-level=\"1\"><span style=\"font-weight: 400;\">Perder-se no distrito de Jordaan, o centro da hist\u00f3ria, da cultura e da comida.<\/span><\/li>\n<li style=\"font-weight: 400;\" aria-level=\"1\"><span style=\"font-weight: 400;\">Visite o museu Anna Frank House onde viveu durante dois anos e escreveu um di\u00e1rio que se tornaria um best-seller.<\/span><\/li>\n<li style=\"font-weight: 400;\" aria-level=\"1\"><span style=\"font-weight: 400;\">Encontre a maior colec\u00e7\u00e3o de quadros Van Gogh no Museu Van Gogh.<\/span><\/li>\n<li style=\"font-weight: 400;\" aria-level=\"1\"><span style=\"font-weight: 400;\">Dar um passeio nocturno em De Negen Straatjes (as Nove Ruas Pequenas) para explorar belas ruas e boutiques. <\/span><\/li>\n<\/ul>\n<h3><span class=\"ez-toc-section\" id=\"Coma-como-um-local-em-Amesterdao\"><\/span><b>Coma como um local em Amesterd\u00e3o<\/b><span class=\"ez-toc-section-end\"><\/span><\/h3>\n<ul>\n<li style=\"font-weight: 400;\" aria-level=\"1\"><span style=\"font-weight: 400;\">Jantar em Jansz, um restaurante popular com cozinha requintada que foi em tempos uma loja de botic\u00e1rio.<\/span><\/li>\n<li style=\"font-weight: 400;\" aria-level=\"1\"><span style=\"font-weight: 400;\">Para um jantar acess\u00edvel e saboroso, dirija-se \u00e0 Hap-Hmm e pe\u00e7a bife de carne de vaca macia com manteiga.<\/span><\/li>\n<li style=\"font-weight: 400;\" aria-level=\"1\"><span style=\"font-weight: 400;\">Para pratos de peixe, visite Pesca, o &#8220;teatro do peixe&#8221;, onde ser\u00e1 tratado a uma ta\u00e7a de champanhe enquanto escolhe um prato. <\/span><\/li>\n<li style=\"font-weight: 400;\" aria-level=\"1\"><span style=\"font-weight: 400;\">Tenha uma \u00f3ptima manh\u00e3 no Breakfast Club com um saboroso pequeno-almo\u00e7o e caf\u00e9 com aroma. <\/span><\/li>\n<li style=\"font-weight: 400;\" aria-level=\"1\"><span style=\"font-weight: 400;\">Pegue num bar a rastejar em Amesterd\u00e3o e comece com Hide in the Plain Sight, um bar ao estilo dos speakeasy-style.<\/span><\/li>\n<\/ul>\n<h3><span class=\"ez-toc-section\" id=\"Onde-ficar-em-Amesterdao\"><\/span><b>Onde ficar em Amesterd\u00e3o<\/b><span class=\"ez-toc-section-end\"><\/span><\/h3>\n<ul>\n<li style=\"font-weight: 400;\" aria-level=\"1\"><span style=\"font-weight: 400;\"><strong>Hotel TwentySeven<\/strong> &#8211; Small Luxury Hotels of the World \u00e9 definitivamente a sua escolha para desfrutar de Amesterd\u00e3o em absoluto luxo.<\/span><\/li>\n<li style=\"font-weight: 400;\" aria-level=\"1\"><span style=\"font-weight: 400;\">Encontre a combina\u00e7\u00e3o inimagin\u00e1vel de cor e textura no <strong>Hotel Esther\u00e9a<\/strong> de 4 estrelas.<\/span><\/li>\n<li style=\"font-weight: 400;\" aria-level=\"1\"><span style=\"font-weight: 400;\">O conforto ainda pode ser acess\u00edvel no <strong>Hotel Aalders de<\/strong> 3 estrelas com cores suaves nos quartos.<\/span><\/li>\n<li style=\"font-weight: 400;\" aria-level=\"1\"><span style=\"font-weight: 400;\">Escolha o conceito do <strong>Hotel BUNK Amsterdam<\/strong>, onde o luxo acess\u00edvel \u00e9 combinado com beliches de design \u00fanico. <\/span><\/li>\n<li style=\"font-weight: 400;\" aria-level=\"1\"><span style=\"font-weight: 400;\">Fazer uma viagem de um dia \u00e0 praia de Scheveningen e ficar no <strong>Hotel Ramada The Hague Scheveningen<\/strong>.<\/span><\/li>\n<\/ul>\n<p><script src=\"https:\/\/www.travelpayouts.com\/chansey\/iframe.js?v=1&amp;marker=14350&amp;host=air.eurodirections.com%2Fhotels&amp;locale=pt&amp;currency=eur&amp;nobooking=&amp;powered_by=false&amp;hotel_id=296344\" charset=\"utf-8\" async=\"\"><\/script><\/p>\n<p>\u2014<\/p>\n<h3><span class=\"ez-toc-section\" id=\"Mapa-de-hoteis-de-Amesterdao-com-precos-de-quarto\"><\/span>Mapa de hot\u00e9is de Amesterd\u00e3o com pre\u00e7os de quarto<span class=\"ez-toc-section-end\"><\/span><\/h3>\n<p><script src=\"\/\/tp.media\/content?0=0&amp;1=10&amp;promo_id=4285&amp;shmarker=14350&amp;campaign_id=101&amp;search_host=air.eurodirections.com%2Fhotels&amp;locale=pt&amp;currency=eur&amp;draggable=true&amp;disable_zoom=false&amp;show_logo=false&amp;scrollwheel=false&amp;color=%230759B0&amp;contrast_color=%23ffffff&amp;width=720&amp;height=500&amp;zoom=14&amp;radius=60&amp;stars=0%2C1%2C2%2C3%2C4%2C5&amp;price_from=&amp;price_to=&amp;lat=52.373094&amp;lng=4.892535\" charset=\"utf-8\"><\/script><br \/>\n\u2014<\/p>\n<p>Explorar <strong><br \/>\n<a title=\"Explorar as melhores cidades da Europa\" href=\"https:\/\/eurodirections.com\/pt-pt\/as-melhores-cidades-da-europa\/\" target=\"_blank\" rel=\"noopener\" data-schema-attribute=\"about\">as melhores cidades da Europa aqui<\/a><br \/>\n<\/strong> ou <strong>verifique<\/strong> abaixo <strong>os pre\u00e7os dos voos<\/strong> \u2708 para o seu pr\u00f3ximo destino de viagem:<\/p>\n<p><script src=\"\/\/tp.media\/content?currency=eur&amp;promo_id=7873&amp;shmarker=14350&amp;campaign_id=101&amp;trs=147545&amp;show_hotels=false&amp;locale=pt&amp;searchUrl=search.hotellook.com&amp;primary=%23FF6600&amp;secondary=%23FFFFFF&amp;dark=%23262626&amp;light=%23FFFFFF&amp;special=%23C4C4C4&amp;border_radius=5&amp;no_labels=&amp;plain=true&amp;powered_by=false\" charset=\"utf-8\"><\/script><\/p>\n","protected":false},"excerpt":{"rendered":"<p>Lista de baldes de Amsterdam Travel Entre em Amesterd\u00e3o, e encontrar\u00e1 milhares de coisas para fazer e ver. A cidade mais excitante da Europa, com s\u00edtios em cada esquina, faz com que as pessoas regressem aqui uma e outra vez. Quer esteja \u00e0 procura de uma viagem cultural, vida nocturna, ou atrac\u00e7\u00e3o natural, encontrar\u00e1 tudo [&hellip;]<\/p>\n","protected":false},"author":1,"featured_media":4116,"parent":0,"menu_order":0,"comment_status":"closed","ping_status":"closed","template":"","meta":{"footnotes":""},"class_list":["post-22694","page","type-page","status-publish","has-post-thumbnail","hentry"],"_links":{"self":[{"href":"https:\/\/eurodirections.com\/pt-pt\/wp-json\/wp\/v2\/pages\/22694","targetHints":{"allow":["GET"]}}],"collection":[{"href":"https:\/\/eurodirections.com\/pt-pt\/wp-json\/wp\/v2\/pages"}],"about":[{"href":"https:\/\/eurodirections.com\/pt-pt\/wp-json\/wp\/v2\/types\/page"}],"author":[{"embeddable":true,"href":"https:\/\/eurodirections.com\/pt-pt\/wp-json\/wp\/v2\/users\/1"}],"replies":[{"embeddable":true,"href":"https:\/\/eurodirections.com\/pt-pt\/wp-json\/wp\/v2\/comments?post=22694"}],"version-history":[{"count":0,"href":"https:\/\/eurodirections.com\/pt-pt\/wp-json\/wp\/v2\/pages\/22694\/revisions"}],"wp:featuredmedia":[{"embeddable":true,"href":"https:\/\/eurodirections.com\/pt-pt\/wp-json\/wp\/v2\/media\/4116"}],"wp:attachment":[{"href":"https:\/\/eurodirections.com\/pt-pt\/wp-json\/wp\/v2\/media?parent=22694"}],"curies":[{"name":"wp","href":"https:\/\/api.w.org\/{rel}","templated":true}]}}