{"id":22643,"date":"2022-04-06T10:11:24","date_gmt":"2022-04-06T10:11:24","guid":{"rendered":"https:\/\/eurodirections.com\/lista-de-baldes-de-viagem-de-atenas\/"},"modified":"2023-03-24T12:31:51","modified_gmt":"2023-03-24T12:31:51","slug":"viagem-atenas","status":"publish","type":"page","link":"https:\/\/eurodirections.com\/pt-pt\/viagem-atenas\/","title":{"rendered":"Lista de baldes de viagem de Atenas"},"content":{"rendered":"<div id=\"ez-toc-container\" class=\"ez-toc-v2_0_82_2 counter-hierarchy ez-toc-counter ez-toc-grey ez-toc-container-direction\">\n<div class=\"ez-toc-title-container\">\n<p class=\"ez-toc-title\" style=\"cursor:inherit\">Table of Contents<\/p>\n<span class=\"ez-toc-title-toggle\"><a href=\"#\" class=\"ez-toc-pull-right ez-toc-btn ez-toc-btn-xs ez-toc-btn-default ez-toc-toggle\" aria-label=\"Toggle Table of Content\"><span class=\"ez-toc-js-icon-con\"><span class=\"\"><span class=\"eztoc-hide\" style=\"display:none;\">Toggle<\/span><span class=\"ez-toc-icon-toggle-span\"><svg style=\"fill: #999;color:#999\" xmlns=\"http:\/\/www.w3.org\/2000\/svg\" class=\"list-377408\" width=\"20px\" height=\"20px\" viewBox=\"0 0 24 24\" fill=\"none\"><path d=\"M6 6H4v2h2V6zm14 0H8v2h12V6zM4 11h2v2H4v-2zm16 0H8v2h12v-2zM4 16h2v2H4v-2zm16 0H8v2h12v-2z\" fill=\"currentColor\"><\/path><\/svg><svg style=\"fill: #999;color:#999\" class=\"arrow-unsorted-368013\" xmlns=\"http:\/\/www.w3.org\/2000\/svg\" width=\"10px\" height=\"10px\" viewBox=\"0 0 24 24\" version=\"1.2\" baseProfile=\"tiny\"><path d=\"M18.2 9.3l-6.2-6.3-6.2 6.3c-.2.2-.3.4-.3.7s.1.5.3.7c.2.2.4.3.7.3h11c.3 0 .5-.1.7-.3.2-.2.3-.5.3-.7s-.1-.5-.3-.7zM5.8 14.7l6.2 6.3 6.2-6.3c.2-.2.3-.5.3-.7s-.1-.5-.3-.7c-.2-.2-.4-.3-.7-.3h-11c-.3 0-.5.1-.7.3-.2.2-.3.5-.3.7s.1.5.3.7z\"\/><\/svg><\/span><\/span><\/span><\/a><\/span><\/div>\n<nav><ul class='ez-toc-list ez-toc-list-level-1 eztoc-toggle-hide-by-default' ><li class='ez-toc-page-1 ez-toc-heading-level-2'><a class=\"ez-toc-link ez-toc-heading-1\" href=\"https:\/\/eurodirections.com\/pt-pt\/viagem-atenas\/#Lista-de-baldes-para-Atenas-guia-de-viagem\" >Lista de baldes para Atenas | guia de viagem<\/a><ul class='ez-toc-list-level-3' ><li class='ez-toc-heading-level-3'><a class=\"ez-toc-link ez-toc-heading-2\" href=\"https:\/\/eurodirections.com\/pt-pt\/viagem-atenas\/#Coisas-a-nao-perder-em-Atenas\" >Coisas a n\u00e3o perder em Atenas<\/a><\/li><li class='ez-toc-page-1 ez-toc-heading-level-3'><a class=\"ez-toc-link ez-toc-heading-3\" href=\"https:\/\/eurodirections.com\/pt-pt\/viagem-atenas\/#Coma-como-um-local-em-Atenas\" >Coma como um local em Atenas<\/a><\/li><li class='ez-toc-page-1 ez-toc-heading-level-3'><a class=\"ez-toc-link ez-toc-heading-4\" href=\"https:\/\/eurodirections.com\/pt-pt\/viagem-atenas\/#Onde-ficar-em-Atenas\" >Onde ficar em Atenas<\/a><\/li><li class='ez-toc-page-1 ez-toc-heading-level-3'><a class=\"ez-toc-link ez-toc-heading-5\" href=\"https:\/\/eurodirections.com\/pt-pt\/viagem-atenas\/#Mapa-de-hoteis-de-Atenas-com-precos\" >Mapa de hot\u00e9is de Atenas com pre\u00e7os<\/a><\/li><li class='ez-toc-page-1 ez-toc-heading-level-3'><a class=\"ez-toc-link ez-toc-heading-6\" href=\"https:\/\/eurodirections.com\/pt-pt\/viagem-atenas\/#Voar-para-Atenas\" >Voar para Atenas<\/a><\/li><\/ul><\/li><\/ul><\/nav><\/div>\n<h2><span class=\"ez-toc-section\" id=\"Lista-de-baldes-para-Atenas-guia-de-viagem\"><\/span><b>Lista de baldes para Atenas | guia de viagem<\/b><span class=\"ez-toc-section-end\"><\/span><\/h2>\n<p><span style=\"font-weight: 400;\">Atenas, uma das cidades mais antigas do mundo, ber\u00e7o das civiliza\u00e7\u00f5es, e ber\u00e7o da democracia, \u00e9 agora um destino tur\u00edstico popular com centenas de coisas para ver e fazer. Visitadas por mais de 6 milh\u00f5es de turistas todos os anos, as famosas atrac\u00e7\u00f5es de Atenas est\u00e3o sempre cheias, e a vida zumbi do anoitecer ao amanhecer. <\/span><\/p>\n<p><iframe style=\"border: 1px solid #EEE; background: white;\" src=\"about:blank\" width=\"880\" height=\"270\" frameborder=\"0\" scrolling=\"no\" class=\"lazyload\" data-src=\"https:\/\/eurodirections.substack.com\/embed\"><span data-mce-type=\"bookmark\" style=\"display: inline-block; width: 0px; overflow: hidden; line-height: 0;\" class=\"mce_SELRES_start\"><\/span><span data-mce-type=\"bookmark\" style=\"display: inline-block; width: 0px; overflow: hidden; line-height: 0;\" class=\"mce_SELRES_start\" align=\"center\"><\/span><\/iframe><\/p>\n<h3><span class=\"ez-toc-section\" id=\"Coisas-a-nao-perder-em-Atenas\"><\/span><b>Coisas a n\u00e3o perder em Atenas<\/b><span class=\"ez-toc-section-end\"><\/span><\/h3>\n<ul>\n<li style=\"font-weight: 400;\" aria-level=\"1\"><span style=\"font-weight: 400;\">Subir \u00e0 Acr\u00f3pole para ver o Partenon, o Erechtheion, e o Templo de Athena Nike, e apreciar a vista da cidade. <\/span><\/li>\n<li style=\"font-weight: 400;\" aria-level=\"1\"><span style=\"font-weight: 400;\">Passear pelos bairros de Pl\u00e1ka e Anafiotika, pontos tur\u00edsticos com ambiente de aldeia grega, becos empedrados, e pequenas pra\u00e7as. <\/span><\/li>\n<li style=\"font-weight: 400;\" aria-level=\"1\"><span style=\"font-weight: 400;\">Confira a Agora Antiga &#8211; ru\u00ednas do mercado com a Stoa de Attalos e o Templo de Hephaistos. <\/span><\/li>\n<li style=\"font-weight: 400;\" aria-level=\"1\"><span style=\"font-weight: 400;\">Mudar as paisagens e explorar a arte moderna do graffiti de rua em Atenas.<\/span><\/li>\n<li style=\"font-weight: 400;\" aria-level=\"1\"><span style=\"font-weight: 400;\">Encontre os artefactos preciosos da hist\u00f3ria grega e mundial no Museu de Arte Cicl\u00e1dica.<\/span><\/li>\n<li style=\"font-weight: 400;\" aria-level=\"1\"><span style=\"font-weight: 400;\">Veja a mudan\u00e7a da guarda no Edif\u00edcio do Parlamento na Syntagma.<\/span><\/li>\n<\/ul>\n<h3><span class=\"ez-toc-section\" id=\"Coma-como-um-local-em-Atenas\"><\/span><b>Coma como um local em Atenas<\/b><span class=\"ez-toc-section-end\"><\/span><\/h3>\n<ul>\n<li style=\"font-weight: 400;\" aria-level=\"1\"><span style=\"font-weight: 400;\">Ao fazer compras no Plaka, encontre a melhor salada grega em Pantelis Melissions The Poet Sandalmaker.<\/span><\/li>\n<li style=\"font-weight: 400;\" aria-level=\"1\"><span style=\"font-weight: 400;\">Obtenha os melhores loukoumades (donuts gregos) cobertos com mel e canela em Lukumades.<\/span><\/li>\n<li style=\"font-weight: 400;\" aria-level=\"1\"><span style=\"font-weight: 400;\">Coma os verdadeiros Gyros de classe e aprenda a pronunciar o nome correctamente.<\/span><\/li>\n<li style=\"font-weight: 400;\" aria-level=\"1\"><span style=\"font-weight: 400;\">Explore o Mercado Central de Atenas para encontrar carne e peixe frescos, queijo, e, claro, azeitonas.<\/span><\/li>\n<li style=\"font-weight: 400;\" aria-level=\"1\"><span style=\"font-weight: 400;\">Desfrute da noite e do jantar num dos restaurantes da Mnisikleous Street, o bairro cheio de gente com um ambiente descontra\u00eddo.<\/span><\/li>\n<li style=\"font-weight: 400;\" aria-level=\"1\"><span style=\"font-weight: 400;\">Pegue num pastel, como tiropita ou spanakopita, em viagem de uma das padarias de rua enquanto salta do museu para o templo.<\/span><\/li>\n<\/ul>\n<h3><span class=\"ez-toc-section\" id=\"Onde-ficar-em-Atenas\"><\/span><b>Onde ficar em Atenas<\/b><span class=\"ez-toc-section-end\"><\/span><\/h3>\n<ul>\n<li style=\"font-weight: 400;\" aria-level=\"1\"><span style=\"font-weight: 400;\">Escolha o Hotel Hellenic Vibes Smart de 5 estrelas de topo em Atenas com um interior moderno minimalista e detalhes para uma estadia de luxo.<\/span><\/li>\n<li style=\"font-weight: 400;\" aria-level=\"1\"><span style=\"font-weight: 400;\">Desfrute das vibra\u00e7\u00f5es de Atenas a partir do conforto do seu quarto no Hotel Boutique Ivis 4, um local de 4 estrelas no cora\u00e7\u00e3o de Atenas.<\/span><\/li>\n<li style=\"font-weight: 400;\" aria-level=\"1\"><span style=\"font-weight: 400;\">NLH KERAMEIKOS &#8211; Hot\u00e9is de estilo de vida de bairro \u00e9 uma op\u00e7\u00e3o perfeita se estiver \u00e0 procura de um hotel acess\u00edvel mas confort\u00e1vel e elegante.<\/span><\/li>\n<li style=\"font-weight: 400;\" aria-level=\"1\"><span style=\"font-weight: 400;\">Feito por viajantes e para viajantes, Nubian Hostel Atenas \u00e9 um \u00f3ptimo lugar para encontrar conforto mesmo que esteja com um or\u00e7amento apertado.<\/span><\/li>\n<li style=\"font-weight: 400;\" aria-level=\"1\"><span style=\"font-weight: 400;\">Fa\u00e7a uma viagem de um dia a Tolo, Peloponeso para desfrutar das praias celestiais da Gr\u00e9cia e ficar num hotel de 4 estrelas da moda John &amp; George.<\/span><\/li>\n<\/ul>\n<h3><span class=\"ez-toc-section\" id=\"Mapa-de-hoteis-de-Atenas-com-precos\"><\/span>Mapa de hot\u00e9is de Atenas com pre\u00e7os<span class=\"ez-toc-section-end\"><\/span><\/h3>\n<p><script src=\"\/\/tp.media\/content?0=0&amp;1=10&amp;promo_id=4285&amp;shmarker=14350&amp;campaign_id=101&amp;search_host=air.eurodirections.com%2Fhotels&amp;locale=en&amp;currency=eur&amp;draggable=true&amp;disable_zoom=false&amp;show_logo=false&amp;scrollwheel=false&amp;color=%230759B0&amp;contrast_color=%23ffffff&amp;width=720&amp;height=500&amp;zoom=13&amp;radius=60&amp;stars=0%2C1%2C2%2C3%2C4%2C5&amp;price_from=&amp;price_to=&amp;lat=37.987128&amp;lng=23.726691\" charset=\"utf-8\"><\/script><\/p>\n<h3 style=\"text-align: left;\"><span class=\"ez-toc-section\" id=\"Voar-para-Atenas\"><\/span>Voar para Atenas<span class=\"ez-toc-section-end\"><\/span><\/h3>\n<p><script src=\"https:\/\/tp.media\/content?trs=147545&amp;shmarker=14350&amp;destination=ATH&amp;target_host=air.eurodirections.com%2Fflights&amp;locale=en&amp;currency=eur&amp;limit=10&amp;powered_by=false&amp;primary=%23D80D61ff&amp;promo_id=4044&amp;campaign_id=100\" charset=\"utf-8\"><\/script><\/p>\n<p><a href=\"https:\/\/eurodirections.com\/pt-pt\/voar-atenas-grecia\/\">Veja todos os voos para Atenas<\/a><\/p>\n","protected":false},"excerpt":{"rendered":"<p>Lista de baldes para Atenas | guia de viagem Atenas, uma das cidades mais antigas do mundo, ber\u00e7o das civiliza\u00e7\u00f5es, e ber\u00e7o da democracia, \u00e9 agora um destino tur\u00edstico popular com centenas de coisas para ver e fazer. Visitadas por mais de 6 milh\u00f5es de turistas todos os anos, as famosas atrac\u00e7\u00f5es de Atenas est\u00e3o [&hellip;]<\/p>\n","protected":false},"author":1,"featured_media":4197,"parent":0,"menu_order":0,"comment_status":"closed","ping_status":"closed","template":"","meta":{"footnotes":""},"class_list":["post-22643","page","type-page","status-publish","has-post-thumbnail","hentry"],"_links":{"self":[{"href":"https:\/\/eurodirections.com\/pt-pt\/wp-json\/wp\/v2\/pages\/22643","targetHints":{"allow":["GET"]}}],"collection":[{"href":"https:\/\/eurodirections.com\/pt-pt\/wp-json\/wp\/v2\/pages"}],"about":[{"href":"https:\/\/eurodirections.com\/pt-pt\/wp-json\/wp\/v2\/types\/page"}],"author":[{"embeddable":true,"href":"https:\/\/eurodirections.com\/pt-pt\/wp-json\/wp\/v2\/users\/1"}],"replies":[{"embeddable":true,"href":"https:\/\/eurodirections.com\/pt-pt\/wp-json\/wp\/v2\/comments?post=22643"}],"version-history":[{"count":0,"href":"https:\/\/eurodirections.com\/pt-pt\/wp-json\/wp\/v2\/pages\/22643\/revisions"}],"wp:featuredmedia":[{"embeddable":true,"href":"https:\/\/eurodirections.com\/pt-pt\/wp-json\/wp\/v2\/media\/4197"}],"wp:attachment":[{"href":"https:\/\/eurodirections.com\/pt-pt\/wp-json\/wp\/v2\/media?parent=22643"}],"curies":[{"name":"wp","href":"https:\/\/api.w.org\/{rel}","templated":true}]}}