{"id":22259,"date":"2022-04-05T19:00:54","date_gmt":"2022-04-05T19:00:54","guid":{"rendered":"https:\/\/eurodirections.com\/lista-de-baldes-de-viagem-de-lisboa\/"},"modified":"2023-03-20T09:04:27","modified_gmt":"2023-03-20T09:04:27","slug":"lisboa","status":"publish","type":"page","link":"https:\/\/eurodirections.com\/pt-pt\/lisboa\/","title":{"rendered":"Lista de baldes de viagem de Lisboa"},"content":{"rendered":"<div id=\"ez-toc-container\" class=\"ez-toc-v2_0_82_2 counter-hierarchy ez-toc-counter ez-toc-grey ez-toc-container-direction\">\n<div class=\"ez-toc-title-container\">\n<p class=\"ez-toc-title\" style=\"cursor:inherit\">Table of Contents<\/p>\n<span class=\"ez-toc-title-toggle\"><a href=\"#\" class=\"ez-toc-pull-right ez-toc-btn ez-toc-btn-xs ez-toc-btn-default ez-toc-toggle\" aria-label=\"Toggle Table of Content\"><span class=\"ez-toc-js-icon-con\"><span class=\"\"><span class=\"eztoc-hide\" style=\"display:none;\">Toggle<\/span><span class=\"ez-toc-icon-toggle-span\"><svg style=\"fill: #999;color:#999\" xmlns=\"http:\/\/www.w3.org\/2000\/svg\" class=\"list-377408\" width=\"20px\" height=\"20px\" viewBox=\"0 0 24 24\" fill=\"none\"><path d=\"M6 6H4v2h2V6zm14 0H8v2h12V6zM4 11h2v2H4v-2zm16 0H8v2h12v-2zM4 16h2v2H4v-2zm16 0H8v2h12v-2z\" fill=\"currentColor\"><\/path><\/svg><svg style=\"fill: #999;color:#999\" class=\"arrow-unsorted-368013\" xmlns=\"http:\/\/www.w3.org\/2000\/svg\" width=\"10px\" height=\"10px\" viewBox=\"0 0 24 24\" version=\"1.2\" baseProfile=\"tiny\"><path d=\"M18.2 9.3l-6.2-6.3-6.2 6.3c-.2.2-.3.4-.3.7s.1.5.3.7c.2.2.4.3.7.3h11c.3 0 .5-.1.7-.3.2-.2.3-.5.3-.7s-.1-.5-.3-.7zM5.8 14.7l6.2 6.3 6.2-6.3c.2-.2.3-.5.3-.7s-.1-.5-.3-.7c-.2-.2-.4-.3-.7-.3h-11c-.3 0-.5.1-.7.3-.2.2-.3.5-.3.7s.1.5.3.7z\"\/><\/svg><\/span><\/span><\/span><\/a><\/span><\/div>\n<nav><ul class='ez-toc-list ez-toc-list-level-1 eztoc-toggle-hide-by-default' ><li class='ez-toc-page-1 ez-toc-heading-level-2'><a class=\"ez-toc-link ez-toc-heading-1\" href=\"https:\/\/eurodirections.com\/pt-pt\/lisboa\/#Explorar-Lisboa-lista-de-baldes-para-turistas\" >Explorar Lisboa: lista de baldes para turistas<\/a><ul class='ez-toc-list-level-3' ><li class='ez-toc-heading-level-3'><a class=\"ez-toc-link ez-toc-heading-2\" href=\"https:\/\/eurodirections.com\/pt-pt\/lisboa\/#Coisas-a-nao-perder-em-Lisboa\" >Coisas a n\u00e3o perder em Lisboa<\/a><\/li><li class='ez-toc-page-1 ez-toc-heading-level-3'><a class=\"ez-toc-link ez-toc-heading-3\" href=\"https:\/\/eurodirections.com\/pt-pt\/lisboa\/#Coma-como-um-local-em-Lisboa\" >Coma como um local em Lisboa<\/a><\/li><li class='ez-toc-page-1 ez-toc-heading-level-3'><a class=\"ez-toc-link ez-toc-heading-4\" href=\"https:\/\/eurodirections.com\/pt-pt\/lisboa\/#Onde-ficar-em-Lisboa\" >Onde ficar em Lisboa<\/a><\/li><li class='ez-toc-page-1 ez-toc-heading-level-3'><a class=\"ez-toc-link ez-toc-heading-5\" href=\"https:\/\/eurodirections.com\/pt-pt\/lisboa\/#Voar-para-Lisboa\" >Voar para Lisboa<\/a><\/li><\/ul><\/li><\/ul><\/nav><\/div>\n<p>Siga a s\u00e9rie especial da revista de viagens Euro Directions sobre os <a title=\"As melhores cidades da Europa\" href=\"https:\/\/eurodirections.com\/pt-pt\/as-melhores-cidades-da-europa\/\" data-schema-attribute=\"about\">melhores destinos de viagem da Europa<\/a><\/p>\n<h2><span class=\"ez-toc-section\" id=\"Explorar-Lisboa-lista-de-baldes-para-turistas\"><\/span><b>Explorar Lisboa: lista de baldes para turistas<\/b><span class=\"ez-toc-section-end\"><\/span><\/h2>\n<p><span style=\"font-weight: 400;\">A capital costeira de Portugal com edif\u00edcios de cor pastel e telhados de azulejos \u00e9 a maior cidade, o centro pol\u00edtico, econ\u00f3mico e tur\u00edstico do pa\u00eds. A cidade continua a conter a vibra\u00e7\u00e3o do s\u00e9culo XIX, apesar do impulso e dos edif\u00edcios modernos. Encontrar\u00e1 uma arquitectura \u00fanica, uma hist\u00f3ria rica, a melhor comida, e uma vida nocturna que n\u00e3o vai querer perder.<\/span><\/p>\n<h3><span class=\"ez-toc-section\" id=\"Coisas-a-nao-perder-em-Lisboa\"><\/span><b>Coisas a n\u00e3o perder em Lisboa<\/b><span class=\"ez-toc-section-end\"><\/span><\/h3>\n<ul>\n<li style=\"font-weight: 400;\" aria-level=\"1\"><span style=\"font-weight: 400;\">Maravilha na Torre de Bel\u00e9m, uma bela torre, parecida com a mistura da arquitectura g\u00f3tica e rom\u00e2nica. <\/span><\/li>\n<li style=\"font-weight: 400;\" aria-level=\"1\"><span style=\"font-weight: 400;\">Passeie no Tram 28 pelas estradas \u00edngremes e empedradas e descubra a hist\u00f3ria da cidade enquanto passa pelos lugares majestosos. <\/span><\/li>\n<li style=\"font-weight: 400;\" aria-level=\"1\"><span style=\"font-weight: 400;\">Passear no distrito de Alfama, a parte mais antiga da cidade com ruas sinuosas e becos estreitos, capelas com azulejos frontais, e a Catedral de Lisboa.<\/span><\/li>\n<li style=\"font-weight: 400;\" aria-level=\"1\"><span style=\"font-weight: 400;\">Desfrute da vida nocturna no Bairro Alto e beba Caipirinha num dos bares do bairro. <\/span><\/li>\n<li style=\"font-weight: 400;\" aria-level=\"1\"><span style=\"font-weight: 400;\">Encontre a Casa Independente, uma resid\u00eancia privada com quartos mobiliados e um ambiente &#8220;down-to-earth&#8221; onde pode desfrutar de bebidas, m\u00fasica fresca, e festas. <\/span><\/li>\n<\/ul>\n<p><iframe style=\"border: 1px solid #EEE; background: white;\" src=\"about:blank\" width=\"880\" height=\"270\" frameborder=\"0\" scrolling=\"no\" class=\"lazyload\" data-src=\"https:\/\/eurodirections.substack.com\/embed\"><span data-mce-type=\"bookmark\" style=\"display: inline-block; width: 0px; overflow: hidden; line-height: 0;\" class=\"mce_SELRES_start\"><\/span><span data-mce-type=\"bookmark\" style=\"display: inline-block; width: 0px; overflow: hidden; line-height: 0;\" class=\"mce_SELRES_start\" align=\"center\"><\/span><\/iframe><\/p>\n<h3><span class=\"ez-toc-section\" id=\"Coma-como-um-local-em-Lisboa\"><\/span><b>Coma como um local em Lisboa<\/b><span class=\"ez-toc-section-end\"><\/span><\/h3>\n<ul>\n<li style=\"font-weight: 400;\" aria-level=\"1\"><span style=\"font-weight: 400;\">Encontre mais de 40 categorias alimentares no Time Out Market Lisboa e passe algum tempo a experimentar pelo menos metade delas. <\/span><\/li>\n<li style=\"font-weight: 400;\" aria-level=\"1\"><span style=\"font-weight: 400;\">Fa\u00e7a uma das refei\u00e7\u00f5es mais surpreendentes no restaurante Michelin-starred Loco com cozinha portuguesa de vanguarda.<\/span><\/li>\n<li style=\"font-weight: 400;\" aria-level=\"1\"><span style=\"font-weight: 400;\">Visite o mais antigo restaurante de Lisboa, Martinho da Arcada, para saborear uma ch\u00e1vena de caf\u00e9.<\/span><\/li>\n<li style=\"font-weight: 400;\" aria-level=\"1\"><span style=\"font-weight: 400;\">Experimente o melhor bacalhau assado, bifes de vitela, e batata assada na Z\u00e9 da Mouraria.<\/span><\/li>\n<li style=\"font-weight: 400;\" aria-level=\"1\"><span style=\"font-weight: 400;\">Jantar na Gambrinus com um croquete, tulipa Gambrinus (cerveja mista), e assistir \u00e0 prepara\u00e7\u00e3o do caf\u00e9 bal\u00e3o.<\/span><\/li>\n<li style=\"font-weight: 400;\" aria-level=\"1\"><span style=\"font-weight: 400;\">Tirar uma fotografia de panquecas com mascarpone e morangos no caf\u00e9 Nicolau Lisboa.<\/span><\/li>\n<\/ul>\n<h3><span class=\"ez-toc-section\" id=\"Onde-ficar-em-Lisboa\"><\/span><b>Onde ficar em Lisboa<\/b><span class=\"ez-toc-section-end\"><\/span><\/h3>\n<ul>\n<li style=\"font-weight: 400;\" aria-level=\"1\"><span style=\"font-weight: 400;\">Escolha a atmosfera ambiente do Hotel 5 estrelas Wine &amp; Books Lisboa que se tornar\u00e1 o melhor ep\u00edtome das suas f\u00e9rias na capital. <\/span><\/li>\n<li style=\"font-weight: 400;\" aria-level=\"1\"><span style=\"font-weight: 400;\">Localizado no hist\u00f3rico distrito de Alfama, Memmo Alfama &#8211; Design Hotel de 4 estrelas ir\u00e1 fazer com que desfrute de cada momento da sua estadia.<\/span><\/li>\n<li style=\"font-weight: 400;\" aria-level=\"1\"><span style=\"font-weight: 400;\">Be Poet Baixa Hotel tem uma op\u00e7\u00e3o mais acess\u00edvel com um interior moderno, cores ricas, e decora\u00e7\u00f5es.<\/span><\/li>\n<li style=\"font-weight: 400;\" aria-level=\"1\"><span style=\"font-weight: 400;\">Poupe no alojamento em Lisboa e desfrute ainda de conforto reservando uma cama em Sim! Pousada de Lisboa.<\/span><\/li>\n<li style=\"font-weight: 400;\" aria-level=\"1\"><span style=\"font-weight: 400;\">Fa\u00e7a uma viagem de um dia a Cascais e fique num luxuoso hotel Westlight Cascais Chalet com vistas deslumbrantes para a praia.<\/span><\/li>\n<\/ul>\n<p><script src=\"https:\/\/www.travelpayouts.com\/chansey\/iframe.js?v=1&amp;marker=14350&amp;host=air.eurodirections.com%2Fhotels&amp;locale=en&amp;currency=eur&amp;nobooking=&amp;powered_by=false&amp;hotel_id=1901035476\" charset=\"utf-8\" async=\"\"><\/script><\/p>\n<h3><span class=\"ez-toc-section\" id=\"Voar-para-Lisboa\"><\/span>Voar para Lisboa<span class=\"ez-toc-section-end\"><\/span><\/h3>\n<p>Navegue por v\u00e1rias <a title=\"Lista e calend\u00e1rio dos voos de Lisboa\" href=\"https:\/\/eurodirections.com\/pt-pt\/voos-lisboa\/\" target=\"_blank\" rel=\"noopener\">op\u00e7\u00f5es de voo para viajar para Lisboa<\/a>.<\/p>\n<p><script src=\"https:\/\/tp.media\/content?trs=147545&amp;shmarker=14350&amp;destination=LIS&amp;locale=pt&amp;currency=eur&amp;limit=10&amp;primary=%23E9166Cff&amp;promo_id=7291&amp;campaign_id=200\" charset=\"utf-8\"><span data-mce-type=\"bookmark\" style=\"display: inline-block; width: 0px; overflow: hidden; line-height: 0;\" class=\"mce_SELRES_start\">\ufeff<\/span><\/script><\/p>\n","protected":false},"excerpt":{"rendered":"<p>Siga a s\u00e9rie especial da revista de viagens Euro Directions sobre os melhores destinos de viagem da Europa Explorar Lisboa: lista de baldes para turistas A capital costeira de Portugal com edif\u00edcios de cor pastel e telhados de azulejos \u00e9 a maior cidade, o centro pol\u00edtico, econ\u00f3mico e tur\u00edstico do pa\u00eds. A cidade continua a [&hellip;]<\/p>\n","protected":false},"author":1,"featured_media":4193,"parent":0,"menu_order":0,"comment_status":"closed","ping_status":"closed","template":"","meta":{"footnotes":""},"class_list":["post-22259","page","type-page","status-publish","has-post-thumbnail","hentry"],"_links":{"self":[{"href":"https:\/\/eurodirections.com\/pt-pt\/wp-json\/wp\/v2\/pages\/22259","targetHints":{"allow":["GET"]}}],"collection":[{"href":"https:\/\/eurodirections.com\/pt-pt\/wp-json\/wp\/v2\/pages"}],"about":[{"href":"https:\/\/eurodirections.com\/pt-pt\/wp-json\/wp\/v2\/types\/page"}],"author":[{"embeddable":true,"href":"https:\/\/eurodirections.com\/pt-pt\/wp-json\/wp\/v2\/users\/1"}],"replies":[{"embeddable":true,"href":"https:\/\/eurodirections.com\/pt-pt\/wp-json\/wp\/v2\/comments?post=22259"}],"version-history":[{"count":0,"href":"https:\/\/eurodirections.com\/pt-pt\/wp-json\/wp\/v2\/pages\/22259\/revisions"}],"wp:featuredmedia":[{"embeddable":true,"href":"https:\/\/eurodirections.com\/pt-pt\/wp-json\/wp\/v2\/media\/4193"}],"wp:attachment":[{"href":"https:\/\/eurodirections.com\/pt-pt\/wp-json\/wp\/v2\/media?parent=22259"}],"curies":[{"name":"wp","href":"https:\/\/api.w.org\/{rel}","templated":true}]}}