{"id":19448,"date":"2022-04-08T13:44:08","date_gmt":"2022-04-08T13:44:08","guid":{"rendered":"https:\/\/eurodirections.com\/explorar-madrid-%e2%88%99-guia-do-visitante\/"},"modified":"2023-03-02T15:32:11","modified_gmt":"2023-03-02T15:32:11","slug":"guia-madrid","status":"publish","type":"page","link":"https:\/\/eurodirections.com\/pt-pt\/guia-madrid\/","title":{"rendered":"Explorar Madrid \u2219 guia do visitante"},"content":{"rendered":"<div id=\"ez-toc-container\" class=\"ez-toc-v2_0_82_2 counter-hierarchy ez-toc-counter ez-toc-grey ez-toc-container-direction\">\n<div class=\"ez-toc-title-container\">\n<p class=\"ez-toc-title\" style=\"cursor:inherit\">Table of Contents<\/p>\n<span class=\"ez-toc-title-toggle\"><a href=\"#\" class=\"ez-toc-pull-right ez-toc-btn ez-toc-btn-xs ez-toc-btn-default ez-toc-toggle\" aria-label=\"Toggle Table of Content\"><span class=\"ez-toc-js-icon-con\"><span class=\"\"><span class=\"eztoc-hide\" style=\"display:none;\">Toggle<\/span><span class=\"ez-toc-icon-toggle-span\"><svg style=\"fill: #999;color:#999\" xmlns=\"http:\/\/www.w3.org\/2000\/svg\" class=\"list-377408\" width=\"20px\" height=\"20px\" viewBox=\"0 0 24 24\" fill=\"none\"><path d=\"M6 6H4v2h2V6zm14 0H8v2h12V6zM4 11h2v2H4v-2zm16 0H8v2h12v-2zM4 16h2v2H4v-2zm16 0H8v2h12v-2z\" fill=\"currentColor\"><\/path><\/svg><svg style=\"fill: #999;color:#999\" class=\"arrow-unsorted-368013\" xmlns=\"http:\/\/www.w3.org\/2000\/svg\" width=\"10px\" height=\"10px\" viewBox=\"0 0 24 24\" version=\"1.2\" baseProfile=\"tiny\"><path d=\"M18.2 9.3l-6.2-6.3-6.2 6.3c-.2.2-.3.4-.3.7s.1.5.3.7c.2.2.4.3.7.3h11c.3 0 .5-.1.7-.3.2-.2.3-.5.3-.7s-.1-.5-.3-.7zM5.8 14.7l6.2 6.3 6.2-6.3c.2-.2.3-.5.3-.7s-.1-.5-.3-.7c-.2-.2-.4-.3-.7-.3h-11c-.3 0-.5.1-.7.3-.2.2-.3.5-.3.7s.1.5.3.7z\"\/><\/svg><\/span><\/span><\/span><\/a><\/span><\/div>\n<nav><ul class='ez-toc-list ez-toc-list-level-1 eztoc-toggle-hide-by-default' ><li class='ez-toc-page-1 ez-toc-heading-level-2'><a class=\"ez-toc-link ez-toc-heading-1\" href=\"https:\/\/eurodirections.com\/pt-pt\/guia-madrid\/#Explorar-Madrid-lista-de-baldes-para-o-viajante\" >Explorar Madrid: lista de baldes para o viajante<\/a><ul class='ez-toc-list-level-3' ><li class='ez-toc-heading-level-3'><a class=\"ez-toc-link ez-toc-heading-2\" href=\"https:\/\/eurodirections.com\/pt-pt\/guia-madrid\/#Coisas-a-nao-perder-em-Madrid\" >Coisas a n\u00e3o perder em Madrid<\/a><\/li><li class='ez-toc-page-1 ez-toc-heading-level-3'><a class=\"ez-toc-link ez-toc-heading-3\" href=\"https:\/\/eurodirections.com\/pt-pt\/guia-madrid\/#Coma-como-um-local-em-Madrid\" >Coma como um local em Madrid<\/a><\/li><li class='ez-toc-page-1 ez-toc-heading-level-3'><a class=\"ez-toc-link ez-toc-heading-4\" href=\"https:\/\/eurodirections.com\/pt-pt\/guia-madrid\/#Onde-ficar-em-Madrid\" >Onde ficar em Madrid<\/a><\/li><li class='ez-toc-page-1 ez-toc-heading-level-3'><a class=\"ez-toc-link ez-toc-heading-5\" href=\"https:\/\/eurodirections.com\/pt-pt\/guia-madrid\/#Mapa-de-hoteis-de-Madrid-com-precos\" >Mapa de hot\u00e9is de Madrid com pre\u00e7os<\/a><\/li><li class='ez-toc-page-1 ez-toc-heading-level-3'><a class=\"ez-toc-link ez-toc-heading-6\" href=\"https:\/\/eurodirections.com\/pt-pt\/guia-madrid\/#Lista-de-voos-de-Madrid\" >Lista de voos de Madrid<\/a><\/li><\/ul><\/li><\/ul><\/nav><\/div>\n<h2><span class=\"ez-toc-section\" id=\"Explorar-Madrid-lista-de-baldes-para-o-viajante\"><\/span><b>Explorar Madrid: lista de baldes para o viajante<\/b><span class=\"ez-toc-section-end\"><\/span><\/h2>\n<p><span style=\"font-weight: 400;\">Madrid \u00e9 a capital de Espanha, o seu centro financeiro e art\u00edstico, a cidade de estilos contrastantes e diferentes per\u00edodos de arquitectura. Com uma popula\u00e7\u00e3o de 6,8 milh\u00f5es de habitantes, Madrid recebe anualmente cerca de 7,5 milh\u00f5es de turistas internacionais, tornando a cidade num dos centros tur\u00edsticos mais animados e activos da Europa. <\/span><\/p>\n<h3><span class=\"ez-toc-section\" id=\"Coisas-a-nao-perder-em-Madrid\"><\/span><b>Coisas a n\u00e3o perder em Madrid<\/b><span class=\"ez-toc-section-end\"><\/span><\/h3>\n<ul>\n<li style=\"font-weight: 400;\" aria-level=\"1\"><span style=\"font-weight: 400;\">Desfrute das obras-primas esmagadoras da era renascentista e barroca no Prado, um dos museus de arte mais famosos do mundo.<\/span><\/li>\n<li style=\"font-weight: 400;\" aria-level=\"1\"><span style=\"font-weight: 400;\">Passeie pelas enormes passagens e \u00e1reas arborizadas do Parque Buen Retiro e encontre o Pal\u00e1cio de Cristal.<\/span><\/li>\n<li style=\"font-weight: 400;\" aria-level=\"1\"><span style=\"font-weight: 400;\">Raiz para o Real Madrid no Est\u00e1dio Santiago Bernab\u00e9u, um est\u00e1dio com 85.000 lugares com vistas panor\u00e2micas.<\/span><\/li>\n<li style=\"font-weight: 400;\" aria-level=\"1\"><span style=\"font-weight: 400;\">Ir \u00e0s compras em El Rastro, o maior mercado de pulgas de Madrid, para encontrar algumas lembran\u00e7as, artesanato e acess\u00f3rios \u00fanicos.<\/span><\/li>\n<li style=\"font-weight: 400;\" aria-level=\"1\"><span style=\"font-weight: 400;\">Sinta o ritmo do cl\u00e1ssico flamenco espanhol no Corral de la Moreria, uma das casas de flamenco mais antigas do mundo.<\/span><\/li>\n<li style=\"font-weight: 400;\" aria-level=\"1\"><span style=\"font-weight: 400;\">Participe numa aula de culin\u00e1ria em Madrid para levar consigo os segredos da cozinha espanhola para casa. <\/span><\/li>\n<\/ul>\n<h3><span class=\"ez-toc-section\" id=\"Coma-como-um-local-em-Madrid\"><\/span><b>Coma como um local em Madrid<\/b><span class=\"ez-toc-section-end\"><\/span><\/h3>\n<ul>\n<li style=\"font-weight: 400;\" aria-level=\"1\"><span style=\"font-weight: 400;\">Experimente a cultura alimentar espanhola no Mercado de San Miguel, um mercado tradicional para saborear mariscos e queijos frescos.<\/span><\/li>\n<li style=\"font-weight: 400;\" aria-level=\"1\"><span style=\"font-weight: 400;\">Fa\u00e7a um passeio de tapas pelos bares mais populares de Madrid, e n\u00e3o perca La Casa del Abuelo, o local de nascimento do lend\u00e1rio camar\u00e3o com alho de Espanha.<\/span><\/li>\n<li style=\"font-weight: 400;\" aria-level=\"1\"><span style=\"font-weight: 400;\">Para as melhores tortilhas e croquetas de Madrid, visite Bodega La Ardosa e termine o dia no Bar Seco perto de 1862 para cocktails ou vinho. <\/span><\/li>\n<li style=\"font-weight: 400;\" aria-level=\"1\"><span style=\"font-weight: 400;\">Encontre a sobremesa na Chocolater\u00eda San Gin\u00e9s e experimente os churros macios com molho de chocolate preto agridoce.<\/span><\/li>\n<li style=\"font-weight: 400;\" aria-level=\"1\"><span style=\"font-weight: 400;\">Sip sangria sob o c\u00e9u estrelado espanhol no telhado do bar El Viajero e desfrute de uma vista perfeita de Madrid.<\/span><\/li>\n<\/ul>\n<h3><span class=\"ez-toc-section\" id=\"Onde-ficar-em-Madrid\"><\/span><b>Onde ficar em Madrid <\/b><span class=\"ez-toc-section-end\"><\/span><\/h3>\n<ul>\n<li style=\"font-weight: 400;\" aria-level=\"1\"><span style=\"font-weight: 400;\">Escolha o hotel Barcel\u00f3 Emperatriz de 5 estrelas localizado no distrito de Salamanca para desfrutar da sua estadia em Madrid.<\/span><\/li>\n<li style=\"font-weight: 400;\" aria-level=\"1\"><span style=\"font-weight: 400;\">Para uma estadia confort\u00e1vel e acess\u00edvel (100$\/por noite), reserve um hotel Casa du Soleli de 4 estrelas com um interior aut\u00eantico e terra\u00e7o aberto. <\/span><\/li>\n<li style=\"font-weight: 400;\" aria-level=\"1\"><span style=\"font-weight: 400;\">Elegante casa de h\u00f3spedes Uma House Atocha de 3 estrelas oferece uma localiza\u00e7\u00e3o perfeita, rodeada por restaurantes e bares. <\/span><\/li>\n<li style=\"font-weight: 400;\" aria-level=\"1\"><span style=\"font-weight: 400;\">Se est\u00e1 com um or\u00e7amento apertado mas ainda quer viajar com conforto, escolha o Ok Hostel Madrid, o alojamento mais bem classificado at\u00e9 $50 por uma noite. <\/span><\/li>\n<li style=\"font-weight: 400;\" aria-level=\"1\"><span style=\"font-weight: 400;\">Ficar no luxuoso Parador De La Granja, o novo Centro de Esqui de Valdesqui para desfrutar de descanso isolado.<\/span><\/li>\n<\/ul>\n<h3><span class=\"ez-toc-section\" id=\"Mapa-de-hoteis-de-Madrid-com-precos\"><\/span>Mapa de hot\u00e9is de Madrid com pre\u00e7os<span class=\"ez-toc-section-end\"><\/span><\/h3>\n<p><script src=\"\/\/tp.media\/content?0=0&amp;1=10&amp;promo_id=4285&amp;shmarker=14350&amp;campaign_id=101&amp;search_host=air.eurodirections.com%2Fhotels&amp;locale=pt&amp;currency=eur&amp;draggable=true&amp;disable_zoom=false&amp;show_logo=false&amp;scrollwheel=false&amp;color=%23F56E14&amp;contrast_color=%23ffffff&amp;width=720&amp;height=500&amp;zoom=13&amp;radius=60&amp;stars=0%2C1%2C2%2C3%2C4%2C5&amp;price_from=&amp;price_to=&amp;lat=40.416876&amp;lng=-3.704255\" charset=\"utf-8\"><\/script><\/p>\n<hr \/>\n<h3><span class=\"ez-toc-section\" id=\"Lista-de-voos-de-Madrid\"><\/span>Lista de voos de Madrid<span class=\"ez-toc-section-end\"><\/span><\/h3>\n<p><script src=\"https:\/\/tp.media\/content?trs=147545&amp;shmarker=14350&amp;destination=MAD&amp;target_host=air.eurodirections.com%2Fflights&amp;locale=pt&amp;currency=eur&amp;limit=10&amp;primary=%230085FF&amp;promo_id=4044&amp;campaign_id=100\" charset=\"utf-8\"><span data-mce-type=\"bookmark\" style=\"display: inline-block; width: 0px; overflow: hidden; line-height: 0;\" class=\"mce_SELRES_start\">\ufeff<\/span><\/script><\/p>\n<p>Pode encontrar mais <a title=\"Todos os voos para Madrid, Espanha\" href=\"https:\/\/eurodirections.com\/pt-pt\/voos-baratos-para-madrid\/\" target=\"_blank\" rel=\"noopener\">op\u00e7\u00f5es de voo para Madrid aqui<\/a><\/p>\n","protected":false},"excerpt":{"rendered":"<p>Explorar Madrid: lista de baldes para o viajante Madrid \u00e9 a capital de Espanha, o seu centro financeiro e art\u00edstico, a cidade de estilos contrastantes e diferentes per\u00edodos de arquitectura. Com uma popula\u00e7\u00e3o de 6,8 milh\u00f5es de habitantes, Madrid recebe anualmente cerca de 7,5 milh\u00f5es de turistas internacionais, tornando a cidade num dos centros tur\u00edsticos [&hellip;]<\/p>\n","protected":false},"author":1,"featured_media":4215,"parent":0,"menu_order":0,"comment_status":"closed","ping_status":"closed","template":"","meta":{"footnotes":""},"class_list":["post-19448","page","type-page","status-publish","has-post-thumbnail","hentry"],"_links":{"self":[{"href":"https:\/\/eurodirections.com\/pt-pt\/wp-json\/wp\/v2\/pages\/19448","targetHints":{"allow":["GET"]}}],"collection":[{"href":"https:\/\/eurodirections.com\/pt-pt\/wp-json\/wp\/v2\/pages"}],"about":[{"href":"https:\/\/eurodirections.com\/pt-pt\/wp-json\/wp\/v2\/types\/page"}],"author":[{"embeddable":true,"href":"https:\/\/eurodirections.com\/pt-pt\/wp-json\/wp\/v2\/users\/1"}],"replies":[{"embeddable":true,"href":"https:\/\/eurodirections.com\/pt-pt\/wp-json\/wp\/v2\/comments?post=19448"}],"version-history":[{"count":0,"href":"https:\/\/eurodirections.com\/pt-pt\/wp-json\/wp\/v2\/pages\/19448\/revisions"}],"wp:featuredmedia":[{"embeddable":true,"href":"https:\/\/eurodirections.com\/pt-pt\/wp-json\/wp\/v2\/media\/4215"}],"wp:attachment":[{"href":"https:\/\/eurodirections.com\/pt-pt\/wp-json\/wp\/v2\/media?parent=19448"}],"curies":[{"name":"wp","href":"https:\/\/api.w.org\/{rel}","templated":true}]}}