{"id":19416,"date":"2022-04-06T15:16:09","date_gmt":"2022-04-06T15:16:09","guid":{"rendered":"https:\/\/eurodirections.com\/guia-de-viagem-de-barcelona\/"},"modified":"2023-03-02T15:02:14","modified_gmt":"2023-03-02T15:02:14","slug":"guia-barcelona","status":"publish","type":"page","link":"https:\/\/eurodirections.com\/pt-pt\/guia-barcelona\/","title":{"rendered":"Guia de viagem de Barcelona"},"content":{"rendered":"<div id=\"ez-toc-container\" class=\"ez-toc-v2_0_82_2 counter-hierarchy ez-toc-counter ez-toc-grey ez-toc-container-direction\">\n<div class=\"ez-toc-title-container\">\n<p class=\"ez-toc-title\" style=\"cursor:inherit\">Table of Contents<\/p>\n<span class=\"ez-toc-title-toggle\"><a href=\"#\" class=\"ez-toc-pull-right ez-toc-btn ez-toc-btn-xs ez-toc-btn-default ez-toc-toggle\" aria-label=\"Toggle Table of Content\"><span class=\"ez-toc-js-icon-con\"><span class=\"\"><span class=\"eztoc-hide\" style=\"display:none;\">Toggle<\/span><span class=\"ez-toc-icon-toggle-span\"><svg style=\"fill: #999;color:#999\" xmlns=\"http:\/\/www.w3.org\/2000\/svg\" class=\"list-377408\" width=\"20px\" height=\"20px\" viewBox=\"0 0 24 24\" fill=\"none\"><path d=\"M6 6H4v2h2V6zm14 0H8v2h12V6zM4 11h2v2H4v-2zm16 0H8v2h12v-2zM4 16h2v2H4v-2zm16 0H8v2h12v-2z\" fill=\"currentColor\"><\/path><\/svg><svg style=\"fill: #999;color:#999\" class=\"arrow-unsorted-368013\" xmlns=\"http:\/\/www.w3.org\/2000\/svg\" width=\"10px\" height=\"10px\" viewBox=\"0 0 24 24\" version=\"1.2\" baseProfile=\"tiny\"><path d=\"M18.2 9.3l-6.2-6.3-6.2 6.3c-.2.2-.3.4-.3.7s.1.5.3.7c.2.2.4.3.7.3h11c.3 0 .5-.1.7-.3.2-.2.3-.5.3-.7s-.1-.5-.3-.7zM5.8 14.7l6.2 6.3 6.2-6.3c.2-.2.3-.5.3-.7s-.1-.5-.3-.7c-.2-.2-.4-.3-.7-.3h-11c-.3 0-.5.1-.7.3-.2.2-.3.5-.3.7s.1.5.3.7z\"\/><\/svg><\/span><\/span><\/span><\/a><\/span><\/div>\n<nav><ul class='ez-toc-list ez-toc-list-level-1 eztoc-toggle-hide-by-default' ><li class='ez-toc-page-1 ez-toc-heading-level-2'><a class=\"ez-toc-link ez-toc-heading-1\" href=\"https:\/\/eurodirections.com\/pt-pt\/guia-barcelona\/#Vamos-explorar-Barcelona-a-derradeira-lista-de-baldes-de-viagem\" >Vamos explorar Barcelona: a derradeira lista de baldes de viagem<\/a><ul class='ez-toc-list-level-3' ><li class='ez-toc-heading-level-3'><a class=\"ez-toc-link ez-toc-heading-2\" href=\"https:\/\/eurodirections.com\/pt-pt\/guia-barcelona\/#Coisas-a-nao-perder-em-Barcelona\" >Coisas a n\u00e3o perder em Barcelona<\/a><\/li><li class='ez-toc-page-1 ez-toc-heading-level-3'><a class=\"ez-toc-link ez-toc-heading-3\" href=\"https:\/\/eurodirections.com\/pt-pt\/guia-barcelona\/#Coma-como-um-local-em-Barcelona\" >Coma como um local em Barcelona<\/a><\/li><li class='ez-toc-page-1 ez-toc-heading-level-3'><a class=\"ez-toc-link ez-toc-heading-4\" href=\"https:\/\/eurodirections.com\/pt-pt\/guia-barcelona\/#Onde-ficar-em-Barcelona\" >Onde ficar em Barcelona<\/a><\/li><li class='ez-toc-page-1 ez-toc-heading-level-3'><a class=\"ez-toc-link ez-toc-heading-5\" href=\"https:\/\/eurodirections.com\/pt-pt\/guia-barcelona\/#Mapa-de-hoteis-de-Barcelona-com-precos\" >Mapa de hot\u00e9is de Barcelona com pre\u00e7os<\/a><\/li><li class='ez-toc-page-1 ez-toc-heading-level-3'><a class=\"ez-toc-link ez-toc-heading-6\" href=\"https:\/\/eurodirections.com\/pt-pt\/guia-barcelona\/#Voos-para-Barcelona\" >Voos para Barcelona<\/a><ul class='ez-toc-list-level-4' ><li class='ez-toc-heading-level-4'><a class=\"ez-toc-link ez-toc-heading-7\" href=\"https:\/\/eurodirections.com\/pt-pt\/guia-barcelona\/#Continuar-a-ler\" >Continuar a ler<\/a><\/li><\/ul><\/li><\/ul><\/li><\/ul><\/nav><\/div>\n<h2><span class=\"ez-toc-section\" id=\"Vamos-explorar-Barcelona-a-derradeira-lista-de-baldes-de-viagem\"><\/span><b>Vamos explorar Barcelona: a derradeira lista de baldes de viagem<\/b><span class=\"ez-toc-section-end\"><\/span><\/h2>\n<p><span style=\"font-weight: 400;\">Situada entre o mar e as montanhas, com hist\u00f3ria entre a arquitectura mais antiga e a mais fina, praias imaculadas, e uma vibra\u00e7\u00e3o cosmopolita, Barcelona \u00e9 uma grande escolha na <a title=\"As melhores cidades da Europa\" href=\"https:\/\/eurodirections.com\/pt-pt\/as-melhores-cidades-da-europa\/\" data-schema-attribute=\"about\">lista das melhores cidades da Europa<\/a> e um destino superior para desfrutar de tudo num s\u00f3 lugar. <\/span><\/p>\n<h3><span class=\"ez-toc-section\" id=\"Coisas-a-nao-perder-em-Barcelona\"><\/span><b>Coisas a n\u00e3o perder em Barcelona<\/b><span class=\"ez-toc-section-end\"><\/span><\/h3>\n<ul>\n<li style=\"font-weight: 400;\" aria-level=\"1\"><span style=\"font-weight: 400;\">Tire uma vista de olhos da Sagrada Fam\u00edlia de Andoni Gaud\u00ed e aprecie os 140 anos de trabalho. <\/span><\/li>\n<li style=\"font-weight: 400;\" aria-level=\"1\"><span style=\"font-weight: 400;\">Caminhar ao longo de 4,5 km da costa de Barcelona e relaxar na praia saboreando um refrescante cocktail.<\/span><\/li>\n<li style=\"font-weight: 400;\" aria-level=\"1\"><span style=\"font-weight: 400;\">Passeie em La Rambla, a avenida mais famosa da cidade, e siga o cheiro tentador dos waffles.<\/span><\/li>\n<li style=\"font-weight: 400;\" aria-level=\"1\"><span style=\"font-weight: 400;\">Desfrute das melhores vistas da cidade em Gaud\u00ed&#8217;s Park G\u00fcell, e n\u00e3o perca os bancos de serpentina, colunatas, e esculturas.<\/span><\/li>\n<li style=\"font-weight: 400;\" aria-level=\"1\"><span style=\"font-weight: 400;\">Experimente fruta fresca e azeitonas no mercado de La Boqueria, um local movimentado j\u00e1 h\u00e1 200 anos<\/span><\/li>\n<li style=\"font-weight: 400;\" aria-level=\"1\"><span style=\"font-weight: 400;\">Fa\u00e7a uma visita cultural ao Museu Picasso ou encontre 4000 azulejos de fotografias formando um mural de 26 p\u00e9s de um beijo. <\/span><\/li>\n<li aria-level=\"1\">Desfrute da experi\u00eancia de compras em Barcelona, encontrando centenas de boutiques e lojas de marca em v\u00e1rias ruas comerciais.<\/li>\n<\/ul>\n<p><iframe style=\"border: 1px solid #EEE; background: white;\" src=\"about:blank\" width=\"880\" height=\"270\" frameborder=\"0\" scrolling=\"no\" class=\"lazyload\" data-src=\"https:\/\/eurodirections.substack.com\/embed\"><span data-mce-type=\"bookmark\" style=\"display: inline-block; width: 0px; overflow: hidden; line-height: 0;\" class=\"mce_SELRES_start\"><\/span><span data-mce-type=\"bookmark\" style=\"display: inline-block; width: 0px; overflow: hidden; line-height: 0;\" class=\"mce_SELRES_start\" align=\"center\"><\/span><\/iframe><\/p>\n<h3><span class=\"ez-toc-section\" id=\"Coma-como-um-local-em-Barcelona\"><\/span><b>Coma como um local em Barcelona<\/b><span class=\"ez-toc-section-end\"><\/span><\/h3>\n<ul>\n<li style=\"font-weight: 400;\" aria-level=\"1\"><span style=\"font-weight: 400;\">Passear em Barcelona xiringuitos (bares de praia) com frutos do mar de dar \u00e1gua na boca. Escolher Xiringuito Escriba, Pela Vela, ou La Deliciosa ou todos eles por sua vez.<\/span><\/li>\n<li style=\"font-weight: 400;\" aria-level=\"1\"><span style=\"font-weight: 400;\">Encontre petiscos do tamanho de uma dentada num dos melhores bares de tapas de Barcelona &#8211; restaurante Sagardi e bar de tapas perto de atrac\u00e7\u00f5es populares ou El Xampanyet, uma simp\u00e1tica taberna de tapas. <\/span><\/li>\n<li style=\"font-weight: 400;\" aria-level=\"1\"><span style=\"font-weight: 400;\">Desfrute do aut\u00eantico ambiente, pintxos quentes, e da Morcilla de durgos (pudim preto com arroz) em Maitea Taberna. <\/span><\/li>\n<li style=\"font-weight: 400;\" aria-level=\"1\"><span style=\"font-weight: 400;\">Para um bom jantar, visite Disfrutar com cozinha mediterr\u00e2nica e duas estrelas Michelin.<\/span><\/li>\n<li style=\"font-weight: 400;\" aria-level=\"1\"><span style=\"font-weight: 400;\">Experimente o vermute espanhol em Morro Fi, uma pequena barra de vermute que serve uma bebida agridoce com azeitonas e fatias de laranja.<\/span><\/li>\n<li style=\"font-weight: 400;\" aria-level=\"1\"><span style=\"font-weight: 400;\">Escolha a sua cerveja artesanal entre 30 torneiras em BierCab, e n\u00e3o se esque\u00e7a de experimentar as patatas extra picantes.<\/span><\/li>\n<\/ul>\n<h3><span class=\"ez-toc-section\" id=\"Onde-ficar-em-Barcelona\"><\/span><b>Onde ficar em Barcelona<\/b><span class=\"ez-toc-section-end\"><\/span><\/h3>\n<ul>\n<li style=\"font-weight: 400;\" aria-level=\"1\"><span style=\"font-weight: 400;\">Desfrute do seu descanso nas Serras de Barcelona, um hotel de 5 estrelas de alta categoria no Bairro G\u00f3tico de Barcelona com vista para o mar.<\/span><\/li>\n<li style=\"font-weight: 400;\" aria-level=\"1\"><span style=\"font-weight: 400;\">O Hotel Brummell de estilo loft de 4 estrelas, com mobili\u00e1rio moderno e aulas de yoga, \u00e9 um \u00f3ptimo local para sentir o ambiente de Barcelona.<\/span><\/li>\n<li style=\"font-weight: 400;\" aria-level=\"1\"><span style=\"font-weight: 400;\">Encontre o equil\u00edbrio perfeito de estilo e conforto a um pre\u00e7o acess\u00edvel em Comfort Barcelona Rooms 3-star guest house.<\/span><\/li>\n<li style=\"font-weight: 400;\" aria-level=\"1\"><span style=\"font-weight: 400;\">Se o seu or\u00e7amento \u00e9 apertado, o Rodam\u00f3n Hostel \u00e9 o melhor para casais e viajantes a solo. <\/span><\/li>\n<li style=\"font-weight: 400;\" aria-level=\"1\"><span style=\"font-weight: 400;\">Encontrar idyll no luxuoso Hotel Boutique Davallada em Sitges Beach Resort perto de Barcelona. <\/span><\/li>\n<\/ul>\n<h3><span class=\"ez-toc-section\" id=\"Mapa-de-hoteis-de-Barcelona-com-precos\"><\/span>Mapa de hot\u00e9is de Barcelona com pre\u00e7os<span class=\"ez-toc-section-end\"><\/span><\/h3>\n<p><script src=\"\/\/tp.media\/content?0=0&amp;1=10&amp;promo_id=4285&amp;shmarker=14350&amp;campaign_id=101&amp;search_host=air.eurodirections.com%2Fhotels&amp;locale=pt&amp;currency=eur&amp;draggable=true&amp;disable_zoom=false&amp;show_logo=false&amp;scrollwheel=false&amp;color=%230759B0&amp;contrast_color=%23ffffff&amp;width=720&amp;height=500&amp;zoom=13&amp;radius=60&amp;stars=0%2C1%2C2%2C3%2C4%2C5&amp;price_from=&amp;price_to=&amp;lat=41.387089&amp;lng=2.170066\" charset=\"utf-8\"><span data-mce-type=\"bookmark\" style=\"display: inline-block; width: 0px; overflow: hidden; line-height: 0;\" class=\"mce_SELRES_start\">\ufeff<\/span><\/script><\/p>\n<p>\u2014<\/p>\n<h3><span class=\"ez-toc-section\" id=\"Voos-para-Barcelona\"><\/span>Voos para Barcelona<span class=\"ez-toc-section-end\"><\/span><\/h3>\n<p><a title=\"Encontrar bilhetes de avi\u00e3o baratos para Barcelona\" href=\"https:\/\/eurodirections.com\/pt-pt\/voos-barcelona\/\" target=\"_blank\" rel=\"noopener\">Descubra os melhores voos para Barcelona<\/a><\/p>\n<p><script src=\"https:\/\/tp.media\/content?trs=147545&amp;shmarker=14350&amp;destination=BCN&amp;target_host=air.eurodirections.com%2Fflights&amp;locale=pt&amp;currency=eur&amp;limit=10&amp;primary=%230085FF&amp;promo_id=4044&amp;campaign_id=100\" charset=\"utf-8\"><\/script><\/p>\n<hr \/>\n<h4><span class=\"ez-toc-section\" id=\"Continuar-a-ler\"><\/span>Continuar a ler<span class=\"ez-toc-section-end\"><\/span><\/h4>\n<p><strong><a title=\"Melhor data de voos de Madrid para Barcelona\" href=\"https:\/\/eurodirections.com\/pt-pt\/voos-madrid-barcelona\/\" target=\"_blank\" rel=\"noopener\">Voar de Madrid para Barcelona<\/a><\/strong><\/p>\n","protected":false},"excerpt":{"rendered":"<p>Vamos explorar Barcelona: a derradeira lista de baldes de viagem Situada entre o mar e as montanhas, com hist\u00f3ria entre a arquitectura mais antiga e a mais fina, praias imaculadas, e uma vibra\u00e7\u00e3o cosmopolita, Barcelona \u00e9 uma grande escolha na lista das melhores cidades da Europa e um destino superior para desfrutar de tudo num [&hellip;]<\/p>\n","protected":false},"author":1,"featured_media":4199,"parent":0,"menu_order":0,"comment_status":"closed","ping_status":"closed","template":"","meta":{"footnotes":""},"class_list":["post-19416","page","type-page","status-publish","has-post-thumbnail","hentry"],"_links":{"self":[{"href":"https:\/\/eurodirections.com\/pt-pt\/wp-json\/wp\/v2\/pages\/19416","targetHints":{"allow":["GET"]}}],"collection":[{"href":"https:\/\/eurodirections.com\/pt-pt\/wp-json\/wp\/v2\/pages"}],"about":[{"href":"https:\/\/eurodirections.com\/pt-pt\/wp-json\/wp\/v2\/types\/page"}],"author":[{"embeddable":true,"href":"https:\/\/eurodirections.com\/pt-pt\/wp-json\/wp\/v2\/users\/1"}],"replies":[{"embeddable":true,"href":"https:\/\/eurodirections.com\/pt-pt\/wp-json\/wp\/v2\/comments?post=19416"}],"version-history":[{"count":0,"href":"https:\/\/eurodirections.com\/pt-pt\/wp-json\/wp\/v2\/pages\/19416\/revisions"}],"wp:featuredmedia":[{"embeddable":true,"href":"https:\/\/eurodirections.com\/pt-pt\/wp-json\/wp\/v2\/media\/4199"}],"wp:attachment":[{"href":"https:\/\/eurodirections.com\/pt-pt\/wp-json\/wp\/v2\/media?parent=19416"}],"curies":[{"name":"wp","href":"https:\/\/api.w.org\/{rel}","templated":true}]}}