{"id":19171,"date":"2023-01-16T21:06:10","date_gmt":"2023-01-16T21:06:10","guid":{"rendered":"https:\/\/eurodirections.com\/calendario-de-voo-barato-%e2%9c%88\/"},"modified":"2023-03-01T08:45:47","modified_gmt":"2023-03-01T08:45:47","slug":"calendario-voos-baratos","status":"publish","type":"page","link":"https:\/\/eurodirections.com\/pt-pt\/calendario-voos-baratos\/","title":{"rendered":"Calend\u00e1rio de voos baratos \u2708"},"content":{"rendered":"<div id=\"ez-toc-container\" class=\"ez-toc-v2_0_82_2 counter-hierarchy ez-toc-counter ez-toc-grey ez-toc-container-direction\">\n<div class=\"ez-toc-title-container\">\n<p class=\"ez-toc-title\" style=\"cursor:inherit\">Table of Contents<\/p>\n<span class=\"ez-toc-title-toggle\"><a href=\"#\" class=\"ez-toc-pull-right ez-toc-btn ez-toc-btn-xs ez-toc-btn-default ez-toc-toggle\" aria-label=\"Toggle Table of Content\"><span class=\"ez-toc-js-icon-con\"><span class=\"\"><span class=\"eztoc-hide\" style=\"display:none;\">Toggle<\/span><span class=\"ez-toc-icon-toggle-span\"><svg style=\"fill: #999;color:#999\" xmlns=\"http:\/\/www.w3.org\/2000\/svg\" class=\"list-377408\" width=\"20px\" height=\"20px\" viewBox=\"0 0 24 24\" fill=\"none\"><path d=\"M6 6H4v2h2V6zm14 0H8v2h12V6zM4 11h2v2H4v-2zm16 0H8v2h12v-2zM4 16h2v2H4v-2zm16 0H8v2h12v-2z\" fill=\"currentColor\"><\/path><\/svg><svg style=\"fill: #999;color:#999\" class=\"arrow-unsorted-368013\" xmlns=\"http:\/\/www.w3.org\/2000\/svg\" width=\"10px\" height=\"10px\" viewBox=\"0 0 24 24\" version=\"1.2\" baseProfile=\"tiny\"><path d=\"M18.2 9.3l-6.2-6.3-6.2 6.3c-.2.2-.3.4-.3.7s.1.5.3.7c.2.2.4.3.7.3h11c.3 0 .5-.1.7-.3.2-.2.3-.5.3-.7s-.1-.5-.3-.7zM5.8 14.7l6.2 6.3 6.2-6.3c.2-.2.3-.5.3-.7s-.1-.5-.3-.7c-.2-.2-.4-.3-.7-.3h-11c-.3 0-.5.1-.7.3-.2.2-.3.5-.3.7s.1.5.3.7z\"\/><\/svg><\/span><\/span><\/span><\/a><\/span><\/div>\n<nav><ul class='ez-toc-list ez-toc-list-level-1 eztoc-toggle-hide-by-default' ><li class='ez-toc-page-1 ez-toc-heading-level-2'><a class=\"ez-toc-link ez-toc-heading-1\" href=\"https:\/\/eurodirections.com\/pt-pt\/calendario-voos-baratos\/#Calendario-de-voos-baratos\" >Calend\u00e1rio de voos baratos<\/a><ul class='ez-toc-list-level-3' ><li class='ez-toc-heading-level-3'><a class=\"ez-toc-link ez-toc-heading-2\" href=\"https:\/\/eurodirections.com\/pt-pt\/calendario-voos-baratos\/#%F0%9F%93%85-Como-utilizar-o-calendario-de-voos-barato\" >\ud83d\udcc5 Como utilizar o calend\u00e1rio de voos barato?<\/a><\/li><li class='ez-toc-page-1 ez-toc-heading-level-3'><a class=\"ez-toc-link ez-toc-heading-3\" href=\"https:\/\/eurodirections.com\/pt-pt\/calendario-voos-baratos\/#%F0%9F%A7%B3-Beneficios-da-utilizacao-de-um-calendario-de-voos-barato\" >\ud83e\uddf3 Benef\u00edcios da utiliza\u00e7\u00e3o de um calend\u00e1rio de voos barato<\/a><\/li><\/ul><\/li><li class='ez-toc-page-1 ez-toc-heading-level-2'><a class=\"ez-toc-link ez-toc-heading-4\" href=\"https:\/\/eurodirections.com\/pt-pt\/calendario-voos-baratos\/#Exemplo-de-utilizacao-de-calendario-de-voos-barato\" >Exemplo de utiliza\u00e7\u00e3o de calend\u00e1rio de voos barato<\/a><\/li><\/ul><\/nav><\/div>\n<p>O nosso calend\u00e1rio de voos baratos \u00e9 uma poderosa ferramenta de planeamento de viagens que ajuda os utilizadores a comparar e seleccionar a melhor data para o seu voo para um destino espec\u00edfico a partir de qualquer ponto do mundo.<br \/>\nO calend\u00e1rio permite aos utilizadores procurar e comparar facilmente voos de todas as companhias a\u00e9reas, ag\u00eancias de viagens, e sistemas de reservas, e identificar as datas mais rent\u00e1veis para a sua viagem.<\/p>\n<h2><span class=\"ez-toc-section\" id=\"Calendario-de-voos-baratos\"><\/span>Calend\u00e1rio de voos baratos<span class=\"ez-toc-section-end\"><\/span><\/h2>\n<p><script src=\"\/\/tp.media\/content?currency=eur&amp;promo_id=4041&amp;shmarker=14350&amp;campaign_id=100&amp;trs=147545&amp;searchUrl=air.eurodirections.com%2Fflights&amp;locale=en_us&amp;powered_by=false&amp;one_way=true&amp;only_direct=false&amp;period=year&amp;range=1%2C30&amp;primary=%23172940&amp;color_background=%23FFFFFF&amp;achieve=%230F5ABD&amp;dark=%23000000&amp;light=%23FFFFFF&amp;destination=LON\" charset=\"utf-8\"><span data-mce-type=\"bookmark\" style=\"display: inline-block; width: 0px; overflow: hidden; line-height: 0;\" class=\"mce_SELRES_start\">\ufeff<\/span><\/script><\/p>\n<h3><span class=\"ez-toc-section\" id=\"%F0%9F%93%85-Como-utilizar-o-calendario-de-voos-barato\"><\/span>\ud83d\udcc5 Como utilizar o calend\u00e1rio de voos barato?<span class=\"ez-toc-section-end\"><\/span><\/h3>\n<ol>\n<li>Selecione sua localiza\u00e7\u00e3o no canto superior esquerdo do calend\u00e1rio<\/li>\n<li>Veja o pre\u00e7o mais barato para cada m\u00eas para o voo da sua localiza\u00e7\u00e3o<\/li>\n<li>Clique em qualquer janela do m\u00eas para ver a data exacta do voo mais acess\u00edvel<\/li>\n<li>Voc\u00ea pode clicar na janela da data para ver os detalhes do voo<\/li>\n<li>Clique no bot\u00e3o de detalhes do voo para ver os termos completos do voo ou reservar o bilhete a\u00e9reo<\/li>\n<li>Voc\u00ea pode usar a configura\u00e7\u00e3o no canto superior esquerdo do calend\u00e1rio para alterar o tipo de voo (ida ou volta)<\/li>\n<\/ol>\n<p>Com o calend\u00e1rio de voos barato, os utilizadores podem facilmente comparar pre\u00e7os de bilhetes e planear e organizar a sua viagem em qualquer parte do mundo.<br \/>\nQuer esteja a planear uma viagem de neg\u00f3cios ou umas f\u00e9rias na praia, o nosso calend\u00e1rio de voos \u00e9 a ferramenta perfeita para o ajudar a encontrar o melhor neg\u00f3cio em tarifas a\u00e9reas.<\/p>\n<h3><span class=\"ez-toc-section\" id=\"%F0%9F%A7%B3-Beneficios-da-utilizacao-de-um-calendario-de-voos-barato\"><\/span>\ud83e\uddf3 Benef\u00edcios da utiliza\u00e7\u00e3o de um calend\u00e1rio de voos barato<span class=\"ez-toc-section-end\"><\/span><\/h3>\n<ul>\n<li>Comparar pre\u00e7os: O calend\u00e1rio de voos permite aos utilizadores comparar facilmente pre\u00e7os de diferentes companhias a\u00e9reas, ag\u00eancias de viagens, e sistemas de reservas, ajudando-os a encontrar o melhor neg\u00f3cio em termos de tarifas a\u00e9reas.<\/li>\n<li>Encontrar as melhores datas: O calend\u00e1rio permite aos utilizadores procurar voos em diferentes datas, ajudando-os a identificar as datas mais rent\u00e1veis para a sua viagem.<\/li>\n<li>Conveniente: O calend\u00e1rio \u00e9 f\u00e1cil de usar e permite aos utilizadores planear e organizar a sua viagem num \u00fanico local conveniente.<\/li>\n<li>Poupar tempo: O calend\u00e1rio elimina a necessidade de os utilizadores procurarem em v\u00e1rios websites para encontrar o melhor neg\u00f3cio em termos de tarifas a\u00e9reas, poupando-lhes tempo e esfor\u00e7o.<\/li>\n<li>Obtenha o melhor neg\u00f3cio: O calend\u00e1rio ajuda os utilizadores a encontrar o voo mais barato e a obter o melhor neg\u00f3cio pelo seu dinheiro.<\/li>\n<li>N\u00e3o h\u00e1 necessidade de m\u00faltiplas buscas: O calend\u00e1rio mostra-lhe os pre\u00e7os para todas as companhias a\u00e9reas e todas as datas do m\u00eas num s\u00f3 local, n\u00e3o h\u00e1 necessidade de pesquisar em m\u00faltiplos websites.<\/li>\n<li>Encontrar o melhor hor\u00e1rio de voo: O calend\u00e1rio mostra os hor\u00e1rios de voo, para que possa escolher o que melhor se adapta \u00e0s suas necessidades.<\/li>\n<\/ul>\n<h2><span class=\"ez-toc-section\" id=\"Exemplo-de-utilizacao-de-calendario-de-voos-barato\"><\/span>Exemplo de utiliza\u00e7\u00e3o de calend\u00e1rio de voos barato<span class=\"ez-toc-section-end\"><\/span><\/h2>\n<p>A utiliza\u00e7\u00e3o do calend\u00e1rio de voos barato \u00e9 f\u00e1cil.<br \/>\nDigamos que est\u00e1 a planear uma viagem da cidade de Nova Iorque para Londres.<br \/>\nAqui est\u00e1 um exemplo de como pode usar o calend\u00e1rio para encontrar o melhor neg\u00f3cio em termos de tarifas a\u00e9reas:<\/p>\n<figure id=\"attachment_10403\" aria-describedby=\"caption-attachment-10403\" style=\"width: 846px\" class=\"wp-caption alignnone\"><a href=\"https:\/\/eurodirections.com\/calendar\/cheap-flight-calendar-settings-screenshot\/\" rel=\"attachment wp-att-10403\"><img fetchpriority=\"high\" decoding=\"async\" class=\"size-full wp-image-10403\" src=\"https:\/\/eurodirections.com\/wp-content\/uploads\/2023\/01\/cheap-flight-calendar-settings-screenshot.jpg\" alt=\"Utiliza\u00e7\u00e3o de calend\u00e1rio de voos barato em eurodirections.com\" width=\"846\" height=\"797\" srcset=\"https:\/\/eurodirections.com\/wp-content\/uploads\/2023\/01\/cheap-flight-calendar-settings-screenshot.jpg 846w, https:\/\/eurodirections.com\/wp-content\/uploads\/2023\/01\/cheap-flight-calendar-settings-screenshot-300x283.jpg 300w, https:\/\/eurodirections.com\/wp-content\/uploads\/2023\/01\/cheap-flight-calendar-settings-screenshot-768x724.jpg 768w\" sizes=\"(max-width: 846px) 100vw, 846px\" \/><\/a><figcaption id=\"caption-attachment-10403\" class=\"wp-caption-text\">Captura de ecr\u00e3. Utiliza\u00e7\u00e3o do calend\u00e1rio de voos barato e defini\u00e7\u00e3o dos par\u00e2metros de voo em eurodirections.com<\/figcaption><\/figure>\n<ol>\n<li>Visite eurodirections.com e seleccione a op\u00e7\u00e3o &#8220;Flight Calendar&#8221;.<\/li>\n<li>Clique no \u00edcone Defini\u00e7\u00f5es e no campo &#8220;De&#8221;, introduza &#8220;New York City&#8221; e no campo &#8220;Para&#8221;, introduza &#8220;London&#8221;.<\/li>\n<li>Seleccionar a op\u00e7\u00e3o de viagem desejada: de sentido \u00fanico ou bidireccional.<\/li>\n<li>Escolhendo a op\u00e7\u00e3o &#8220;Two-way&#8221;, ser-lhe-\u00e1 pedido que defina a dura\u00e7\u00e3o da sua viagem.<\/li>\n<li>Pode optar por ver apenas os pre\u00e7os dos voos directos no calend\u00e1rio clicando na caixa de verifica\u00e7\u00e3o &#8220;Voos directos&#8221;.<\/li>\n<li>O calend\u00e1rio mostrar\u00e1 todos os voos dispon\u00edveis da cidade de Nova Iorque para Londres nas janelas do m\u00eas. O m\u00eas mais barato ser\u00e1 destacado.<\/li>\n<li>Basta clicar no m\u00eas para ver as datas do m\u00eas e a data exacta do voo mais barato.<\/li>\n<li>Se clicar na data, a p\u00e1gina de resultados da pesquisa ser\u00e1 aberta com os detalhes completos do voo.<\/li>\n<li>Pode ordenar os voos por pre\u00e7o, hor\u00e1rio e companhias a\u00e9reas.<\/li>\n<li>Compare os pre\u00e7os dos diferentes voos e seleccione o que melhor se adequa ao seu or\u00e7amento e hor\u00e1rio.<\/li>\n<li>Uma vez encontrado o melhor neg\u00f3cio, pode proceder \u00e0 reserva do seu voo a partir do sistema de reservas que fornece o bilhete de avi\u00e3o.<\/li>\n<\/ol>\n<p>Pode ver aqui um calend\u00e1rio de voos barato com os melhores pre\u00e7os para as seguintes rotas de voo: <a href=\"https:\/\/eurodirections.com\/berlin-tirana-flights-timetable\/\">Voos Berlim-Tirana<\/a>, <a href=\"https:\/\/eurodirections.com\/pt-pt\/voar-para-porto-portugal\/\">voos para o Porto<\/a>, <a href=\"https:\/\/eurodirections.com\/paris-bangalore\/\">voos Paris-Bangalore<\/a>, e muitas outras rotas de <a href=\"https:\/\/eurodirections.com\/pt-pt\/in\/voos\/\">voo aqui<\/a>.<\/p>\n<p>O nosso calend\u00e1rio \u00e9 constantemente actualizado com os \u00faltimos pre\u00e7os e hor\u00e1rios de voo, para que possa ter a certeza de que est\u00e1 a receber a informa\u00e7\u00e3o mais actualizada.<br \/>\nEsperamos que possa utilizar eficazmente o nosso calend\u00e1rio de voos barato e encontrar o voo perfeito para a sua viagem a qualquer destino. Boas viagens!<\/p>\n","protected":false},"excerpt":{"rendered":"<p>O nosso calend\u00e1rio de voos baratos \u00e9 uma poderosa ferramenta de planeamento de viagens que ajuda os utilizadores a comparar e seleccionar a melhor data para o seu voo para um destino espec\u00edfico a partir de qualquer ponto do mundo. O calend\u00e1rio permite aos utilizadores procurar e comparar facilmente voos de todas as companhias a\u00e9reas, [&hellip;]<\/p>\n","protected":false},"author":1,"featured_media":29101,"parent":0,"menu_order":0,"comment_status":"closed","ping_status":"closed","template":"","meta":{"footnotes":""},"class_list":["post-19171","page","type-page","status-publish","has-post-thumbnail","hentry"],"_links":{"self":[{"href":"https:\/\/eurodirections.com\/pt-pt\/wp-json\/wp\/v2\/pages\/19171","targetHints":{"allow":["GET"]}}],"collection":[{"href":"https:\/\/eurodirections.com\/pt-pt\/wp-json\/wp\/v2\/pages"}],"about":[{"href":"https:\/\/eurodirections.com\/pt-pt\/wp-json\/wp\/v2\/types\/page"}],"author":[{"embeddable":true,"href":"https:\/\/eurodirections.com\/pt-pt\/wp-json\/wp\/v2\/users\/1"}],"replies":[{"embeddable":true,"href":"https:\/\/eurodirections.com\/pt-pt\/wp-json\/wp\/v2\/comments?post=19171"}],"version-history":[{"count":0,"href":"https:\/\/eurodirections.com\/pt-pt\/wp-json\/wp\/v2\/pages\/19171\/revisions"}],"wp:featuredmedia":[{"embeddable":true,"href":"https:\/\/eurodirections.com\/pt-pt\/wp-json\/wp\/v2\/media\/29101"}],"wp:attachment":[{"href":"https:\/\/eurodirections.com\/pt-pt\/wp-json\/wp\/v2\/media?parent=19171"}],"curies":[{"name":"wp","href":"https:\/\/api.w.org\/{rel}","templated":true}]}}