{"id":13459,"date":"2022-12-09T09:27:35","date_gmt":"2022-12-09T09:27:35","guid":{"rendered":"https:\/\/eurodirections.com\/hoteis\/"},"modified":"2023-01-25T09:32:59","modified_gmt":"2023-01-25T09:32:59","slug":"hoteis","status":"publish","type":"page","link":"https:\/\/eurodirections.com\/pt-pt\/hoteis\/","title":{"rendered":"Hot\u00e9is"},"content":{"rendered":"\t\t<div data-elementor-type=\"wp-page\" data-elementor-id=\"13459\" class=\"elementor elementor-13459\">\n\t\t\t\t\t\t<section class=\"elementor-section elementor-top-section elementor-element elementor-element-d468925 elementor-section-boxed elementor-section-height-default elementor-section-height-default\" data-id=\"d468925\" data-element_type=\"section\" data-e-type=\"section\">\n\t\t\t\t\t\t<div class=\"elementor-container elementor-column-gap-default\">\n\t\t\t\t\t<div class=\"elementor-column elementor-col-100 elementor-top-column elementor-element elementor-element-319ad72\" data-id=\"319ad72\" data-element_type=\"column\" data-e-type=\"column\">\n\t\t\t<div class=\"elementor-widget-wrap elementor-element-populated\">\n\t\t\t\t\t\t<div class=\"elementor-element elementor-element-c6ffbb3 elementor-widget__width-inherit elementor-widget elementor-widget-text-editor\" data-id=\"c6ffbb3\" data-element_type=\"widget\" data-e-type=\"widget\" data-widget_type=\"text-editor.default\">\n\t\t\t\t<div class=\"elementor-widget-container\">\n\t\t\t\t\t\t\t\t\t<p>Procurando hot\u00e9is ou apartamentos confort\u00e1veis? Compare todos os pre\u00e7os da Internet usando nosso servi\u00e7o de pesquisa de hot\u00e9is &#8211; planeje sua viagem e economize seu dinheiro para viajar pela Europa. <\/p>\n\t\t\t\t\t\t\t\t<\/div>\n\t\t\t\t<\/div>\n\t\t\t\t\t<\/div>\n\t\t<\/div>\n\t\t\t\t\t<\/div>\n\t\t<\/section>\n\t\t\t\t<section class=\"elementor-section elementor-top-section elementor-element elementor-element-f900ca2 elementor-section-boxed elementor-section-height-default elementor-section-height-default\" data-id=\"f900ca2\" data-element_type=\"section\" data-e-type=\"section\">\n\t\t\t\t\t\t<div class=\"elementor-container elementor-column-gap-default\">\n\t\t\t\t\t<div class=\"elementor-column elementor-col-100 elementor-top-column elementor-element elementor-element-2434b85\" data-id=\"2434b85\" data-element_type=\"column\" data-e-type=\"column\">\n\t\t\t<div class=\"elementor-widget-wrap elementor-element-populated\">\n\t\t\t\t\t\t<div class=\"elementor-element elementor-element-713ba2b elementor-widget elementor-widget-html\" data-id=\"713ba2b\" data-element_type=\"widget\" data-e-type=\"widget\" data-widget_type=\"html.default\">\n\t\t\t\t<div class=\"elementor-widget-container\">\n\t\t\t\t\t<center>\n    \n    <script charset=\"utf-8\" src=\"\/\/www.travelpayouts.com\/widgets\/b0f062210a076eb373f5c08877774ae6.js?v=2203\" async=\"\"><\/script>\n\n<\/center>\t\t\t\t<\/div>\n\t\t\t\t<\/div>\n\t\t\t\t\t<\/div>\n\t\t<\/div>\n\t\t\t\t\t<\/div>\n\t\t<\/section>\n\t\t\t\t<section class=\"elementor-section elementor-top-section elementor-element elementor-element-f9ae27d elementor-section-boxed elementor-section-height-default elementor-section-height-default\" data-id=\"f9ae27d\" data-element_type=\"section\" data-e-type=\"section\">\n\t\t\t\t\t\t<div class=\"elementor-container elementor-column-gap-default\">\n\t\t\t\t\t<div class=\"elementor-column elementor-col-100 elementor-top-column elementor-element elementor-element-ac118d8\" data-id=\"ac118d8\" data-element_type=\"column\" data-e-type=\"column\">\n\t\t\t<div class=\"elementor-widget-wrap elementor-element-populated\">\n\t\t\t\t\t\t<div class=\"elementor-element elementor-element-a6ea89b elementor-widget elementor-widget-heading\" data-id=\"a6ea89b\" data-element_type=\"widget\" data-e-type=\"widget\" data-widget_type=\"heading.default\">\n\t\t\t\t<div class=\"elementor-widget-container\">\n\t\t\t\t\t<h2 class=\"elementor-heading-title elementor-size-default\">Os melhores hot\u00e9is em Barcelona<\/h2>\t\t\t\t<\/div>\n\t\t\t\t<\/div>\n\t\t\t\t\t<\/div>\n\t\t<\/div>\n\t\t\t\t\t<\/div>\n\t\t<\/section>\n\t\t\t\t<section class=\"elementor-section elementor-top-section elementor-element elementor-element-2685ed5 elementor-section-boxed elementor-section-height-default elementor-section-height-default\" data-id=\"2685ed5\" data-element_type=\"section\" data-e-type=\"section\">\n\t\t\t\t\t\t<div class=\"elementor-container elementor-column-gap-default\">\n\t\t\t\t\t<div class=\"elementor-column elementor-col-100 elementor-top-column elementor-element elementor-element-10de6c2\" data-id=\"10de6c2\" data-element_type=\"column\" data-e-type=\"column\">\n\t\t\t<div class=\"elementor-widget-wrap elementor-element-populated\">\n\t\t\t\t\t\t<div class=\"elementor-element elementor-element-f238096 elementor-widget elementor-widget-html\" data-id=\"f238096\" data-element_type=\"widget\" data-e-type=\"widget\" data-widget_type=\"html.default\">\n\t\t\t\t<div class=\"elementor-widget-container\">\n\t\t\t\t\t<script src=\"https:\/\/www.travelpayouts.com\/blissey\/scripts_en.js?currency=eur&categories=center%2Cpopularity%2Cprice&id=3196&type=compact&marker=14350&trs=147545&powered_by=false&host=air.eurodirections.com%2Fhotels&locale=en&limit=10&nobooking=\" charset=\"utf-8\"><\/script>\t\t\t\t<\/div>\n\t\t\t\t<\/div>\n\t\t\t\t\t<\/div>\n\t\t<\/div>\n\t\t\t\t\t<\/div>\n\t\t<\/section>\n\t\t\t\t<section class=\"elementor-section elementor-top-section elementor-element elementor-element-825c3bf elementor-section-boxed elementor-section-height-default elementor-section-height-default\" data-id=\"825c3bf\" data-element_type=\"section\" data-e-type=\"section\">\n\t\t\t\t\t\t<div class=\"elementor-container elementor-column-gap-default\">\n\t\t\t\t\t<div class=\"elementor-column elementor-col-100 elementor-top-column elementor-element elementor-element-ff09586\" data-id=\"ff09586\" data-element_type=\"column\" data-e-type=\"column\">\n\t\t\t<div class=\"elementor-widget-wrap elementor-element-populated\">\n\t\t\t\t\t\t<div class=\"elementor-element elementor-element-515a136 elementor-widget elementor-widget-text-editor\" data-id=\"515a136\" data-element_type=\"widget\" data-e-type=\"widget\" data-widget_type=\"text-editor.default\">\n\t\t\t\t<div class=\"elementor-widget-container\">\n\t\t\t\t\t\t\t\t\t<h3>Como encontrar hot\u00e9is baratos online?<\/h3>\n<p>Existem v\u00e1rias maneiras de encontrar hot\u00e9is baratos online, uma delas \u00e9 usando um site de compara\u00e7\u00e3o de hot\u00e9is como o Euro Directions, que pesquisa v\u00e1rias plataformas de reserva e compara pre\u00e7os para encontrar as melhores ofertas.<\/p>\n<ol>\n<li>Acesse um site de compara\u00e7\u00e3o de hot\u00e9is como o Euro Directions e insira seu destino ou especifique o hotel em que deseja ficar.<\/li>\n<li>Pressione o bot\u00e3o de pesquisa para ver uma lista de hot\u00e9is, albergues e pens\u00f5es dispon\u00edveis nessa \u00e1rea.<\/li>\n<li>Compare pre\u00e7os e avalia\u00e7\u00f5es dos hot\u00e9is para encontrar as melhores ofertas e a acomoda\u00e7\u00e3o mais adequada \u00e0s suas necessidades.<\/li>\n<li>Verifique se h\u00e1 promo\u00e7\u00f5es ou descontos dispon\u00edveis<\/li>\n<li>Leia as avalia\u00e7\u00f5es de outros viajantes antes de fazer uma reserva.<\/li>\n<li>Depois de encontrar um hotel adequado, fa\u00e7a uma reserva no sistema de reservas que oferece o melhor pre\u00e7o e acomoda\u00e7\u00e3o.<\/li>\n<\/ol>\n<p>Navegue pelos destinos mais populares onde os usu\u00e1rios procuram hot\u00e9is baratos na Euro Directions:<\/p>\n<ul>\n<li><a href=\"https:\/\/eurodirections.com\/popular-hotels-in-toulouse\/\" target=\"_blank\" rel=\"noopener\">hot\u00e9is populares em Toulouse<\/a><\/li>\n<li><a href=\"https:\/\/eurodirections.com\/larnaca-cheap-hotels-guide\/\" target=\"_blank\" rel=\"noopener\">Guia e mapa de hot\u00e9is em L\u00e1rnaca<\/a><\/li>\n<li><a href=\"https:\/\/eurodirections.com\/10-cheap-popular-hotels-in-malta-with-high-ratings\/\" target=\"_blank\" rel=\"noopener\">Hot\u00e9is populares em malta<\/a><\/li>\n<li><a href=\"https:\/\/eurodirections.com\/hotels-in-tallinn\/\" target=\"_blank\" rel=\"noopener\">Explorar hot\u00e9is em Tallinn, Est\u00f4nia<\/a><\/li>\n<li><a href=\"https:\/\/eurodirections.com\/hotels-in-kavala\/\" target=\"_blank\" rel=\"noopener\">Procurando hot\u00e9is em Kavala, Gr\u00e9cia?<\/a><\/li>\n<li><a href=\"https:\/\/eurodirections.com\/popular-hotels-in-valencia\/\" target=\"_blank\" rel=\"noopener\">Hot\u00e9is populares em Val\u00eancia<\/a><\/li>\n<li><a href=\"https:\/\/eurodirections.com\/popular-hotels-in-tbilisi\/\" target=\"_blank\" rel=\"noopener\">Hot\u00e9is baratos e populares em Tbilisi, Ge\u00f3rgia<\/a><\/li>\n<\/ul>\n<p>\u2014<\/p>\n<p><span style=\"color: #666699;\"><strong>Aviso:<\/strong> A plataforma de planejamento de viagens da Euro Directions est\u00e1 conectada ao sistema de pesquisa de hot\u00e9is hotellook e fornece os mesmos servi\u00e7os que o mecanismo de pesquisa principal. N\u00f3s, por n\u00f3s mesmos, n\u00e3o fornecemos servi\u00e7os de reserva online e n\u00e3o representamos nenhum hotel! Veja nossos termos para mais informa\u00e7\u00f5es.  <\/span><\/p>\n<p><span style=\"color: #999999;\"><strong>Informa\u00e7\u00f5es de refer\u00eancia:<\/strong> As informa\u00e7\u00f5es cont\u00eam links de afiliados, o que significa que, caso os usu\u00e1rios cliquem nos links do hotel e fa\u00e7am uma reserva, nosso site receber\u00e1 uma comiss\u00e3o.<\/span><\/p>\n\t\t\t\t\t\t\t\t<\/div>\n\t\t\t\t<\/div>\n\t\t\t\t\t<\/div>\n\t\t<\/div>\n\t\t\t\t\t<\/div>\n\t\t<\/section>\n\t\t\t\t<\/div>\n\t\t","protected":false},"excerpt":{"rendered":"<p>Procurando hot\u00e9is ou apartamentos confort\u00e1veis? Compare todos os pre\u00e7os da Internet usando nosso servi\u00e7o de pesquisa de hot\u00e9is &#8211; planeje sua viagem e economize seu dinheiro para viajar pela Europa. Os melhores hot\u00e9is em Barcelona Como encontrar hot\u00e9is baratos online? Existem v\u00e1rias maneiras de encontrar hot\u00e9is baratos online, uma delas \u00e9 usando um site de [&hellip;]<\/p>\n","protected":false},"author":1,"featured_media":0,"parent":0,"menu_order":0,"comment_status":"closed","ping_status":"closed","template":"","meta":{"footnotes":""},"class_list":["post-13459","page","type-page","status-publish","hentry"],"_links":{"self":[{"href":"https:\/\/eurodirections.com\/pt-pt\/wp-json\/wp\/v2\/pages\/13459","targetHints":{"allow":["GET"]}}],"collection":[{"href":"https:\/\/eurodirections.com\/pt-pt\/wp-json\/wp\/v2\/pages"}],"about":[{"href":"https:\/\/eurodirections.com\/pt-pt\/wp-json\/wp\/v2\/types\/page"}],"author":[{"embeddable":true,"href":"https:\/\/eurodirections.com\/pt-pt\/wp-json\/wp\/v2\/users\/1"}],"replies":[{"embeddable":true,"href":"https:\/\/eurodirections.com\/pt-pt\/wp-json\/wp\/v2\/comments?post=13459"}],"version-history":[{"count":0,"href":"https:\/\/eurodirections.com\/pt-pt\/wp-json\/wp\/v2\/pages\/13459\/revisions"}],"wp:attachment":[{"href":"https:\/\/eurodirections.com\/pt-pt\/wp-json\/wp\/v2\/media?parent=13459"}],"curies":[{"name":"wp","href":"https:\/\/api.w.org\/{rel}","templated":true}]}}