{"id":3097,"date":"2022-12-09T09:27:35","date_gmt":"2022-12-09T09:27:35","guid":{"rendered":"https:\/\/eurodirections.com\/hotele-online\/"},"modified":"2023-01-25T10:10:46","modified_gmt":"2023-01-25T10:10:46","slug":"hotele-online","status":"publish","type":"page","link":"https:\/\/eurodirections.com\/pl\/hotele-online\/","title":{"rendered":"Hotele online"},"content":{"rendered":"\t\t<div data-elementor-type=\"wp-page\" data-elementor-id=\"3097\" class=\"elementor elementor-3097\">\n\t\t\t\t\t\t<section class=\"elementor-section elementor-top-section elementor-element elementor-element-d468925 elementor-section-boxed elementor-section-height-default elementor-section-height-default\" data-id=\"d468925\" data-element_type=\"section\" data-e-type=\"section\">\n\t\t\t\t\t\t<div class=\"elementor-container elementor-column-gap-default\">\n\t\t\t\t\t<div class=\"elementor-column elementor-col-100 elementor-top-column elementor-element elementor-element-319ad72\" data-id=\"319ad72\" data-element_type=\"column\" data-e-type=\"column\">\n\t\t\t<div class=\"elementor-widget-wrap elementor-element-populated\">\n\t\t\t\t\t\t<div class=\"elementor-element elementor-element-c6ffbb3 elementor-widget__width-inherit elementor-widget elementor-widget-text-editor\" data-id=\"c6ffbb3\" data-element_type=\"widget\" data-e-type=\"widget\" data-widget_type=\"text-editor.default\">\n\t\t\t\t<div class=\"elementor-widget-container\">\n\t\t\t\t\t\t\t\t\t<p>Szukasz komfortowych hoteli, hosteli lub apartament\u00f3w? Por\u00f3wnaj wszystkie ceny z internetu korzystaj\u0105c z naszej wyszukiwarki hoteli &#8211; zaplanuj swoj\u0105 podr\u00f3\u017c i oszcz\u0119d\u017a pieni\u0105dze na podr\u00f3\u017c po Europie. <\/p>\n\t\t\t\t\t\t\t\t<\/div>\n\t\t\t\t<\/div>\n\t\t\t\t\t<\/div>\n\t\t<\/div>\n\t\t\t\t\t<\/div>\n\t\t<\/section>\n\t\t\t\t<section class=\"elementor-section elementor-top-section elementor-element elementor-element-f900ca2 elementor-section-boxed elementor-section-height-default elementor-section-height-default\" data-id=\"f900ca2\" data-element_type=\"section\" data-e-type=\"section\">\n\t\t\t\t\t\t<div class=\"elementor-container elementor-column-gap-default\">\n\t\t\t\t\t<div class=\"elementor-column elementor-col-100 elementor-top-column elementor-element elementor-element-2434b85\" data-id=\"2434b85\" data-element_type=\"column\" data-e-type=\"column\">\n\t\t\t<div class=\"elementor-widget-wrap elementor-element-populated\">\n\t\t\t\t\t\t<div class=\"elementor-element elementor-element-713ba2b elementor-widget elementor-widget-html\" data-id=\"713ba2b\" data-element_type=\"widget\" data-e-type=\"widget\" data-widget_type=\"html.default\">\n\t\t\t\t<div class=\"elementor-widget-container\">\n\t\t\t\t\t<center>\n    \n    <script charset=\"utf-8\" src=\"\/\/www.travelpayouts.com\/widgets\/b0f062210a076eb373f5c08877774ae6.js?v=2203\" async=\"\"><\/script>\n\n<\/center>\t\t\t\t<\/div>\n\t\t\t\t<\/div>\n\t\t\t\t\t<\/div>\n\t\t<\/div>\n\t\t\t\t\t<\/div>\n\t\t<\/section>\n\t\t\t\t<section class=\"elementor-section elementor-top-section elementor-element elementor-element-f9ae27d elementor-section-boxed elementor-section-height-default elementor-section-height-default\" data-id=\"f9ae27d\" data-element_type=\"section\" data-e-type=\"section\">\n\t\t\t\t\t\t<div class=\"elementor-container elementor-column-gap-default\">\n\t\t\t\t\t<div class=\"elementor-column elementor-col-100 elementor-top-column elementor-element elementor-element-ac118d8\" data-id=\"ac118d8\" data-element_type=\"column\" data-e-type=\"column\">\n\t\t\t<div class=\"elementor-widget-wrap elementor-element-populated\">\n\t\t\t\t\t\t<div class=\"elementor-element elementor-element-a6ea89b elementor-widget elementor-widget-heading\" data-id=\"a6ea89b\" data-element_type=\"widget\" data-e-type=\"widget\" data-widget_type=\"heading.default\">\n\t\t\t\t<div class=\"elementor-widget-container\">\n\t\t\t\t\t<h2 class=\"elementor-heading-title elementor-size-default\">Najlepsze hotele w Barcelonie<\/h2>\t\t\t\t<\/div>\n\t\t\t\t<\/div>\n\t\t\t\t\t<\/div>\n\t\t<\/div>\n\t\t\t\t\t<\/div>\n\t\t<\/section>\n\t\t\t\t<section class=\"elementor-section elementor-top-section elementor-element elementor-element-2685ed5 elementor-section-boxed elementor-section-height-default elementor-section-height-default\" data-id=\"2685ed5\" data-element_type=\"section\" data-e-type=\"section\">\n\t\t\t\t\t\t<div class=\"elementor-container elementor-column-gap-default\">\n\t\t\t\t\t<div class=\"elementor-column elementor-col-100 elementor-top-column elementor-element elementor-element-10de6c2\" data-id=\"10de6c2\" data-element_type=\"column\" data-e-type=\"column\">\n\t\t\t<div class=\"elementor-widget-wrap elementor-element-populated\">\n\t\t\t\t\t\t<div class=\"elementor-element elementor-element-f238096 elementor-widget elementor-widget-html\" data-id=\"f238096\" data-element_type=\"widget\" data-e-type=\"widget\" data-widget_type=\"html.default\">\n\t\t\t\t<div class=\"elementor-widget-container\">\n\t\t\t\t\t<script src=\"https:\/\/www.travelpayouts.com\/blissey\/scripts_en.js?currency=eur&categories=center%2Cpopularity%2Cprice&id=3196&type=compact&marker=14350&trs=147545&powered_by=false&host=air.eurodirections.com%2Fhotels&locale=en&limit=10&nobooking=\" charset=\"utf-8\"><\/script>\t\t\t\t<\/div>\n\t\t\t\t<\/div>\n\t\t\t\t\t<\/div>\n\t\t<\/div>\n\t\t\t\t\t<\/div>\n\t\t<\/section>\n\t\t\t\t<section class=\"elementor-section elementor-top-section elementor-element elementor-element-825c3bf elementor-section-boxed elementor-section-height-default elementor-section-height-default\" data-id=\"825c3bf\" data-element_type=\"section\" data-e-type=\"section\">\n\t\t\t\t\t\t<div class=\"elementor-container elementor-column-gap-default\">\n\t\t\t\t\t<div class=\"elementor-column elementor-col-100 elementor-top-column elementor-element elementor-element-ff09586\" data-id=\"ff09586\" data-element_type=\"column\" data-e-type=\"column\">\n\t\t\t<div class=\"elementor-widget-wrap elementor-element-populated\">\n\t\t\t\t\t\t<div class=\"elementor-element elementor-element-515a136 elementor-widget elementor-widget-text-editor\" data-id=\"515a136\" data-element_type=\"widget\" data-e-type=\"widget\" data-widget_type=\"text-editor.default\">\n\t\t\t\t<div class=\"elementor-widget-container\">\n\t\t\t\t\t\t\t\t\t<h3>Jak znale\u017a\u0107 tanie hotele w sieci?<\/h3>\n<p>Istnieje kilka sposob\u00f3w na znalezienie tanich hoteli online, a jednym z nich jest skorzystanie z por\u00f3wnywarki hoteli, takiej jak Euro Directions, kt\u00f3ra przeszukuje wiele platform rezerwacyjnych i por\u00f3wnuje ceny w celu znalezienia najlepszych ofert.<\/p>\n<ol>\n<li>Przejd\u017a do por\u00f3wnywarki hoteli, takiej jak Euro Directions, i wprowad\u017a miejsce docelowe lub okre\u015bl hotel, w kt\u00f3rym chcesz si\u0119 zatrzyma\u0107.<\/li>\n<li>Naci\u015bnij przycisk wyszukiwania, aby wy\u015bwietli\u0107 list\u0119 dost\u0119pnych hoteli, hosteli i pensjonat\u00f3w w tej okolicy.<\/li>\n<li>Por\u00f3wnaj ceny i oceny hoteli, aby znale\u017a\u0107 najlepsze oferty i zakwaterowanie najbardziej odpowiednie dla Twoich potrzeb.<\/li>\n<li>Sprawd\u017a dost\u0119pne promocje lub rabaty<\/li>\n<li>Przeczytaj opinie innych podr\u00f3\u017cnych przed dokonaniem rezerwacji.<\/li>\n<li>Po znalezieniu odpowiedniego hotelu przejd\u017a do rezerwacji w systemie rezerwacji, kt\u00f3ry zapewni\u0142 najlepsz\u0105 cen\u0119 i zakwaterowanie.<\/li>\n<\/ol>\n<p>Przegl\u0105daj najpopularniejsze destynacje, w kt\u00f3rych u\u017cytkownicy szukaj\u0105 tanich hoteli na Euro Directions:<\/p>\n<ul>\n<li><a href=\"https:\/\/eurodirections.com\/popular-hotels-in-toulouse\/\" target=\"_blank\" rel=\"noopener\">Popularne hotele w Tuluzie<\/a><\/li>\n<li><a href=\"https:\/\/eurodirections.com\/larnaca-cheap-hotels-guide\/\" target=\"_blank\" rel=\"noopener\">Przewodnik i mapa hoteli w Larnace<\/a><\/li>\n<li><a href=\"https:\/\/eurodirections.com\/10-cheap-popular-hotels-in-malta-with-high-ratings\/\" target=\"_blank\" rel=\"noopener\">Malta popularne hotele<\/a><\/li>\n<li><a href=\"https:\/\/eurodirections.com\/hotels-in-tallinn\/\" target=\"_blank\" rel=\"noopener\">Odkryj hotele w Tallinie, Estonia<\/a><\/li>\n<li><a href=\"https:\/\/eurodirections.com\/hotels-in-kavala\/\" target=\"_blank\" rel=\"noopener\">Szukasz hoteli w Kavala, Grecja?<\/a><\/li>\n<li><a href=\"https:\/\/eurodirections.com\/pl\/popularne-hotele-w-walencji\/\" target=\"_blank\" rel=\"noopener\">Popularne hotele w Walencji<\/a><\/li>\n<li><a href=\"https:\/\/eurodirections.com\/popular-hotels-in-tbilisi\/\" target=\"_blank\" rel=\"noopener\">Tanie i popularne hotele w Tbilisi, Gruzja<\/a><\/li>\n<\/ul>\n<p>\u2014<\/p>\n<p><span style=\"color: #666699;\"><strong>Uwaga:<\/strong> Platforma planowania podr\u00f3\u017cy Euro Directions jest po\u0142\u0105czona z systemem wyszukiwania hoteli hotellook i zapewnia te same us\u0142ugi, co g\u0142\u00f3wna wyszukiwarka. Sami nie \u015bwiadczymy us\u0142ug rezerwacji online i nie reprezentujemy \u017cadnego hotelu! Zobacz nasze warunki, aby uzyska\u0107 wi\u0119cej informacji.  <\/span><\/p>\n<p><span style=\"color: #999999;\"><strong>Informacje polecaj\u0105ce:<\/strong> Informacje zawieraj\u0105 linki partnerskie, co oznacza, \u017ce w przypadku, gdy u\u017cytkownicy klikn\u0105 linki do hoteli i dokonaj\u0105 rezerwacji, nasza strona zarabia prowizj\u0119.<\/span><\/p>\n\t\t\t\t\t\t\t\t<\/div>\n\t\t\t\t<\/div>\n\t\t\t\t\t<\/div>\n\t\t<\/div>\n\t\t\t\t\t<\/div>\n\t\t<\/section>\n\t\t\t\t<\/div>\n\t\t","protected":false},"excerpt":{"rendered":"<p>Szukasz komfortowych hoteli, hosteli lub apartament\u00f3w? Por\u00f3wnaj wszystkie ceny z internetu korzystaj\u0105c z naszej wyszukiwarki hoteli &#8211; zaplanuj swoj\u0105 podr\u00f3\u017c i oszcz\u0119d\u017a pieni\u0105dze na podr\u00f3\u017c po Europie. Najlepsze hotele w Barcelonie Jak znale\u017a\u0107 tanie hotele w sieci? Istnieje kilka sposob\u00f3w na znalezienie tanich hoteli online, a jednym z nich jest skorzystanie z por\u00f3wnywarki hoteli, takiej [&hellip;]<\/p>\n","protected":false},"author":1,"featured_media":0,"parent":0,"menu_order":0,"comment_status":"closed","ping_status":"closed","template":"","meta":{"footnotes":""},"class_list":["post-3097","page","type-page","status-publish","hentry"],"_links":{"self":[{"href":"https:\/\/eurodirections.com\/pl\/wp-json\/wp\/v2\/pages\/3097","targetHints":{"allow":["GET"]}}],"collection":[{"href":"https:\/\/eurodirections.com\/pl\/wp-json\/wp\/v2\/pages"}],"about":[{"href":"https:\/\/eurodirections.com\/pl\/wp-json\/wp\/v2\/types\/page"}],"author":[{"embeddable":true,"href":"https:\/\/eurodirections.com\/pl\/wp-json\/wp\/v2\/users\/1"}],"replies":[{"embeddable":true,"href":"https:\/\/eurodirections.com\/pl\/wp-json\/wp\/v2\/comments?post=3097"}],"version-history":[{"count":0,"href":"https:\/\/eurodirections.com\/pl\/wp-json\/wp\/v2\/pages\/3097\/revisions"}],"wp:attachment":[{"href":"https:\/\/eurodirections.com\/pl\/wp-json\/wp\/v2\/media?parent=3097"}],"curies":[{"name":"wp","href":"https:\/\/api.w.org\/{rel}","templated":true}]}}