{"id":22693,"date":"2022-04-01T14:27:31","date_gmt":"2022-04-01T14:27:31","guid":{"rendered":"https:\/\/eurodirections.com\/amsterdam-przewodnik-turystyczny\/"},"modified":"2023-03-24T13:27:42","modified_gmt":"2023-03-24T13:27:42","slug":"amsterdam-przewodnik","status":"publish","type":"page","link":"https:\/\/eurodirections.com\/pl\/amsterdam-przewodnik\/","title":{"rendered":"Amsterdam &#8211; przewodnik turystyczny"},"content":{"rendered":"<div id=\"ez-toc-container\" class=\"ez-toc-v2_0_82_2 counter-hierarchy ez-toc-counter ez-toc-grey ez-toc-container-direction\">\n<div class=\"ez-toc-title-container\">\n<p class=\"ez-toc-title\" style=\"cursor:inherit\">Table of Contents<\/p>\n<span class=\"ez-toc-title-toggle\"><a href=\"#\" class=\"ez-toc-pull-right ez-toc-btn ez-toc-btn-xs ez-toc-btn-default ez-toc-toggle\" aria-label=\"Prze\u0142\u0105cznik Spisu Tre\u015bci\"><span class=\"ez-toc-js-icon-con\"><span class=\"\"><span class=\"eztoc-hide\" style=\"display:none;\">Toggle<\/span><span class=\"ez-toc-icon-toggle-span\"><svg style=\"fill: #999;color:#999\" xmlns=\"http:\/\/www.w3.org\/2000\/svg\" class=\"list-377408\" width=\"20px\" height=\"20px\" viewBox=\"0 0 24 24\" fill=\"none\"><path d=\"M6 6H4v2h2V6zm14 0H8v2h12V6zM4 11h2v2H4v-2zm16 0H8v2h12v-2zM4 16h2v2H4v-2zm16 0H8v2h12v-2z\" fill=\"currentColor\"><\/path><\/svg><svg style=\"fill: #999;color:#999\" class=\"arrow-unsorted-368013\" xmlns=\"http:\/\/www.w3.org\/2000\/svg\" width=\"10px\" height=\"10px\" viewBox=\"0 0 24 24\" version=\"1.2\" baseProfile=\"tiny\"><path d=\"M18.2 9.3l-6.2-6.3-6.2 6.3c-.2.2-.3.4-.3.7s.1.5.3.7c.2.2.4.3.7.3h11c.3 0 .5-.1.7-.3.2-.2.3-.5.3-.7s-.1-.5-.3-.7zM5.8 14.7l6.2 6.3 6.2-6.3c.2-.2.3-.5.3-.7s-.1-.5-.3-.7c-.2-.2-.4-.3-.7-.3h-11c-.3 0-.5.1-.7.3-.2.2-.3.5-.3.7s.1.5.3.7z\"\/><\/svg><\/span><\/span><\/span><\/a><\/span><\/div>\n<nav><ul class='ez-toc-list ez-toc-list-level-1 eztoc-toggle-hide-by-default' ><li class='ez-toc-page-1 ez-toc-heading-level-3'><a class=\"ez-toc-link ez-toc-heading-1\" href=\"https:\/\/eurodirections.com\/pl\/amsterdam-przewodnik\/#Bucket-list-of-Amsterdam-Travel\" >Bucket list of Amsterdam Travel<\/a><\/li><li class='ez-toc-page-1 ez-toc-heading-level-3'><a class=\"ez-toc-link ez-toc-heading-2\" href=\"https:\/\/eurodirections.com\/pl\/amsterdam-przewodnik\/#Przewodnik-po-tanich-lotach-w-Amsterdamie\" >Przewodnik po tanich lotach w Amsterdamie<\/a><\/li><li class='ez-toc-page-1 ez-toc-heading-level-3'><a class=\"ez-toc-link ez-toc-heading-3\" href=\"https:\/\/eurodirections.com\/pl\/amsterdam-przewodnik\/#Rzeczy-ktorych-nie-mozna-przegapic-w-Amsterdamie\" >Rzeczy, kt\u00f3rych nie mo\u017cna przegapi\u0107 w Amsterdamie<\/a><\/li><li class='ez-toc-page-1 ez-toc-heading-level-3'><a class=\"ez-toc-link ez-toc-heading-4\" href=\"https:\/\/eurodirections.com\/pl\/amsterdam-przewodnik\/#Jedz-jak-miejscowy-w-Amsterdamie\" >Jedz jak miejscowy w Amsterdamie<\/a><\/li><li class='ez-toc-page-1 ez-toc-heading-level-3'><a class=\"ez-toc-link ez-toc-heading-5\" href=\"https:\/\/eurodirections.com\/pl\/amsterdam-przewodnik\/#Gdzie-sie-zatrzymac-w-Amsterdamie\" >Gdzie si\u0119 zatrzyma\u0107 w Amsterdamie<\/a><\/li><li class='ez-toc-page-1 ez-toc-heading-level-3'><a class=\"ez-toc-link ez-toc-heading-6\" href=\"https:\/\/eurodirections.com\/pl\/amsterdam-przewodnik\/#Mapa-hoteli-w-Amsterdamie-z-cenami-pokoi\" >Mapa hoteli w Amsterdamie z cenami pokoi<\/a><\/li><\/ul><\/nav><\/div>\n<h3><span class=\"ez-toc-section\" id=\"Bucket-list-of-Amsterdam-Travel\"><\/span><b>Bucket list of Amsterdam Travel<\/b><span class=\"ez-toc-section-end\"><\/span><\/h3>\n<p><span style=\"font-weight: 400;\">Wejd\u017a do Amsterdamu, a znajdziesz tysi\u0105ce rzeczy do zrobienia i zobaczenia.<br \/>\nNajbardziej ekscytuj\u0105ce miasto Europy z miejscami na ka\u017cdym rogu sprawia, \u017ce ludzie wracaj\u0105 tu raz po raz.<br \/>\nNiezale\u017cnie od tego, czy szukasz wycieczki kulturalnej, nocnego \u017cycia, czy atrakcji przyrodniczych, znajdziesz wszystko w jednym miejscu. <\/span><\/p>\n<h3><span class=\"ez-toc-section\" id=\"Przewodnik-po-tanich-lotach-w-Amsterdamie\"><\/span>Przewodnik po tanich lotach w Amsterdamie<span class=\"ez-toc-section-end\"><\/span><\/h3>\n<p><span style=\"color: #999999;\">Amsterdam asystent podr\u00f3\u017cy dla podr\u00f3\u017cnych, kt\u00f3rzy planuj\u0105 podr\u00f3\u017c do Holandii &#8211; znajd\u017a tanie loty do Amsterdamu z pomoc\u0105 przewodnika po tanich biletach:<\/span><\/p>\n<p><script src=\"\/\/tp.media\/content?currency=eur&amp;promo_id=4044&amp;shmarker=14350&amp;campaign_id=100&amp;trs=147545&amp;target_host=air.eurodirections.com%2Fflights&amp;locale=pl&amp;limit=12&amp;powered_by=true&amp;secondary=%23FF4000&amp;destination=AMS\" charset=\"utf-8\"><\/script><\/p>\n<h3><span class=\"ez-toc-section\" id=\"Rzeczy-ktorych-nie-mozna-przegapic-w-Amsterdamie\"><\/span><b>Rzeczy, kt\u00f3rych nie mo\u017cna przegapi\u0107 w Amsterdamie<\/b><span class=\"ez-toc-section-end\"><\/span><\/h3>\n<ul>\n<li style=\"font-weight: 400;\" aria-level=\"1\"><span style=\"font-weight: 400;\">Wybierz si\u0119 na wycieczk\u0119 rowerow\u0105 po Amsterdamie, odkrywaj\u0105c wszystkie ukryte klejnoty.<\/span><\/li>\n<li style=\"font-weight: 400;\" aria-level=\"1\"><span style=\"font-weight: 400;\">Zrelaksuj si\u0119 i ciesz si\u0119 s\u0142o\u0144cem i natur\u0105 w Vondelpark, najwi\u0119kszym parku miejskim.<\/span><\/li>\n<li style=\"font-weight: 400;\" aria-level=\"1\"><span style=\"font-weight: 400;\">Zgub si\u0119 w dzielnicy Jordaan, centrum historii, kultury i jedzenia.<\/span><\/li>\n<li style=\"font-weight: 400;\" aria-level=\"1\"><span style=\"font-weight: 400;\">Odwied\u017a muzeum Anna Frank House, gdzie mieszka\u0142a przez dwa lata i napisa\u0142a dziennik, kt\u00f3ry sta\u0142 si\u0119 bestsellerem.<\/span><\/li>\n<li style=\"font-weight: 400;\" aria-level=\"1\"><span style=\"font-weight: 400;\">Znajd\u017a najwi\u0119ksz\u0105 kolekcj\u0119 obraz\u00f3w Van Gogha w Muzeum Van Gogha.<\/span><\/li>\n<li style=\"font-weight: 400;\" aria-level=\"1\"><span style=\"font-weight: 400;\">Wybierz si\u0119 na nocny spacer po De Negen Straatjes (Dziewi\u0119ciu Ma\u0142ych Uliczkach), aby pozna\u0107 pi\u0119kne uliczki i butiki. <\/span><\/li>\n<\/ul>\n<h3><span class=\"ez-toc-section\" id=\"Jedz-jak-miejscowy-w-Amsterdamie\"><\/span><b>Jedz jak miejscowy w Amsterdamie<\/b><span class=\"ez-toc-section-end\"><\/span><\/h3>\n<ul>\n<li style=\"font-weight: 400;\" aria-level=\"1\"><span style=\"font-weight: 400;\">Kolacja w Janszu, popularnej restauracji z wykwintn\u0105 kuchni\u0105, kt\u00f3ra kiedy\u015b by\u0142a sklepem aptekarskim.<\/span><\/li>\n<li style=\"font-weight: 400;\" aria-level=\"1\"><span style=\"font-weight: 400;\">Na niedrogi i smaczny obiad udaj si\u0119 do Hap-Hmm i zam\u00f3w stek z mi\u0119kkiej jak mas\u0142o wo\u0142owiny.<\/span><\/li>\n<li style=\"font-weight: 400;\" aria-level=\"1\"><span style=\"font-weight: 400;\">Na dania rybne warto wybra\u0107 si\u0119 do Pesca, &#8222;teatru ryb&#8221;, gdzie podczas wyboru dania zostaniesz uraczony lampk\u0105 szampana. <\/span><\/li>\n<li style=\"font-weight: 400;\" aria-level=\"1\"><span style=\"font-weight: 400;\">Zafunduj sobie wspania\u0142y poranek w Klubie \u015aniadaniowym ze smacznym \u015bniadaniem i aromatyczn\u0105 kaw\u0105. <\/span><\/li>\n<li style=\"font-weight: 400;\" aria-level=\"1\"><span style=\"font-weight: 400;\">Wybierz si\u0119 na bar crawling w Amsterdamie i zacznij od Hiding in the Plain Sight, baru w stylu speakeasy.<\/span><\/li>\n<\/ul>\n<h3><span class=\"ez-toc-section\" id=\"Gdzie-sie-zatrzymac-w-Amsterdamie\"><\/span><b>Gdzie si\u0119 zatrzyma\u0107 w Amsterdamie<\/b><span class=\"ez-toc-section-end\"><\/span><\/h3>\n<ul>\n<li style=\"font-weight: 400;\" aria-level=\"1\"><span style=\"font-weight: 400;\"><strong>Hotel TwentySeven<\/strong> &#8211; Small Luxury Hotels of the World to zdecydowanie Tw\u00f3j wyb\u00f3r, aby cieszy\u0107 si\u0119 Amsterdamem w absolutnym luksusie.<\/span><\/li>\n<li style=\"font-weight: 400;\" aria-level=\"1\"><span style=\"font-weight: 400;\">Znajd\u017a niewyobra\u017calne po\u0142\u0105czenie kolor\u00f3w i faktur w 4-gwiazdkowym <strong>hotelu Esther\u00e9a<\/strong>.<\/span><\/li>\n<li style=\"font-weight: 400;\" aria-level=\"1\"><span style=\"font-weight: 400;\">Komfort mo\u017ce by\u0107 nadal przyst\u0119pny w 3-gwiazdkowym <strong>hotelu Aalders<\/strong> ze stonowanymi kolorami w pokojach.<\/span><\/li>\n<li style=\"font-weight: 400;\" aria-level=\"1\"><span style=\"font-weight: 400;\">Wybierz koncepcj\u0119 <strong>BUNK Hotel Amsterdam<\/strong>, gdzie przyst\u0119pny luksus \u0142\u0105czy si\u0119 z unikalnie zaprojektowanymi \u0142\u00f3\u017ckami pi\u0119trowymi. <\/span><\/li>\n<li style=\"font-weight: 400;\" aria-level=\"1\"><span style=\"font-weight: 400;\">Wybierz si\u0119 na jednodniow\u0105 wycieczk\u0119 do Scheveningen beach i zatrzymaj si\u0119 w <strong>Hotel Ramada The Hague Scheveningen<\/strong>.<\/span><\/li>\n<\/ul>\n<p><script src=\"https:\/\/www.travelpayouts.com\/chansey\/iframe.js?v=1&amp;marker=14350&amp;host=air.eurodirections.com%2Fhotels&amp;locale=pl&amp;currency=eur&amp;nobooking=&amp;powered_by=false&amp;hotel_id=296344\" charset=\"utf-8\" async=\"\"><\/script><\/p>\n<p>\u2014<\/p>\n<h3><span class=\"ez-toc-section\" id=\"Mapa-hoteli-w-Amsterdamie-z-cenami-pokoi\"><\/span>Mapa hoteli w Amsterdamie z cenami pokoi<span class=\"ez-toc-section-end\"><\/span><\/h3>\n<p><script src=\"\/\/tp.media\/content?0=0&amp;1=10&amp;promo_id=4285&amp;shmarker=14350&amp;campaign_id=101&amp;search_host=air.eurodirections.com%2Fhotels&amp;locale=pl&amp;currency=eur&amp;draggable=true&amp;disable_zoom=false&amp;show_logo=false&amp;scrollwheel=false&amp;color=%230759B0&amp;contrast_color=%23ffffff&amp;width=720&amp;height=500&amp;zoom=14&amp;radius=60&amp;stars=0%2C1%2C2%2C3%2C4%2C5&amp;price_from=&amp;price_to=&amp;lat=52.373094&amp;lng=4.892535\" charset=\"utf-8\"><\/script><br \/>\n\u2014<\/p>\n<p>Poznaj <strong><br \/>\n<a title=\"Poznaj najlepsze miasta Europy\" href=\"https:\/\/eurodirections.com\/pl\/najlepsze-miasta-europy\/\" target=\"_blank\" rel=\"noopener\" data-schema-attribute=\"about\">najlepsze miasta Europy tutaj<\/a><br \/>\n<\/strong> lub <strong>sprawd\u017a ceny lot\u00f3w<\/strong> \u2708 dla Twojego nast\u0119pnego miejsca podr\u00f3\u017cy poni\u017cej:<\/p>\n<p><script src=\"\/\/tp.media\/content?currency=eur&amp;promo_id=7873&amp;shmarker=14350&amp;campaign_id=101&amp;trs=147545&amp;show_hotels=false&amp;locale=pl&amp;searchUrl=search.hotellook.com&amp;primary=%23FF6600&amp;secondary=%23FFFFFF&amp;dark=%23262626&amp;light=%23FFFFFF&amp;special=%23C4C4C4&amp;border_radius=5&amp;no_labels=&amp;plain=true&amp;powered_by=false\" charset=\"utf-8\"><span data-mce-type=\"bookmark\" style=\"display: inline-block; width: 0px; overflow: hidden; line-height: 0;\" class=\"mce_SELRES_start\">\ufeff<\/span><\/script><\/p>\n<p>&nbsp;<\/p>\n","protected":false},"excerpt":{"rendered":"<p>Bucket list of Amsterdam Travel Wejd\u017a do Amsterdamu, a znajdziesz tysi\u0105ce rzeczy do zrobienia i zobaczenia. Najbardziej ekscytuj\u0105ce miasto Europy z miejscami na ka\u017cdym rogu sprawia, \u017ce ludzie wracaj\u0105 tu raz po raz. Niezale\u017cnie od tego, czy szukasz wycieczki kulturalnej, nocnego \u017cycia, czy atrakcji przyrodniczych, znajdziesz wszystko w jednym miejscu. Przewodnik po tanich lotach w [&hellip;]<\/p>\n","protected":false},"author":1,"featured_media":2594,"parent":0,"menu_order":0,"comment_status":"closed","ping_status":"closed","template":"","meta":{"footnotes":""},"class_list":["post-22693","page","type-page","status-publish","has-post-thumbnail","hentry"],"_links":{"self":[{"href":"https:\/\/eurodirections.com\/pl\/wp-json\/wp\/v2\/pages\/22693","targetHints":{"allow":["GET"]}}],"collection":[{"href":"https:\/\/eurodirections.com\/pl\/wp-json\/wp\/v2\/pages"}],"about":[{"href":"https:\/\/eurodirections.com\/pl\/wp-json\/wp\/v2\/types\/page"}],"author":[{"embeddable":true,"href":"https:\/\/eurodirections.com\/pl\/wp-json\/wp\/v2\/users\/1"}],"replies":[{"embeddable":true,"href":"https:\/\/eurodirections.com\/pl\/wp-json\/wp\/v2\/comments?post=22693"}],"version-history":[{"count":0,"href":"https:\/\/eurodirections.com\/pl\/wp-json\/wp\/v2\/pages\/22693\/revisions"}],"wp:featuredmedia":[{"embeddable":true,"href":"https:\/\/eurodirections.com\/pl\/wp-json\/wp\/v2\/media\/2594"}],"wp:attachment":[{"href":"https:\/\/eurodirections.com\/pl\/wp-json\/wp\/v2\/media?parent=22693"}],"curies":[{"name":"wp","href":"https:\/\/api.w.org\/{rel}","templated":true}]}}