{"id":22642,"date":"2022-04-06T10:11:24","date_gmt":"2022-04-06T10:11:24","guid":{"rendered":"https:\/\/eurodirections.com\/ateny-podroznicza-bucket-list\/"},"modified":"2023-03-24T12:30:45","modified_gmt":"2023-03-24T12:30:45","slug":"ateny-podroznicza","status":"publish","type":"page","link":"https:\/\/eurodirections.com\/pl\/ateny-podroznicza\/","title":{"rendered":"Ateny podr\u00f3\u017cnicza"},"content":{"rendered":"<div id=\"ez-toc-container\" class=\"ez-toc-v2_0_82_2 counter-hierarchy ez-toc-counter ez-toc-grey ez-toc-container-direction\">\n<div class=\"ez-toc-title-container\">\n<p class=\"ez-toc-title\" style=\"cursor:inherit\">Table of Contents<\/p>\n<span class=\"ez-toc-title-toggle\"><a href=\"#\" class=\"ez-toc-pull-right ez-toc-btn ez-toc-btn-xs ez-toc-btn-default ez-toc-toggle\" aria-label=\"Prze\u0142\u0105cznik Spisu Tre\u015bci\"><span class=\"ez-toc-js-icon-con\"><span class=\"\"><span class=\"eztoc-hide\" style=\"display:none;\">Toggle<\/span><span class=\"ez-toc-icon-toggle-span\"><svg style=\"fill: #999;color:#999\" xmlns=\"http:\/\/www.w3.org\/2000\/svg\" class=\"list-377408\" width=\"20px\" height=\"20px\" viewBox=\"0 0 24 24\" fill=\"none\"><path d=\"M6 6H4v2h2V6zm14 0H8v2h12V6zM4 11h2v2H4v-2zm16 0H8v2h12v-2zM4 16h2v2H4v-2zm16 0H8v2h12v-2z\" fill=\"currentColor\"><\/path><\/svg><svg style=\"fill: #999;color:#999\" class=\"arrow-unsorted-368013\" xmlns=\"http:\/\/www.w3.org\/2000\/svg\" width=\"10px\" height=\"10px\" viewBox=\"0 0 24 24\" version=\"1.2\" baseProfile=\"tiny\"><path d=\"M18.2 9.3l-6.2-6.3-6.2 6.3c-.2.2-.3.4-.3.7s.1.5.3.7c.2.2.4.3.7.3h11c.3 0 .5-.1.7-.3.2-.2.3-.5.3-.7s-.1-.5-.3-.7zM5.8 14.7l6.2 6.3 6.2-6.3c.2-.2.3-.5.3-.7s-.1-.5-.3-.7c-.2-.2-.4-.3-.7-.3h-11c-.3 0-.5.1-.7.3-.2.2-.3.5-.3.7s.1.5.3.7z\"\/><\/svg><\/span><\/span><\/span><\/a><\/span><\/div>\n<nav><ul class='ez-toc-list ez-toc-list-level-1 eztoc-toggle-hide-by-default' ><li class='ez-toc-page-1 ez-toc-heading-level-2'><a class=\"ez-toc-link ez-toc-heading-1\" href=\"https:\/\/eurodirections.com\/pl\/ateny-podroznicza\/#Bucket-list-dla-Aten-przewodnik-turystyczny\" >Bucket list dla Aten | przewodnik turystyczny<\/a><ul class='ez-toc-list-level-3' ><li class='ez-toc-heading-level-3'><a class=\"ez-toc-link ez-toc-heading-2\" href=\"https:\/\/eurodirections.com\/pl\/ateny-podroznicza\/#Rzeczy-ktorych-nie-mozna-przegapic-w-Atenach\" >Rzeczy, kt\u00f3rych nie mo\u017cna przegapi\u0107 w Atenach<\/a><\/li><li class='ez-toc-page-1 ez-toc-heading-level-3'><a class=\"ez-toc-link ez-toc-heading-3\" href=\"https:\/\/eurodirections.com\/pl\/ateny-podroznicza\/#Jedz-jak-miejscowy-w-Atenach\" >Jedz jak miejscowy w Atenach<\/a><\/li><li class='ez-toc-page-1 ez-toc-heading-level-3'><a class=\"ez-toc-link ez-toc-heading-4\" href=\"https:\/\/eurodirections.com\/pl\/ateny-podroznicza\/#Gdzie-sie-zatrzymac-w-Atenach\" >Gdzie si\u0119 zatrzyma\u0107 w Atenach<\/a><\/li><li class='ez-toc-page-1 ez-toc-heading-level-3'><a class=\"ez-toc-link ez-toc-heading-5\" href=\"https:\/\/eurodirections.com\/pl\/ateny-podroznicza\/#Mapa-hoteli-w-Atenach-z-cenami\" >Mapa hoteli w Atenach z cenami<\/a><\/li><li class='ez-toc-page-1 ez-toc-heading-level-3'><a class=\"ez-toc-link ez-toc-heading-6\" href=\"https:\/\/eurodirections.com\/pl\/ateny-podroznicza\/#Lot-do-Aten\" >Lot do Aten<\/a><\/li><\/ul><\/li><\/ul><\/nav><\/div>\n<h2><span class=\"ez-toc-section\" id=\"Bucket-list-dla-Aten-przewodnik-turystyczny\"><\/span><b>Bucket list dla Aten | przewodnik turystyczny<\/b><span class=\"ez-toc-section-end\"><\/span><\/h2>\n<p><span style=\"font-weight: 400;\">Ateny, jedno z najstarszych miast \u015bwiata, kolebka cywilizacji i miejsce narodzin demokracji, s\u0105 obecnie popularnym celem turystycznym z setkami rzeczy do zobaczenia i zrobienia. Odwiedzane przez ponad 6 milion\u00f3w turyst\u00f3w ka\u017cdego roku, s\u0142ynne atrakcje Aten s\u0105 zawsze zat\u0142oczone, a \u017cycie t\u0119tni od zmierzchu do \u015bwitu. <\/span><\/p>\n<p><iframe style=\"border: 1px solid #EEE; background: white;\" src=\"about:blank\" width=\"880\" height=\"270\" frameborder=\"0\" scrolling=\"no\" class=\"lazyload\" data-src=\"https:\/\/eurodirections.substack.com\/embed\"><span data-mce-type=\"bookmark\" style=\"display: inline-block; width: 0px; overflow: hidden; line-height: 0;\" class=\"mce_SELRES_start\"><\/span><span data-mce-type=\"bookmark\" style=\"display: inline-block; width: 0px; overflow: hidden; line-height: 0;\" class=\"mce_SELRES_start\" align=\"center\"><\/span><\/iframe><\/p>\n<h3><span class=\"ez-toc-section\" id=\"Rzeczy-ktorych-nie-mozna-przegapic-w-Atenach\"><\/span><b>Rzeczy, kt\u00f3rych nie mo\u017cna przegapi\u0107 w Atenach<\/b><span class=\"ez-toc-section-end\"><\/span><\/h3>\n<ul>\n<li style=\"font-weight: 400;\" aria-level=\"1\"><span style=\"font-weight: 400;\">Wspinaczka na Akropol, aby zobaczy\u0107 Partenon, Erechtejon i \u015awi\u0105tyni\u0119 Ateny Nike oraz podziwia\u0107 widok na miasto. <\/span><\/li>\n<li style=\"font-weight: 400;\" aria-level=\"1\"><span style=\"font-weight: 400;\">W\u0119druj po dzielnicach Pl\u00e1ka i Anafiotika, turystycznych miejscach z atmosfer\u0105 greckiej wioski, brukowanymi uliczkami i ma\u0142ymi placami. <\/span><\/li>\n<li style=\"font-weight: 400;\" aria-level=\"1\"><span style=\"font-weight: 400;\">Obejrzyj staro\u017cytn\u0105 agor\u0119 &#8211; ruiny rynku ze Stoa of Attalos i \u015bwi\u0105tyni\u0105 Hefajstosa. <\/span><\/li>\n<li style=\"font-weight: 400;\" aria-level=\"1\"><span style=\"font-weight: 400;\">Zmieniaj krajobrazy i odkrywaj nowoczesn\u0105 sztuk\u0119 ulicznego graffiti w Atenach.<\/span><\/li>\n<li style=\"font-weight: 400;\" aria-level=\"1\"><span style=\"font-weight: 400;\">Znajd\u017a cenne artefakty historii Grecji i \u015bwiata w Muzeum Sztuki Cykladzkiej.<\/span><\/li>\n<li style=\"font-weight: 400;\" aria-level=\"1\"><span style=\"font-weight: 400;\">Obejrzyj zmian\u0119 warty w budynku Parlamentu na Syntagmie.<\/span><\/li>\n<\/ul>\n<h3><span class=\"ez-toc-section\" id=\"Jedz-jak-miejscowy-w-Atenach\"><\/span><b>Jedz jak miejscowy w Atenach<\/b><span class=\"ez-toc-section-end\"><\/span><\/h3>\n<ul>\n<li style=\"font-weight: 400;\" aria-level=\"1\"><span style=\"font-weight: 400;\">Podczas zakup\u00f3w w Plaka znajd\u017a najlepsz\u0105 sa\u0142atk\u0119 greck\u0105 w Pantelis Melissions The Poet Sandalmaker.<\/span><\/li>\n<li style=\"font-weight: 400;\" aria-level=\"1\"><span style=\"font-weight: 400;\">W Lukumades zjedz najlepsze loukoumades (greckie p\u0105czki) z dodatkiem miodu i cynamonu.<\/span><\/li>\n<li style=\"font-weight: 400;\" aria-level=\"1\"><span style=\"font-weight: 400;\">Zjedz prawdziwy klasowy Gyros i naucz si\u0119 poprawnie wymawia\u0107 jego nazw\u0119.<\/span><\/li>\n<li style=\"font-weight: 400;\" aria-level=\"1\"><span style=\"font-weight: 400;\">Poznaj ate\u0144ski Central Market, aby znale\u017a\u0107 \u015bwie\u017ce mi\u0119so i ryby, sery i oczywi\u015bcie oliwki.<\/span><\/li>\n<li style=\"font-weight: 400;\" aria-level=\"1\"><span style=\"font-weight: 400;\">Ciesz si\u0119 wieczorem i kolacj\u0105 w jednej z restauracji na ulicy Mnisikleous, zat\u0142oczonej dzielnicy z relaksuj\u0105c\u0105 atmosfer\u0105.<\/span><\/li>\n<li style=\"font-weight: 400;\" aria-level=\"1\"><span style=\"font-weight: 400;\">Chwy\u0107 ciasto, takie jak tiropita lub spanakopita, w biegu z jednej z ulicznych piekarni, podczas gdy ty skaczesz od muzeum do \u015bwi\u0105tyni.<\/span><\/li>\n<\/ul>\n<h3><span class=\"ez-toc-section\" id=\"Gdzie-sie-zatrzymac-w-Atenach\"><\/span><b>Gdzie si\u0119 zatrzyma\u0107 w Atenach<\/b><span class=\"ez-toc-section-end\"><\/span><\/h3>\n<ul>\n<li style=\"font-weight: 400;\" aria-level=\"1\"><span style=\"font-weight: 400;\">Wybierz najwy\u017cej oceniony 5-gwiazdkowy Hellenic Vibes Smart Hotel w Atenach z nowoczesnym minimalistycznym wn\u0119trzem i detalami dla luksusowego pobytu.<\/span><\/li>\n<li style=\"font-weight: 400;\" aria-level=\"1\"><span style=\"font-weight: 400;\">Ciesz si\u0119 atmosfer\u0105 Aten z komfortu swojego pokoju w Ivis 4 Boutique Hotel, 4-gwiazdkowym obiekcie w samym sercu Aten.<\/span><\/li>\n<li style=\"font-weight: 400;\" aria-level=\"1\"><span style=\"font-weight: 400;\">NLH KERAMEIKOS &#8211; Neighborhood Lifestyle Hotels to doskona\u0142a propozycja, je\u015bli szukasz niedrogiego, ale wygodnego i stylowego hotelu.<\/span><\/li>\n<li style=\"font-weight: 400;\" aria-level=\"1\"><span style=\"font-weight: 400;\">Wykonany przez podr\u00f3\u017cnik\u00f3w i dla podr\u00f3\u017cnik\u00f3w, Nubian Hostel Athens jest doskona\u0142ym miejscem, aby znale\u017a\u0107 komfort, nawet je\u015bli jeste\u015b na napi\u0119ty bud\u017cet.<\/span><\/li>\n<li style=\"font-weight: 400;\" aria-level=\"1\"><span style=\"font-weight: 400;\">Wybierz si\u0119 na jednodniow\u0105 wycieczk\u0119 do Tolo na Peloponezie, aby cieszy\u0107 si\u0119 niebia\u0144sko pi\u0119knymi pla\u017cami Grecji i zatrzymaj si\u0119 w 4-gwiazdkowym modnym hotelu John &amp; George.<\/span><\/li>\n<\/ul>\n<h3><span class=\"ez-toc-section\" id=\"Mapa-hoteli-w-Atenach-z-cenami\"><\/span>Mapa hoteli w Atenach z cenami<span class=\"ez-toc-section-end\"><\/span><\/h3>\n<p><script src=\"\/\/tp.media\/content?0=0&amp;1=10&amp;promo_id=4285&amp;shmarker=14350&amp;campaign_id=101&amp;search_host=air.eurodirections.com%2Fhotels&amp;locale=en&amp;currency=eur&amp;draggable=true&amp;disable_zoom=false&amp;show_logo=false&amp;scrollwheel=false&amp;color=%230759B0&amp;contrast_color=%23ffffff&amp;width=720&amp;height=500&amp;zoom=13&amp;radius=60&amp;stars=0%2C1%2C2%2C3%2C4%2C5&amp;price_from=&amp;price_to=&amp;lat=37.987128&amp;lng=23.726691\" charset=\"utf-8\"><\/script><\/p>\n<h3 style=\"text-align: left;\"><span class=\"ez-toc-section\" id=\"Lot-do-Aten\"><\/span>Lot do Aten<span class=\"ez-toc-section-end\"><\/span><\/h3>\n<p><script src=\"https:\/\/tp.media\/content?trs=147545&amp;shmarker=14350&amp;destination=ATH&amp;target_host=air.eurodirections.com%2Fflights&amp;locale=en&amp;currency=eur&amp;limit=10&amp;powered_by=false&amp;primary=%23D80D61ff&amp;promo_id=4044&amp;campaign_id=100\" charset=\"utf-8\"><\/script><\/p>\n<p><a href=\"https:\/\/eurodirections.com\/pl\/lec-do-aten-grecja\/\">Przegl\u0105daj wszystkie loty do Aten<\/a><\/p>\n","protected":false},"excerpt":{"rendered":"<p>Bucket list dla Aten | przewodnik turystyczny Ateny, jedno z najstarszych miast \u015bwiata, kolebka cywilizacji i miejsce narodzin demokracji, s\u0105 obecnie popularnym celem turystycznym z setkami rzeczy do zobaczenia i zrobienia. Odwiedzane przez ponad 6 milion\u00f3w turyst\u00f3w ka\u017cdego roku, s\u0142ynne atrakcje Aten s\u0105 zawsze zat\u0142oczone, a \u017cycie t\u0119tni od zmierzchu do \u015bwitu. Rzeczy, kt\u00f3rych nie [&hellip;]<\/p>\n","protected":false},"author":1,"featured_media":2674,"parent":0,"menu_order":0,"comment_status":"closed","ping_status":"closed","template":"","meta":{"footnotes":""},"class_list":["post-22642","page","type-page","status-publish","has-post-thumbnail","hentry"],"_links":{"self":[{"href":"https:\/\/eurodirections.com\/pl\/wp-json\/wp\/v2\/pages\/22642","targetHints":{"allow":["GET"]}}],"collection":[{"href":"https:\/\/eurodirections.com\/pl\/wp-json\/wp\/v2\/pages"}],"about":[{"href":"https:\/\/eurodirections.com\/pl\/wp-json\/wp\/v2\/types\/page"}],"author":[{"embeddable":true,"href":"https:\/\/eurodirections.com\/pl\/wp-json\/wp\/v2\/users\/1"}],"replies":[{"embeddable":true,"href":"https:\/\/eurodirections.com\/pl\/wp-json\/wp\/v2\/comments?post=22642"}],"version-history":[{"count":0,"href":"https:\/\/eurodirections.com\/pl\/wp-json\/wp\/v2\/pages\/22642\/revisions"}],"wp:featuredmedia":[{"embeddable":true,"href":"https:\/\/eurodirections.com\/pl\/wp-json\/wp\/v2\/media\/2674"}],"wp:attachment":[{"href":"https:\/\/eurodirections.com\/pl\/wp-json\/wp\/v2\/media?parent=22642"}],"curies":[{"name":"wp","href":"https:\/\/api.w.org\/{rel}","templated":true}]}}