{"id":22267,"date":"2022-04-05T19:00:54","date_gmt":"2022-04-05T19:00:54","guid":{"rendered":"https:\/\/eurodirections.com\/lizbonska-podroznicza-bucket-list\/"},"modified":"2023-03-20T09:31:01","modified_gmt":"2023-03-20T09:31:01","slug":"lizbona","status":"publish","type":"page","link":"https:\/\/eurodirections.com\/pl\/lizbona\/","title":{"rendered":"Lizbo\u0144ska podr\u00f3\u017cnicza bucket list"},"content":{"rendered":"<div id=\"ez-toc-container\" class=\"ez-toc-v2_0_82_2 counter-hierarchy ez-toc-counter ez-toc-grey ez-toc-container-direction\">\n<div class=\"ez-toc-title-container\">\n<p class=\"ez-toc-title\" style=\"cursor:inherit\">Table of Contents<\/p>\n<span class=\"ez-toc-title-toggle\"><a href=\"#\" class=\"ez-toc-pull-right ez-toc-btn ez-toc-btn-xs ez-toc-btn-default ez-toc-toggle\" aria-label=\"Prze\u0142\u0105cznik Spisu Tre\u015bci\"><span class=\"ez-toc-js-icon-con\"><span class=\"\"><span class=\"eztoc-hide\" style=\"display:none;\">Toggle<\/span><span class=\"ez-toc-icon-toggle-span\"><svg style=\"fill: #999;color:#999\" xmlns=\"http:\/\/www.w3.org\/2000\/svg\" class=\"list-377408\" width=\"20px\" height=\"20px\" viewBox=\"0 0 24 24\" fill=\"none\"><path d=\"M6 6H4v2h2V6zm14 0H8v2h12V6zM4 11h2v2H4v-2zm16 0H8v2h12v-2zM4 16h2v2H4v-2zm16 0H8v2h12v-2z\" fill=\"currentColor\"><\/path><\/svg><svg style=\"fill: #999;color:#999\" class=\"arrow-unsorted-368013\" xmlns=\"http:\/\/www.w3.org\/2000\/svg\" width=\"10px\" height=\"10px\" viewBox=\"0 0 24 24\" version=\"1.2\" baseProfile=\"tiny\"><path d=\"M18.2 9.3l-6.2-6.3-6.2 6.3c-.2.2-.3.4-.3.7s.1.5.3.7c.2.2.4.3.7.3h11c.3 0 .5-.1.7-.3.2-.2.3-.5.3-.7s-.1-.5-.3-.7zM5.8 14.7l6.2 6.3 6.2-6.3c.2-.2.3-.5.3-.7s-.1-.5-.3-.7c-.2-.2-.4-.3-.7-.3h-11c-.3 0-.5.1-.7.3-.2.2-.3.5-.3.7s.1.5.3.7z\"\/><\/svg><\/span><\/span><\/span><\/a><\/span><\/div>\n<nav><ul class='ez-toc-list ez-toc-list-level-1 eztoc-toggle-hide-by-default' ><li class='ez-toc-page-1 ez-toc-heading-level-2'><a class=\"ez-toc-link ez-toc-heading-1\" href=\"https:\/\/eurodirections.com\/pl\/lizbona\/#Poznaj-Lizbone-bucket-list-dla-turysty\" >Poznaj Lizbon\u0119: bucket list dla turysty<\/a><ul class='ez-toc-list-level-3' ><li class='ez-toc-heading-level-3'><a class=\"ez-toc-link ez-toc-heading-2\" href=\"https:\/\/eurodirections.com\/pl\/lizbona\/#Rzeczy-ktorych-nie-mozna-przegapic-w-Lizbonie\" >Rzeczy, kt\u00f3rych nie mo\u017cna przegapi\u0107 w Lizbonie<\/a><\/li><li class='ez-toc-page-1 ez-toc-heading-level-3'><a class=\"ez-toc-link ez-toc-heading-3\" href=\"https:\/\/eurodirections.com\/pl\/lizbona\/#Jedz-jak-miejscowy-w-Lizbonie\" >Jedz jak miejscowy w Lizbonie<\/a><\/li><li class='ez-toc-page-1 ez-toc-heading-level-3'><a class=\"ez-toc-link ez-toc-heading-4\" href=\"https:\/\/eurodirections.com\/pl\/lizbona\/#Gdzie-sie-zatrzymac-w-Lizbonie\" >Gdzie si\u0119 zatrzyma\u0107 w Lizbonie<\/a><\/li><li class='ez-toc-page-1 ez-toc-heading-level-3'><a class=\"ez-toc-link ez-toc-heading-5\" href=\"https:\/\/eurodirections.com\/pl\/lizbona\/#Lot-do-Lizbony\" >Lot do Lizbony<\/a><\/li><\/ul><\/li><\/ul><\/nav><\/div>\n<p>Prze\u015bled\u017acie specjaln\u0105 seri\u0119 magazynu podr\u00f3\u017cniczego Euro Directions dotycz\u0105c\u0105 <a title=\"Najlepsze miasta Europy\" href=\"https:\/\/eurodirections.com\/pl\/najlepsze-miasta-europy\/\" data-schema-attribute=\"about\">najlepszych miejsc w Europie<\/a>.<\/p>\n<h2><span class=\"ez-toc-section\" id=\"Poznaj-Lizbone-bucket-list-dla-turysty\"><\/span><b>Poznaj Lizbon\u0119: bucket list dla turysty<\/b><span class=\"ez-toc-section-end\"><\/span><\/h2>\n<p><span style=\"font-weight: 400;\">Nadmorska stolica Portugalii z budynkami w pastelowych kolorach i dachami pokrytymi dach\u00f3wk\u0105 jest najwi\u0119kszym miastem, centrum politycznym, gospodarczym i turystycznym kraju. Miasto wci\u0105\u017c pow\u015bci\u0105ga XIX-wieczny klimat, mimo nowoczesnego nap\u0119du i budynk\u00f3w. Znajdziesz tu unikaln\u0105 architektur\u0119, bogat\u0105 histori\u0119, najlepsze jedzenie i nocne \u017cycie, kt\u00f3rego nie b\u0119dziesz chcia\u0142 przegapi\u0107.<\/span><\/p>\n<h3><span class=\"ez-toc-section\" id=\"Rzeczy-ktorych-nie-mozna-przegapic-w-Lizbonie\"><\/span><b>Rzeczy, kt\u00f3rych nie mo\u017cna przegapi\u0107 w Lizbonie<\/b><span class=\"ez-toc-section-end\"><\/span><\/h3>\n<ul>\n<li style=\"font-weight: 400;\" aria-level=\"1\"><span style=\"font-weight: 400;\">Zachwy\u0107 si\u0119 Torre de Bel\u00e9m, pi\u0119kn\u0105 wie\u017c\u0105, przypominaj\u0105c\u0105 mieszank\u0119 architektury gotyckiej i roma\u0144skiej. <\/span><\/li>\n<li style=\"font-weight: 400;\" aria-level=\"1\"><span style=\"font-weight: 400;\">Jed\u017a tramwajem 28 przez strome, brukowane drogi i odkryj histori\u0119 miasta, przechodz\u0105c przez majestatyczne miejsca. <\/span><\/li>\n<li style=\"font-weight: 400;\" aria-level=\"1\"><span style=\"font-weight: 400;\">W\u0119dr\u00f3wka po dzielnicy Alfama, najstarszej cz\u0119\u015bci miasta z kr\u0119tymi uliczkami i w\u0105skimi zau\u0142kami, kaplicami pokrytymi dach\u00f3wk\u0105 i lizbo\u0144sk\u0105 katedr\u0105.<\/span><\/li>\n<li style=\"font-weight: 400;\" aria-level=\"1\"><span style=\"font-weight: 400;\">Ciesz si\u0119 nocnym \u017cyciem na Bairro Alto i popijaj Caipirinha w jednym z bar\u00f3w w okolicy. <\/span><\/li>\n<li style=\"font-weight: 400;\" aria-level=\"1\"><span style=\"font-weight: 400;\">Znajd\u017a Casa Independente, prywatn\u0105 rezydencj\u0119 z umeblowanymi pokojami i przyziemn\u0105 atmosfer\u0105, gdzie mo\u017cesz cieszy\u0107 si\u0119 drinkami, fajn\u0105 muzyk\u0105 i imprezami. <\/span><\/li>\n<\/ul>\n<p><iframe style=\"border: 1px solid #EEE; background: white;\" src=\"about:blank\" width=\"880\" height=\"270\" frameborder=\"0\" scrolling=\"no\" class=\"lazyload\" data-src=\"https:\/\/eurodirections.substack.com\/embed\"><span data-mce-type=\"bookmark\" style=\"display: inline-block; width: 0px; overflow: hidden; line-height: 0;\" class=\"mce_SELRES_start\"><\/span><span data-mce-type=\"bookmark\" style=\"display: inline-block; width: 0px; overflow: hidden; line-height: 0;\" class=\"mce_SELRES_start\" align=\"center\"><\/span><\/iframe><\/p>\n<h3><span class=\"ez-toc-section\" id=\"Jedz-jak-miejscowy-w-Lizbonie\"><\/span><b>Jedz jak miejscowy w Lizbonie<\/b><span class=\"ez-toc-section-end\"><\/span><\/h3>\n<ul>\n<li style=\"font-weight: 400;\" aria-level=\"1\"><span style=\"font-weight: 400;\">Znajd\u017a ponad 40 kategorii \u017cywno\u015bci w Time Out Market Lisboa i po\u015bwi\u0119\u0107 troch\u0119 czasu na spr\u00f3bowanie co najmniej po\u0142owy z nich. <\/span><\/li>\n<li style=\"font-weight: 400;\" aria-level=\"1\"><span style=\"font-weight: 400;\">Zjedz jeden z najbardziej niesamowitych posi\u0142k\u00f3w w nagrodzonej gwiazdk\u0105 Michelin restauracji Loco z awangardow\u0105 kuchni\u0105 portugalsk\u0105.<\/span><\/li>\n<li style=\"font-weight: 400;\" aria-level=\"1\"><span style=\"font-weight: 400;\">Odwied\u017a najstarsz\u0105 restauracj\u0119 w Lizbonie Martinho da Arcada, aby napi\u0107 si\u0119 kawy.<\/span><\/li>\n<li style=\"font-weight: 400;\" aria-level=\"1\"><span style=\"font-weight: 400;\">Spr\u00f3buj najlepszego pieczonego dorsza, stek\u00f3w ciel\u0119cych i pieczonych ziemniak\u00f3w w Z\u00e9 da Mouraria.<\/span><\/li>\n<li style=\"font-weight: 400;\" aria-level=\"1\"><span style=\"font-weight: 400;\">Kolacja w Gambrinusie z krokietem, tulipanem Gambrinus (piwo mieszane), obserwacja przygotowania kawy balonowej.<\/span><\/li>\n<li style=\"font-weight: 400;\" aria-level=\"1\"><span style=\"font-weight: 400;\">Zr\u00f3b zdj\u0119cie nale\u015bnikom z mascarpone i truskawkami w kawiarni Nicolau Lisboa.<\/span><\/li>\n<\/ul>\n<figure id=\"attachment_22201\" aria-describedby=\"caption-attachment-22201\" style=\"width: 1000px\" class=\"wp-caption alignnone\"><img fetchpriority=\"high\" decoding=\"async\" class=\"size-full wp-image-22201\" src=\"https:\/\/eurodirections.com\/wp-content\/uploads\/2023\/03\/welcome-to-lisbon-portugal.jpg\" alt=\"Witamy w Lizbonie, w Portugalii i cieszymy si\u0119 z podr\u00f3\u017cy z magazynem podr\u00f3\u017cniczym Euro Directions!\" width=\"1000\" height=\"667\" srcset=\"https:\/\/eurodirections.com\/wp-content\/uploads\/2023\/03\/welcome-to-lisbon-portugal.jpg 1000w, https:\/\/eurodirections.com\/wp-content\/uploads\/2023\/03\/welcome-to-lisbon-portugal-300x200.jpg 300w, https:\/\/eurodirections.com\/wp-content\/uploads\/2023\/03\/welcome-to-lisbon-portugal-768x512.jpg 768w\" sizes=\"(max-width: 1000px) 100vw, 1000px\" \/><figcaption id=\"caption-attachment-22201\" class=\"wp-caption-text\">Witamy w Lizbonie, w Portugalii i cieszymy si\u0119 z podr\u00f3\u017cy z magazynem podr\u00f3\u017cniczym Euro Directions! Zdj\u0119cie autorstwa Veseli Vaclavik<\/figcaption><\/figure>\n<h3><span class=\"ez-toc-section\" id=\"Gdzie-sie-zatrzymac-w-Lizbonie\"><\/span><b>Gdzie si\u0119 zatrzyma\u0107 w Lizbonie<\/b><span class=\"ez-toc-section-end\"><\/span><\/h3>\n<ul>\n<li style=\"font-weight: 400;\" aria-level=\"1\"><span style=\"font-weight: 400;\">Wybierz ambientow\u0105 atmosfer\u0119 Wine &amp; Books Lisboa 5-star Hotel, kt\u00f3ra stanie si\u0119 najlepszym uosobieniem Twoich wakacji w stolicy. <\/span><\/li>\n<li style=\"font-weight: 400;\" aria-level=\"1\"><span style=\"font-weight: 400;\">Po\u0142o\u017cony w historycznej dzielnicy Alfama, 4-gwiazdkowy Memmo Alfama &#8211; Design Hotel sprawi, \u017ce b\u0119dziesz cieszy\u0107 si\u0119 ka\u017cd\u0105 chwil\u0105 swojego pobytu.<\/span><\/li>\n<li style=\"font-weight: 400;\" aria-level=\"1\"><span style=\"font-weight: 400;\">Be Poet Baixa Hotel ma bardziej przyst\u0119pn\u0105 opcj\u0119 z nowoczesnym wn\u0119trzem, bogat\u0105 kolorystyk\u0105 i dekoracjami.<\/span><\/li>\n<li style=\"font-weight: 400;\" aria-level=\"1\"><span style=\"font-weight: 400;\">Oszcz\u0119dzaj na noclegu w Lizbonie i nadal ciesz si\u0119 komfortem rezerwuj\u0105c \u0142\u00f3\u017cko w Yes! Hostel w Lizbonie.<\/span><\/li>\n<li style=\"font-weight: 400;\" aria-level=\"1\"><span style=\"font-weight: 400;\">Wybierz si\u0119 na jednodniow\u0105 wycieczk\u0119 do Cascais i zatrzymaj si\u0119 w luksusowym hotelu Westlight Cascais Chalet z zapieraj\u0105cym dech w piersiach widokiem na pla\u017c\u0119.<\/span><\/li>\n<\/ul>\n<p><script src=\"https:\/\/www.travelpayouts.com\/chansey\/iframe.js?v=1&amp;marker=14350&amp;host=air.eurodirections.com%2Fhotels&amp;locale=en&amp;currency=eur&amp;nobooking=&amp;powered_by=false&amp;hotel_id=1901035476\" charset=\"utf-8\" async=\"\"><\/script><\/p>\n<h3><span class=\"ez-toc-section\" id=\"Lot-do-Lizbony\"><\/span>Lot do Lizbony<span class=\"ez-toc-section-end\"><\/span><\/h3>\n<p>Przegl\u0105daj kilka <a title=\"Katalog i kalendarz lot\u00f3w w Lizbonie\" href=\"https:\/\/eurodirections.com\/pl\/loty-do-lizbony\/\" target=\"_blank\" rel=\"noopener\">opcji lot\u00f3w dla podr\u00f3\u017cy do Lizbony<\/a>.<\/p>\n<p><script src=\"https:\/\/tp.media\/content?trs=147545&amp;shmarker=14350&amp;destination=LIS&amp;locale=pl&amp;currency=eur&amp;limit=10&amp;primary=%23E9166Cff&amp;promo_id=7291&amp;campaign_id=200\" charset=\"utf-8\"><\/script><\/p>\n<p><script type=\"application\/ld+json\">\n{\n    \"@context\": \"http:\/\/schema.org\",\n    \"@type\": \"WebPage\",\n    \"name\": \"Przewodnik po Lizbonie\",\n    \"description\": \"Przegl\u0105daj Lizbon\u0119, Portugalia - Rzeczy, kt\u00f3re musisz zrobi\u0107 w Lizbonie, propozycje hoteli, polecane zabytki i przewodnik po atrakcjach dla turyst\u00f3w.<span data-mce-type=\"bookmark\" style=\"display: inline-block; width: 0px; overflow: hidden; line-height: 0;\" class=\"mce_SELRES_start\">\ufeff<\/span>\",\n    \"publisher\": {\n        \"@type\": \"WebPage\",\n        \"name\": \"Eurodirections.com\"\n    }\n}\n<\/script><\/p>\n","protected":false},"excerpt":{"rendered":"<p>Prze\u015bled\u017acie specjaln\u0105 seri\u0119 magazynu podr\u00f3\u017cniczego Euro Directions dotycz\u0105c\u0105 najlepszych miejsc w Europie. Poznaj Lizbon\u0119: bucket list dla turysty Nadmorska stolica Portugalii z budynkami w pastelowych kolorach i dachami pokrytymi dach\u00f3wk\u0105 jest najwi\u0119kszym miastem, centrum politycznym, gospodarczym i turystycznym kraju. Miasto wci\u0105\u017c pow\u015bci\u0105ga XIX-wieczny klimat, mimo nowoczesnego nap\u0119du i budynk\u00f3w. Znajdziesz tu unikaln\u0105 architektur\u0119, bogat\u0105 histori\u0119, [&hellip;]<\/p>\n","protected":false},"author":1,"featured_media":2670,"parent":0,"menu_order":0,"comment_status":"closed","ping_status":"closed","template":"","meta":{"footnotes":""},"class_list":["post-22267","page","type-page","status-publish","has-post-thumbnail","hentry"],"_links":{"self":[{"href":"https:\/\/eurodirections.com\/pl\/wp-json\/wp\/v2\/pages\/22267","targetHints":{"allow":["GET"]}}],"collection":[{"href":"https:\/\/eurodirections.com\/pl\/wp-json\/wp\/v2\/pages"}],"about":[{"href":"https:\/\/eurodirections.com\/pl\/wp-json\/wp\/v2\/types\/page"}],"author":[{"embeddable":true,"href":"https:\/\/eurodirections.com\/pl\/wp-json\/wp\/v2\/users\/1"}],"replies":[{"embeddable":true,"href":"https:\/\/eurodirections.com\/pl\/wp-json\/wp\/v2\/comments?post=22267"}],"version-history":[{"count":0,"href":"https:\/\/eurodirections.com\/pl\/wp-json\/wp\/v2\/pages\/22267\/revisions"}],"wp:featuredmedia":[{"embeddable":true,"href":"https:\/\/eurodirections.com\/pl\/wp-json\/wp\/v2\/media\/2670"}],"wp:attachment":[{"href":"https:\/\/eurodirections.com\/pl\/wp-json\/wp\/v2\/media?parent=22267"}],"curies":[{"name":"wp","href":"https:\/\/api.w.org\/{rel}","templated":true}]}}