{"id":19170,"date":"2023-01-16T21:06:10","date_gmt":"2023-01-16T21:06:10","guid":{"rendered":"https:\/\/eurodirections.com\/kalendarz-tanich-lotow-%e2%9c%88\/"},"modified":"2023-03-01T08:44:35","modified_gmt":"2023-03-01T08:44:35","slug":"kalendarz-tanich-lotow","status":"publish","type":"page","link":"https:\/\/eurodirections.com\/pl\/kalendarz-tanich-lotow\/","title":{"rendered":"Kalendarz tanich lot\u00f3w \u2708"},"content":{"rendered":"<div id=\"ez-toc-container\" class=\"ez-toc-v2_0_82_2 counter-hierarchy ez-toc-counter ez-toc-grey ez-toc-container-direction\">\n<div class=\"ez-toc-title-container\">\n<p class=\"ez-toc-title\" style=\"cursor:inherit\">Table of Contents<\/p>\n<span class=\"ez-toc-title-toggle\"><a href=\"#\" class=\"ez-toc-pull-right ez-toc-btn ez-toc-btn-xs ez-toc-btn-default ez-toc-toggle\" aria-label=\"Prze\u0142\u0105cznik Spisu Tre\u015bci\"><span class=\"ez-toc-js-icon-con\"><span class=\"\"><span class=\"eztoc-hide\" style=\"display:none;\">Toggle<\/span><span class=\"ez-toc-icon-toggle-span\"><svg style=\"fill: #999;color:#999\" xmlns=\"http:\/\/www.w3.org\/2000\/svg\" class=\"list-377408\" width=\"20px\" height=\"20px\" viewBox=\"0 0 24 24\" fill=\"none\"><path d=\"M6 6H4v2h2V6zm14 0H8v2h12V6zM4 11h2v2H4v-2zm16 0H8v2h12v-2zM4 16h2v2H4v-2zm16 0H8v2h12v-2z\" fill=\"currentColor\"><\/path><\/svg><svg style=\"fill: #999;color:#999\" class=\"arrow-unsorted-368013\" xmlns=\"http:\/\/www.w3.org\/2000\/svg\" width=\"10px\" height=\"10px\" viewBox=\"0 0 24 24\" version=\"1.2\" baseProfile=\"tiny\"><path d=\"M18.2 9.3l-6.2-6.3-6.2 6.3c-.2.2-.3.4-.3.7s.1.5.3.7c.2.2.4.3.7.3h11c.3 0 .5-.1.7-.3.2-.2.3-.5.3-.7s-.1-.5-.3-.7zM5.8 14.7l6.2 6.3 6.2-6.3c.2-.2.3-.5.3-.7s-.1-.5-.3-.7c-.2-.2-.4-.3-.7-.3h-11c-.3 0-.5.1-.7.3-.2.2-.3.5-.3.7s.1.5.3.7z\"\/><\/svg><\/span><\/span><\/span><\/a><\/span><\/div>\n<nav><ul class='ez-toc-list ez-toc-list-level-1 eztoc-toggle-hide-by-default' ><li class='ez-toc-page-1 ez-toc-heading-level-2'><a class=\"ez-toc-link ez-toc-heading-1\" href=\"https:\/\/eurodirections.com\/pl\/kalendarz-tanich-lotow\/#Kalendarz-tanich-lotow\" >Kalendarz tanich lot\u00f3w<\/a><ul class='ez-toc-list-level-3' ><li class='ez-toc-heading-level-3'><a class=\"ez-toc-link ez-toc-heading-2\" href=\"https:\/\/eurodirections.com\/pl\/kalendarz-tanich-lotow\/#%F0%9F%93%85-Jak-korzystac-z-kalendarza-tanich-lotow\" >\ud83d\udcc5 Jak korzysta\u0107 z kalendarza tanich lot\u00f3w?<\/a><\/li><li class='ez-toc-page-1 ez-toc-heading-level-3'><a class=\"ez-toc-link ez-toc-heading-3\" href=\"https:\/\/eurodirections.com\/pl\/kalendarz-tanich-lotow\/#%F0%9F%A7%B3-Korzysci-wynikajace-z-korzystania-z-kalendarza-tanich-lotow\" >\ud83e\uddf3 Korzy\u015bci wynikaj\u0105ce z korzystania z kalendarza tanich lot\u00f3w<\/a><\/li><\/ul><\/li><li class='ez-toc-page-1 ez-toc-heading-level-2'><a class=\"ez-toc-link ez-toc-heading-4\" href=\"https:\/\/eurodirections.com\/pl\/kalendarz-tanich-lotow\/#Przyklad-wykorzystania-kalendarza-tanich-lotow\" >Przyk\u0142ad wykorzystania kalendarza tanich lot\u00f3w<\/a><\/li><\/ul><\/nav><\/div>\n<p>Nasz kalendarz tanich lot\u00f3w to pot\u0119\u017cne narz\u0119dzie do planowania podr\u00f3\u017cy, kt\u00f3re pomaga u\u017cytkownikom por\u00f3wna\u0107 i wybra\u0107 najlepsz\u0105 dat\u0119 lotu do okre\u015blonego miejsca z dowolnego miejsca na \u015bwiecie.<br \/>\nKalendarz umo\u017cliwia u\u017cytkownikom \u0142atwe wyszukiwanie i por\u00f3wnywanie lot\u00f3w ze wszystkich linii lotniczych, biur podr\u00f3\u017cy i system\u00f3w rezerwacji oraz identyfikacj\u0119 najbardziej op\u0142acalnych dat dla ich podr\u00f3\u017cy.<\/p>\n<h2><span class=\"ez-toc-section\" id=\"Kalendarz-tanich-lotow\"><\/span>Kalendarz tanich lot\u00f3w<span class=\"ez-toc-section-end\"><\/span><\/h2>\n<p><script src=\"\/\/tp.media\/content?currency=eur&amp;promo_id=4041&amp;shmarker=14350&amp;campaign_id=100&amp;trs=147545&amp;searchUrl=air.eurodirections.com%2Fflights&amp;locale=pl&amp;powered_by=false&amp;one_way=true&amp;only_direct=false&amp;period=year&amp;range=1%2C30&amp;primary=%23172940&amp;color_background=%23FFFFFF&amp;achieve=%230F5ABD&amp;dark=%23000000&amp;light=%23FFFFFF&amp;destination=LON\" charset=\"utf-8\"><span data-mce-type=\"bookmark\" style=\"display: inline-block; width: 0px; overflow: hidden; line-height: 0;\" class=\"mce_SELRES_start\">\ufeff<\/span><\/script><\/p>\n<h3><span class=\"ez-toc-section\" id=\"%F0%9F%93%85-Jak-korzystac-z-kalendarza-tanich-lotow\"><\/span>\ud83d\udcc5 Jak korzysta\u0107 z kalendarza tanich lot\u00f3w?<span class=\"ez-toc-section-end\"><\/span><\/h3>\n<ol>\n<li>Wybierz swoj\u0105 lokalizacj\u0119 w lewym g\u00f3rnym rogu kalendarza<\/li>\n<li>Zobacz najta\u0144sz\u0105 cen\u0119 w ka\u017cdym miesi\u0105cu za lot z Twojej lokalizacji<\/li>\n<li>Kliknij na dowolne okno miesi\u0105ca, aby zobaczy\u0107 dok\u0142adn\u0105 dat\u0119 najbardziej przyst\u0119pnego lotu.<\/li>\n<li>Mo\u017cesz klikn\u0105\u0107 okno daty, aby zobaczy\u0107 szczeg\u00f3\u0142y lotu<\/li>\n<li>Kliknij na przycisk Szczeg\u00f3\u0142y lotu, aby zobaczy\u0107 pe\u0142ne warunki lotu lub zarezerwowa\u0107 bilet lotniczy<\/li>\n<li>Mo\u017cesz u\u017cy\u0107 ustawienia w lewym g\u00f3rnym rogu kalendarza, aby zmieni\u0107 typ lotu (w jedn\u0105 stron\u0119 lub w dwie strony)<\/li>\n<\/ol>\n<p>Dzi\u0119ki kalendarzowi tanich lot\u00f3w u\u017cytkownicy mog\u0105 \u0142atwo por\u00f3wna\u0107 ceny bilet\u00f3w oraz zaplanowa\u0107 i zorganizowa\u0107 swoj\u0105 podr\u00f3\u017c w dowolnym miejscu na \u015bwiecie.<br \/>\nNiezale\u017cnie od tego, czy planujesz podr\u00f3\u017c s\u0142u\u017cbow\u0105, czy wakacje na pla\u017cy, nasz kalendarz lot\u00f3w jest idealnym narz\u0119dziem, kt\u00f3re pomo\u017ce Ci znale\u017a\u0107 najlepsz\u0105 ofert\u0119 na bilety lotnicze.<\/p>\n<h3><span class=\"ez-toc-section\" id=\"%F0%9F%A7%B3-Korzysci-wynikajace-z-korzystania-z-kalendarza-tanich-lotow\"><\/span>\ud83e\uddf3 Korzy\u015bci wynikaj\u0105ce z korzystania z kalendarza tanich lot\u00f3w<span class=\"ez-toc-section-end\"><\/span><\/h3>\n<ul>\n<li>Por\u00f3wnaj ceny: Kalendarz lot\u00f3w pozwala u\u017cytkownikom \u0142atwo por\u00f3wna\u0107 ceny z r\u00f3\u017cnych linii lotniczych, biur podr\u00f3\u017cy i system\u00f3w rezerwacji, pomagaj\u0105c im znale\u017a\u0107 najlepsz\u0105 ofert\u0119 na bilety lotnicze.<\/li>\n<li>Znajd\u017a najlepsze daty: Kalendarz pozwala u\u017cytkownikom wyszukiwa\u0107 loty w r\u00f3\u017cnych terminach, pomagaj\u0105c im zidentyfikowa\u0107 najbardziej op\u0142acalne daty podr\u00f3\u017cy.<\/li>\n<li>Wygodny: Kalendarz jest \u0142atwy w u\u017cyciu i pozwala u\u017cytkownikom zaplanowa\u0107 i zorganizowa\u0107 swoj\u0105 podr\u00f3\u017c w jednym wygodnym miejscu.<\/li>\n<li>Oszcz\u0119dno\u015b\u0107 czasu: Kalendarz eliminuje konieczno\u015b\u0107 przeszukiwania przez u\u017cytkownik\u00f3w wielu stron internetowych w celu znalezienia najlepszej oferty na bilety lotnicze, oszcz\u0119dzaj\u0105c czas i wysi\u0142ek.<\/li>\n<li>Zdob\u0105d\u017a najlepsz\u0105 ofert\u0119: Kalendarz pomaga u\u017cytkownikom znale\u017a\u0107 najta\u0144szy lot i uzyska\u0107 najlepsz\u0105 ofert\u0119 za swoje pieni\u0105dze.<\/li>\n<li>Nie ma potrzeby wielokrotnego wyszukiwania: Kalendarz pokazuje ceny wszystkich linii lotniczych i wszystkie daty miesi\u0105ca w jednym miejscu, nie trzeba szuka\u0107 w wielu serwisach internetowych.<\/li>\n<li>Znajd\u017a najlepszy rozk\u0142ad lot\u00f3w: Kalendarz pokazuje rozk\u0142ady lot\u00f3w, wi\u0119c mo\u017cesz wybra\u0107 ten, kt\u00f3ry najlepiej odpowiada Twoim potrzebom.<\/li>\n<\/ul>\n<h2><span class=\"ez-toc-section\" id=\"Przyklad-wykorzystania-kalendarza-tanich-lotow\"><\/span>Przyk\u0142ad wykorzystania kalendarza tanich lot\u00f3w<span class=\"ez-toc-section-end\"><\/span><\/h2>\n<p>Korzystanie z kalendarza tanich lot\u00f3w jest proste.<br \/>\nZa\u0142\u00f3\u017cmy, \u017ce planujesz podr\u00f3\u017c z Nowego Jorku do Londynu.<br \/>\nOto przyk\u0142ad, jak mo\u017cna u\u017cy\u0107 kalendarza, aby znale\u017a\u0107 najlepsz\u0105 ofert\u0119 na bilety lotnicze:<\/p>\n<figure id=\"attachment_10403\" aria-describedby=\"caption-attachment-10403\" style=\"width: 846px\" class=\"wp-caption alignnone\"><a href=\"https:\/\/eurodirections.com\/calendar\/cheap-flight-calendar-settings-screenshot\/\" rel=\"attachment wp-att-10403\"><img fetchpriority=\"high\" decoding=\"async\" class=\"size-full wp-image-10403\" src=\"https:\/\/eurodirections.com\/wp-content\/uploads\/2023\/01\/cheap-flight-calendar-settings-screenshot.jpg\" alt=\"Korzystanie z kalendarza tanich lot\u00f3w w eurodirections.com\" width=\"846\" height=\"797\" srcset=\"https:\/\/eurodirections.com\/wp-content\/uploads\/2023\/01\/cheap-flight-calendar-settings-screenshot.jpg 846w, https:\/\/eurodirections.com\/wp-content\/uploads\/2023\/01\/cheap-flight-calendar-settings-screenshot-300x283.jpg 300w, https:\/\/eurodirections.com\/wp-content\/uploads\/2023\/01\/cheap-flight-calendar-settings-screenshot-768x724.jpg 768w\" sizes=\"(max-width: 846px) 100vw, 846px\" \/><\/a><figcaption id=\"caption-attachment-10403\" class=\"wp-caption-text\">Screenshot. Korzystanie z kalendarza tanich lot\u00f3w i ustawianie parametr\u00f3w lotu w eurodirections.com<\/figcaption><\/figure>\n<ol>\n<li>Wejd\u017a na stron\u0119 eurodirections.com i wybierz opcj\u0119 &#8222;Kalendarz lot\u00f3w&#8221;.<\/li>\n<li>Kliknij na ikon\u0119 Ustawienia i w polu &#8222;Od&#8221; wpisz &#8222;Nowy Jork&#8221;, a w polu &#8222;Do&#8221; wpisz &#8222;Londyn&#8221;.<\/li>\n<li>Wybierz \u017c\u0105dan\u0105 opcj\u0119 podr\u00f3\u017cy: w jedn\u0105 stron\u0119 lub w dwie strony.<\/li>\n<li>Wybieraj\u0105c opcj\u0119 &#8222;Two-way&#8221; zostaniesz poproszony o ustawienie czasu trwania podr\u00f3\u017cy.<\/li>\n<li>Mo\u017cesz wybra\u0107, aby w kalendarzu by\u0142y widoczne tylko ceny lot\u00f3w bezpo\u015brednich, klikaj\u0105c na pole wyboru &#8222;Loty bezpo\u015brednie&#8221;.<\/li>\n<li>Kalendarz wy\u015bwietli wszystkie dost\u0119pne loty z Nowego Jorku do Londynu w oknach miesi\u0105ca. Najta\u0144szy miesi\u0105c zostanie pod\u015bwietlony.<\/li>\n<li>Wystarczy klikn\u0105\u0107 na miesi\u0105c, aby zobaczy\u0107 daty danego miesi\u0105ca i dok\u0142adn\u0105 dat\u0119 najta\u0144szego lotu.<\/li>\n<li>Je\u015bli klikniesz na dat\u0119, otworzy si\u0119 strona wynik\u00f3w wyszukiwania z pe\u0142nymi danymi lotu.<\/li>\n<li>Mo\u017cesz sortowa\u0107 loty wed\u0142ug ceny, rozk\u0142adu i linii lotniczych.<\/li>\n<li>Por\u00f3wnaj ceny r\u00f3\u017cnych lot\u00f3w i wybierz ten, kt\u00f3ry najlepiej pasuje do Twojego bud\u017cetu i harmonogramu.<\/li>\n<li>Po znalezieniu najlepszej oferty mo\u017cna przyst\u0105pi\u0107 do rezerwacji lotu z systemu rezerwacyjnego, kt\u00f3ry zapewnia bilet lotniczy.<\/li>\n<\/ol>\n<p>Kalendarz tanich lot\u00f3w z najlepszymi cenami dla nast\u0119puj\u0105cych tras lotniczych mo\u017cesz zobaczy\u0107 tutaj: Loty <a href=\"https:\/\/eurodirections.com\/berlin-tirana-flights-timetable\/\">Berlin &#8211; Tirana<\/a>, <a href=\"https:\/\/eurodirections.com\/fly-to-porto-portugal\/\">Loty do Porto, Loty<\/a> <a href=\"https:\/\/eurodirections.com\/paris-bangalore\/\">Pary\u017c &#8211; Bangalore<\/a> oraz wiele innych <a href=\"https:\/\/eurodirections.com\/pl\/in\/loty\/\">kierunk\u00f3w<\/a> lotniczych tutaj.<\/p>\n<p>Nasz kalendarz jest stale aktualizowany o najnowsze ceny i rozk\u0142ady lot\u00f3w, wi\u0119c mo\u017cesz mie\u0107 pewno\u015b\u0107, \u017ce otrzymujesz najbardziej aktualne informacje.<br \/>\nMamy nadziej\u0119, \u017ce uda Ci si\u0119 skutecznie korzysta\u0107 z naszego kalendarza tanich lot\u00f3w i znajdziesz idealny lot na swoj\u0105 podr\u00f3\u017c do dowolnego miejsca. Szcz\u0119\u015bliwych podr\u00f3\u017cy!<\/p>\n","protected":false},"excerpt":{"rendered":"<p>Nasz kalendarz tanich lot\u00f3w to pot\u0119\u017cne narz\u0119dzie do planowania podr\u00f3\u017cy, kt\u00f3re pomaga u\u017cytkownikom por\u00f3wna\u0107 i wybra\u0107 najlepsz\u0105 dat\u0119 lotu do okre\u015blonego miejsca z dowolnego miejsca na \u015bwiecie. Kalendarz umo\u017cliwia u\u017cytkownikom \u0142atwe wyszukiwanie i por\u00f3wnywanie lot\u00f3w ze wszystkich linii lotniczych, biur podr\u00f3\u017cy i system\u00f3w rezerwacji oraz identyfikacj\u0119 najbardziej op\u0142acalnych dat dla ich podr\u00f3\u017cy. Kalendarz tanich lot\u00f3w [&hellip;]<\/p>\n","protected":false},"author":1,"featured_media":29100,"parent":0,"menu_order":0,"comment_status":"closed","ping_status":"closed","template":"","meta":{"footnotes":""},"class_list":["post-19170","page","type-page","status-publish","has-post-thumbnail","hentry"],"_links":{"self":[{"href":"https:\/\/eurodirections.com\/pl\/wp-json\/wp\/v2\/pages\/19170","targetHints":{"allow":["GET"]}}],"collection":[{"href":"https:\/\/eurodirections.com\/pl\/wp-json\/wp\/v2\/pages"}],"about":[{"href":"https:\/\/eurodirections.com\/pl\/wp-json\/wp\/v2\/types\/page"}],"author":[{"embeddable":true,"href":"https:\/\/eurodirections.com\/pl\/wp-json\/wp\/v2\/users\/1"}],"replies":[{"embeddable":true,"href":"https:\/\/eurodirections.com\/pl\/wp-json\/wp\/v2\/comments?post=19170"}],"version-history":[{"count":0,"href":"https:\/\/eurodirections.com\/pl\/wp-json\/wp\/v2\/pages\/19170\/revisions"}],"wp:featuredmedia":[{"embeddable":true,"href":"https:\/\/eurodirections.com\/pl\/wp-json\/wp\/v2\/media\/29100"}],"wp:attachment":[{"href":"https:\/\/eurodirections.com\/pl\/wp-json\/wp\/v2\/media?parent=19170"}],"curies":[{"name":"wp","href":"https:\/\/api.w.org\/{rel}","templated":true}]}}