{"id":19162,"date":"2022-04-03T18:31:04","date_gmt":"2022-04-03T18:31:04","guid":{"rendered":"https:\/\/eurodirections.com\/najlepsze-miasta-europy\/"},"modified":"2022-04-03T18:31:04","modified_gmt":"2022-04-03T18:31:04","slug":"najlepsze-miasta-europy","status":"publish","type":"page","link":"https:\/\/eurodirections.com\/pl\/najlepsze-miasta-europy\/","title":{"rendered":"Najlepsze miasta Europy"},"content":{"rendered":"<p><strong>Poznaj najlepsze europejskie miasta<\/strong>, wybrane przez naszych redaktor\u00f3w dla niesamowitych wra\u017ce\u0144 z podr\u00f3\u017cy.<br \/>\nNasza lista najlepszych miast Europy obejmuje 100 miejsc z kr\u00f3tk\u0105 list\u0105 informacji i przewodnik\u00f3w dla podr\u00f3\u017cnych, informacje o wyszukiwarce bilet\u00f3w, sugestie hoteli, wyb\u00f3r kawiarni i restauracji i wiele innych.<\/p>\n<h3>Sprawd\u017a najlepsze miasta Europy:<\/h3>\n<table>\n<tbody>\n<tr>\n<td><a href=\"https:\/\/eurodirections.com\/amsterdam\"><span style=\"font-weight: 400;\">Amsterdam, Holandia<\/span><\/a><\/td>\n<\/tr>\n<tr>\n<td><a href=\"https:\/\/eurodirections.com\/brno\/\"><span style=\"font-weight: 400;\">Brno, Czechy<\/span><\/a><\/td>\n<\/tr>\n<tr>\n<td><a href=\"https:\/\/eurodirections.com\/gyumri\/\"><span style=\"font-weight: 400;\">Gyumri, Armenia<\/span><\/a><\/td>\n<\/tr>\n<tr>\n<td><a href=\"https:\/\/eurodirections.com\/lyon\/\"><span style=\"font-weight: 400;\">Lyon, Francja<\/span><\/a><\/td>\n<\/tr>\n<tr>\n<td><a href=\"https:\/\/eurodirections.com\/yerevan\/\"><span style=\"font-weight: 400;\">Erewan, Armenia<\/span><\/a><\/td>\n<\/tr>\n<tr>\n<td><a href=\"https:\/\/eurodirections.com\/kavala\/\"><span style=\"font-weight: 400;\">Kavala, Grecja<\/span><\/a><\/td>\n<\/tr>\n<tr>\n<td><a href=\"https:\/\/eurodirections.com\/riga\/\"><span style=\"font-weight: 400;\">Ryga, \u0141otwa<\/span><\/a><\/td>\n<\/tr>\n<tr>\n<td><a href=\"https:\/\/eurodirections.com\/valencia\/\"><span style=\"font-weight: 400;\">Walencja, Hiszpania<\/span><\/a><\/td>\n<\/tr>\n<tr>\n<td><a href=\"https:\/\/eurodirections.com\/best-destinations-for-getting-lost-in-the-nature\/#Innsbruck-Austria\"><span style=\"font-weight: 400;\">Innsbruck, Austria<\/span><\/a><\/td>\n<\/tr>\n<tr>\n<td><a href=\"https:\/\/eurodirections.com\/toulouse\/\"><span style=\"font-weight: 400;\">Tuluza, Francja<\/span><\/a><\/td>\n<\/tr>\n<tr>\n<td><a href=\"https:\/\/eurodirections.com\/patras\/\"><span style=\"font-weight: 400;\">Patras, Grecja<\/span><\/a><\/td>\n<\/tr>\n<tr>\n<td><a href=\"https:\/\/eurodirections.com\/thessaloniki\/\"><span style=\"font-weight: 400;\">Saloniki, Grecja<\/span><\/a><\/td>\n<\/tr>\n<tr>\n<td><a href=\"https:\/\/eurodirections.com\/rome\/\"><span style=\"font-weight: 400;\">Rzym, W\u0142ochy<\/span><\/a><\/td>\n<\/tr>\n<tr>\n<td><a href=\"https:\/\/eurodirections.com\/brussels-bucket-list\/\"><span style=\"font-weight: 400;\">Bruksela, Belgia<\/span><\/a><\/td>\n<\/tr>\n<tr>\n<td><a href=\"https:\/\/eurodirections.com\/explore-tallinn\"><span style=\"font-weight: 400;\">Tallinn, Estonia<\/span><\/a><\/td>\n<\/tr>\n<tr>\n<td><a href=\"https:\/\/eurodirections.com\/nicosia\/\"><span style=\"font-weight: 400;\">Nikozja, Cypr<\/span><\/a><\/td>\n<\/tr>\n<tr>\n<td><a href=\"https:\/\/eurodirections.com\/best-destinations-for-getting-lost-in-the-nature\/#Pamplona-Spain\"><span style=\"font-weight: 400;\">Pampeluna, Hiszpania<\/span><\/a><\/td>\n<\/tr>\n<tr>\n<td><a href=\"https:\/\/eurodirections.com\/constanta-bucket-list\/\"><span style=\"font-weight: 400;\">Konstancja, Rumunia<\/span><\/a><\/td>\n<\/tr>\n<tr>\n<td><a href=\"https:\/\/eurodirections.com\/cluj-napoca-bucket-list\/\"><span style=\"font-weight: 400;\">Cluj Napoca, Rumunia<\/span><\/a><\/td>\n<\/tr>\n<tr>\n<td><a href=\"https:\/\/eurodirections.com\/batumi\/\"><span style=\"font-weight: 400;\">Batumi, Gruzja<\/span><\/a><\/td>\n<\/tr>\n<tr>\n<td><a href=\"https:\/\/eurodirections.com\/tirana\/\"><span style=\"font-weight: 400;\">Tirana, Albania<\/span><\/a><\/td>\n<\/tr>\n<tr>\n<td><a href=\"https:\/\/eurodirections.com\/rhodes\/\"><span style=\"font-weight: 400;\">Rodos, Grecja<\/span><\/a><\/td>\n<\/tr>\n<\/tbody>\n<\/table>\n<table>\n<tbody>\n<tr>\n<td><a href=\"https:\/\/eurodirections.com\/florence-bucket-list\/\"><span style=\"font-weight: 400;\">Florencja, W\u0142ochy<\/span><\/a><\/td>\n<\/tr>\n<tr>\n<td><a href=\"https:\/\/eurodirections.com\/graz\/\"><span style=\"font-weight: 400;\">Graz, Austria<\/span><\/a><\/td>\n<\/tr>\n<tr>\n<td><a href=\"https:\/\/eurodirections.com\/heraklion\/\"><span style=\"font-weight: 400;\">Heraklion, Grecja<\/span><\/a><\/td>\n<\/tr>\n<tr>\n<td><a href=\"https:\/\/eurodirections.com\/visit-durres-albania\/\"><span style=\"font-weight: 400;\">Durr\u00ebs, Albania<\/span><\/a><\/td>\n<\/tr>\n<tr>\n<td><a href=\"https:\/\/eurodirections.com\/luxembourg\/\"><span style=\"font-weight: 400;\">Luksemburg<\/span><\/a><\/td>\n<\/tr>\n<tr>\n<td><a href=\"https:\/\/eurodirections.com\/liechtenstein\/\"><span style=\"font-weight: 400;\">Liechtenstein<\/span><\/a><\/td>\n<\/tr>\n<tr>\n<td><a href=\"https:\/\/eurodirections.com\/malaga\/\"><span style=\"font-weight: 400;\">Malaga, Hiszpania<\/span><\/a><\/td>\n<\/tr>\n<tr>\n<td><a href=\"https:\/\/eurodirections.com\/madrid\/\"><span style=\"font-weight: 400;\">Madryt, Hiszpania<\/span><\/a><\/td>\n<\/tr>\n<tr>\n<td><a href=\"https:\/\/eurodirections.com\/marseille\/\"><span style=\"font-weight: 400;\">Marsylia, Francja<\/span><\/a><\/td>\n<\/tr>\n<tr>\n<td><a href=\"https:\/\/eurodirections.com\/bergen-bucket-list\/\"><span style=\"font-weight: 400;\">Bergen, Norwegia<\/span><\/a><\/td>\n<\/tr>\n<tr>\n<td><a href=\"https:\/\/eurodirections.com\/prague\/\"><span style=\"font-weight: 400;\">Praga, Czechy<\/span><\/a><\/td>\n<\/tr>\n<tr>\n<td><a href=\"https:\/\/eurodirections.com\/larissa\"><span style=\"font-weight: 400;\">Larisa, Grecja<\/span><\/a><\/td>\n<\/tr>\n<tr>\n<td><a href=\"https:\/\/eurodirections.com\/milan\/\"><span style=\"font-weight: 400;\">Mediolan, W\u0142ochy<\/span><\/a><\/td>\n<\/tr>\n<tr>\n<td><a href=\"https:\/\/eurodirections.com\/vilnius\/\"><span style=\"font-weight: 400;\">Wilno, Litwa<\/span><\/a><\/td>\n<\/tr>\n<tr>\n<td><a href=\"https:\/\/eurodirections.com\/limassol\/\"><span style=\"font-weight: 400;\">Limassol, Cypr<\/span><\/a><\/td>\n<\/tr>\n<tr>\n<td><a href=\"https:\/\/eurodirections.com\/herceg-novi-bucket-list\/\"><span style=\"font-weight: 400;\">Herceg Novi, Czarnog\u00f3ra<\/span><\/a><\/td>\n<\/tr>\n<tr>\n<td><a href=\"https:\/\/eurodirections.com\/vienna\/\"><span style=\"font-weight: 400;\">Wiede\u0144, Austria<\/span><\/a><\/td>\n<\/tr>\n<tr>\n<td><a href=\"https:\/\/eurodirections.com\/london\"><span style=\"font-weight: 400;\">Londyn, Anglia<\/span><\/a><\/td>\n<\/tr>\n<tr>\n<td><a href=\"https:\/\/eurodirections.com\/san-marino-bucket-list\/\"><span style=\"font-weight: 400;\">San Marino<\/span><\/a><\/td>\n<\/tr>\n<tr>\n<td><a href=\"https:\/\/eurodirections.com\/venice\"><span style=\"font-weight: 400;\">Wenecja, W\u0142ochy<\/span><\/a><\/td>\n<\/tr>\n<tr>\n<td><a href=\"https:\/\/eurodirections.com\/dublin\"><span style=\"font-weight: 400;\">Dublin, Irlandia<\/span><\/a><\/td>\n<\/tr>\n<tr>\n<td><a href=\"https:\/\/eurodirections.com\/warsaw-bucket-list\"><span style=\"font-weight: 400;\">Warszawa, Polska<\/span><\/a><\/td>\n<\/tr>\n<\/tbody>\n<\/table>\n<table>\n<tbody>\n<tr>\n<td><a href=\"https:\/\/eurodirections.com\/podgorica-sights-and-guide\/\">Podgorica, Czarnog\u00f3ra<\/a><\/td>\n<\/tr>\n<tr>\n<td><a href=\"https:\/\/eurodirections.com\/best-destinations-for-getting-lost-in-the-nature\/#Grenoble-France\">Grenoble, Francja<\/a><\/td>\n<\/tr>\n<tr>\n<td><a href=\"https:\/\/eurodirections.com\/budva\/\">Budva, Czarnog\u00f3ra<\/a><\/td>\n<\/tr>\n<tr>\n<td><a href=\"https:\/\/eurodirections.com\/dublin\">Liechtenstein<\/a><\/td>\n<\/tr>\n<tr>\n<td><a href=\"https:\/\/eurodirections.com\/lisbon\/\">Lizbona, Portugalia<\/a><\/td>\n<\/tr>\n<tr>\n<td><a href=\"https:\/\/eurodirections.com\/athens\/\">Ateny, Grecja<\/a><\/td>\n<\/tr>\n<tr>\n<td><a href=\"https:\/\/eurodirections.com\/barcelona\/\">Barcelona, Hiszpania<\/a><\/td>\n<\/tr>\n<tr>\n<td><a href=\"https:\/\/eurodirections.com\/nantes\/\">Nantes, Francja<\/a><\/td>\n<\/tr>\n<tr>\n<td><a href=\"https:\/\/eurodirections.com\/reykjavik\/\">Reykjavik, Islandia<\/a><\/td>\n<\/tr>\n<tr>\n<td><a href=\"https:\/\/eurodirections.com\/genoa\/\">Genua, W\u0142ochy<\/a><\/td>\n<\/tr>\n<tr>\n<td><a href=\"https:\/\/eurodirections.com\/larnaca\/\">Larnaka, Cypr<\/a><\/td>\n<\/tr>\n<tr>\n<td><a href=\"https:\/\/eurodirections.com\/malta\/\">Valetta, Malta<\/a><\/td>\n<\/tr>\n<tr>\n<td><a href=\"https:\/\/eurodirections.com\/antwerp-tourist-attractions\/\">Antwerpia, Belgia<\/a><\/td>\n<\/tr>\n<tr>\n<td><a href=\"https:\/\/eurodirections.com\/best-destinations-for-getting-lost-in-the-nature\/#Dilijan-Armenia\">Dilijan, Armenia<\/a><\/td>\n<\/tr>\n<\/tbody>\n<\/table>\n<h3>Podr\u00f3\u017c przez europejskie miasta<\/h3>\n<p>Dzi\u0119ki naszej inteligentnej us\u0142udze wyszukiwania lot\u00f3w mo\u017cesz znale\u017a\u0107 najlepsze bilety lotnicze na loty z dowolnego miejsca na \u015bwiecie do miejsca docelowego.<br \/>\nWyszukuj, por\u00f3wnuj i filtruj loty, linie lotnicze, biura podr\u00f3\u017cy i systemy rezerwacji online.<br \/>\nTy ustalasz miejsce &#8211; my znajdujemy najta\u0144sze ceny bilet\u00f3w lotniczych!  <\/p>\n<p><script src=\"\/\/tp.media\/content?currency=eur&amp;promo_id=7879&amp;shmarker=14350&amp;campaign_id=100&amp;trs=147545&amp;combine_promos=101_7873&amp;show_hotels=true&amp;searchUrl=air.eurodirections.com%2Fflights&amp;border_radius=0&amp;plain=true&amp;primary=%23FF8E01&amp;secondary=%23FFFFFF&amp;dark=%23262626&amp;light=%23FFFFFF&amp;special=%23E0E0E0&amp;no_labels=&amp;locale=en&amp;powered_by=false\" charset=\"utf-8\"><\/script><\/p>\n<p><script type=\"application\/ld+json\">\n{\n    \"@context\": \"http:\/\/schema.org\",\n    \"@type\": \"WebPage\",\n    \"name\": \"Best cities of Europe\",\n    \"description\": \"Explore the best cities in Europe for traveling and journeys. Editor's picked list of 100 selected destinations in Europe with traveler bucket lists and most important things to do.\",\n    \"publisher\": {\n        \"@type\": \"WebPage\",\n        \"name\": \"Eurodirections.com\"\n    }\n}\n<\/script><\/p>\n","protected":false},"excerpt":{"rendered":"<p>Poznaj najlepsze europejskie miasta, wybrane przez naszych redaktor\u00f3w dla niesamowitych wra\u017ce\u0144 z podr\u00f3\u017cy. Nasza lista najlepszych miast Europy obejmuje 100 miejsc z kr\u00f3tk\u0105 list\u0105 informacji i przewodnik\u00f3w dla podr\u00f3\u017cnych, informacje o wyszukiwarce bilet\u00f3w, sugestie hoteli, wyb\u00f3r kawiarni i restauracji i wiele innych. Sprawd\u017a najlepsze miasta Europy: Amsterdam, Holandia Brno, Czechy Gyumri, Armenia Lyon, Francja Erewan, [&hellip;]<\/p>\n","protected":false},"author":1,"featured_media":2608,"parent":0,"menu_order":0,"comment_status":"closed","ping_status":"closed","template":"","meta":{"footnotes":""},"class_list":["post-19162","page","type-page","status-publish","has-post-thumbnail","hentry"],"_links":{"self":[{"href":"https:\/\/eurodirections.com\/pl\/wp-json\/wp\/v2\/pages\/19162","targetHints":{"allow":["GET"]}}],"collection":[{"href":"https:\/\/eurodirections.com\/pl\/wp-json\/wp\/v2\/pages"}],"about":[{"href":"https:\/\/eurodirections.com\/pl\/wp-json\/wp\/v2\/types\/page"}],"author":[{"embeddable":true,"href":"https:\/\/eurodirections.com\/pl\/wp-json\/wp\/v2\/users\/1"}],"replies":[{"embeddable":true,"href":"https:\/\/eurodirections.com\/pl\/wp-json\/wp\/v2\/comments?post=19162"}],"version-history":[{"count":0,"href":"https:\/\/eurodirections.com\/pl\/wp-json\/wp\/v2\/pages\/19162\/revisions"}],"wp:featuredmedia":[{"embeddable":true,"href":"https:\/\/eurodirections.com\/pl\/wp-json\/wp\/v2\/media\/2608"}],"wp:attachment":[{"href":"https:\/\/eurodirections.com\/pl\/wp-json\/wp\/v2\/media?parent=19162"}],"curies":[{"name":"wp","href":"https:\/\/api.w.org\/{rel}","templated":true}]}}