{"id":19102,"date":"2022-04-05T19:28:50","date_gmt":"2022-04-05T19:28:50","guid":{"rendered":"https:\/\/eurodirections.com\/poznaj-wieden-lista-rzeczy-do-zrobienia-dla-podroznika\/"},"modified":"2023-03-01T07:55:40","modified_gmt":"2023-03-01T07:55:40","slug":"poznaj-wieden-lista-rzeczy-do-zrobienia-dla-podroznika","status":"publish","type":"page","link":"https:\/\/eurodirections.com\/pl\/poznaj-wieden-lista-rzeczy-do-zrobienia-dla-podroznika\/","title":{"rendered":"Poznaj Wiede\u0144: lista rzeczy do zrobienia dla podr\u00f3\u017cnika"},"content":{"rendered":"<div id=\"ez-toc-container\" class=\"ez-toc-v2_0_82_2 counter-hierarchy ez-toc-counter ez-toc-grey ez-toc-container-direction\">\n<div class=\"ez-toc-title-container\">\n<p class=\"ez-toc-title\" style=\"cursor:inherit\">Table of Contents<\/p>\n<span class=\"ez-toc-title-toggle\"><a href=\"#\" class=\"ez-toc-pull-right ez-toc-btn ez-toc-btn-xs ez-toc-btn-default ez-toc-toggle\" aria-label=\"Prze\u0142\u0105cznik Spisu Tre\u015bci\"><span class=\"ez-toc-js-icon-con\"><span class=\"\"><span class=\"eztoc-hide\" style=\"display:none;\">Toggle<\/span><span class=\"ez-toc-icon-toggle-span\"><svg style=\"fill: #999;color:#999\" xmlns=\"http:\/\/www.w3.org\/2000\/svg\" class=\"list-377408\" width=\"20px\" height=\"20px\" viewBox=\"0 0 24 24\" fill=\"none\"><path d=\"M6 6H4v2h2V6zm14 0H8v2h12V6zM4 11h2v2H4v-2zm16 0H8v2h12v-2zM4 16h2v2H4v-2zm16 0H8v2h12v-2z\" fill=\"currentColor\"><\/path><\/svg><svg style=\"fill: #999;color:#999\" class=\"arrow-unsorted-368013\" xmlns=\"http:\/\/www.w3.org\/2000\/svg\" width=\"10px\" height=\"10px\" viewBox=\"0 0 24 24\" version=\"1.2\" baseProfile=\"tiny\"><path d=\"M18.2 9.3l-6.2-6.3-6.2 6.3c-.2.2-.3.4-.3.7s.1.5.3.7c.2.2.4.3.7.3h11c.3 0 .5-.1.7-.3.2-.2.3-.5.3-.7s-.1-.5-.3-.7zM5.8 14.7l6.2 6.3 6.2-6.3c.2-.2.3-.5.3-.7s-.1-.5-.3-.7c-.2-.2-.4-.3-.7-.3h-11c-.3 0-.5.1-.7.3-.2.2-.3.5-.3.7s.1.5.3.7z\"\/><\/svg><\/span><\/span><\/span><\/a><\/span><\/div>\n<nav><ul class='ez-toc-list ez-toc-list-level-1 eztoc-toggle-hide-by-default' ><li class='ez-toc-page-1 ez-toc-heading-level-2'><a class=\"ez-toc-link ez-toc-heading-1\" href=\"https:\/\/eurodirections.com\/pl\/poznaj-wieden-lista-rzeczy-do-zrobienia-dla-podroznika\/#Wiedenska-Bucket-List\" >Wiede\u0144ska Bucket List<\/a><ul class='ez-toc-list-level-4' ><li class='ez-toc-heading-level-4'><ul class='ez-toc-list-level-4' ><li class='ez-toc-heading-level-4'><a class=\"ez-toc-link ez-toc-heading-2\" href=\"https:\/\/eurodirections.com\/pl\/poznaj-wieden-lista-rzeczy-do-zrobienia-dla-podroznika\/#Informacje-o-podrozach-odkrywcow\" >Informacje o podr\u00f3\u017cach odkrywc\u00f3w<\/a><\/li><\/ul><\/li><li class='ez-toc-page-1 ez-toc-heading-level-3'><a class=\"ez-toc-link ez-toc-heading-3\" href=\"https:\/\/eurodirections.com\/pl\/poznaj-wieden-lista-rzeczy-do-zrobienia-dla-podroznika\/#Rzeczy-ktorych-nie-mozna-przegapic-w-Wiedniu\" >Rzeczy, kt\u00f3rych nie mo\u017cna przegapi\u0107 w Wiedniu<\/a><\/li><li class='ez-toc-page-1 ez-toc-heading-level-3'><a class=\"ez-toc-link ez-toc-heading-4\" href=\"https:\/\/eurodirections.com\/pl\/poznaj-wieden-lista-rzeczy-do-zrobienia-dla-podroznika\/#Jedz-jak-miejscowy-w-Wiedniu\" >Jedz jak miejscowy w Wiedniu<\/a><\/li><li class='ez-toc-page-1 ez-toc-heading-level-3'><a class=\"ez-toc-link ez-toc-heading-5\" href=\"https:\/\/eurodirections.com\/pl\/poznaj-wieden-lista-rzeczy-do-zrobienia-dla-podroznika\/#Gdzie-sie-zatrzymac-w-Wiedniu\" >Gdzie si\u0119 zatrzyma\u0107 w Wiedniu<\/a><\/li><li class='ez-toc-page-1 ez-toc-heading-level-3'><a class=\"ez-toc-link ez-toc-heading-6\" href=\"https:\/\/eurodirections.com\/pl\/poznaj-wieden-lista-rzeczy-do-zrobienia-dla-podroznika\/#Tanie-loty-do-Wiednia\" >Tanie loty do Wiednia<\/a><\/li><li class='ez-toc-page-1 ez-toc-heading-level-3'><a class=\"ez-toc-link ez-toc-heading-7\" href=\"https:\/\/eurodirections.com\/pl\/poznaj-wieden-lista-rzeczy-do-zrobienia-dla-podroznika\/#Wiedenskie-metro-U-Bahn\" >Wiede\u0144skie metro U-Bahn<\/a><\/li><\/ul><\/li><\/ul><\/nav><\/div>\n<p>Specjalna seria magazynu Eurodirections.com po\u015bwi\u0119cona najlepszym europejskim kierunkom podr\u00f3\u017cy.<\/p>\n<h2><span class=\"ez-toc-section\" id=\"Wiedenska-Bucket-List\"><\/span><b>Wiede\u0144ska Bucket List<\/b><span class=\"ez-toc-section-end\"><\/span><\/h2>\n<h4><span class=\"ez-toc-section\" id=\"Informacje-o-podrozach-odkrywcow\"><\/span><b> Informacje o podr\u00f3\u017cach odkrywc\u00f3w<\/b><span class=\"ez-toc-section-end\"><\/span><\/h4>\n<p><span style=\"font-weight: 400;\">Stolica Austrii, Wiede\u0144, to miasto historii, kultury i jako\u015bci \u017cycia, doskona\u0142y europejski cel podr\u00f3\u017cy, gdzie przez p\u00f3\u0142 tysi\u0105clecia pisa\u0142a si\u0119 historia \u015bwiata. Jest to miejsce, w kt\u00f3rym mo\u017cna pozna\u0107 unikaln\u0105 architektur\u0119 wiek\u00f3w. Zachowuj\u0105c r\u00f3\u017cnorodno\u015b\u0107 kulturow\u0105, nowoczesny Wiede\u0144 prezentuje wspania\u0142\u0105 mieszank\u0119 miejskiego \u017cycia i cesarskich tradycji. <\/span><\/p>\n<p><iframe style=\"border: 1px solid #EEE; background: white;\" src=\"about:blank\" width=\"880\" height=\"270\" frameborder=\"0\" scrolling=\"no\" class=\"lazyload\" data-src=\"https:\/\/eurodirections.substack.com\/embed\"><span data-mce-type=\"bookmark\" style=\"display: inline-block; width: 0px; overflow: hidden; line-height: 0;\" class=\"mce_SELRES_start\"><\/span><span data-mce-type=\"bookmark\" style=\"display: inline-block; width: 0px; overflow: hidden; line-height: 0;\" class=\"mce_SELRES_start\" align=\"center\"><\/span><\/iframe><\/p>\n<h3><span class=\"ez-toc-section\" id=\"Rzeczy-ktorych-nie-mozna-przegapic-w-Wiedniu\"><\/span><b>Rzeczy, kt\u00f3rych nie mo\u017cna przegapi\u0107 w Wiedniu<\/b><span class=\"ez-toc-section-end\"><\/span><\/h3>\n<ul>\n<li style=\"font-weight: 400;\" aria-level=\"1\"><span style=\"font-weight: 400;\">Zwiedzanie zabytkowego Hofburga, rezydencji w\u0142adc\u00f3w Austrii od 1275 roku z 18 grupami budynk\u00f3w.<\/span><\/li>\n<li style=\"font-weight: 400;\" aria-level=\"1\"><span style=\"font-weight: 400;\">Podziwiaj majestat Katedry \u015bw. Szczepana, najbardziej znacz\u0105cej gotyckiej budowli Wiednia.<\/span><\/li>\n<li style=\"font-weight: 400;\" aria-level=\"1\"><span style=\"font-weight: 400;\">Znajd\u017a znany na ca\u0142ym \u015bwiecie obraz &#8222;Poca\u0142unek&#8221; Gustava Klimta w G\u00f3rnym Pa\u0142acu Belwederskim.<\/span><\/li>\n<li style=\"font-weight: 400;\" aria-level=\"1\"><span style=\"font-weight: 400;\">Przejed\u017a si\u0119 na diabelskim m\u0142ynie Riesenrad w parku rozrywki Prater, aby zobaczy\u0107 fantastyczn\u0105 panoram\u0119 Wiednia.<\/span><\/li>\n<li style=\"font-weight: 400;\" aria-level=\"1\"><span style=\"font-weight: 400;\">W wiede\u0144skim zoo mo\u017cna poczu\u0107 si\u0119 jak w puszystym ogrodzie zoologicznym z uroczymi pandami, kt\u00f3re roztapiaj\u0105 si\u0119 w sercu, gdy si\u0119 je karmi. <\/span><\/li>\n<li style=\"font-weight: 400;\" aria-level=\"1\"><span style=\"font-weight: 400;\">Poznaj muzeum Zygmunta Freuda, aby zrozumie\u0107 ide\u0119 jego psychoanalizy. <\/span><\/li>\n<\/ul>\n<h3><span class=\"ez-toc-section\" id=\"Jedz-jak-miejscowy-w-Wiedniu\"><\/span><b>Jedz jak miejscowy w Wiedniu<\/b><span class=\"ez-toc-section-end\"><\/span><\/h3>\n<ul>\n<li style=\"font-weight: 400;\" aria-level=\"1\"><span style=\"font-weight: 400;\">Skosztuj wiede\u0144skiego deseru, Sachertorte, z ciemn\u0105 czekolad\u0105 i d\u017cemem morelowym. <\/span><\/li>\n<li style=\"font-weight: 400;\" aria-level=\"1\"><span style=\"font-weight: 400;\">Znajd\u017a Veganista, wega\u0144sk\u0105 lodziarni\u0119, kt\u00f3ra oferuje ro\u015blinne i bezmi\u0119sne przysmaki, czekolad\u0119 i ciasteczka.<\/span><\/li>\n<li style=\"font-weight: 400;\" aria-level=\"1\"><span style=\"font-weight: 400;\">Wybierz si\u0119 na wycieczk\u0119 degustacyjn\u0105, aby spr\u00f3bowa\u0107 wybranych win Weingut Cobenzl.<\/span><\/li>\n<li style=\"font-weight: 400;\" aria-level=\"1\"><span style=\"font-weight: 400;\">Poznaj r\u00f3\u017cnorodn\u0105 histori\u0119 kulinarn\u0105 Wiednia, spaceruj\u0105c po ladach otwartego targu Naschmarkt. <\/span><\/li>\n<li style=\"font-weight: 400;\" aria-level=\"1\"><span style=\"font-weight: 400;\">Poczuj atmosfer\u0119 i znajd\u017a dusz\u0119 Wiednia w Cafe Central, najwspanialszej z wielkich kawiarni w mie\u015bcie.<\/span><\/li>\n<\/ul>\n<h3><span class=\"ez-toc-section\" id=\"Gdzie-sie-zatrzymac-w-Wiedniu\"><\/span><b>Gdzie si\u0119 zatrzyma\u0107 w Wiedniu<\/b><span class=\"ez-toc-section-end\"><\/span><\/h3>\n<ul>\n<li style=\"font-weight: 400;\" aria-level=\"1\"><span style=\"font-weight: 400;\">Poczuj prawdziwy luksus Wiednia w 5-gwiazdkowym Hotelu Sacher Wien z posa\u017cnymi wn\u0119trzami i pi\u0119knymi widokami na miasto.<\/span><\/li>\n<li style=\"font-weight: 400;\" aria-level=\"1\"><span style=\"font-weight: 400;\">Ciesz si\u0119 wsp\u00f3\u0142czesnym designem Jaz in the City Vienna 4-gwiazdkowego hotelu w centrum kulturalnym. <\/span><\/li>\n<li style=\"font-weight: 400;\" aria-level=\"1\"><span style=\"font-weight: 400;\">Znajd\u017a komfort i prywatno\u015b\u0107 w Boutique Hotel Piano Nobile &#8211; am Stubenring z przytulnymi, ciep\u0142ymi pokojami.<\/span><\/li>\n<li style=\"font-weight: 400;\" aria-level=\"1\"><span style=\"font-weight: 400;\">Idealn\u0105 opcj\u0105, aby zaoszcz\u0119dzi\u0107 pieni\u0105dze i mie\u0107 komfort jest rezerwacja pokoju w K&amp;K Boardinghouse 2. <\/span><\/li>\n<li style=\"font-weight: 400;\" aria-level=\"1\"><span style=\"font-weight: 400;\">Podr\u00f3\u017c do s\u0142ynnego G\u00e4nserndorf bei Wien i nocleg w pi\u0119knym hotelu G\u00e4stezimmer by J\u00f6chlinger. <\/span><\/li>\n<\/ul>\n<p><script src=\"https:\/\/www.travelpayouts.com\/chansey\/iframe.js?v=1&amp;marker=14350&amp;host=air.eurodirections.com%2Fhotels&amp;locale=pl&amp;currency=eur&amp;nobooking=&amp;powered_by=false&amp;hotel_id=4227\" charset=\"utf-8\" async=\"\"><\/script><\/p>\n<h3><span class=\"ez-toc-section\" id=\"Tanie-loty-do-Wiednia\"><\/span>Tanie loty do Wiednia<br \/>\n<script src=\"https:\/\/tp.media\/content?currency=eur&amp;promo_id=4044&amp;shmarker=14350&amp;campaign_id=100&amp;trs=147545&amp;target_host=air.eurodirections.com%2Fflights&amp;locale=pl&amp;limit=10&amp;powered_by=false&amp;primary=%231086F4&amp;destination=VIE\" charset=\"utf-8\"><\/script><span class=\"ez-toc-section-end\"><\/span><\/h3>\n<p>Wi\u0119cej opcji lot\u00f3w znajdziesz w katalogu i <a title=\"Por\u00f3wnaj loty do Wiednia w Austrii.\" href=\"https:\/\/eurodirections.com\/pl\/kalendarz-loty-wieden\/\" target=\"_blank\" rel=\"noopener\">kalendarzu tanich lot\u00f3w do Wiednia<\/a>.<\/p>\n<h3><span class=\"ez-toc-section\" id=\"Wiedenskie-metro-U-Bahn\"><\/span>Wiede\u0144skie metro U-Bahn<span class=\"ez-toc-section-end\"><\/span><\/h3>\n<p>Wiede\u0144 mo\u017ce pochwali\u0107 si\u0119 rozbudowan\u0105 sieci\u0105 metra zwan\u0105 U-Bahn, znan\u0105 z szybko\u015bci, wydajno\u015bci i przyst\u0119pno\u015bci w przemieszczaniu si\u0119 po mie\u015bcie. Sk\u0142adaj\u0105cy si\u0119 z pi\u0119ciu linii i 83 stacji, U-Bahn zwykle dzia\u0142a od oko\u0142o 5:00 rano do p\u00f3\u0142nocy, z rozszerzonymi us\u0142ugami w pi\u0105tki i soboty.<\/p>\n<p>Jedn\u0105 z najwi\u0119kszych zalet wiede\u0144skiej U-Bahn jest jej bezproblemowe po\u0142\u0105czenie z mi\u0119dzynarodowym lotniskiem w Wiedniu. Wskakuj\u0105c na lini\u0119 U3, osoby doje\u017cd\u017caj\u0105ce do pracy mog\u0105 \u0142atwo podr\u00f3\u017cowa\u0107 do i z centrum miasta, poci\u0105gi przyje\u017cd\u017caj\u0105 co 6-10 minut w ci\u0105gu dnia i co 15-20 minut w nocy. Czas przejazdu mi\u0119dzy lotniskiem w Wiedniu a centrum miasta wynosi oko\u0142o 30 minut, co czyni U-Bahn optymaln\u0105 i przyjazn\u0105 dla bud\u017cetu opcj\u0105 transferu z lotniska.<\/p>\n<p><script type=\"application\/ld+json\">\n{\n    \"@context\": \"http:\/\/schema.org\",\n    \"@type\": \"WebPage\",\n    \"name\": \"Vienna guide\",\n    \"description\": \"Explore Vienna, Austria - short travel guide for tourist and visitor information about must-see places and sights, hotel and restaurant suggestions and cheap flights in Vienna.\",\n    \"publisher\": {\n        \"@type\": \"WebPage\",\n        \"name\": \"Eurodirections.com\"\n    }\n}\n<\/script><\/p>\n","protected":false},"excerpt":{"rendered":"<p>Specjalna seria magazynu Eurodirections.com po\u015bwi\u0119cona najlepszym europejskim kierunkom podr\u00f3\u017cy. Wiede\u0144ska Bucket List Informacje o podr\u00f3\u017cach odkrywc\u00f3w Stolica Austrii, Wiede\u0144, to miasto historii, kultury i jako\u015bci \u017cycia, doskona\u0142y europejski cel podr\u00f3\u017cy, gdzie przez p\u00f3\u0142 tysi\u0105clecia pisa\u0142a si\u0119 historia \u015bwiata. Jest to miejsce, w kt\u00f3rym mo\u017cna pozna\u0107 unikaln\u0105 architektur\u0119 wiek\u00f3w. Zachowuj\u0105c r\u00f3\u017cnorodno\u015b\u0107 kulturow\u0105, nowoczesny Wiede\u0144 prezentuje wspania\u0142\u0105 [&hellip;]<\/p>\n","protected":false},"author":1,"featured_media":2672,"parent":0,"menu_order":0,"comment_status":"closed","ping_status":"closed","template":"","meta":{"footnotes":""},"class_list":["post-19102","page","type-page","status-publish","has-post-thumbnail","hentry"],"_links":{"self":[{"href":"https:\/\/eurodirections.com\/pl\/wp-json\/wp\/v2\/pages\/19102","targetHints":{"allow":["GET"]}}],"collection":[{"href":"https:\/\/eurodirections.com\/pl\/wp-json\/wp\/v2\/pages"}],"about":[{"href":"https:\/\/eurodirections.com\/pl\/wp-json\/wp\/v2\/types\/page"}],"author":[{"embeddable":true,"href":"https:\/\/eurodirections.com\/pl\/wp-json\/wp\/v2\/users\/1"}],"replies":[{"embeddable":true,"href":"https:\/\/eurodirections.com\/pl\/wp-json\/wp\/v2\/comments?post=19102"}],"version-history":[{"count":0,"href":"https:\/\/eurodirections.com\/pl\/wp-json\/wp\/v2\/pages\/19102\/revisions"}],"wp:featuredmedia":[{"embeddable":true,"href":"https:\/\/eurodirections.com\/pl\/wp-json\/wp\/v2\/media\/2672"}],"wp:attachment":[{"href":"https:\/\/eurodirections.com\/pl\/wp-json\/wp\/v2\/media?parent=19102"}],"curies":[{"name":"wp","href":"https:\/\/api.w.org\/{rel}","templated":true}]}}