{"id":16171,"date":"2023-02-13T19:23:19","date_gmt":"2023-02-13T19:23:19","guid":{"rendered":"https:\/\/eurodirections.com\/warszawa-bucket-list-szybki-przewodnik\/"},"modified":"2023-02-13T20:38:42","modified_gmt":"2023-02-13T20:38:42","slug":"warszawa-bucket-list","status":"publish","type":"page","link":"https:\/\/eurodirections.com\/pl\/warszawa-bucket-list\/","title":{"rendered":"Warszawa bucket list (szybki przewodnik)"},"content":{"rendered":"<div id=\"ez-toc-container\" class=\"ez-toc-v2_0_82_2 counter-hierarchy ez-toc-counter ez-toc-grey ez-toc-container-direction\">\n<div class=\"ez-toc-title-container\">\n<p class=\"ez-toc-title\" style=\"cursor:inherit\">Table of Contents<\/p>\n<span class=\"ez-toc-title-toggle\"><a href=\"#\" class=\"ez-toc-pull-right ez-toc-btn ez-toc-btn-xs ez-toc-btn-default ez-toc-toggle\" aria-label=\"Prze\u0142\u0105cznik Spisu Tre\u015bci\"><span class=\"ez-toc-js-icon-con\"><span class=\"\"><span class=\"eztoc-hide\" style=\"display:none;\">Toggle<\/span><span class=\"ez-toc-icon-toggle-span\"><svg style=\"fill: #999;color:#999\" xmlns=\"http:\/\/www.w3.org\/2000\/svg\" class=\"list-377408\" width=\"20px\" height=\"20px\" viewBox=\"0 0 24 24\" fill=\"none\"><path d=\"M6 6H4v2h2V6zm14 0H8v2h12V6zM4 11h2v2H4v-2zm16 0H8v2h12v-2zM4 16h2v2H4v-2zm16 0H8v2h12v-2z\" fill=\"currentColor\"><\/path><\/svg><svg style=\"fill: #999;color:#999\" class=\"arrow-unsorted-368013\" xmlns=\"http:\/\/www.w3.org\/2000\/svg\" width=\"10px\" height=\"10px\" viewBox=\"0 0 24 24\" version=\"1.2\" baseProfile=\"tiny\"><path d=\"M18.2 9.3l-6.2-6.3-6.2 6.3c-.2.2-.3.4-.3.7s.1.5.3.7c.2.2.4.3.7.3h11c.3 0 .5-.1.7-.3.2-.2.3-.5.3-.7s-.1-.5-.3-.7zM5.8 14.7l6.2 6.3 6.2-6.3c.2-.2.3-.5.3-.7s-.1-.5-.3-.7c-.2-.2-.4-.3-.7-.3h-11c-.3 0-.5.1-.7.3-.2.2-.3.5-.3.7s.1.5.3.7z\"\/><\/svg><\/span><\/span><\/span><\/a><\/span><\/div>\n<nav><ul class='ez-toc-list ez-toc-list-level-1 eztoc-toggle-hide-by-default' ><li class='ez-toc-page-1 ez-toc-heading-level-2'><a class=\"ez-toc-link ez-toc-heading-1\" href=\"https:\/\/eurodirections.com\/pl\/warszawa-bucket-list\/#Witamy-w-Warszawie\" >Witamy w Warszawie<\/a><\/li><li class='ez-toc-page-1 ez-toc-heading-level-2'><a class=\"ez-toc-link ez-toc-heading-2\" href=\"https:\/\/eurodirections.com\/pl\/warszawa-bucket-list\/#Rzeczy-ktorych-nie-mozna-przegapic-w-Warszawie\" >Rzeczy, kt\u00f3rych nie mo\u017cna przegapi\u0107 w Warszawie<\/a><\/li><li class='ez-toc-page-1 ez-toc-heading-level-2'><a class=\"ez-toc-link ez-toc-heading-3\" href=\"https:\/\/eurodirections.com\/pl\/warszawa-bucket-list\/#Zjedz-jak-mieszkaniec-w-Warszawie\" >Zjedz jak mieszkaniec w Warszawie<\/a><\/li><li class='ez-toc-page-1 ez-toc-heading-level-2'><a class=\"ez-toc-link ez-toc-heading-4\" href=\"https:\/\/eurodirections.com\/pl\/warszawa-bucket-list\/#Gdzie-sie-zatrzymac-w-Warszawie\" >Gdzie si\u0119 zatrzyma\u0107 w Warszawie<\/a><ul class='ez-toc-list-level-3' ><li class='ez-toc-heading-level-3'><a class=\"ez-toc-link ez-toc-heading-5\" href=\"https:\/\/eurodirections.com\/pl\/warszawa-bucket-list\/#Mapa-hoteli-w-Warszawie-z-cenami\" >Mapa hoteli w Warszawie z cenami<\/a><\/li><\/ul><\/li><li class='ez-toc-page-1 ez-toc-heading-level-2'><a class=\"ez-toc-link ez-toc-heading-6\" href=\"https:\/\/eurodirections.com\/pl\/warszawa-bucket-list\/#Dlaczego-warto-odwiedzic-Warszawe\" >Dlaczego warto odwiedzi\u0107 Warszaw\u0119?<\/a><ul class='ez-toc-list-level-3' ><li class='ez-toc-heading-level-3'><a class=\"ez-toc-link ez-toc-heading-7\" href=\"https:\/\/eurodirections.com\/pl\/warszawa-bucket-list\/#Rezerwuj-wycieczki-z-przewodnikiem-w-Warszawie\" >Rezerwuj wycieczki z przewodnikiem w Warszawie<\/a><\/li><li class='ez-toc-page-1 ez-toc-heading-level-3'><a class=\"ez-toc-link ez-toc-heading-8\" href=\"https:\/\/eurodirections.com\/pl\/warszawa-bucket-list\/#Zarezerwuj-tani-lot-do-Warszawy\" >Zarezerwuj tani lot do Warszawy<\/a><\/li><\/ul><\/li><\/ul><\/nav><\/div>\n<p>Warszawa jest stolic\u0105 Polski i po\u0142o\u017cona jest w centralnej cz\u0119\u015bci kraju. Liczy ponad 1,7 miliona mieszka\u0144c\u00f3w i jest jednym z najwi\u0119kszych miast w Europie. Warszawa ma bogat\u0105 histori\u0119, si\u0119gaj\u0105c\u0105 \u015bredniowiecza i od wiek\u00f3w stanowi centrum polskiego \u017cycia politycznego i kulturalnego. To nowoczesna metropolia z t\u0119tni\u0105c\u0105 \u017cyciem scen\u0105 kulturaln\u0105, w tym licznymi muzeami, galeriami, teatrami i klubami muzycznymi.<\/p>\n<figure id=\"attachment_16151\" aria-describedby=\"caption-attachment-16151\" style=\"width: 1400px\" class=\"wp-caption alignnone\"><img fetchpriority=\"high\" decoding=\"async\" class=\"wp-image-16151 size-full\" title=\"Centralne ulice Warszawy, Polska. \" src=\"https:\/\/eurodirections.com\/wp-content\/uploads\/2023\/02\/warsaw-central-streets.jpg\" alt=\"Centralne ulice Warszawy, Polska\" width=\"1400\" height=\"934\" srcset=\"https:\/\/eurodirections.com\/wp-content\/uploads\/2023\/02\/warsaw-central-streets.jpg 1400w, https:\/\/eurodirections.com\/wp-content\/uploads\/2023\/02\/warsaw-central-streets-300x200.jpg 300w, https:\/\/eurodirections.com\/wp-content\/uploads\/2023\/02\/warsaw-central-streets-1024x683.jpg 1024w, https:\/\/eurodirections.com\/wp-content\/uploads\/2023\/02\/warsaw-central-streets-768x512.jpg 768w\" sizes=\"(max-width: 1400px) 100vw, 1400px\" \/><figcaption id=\"caption-attachment-16151\" class=\"wp-caption-text\">Centralne ulice Warszawy, Polska. Image: Shutterstock<\/figcaption><\/figure>\n<p>W mie\u015bcie znajduje si\u0119 r\u00f3wnie\u017c wiele zabytk\u00f3w, takich jak Zamek Kr\u00f3lewski, Stare Miasto i Muzeum Powstania Warszawskiego, kt\u00f3re przypominaj\u0105 o przesz\u0142o\u015bci miasta i jego znaczeniu w historii Polski. W ostatnich latach Warszawa sta\u0142a si\u0119 wa\u017cnym o\u015brodkiem biznesowym i finansowym oraz przyci\u0105ga wiele mi\u0119dzynarodowych firm i organizacji.<\/p>\n<h2><span class=\"ez-toc-section\" id=\"Witamy-w-Warszawie\"><\/span><b>Witamy w Warszawie<\/b><span class=\"ez-toc-section-end\"><\/span><\/h2>\n<p><span style=\"font-weight: 400;\">Powsta\u0142y z popio\u0142\u00f3w Warshaw nadal zachwyca swoim pi\u0119knem, histori\u0105 i architektur\u0105. Spaceruj\u0105c po Starym Mie\u015bcie nigdy nie powiedzia\u0142by\u015b, \u017ce 85% miasta zosta\u0142o zniszczone podczas II wojny \u015bwiatowej. <\/span><\/p>\n<p><span style=\"font-weight: 400;\">Niezale\u017cnie od tego, czy podr\u00f3\u017cujesz do Warszawy, aby zobaczy\u0107 histori\u0119 i architektur\u0119, zobaczy\u0107 kontrasty architektury nowoczesnej i historycznej, czy poczu\u0107 rytm kosmopolitycznego miasta, Warszawa ma to wszystko.<\/span><\/p>\n<h2><span class=\"ez-toc-section\" id=\"Rzeczy-ktorych-nie-mozna-przegapic-w-Warszawie\"><\/span><b>Rzeczy, kt\u00f3rych nie mo\u017cna przegapi\u0107 w Warszawie<\/b><span class=\"ez-toc-section-end\"><\/span><\/h2>\n<ul>\n<li style=\"font-weight: 400;\" aria-level=\"1\"><span style=\"font-weight: 400;\">Wybierz si\u0119 na piesz\u0105 wycieczk\u0119 po Starym Mie\u015bcie ze zrekonstruowanymi budynkami, alejkami i przej\u015bciami.<\/span><\/li>\n<li style=\"font-weight: 400;\" aria-level=\"1\"><span style=\"font-weight: 400;\">Kontynuuj zwiedzanie miasta poprzez Drog\u0119 Kr\u00f3lewsk\u0105, zaczynaj\u0105c\u0105 si\u0119 na Placu Zamkowym i ci\u0105gn\u0105c\u0105 si\u0119 do Pa\u0142acu w Wilanowie.<\/span><\/li>\n<li style=\"font-weight: 400;\" aria-level=\"1\"><span style=\"font-weight: 400;\">Ciesz si\u0119 kawa\u0142kiem natury w \u0141azienkach Kr\u00f3lewskich, najwi\u0119kszym parku w Warszawie, zajmuj\u0105cym 76 akr\u00f3w bujnego zielonego lasu z amfiteatrem, pawilonami, promenadami i nie tylko.<\/span><\/li>\n<li style=\"font-weight: 400;\" aria-level=\"1\"><span style=\"font-weight: 400;\">Odwied\u017a najbardziej imponuj\u0105cy i najwy\u017cszy budynek w Warszawie, 237-metrowy Pa\u0142ac Kultury i Nauki.<\/span><\/li>\n<li style=\"font-weight: 400;\" aria-level=\"1\"><span style=\"font-weight: 400;\">Zapraszamy na wieczorny spacer po Krakowskim Przedmie\u015bciu, najbardziej presti\u017cowej ulicy z pa\u0142acami i pomnikami. <\/span><\/li>\n<li style=\"font-weight: 400;\" aria-level=\"1\"><span style=\"font-weight: 400;\">Wejd\u017a po 150-stopniowych schodach, aby obejrze\u0107 zach\u00f3d s\u0142o\u0144ca z tarasu widokowego Taras Widokowy \u015bw. Anny.<\/span><\/li>\n<\/ul>\n<figure id=\"attachment_16121\" aria-describedby=\"caption-attachment-16121\" style=\"width: 1400px\" class=\"wp-caption alignnone\"><img decoding=\"async\" class=\"wp-image-16121 size-full\" title=\"Park \u0141azienkowski, Warszawa, Polska\" src=\"https:\/\/eurodirections.com\/wp-content\/uploads\/2023\/02\/lazienki-park-warsaw-poland.jpg\" alt=\"Park \u0141azienkowski w Warszawie\" width=\"1400\" height=\"984\" srcset=\"https:\/\/eurodirections.com\/wp-content\/uploads\/2023\/02\/lazienki-park-warsaw-poland.jpg 1400w, https:\/\/eurodirections.com\/wp-content\/uploads\/2023\/02\/lazienki-park-warsaw-poland-300x211.jpg 300w, https:\/\/eurodirections.com\/wp-content\/uploads\/2023\/02\/lazienki-park-warsaw-poland-1024x720.jpg 1024w, https:\/\/eurodirections.com\/wp-content\/uploads\/2023\/02\/lazienki-park-warsaw-poland-768x540.jpg 768w\" sizes=\"(max-width: 1400px) 100vw, 1400px\" \/><figcaption id=\"caption-attachment-16121\" class=\"wp-caption-text\">Park \u0141azienkowski, najwi\u0119kszy park w Warszawie, zajmuj\u0105cy 76 akr\u00f3w bujnego lasu z amfiteatrem, pawilonami, promenadami i wieloma innymi atrakcjami. Image: Shutterstock<\/figcaption><\/figure>\n<h2><span class=\"ez-toc-section\" id=\"Zjedz-jak-mieszkaniec-w-Warszawie\"><\/span><b>Zjedz jak mieszkaniec w Warszawie<\/b><span class=\"ez-toc-section-end\"><\/span><\/h2>\n<ul>\n<li style=\"font-weight: 400;\" aria-level=\"1\"><span style=\"font-weight: 400;\">Odwied\u017a Manekin na Placu Konstytucji, aby skosztowa\u0107 najlepszych nale\u015bniki, tradycyjnych polskich nale\u015bnik\u00f3w z r\u00f3\u017cnymi s\u0142odkimi i wegetaria\u0144skimi nadzieniami.<\/span><\/li>\n<li style=\"font-weight: 400;\" aria-level=\"1\"><span style=\"font-weight: 400;\">Nie przegap bar\u00f3w mlecznych, tradycyjnych tanich knajpek w Warszawie, gdzie mo\u017cna zje\u015b\u0107 szybko i niedrogo. <\/span><\/li>\n<li style=\"font-weight: 400;\" aria-level=\"1\"><span style=\"font-weight: 400;\">Na mi\u0142o\u015bnik\u00f3w pizzy czeka M\u0105ka i woda, gdzie skosztujecie najsmaczniejszej w\u0142oskiej pizzy.<\/span><\/li>\n<li style=\"font-weight: 400;\" aria-level=\"1\"><span style=\"font-weight: 400;\">Je\u015bli jeste\u015b wegetarianinem, koniecznie odwied\u017a Krowarzywa, najlepsz\u0105 wegetaria\u0144sk\u0105 restauracj\u0119 z wega\u0144skimi burgerami.<\/span><\/li>\n<li style=\"font-weight: 400;\" aria-level=\"1\"><span style=\"font-weight: 400;\">Skosztuj popularnych Pyzy, czyli lokalnych pierog\u00f3w z ziemniakami i mi\u0119sem w restauracji Pyzy Flaki Gora\u00e7e.<\/span><\/li>\n<\/ul>\n<figure id=\"attachment_16106\" aria-describedby=\"caption-attachment-16106\" style=\"width: 1401px\" class=\"wp-caption alignnone\"><img decoding=\"async\" class=\"wp-image-16106 size-full\" title=\"Pyzy i Gulasz - Polska\" src=\"https:\/\/eurodirections.com\/wp-content\/uploads\/2023\/02\/pyzy-i-gulasz-polska.jpg\" alt=\"Pyzy i Gulasz, Polska\" width=\"1401\" height=\"1078\" srcset=\"https:\/\/eurodirections.com\/wp-content\/uploads\/2023\/02\/pyzy-i-gulasz-polska.jpg 1401w, https:\/\/eurodirections.com\/wp-content\/uploads\/2023\/02\/pyzy-i-gulasz-polska-300x231.jpg 300w, https:\/\/eurodirections.com\/wp-content\/uploads\/2023\/02\/pyzy-i-gulasz-polska-1024x788.jpg 1024w, https:\/\/eurodirections.com\/wp-content\/uploads\/2023\/02\/pyzy-i-gulasz-polska-768x591.jpg 768w\" sizes=\"(max-width: 1401px) 100vw, 1401px\" \/><figcaption id=\"caption-attachment-16106\" class=\"wp-caption-text\">Pyzy i Gulasz. Photo by Karolina Ko\u0142odziejczak on Unsplash<\/figcaption><\/figure>\n<h2><span class=\"ez-toc-section\" id=\"Gdzie-sie-zatrzymac-w-Warszawie\"><\/span><b>Gdzie si\u0119 zatrzyma\u0107 w Warszawie<\/b><span class=\"ez-toc-section-end\"><\/span><\/h2>\n<ul>\n<li style=\"font-weight: 400;\" aria-level=\"1\"><span style=\"font-weight: 400;\">Aby prze\u017cy\u0107 prawdziwie kr\u00f3lewski pobyt w Warszawie, wybierz 5-gwiazdkowy hotel Raffles Europejski Warsaw z najbardziej luksusowym wn\u0119trzem, w kt\u00f3rym goszcz\u0105 go\u015bci od 1857 roku.<\/span><\/li>\n<li style=\"font-weight: 400;\" aria-level=\"1\"><span style=\"font-weight: 400;\">Zanurz si\u0119 w eleganckiej i nowoczesnej atmosferze 4-gwiazdkowego NYX Hotel Warsaw by Leonardo Hotels z nowoczesnymi, przyci\u0105gaj\u0105cymi wzrok kombinacjami wn\u0119trz.<\/span><\/li>\n<li style=\"font-weight: 400;\" aria-level=\"1\"><span style=\"font-weight: 400;\">Zap\u0142a\u0107 mniej i nadal ciesz si\u0119 wspania\u0142ym pobytem w Warszawie w 3-gwiazdkowym Holiday Inn Express &#8211; Warsaw &#8211; The HUB, hotelu IHG.<\/span><\/li>\n<li style=\"font-weight: 400;\" aria-level=\"1\"><span style=\"font-weight: 400;\">Wybierz, aby zaoszcz\u0119dzi\u0107 na swoim pobycie w najlepiej ocenianym hostelu Safestay Warsaw w mie\u015bcie.<\/span><\/li>\n<li style=\"font-weight: 400;\" aria-level=\"1\"><span style=\"font-weight: 400;\">Wybierz si\u0119 na jednodniow\u0105 wycieczk\u0119 do Kazimierza Dolnego, artystycznego centrum Polski i przenocuj w Domu G\u00f3reckich z pi\u0119knym ogrodem.<\/span><\/li>\n<\/ul>\n<h3><span class=\"ez-toc-section\" id=\"Mapa-hoteli-w-Warszawie-z-cenami\"><\/span>Mapa hoteli w Warszawie z cenami<span class=\"ez-toc-section-end\"><\/span><\/h3>\n<p><script src=\"https:\/\/tp.media\/content?0=0&amp;1=10&amp;currency=eur&amp;promo_id=4285&amp;shmarker=14350&amp;campaign_id=101&amp;trs=147545&amp;search_host=search.hotellook.com&amp;locale=en&amp;draggable=true&amp;disable_zoom=false&amp;show_logo=false&amp;scrollwheel=false&amp;color=%2307AF61&amp;contrast_color=%23ffffff&amp;width=1000&amp;height=600&amp;zoom=14&amp;radius=60&amp;stars=0%2C1%2C2%2C3%2C4%2C5&amp;price_from=&amp;price_to=&amp;lat=52.22977&amp;lng=21.01178\" charset=\"utf-8\"><\/script><\/p>\n<h2><span class=\"ez-toc-section\" id=\"Dlaczego-warto-odwiedzic-Warszawe\"><\/span>Dlaczego warto odwiedzi\u0107 Warszaw\u0119?<span class=\"ez-toc-section-end\"><\/span><\/h2>\n<figure id=\"attachment_16136\" aria-describedby=\"caption-attachment-16136\" style=\"width: 1400px\" class=\"wp-caption alignnone\"><img loading=\"lazy\" decoding=\"async\" class=\"wp-image-16136 size-full\" title=\"Warszawa, Krakowskie Przedmie\u015bcie\" src=\"https:\/\/eurodirections.com\/wp-content\/uploads\/2023\/02\/warsaw-krakowskie-przedmiescie.jpg\" alt=\"Warszawa, Krakowskie Przedmie\u015bcie\" width=\"1400\" height=\"934\" srcset=\"https:\/\/eurodirections.com\/wp-content\/uploads\/2023\/02\/warsaw-krakowskie-przedmiescie.jpg 1400w, https:\/\/eurodirections.com\/wp-content\/uploads\/2023\/02\/warsaw-krakowskie-przedmiescie-300x200.jpg 300w, https:\/\/eurodirections.com\/wp-content\/uploads\/2023\/02\/warsaw-krakowskie-przedmiescie-1024x683.jpg 1024w, https:\/\/eurodirections.com\/wp-content\/uploads\/2023\/02\/warsaw-krakowskie-przedmiescie-768x512.jpg 768w\" sizes=\"(max-width: 1400px) 100vw, 1400px\" \/><figcaption id=\"caption-attachment-16136\" class=\"wp-caption-text\">Warszawa, Krakowskie Przedmie\u015bcie. Image: Shutterstock<\/figcaption><\/figure>\n<p>Jeste\u015bmy przekonani, \u017ce istnieje wiele powod\u00f3w, kt\u00f3re przekonaj\u0105 Ci\u0119 do <a title=\"Znajd\u017a tanie loty do Warszawy, Polska\" href=\"https:\/\/eurodirections.com\/pl\/loty-do-warszawy-polska\/\" target=\"_blank\" rel=\"noopener\">rezerwacji lotu do Warszawy<\/a>, a my wybrali\u015bmy 5 najbardziej przekonuj\u0105cych. Oto pi\u0119\u0107 powod\u00f3w, dla kt\u00f3rych powiniene\u015b rozwa\u017cy\u0107 podr\u00f3\u017c do Warszawy:<\/p>\n<ol>\n<li>Bogata historia i kultura: Warszawa ma d\u0142ug\u0105 i fascynuj\u0105c\u0105 histori\u0119, a wiele jej zabytk\u00f3w i muze\u00f3w jest \u015bwiadectwem przesz\u0142o\u015bci miasta. Od historycznego Starego Miasta, kt\u00f3re zosta\u0142o pi\u0119knie odrestaurowane po praktycznie zniszczonych podczas II wojny \u015bwiatowej, po Zamek Kr\u00f3lewski i Muzeum Powstania Warszawskiego, istnieje wiele mo\u017cliwo\u015bci poznania bogatego dziedzictwa kulturowego miasta.<\/li>\n<li>T\u0119tni\u0105ca \u017cyciem scena artystyczna: Warszawa ma kwitn\u0105c\u0105 scen\u0119 artystyczn\u0105, z wieloma teatrami, muzeami, galeriami i klubami muzycznymi prezentuj\u0105cymi prace lokalnych i mi\u0119dzynarodowych artyst\u00f3w. Niezale\u017cnie od tego, czy interesujesz si\u0119 muzyk\u0105 klasyczn\u0105, sztuk\u0105 wsp\u00f3\u0142czesn\u0105, czy tradycyjnymi wyst\u0119pami ludowymi, na pewno znajdziesz co\u015b dla siebie.<\/li>\n<li>Wspania\u0142e jedzenie i picie: Warszawa ma kwitn\u0105c\u0105 scen\u0119 kulinarn\u0105, z wieloma restauracjami, kawiarniami i barami serwuj\u0105cymi tradycyjne dania kuchni polskiej, a tak\u017ce potrawy mi\u0119dzynarodowe. Koniecznie spr\u00f3buj s\u0142ynnych miejskich pierog\u00f3w, bigosu (gulasz) i kielbasy (kie\u0142basy) oraz skosztuj lokalnie produkowanej w\u00f3dki i piwa.<\/li>\n<li>Niedrogie i \u0142atwo dost\u0119pne: Warszawa, mimo \u017ce jest stolic\u0105 Polski, jest stosunkowo przyst\u0119pna cenowo w por\u00f3wnaniu z innymi g\u0142\u00f3wnymi miastami europejskimi, co czyni j\u0105 atrakcyjnym celem dla podr\u00f3\u017cuj\u0105cych z ograniczonym bud\u017cetem. Miasto jest r\u00f3wnie\u017c dobrze skomunikowane, z dobrymi po\u0142\u0105czeniami komunikacyjnymi, w tym rozbudowan\u0105 sieci\u0105 tramwaj\u00f3w, autobus\u00f3w i poci\u0105g\u00f3w, co u\u0142atwia poruszanie si\u0119.<\/li>\n<li>Przyja\u017ani i serdeczni ludzie: Warszawiacy s\u0105 znani z serdecznej go\u015bcinno\u015bci i przyjaznego charakteru, co sprawia, \u017ce jest to szczeg\u00f3lnie przyjazne miejsce dla odwiedzaj\u0105cych. Niezale\u017cnie od tego, czy szukasz pomocy w zakresie wskaz\u00f3wek dojazdu, rekomendacji dotycz\u0105cych lokalnych zabytk\u00f3w i atrakcji, czy po prostu kogo\u015b do rozmowy, na pewno znajdziesz przyjazn\u0105 twarz w tym mie\u015bcie.<\/li>\n<\/ol>\n<h3><span class=\"ez-toc-section\" id=\"Rezerwuj-wycieczki-z-przewodnikiem-w-Warszawie\"><\/span>Rezerwuj wycieczki z przewodnikiem w Warszawie<span class=\"ez-toc-section-end\"><\/span><\/h3>\n<p><script src=\"https:\/\/tp.media\/content?currency=eur&amp;promo_id=5850&amp;shmarker=14350&amp;campaign_id=47&amp;trs=147545&amp;min_lines=10&amp;scroll_height=&amp;color_button=%230565FF&amp;destination=528\" charset=\"utf-8\"><\/script><\/p>\n<h3><span class=\"ez-toc-section\" id=\"Zarezerwuj-tani-lot-do-Warszawy\"><\/span>Zarezerwuj tani lot do Warszawy<span class=\"ez-toc-section-end\"><\/span><\/h3>\n<p>Dzi\u0119ki tej wygodnej li\u015bcie odkryj najlepsze niedrogie opcje lot\u00f3w do Warszawy. Mo\u017cesz \u0142atwo wyszukiwa\u0107 i por\u00f3wnywa\u0107 setki lot\u00f3w do stolicy Polski, korzystaj\u0105c z naszej inteligentnej wyszukiwarki lot\u00f3w. Znajd\u017a najta\u0144sz\u0105 i najwygodniejsz\u0105 tras\u0119 dla swoich plan\u00f3w podr\u00f3\u017cy i bez obaw zarezerwuj podr\u00f3\u017c do Warszawy.<\/p>\n<p><script src=\"https:\/\/tp.media\/content?currency=eur&amp;promo_id=4044&amp;shmarker=14350&amp;campaign_id=100&amp;trs=147545&amp;target_host=air.eurodirections.com%2Fflights&amp;locale=en&amp;limit=12&amp;powered_by=false&amp;primary=%230085FF&amp;destination=WAW\" charset=\"utf-8\"><\/script><\/p>\n","protected":false},"excerpt":{"rendered":"<p>Warszawa jest stolic\u0105 Polski i po\u0142o\u017cona jest w centralnej cz\u0119\u015bci kraju. Liczy ponad 1,7 miliona mieszka\u0144c\u00f3w i jest jednym z najwi\u0119kszych miast w Europie. Warszawa ma bogat\u0105 histori\u0119, si\u0119gaj\u0105c\u0105 \u015bredniowiecza i od wiek\u00f3w stanowi centrum polskiego \u017cycia politycznego i kulturalnego. To nowoczesna metropolia z t\u0119tni\u0105c\u0105 \u017cyciem scen\u0105 kulturaln\u0105, w tym licznymi muzeami, galeriami, teatrami i [&hellip;]<\/p>\n","protected":false},"author":4,"featured_media":16100,"parent":0,"menu_order":0,"comment_status":"closed","ping_status":"closed","template":"","meta":{"footnotes":""},"class_list":["post-16171","page","type-page","status-publish","has-post-thumbnail","hentry"],"_links":{"self":[{"href":"https:\/\/eurodirections.com\/pl\/wp-json\/wp\/v2\/pages\/16171","targetHints":{"allow":["GET"]}}],"collection":[{"href":"https:\/\/eurodirections.com\/pl\/wp-json\/wp\/v2\/pages"}],"about":[{"href":"https:\/\/eurodirections.com\/pl\/wp-json\/wp\/v2\/types\/page"}],"author":[{"embeddable":true,"href":"https:\/\/eurodirections.com\/pl\/wp-json\/wp\/v2\/users\/4"}],"replies":[{"embeddable":true,"href":"https:\/\/eurodirections.com\/pl\/wp-json\/wp\/v2\/comments?post=16171"}],"version-history":[{"count":0,"href":"https:\/\/eurodirections.com\/pl\/wp-json\/wp\/v2\/pages\/16171\/revisions"}],"wp:featuredmedia":[{"embeddable":true,"href":"https:\/\/eurodirections.com\/pl\/wp-json\/wp\/v2\/media\/16100"}],"wp:attachment":[{"href":"https:\/\/eurodirections.com\/pl\/wp-json\/wp\/v2\/media?parent=16171"}],"curies":[{"name":"wp","href":"https:\/\/api.w.org\/{rel}","templated":true}]}}