{"id":16060,"date":"2022-04-15T07:11:32","date_gmt":"2022-04-15T07:11:32","guid":{"rendered":"https:\/\/eurodirections.com\/lista-rzeczy-do-zrobienia-na-rodos\/"},"modified":"2023-02-13T16:32:24","modified_gmt":"2023-02-13T16:32:24","slug":"lista-rzeczy-do-zrobienia-na-rodos","status":"publish","type":"page","link":"https:\/\/eurodirections.com\/pl\/lista-rzeczy-do-zrobienia-na-rodos\/","title":{"rendered":"lista rzeczy do zrobienia na Rodos"},"content":{"rendered":"<div id=\"ez-toc-container\" class=\"ez-toc-v2_0_82_2 counter-hierarchy ez-toc-counter ez-toc-grey ez-toc-container-direction\">\n<div class=\"ez-toc-title-container\">\n<p class=\"ez-toc-title\" style=\"cursor:inherit\">Table of Contents<\/p>\n<span class=\"ez-toc-title-toggle\"><a href=\"#\" class=\"ez-toc-pull-right ez-toc-btn ez-toc-btn-xs ez-toc-btn-default ez-toc-toggle\" aria-label=\"Prze\u0142\u0105cznik Spisu Tre\u015bci\"><span class=\"ez-toc-js-icon-con\"><span class=\"\"><span class=\"eztoc-hide\" style=\"display:none;\">Toggle<\/span><span class=\"ez-toc-icon-toggle-span\"><svg style=\"fill: #999;color:#999\" xmlns=\"http:\/\/www.w3.org\/2000\/svg\" class=\"list-377408\" width=\"20px\" height=\"20px\" viewBox=\"0 0 24 24\" fill=\"none\"><path d=\"M6 6H4v2h2V6zm14 0H8v2h12V6zM4 11h2v2H4v-2zm16 0H8v2h12v-2zM4 16h2v2H4v-2zm16 0H8v2h12v-2z\" fill=\"currentColor\"><\/path><\/svg><svg style=\"fill: #999;color:#999\" class=\"arrow-unsorted-368013\" xmlns=\"http:\/\/www.w3.org\/2000\/svg\" width=\"10px\" height=\"10px\" viewBox=\"0 0 24 24\" version=\"1.2\" baseProfile=\"tiny\"><path d=\"M18.2 9.3l-6.2-6.3-6.2 6.3c-.2.2-.3.4-.3.7s.1.5.3.7c.2.2.4.3.7.3h11c.3 0 .5-.1.7-.3.2-.2.3-.5.3-.7s-.1-.5-.3-.7zM5.8 14.7l6.2 6.3 6.2-6.3c.2-.2.3-.5.3-.7s-.1-.5-.3-.7c-.2-.2-.4-.3-.7-.3h-11c-.3 0-.5.1-.7.3-.2.2-.3.5-.3.7s.1.5.3.7z\"\/><\/svg><\/span><\/span><\/span><\/a><\/span><\/div>\n<nav><ul class='ez-toc-list ez-toc-list-level-1 eztoc-toggle-hide-by-default' ><li class='ez-toc-page-1 ez-toc-heading-level-2'><a class=\"ez-toc-link ez-toc-heading-1\" href=\"https:\/\/eurodirections.com\/pl\/lista-rzeczy-do-zrobienia-na-rodos\/#Poznaj-Rodos-lista-rzeczy-do-zrobienia-dla-turystow\" >Poznaj Rodos: lista rzeczy do zrobienia dla turyst\u00f3w<\/a><ul class='ez-toc-list-level-3' ><li class='ez-toc-heading-level-3'><a class=\"ez-toc-link ez-toc-heading-2\" href=\"https:\/\/eurodirections.com\/pl\/lista-rzeczy-do-zrobienia-na-rodos\/#Rzeczy-ktorych-nie-mozna-przegapic-na-Rodos\" >Rzeczy, kt\u00f3rych nie mo\u017cna przegapi\u0107 na Rodos<\/a><\/li><li class='ez-toc-page-1 ez-toc-heading-level-3'><a class=\"ez-toc-link ez-toc-heading-3\" href=\"https:\/\/eurodirections.com\/pl\/lista-rzeczy-do-zrobienia-na-rodos\/#Jedz-jak-miejscowy-na-Rodos\" >Jedz jak miejscowy na Rodos<\/a><\/li><li class='ez-toc-page-1 ez-toc-heading-level-3'><a class=\"ez-toc-link ez-toc-heading-4\" href=\"https:\/\/eurodirections.com\/pl\/lista-rzeczy-do-zrobienia-na-rodos\/#Gdzie-sie-zatrzymac-na-Rodos\" >Gdzie si\u0119 zatrzyma\u0107 na Rodos<\/a><\/li><li class='ez-toc-page-1 ez-toc-heading-level-3'><a class=\"ez-toc-link ez-toc-heading-5\" href=\"https:\/\/eurodirections.com\/pl\/lista-rzeczy-do-zrobienia-na-rodos\/#Mapa-hoteli-na-wyspie-Rodos-z-cenami\" >Mapa hoteli na wyspie Rodos z cenami<\/a><\/li><li class='ez-toc-page-1 ez-toc-heading-level-3'><a class=\"ez-toc-link ez-toc-heading-6\" href=\"https:\/\/eurodirections.com\/pl\/lista-rzeczy-do-zrobienia-na-rodos\/#Wykaz-tanich-lotow-do-Rodos\" >Wykaz tanich lot\u00f3w do Rodos<\/a><\/li><\/ul><\/li><\/ul><\/nav><\/div>\n<h2><span class=\"ez-toc-section\" id=\"Poznaj-Rodos-lista-rzeczy-do-zrobienia-dla-turystow\"><\/span><b>Poznaj Rodos: lista rzeczy do zrobienia dla turyst\u00f3w<\/b><span class=\"ez-toc-section-end\"><\/span><\/h2>\n<p><span style=\"font-weight: 400;\">Rodos to najwi\u0119ksza z wysp Dodekanezu, odwiedzana co roku przez ponad 2 miliony turyst\u00f3w. Wspania\u0142a grecka wyspa to nie tylko p\u0142ywanie i zapieraj\u0105ca dech w piersiach przyroda, ale tak\u017ce wpisane na List\u0119 \u015awiatowego Dziedzictwa UNESCO stare miasto z tysi\u0105cletni\u0105 histori\u0105, architektur\u0105 i jeszcze 100 powod\u00f3w, by odwiedzi\u0107 Rodos. <\/span><\/p>\n<blockquote><p>Zobacz te\u017c: <a href=\"https:\/\/eurodirections.com\/travel-to-rhodes-greece\/#Best-season-for-visiting-Rhodes\" target=\"_blank\" rel=\"noopener\">Czy wiesz, kt\u00f3ry sezon jest najlepszy na podr\u00f3\u017c na Rodos?<\/a><\/p><\/blockquote>\n<h3><span class=\"ez-toc-section\" id=\"Rzeczy-ktorych-nie-mozna-przegapic-na-Rodos\"><\/span><b>Rzeczy, kt\u00f3rych nie mo\u017cna przegapi\u0107 na Rodos<\/b><span class=\"ez-toc-section-end\"><\/span><\/h3>\n<figure id=\"attachment_1876\" aria-describedby=\"caption-attachment-1876\" style=\"width: 971px\" class=\"wp-caption alignnone\"><img fetchpriority=\"high\" decoding=\"async\" class=\"size-full wp-image-1876\" src=\"http:\/\/eurodirections.com\/wp-content\/uploads\/2022\/04\/rhodes-city-greece.jpg\" alt=\"Ulice miasta Rodos, Grecja\" width=\"971\" height=\"618\" srcset=\"https:\/\/eurodirections.com\/wp-content\/uploads\/2022\/04\/rhodes-city-greece.jpg 971w, https:\/\/eurodirections.com\/wp-content\/uploads\/2022\/04\/rhodes-city-greece-300x191.jpg 300w, https:\/\/eurodirections.com\/wp-content\/uploads\/2022\/04\/rhodes-city-greece-768x489.jpg 768w, https:\/\/eurodirections.com\/wp-content\/uploads\/2022\/04\/rhodes-city-greece-100x65.jpg 100w\" sizes=\"(max-width: 971px) 100vw, 971px\" \/><figcaption id=\"caption-attachment-1876\" class=\"wp-caption-text\">Ulice miasta Rodos, Grecja. Fot. PixMeta<\/figcaption><\/figure>\n<ul>\n<li style=\"font-weight: 400;\" aria-level=\"1\">W\u0119druj po staro\u017cytnym Akropolu w Lindos z ruinami rozsianymi po ca\u0142ym wybrze\u017cu.<\/li>\n<li style=\"font-weight: 400;\" aria-level=\"1\">Nie przegap St Paul&#8217;s Beach, idealnej pla\u017cy z czyst\u0105 wod\u0105 i \u015bwiec\u0105cym z\u0142otym piaskiem.<\/li>\n<li style=\"font-weight: 400;\" aria-level=\"1\">Traktuj swoje cia\u0142o gor\u0105cymi \u017ar\u00f3d\u0142ami Kalithea o w\u0142a\u015bciwo\u015bciach leczniczych.<\/li>\n<li style=\"font-weight: 400;\" aria-level=\"1\">Wype\u0142nij niewyobra\u017calny romans w Dolinie Motyli wype\u0142nionej kolorowymi motylami od ko\u0144ca czerwca do po\u0142owy sierpnia.<\/li>\n<li style=\"font-weight: 400;\" aria-level=\"1\">Podziwiaj pi\u0119kno zachodu s\u0142o\u0144ca, spaceruj\u0105c po Starym Mie\u015bcie w Rodos.<\/li>\n<li style=\"font-weight: 400;\" aria-level=\"1\">Znajd\u017a pi\u0119kny klasztor Tsambika, czysto bia\u0142y ko\u015bci\u00f3\u0142 z czerwonym dachem i fantastycznym widokiem na g\u00f3ry.<\/li>\n<\/ul>\n<h3><span class=\"ez-toc-section\" id=\"Jedz-jak-miejscowy-na-Rodos\"><\/span><b>Jedz jak miejscowy na Rodos<\/b><span class=\"ez-toc-section-end\"><\/span><\/h3>\n<ul>\n<li style=\"font-weight: 400;\" aria-level=\"1\">Znajd\u017a najlepsze meze w Tradycyjnej Kawiarni Symi zlokalizowanej na Nowym Rynku.<\/li>\n<li style=\"font-weight: 400;\" aria-level=\"1\">Spr\u00f3buj ekskluzywnych da\u0144 serwowanych w najbardziej atrakcyjny spos\u00f3b w Restauracji Noble Gourmet.<\/li>\n<li style=\"font-weight: 400;\" aria-level=\"1\">Skosztuj wszystkich oryginalnych lokalnych przysmak\u00f3w w Paraga, przytulnej i nostalgicznej restauracji z piecami opalanymi drewnem.<\/li>\n<li style=\"font-weight: 400;\" aria-level=\"1\">Za pi\u0119knym murem weneckiego budynku znajdziesz malowniczy dziedziniec Rezydencji Marco Polo, inspirowanej Andaluzj\u0105 i po\u0142udniow\u0105 Francj\u0105.<\/li>\n<li style=\"font-weight: 400;\" aria-level=\"1\">Mi\u0142o\u015bnicy owoc\u00f3w morza b\u0119d\u0105 zachwyceni obfito\u015bci\u0105 da\u0144 o greckich smakach w tawernie z owocami morza Hatzikeli.<\/li>\n<\/ul>\n<h3><span class=\"ez-toc-section\" id=\"Gdzie-sie-zatrzymac-na-Rodos\"><\/span><b>Gdzie si\u0119 zatrzyma\u0107 na Rodos<\/b><span class=\"ez-toc-section-end\"><\/span><\/h3>\n<figure id=\"attachment_1877\" aria-describedby=\"caption-attachment-1877\" style=\"width: 939px\" class=\"wp-caption alignnone\"><img decoding=\"async\" class=\"size-full wp-image-1877\" src=\"http:\/\/eurodirections.com\/wp-content\/uploads\/2022\/04\/lyndos-rhodes-greece.jpg\" alt=\"Pla\u017ca miejska Lyndos, wyspa Rodos Grecja\" width=\"939\" height=\"621\" srcset=\"https:\/\/eurodirections.com\/wp-content\/uploads\/2022\/04\/lyndos-rhodes-greece.jpg 939w, https:\/\/eurodirections.com\/wp-content\/uploads\/2022\/04\/lyndos-rhodes-greece-300x198.jpg 300w, https:\/\/eurodirections.com\/wp-content\/uploads\/2022\/04\/lyndos-rhodes-greece-768x508.jpg 768w, https:\/\/eurodirections.com\/wp-content\/uploads\/2022\/04\/lyndos-rhodes-greece-100x65.jpg 100w\" sizes=\"(max-width: 939px) 100vw, 939px\" \/><figcaption id=\"caption-attachment-1877\" class=\"wp-caption-text\">Pla\u017ca miejska w Lyndos, wyspa Rodos Grecja. Zdj\u0119cie autorstwa Photo-Week.net<\/figcaption><\/figure>\n<ul>\n<li style=\"font-weight: 400;\" aria-level=\"1\">Zamie\u0144 swoje wakacje w boskie chwile w Nama Retreat, wykwintnym 5-gwiazdkowym hotelu.<\/li>\n<li style=\"font-weight: 400;\" aria-level=\"1\">Kolymbia Bay Art &#8211; 4-gwiazdkowy hotel tylko dla doros\u0142ych znajduje si\u0119 zaledwie 2 minuty spacerem od pla\u017cy; doskona\u0142a opcja na niezapomniane wakacje.<\/li>\n<li style=\"font-weight: 400;\" aria-level=\"1\">Je\u015bli chcesz mie\u0107 komfort za rozs\u0105dn\u0105 cen\u0119, wybierz 3-gwiazdkowy International Hotel.<\/li>\n<li style=\"font-weight: 400;\" aria-level=\"1\">Stay Hostel b\u0119dzie doskona\u0142ym miejscem na podr\u00f3\u017ce w pojedynk\u0119 lub w grupie jako niedrogi nocleg.<\/li>\n<li style=\"font-weight: 400;\" aria-level=\"1\">Wybierz pobyt w Lindos, raju na ziemi z niebia\u0144sko uroczym hotelem F Charm &#8211; tylko dla doros\u0142ych z autentyczn\u0105 atmosfer\u0105.<\/li>\n<\/ul>\n<h3><span class=\"ez-toc-section\" id=\"Mapa-hoteli-na-wyspie-Rodos-z-cenami\"><\/span>Mapa hoteli na wyspie Rodos z cenami<span class=\"ez-toc-section-end\"><\/span><\/h3>\n<p><script src=\"\/\/tp.media\/content?0=0&amp;1=10&amp;promo_id=4285&amp;shmarker=14350.rhodesmap&amp;campaign_id=101&amp;search_host=search.hotellook.com&amp;locale=en&amp;currency=eur&amp;draggable=true&amp;disable_zoom=false&amp;show_logo=false&amp;scrollwheel=false&amp;color=%23F56E14&amp;contrast_color=%23ffffff&amp;width=720&amp;height=500&amp;zoom=13&amp;radius=60&amp;stars=0%2C1%2C2%2C3%2C4%2C5&amp;price_from=&amp;price_to=&amp;lat=36.44288&amp;lng=28.22654\" charset=\"utf-8\"><\/script><\/p>\n<h3><span class=\"ez-toc-section\" id=\"Wykaz-tanich-lotow-do-Rodos\"><\/span>Wykaz tanich lot\u00f3w do Rodos<span class=\"ez-toc-section-end\"><\/span><\/h3>\n<p><script src=\"https:\/\/tp.media\/content?currency=eur&amp;promo_id=4044&amp;shmarker=14350&amp;campaign_id=100&amp;trs=147545&amp;target_host=air.eurodirections.com%2Fflights&amp;locale=en&amp;limit=12&amp;powered_by=false&amp;primary=%230085FF&amp;destination=RHO\" charset=\"utf-8\"><\/script><\/p>\n<p><a title=\"Wszystkie loty do Rodos\" href=\"https:\/\/eurodirections.com\/pl\/loty-do-rodos-grecja\/\" target=\"_blank\" rel=\"noopener\">Przegl\u0105daj wszystkie bezpo\u015brednie loty do Rodos, Grecja<\/a> \u2014 por\u00f3wnaj ceny bilet\u00f3w lotniczych do Rodos na bezpiecznych platformach rezerwacji online i biurach podr\u00f3\u017cy.<\/p>\n<p><script type=\"application\/ld+json\">\n    {\n      \"@context\": \"https:\/\/schema.org\",\n      \"@type\": \"FAQPage\",\n      \"@id\" : \"#faq\",\n      \"url\" : \"https:\/\/www.eurodirections.com\/rhodes\/\",\n      \"name\" : \"Rhodes Travel FAQ\",\n      \"mainEntity\": [{\n        \"@type\": \"Question\",\n        \"name\": \"Things to do in Rhodes?\",\n        \"acceptedAnswer\": {\n          \"@type\": \"Answer\",\n          \"text\": \"The list of things not to miss in Rhodes:\nWander about the ancient Acropolis of Lindos with the ruins spread across the coastline. \nDon\u2019t miss out on St Paul\u2019s Beach, a picture-perfect beach with pure waters and glowing gold sand.\nTreat your body with Kalithea hot springs with curative properties.\nFill the unimaginable romance in the Valley of Butterflies filled with colorful butterflies from late June to mid-August. \nEmbrace the beauty of the sunset strolling about the Rhodes Old Town.\nFind a beautiful Tsambika Monastery, a pure white church with a red roof and a fantastic view of the mountains.\"\n        }\n      }, {\n        \"@type\": \"Question\",\n        \"name\": \"What to eat like a local in Rhodes?\",\n        \"acceptedAnswer\": {\n          \"@type\": \"Answer\",\n          \"text\": \"Eat and feel like a local in Rhodes:\nFind the best meze in the Traditional Cafe Symi located in the New Market.\nTry exclusive dishes served in the most attractive way in Noble Gourmet Restaurant.\nTaste all the original local delicacies in Paraga, a cozy and nostalgic restaurant with wood-fired ovens.\nBehind a beautiful wall of a Venetian building, you will find a picturesque courtyard of Marco Polo Mansion, inspired by Andalusia and Southern France.\nThe lovers of seafood will adore the abundance of dishes with Greek flavors in Hatzikeli, a seafood tavern.\"\n        }\n      }\n]\n    }\n<\/script><\/p>\n<p><script type=\"application\/ld+json\">\n{\n    \"@context\": \"http:\/\/schema.org\",\n    \"@type\": \"WebPage\",\n    \"name\": \"Rhodes bucket list\",\n    \"description\": \"Explore the bucket list of Rhodes island, Greece. Get to know what are the most authentic places, what restaurants to choose and what to do in Rhodes.\",\n    \"publisher\": {\n        \"@type\": \"WebPage\",\n        \"name\": \"Eurodirections.com\"\n    }\n}\n<\/script><\/p>\n<blockquote><p><strong>Kochasz Grecj\u0119?<\/strong> Czytaj dalej <a title=\"Poznaj Ateny, Grecja\" href=\"https:\/\/eurodirections.com\/athens\/\" data-schema-attribute=\"about\">Ateny<\/a>, <a title=\"Lista rzeczy do zrobienia w Patras, Grecja\" href=\"https:\/\/eurodirections.com\/patras\/\" data-schema-attribute=\"about\">Patras<\/a> <a title=\"Lista rzeczy do zrobienia w Salonikach\" href=\"https:\/\/eurodirections.com\/thessaloniki\/\" data-schema-attribute=\"about\">Saloniki<\/a>, <a title=\"Kavala przewodnik turystyczny i bucket list\" href=\"https:\/\/eurodirections.com\/kavala\/\" data-schema-attribute=\"about\">Kavala<\/a> i <a title=\"Bucket list Heraklion, Kreta, Grecja\" href=\"https:\/\/eurodirections.com\/heraklion\/\" data-schema-attribute=\"about\">Heraklion<\/a>.<br \/>\n<strong>Czytaj tak\u017ce:<\/strong> <a title=\"Przegl\u0105d 6 wspania\u0142ych miast Grecji\" href=\"https:\/\/eurodirections.com\/explore-cities-of-greece\/\" target=\"_blank\" rel=\"noopener\" data-schema-attribute=\"mentions\">6 wspania\u0142ych miast Grecji<\/a><\/p><\/blockquote>\n","protected":false},"excerpt":{"rendered":"<p>Poznaj Rodos: lista rzeczy do zrobienia dla turyst\u00f3w Rodos to najwi\u0119ksza z wysp Dodekanezu, odwiedzana co roku przez ponad 2 miliony turyst\u00f3w. Wspania\u0142a grecka wyspa to nie tylko p\u0142ywanie i zapieraj\u0105ca dech w piersiach przyroda, ale tak\u017ce wpisane na List\u0119 \u015awiatowego Dziedzictwa UNESCO stare miasto z tysi\u0105cletni\u0105 histori\u0105, architektur\u0105 i jeszcze 100 powod\u00f3w, by odwiedzi\u0107 [&hellip;]<\/p>\n","protected":false},"author":1,"featured_media":2744,"parent":0,"menu_order":0,"comment_status":"closed","ping_status":"closed","template":"","meta":{"footnotes":""},"class_list":["post-16060","page","type-page","status-publish","has-post-thumbnail","hentry"],"_links":{"self":[{"href":"https:\/\/eurodirections.com\/pl\/wp-json\/wp\/v2\/pages\/16060","targetHints":{"allow":["GET"]}}],"collection":[{"href":"https:\/\/eurodirections.com\/pl\/wp-json\/wp\/v2\/pages"}],"about":[{"href":"https:\/\/eurodirections.com\/pl\/wp-json\/wp\/v2\/types\/page"}],"author":[{"embeddable":true,"href":"https:\/\/eurodirections.com\/pl\/wp-json\/wp\/v2\/users\/1"}],"replies":[{"embeddable":true,"href":"https:\/\/eurodirections.com\/pl\/wp-json\/wp\/v2\/comments?post=16060"}],"version-history":[{"count":0,"href":"https:\/\/eurodirections.com\/pl\/wp-json\/wp\/v2\/pages\/16060\/revisions"}],"wp:featuredmedia":[{"embeddable":true,"href":"https:\/\/eurodirections.com\/pl\/wp-json\/wp\/v2\/media\/2744"}],"wp:attachment":[{"href":"https:\/\/eurodirections.com\/pl\/wp-json\/wp\/v2\/media?parent=16060"}],"curies":[{"name":"wp","href":"https:\/\/api.w.org\/{rel}","templated":true}]}}