{"id":12694,"date":"2022-04-26T15:13:09","date_gmt":"2022-04-26T15:13:09","guid":{"rendered":"https:\/\/eurodirections.com\/poznaj-larnake-lista-rzeczy-do-zrobienia-dla-turysty\/"},"modified":"2023-01-21T21:07:13","modified_gmt":"2023-01-21T21:07:13","slug":"larnaka-cypr","status":"publish","type":"page","link":"https:\/\/eurodirections.com\/pl\/larnaka-cypr\/","title":{"rendered":"Poznaj Larnak\u0119: lista rzeczy do zrobienia dla turysty"},"content":{"rendered":"<div id=\"ez-toc-container\" class=\"ez-toc-v2_0_82_2 counter-hierarchy ez-toc-counter ez-toc-grey ez-toc-container-direction\">\n<div class=\"ez-toc-title-container\">\n<p class=\"ez-toc-title\" style=\"cursor:inherit\">Table of Contents<\/p>\n<span class=\"ez-toc-title-toggle\"><a href=\"#\" class=\"ez-toc-pull-right ez-toc-btn ez-toc-btn-xs ez-toc-btn-default ez-toc-toggle\" aria-label=\"Prze\u0142\u0105cznik Spisu Tre\u015bci\"><span class=\"ez-toc-js-icon-con\"><span class=\"\"><span class=\"eztoc-hide\" style=\"display:none;\">Toggle<\/span><span class=\"ez-toc-icon-toggle-span\"><svg style=\"fill: #999;color:#999\" xmlns=\"http:\/\/www.w3.org\/2000\/svg\" class=\"list-377408\" width=\"20px\" height=\"20px\" viewBox=\"0 0 24 24\" fill=\"none\"><path d=\"M6 6H4v2h2V6zm14 0H8v2h12V6zM4 11h2v2H4v-2zm16 0H8v2h12v-2zM4 16h2v2H4v-2zm16 0H8v2h12v-2z\" fill=\"currentColor\"><\/path><\/svg><svg style=\"fill: #999;color:#999\" class=\"arrow-unsorted-368013\" xmlns=\"http:\/\/www.w3.org\/2000\/svg\" width=\"10px\" height=\"10px\" viewBox=\"0 0 24 24\" version=\"1.2\" baseProfile=\"tiny\"><path d=\"M18.2 9.3l-6.2-6.3-6.2 6.3c-.2.2-.3.4-.3.7s.1.5.3.7c.2.2.4.3.7.3h11c.3 0 .5-.1.7-.3.2-.2.3-.5.3-.7s-.1-.5-.3-.7zM5.8 14.7l6.2 6.3 6.2-6.3c.2-.2.3-.5.3-.7s-.1-.5-.3-.7c-.2-.2-.4-.3-.7-.3h-11c-.3 0-.5.1-.7.3-.2.2-.3.5-.3.7s.1.5.3.7z\"\/><\/svg><\/span><\/span><\/span><\/a><\/span><\/div>\n<nav><ul class='ez-toc-list ez-toc-list-level-1 eztoc-toggle-hide-by-default' ><li class='ez-toc-page-1 ez-toc-heading-level-2'><a class=\"ez-toc-link ez-toc-heading-1\" href=\"https:\/\/eurodirections.com\/pl\/larnaka-cypr\/#lista-rzeczy-do-zrobienia-w-Larnace\" >lista rzeczy do zrobienia w Larnace<\/a><\/li><li class='ez-toc-page-1 ez-toc-heading-level-2'><a class=\"ez-toc-link ez-toc-heading-2\" href=\"https:\/\/eurodirections.com\/pl\/larnaka-cypr\/#Rzeczy-ktorych-nie-mozna-przegapic-w-Larnace\" >Rzeczy, kt\u00f3rych nie mo\u017cna przegapi\u0107 w Larnace<\/a><ul class='ez-toc-list-level-3' ><li class='ez-toc-heading-level-3'><a class=\"ez-toc-link ez-toc-heading-3\" href=\"https:\/\/eurodirections.com\/pl\/larnaka-cypr\/#Jedz-jak-miejscowy-w-Larnace\" >Jedz jak miejscowy w Larnace<\/a><\/li><li class='ez-toc-page-1 ez-toc-heading-level-3'><a class=\"ez-toc-link ez-toc-heading-4\" href=\"https:\/\/eurodirections.com\/pl\/larnaka-cypr\/#Gdzie-sie-zatrzymac-w-Larnace\" >Gdzie si\u0119 zatrzyma\u0107 w Larnace<\/a><\/li><li class='ez-toc-page-1 ez-toc-heading-level-3'><a class=\"ez-toc-link ez-toc-heading-5\" href=\"https:\/\/eurodirections.com\/pl\/larnaka-cypr\/#Ceny-hoteli-w-Larnace-i-mapa-hoteli\" >Ceny hoteli w Larnace i mapa hoteli<\/a><\/li><li class='ez-toc-page-1 ez-toc-heading-level-3'><a class=\"ez-toc-link ez-toc-heading-6\" href=\"https:\/\/eurodirections.com\/pl\/larnaka-cypr\/#Tanie-loty-do-Larnaki\" >Tanie loty do Larnaki<\/a><\/li><\/ul><\/li><\/ul><\/nav><\/div>\n<h2><span class=\"ez-toc-section\" id=\"lista-rzeczy-do-zrobienia-w-Larnace\"><\/span><b>lista rzeczy do zrobienia w Larnace<\/b><span class=\"ez-toc-section-end\"><\/span><\/h2>\n<p><span style=\"font-weight: 400;\">Najwa\u017cniejszy nadmorski kurort Cypru, Larnaka, jest co roku odwiedzany przez miliony turyst\u00f3w w poszukiwaniu doskona\u0142ych pla\u017c, \u015br\u00f3dziemnomorskiego romansu, dobrego jedzenia i kultury. Je\u015bli wybra\u0142e\u015b Larnak\u0119 jako miejsce docelowe w Europie, nie spiesz si\u0119, aby cieszy\u0107 si\u0119 wszystkimi cudami, historycznymi miejscami, sklepami i nie tylko. <\/span><\/p>\n<h2><span class=\"ez-toc-section\" id=\"Rzeczy-ktorych-nie-mozna-przegapic-w-Larnace\"><\/span><b>Rzeczy, kt\u00f3rych nie mo\u017cna przegapi\u0107 w Larnace<\/b><span class=\"ez-toc-section-end\"><\/span><\/h2>\n<ul>\n<li style=\"font-weight: 400;\" aria-level=\"1\"><span style=\"font-weight: 400;\">Odwied\u017a najpopularniejszy i najwa\u017cniejszy zabytek Larnaki, ko\u015bci\u00f3\u0142 \u015bw. \u0141azarza z IX wieku.<\/span><\/li>\n<li style=\"font-weight: 400;\" aria-level=\"1\"><span style=\"font-weight: 400;\">Ciesz si\u0119 ciep\u0142ym s\u0142o\u0144cem i orze\u017awiaj\u0105cym morzem na pla\u017cy Finikoudes, g\u0142\u00f3wnej pla\u017cy miejskiej z palmami, kawiarniami na pla\u017cy i barami na promenadzie.<\/span><\/li>\n<li style=\"font-weight: 400;\" aria-level=\"1\"><span style=\"font-weight: 400;\">Wybierz si\u0119 na wycieczk\u0119 do innego historycznego zabytku, akweduktu Kamares, z pocz\u0105tkowo 75 \u0142ukami, kt\u00f3re przetrwa\u0142y tylko 33 z nich.<\/span><\/li>\n<li style=\"font-weight: 400;\" aria-level=\"1\"><span style=\"font-weight: 400;\">Poczuj tradycyjne cypryjskie \u017cycie w Lefkara, ma\u0142ej wiosce niedaleko Larnaki z w\u0105skimi uliczkami i autentyczn\u0105 architektur\u0105.<\/span><\/li>\n<li style=\"font-weight: 400;\" aria-level=\"1\"><span style=\"font-weight: 400;\">Na zimowe wycieczki odwied\u017a drugie co do wielko\u015bci s\u0142one jezioro, kt\u00f3re zim\u0105 nape\u0142nia si\u0119 wod\u0105, przyci\u0105gaj\u0105c migruj\u0105ce ptaki, a g\u0142\u00f3wnie flamingi, kt\u00f3re zabarwiaj\u0105 jezioro na r\u00f3\u017cowo. <\/span><\/li>\n<\/ul>\n<h3><span class=\"ez-toc-section\" id=\"Jedz-jak-miejscowy-w-Larnace\"><\/span><b>Jedz jak miejscowy w Larnace<\/b><span class=\"ez-toc-section-end\"><\/span><\/h3>\n<ul>\n<li style=\"font-weight: 400;\" aria-level=\"1\"><span style=\"font-weight: 400;\">Odwied\u017a Tawern\u0119 Grada, aby skosztowa\u0107 najlepszego meze i du\u017cych porcji da\u0144.<\/span><\/li>\n<li style=\"font-weight: 400;\" aria-level=\"1\"><span style=\"font-weight: 400;\">Ciesz si\u0119 pi\u0119knym wn\u0119trzem i dobrym jedzeniem w Art Cafe 1900 z tradycyjn\u0105 kuchni\u0105 cypryjsk\u0105 i piwem.<\/span><\/li>\n<li style=\"font-weight: 400;\" aria-level=\"1\"><span style=\"font-weight: 400;\">Tradycyjne dania z Bliskiego Wschodu znajdziesz w tradycyjnej tawernie To Kazani z przytuln\u0105 atmosfer\u0105, kraciastymi obrusami i ro\u015blinami.<\/span><\/li>\n<li style=\"font-weight: 400;\" aria-level=\"1\"><span style=\"font-weight: 400;\">Skosztuj \u015bwie\u017cych owoc\u00f3w morza i tradycyjnych fast food\u00f3w w Lambros Fish &amp; Chips.<\/span><\/li>\n<li style=\"font-weight: 400;\" aria-level=\"1\"><span style=\"font-weight: 400;\">Je\u015bli szukasz \u015br\u00f3dziemnomorskich i liba\u0144skich smak\u00f3w, udaj si\u0119 do Maqam Al Sultan i spr\u00f3buj da\u0144 meze, \u015bwie\u017cego pieczywa i sezonowanego mi\u0119sa.<\/span><\/li>\n<\/ul>\n<h3><span class=\"ez-toc-section\" id=\"Gdzie-sie-zatrzymac-w-Larnace\"><\/span><b>Gdzie si\u0119 zatrzyma\u0107 w Larnace<\/b><span class=\"ez-toc-section-end\"><\/span><\/h3>\n<ul>\n<li style=\"font-weight: 400;\" aria-level=\"1\"><span style=\"font-weight: 400;\">Ciesz si\u0119 imponuj\u0105cymi widokami i luksusow\u0105 obs\u0142ug\u0105 w 5-gwiazdkowym hotelu Radisson Blu w Larnace.<\/span><\/li>\n<li style=\"font-weight: 400;\" aria-level=\"1\"><span style=\"font-weight: 400;\">Zrelaksuj si\u0119 w ogromnym odkrytym basenie czterogwiazdkowego hotelu The Quality Lodge, BW Premier Collection w Larnace.<\/span><\/li>\n<li style=\"font-weight: 400;\" aria-level=\"1\"><span style=\"font-weight: 400;\">Po\u0142o\u017cony 3 minuty spacerem od pla\u017cy, 3-gwiazdkowy hotel La Veranda to wspania\u0142e miejsce, w kt\u00f3rym mo\u017cna cieszy\u0107 si\u0119 komfortem w ni\u017cszej cenie.<\/span><\/li>\n<li style=\"font-weight: 400;\" aria-level=\"1\"><span style=\"font-weight: 400;\">Po\u0142o\u017cony w Starym Mie\u015bcie, hostel Le Mat jest przytulnym, autentycznym miejscem na sp\u0119dzenie dni w Larnace.  <\/span><\/li>\n<li style=\"font-weight: 400;\" aria-level=\"1\"><span style=\"font-weight: 400;\">Wybierz si\u0119 do Ayia Napa z Larnaki, aby podziwia\u0107 fascynuj\u0105ce widoki wybrze\u017ca i zatrzyma\u0107 si\u0119 w Limanaki Beach Hotel &amp; Suites.<\/span><\/li>\n<\/ul>\n<h3><span class=\"ez-toc-section\" id=\"Ceny-hoteli-w-Larnace-i-mapa-hoteli\"><\/span>Ceny hoteli w Larnace i mapa hoteli<span class=\"ez-toc-section-end\"><\/span><\/h3>\n<p><script src=\"\/\/tp.media\/content?0=0&amp;1=10&amp;promo_id=4285&amp;shmarker=14350&amp;campaign_id=101&amp;search_host=search.hotellook.com&amp;locale=ru&amp;currency=usd&amp;draggable=true&amp;disable_zoom=false&amp;show_logo=false&amp;scrollwheel=false&amp;color=%2321C6FD&amp;contrast_color=%23ffffff&amp;width=720&amp;height=500&amp;zoom=14&amp;radius=60&amp;stars=0%2C1%2C2%2C3%2C4%2C5&amp;price_from=&amp;price_to=&amp;lat=34.91667&amp;lng=33.62917\" charset=\"utf-8\"><\/script><\/p>\n<h3><span class=\"ez-toc-section\" id=\"Tanie-loty-do-Larnaki\"><\/span>Tanie loty do Larnaki<span class=\"ez-toc-section-end\"><\/span><\/h3>\n<p><script src=\"\/\/tp.media\/content?currency=eur&amp;promo_id=4044&amp;shmarker=14350&amp;campaign_id=100&amp;trs=147545&amp;target_host=air.eurodirections.com%2Fflights&amp;locale=pl&amp;limit=14&amp;powered_by=false&amp;secondary=%2348A4F9&amp;destination=LCA\" charset=\"utf-8\"><span data-mce-type=\"bookmark\" style=\"display: inline-block; width: 0px; overflow: hidden; line-height: 0;\" class=\"mce_SELRES_start\">\ufeff<\/span><\/script><\/p>\n<p>Posiadamy samodzieln\u0105 stron\u0119 przeznaczon\u0105 na <a title=\"Le\u0107 do Larnaki\" href=\"https:\/\/flylarnaca.com\" target=\"_blank\" rel=\"noopener\">kompletne informacje o Larnace<\/a> oraz <a title=\"Loty do Larnaki\" href=\"https:\/\/eurodirections.com\/larnaca-flights\/\" target=\"_blank\" rel=\"noopener\">kalendarz tanich lot\u00f3w na wycieczki do<\/a> Larnaki.<\/p>\n<p><script type=\"application\/ld+json\">\n    {\n      \"@context\": \"https:\/\/schema.org\",\n      \"@type\": \"FAQPage\",\n      \"@id\" : \"#faq\",\n      \"url\" : \"https:\/\/www.eurodirections.com\/larnaca\/\",\n      \"name\" : \"Larnaca Travel FAQ\",\n      \"mainEntity\": [{\n        \"@type\": \"Question\",\n        \"name\": \"Things to do in Larnaca?\",\n        \"acceptedAnswer\": {\n          \"@type\": \"Answer\",\n          \"text\": \"The list of things not to miss in Larnaca:\nVisit the most popular and the most important historic landmark of Larnaca, the 9th-century church of Saint Lazarus.\nEnjoy the warm sun and refreshing sea on Finikoudes Beach, the main city beach with palm trees, beach cafes, and bars on the promenade.\nTake a tour to another historic landmark, the Kamares Aqueduct, with initially 75 arches that survived only 33 of them.\nGet the feel of traditional Cypriot life in Lefkara, a small village near Larnaca with narrow alleys and authentic architecture.\nFor winter tours, visit the second-largest salt lake that fills with water in winter, attracting migrating birds and mostly flamingos, coloring the lake in pink.\"\n        }\n      }, {\n        \"@type\": \"Question\",\n        \"name\": \"What to eat like a local in Larnaca?\",\n        \"acceptedAnswer\": {\n          \"@type\": \"Answer\",\n          \"text\": \"Eat and feel like a local in Larnaca:\nVisit Grada Tavern to taste the best meze and large portions of dishes.\nEnjoy the beautiful interior and good food at Art Cafe 1900 with traditional Cypriot cuisine and beer.\nFind traditional Middle Eastern dishes at To Kazani Traditional Tavern with a cozy atmosphere, checkered tablecloths, and plants.\nTaste fresh seafood and traditional fast food in Lambros Fish & Chips.\nFor the Mediterranean and Lebanese flavors, head to Maqam Al Sultan and try meze dishes, fresh bread, and seasoned meat.\"\n        }\n      }\n]\n    }\n<\/script><\/p>\n<p><script type=\"application\/ld+json\">\n{\n    \"@context\": \"http:\/\/schema.org\",\n    \"@type\": \"WebPage\",\n    \"name\": \"Larnaca bucket list\",\n    \"description\": \"Larnaca bucket list for a touirst in Cyprus. Most attractive places, sights and restaurants in Larnaca, hotel suggestions and flights radar.\",\n    \"publisher\": {\n        \"@type\": \"WebPage\",\n        \"name\": \"Eurodirections.com\"\n    }\n}\n<\/script><\/p>\n","protected":false},"excerpt":{"rendered":"<p>lista rzeczy do zrobienia w Larnace Najwa\u017cniejszy nadmorski kurort Cypru, Larnaka, jest co roku odwiedzany przez miliony turyst\u00f3w w poszukiwaniu doskona\u0142ych pla\u017c, \u015br\u00f3dziemnomorskiego romansu, dobrego jedzenia i kultury. Je\u015bli wybra\u0142e\u015b Larnak\u0119 jako miejsce docelowe w Europie, nie spiesz si\u0119, aby cieszy\u0107 si\u0119 wszystkimi cudami, historycznymi miejscami, sklepami i nie tylko. Rzeczy, kt\u00f3rych nie mo\u017cna przegapi\u0107 [&hellip;]<\/p>\n","protected":false},"author":1,"featured_media":2774,"parent":0,"menu_order":0,"comment_status":"closed","ping_status":"closed","template":"","meta":{"footnotes":""},"class_list":["post-12694","page","type-page","status-publish","has-post-thumbnail","hentry"],"_links":{"self":[{"href":"https:\/\/eurodirections.com\/pl\/wp-json\/wp\/v2\/pages\/12694","targetHints":{"allow":["GET"]}}],"collection":[{"href":"https:\/\/eurodirections.com\/pl\/wp-json\/wp\/v2\/pages"}],"about":[{"href":"https:\/\/eurodirections.com\/pl\/wp-json\/wp\/v2\/types\/page"}],"author":[{"embeddable":true,"href":"https:\/\/eurodirections.com\/pl\/wp-json\/wp\/v2\/users\/1"}],"replies":[{"embeddable":true,"href":"https:\/\/eurodirections.com\/pl\/wp-json\/wp\/v2\/comments?post=12694"}],"version-history":[{"count":0,"href":"https:\/\/eurodirections.com\/pl\/wp-json\/wp\/v2\/pages\/12694\/revisions"}],"wp:featuredmedia":[{"embeddable":true,"href":"https:\/\/eurodirections.com\/pl\/wp-json\/wp\/v2\/media\/2774"}],"wp:attachment":[{"href":"https:\/\/eurodirections.com\/pl\/wp-json\/wp\/v2\/media?parent=12694"}],"curies":[{"name":"wp","href":"https:\/\/api.w.org\/{rel}","templated":true}]}}