{"id":22690,"date":"2022-04-01T14:27:31","date_gmt":"2022-04-01T14:27:31","guid":{"rendered":"https:\/\/eurodirections.com\/amsterdam-explorer-og-reiseguide\/"},"modified":"2023-03-24T13:23:59","modified_gmt":"2023-03-24T13:23:59","slug":"amsterdam-reiseguide","status":"publish","type":"page","link":"https:\/\/eurodirections.com\/no\/amsterdam-reiseguide\/","title":{"rendered":"Amsterdam Explorer og reiseguide"},"content":{"rendered":"<div id=\"ez-toc-container\" class=\"ez-toc-v2_0_82_2 counter-hierarchy ez-toc-counter ez-toc-grey ez-toc-container-direction\">\n<div class=\"ez-toc-title-container\">\n<p class=\"ez-toc-title\" style=\"cursor:inherit\">Table of Contents<\/p>\n<span class=\"ez-toc-title-toggle\"><a href=\"#\" class=\"ez-toc-pull-right ez-toc-btn ez-toc-btn-xs ez-toc-btn-default ez-toc-toggle\" aria-label=\"Toggle Table of Content\"><span class=\"ez-toc-js-icon-con\"><span class=\"\"><span class=\"eztoc-hide\" style=\"display:none;\">Toggle<\/span><span class=\"ez-toc-icon-toggle-span\"><svg style=\"fill: #999;color:#999\" xmlns=\"http:\/\/www.w3.org\/2000\/svg\" class=\"list-377408\" width=\"20px\" height=\"20px\" viewBox=\"0 0 24 24\" fill=\"none\"><path d=\"M6 6H4v2h2V6zm14 0H8v2h12V6zM4 11h2v2H4v-2zm16 0H8v2h12v-2zM4 16h2v2H4v-2zm16 0H8v2h12v-2z\" fill=\"currentColor\"><\/path><\/svg><svg style=\"fill: #999;color:#999\" class=\"arrow-unsorted-368013\" xmlns=\"http:\/\/www.w3.org\/2000\/svg\" width=\"10px\" height=\"10px\" viewBox=\"0 0 24 24\" version=\"1.2\" baseProfile=\"tiny\"><path d=\"M18.2 9.3l-6.2-6.3-6.2 6.3c-.2.2-.3.4-.3.7s.1.5.3.7c.2.2.4.3.7.3h11c.3 0 .5-.1.7-.3.2-.2.3-.5.3-.7s-.1-.5-.3-.7zM5.8 14.7l6.2 6.3 6.2-6.3c.2-.2.3-.5.3-.7s-.1-.5-.3-.7c-.2-.2-.4-.3-.7-.3h-11c-.3 0-.5.1-.7.3-.2.2-.3.5-.3.7s.1.5.3.7z\"\/><\/svg><\/span><\/span><\/span><\/a><\/span><\/div>\n<nav><ul class='ez-toc-list ez-toc-list-level-1 eztoc-toggle-hide-by-default' ><li class='ez-toc-page-1 ez-toc-heading-level-3'><a class=\"ez-toc-link ez-toc-heading-1\" href=\"https:\/\/eurodirections.com\/no\/amsterdam-reiseguide\/#Bucket-list-over-Amsterdam-Travel\" >Bucket list over Amsterdam Travel<\/a><\/li><li class='ez-toc-page-1 ez-toc-heading-level-3'><a class=\"ez-toc-link ez-toc-heading-2\" href=\"https:\/\/eurodirections.com\/no\/amsterdam-reiseguide\/#Amsterdam-billige-flyreiser-guide\" >Amsterdam billige flyreiser guide<\/a><\/li><li class='ez-toc-page-1 ez-toc-heading-level-3'><a class=\"ez-toc-link ez-toc-heading-3\" href=\"https:\/\/eurodirections.com\/no\/amsterdam-reiseguide\/#Ting-du-ikke-bor-ga-glipp-av-i-Amsterdam\" >Ting du ikke b\u00f8r g\u00e5 glipp av i Amsterdam<\/a><\/li><li class='ez-toc-page-1 ez-toc-heading-level-3'><a class=\"ez-toc-link ez-toc-heading-4\" href=\"https:\/\/eurodirections.com\/no\/amsterdam-reiseguide\/#Spis-som-en-lokal-i-Amsterdam\" >Spis som en lokal i Amsterdam<\/a><\/li><li class='ez-toc-page-1 ez-toc-heading-level-3'><a class=\"ez-toc-link ez-toc-heading-5\" href=\"https:\/\/eurodirections.com\/no\/amsterdam-reiseguide\/#Hvor-du-skal-bo-i-Amsterdam\" >Hvor du skal bo i Amsterdam<\/a><\/li><li class='ez-toc-page-1 ez-toc-heading-level-3'><a class=\"ez-toc-link ez-toc-heading-6\" href=\"https:\/\/eurodirections.com\/no\/amsterdam-reiseguide\/#Amsterdam-hotellkart-med-rompriser\" >Amsterdam hotellkart med rompriser<\/a><\/li><\/ul><\/nav><\/div>\n<h3><span class=\"ez-toc-section\" id=\"Bucket-list-over-Amsterdam-Travel\"><\/span><b>Bucket list over Amsterdam Travel<\/b><span class=\"ez-toc-section-end\"><\/span><\/h3>\n<p><span style=\"font-weight: 400;\">G\u00e5 inn i Amsterdam, og du vil finne tusenvis av ting \u00e5 gj\u00f8re og se. Europas mest spennende by med steder p\u00e5 hvert hj\u00f8rne f\u00e5r folk til \u00e5 returnere hit igjen og igjen. Enten du er ute etter en kulturreise, natteliv eller naturattraksjon, finner du alt p\u00e5 ett sted. <\/span><\/p>\n<h3><span class=\"ez-toc-section\" id=\"Amsterdam-billige-flyreiser-guide\"><\/span>Amsterdam billige flyreiser guide<span class=\"ez-toc-section-end\"><\/span><\/h3>\n<p><span style=\"color: #999999;\">Amsterdam reiseassistent for reisende som planlegger en reise til Nederland &#8211; finn billige flyreiser til Amsterdam ved hjelp av billigbillettguiden:<\/span><\/p>\n<p><script src=\"\/\/tp.media\/content?currency=eur&amp;promo_id=4044&amp;shmarker=14350&amp;campaign_id=100&amp;trs=147545&amp;target_host=air.eurodirections.com%2Fflights&amp;locale=no&amp;limit=12&amp;powered_by=true&amp;secondary=%23FF4000&amp;destination=AMS\" charset=\"utf-8\"><\/script><\/p>\n<h3><span class=\"ez-toc-section\" id=\"Ting-du-ikke-bor-ga-glipp-av-i-Amsterdam\"><\/span><b>Ting du ikke b\u00f8r g\u00e5 glipp av i Amsterdam<\/b><span class=\"ez-toc-section-end\"><\/span><\/h3>\n<ul>\n<li style=\"font-weight: 400;\" aria-level=\"1\"><span style=\"font-weight: 400;\">Ta en sykkeltur i Amsterdam, utforsk alle de skjulte perlene.<\/span><\/li>\n<li style=\"font-weight: 400;\" aria-level=\"1\"><span style=\"font-weight: 400;\">Slapp av og nyt solen og naturen i Vondelpark, den st\u00f8rste byparken.<\/span><\/li>\n<li style=\"font-weight: 400;\" aria-level=\"1\"><span style=\"font-weight: 400;\">G\u00e5 deg vill i Jordaan-distriktet, sentrum for historie, kultur og mat.<\/span><\/li>\n<li style=\"font-weight: 400;\" aria-level=\"1\"><span style=\"font-weight: 400;\">Bes\u00f8k Anna Frank House museum hvor hun bodde i to \u00e5r og skrev et tidsskrift som skulle bli en bestselger.<\/span><\/li>\n<li style=\"font-weight: 400;\" aria-level=\"1\"><span style=\"font-weight: 400;\">Finn den st\u00f8rste Van Gogh-malerisamlingen i Van Gogh-museet.<\/span><\/li>\n<li style=\"font-weight: 400;\" aria-level=\"1\"><span style=\"font-weight: 400;\">Ta en nattstur i De Negen Straatjes (de ni sm\u00e5 gatene) for \u00e5 utforske vakre gater og butikker. <\/span><\/li>\n<\/ul>\n<h3><span class=\"ez-toc-section\" id=\"Spis-som-en-lokal-i-Amsterdam\"><\/span><b>Spis som en lokal i Amsterdam<\/b><span class=\"ez-toc-section-end\"><\/span><\/h3>\n<ul>\n<li style=\"font-weight: 400;\" aria-level=\"1\"><span style=\"font-weight: 400;\">Spis middag i Jansz, en popul\u00e6r restaurant med uts\u00f8kt mat som en gang var et apotek.<\/span><\/li>\n<li style=\"font-weight: 400;\" aria-level=\"1\"><span style=\"font-weight: 400;\">For en rimelig og velsmakende middag, ta turen til Hap-Hmm og bestill sm\u00f8rmyk biff.<\/span><\/li>\n<li style=\"font-weight: 400;\" aria-level=\"1\"><span style=\"font-weight: 400;\">For fiskeretter, bes\u00f8k Pesca, &laquo;fiskens teater&raquo;, hvor du vil bli behandlet med et glass champagne mens du velger en rett. <\/span><\/li>\n<li style=\"font-weight: 400;\" aria-level=\"1\"><span style=\"font-weight: 400;\">Ha en flott morgen i frokostklubben med en velsmakende frokost og aromakaffe. <\/span><\/li>\n<li style=\"font-weight: 400;\" aria-level=\"1\"><span style=\"font-weight: 400;\">Ta en bar i Amsterdam og start med Hiding in the Plain Sight, en lettbar bar.<\/span><\/li>\n<\/ul>\n<h3><span class=\"ez-toc-section\" id=\"Hvor-du-skal-bo-i-Amsterdam\"><\/span><b>Hvor du skal bo i Amsterdam<\/b><span class=\"ez-toc-section-end\"><\/span><\/h3>\n<ul>\n<li style=\"font-weight: 400;\" aria-level=\"1\"><span style=\"font-weight: 400;\"><strong>Hotel TwentySeven<\/strong> &#8211; Small Luxury Hotels of the World er definitivt ditt valg for \u00e5 nyte Amsterdam i absolutt luksus.<\/span><\/li>\n<li style=\"font-weight: 400;\" aria-level=\"1\"><span style=\"font-weight: 400;\">Finn den ufattelige farge- og teksturkombinasjonen i 4-stjerners <strong>Hotel Esther\u00e9a<\/strong> .<\/span><\/li>\n<li style=\"font-weight: 400;\" aria-level=\"1\"><span style=\"font-weight: 400;\">Komfort kan fortsatt v\u00e6re rimelig i 3-stjerners <strong>Hotel Aalders<\/strong> med dempede farger p\u00e5 rommene.<\/span><\/li>\n<li style=\"font-weight: 400;\" aria-level=\"1\"><span style=\"font-weight: 400;\">Velg konseptet til <strong>BUNK Hotel Amsterdam<\/strong> , hvor rimelig luksus kombineres med unikt designede k\u00f8yesenger. <\/span><\/li>\n<li style=\"font-weight: 400;\" aria-level=\"1\"><span style=\"font-weight: 400;\">Ta en dagstur til Scheveningen-stranden og bo p\u00e5 <strong>Hotel Ramada The Hague Scheveningen<\/strong> .<\/span><\/li>\n<\/ul>\n<p><script src=\"https:\/\/www.travelpayouts.com\/chansey\/iframe.js?v=1&amp;marker=14350&amp;host=air.eurodirections.com%2Fhotels&amp;locale=no&amp;currency=eur&amp;nobooking=&amp;powered_by=false&amp;hotel_id=296344\" charset=\"utf-8\" async=\"\"><\/script><\/p>\n<p>\u2014<\/p>\n<h3><span class=\"ez-toc-section\" id=\"Amsterdam-hotellkart-med-rompriser\"><\/span>Amsterdam hotellkart med rompriser<span class=\"ez-toc-section-end\"><\/span><\/h3>\n<p><script src=\"\/\/tp.media\/content?0=0&amp;1=10&amp;promo_id=4285&amp;shmarker=14350&amp;campaign_id=101&amp;search_host=air.eurodirections.com%2Fhotels&amp;locale=no&amp;currency=eur&amp;draggable=true&amp;disable_zoom=false&amp;show_logo=false&amp;scrollwheel=false&amp;color=%230759B0&amp;contrast_color=%23ffffff&amp;width=720&amp;height=500&amp;zoom=14&amp;radius=60&amp;stars=0%2C1%2C2%2C3%2C4%2C5&amp;price_from=&amp;price_to=&amp;lat=52.373094&amp;lng=4.892535\" charset=\"utf-8\"><\/script><br \/>\n\u2014<\/p>\n<p>Utforsk <strong><a title=\"Utforsk de beste byene i Europa\" href=\"https:\/\/eurodirections.com\/no\/de-beste-byene-i-europa\/\" target=\"_blank\" rel=\"noopener\" data-schema-attribute=\"about\">de beste byene i Europa her<\/a><\/strong> eller <strong>sjekk flyprisene<\/strong> \u2708 for ditt neste reisem\u00e5l nedenfor:<\/p>\n<p><script src=\"\/\/tp.media\/content?currency=eur&amp;promo_id=7873&amp;shmarker=14350&amp;campaign_id=101&amp;trs=147545&amp;show_hotels=false&amp;locale=no&amp;searchUrl=search.hotellook.com&amp;primary=%23FF6600&amp;secondary=%23FFFFFF&amp;dark=%23262626&amp;light=%23FFFFFF&amp;special=%23C4C4C4&amp;border_radius=5&amp;no_labels=&amp;plain=true&amp;powered_by=false\" charset=\"utf-8\"><span data-mce-type=\"bookmark\" style=\"display: inline-block; width: 0px; overflow: hidden; line-height: 0;\" class=\"mce_SELRES_start\">\ufeff<\/span><\/script><\/p>\n<p>&nbsp;<\/p>\n","protected":false},"excerpt":{"rendered":"<p>Bucket list over Amsterdam Travel G\u00e5 inn i Amsterdam, og du vil finne tusenvis av ting \u00e5 gj\u00f8re og se. Europas mest spennende by med steder p\u00e5 hvert hj\u00f8rne f\u00e5r folk til \u00e5 returnere hit igjen og igjen. Enten du er ute etter en kulturreise, natteliv eller naturattraksjon, finner du alt p\u00e5 ett sted. Amsterdam [&hellip;]<\/p>\n","protected":false},"author":1,"featured_media":6091,"parent":0,"menu_order":0,"comment_status":"closed","ping_status":"closed","template":"","meta":{"footnotes":""},"class_list":["post-22690","page","type-page","status-publish","has-post-thumbnail","hentry"],"_links":{"self":[{"href":"https:\/\/eurodirections.com\/no\/wp-json\/wp\/v2\/pages\/22690","targetHints":{"allow":["GET"]}}],"collection":[{"href":"https:\/\/eurodirections.com\/no\/wp-json\/wp\/v2\/pages"}],"about":[{"href":"https:\/\/eurodirections.com\/no\/wp-json\/wp\/v2\/types\/page"}],"author":[{"embeddable":true,"href":"https:\/\/eurodirections.com\/no\/wp-json\/wp\/v2\/users\/1"}],"replies":[{"embeddable":true,"href":"https:\/\/eurodirections.com\/no\/wp-json\/wp\/v2\/comments?post=22690"}],"version-history":[{"count":0,"href":"https:\/\/eurodirections.com\/no\/wp-json\/wp\/v2\/pages\/22690\/revisions"}],"wp:featuredmedia":[{"embeddable":true,"href":"https:\/\/eurodirections.com\/no\/wp-json\/wp\/v2\/media\/6091"}],"wp:attachment":[{"href":"https:\/\/eurodirections.com\/no\/wp-json\/wp\/v2\/media?parent=22690"}],"curies":[{"name":"wp","href":"https:\/\/api.w.org\/{rel}","templated":true}]}}