{"id":22639,"date":"2022-04-06T10:11:24","date_gmt":"2022-04-06T10:11:24","guid":{"rendered":"https:\/\/eurodirections.com\/athens-reisebotteliste\/"},"modified":"2023-03-24T12:26:44","modified_gmt":"2023-03-24T12:26:44","slug":"athens-reisebotteliste","status":"publish","type":"page","link":"https:\/\/eurodirections.com\/no\/athens-reisebotteliste\/","title":{"rendered":"Athens reiseb\u00f8tteliste"},"content":{"rendered":"<div id=\"ez-toc-container\" class=\"ez-toc-v2_0_82_2 counter-hierarchy ez-toc-counter ez-toc-grey ez-toc-container-direction\">\n<div class=\"ez-toc-title-container\">\n<p class=\"ez-toc-title\" style=\"cursor:inherit\">Table of Contents<\/p>\n<span class=\"ez-toc-title-toggle\"><a href=\"#\" class=\"ez-toc-pull-right ez-toc-btn ez-toc-btn-xs ez-toc-btn-default ez-toc-toggle\" aria-label=\"Toggle Table of Content\"><span class=\"ez-toc-js-icon-con\"><span class=\"\"><span class=\"eztoc-hide\" style=\"display:none;\">Toggle<\/span><span class=\"ez-toc-icon-toggle-span\"><svg style=\"fill: #999;color:#999\" xmlns=\"http:\/\/www.w3.org\/2000\/svg\" class=\"list-377408\" width=\"20px\" height=\"20px\" viewBox=\"0 0 24 24\" fill=\"none\"><path d=\"M6 6H4v2h2V6zm14 0H8v2h12V6zM4 11h2v2H4v-2zm16 0H8v2h12v-2zM4 16h2v2H4v-2zm16 0H8v2h12v-2z\" fill=\"currentColor\"><\/path><\/svg><svg style=\"fill: #999;color:#999\" class=\"arrow-unsorted-368013\" xmlns=\"http:\/\/www.w3.org\/2000\/svg\" width=\"10px\" height=\"10px\" viewBox=\"0 0 24 24\" version=\"1.2\" baseProfile=\"tiny\"><path d=\"M18.2 9.3l-6.2-6.3-6.2 6.3c-.2.2-.3.4-.3.7s.1.5.3.7c.2.2.4.3.7.3h11c.3 0 .5-.1.7-.3.2-.2.3-.5.3-.7s-.1-.5-.3-.7zM5.8 14.7l6.2 6.3 6.2-6.3c.2-.2.3-.5.3-.7s-.1-.5-.3-.7c-.2-.2-.4-.3-.7-.3h-11c-.3 0-.5.1-.7.3-.2.2-.3.5-.3.7s.1.5.3.7z\"\/><\/svg><\/span><\/span><\/span><\/a><\/span><\/div>\n<nav><ul class='ez-toc-list ez-toc-list-level-1 eztoc-toggle-hide-by-default' ><li class='ez-toc-page-1 ez-toc-heading-level-2'><a class=\"ez-toc-link ez-toc-heading-1\" href=\"https:\/\/eurodirections.com\/no\/athens-reisebotteliste\/#Botteliste-for-Athen-reiseguide\" >B\u00f8tteliste for Athen | reiseguide<\/a><ul class='ez-toc-list-level-3' ><li class='ez-toc-heading-level-3'><a class=\"ez-toc-link ez-toc-heading-2\" href=\"https:\/\/eurodirections.com\/no\/athens-reisebotteliste\/#Ting-du-ikke-bor-ga-glipp-av-i-Athen\" >Ting du ikke b\u00f8r g\u00e5 glipp av i Athen<\/a><\/li><li class='ez-toc-page-1 ez-toc-heading-level-3'><a class=\"ez-toc-link ez-toc-heading-3\" href=\"https:\/\/eurodirections.com\/no\/athens-reisebotteliste\/#Spis-som-en-lokal-i-Athen\" >Spis som en lokal i Athen<\/a><\/li><li class='ez-toc-page-1 ez-toc-heading-level-3'><a class=\"ez-toc-link ez-toc-heading-4\" href=\"https:\/\/eurodirections.com\/no\/athens-reisebotteliste\/#Hvor-du-skal-bo-i-Athen\" >Hvor du skal bo i Athen<\/a><\/li><li class='ez-toc-page-1 ez-toc-heading-level-3'><a class=\"ez-toc-link ez-toc-heading-5\" href=\"https:\/\/eurodirections.com\/no\/athens-reisebotteliste\/#Athen-hotell-kart-med-priser\" >Athen hotell kart med priser<\/a><\/li><li class='ez-toc-page-1 ez-toc-heading-level-3'><a class=\"ez-toc-link ez-toc-heading-6\" href=\"https:\/\/eurodirections.com\/no\/athens-reisebotteliste\/#Fly-til-Athen\" >Fly til Athen<\/a><\/li><\/ul><\/li><\/ul><\/nav><\/div>\n<h2><span class=\"ez-toc-section\" id=\"Botteliste-for-Athen-reiseguide\"><\/span><b>B\u00f8tteliste for Athen | reiseguide<\/b><span class=\"ez-toc-section-end\"><\/span><\/h2>\n<p><span style=\"font-weight: 400;\">Athen, en av verdens eldste byer, sivilisasjonenes vugge og demokratiets f\u00f8dested, er n\u00e5 et popul\u00e6rt turistm\u00e5l med hundrevis av ting \u00e5 se og gj\u00f8re. Bes\u00f8kt av over 6 millioner turister hvert \u00e5r, er de ber\u00f8mte attraksjonene i Athen alltid overfylte, og livet surrer fra skumring til daggry. <\/span><\/p>\n<p><iframe style=\"border: 1px solid #EEE; background: white;\" src=\"about:blank\" width=\"880\" height=\"270\" frameborder=\"0\" scrolling=\"no\" class=\"lazyload\" data-src=\"https:\/\/eurodirections.substack.com\/embed\"><span data-mce-type=\"bookmark\" style=\"display: inline-block; width: 0px; overflow: hidden; line-height: 0;\" class=\"mce_SELRES_start\"><\/span><span data-mce-type=\"bookmark\" style=\"display: inline-block; width: 0px; overflow: hidden; line-height: 0;\" class=\"mce_SELRES_start\" align=\"center\"><\/span><\/iframe><\/p>\n<h3><span class=\"ez-toc-section\" id=\"Ting-du-ikke-bor-ga-glipp-av-i-Athen\"><\/span><b>Ting du ikke b\u00f8r g\u00e5 glipp av i Athen<\/b><span class=\"ez-toc-section-end\"><\/span><\/h3>\n<ul>\n<li style=\"font-weight: 400;\" aria-level=\"1\"><span style=\"font-weight: 400;\">Klatre til Akropolis for \u00e5 se Parthenon, Erechtheion og Athena Nike-tempelet, og nyt utsikten over byen. <\/span><\/li>\n<li style=\"font-weight: 400;\" aria-level=\"1\"><span style=\"font-weight: 400;\">Vandre i nabolagene Pl\u00e1ka og Anafiotika, turisthotspots med gresk landsbystemning, brosteinsbelagte smug og sm\u00e5 torg. <\/span><\/li>\n<li style=\"font-weight: 400;\" aria-level=\"1\"><span style=\"font-weight: 400;\">Ta en titt p\u00e5 Ancient Agora &#8211; ruinene av markedsplassen med Stoa of Attalos og Hephaistos-tempelet. <\/span><\/li>\n<li style=\"font-weight: 400;\" aria-level=\"1\"><span style=\"font-weight: 400;\">Endre landskapet og utforsk den moderne gategraffitikunsten i Athen.<\/span><\/li>\n<li style=\"font-weight: 400;\" aria-level=\"1\"><span style=\"font-weight: 400;\">Finn de dyrebare gjenstandene fra gresk historie og verdenshistorie i Museum of Cycladic Art.<\/span><\/li>\n<li style=\"font-weight: 400;\" aria-level=\"1\"><span style=\"font-weight: 400;\">Se vaktskiftet i parlamentsbygningen p\u00e5 Syntagma.<\/span><\/li>\n<\/ul>\n<h3><span class=\"ez-toc-section\" id=\"Spis-som-en-lokal-i-Athen\"><\/span><b>Spis som en lokal i Athen<\/b><span class=\"ez-toc-section-end\"><\/span><\/h3>\n<ul>\n<li style=\"font-weight: 400;\" aria-level=\"1\"><span style=\"font-weight: 400;\">N\u00e5r du handler i Plaka, finn den beste greske salaten hos Pantelis Melissions The Poet Sandalmaker.<\/span><\/li>\n<li style=\"font-weight: 400;\" aria-level=\"1\"><span style=\"font-weight: 400;\">F\u00e5 de fineste loukoumades (greske smultringer) toppet med honning og kanel i Lukumades.<\/span><\/li>\n<li style=\"font-weight: 400;\" aria-level=\"1\"><span style=\"font-weight: 400;\">Spis de virkelig stilige Gyros og l\u00e6r hvordan du uttaler navnet riktig.<\/span><\/li>\n<li style=\"font-weight: 400;\" aria-level=\"1\"><span style=\"font-weight: 400;\">Utforsk Athens sentrale marked for \u00e5 finne ferskt kj\u00f8tt og fisk, ost og selvf\u00f8lgelig oliven.<\/span><\/li>\n<li style=\"font-weight: 400;\" aria-level=\"1\"><span style=\"font-weight: 400;\">Nyt kvelden og middagen i en av restaurantene i Mnisikleous Street, det overfylte distriktet med en avslappet atmosf\u00e6re.<\/span><\/li>\n<li style=\"font-weight: 400;\" aria-level=\"1\"><span style=\"font-weight: 400;\">Ta deg et bakverk, som tiropita eller spanakopita, mens du er p\u00e5 farten fra et av gatebakeriene mens du hopper fra museum til tempel.<\/span><\/li>\n<\/ul>\n<h3><span class=\"ez-toc-section\" id=\"Hvor-du-skal-bo-i-Athen\"><\/span><b>Hvor du skal bo i Athen<\/b><span class=\"ez-toc-section-end\"><\/span><\/h3>\n<ul>\n<li style=\"font-weight: 400;\" aria-level=\"1\"><span style=\"font-weight: 400;\">Velg det topprangerte 5-stjerners Hellenic Vibes Smart Hotel i Athen med et moderne minimalistisk interi\u00f8r og detaljer for et luksusopphold.<\/span><\/li>\n<li style=\"font-weight: 400;\" aria-level=\"1\"><span style=\"font-weight: 400;\">Nyt atmosf\u00e6ren til Athen fra komforten av rommet ditt p\u00e5 Ivis 4 Boutique Hotel, et 4-stjerners sted i hjertet av Athen.<\/span><\/li>\n<li style=\"font-weight: 400;\" aria-level=\"1\"><span style=\"font-weight: 400;\">NLH KERAMEIKOS &#8211; Neighborhood Lifestyle Hotels er et perfekt alternativ hvis du er ute etter et rimelig, men komfortabelt og stilig hotell.<\/span><\/li>\n<li style=\"font-weight: 400;\" aria-level=\"1\"><span style=\"font-weight: 400;\">Laget av reisende og for reisende, er Nubian Hostel Athens et flott sted \u00e5 finne komfort selv om du har et stramt budsjett.<\/span><\/li>\n<li style=\"font-weight: 400;\" aria-level=\"1\"><span style=\"font-weight: 400;\">Ta en dagstur til Tolo, Peloponnes for \u00e5 nyte de himmelsk-vakre strendene i Hellas og bo p\u00e5 et 4-stjerners fasjonabelt John &amp; George Hotel.<\/span><\/li>\n<\/ul>\n<h3><span class=\"ez-toc-section\" id=\"Athen-hotell-kart-med-priser\"><\/span>Athen hotell kart med priser<span class=\"ez-toc-section-end\"><\/span><\/h3>\n<p><script src=\"\/\/tp.media\/content?0=0&amp;1=10&amp;promo_id=4285&amp;shmarker=14350&amp;campaign_id=101&amp;search_host=air.eurodirections.com%2Fhotels&amp;locale=en&amp;currency=eur&amp;draggable=true&amp;disable_zoom=false&amp;show_logo=false&amp;scrollwheel=false&amp;color=%230759B0&amp;contrast_color=%23ffffff&amp;width=720&amp;height=500&amp;zoom=13&amp;radius=60&amp;stars=0%2C1%2C2%2C3%2C4%2C5&amp;price_from=&amp;price_to=&amp;lat=37.987128&amp;lng=23.726691\" charset=\"utf-8\"><\/script><\/p>\n<h3 style=\"text-align: left;\"><span class=\"ez-toc-section\" id=\"Fly-til-Athen\"><\/span>Fly til Athen<span class=\"ez-toc-section-end\"><\/span><\/h3>\n<p><script src=\"https:\/\/tp.media\/content?trs=147545&amp;shmarker=14350&amp;destination=ATH&amp;target_host=air.eurodirections.com%2Fflights&amp;locale=en&amp;currency=eur&amp;limit=10&amp;powered_by=false&amp;primary=%23D80D61ff&amp;promo_id=4044&amp;campaign_id=100\" charset=\"utf-8\"><\/script><\/p>\n<p><a href=\"https:\/\/eurodirections.com\/no\/fly-athen-hellas\/\">Se gjennom alle flyreiser til Athen<\/a><\/p>\n","protected":false},"excerpt":{"rendered":"<p>B\u00f8tteliste for Athen | reiseguide Athen, en av verdens eldste byer, sivilisasjonenes vugge og demokratiets f\u00f8dested, er n\u00e5 et popul\u00e6rt turistm\u00e5l med hundrevis av ting \u00e5 se og gj\u00f8re. Bes\u00f8kt av over 6 millioner turister hvert \u00e5r, er de ber\u00f8mte attraksjonene i Athen alltid overfylte, og livet surrer fra skumring til daggry. Ting du ikke [&hellip;]<\/p>\n","protected":false},"author":1,"featured_media":6251,"parent":0,"menu_order":0,"comment_status":"closed","ping_status":"closed","template":"","meta":{"footnotes":""},"class_list":["post-22639","page","type-page","status-publish","has-post-thumbnail","hentry"],"_links":{"self":[{"href":"https:\/\/eurodirections.com\/no\/wp-json\/wp\/v2\/pages\/22639","targetHints":{"allow":["GET"]}}],"collection":[{"href":"https:\/\/eurodirections.com\/no\/wp-json\/wp\/v2\/pages"}],"about":[{"href":"https:\/\/eurodirections.com\/no\/wp-json\/wp\/v2\/types\/page"}],"author":[{"embeddable":true,"href":"https:\/\/eurodirections.com\/no\/wp-json\/wp\/v2\/users\/1"}],"replies":[{"embeddable":true,"href":"https:\/\/eurodirections.com\/no\/wp-json\/wp\/v2\/comments?post=22639"}],"version-history":[{"count":0,"href":"https:\/\/eurodirections.com\/no\/wp-json\/wp\/v2\/pages\/22639\/revisions"}],"wp:featuredmedia":[{"embeddable":true,"href":"https:\/\/eurodirections.com\/no\/wp-json\/wp\/v2\/media\/6251"}],"wp:attachment":[{"href":"https:\/\/eurodirections.com\/no\/wp-json\/wp\/v2\/media?parent=22639"}],"curies":[{"name":"wp","href":"https:\/\/api.w.org\/{rel}","templated":true}]}}