{"id":22266,"date":"2022-04-05T19:00:54","date_gmt":"2022-04-05T19:00:54","guid":{"rendered":"https:\/\/eurodirections.com\/lisboa-reisebotteliste\/"},"modified":"2023-03-20T09:29:32","modified_gmt":"2023-03-20T09:29:32","slug":"lisboa","status":"publish","type":"page","link":"https:\/\/eurodirections.com\/no\/lisboa\/","title":{"rendered":"Lisboa reiseb\u00f8tteliste"},"content":{"rendered":"<div id=\"ez-toc-container\" class=\"ez-toc-v2_0_82_2 counter-hierarchy ez-toc-counter ez-toc-grey ez-toc-container-direction\">\n<div class=\"ez-toc-title-container\">\n<p class=\"ez-toc-title\" style=\"cursor:inherit\">Table of Contents<\/p>\n<span class=\"ez-toc-title-toggle\"><a href=\"#\" class=\"ez-toc-pull-right ez-toc-btn ez-toc-btn-xs ez-toc-btn-default ez-toc-toggle\" aria-label=\"Toggle Table of Content\"><span class=\"ez-toc-js-icon-con\"><span class=\"\"><span class=\"eztoc-hide\" style=\"display:none;\">Toggle<\/span><span class=\"ez-toc-icon-toggle-span\"><svg style=\"fill: #999;color:#999\" xmlns=\"http:\/\/www.w3.org\/2000\/svg\" class=\"list-377408\" width=\"20px\" height=\"20px\" viewBox=\"0 0 24 24\" fill=\"none\"><path d=\"M6 6H4v2h2V6zm14 0H8v2h12V6zM4 11h2v2H4v-2zm16 0H8v2h12v-2zM4 16h2v2H4v-2zm16 0H8v2h12v-2z\" fill=\"currentColor\"><\/path><\/svg><svg style=\"fill: #999;color:#999\" class=\"arrow-unsorted-368013\" xmlns=\"http:\/\/www.w3.org\/2000\/svg\" width=\"10px\" height=\"10px\" viewBox=\"0 0 24 24\" version=\"1.2\" baseProfile=\"tiny\"><path d=\"M18.2 9.3l-6.2-6.3-6.2 6.3c-.2.2-.3.4-.3.7s.1.5.3.7c.2.2.4.3.7.3h11c.3 0 .5-.1.7-.3.2-.2.3-.5.3-.7s-.1-.5-.3-.7zM5.8 14.7l6.2 6.3 6.2-6.3c.2-.2.3-.5.3-.7s-.1-.5-.3-.7c-.2-.2-.4-.3-.7-.3h-11c-.3 0-.5.1-.7.3-.2.2-.3.5-.3.7s.1.5.3.7z\"\/><\/svg><\/span><\/span><\/span><\/a><\/span><\/div>\n<nav><ul class='ez-toc-list ez-toc-list-level-1 eztoc-toggle-hide-by-default' ><li class='ez-toc-page-1 ez-toc-heading-level-2'><a class=\"ez-toc-link ez-toc-heading-1\" href=\"https:\/\/eurodirections.com\/no\/lisboa\/#Utforsk-Lisboa-botteliste-for-turister\" >Utforsk Lisboa: b\u00f8tteliste for turister<\/a><ul class='ez-toc-list-level-3' ><li class='ez-toc-heading-level-3'><a class=\"ez-toc-link ez-toc-heading-2\" href=\"https:\/\/eurodirections.com\/no\/lisboa\/#Ting-du-ikke-bor-ga-glipp-av-i-Lisboa\" >Ting du ikke b\u00f8r g\u00e5 glipp av i Lisboa<\/a><\/li><li class='ez-toc-page-1 ez-toc-heading-level-3'><a class=\"ez-toc-link ez-toc-heading-3\" href=\"https:\/\/eurodirections.com\/no\/lisboa\/#Spis-som-en-lokal-i-Lisboa\" >Spis som en lokal i Lisboa<\/a><\/li><li class='ez-toc-page-1 ez-toc-heading-level-3'><a class=\"ez-toc-link ez-toc-heading-4\" href=\"https:\/\/eurodirections.com\/no\/lisboa\/#Hvor-du-skal-bo-i-Lisboa\" >Hvor du skal bo i Lisboa<\/a><\/li><li class='ez-toc-page-1 ez-toc-heading-level-3'><a class=\"ez-toc-link ez-toc-heading-5\" href=\"https:\/\/eurodirections.com\/no\/lisboa\/#Fly-til-Lisboa\" >Fly til Lisboa<\/a><\/li><\/ul><\/li><\/ul><\/nav><\/div>\n<p>F\u00f8lg Euro Directions reisemagasins spesialserie av <a title=\"De beste byene i Europa\" href=\"https:\/\/eurodirections.com\/no\/de-beste-byene-i-europa\/\" data-schema-attribute=\"about\">Europas beste reisem\u00e5l<\/a><\/p>\n<h2><span class=\"ez-toc-section\" id=\"Utforsk-Lisboa-botteliste-for-turister\"><\/span><b>Utforsk Lisboa: b\u00f8tteliste for turister<\/b><span class=\"ez-toc-section-end\"><\/span><\/h2>\n<p><span style=\"font-weight: 400;\">Kysthovedstaden i Portugal med pastellfargede bygninger og tegltak er den st\u00f8rste byen, landets politiske, \u00f8konomiske og turistsentrum. Byen beholder fortsatt stemningen fra 1800-tallet til tross for den moderne kj\u00f8returen og bygningene. Du vil finne unik arkitektur, rik historie, beste mat og natteliv du ikke vil g\u00e5 glipp av.<\/span><\/p>\n<h3><span class=\"ez-toc-section\" id=\"Ting-du-ikke-bor-ga-glipp-av-i-Lisboa\"><\/span><b>Ting du ikke b\u00f8r g\u00e5 glipp av i Lisboa<\/b><span class=\"ez-toc-section-end\"><\/span><\/h3>\n<ul>\n<li style=\"font-weight: 400;\" aria-level=\"1\"><span style=\"font-weight: 400;\">Lurer p\u00e5 Torre de Bel\u00e9m, et vakkert t\u00e5rn, som ligner blandingen av gotisk og romansk arkitektur. <\/span><\/li>\n<li style=\"font-weight: 400;\" aria-level=\"1\"><span style=\"font-weight: 400;\">Kj\u00f8r trikk 28 gjennom de bratte, brosteinsbelagte veiene og oppdag byens historie mens du passerer gjennom de majestetiske stedene. <\/span><\/li>\n<li style=\"font-weight: 400;\" aria-level=\"1\"><span style=\"font-weight: 400;\">Vandre i Alfama-distriktet, den eldste delen av byen med svingete gater og trange smug, kapeller med fliser og Lisboa-katedralen.<\/span><\/li>\n<li style=\"font-weight: 400;\" aria-level=\"1\"><span style=\"font-weight: 400;\">Nyt nattelivet p\u00e5 Bairro Alto og nipp til Caipirinha i en av barene i nabolaget. <\/span><\/li>\n<li style=\"font-weight: 400;\" aria-level=\"1\"><span style=\"font-weight: 400;\">Finn Casa Independente, en privat bolig med m\u00f8blerte rom og en jordn\u00e6r atmosf\u00e6re hvor du kan nyte drinker, kul musikk og fester. <\/span><\/li>\n<\/ul>\n<p><iframe style=\"border: 1px solid #EEE; background: white;\" src=\"about:blank\" width=\"880\" height=\"270\" frameborder=\"0\" scrolling=\"no\" class=\"lazyload\" data-src=\"https:\/\/eurodirections.substack.com\/embed\"><span data-mce-type=\"bookmark\" style=\"display: inline-block; width: 0px; overflow: hidden; line-height: 0;\" class=\"mce_SELRES_start\"><\/span><span data-mce-type=\"bookmark\" style=\"display: inline-block; width: 0px; overflow: hidden; line-height: 0;\" class=\"mce_SELRES_start\" align=\"center\"><\/span><\/iframe><\/p>\n<h3><span class=\"ez-toc-section\" id=\"Spis-som-en-lokal-i-Lisboa\"><\/span><b>Spis som en lokal i Lisboa<\/b><span class=\"ez-toc-section-end\"><\/span><\/h3>\n<ul>\n<li style=\"font-weight: 400;\" aria-level=\"1\"><span style=\"font-weight: 400;\">Finn over 40 matkategorier i Time Out Market Lisboa og bruk litt tid p\u00e5 \u00e5 pr\u00f8ve minst halvparten av dem. <\/span><\/li>\n<li style=\"font-weight: 400;\" aria-level=\"1\"><span style=\"font-weight: 400;\">Spis en av de mest fantastiske m\u00e5ltidene p\u00e5 Michelin-stjerne Loco restaurant med avantgarde portugisisk mat.<\/span><\/li>\n<li style=\"font-weight: 400;\" aria-level=\"1\"><span style=\"font-weight: 400;\">Bes\u00f8k Lisboas eldste restaurant Martinho da Arcada for \u00e5 nyte en kopp kaffe.<\/span><\/li>\n<li style=\"font-weight: 400;\" aria-level=\"1\"><span style=\"font-weight: 400;\">Pr\u00f8v de beste stekte torskene, kalvebiffene og stekt potet p\u00e5 Z\u00e9 da Mouraria.<\/span><\/li>\n<li style=\"font-weight: 400;\" aria-level=\"1\"><span style=\"font-weight: 400;\">Spis middag p\u00e5 Gambrinus med en krokett, Gambrinus tulipan (blandet \u00f8l), og se tilberedningen av ballongkaffen.<\/span><\/li>\n<li style=\"font-weight: 400;\" aria-level=\"1\"><span style=\"font-weight: 400;\">Ta et bilde av pannekaker med mascarpone og jordb\u00e6r p\u00e5 Nicolau Lisboa cafe.<\/span><\/li>\n<\/ul>\n<figure id=\"attachment_22201\" aria-describedby=\"caption-attachment-22201\" style=\"width: 1000px\" class=\"wp-caption alignnone\"><img fetchpriority=\"high\" decoding=\"async\" class=\"size-full wp-image-22201\" src=\"https:\/\/eurodirections.com\/wp-content\/uploads\/2023\/03\/welcome-to-lisbon-portugal.jpg\" alt=\"Velkommen til Lisboa, Portugal, og nyt reisen din med Euro Directions reisemagasin!\" width=\"1000\" height=\"667\" srcset=\"https:\/\/eurodirections.com\/wp-content\/uploads\/2023\/03\/welcome-to-lisbon-portugal.jpg 1000w, https:\/\/eurodirections.com\/wp-content\/uploads\/2023\/03\/welcome-to-lisbon-portugal-300x200.jpg 300w, https:\/\/eurodirections.com\/wp-content\/uploads\/2023\/03\/welcome-to-lisbon-portugal-768x512.jpg 768w\" sizes=\"(max-width: 1000px) 100vw, 1000px\" \/><figcaption id=\"caption-attachment-22201\" class=\"wp-caption-text\">Velkommen til Lisboa, Portugal, og nyt reisen din med Euro Directions reisemagasin! Foto Vesela Vaclavik<\/figcaption><\/figure>\n<h3><span class=\"ez-toc-section\" id=\"Hvor-du-skal-bo-i-Lisboa\"><\/span><b>Hvor du skal bo i Lisboa<\/b><span class=\"ez-toc-section-end\"><\/span><\/h3>\n<ul>\n<li style=\"font-weight: 400;\" aria-level=\"1\"><span style=\"font-weight: 400;\">Velg den stemningsfulle atmosf\u00e6ren til Wine &amp; Books Lisboa 5-stjerners hotell som vil bli det beste symbolet p\u00e5 ferien din i hovedstaden. <\/span><\/li>\n<li style=\"font-weight: 400;\" aria-level=\"1\"><span style=\"font-weight: 400;\">4-stjerners Memmo Alfama &#8211; Design Hotel ligger i det historiske Alfama-distriktet, og vil f\u00e5 deg til \u00e5 nyte hvert \u00f8yeblikk av oppholdet.<\/span><\/li>\n<li style=\"font-weight: 400;\" aria-level=\"1\"><span style=\"font-weight: 400;\">Be Poet Baixa Hotel har et rimeligere alternativ med et moderne interi\u00f8r, rike farger og dekorasjoner.<\/span><\/li>\n<li style=\"font-weight: 400;\" aria-level=\"1\"><span style=\"font-weight: 400;\">Spar p\u00e5 overnatting i Lisboa og nyt komforten ved \u00e5 bestille en seng i Yes! Lisboa Vandrerhjem.<\/span><\/li>\n<li style=\"font-weight: 400;\" aria-level=\"1\"><span style=\"font-weight: 400;\">Ta en dagstur til Cascais og bo p\u00e5 et luksuri\u00f8st Westlight Cascais Chalet-hotell med fantastisk strandutsikt.<\/span><\/li>\n<\/ul>\n<p><script src=\"https:\/\/www.travelpayouts.com\/chansey\/iframe.js?v=1&amp;marker=14350&amp;host=air.eurodirections.com%2Fhotels&amp;locale=en&amp;currency=eur&amp;nobooking=&amp;powered_by=false&amp;hotel_id=1901035476\" charset=\"utf-8\" async=\"\"><\/script><\/p>\n<h3><span class=\"ez-toc-section\" id=\"Fly-til-Lisboa\"><\/span>Fly til Lisboa<span class=\"ez-toc-section-end\"><\/span><\/h3>\n<p>Se gjennom flere <a title=\"Lisboa flykatalog og kalender\" href=\"https:\/\/eurodirections.com\/no\/lisboa-flyreiser\/\" target=\"_blank\" rel=\"noopener\">flyalternativer for \u00e5 reise til Lisboa<\/a> .<\/p>\n<p><script src=\"https:\/\/tp.media\/content?trs=147545&amp;shmarker=14350&amp;destination=LIS&amp;locale=no&amp;currency=eur&amp;limit=10&amp;primary=%23E9166Cff&amp;promo_id=7291&amp;campaign_id=200\" charset=\"utf-8\"><\/script><\/p>\n<p><script type=\"application\/ld+json\">\n{\n    \"@context\": \"http:\/\/schema.org\",\n    \"@type\": \"WebPage\",\n    \"name\": \"Lisboa guide\",\n    \"description\": \"Utforsk Lisboa, Portugal - Ting du m\u00e5 gj\u00f8re i Lisboa, hotellforslag, utvalgte severdigheter og attraksjonsguide for turister.<span data-mce-type=\"bookmark\" style=\"display: inline-block; width: 0px; overflow: hidden; line-height: 0;\" class=\"mce_SELRES_start\">\ufeff<\/span>\",\n    \"publisher\": {\n        \"@type\": \"WebPage\",\n        \"name\": \"Eurodirections.com\"\n    }\n}\n<\/script><\/p>\n","protected":false},"excerpt":{"rendered":"<p>F\u00f8lg Euro Directions reisemagasins spesialserie av Europas beste reisem\u00e5l Utforsk Lisboa: b\u00f8tteliste for turister Kysthovedstaden i Portugal med pastellfargede bygninger og tegltak er den st\u00f8rste byen, landets politiske, \u00f8konomiske og turistsentrum. Byen beholder fortsatt stemningen fra 1800-tallet til tross for den moderne kj\u00f8returen og bygningene. Du vil finne unik arkitektur, rik historie, beste mat og [&hellip;]<\/p>\n","protected":false},"author":1,"featured_media":6243,"parent":0,"menu_order":0,"comment_status":"closed","ping_status":"closed","template":"","meta":{"footnotes":""},"class_list":["post-22266","page","type-page","status-publish","has-post-thumbnail","hentry"],"_links":{"self":[{"href":"https:\/\/eurodirections.com\/no\/wp-json\/wp\/v2\/pages\/22266","targetHints":{"allow":["GET"]}}],"collection":[{"href":"https:\/\/eurodirections.com\/no\/wp-json\/wp\/v2\/pages"}],"about":[{"href":"https:\/\/eurodirections.com\/no\/wp-json\/wp\/v2\/types\/page"}],"author":[{"embeddable":true,"href":"https:\/\/eurodirections.com\/no\/wp-json\/wp\/v2\/users\/1"}],"replies":[{"embeddable":true,"href":"https:\/\/eurodirections.com\/no\/wp-json\/wp\/v2\/comments?post=22266"}],"version-history":[{"count":0,"href":"https:\/\/eurodirections.com\/no\/wp-json\/wp\/v2\/pages\/22266\/revisions"}],"wp:featuredmedia":[{"embeddable":true,"href":"https:\/\/eurodirections.com\/no\/wp-json\/wp\/v2\/media\/6243"}],"wp:attachment":[{"href":"https:\/\/eurodirections.com\/no\/wp-json\/wp\/v2\/media?parent=22266"}],"curies":[{"name":"wp","href":"https:\/\/api.w.org\/{rel}","templated":true}]}}