{"id":16918,"date":"2023-01-16T21:06:10","date_gmt":"2023-01-16T21:06:10","guid":{"rendered":"https:\/\/eurodirections.com\/billige-flykalender-%e2%9c%88\/"},"modified":"2023-02-16T09:39:32","modified_gmt":"2023-02-16T09:39:32","slug":"billige-flykalender","status":"publish","type":"page","link":"https:\/\/eurodirections.com\/no\/billige-flykalender\/","title":{"rendered":"Billige flykalender"},"content":{"rendered":"<div id=\"ez-toc-container\" class=\"ez-toc-v2_0_82_2 counter-hierarchy ez-toc-counter ez-toc-grey ez-toc-container-direction\">\n<div class=\"ez-toc-title-container\">\n<p class=\"ez-toc-title\" style=\"cursor:inherit\">Table of Contents<\/p>\n<span class=\"ez-toc-title-toggle\"><a href=\"#\" class=\"ez-toc-pull-right ez-toc-btn ez-toc-btn-xs ez-toc-btn-default ez-toc-toggle\" aria-label=\"Toggle Table of Content\"><span class=\"ez-toc-js-icon-con\"><span class=\"\"><span class=\"eztoc-hide\" style=\"display:none;\">Toggle<\/span><span class=\"ez-toc-icon-toggle-span\"><svg style=\"fill: #999;color:#999\" xmlns=\"http:\/\/www.w3.org\/2000\/svg\" class=\"list-377408\" width=\"20px\" height=\"20px\" viewBox=\"0 0 24 24\" fill=\"none\"><path d=\"M6 6H4v2h2V6zm14 0H8v2h12V6zM4 11h2v2H4v-2zm16 0H8v2h12v-2zM4 16h2v2H4v-2zm16 0H8v2h12v-2z\" fill=\"currentColor\"><\/path><\/svg><svg style=\"fill: #999;color:#999\" class=\"arrow-unsorted-368013\" xmlns=\"http:\/\/www.w3.org\/2000\/svg\" width=\"10px\" height=\"10px\" viewBox=\"0 0 24 24\" version=\"1.2\" baseProfile=\"tiny\"><path d=\"M18.2 9.3l-6.2-6.3-6.2 6.3c-.2.2-.3.4-.3.7s.1.5.3.7c.2.2.4.3.7.3h11c.3 0 .5-.1.7-.3.2-.2.3-.5.3-.7s-.1-.5-.3-.7zM5.8 14.7l6.2 6.3 6.2-6.3c.2-.2.3-.5.3-.7s-.1-.5-.3-.7c-.2-.2-.4-.3-.7-.3h-11c-.3 0-.5.1-.7.3-.2.2-.3.5-.3.7s.1.5.3.7z\"\/><\/svg><\/span><\/span><\/span><\/a><\/span><\/div>\n<nav><ul class='ez-toc-list ez-toc-list-level-1 eztoc-toggle-hide-by-default' ><li class='ez-toc-page-1 ez-toc-heading-level-2'><a class=\"ez-toc-link ez-toc-heading-1\" href=\"https:\/\/eurodirections.com\/no\/billige-flykalender\/#Kalender-med-billige-flyreiser\" >Kalender med billige flyreiser<\/a><ul class='ez-toc-list-level-3' ><li class='ez-toc-heading-level-3'><a class=\"ez-toc-link ez-toc-heading-2\" href=\"https:\/\/eurodirections.com\/no\/billige-flykalender\/#%F0%9F%93%85-Hvordan-bruker-jeg-den-billige-flykalenderen\" >\ud83d\udcc5 Hvordan bruker jeg den billige flykalenderen?<\/a><\/li><li class='ez-toc-page-1 ez-toc-heading-level-3'><a class=\"ez-toc-link ez-toc-heading-3\" href=\"https:\/\/eurodirections.com\/no\/billige-flykalender\/#%F0%9F%A7%B3-Fordeler-med-a-bruke-billig-flykalender\" >\ud83e\uddf3 Fordeler med \u00e5 bruke billig flykalender<\/a><\/li><\/ul><\/li><li class='ez-toc-page-1 ez-toc-heading-level-2'><a class=\"ez-toc-link ez-toc-heading-4\" href=\"https:\/\/eurodirections.com\/no\/billige-flykalender\/#Eksempel-pa-bruk-av-billig-flykalender\" >Eksempel p\u00e5 bruk av billig flykalender<\/a><\/li><\/ul><\/nav><\/div>\n<p>V\u00e5r billige flykalender er et kraftig reiseplanleggingsverkt\u00f8y som hjelper brukere med \u00e5 sammenligne og velge den beste datoen for flyreisen til en bestemt destinasjon fra ethvert sted i verden. Kalenderen lar brukere enkelt s\u00f8ke og sammenligne flyreiser fra alle flyselskaper, reisebyr\u00e5er og bookingsystemer, og identifisere de mest kostnadseffektive datoene for reisen.<\/p>\n<h2><span class=\"ez-toc-section\" id=\"Kalender-med-billige-flyreiser\"><\/span>Kalender med billige flyreiser<span class=\"ez-toc-section-end\"><\/span><\/h2>\n<p><script src=\"\/\/tp.media\/content?currency=eur&amp;promo_id=4041&amp;shmarker=14350&amp;campaign_id=100&amp;trs=147545&amp;searchUrl=air.eurodirections.com%2Fflights&amp;locale=en_us&amp;powered_by=false&amp;one_way=true&amp;only_direct=false&amp;period=year&amp;range=1%2C30&amp;primary=%23172940&amp;color_background=%23FFFFFF&amp;achieve=%230F5ABD&amp;dark=%23000000&amp;light=%23FFFFFF&amp;destination=LON\" charset=\"utf-8\"><span data-mce-type=\"bookmark\" style=\"display: inline-block; width: 0px; overflow: hidden; line-height: 0;\" class=\"mce_SELRES_start\">\ufeff<\/span><span data-mce-type=\"bookmark\" style=\"display: inline-block; width: 0px; overflow: hidden; line-height: 0;\" class=\"mce_SELRES_start\">\ufeff<\/span><span data-mce-type=\"bookmark\" style=\"display: inline-block; width: 0px; overflow: hidden; line-height: 0;\" class=\"mce_SELRES_start\">\ufeff<\/span><span data-mce-type=\"bookmark\" style=\"display: inline-block; width: 0px; overflow: hidden; line-height: 0;\" class=\"mce_SELRES_start\">\ufeff<\/span><span data-mce-type=\"bookmark\" style=\"display: inline-block; width: 0px; overflow: hidden; line-height: 0;\" class=\"mce_SELRES_start\">\ufeff<\/span><\/script><\/p>\n<h3><span class=\"ez-toc-section\" id=\"%F0%9F%93%85-Hvordan-bruker-jeg-den-billige-flykalenderen\"><\/span>\ud83d\udcc5 Hvordan bruker jeg den billige flykalenderen?<span class=\"ez-toc-section-end\"><\/span><\/h3>\n<ol>\n<li>Velg posisjonen din \u00f8verst til venstre i kalenderen<\/li>\n<li>Se den billigste prisen for hver m\u00e5ned for flyreisen fra ditt sted<\/li>\n<li>Klikk p\u00e5 et hvilket som helst m\u00e5nedsvindu for \u00e5 se den n\u00f8yaktige datoen for den rimeligste flyreisen<\/li>\n<li>Du kan klikke p\u00e5 datovinduet for \u00e5 se flydetaljene<\/li>\n<li>Klikk p\u00e5 flydetaljer-knappen for \u00e5 se de fullstendige vilk\u00e5rene for flyreisen eller bestille flybilletten<\/li>\n<li>Du kan bruke innstillingen \u00f8verst til venstre i kalenderen for \u00e5 endre flytype (enveis eller toveis)<\/li>\n<\/ol>\n<p>Med den billige flykalenderen kan brukere enkelt sammenligne billettpriser og planlegge og organisere reisen hvor som helst i verden. Enten du planlegger en forretningsreise eller en strandferie, er flykalenderen v\u00e5r det perfekte verkt\u00f8yet for \u00e5 hjelpe deg med \u00e5 finne det beste tilbudet p\u00e5 flybillett.<\/p>\n<h3><span class=\"ez-toc-section\" id=\"%F0%9F%A7%B3-Fordeler-med-a-bruke-billig-flykalender\"><\/span>\ud83e\uddf3 Fordeler med \u00e5 bruke billig flykalender<span class=\"ez-toc-section-end\"><\/span><\/h3>\n<ul>\n<li>Sammenlign priser: Flykalenderen lar brukere enkelt sammenligne priser fra forskjellige flyselskaper, reisebyr\u00e5er og bookingsystemer, og hjelper dem med \u00e5 finne det beste tilbudet p\u00e5 flybillett.<\/li>\n<li>Finn de beste datoene: Kalenderen lar brukere s\u00f8ke etter flyreiser p\u00e5 forskjellige datoer, og hjelper dem med \u00e5 identifisere de mest kostnadseffektive datoene for reisen.<\/li>\n<li>Praktisk: Kalenderen er enkel \u00e5 bruke og lar brukere planlegge og organisere turen p\u00e5 ett praktisk sted.<\/li>\n<li>Spar tid: Kalenderen eliminerer behovet for brukere \u00e5 s\u00f8ke p\u00e5 flere nettsteder for \u00e5 finne det beste tilbudet p\u00e5 flybillett, og sparer dem for tid og krefter.<\/li>\n<li>F\u00e5 det beste tilbudet: Kalenderen hjelper brukerne med \u00e5 finne den billigste flyreisen og f\u00e5 det beste tilbudet for pengene.<\/li>\n<li>Ikke behov for flere s\u00f8k: Kalenderen viser deg prisene for alle flyselskaper og alle datoene i m\u00e5neden p\u00e5 ett sted, du trenger ikke s\u00f8ke p\u00e5 flere nettsteder.<\/li>\n<li>Finn den beste flyruten: Kalenderen viser flyrutene, slik at du kan velge den som passer best for dine behov.<\/li>\n<\/ul>\n<h2><span class=\"ez-toc-section\" id=\"Eksempel-pa-bruk-av-billig-flykalender\"><\/span>Eksempel p\u00e5 bruk av billig flykalender<span class=\"ez-toc-section-end\"><\/span><\/h2>\n<p>Det er enkelt \u00e5 bruke den billige flykalenderen. La oss si at du planlegger en tur fra New York City til London. Her er et eksempel p\u00e5 hvordan du kan bruke kalenderen til \u00e5 finne det beste tilbudet p\u00e5 flybillett:<\/p>\n<figure id=\"attachment_10403\" aria-describedby=\"caption-attachment-10403\" style=\"width: 846px\" class=\"wp-caption alignnone\"><a href=\"https:\/\/eurodirections.com\/calendar\/cheap-flight-calendar-settings-screenshot\/\" rel=\"attachment wp-att-10403\"><img fetchpriority=\"high\" decoding=\"async\" class=\"size-full wp-image-10403\" src=\"https:\/\/eurodirections.com\/wp-content\/uploads\/2023\/01\/cheap-flight-calendar-settings-screenshot.jpg\" alt=\"Bruker billig flykalender i eurodirections.com\" width=\"846\" height=\"797\" srcset=\"https:\/\/eurodirections.com\/wp-content\/uploads\/2023\/01\/cheap-flight-calendar-settings-screenshot.jpg 846w, https:\/\/eurodirections.com\/wp-content\/uploads\/2023\/01\/cheap-flight-calendar-settings-screenshot-300x283.jpg 300w, https:\/\/eurodirections.com\/wp-content\/uploads\/2023\/01\/cheap-flight-calendar-settings-screenshot-768x724.jpg 768w\" sizes=\"(max-width: 846px) 100vw, 846px\" \/><\/a><figcaption id=\"caption-attachment-10403\" class=\"wp-caption-text\">Skjermdump. Bruke den billige flykalenderen og stille inn parametrene for flyreise i eurodirections.com<\/figcaption><\/figure>\n<ol>\n<li>Bes\u00f8k eurodirections.com og velg alternativet &laquo;Flykalender&raquo;.<\/li>\n<li>Klikk p\u00e5 Innstillinger-ikonet og i &laquo;Fra&raquo;-feltet, skriv inn &laquo;New York City&raquo; og i &laquo;Til&raquo;-feltet, skriv inn &laquo;London&raquo;.<\/li>\n<li>Velg \u00f8nsket reisealternativ: enveis eller toveis.<\/li>\n<li>Ved \u00e5 velge &laquo;Toveis&raquo;-alternativet vil du bli bedt om \u00e5 angi varigheten av reisen.<\/li>\n<li>Du kan velge \u00e5 kun se direkteflyprisene i kalenderen ved \u00e5 klikke p\u00e5 &laquo;Direktefly&raquo;-boksen.<\/li>\n<li>Kalenderen vil vise alle tilgjengelige flyvninger fra New York City til London i m\u00e5nedsvinduene. Den billigste m\u00e5neden vil bli uthevet.<\/li>\n<li>Bare ved \u00e5 klikke p\u00e5 m\u00e5neden vil du se datoene for m\u00e5neden og den n\u00f8yaktige datoen for den billigste flyreisen.<\/li>\n<li>Hvis du klikker p\u00e5 datoen, \u00e5pnes s\u00f8keresultatsiden med alle flydetaljer.<\/li>\n<li>Du kan sortere flyreisene etter pris, tidsplan og flyselskap.<\/li>\n<li>Sammenlign prisene p\u00e5 de forskjellige flyreisene og velg den som passer best for ditt budsjett og timeplan.<\/li>\n<li>N\u00e5r du har funnet det beste tilbudet, kan du fortsette \u00e5 bestille flyreisen fra bestillingssystemet som gir flybilletten.<\/li>\n<\/ol>\n<p>Du kan se en billig flykalender med de beste prisene for f\u00f8lgende flyruter her: <a href=\"https:\/\/eurodirections.com\/berlin-tirana-flights-timetable\/\">Flyreiser Berlin-Tirana<\/a> , <a href=\"https:\/\/eurodirections.com\/fly-to-porto-portugal\/\">Flyreiser til Porto<\/a> , <a href=\"https:\/\/eurodirections.com\/paris-bangalore\/\">Flyreiser Paris-Bangalore<\/a> og mange andre <a href=\"https:\/\/eurodirections.com\/in\/flights\/\">flyruter her<\/a> .<\/p>\n<p>Kalenderen v\u00e5r oppdateres kontinuerlig med de nyeste prisene og flyrutene, slik at du kan v\u00e6re sikker p\u00e5 at du f\u00e5r den nyeste informasjonen. Vi h\u00e5per du kan bruke v\u00e5r billige flykalender effektivt og finne den perfekte flyreisen for reisen din til alle destinasjoner. God reise!<\/p>\n","protected":false},"excerpt":{"rendered":"<p>V\u00e5r billige flykalender er et kraftig reiseplanleggingsverkt\u00f8y som hjelper brukere med \u00e5 sammenligne og velge den beste datoen for flyreisen til en bestemt destinasjon fra ethvert sted i verden. Kalenderen lar brukere enkelt s\u00f8ke og sammenligne flyreiser fra alle flyselskaper, reisebyr\u00e5er og bookingsystemer, og identifisere de mest kostnadseffektive datoene for reisen. Kalender med billige flyreiser [&hellip;]<\/p>\n","protected":false},"author":1,"featured_media":29099,"parent":0,"menu_order":0,"comment_status":"closed","ping_status":"closed","template":"","meta":{"footnotes":""},"class_list":["post-16918","page","type-page","status-publish","has-post-thumbnail","hentry"],"_links":{"self":[{"href":"https:\/\/eurodirections.com\/no\/wp-json\/wp\/v2\/pages\/16918","targetHints":{"allow":["GET"]}}],"collection":[{"href":"https:\/\/eurodirections.com\/no\/wp-json\/wp\/v2\/pages"}],"about":[{"href":"https:\/\/eurodirections.com\/no\/wp-json\/wp\/v2\/types\/page"}],"author":[{"embeddable":true,"href":"https:\/\/eurodirections.com\/no\/wp-json\/wp\/v2\/users\/1"}],"replies":[{"embeddable":true,"href":"https:\/\/eurodirections.com\/no\/wp-json\/wp\/v2\/comments?post=16918"}],"version-history":[{"count":0,"href":"https:\/\/eurodirections.com\/no\/wp-json\/wp\/v2\/pages\/16918\/revisions"}],"wp:featuredmedia":[{"embeddable":true,"href":"https:\/\/eurodirections.com\/no\/wp-json\/wp\/v2\/media\/29099"}],"wp:attachment":[{"href":"https:\/\/eurodirections.com\/no\/wp-json\/wp\/v2\/media?parent=16918"}],"curies":[{"name":"wp","href":"https:\/\/api.w.org\/{rel}","templated":true}]}}