{"id":16058,"date":"2022-04-15T07:11:32","date_gmt":"2022-04-15T07:11:32","guid":{"rendered":"https:\/\/eurodirections.com\/rhodos-botteliste\/"},"modified":"2023-02-13T16:44:44","modified_gmt":"2023-02-13T16:44:44","slug":"rhodos-botteliste","status":"publish","type":"page","link":"https:\/\/eurodirections.com\/no\/rhodos-botteliste\/","title":{"rendered":"Rhodos b\u00f8tteliste"},"content":{"rendered":"<div id=\"ez-toc-container\" class=\"ez-toc-v2_0_82_2 counter-hierarchy ez-toc-counter ez-toc-grey ez-toc-container-direction\">\n<div class=\"ez-toc-title-container\">\n<p class=\"ez-toc-title\" style=\"cursor:inherit\">Table of Contents<\/p>\n<span class=\"ez-toc-title-toggle\"><a href=\"#\" class=\"ez-toc-pull-right ez-toc-btn ez-toc-btn-xs ez-toc-btn-default ez-toc-toggle\" aria-label=\"Toggle Table of Content\"><span class=\"ez-toc-js-icon-con\"><span class=\"\"><span class=\"eztoc-hide\" style=\"display:none;\">Toggle<\/span><span class=\"ez-toc-icon-toggle-span\"><svg style=\"fill: #999;color:#999\" xmlns=\"http:\/\/www.w3.org\/2000\/svg\" class=\"list-377408\" width=\"20px\" height=\"20px\" viewBox=\"0 0 24 24\" fill=\"none\"><path d=\"M6 6H4v2h2V6zm14 0H8v2h12V6zM4 11h2v2H4v-2zm16 0H8v2h12v-2zM4 16h2v2H4v-2zm16 0H8v2h12v-2z\" fill=\"currentColor\"><\/path><\/svg><svg style=\"fill: #999;color:#999\" class=\"arrow-unsorted-368013\" xmlns=\"http:\/\/www.w3.org\/2000\/svg\" width=\"10px\" height=\"10px\" viewBox=\"0 0 24 24\" version=\"1.2\" baseProfile=\"tiny\"><path d=\"M18.2 9.3l-6.2-6.3-6.2 6.3c-.2.2-.3.4-.3.7s.1.5.3.7c.2.2.4.3.7.3h11c.3 0 .5-.1.7-.3.2-.2.3-.5.3-.7s-.1-.5-.3-.7zM5.8 14.7l6.2 6.3 6.2-6.3c.2-.2.3-.5.3-.7s-.1-.5-.3-.7c-.2-.2-.4-.3-.7-.3h-11c-.3 0-.5.1-.7.3-.2.2-.3.5-.3.7s.1.5.3.7z\"\/><\/svg><\/span><\/span><\/span><\/a><\/span><\/div>\n<nav><ul class='ez-toc-list ez-toc-list-level-1 eztoc-toggle-hide-by-default' ><li class='ez-toc-page-1 ez-toc-heading-level-2'><a class=\"ez-toc-link ez-toc-heading-1\" href=\"https:\/\/eurodirections.com\/no\/rhodos-botteliste\/#Utforsk-Rhodos-botteliste-for-turister\" >Utforsk Rhodos: b\u00f8tteliste for turister<\/a><ul class='ez-toc-list-level-3' ><li class='ez-toc-heading-level-3'><a class=\"ez-toc-link ez-toc-heading-2\" href=\"https:\/\/eurodirections.com\/no\/rhodos-botteliste\/#Ting-du-ikke-bor-ga-glipp-av-pa-Rhodos\" >Ting du ikke b\u00f8r g\u00e5 glipp av p\u00e5 Rhodos<\/a><\/li><li class='ez-toc-page-1 ez-toc-heading-level-3'><a class=\"ez-toc-link ez-toc-heading-3\" href=\"https:\/\/eurodirections.com\/no\/rhodos-botteliste\/#Spis-som-en-lokal-pa-Rhodos\" >Spis som en lokal p\u00e5 Rhodos<\/a><\/li><li class='ez-toc-page-1 ez-toc-heading-level-3'><a class=\"ez-toc-link ez-toc-heading-4\" href=\"https:\/\/eurodirections.com\/no\/rhodos-botteliste\/#Hvor-du-skal-bo-i-Rhodos\" >Hvor du skal bo i Rhodos<\/a><\/li><li class='ez-toc-page-1 ez-toc-heading-level-3'><a class=\"ez-toc-link ez-toc-heading-5\" href=\"https:\/\/eurodirections.com\/no\/rhodos-botteliste\/#Rhodes-Island-hotellkart-med-priser\" >Rhodes Island hotellkart med priser<\/a><\/li><li class='ez-toc-page-1 ez-toc-heading-level-3'><a class=\"ez-toc-link ez-toc-heading-6\" href=\"https:\/\/eurodirections.com\/no\/rhodos-botteliste\/#Liste-over-billige-flyreiser-til-Rhodos\" >Liste over billige flyreiser til Rhodos<\/a><\/li><\/ul><\/li><\/ul><\/nav><\/div>\n<h2><span class=\"ez-toc-section\" id=\"Utforsk-Rhodos-botteliste-for-turister\"><\/span><b>Utforsk Rhodos: b\u00f8tteliste for turister<\/b><span class=\"ez-toc-section-end\"><\/span><\/h2>\n<p><span style=\"font-weight: 400;\">Rhodos er den st\u00f8rste av Dodekanesene, bes\u00f8kt av over 2 millioner turister hvert \u00e5r. Den fantastiske greske \u00f8ya er ikke bare \u00e5 sv\u00f8mme og nyte fantastisk natur, men en UNESCO-listet gammel by med tusen\u00e5rig historie, arkitektur og 100 flere grunner til \u00e5 bes\u00f8ke Rhodos. <\/span><\/p>\n<blockquote><p>Se ogs\u00e5: <a href=\"https:\/\/eurodirections.com\/travel-to-rhodes-greece\/#Best-season-for-visiting-Rhodes\" target=\"_blank\" rel=\"noopener\">Vet du hvilken som er den beste sesongen for \u00e5 reise til Rhodos?<\/a><\/p><\/blockquote>\n<h3><span class=\"ez-toc-section\" id=\"Ting-du-ikke-bor-ga-glipp-av-pa-Rhodos\"><\/span><b>Ting du ikke b\u00f8r g\u00e5 glipp av p\u00e5 Rhodos<\/b><span class=\"ez-toc-section-end\"><\/span><\/h3>\n<figure id=\"attachment_1876\" aria-describedby=\"caption-attachment-1876\" style=\"width: 971px\" class=\"wp-caption alignnone\"><img fetchpriority=\"high\" decoding=\"async\" class=\"size-full wp-image-1876\" src=\"http:\/\/eurodirections.com\/wp-content\/uploads\/2022\/04\/rhodes-city-greece.jpg\" alt=\"Rhodos bygater, Hellas\" width=\"971\" height=\"618\" srcset=\"https:\/\/eurodirections.com\/wp-content\/uploads\/2022\/04\/rhodes-city-greece.jpg 971w, https:\/\/eurodirections.com\/wp-content\/uploads\/2022\/04\/rhodes-city-greece-300x191.jpg 300w, https:\/\/eurodirections.com\/wp-content\/uploads\/2022\/04\/rhodes-city-greece-768x489.jpg 768w, https:\/\/eurodirections.com\/wp-content\/uploads\/2022\/04\/rhodes-city-greece-100x65.jpg 100w\" sizes=\"(max-width: 971px) 100vw, 971px\" \/><figcaption id=\"caption-attachment-1876\" class=\"wp-caption-text\">Rhodos bygater, Hellas. Foto av PixMeta<\/figcaption><\/figure>\n<ul>\n<li style=\"font-weight: 400;\" aria-level=\"1\">Vandre rundt den gamle Akropolis i Lindos med ruinene spredt over kysten.<\/li>\n<li style=\"font-weight: 400;\" aria-level=\"1\">Ikke g\u00e5 glipp av St Paul&#8217;s Beach, en bilde-perfekt strand med rent vann og gl\u00f8dende gullsand.<\/li>\n<li style=\"font-weight: 400;\" aria-level=\"1\">Behandle kroppen din med Kalithea varme kilder med helbredende egenskaper.<\/li>\n<li style=\"font-weight: 400;\" aria-level=\"1\">Fyll den ufattelige romantikken i sommerfuglenes dal fylt med fargerike sommerfugler fra slutten av juni til midten av august.<\/li>\n<li style=\"font-weight: 400;\" aria-level=\"1\">Omfavn skj\u00f8nnheten i solnedgangen n\u00e5r du spaserer rundt i Rhodos gamleby.<\/li>\n<li style=\"font-weight: 400;\" aria-level=\"1\">Finn et vakkert Tsambika-kloster, en hvit kirke med r\u00f8dt tak og en fantastisk utsikt over fjellene.<\/li>\n<\/ul>\n<h3><span class=\"ez-toc-section\" id=\"Spis-som-en-lokal-pa-Rhodos\"><\/span><b>Spis som en lokal p\u00e5 Rhodos<\/b><span class=\"ez-toc-section-end\"><\/span><\/h3>\n<ul>\n<li style=\"font-weight: 400;\" aria-level=\"1\">Finn den beste mezeen i Traditional Cafe Symi som ligger i New Market.<\/li>\n<li style=\"font-weight: 400;\" aria-level=\"1\">Pr\u00f8v eksklusive retter servert p\u00e5 den mest attraktive m\u00e5ten i Noble Gourmet Restaurant.<\/li>\n<li style=\"font-weight: 400;\" aria-level=\"1\">Smak p\u00e5 alle de originale lokale delikatessene i Paraga, en koselig og nostalgisk restaurant med vedfyrte ovner.<\/li>\n<li style=\"font-weight: 400;\" aria-level=\"1\">Bak en vakker vegg i en venetiansk bygning finner du en pittoresk g\u00e5rdsplass til Marco Polo Mansion, inspirert av Andalusia og S\u00f8r-Frankrike.<\/li>\n<li style=\"font-weight: 400;\" aria-level=\"1\">Elskere av sj\u00f8mat vil elske overfloden av retter med greske smaker i Hatzikeli, en sj\u00f8mattaverna.<\/li>\n<\/ul>\n<h3><span class=\"ez-toc-section\" id=\"Hvor-du-skal-bo-i-Rhodos\"><\/span><b>Hvor du skal bo i Rhodos<\/b><span class=\"ez-toc-section-end\"><\/span><\/h3>\n<figure id=\"attachment_1877\" aria-describedby=\"caption-attachment-1877\" style=\"width: 939px\" class=\"wp-caption alignnone\"><img decoding=\"async\" class=\"size-full wp-image-1877\" src=\"http:\/\/eurodirections.com\/wp-content\/uploads\/2022\/04\/lyndos-rhodes-greece.jpg\" alt=\"Lyndos town beach, Rhodes Island Greece\" width=\"939\" height=\"621\" srcset=\"https:\/\/eurodirections.com\/wp-content\/uploads\/2022\/04\/lyndos-rhodes-greece.jpg 939w, https:\/\/eurodirections.com\/wp-content\/uploads\/2022\/04\/lyndos-rhodes-greece-300x198.jpg 300w, https:\/\/eurodirections.com\/wp-content\/uploads\/2022\/04\/lyndos-rhodes-greece-768x508.jpg 768w, https:\/\/eurodirections.com\/wp-content\/uploads\/2022\/04\/lyndos-rhodes-greece-100x65.jpg 100w\" sizes=\"(max-width: 939px) 100vw, 939px\" \/><figcaption id=\"caption-attachment-1877\" class=\"wp-caption-text\">Lyndos town beach, Rhodes Island Greece. Image by Photo-Week.net<\/figcaption><\/figure>\n<ul>\n<li style=\"font-weight: 400;\" aria-level=\"1\">Gj\u00f8r ferien til guddommelige \u00f8yeblikk i Nama Retreat, et 5-stjerners uts\u00f8kt hotell.<\/li>\n<li style=\"font-weight: 400;\" aria-level=\"1\">Kolymbia Bay Art &#8211; 4-stjerners resorthotell kun for voksne ligger kun 2 minutters gange fra stranden; et utmerket alternativ for en uforglemmelig ferie.<\/li>\n<li style=\"font-weight: 400;\" aria-level=\"1\">Et 3-stjerners International Hotel er ditt valg hvis du \u00f8nsker \u00e5 ha komfort til en rimelig pris.<\/li>\n<li style=\"font-weight: 400;\" aria-level=\"1\">Stay Hostel vil v\u00e6re et utmerket sted for enkelt- eller gruppereiser som et budsjettvennlig overnattingssted.<\/li>\n<li style=\"font-weight: 400;\" aria-level=\"1\">Velg \u00e5 bo i Lindos, himmelen p\u00e5 jorden med himmelsk bed\u00e5rende F Charm Hotel &#8211; Kun voksne med en autentisk stemning.<\/li>\n<\/ul>\n<h3><span class=\"ez-toc-section\" id=\"Rhodes-Island-hotellkart-med-priser\"><\/span>Rhodes Island hotellkart med priser<span class=\"ez-toc-section-end\"><\/span><\/h3>\n<p><script src=\"\/\/tp.media\/content?0=0&amp;1=10&amp;promo_id=4285&amp;shmarker=14350.rhodesmap&amp;campaign_id=101&amp;search_host=search.hotellook.com&amp;locale=en&amp;currency=eur&amp;draggable=true&amp;disable_zoom=false&amp;show_logo=false&amp;scrollwheel=false&amp;color=%23F56E14&amp;contrast_color=%23ffffff&amp;width=720&amp;height=500&amp;zoom=13&amp;radius=60&amp;stars=0%2C1%2C2%2C3%2C4%2C5&amp;price_from=&amp;price_to=&amp;lat=36.44288&amp;lng=28.22654\" charset=\"utf-8\"><\/script><\/p>\n<h3><span class=\"ez-toc-section\" id=\"Liste-over-billige-flyreiser-til-Rhodos\"><\/span>Liste over billige flyreiser til Rhodos<span class=\"ez-toc-section-end\"><\/span><\/h3>\n<p><script src=\"https:\/\/tp.media\/content?currency=eur&amp;promo_id=4044&amp;shmarker=14350&amp;campaign_id=100&amp;trs=147545&amp;target_host=air.eurodirections.com%2Fflights&amp;locale=en&amp;limit=12&amp;powered_by=false&amp;primary=%230085FF&amp;destination=RHO\" charset=\"utf-8\"><\/script><\/p>\n<p><a title=\"Alle flyreiser til Rhodos\" href=\"https:\/\/eurodirections.com\/da\/flyrejser-rhodos-graekenland\/\" target=\"_blank\" rel=\"noopener\">Se gjennom alle direkteflyvninger til Rhodos, Hellas<\/a> &#8211; Sammenlign priser p\u00e5 flybilletter til Rhodos p\u00e5 sikre online bestillingsplattformer og reisebyr\u00e5er.<\/p>\n<p><script type=\"application\/ld+json\">\n    {\n      \"@context\": \"https:\/\/schema.org\",\n      \"@type\": \"FAQPage\",\n      \"@id\" : \"#faq\",\n      \"url\" : \"https:\/\/www.eurodirections.com\/rhodes\/\",\n      \"name\" : \"Rhodes Travel FAQ\",\n      \"mainEntity\": [{\n        \"@type\": \"Question\",\n        \"name\": \"Things to do in Rhodes?\",\n        \"acceptedAnswer\": {\n          \"@type\": \"Answer\",\n          \"text\": \"The list of things not to miss in Rhodes:\nWander about the ancient Acropolis of Lindos with the ruins spread across the coastline. \nDon\u2019t miss out on St Paul\u2019s Beach, a picture-perfect beach with pure waters and glowing gold sand.\nTreat your body with Kalithea hot springs with curative properties.\nFill the unimaginable romance in the Valley of Butterflies filled with colorful butterflies from late June to mid-August. \nEmbrace the beauty of the sunset strolling about the Rhodes Old Town.\nFind a beautiful Tsambika Monastery, a pure white church with a red roof and a fantastic view of the mountains.\"\n        }\n      }, {\n        \"@type\": \"Question\",\n        \"name\": \"What to eat like a local in Rhodes?\",\n        \"acceptedAnswer\": {\n          \"@type\": \"Answer\",\n          \"text\": \"Eat and feel like a local in Rhodes:\nFind the best meze in the Traditional Cafe Symi located in the New Market.\nTry exclusive dishes served in the most attractive way in Noble Gourmet Restaurant.\nTaste all the original local delicacies in Paraga, a cozy and nostalgic restaurant with wood-fired ovens.\nBehind a beautiful wall of a Venetian building, you will find a picturesque courtyard of Marco Polo Mansion, inspired by Andalusia and Southern France.\nThe lovers of seafood will adore the abundance of dishes with Greek flavors in Hatzikeli, a seafood tavern.\"\n        }\n      }\n]\n    }\n<\/script><\/p>\n<p><script type=\"application\/ld+json\">\n{\n    \"@context\": \"http:\/\/schema.org\",\n    \"@type\": \"WebPage\",\n    \"name\": \"Rhodes bucket list\",\n    \"description\": \"Explore the bucket list of Rhodes island, Greece. Get to know what are the most authentic places, what restaurants to choose and what to do in Rhodes.\",\n    \"publisher\": {\n        \"@type\": \"WebPage\",\n        \"name\": \"Eurodirections.com\"\n    }\n}\n<\/script><\/p>\n<blockquote><p><strong>Elsker Hellas?<\/strong> Fortsett \u00e5 lese om <a title=\"Utforsk Athen, Hellas\" href=\"https:\/\/eurodirections.com\/athens\/\" data-schema-attribute=\"about\">Athen<\/a> , <a title=\"B\u00f8tteliste over Patras, Hellas\" href=\"https:\/\/eurodirections.com\/patras\/\" data-schema-attribute=\"about\">Patras<\/a> <a title=\"Thessaloniki b\u00f8tteliste\" href=\"https:\/\/eurodirections.com\/thessaloniki\/\" data-schema-attribute=\"about\">Thessaloniki<\/a> , <a title=\"Kavala reiseguide og b\u00f8tteliste\" href=\"https:\/\/eurodirections.com\/kavala\/\" data-schema-attribute=\"about\">Kavala<\/a> og <a title=\"B\u00f8tteliste over Heraklion, Kreta, Hellas\" href=\"https:\/\/eurodirections.com\/heraklion\/\" data-schema-attribute=\"about\">Heraklion<\/a> .<br \/>\n<strong>Les ogs\u00e5:<\/strong> <a title=\"Oversikt over 6 fantastiske byer i Hellas\" href=\"https:\/\/eurodirections.com\/explore-cities-of-greece\/\" target=\"_blank\" rel=\"noopener\" data-schema-attribute=\"mentions\">6 fantastiske byer i Hellas<\/a><\/p><\/blockquote>\n","protected":false},"excerpt":{"rendered":"<p>Utforsk Rhodos: b\u00f8tteliste for turister Rhodos er den st\u00f8rste av Dodekanesene, bes\u00f8kt av over 2 millioner turister hvert \u00e5r. Den fantastiske greske \u00f8ya er ikke bare \u00e5 sv\u00f8mme og nyte fantastisk natur, men en UNESCO-listet gammel by med tusen\u00e5rig historie, arkitektur og 100 flere grunner til \u00e5 bes\u00f8ke Rhodos. Se ogs\u00e5: Vet du hvilken som [&hellip;]<\/p>\n","protected":false},"author":1,"featured_media":6391,"parent":0,"menu_order":0,"comment_status":"closed","ping_status":"closed","template":"","meta":{"footnotes":""},"class_list":["post-16058","page","type-page","status-publish","has-post-thumbnail","hentry"],"_links":{"self":[{"href":"https:\/\/eurodirections.com\/no\/wp-json\/wp\/v2\/pages\/16058","targetHints":{"allow":["GET"]}}],"collection":[{"href":"https:\/\/eurodirections.com\/no\/wp-json\/wp\/v2\/pages"}],"about":[{"href":"https:\/\/eurodirections.com\/no\/wp-json\/wp\/v2\/types\/page"}],"author":[{"embeddable":true,"href":"https:\/\/eurodirections.com\/no\/wp-json\/wp\/v2\/users\/1"}],"replies":[{"embeddable":true,"href":"https:\/\/eurodirections.com\/no\/wp-json\/wp\/v2\/comments?post=16058"}],"version-history":[{"count":0,"href":"https:\/\/eurodirections.com\/no\/wp-json\/wp\/v2\/pages\/16058\/revisions"}],"wp:featuredmedia":[{"embeddable":true,"href":"https:\/\/eurodirections.com\/no\/wp-json\/wp\/v2\/media\/6391"}],"wp:attachment":[{"href":"https:\/\/eurodirections.com\/no\/wp-json\/wp\/v2\/media?parent=16058"}],"curies":[{"name":"wp","href":"https:\/\/api.w.org\/{rel}","templated":true}]}}