{"id":13452,"date":"2022-12-09T09:27:35","date_gmt":"2022-12-09T09:27:35","guid":{"rendered":"https:\/\/eurodirections.com\/hoteller\/"},"modified":"2023-01-25T08:59:22","modified_gmt":"2023-01-25T08:59:22","slug":"hoteller","status":"publish","type":"page","link":"https:\/\/eurodirections.com\/no\/hoteller\/","title":{"rendered":"Hoteller"},"content":{"rendered":"\t\t<div data-elementor-type=\"wp-page\" data-elementor-id=\"13452\" class=\"elementor elementor-13452\">\n\t\t\t\t\t\t<section class=\"elementor-section elementor-top-section elementor-element elementor-element-d468925 elementor-section-boxed elementor-section-height-default elementor-section-height-default\" data-id=\"d468925\" data-element_type=\"section\" data-e-type=\"section\">\n\t\t\t\t\t\t<div class=\"elementor-container elementor-column-gap-default\">\n\t\t\t\t\t<div class=\"elementor-column elementor-col-100 elementor-top-column elementor-element elementor-element-319ad72\" data-id=\"319ad72\" data-element_type=\"column\" data-e-type=\"column\">\n\t\t\t<div class=\"elementor-widget-wrap elementor-element-populated\">\n\t\t\t\t\t\t<div class=\"elementor-element elementor-element-c6ffbb3 elementor-widget__width-inherit elementor-widget elementor-widget-text-editor\" data-id=\"c6ffbb3\" data-element_type=\"widget\" data-e-type=\"widget\" data-widget_type=\"text-editor.default\">\n\t\t\t\t<div class=\"elementor-widget-container\">\n\t\t\t\t\t\t\t\t\t<p>Leter du etter komfortable hoteller, vandrerhjem eller leiligheter? Sammenlign alle priser fra internett ved \u00e5 bruke v\u00e5r hotells\u00f8ketjeneste &#8211; planlegg reisen din og spar penger for \u00e5 reise over hele Europa. <\/p>\n\t\t\t\t\t\t\t\t<\/div>\n\t\t\t\t<\/div>\n\t\t\t\t\t<\/div>\n\t\t<\/div>\n\t\t\t\t\t<\/div>\n\t\t<\/section>\n\t\t\t\t<section class=\"elementor-section elementor-top-section elementor-element elementor-element-f900ca2 elementor-section-boxed elementor-section-height-default elementor-section-height-default\" data-id=\"f900ca2\" data-element_type=\"section\" data-e-type=\"section\">\n\t\t\t\t\t\t<div class=\"elementor-container elementor-column-gap-default\">\n\t\t\t\t\t<div class=\"elementor-column elementor-col-100 elementor-top-column elementor-element elementor-element-2434b85\" data-id=\"2434b85\" data-element_type=\"column\" data-e-type=\"column\">\n\t\t\t<div class=\"elementor-widget-wrap elementor-element-populated\">\n\t\t\t\t\t\t<div class=\"elementor-element elementor-element-713ba2b elementor-widget elementor-widget-html\" data-id=\"713ba2b\" data-element_type=\"widget\" data-e-type=\"widget\" data-widget_type=\"html.default\">\n\t\t\t\t<div class=\"elementor-widget-container\">\n\t\t\t\t\t<center>\n    \n    <script charset=\"utf-8\" src=\"\/\/www.travelpayouts.com\/widgets\/b0f062210a076eb373f5c08877774ae6.js?v=2203\" async=\"\"><\/script>\n\n<\/center>\t\t\t\t<\/div>\n\t\t\t\t<\/div>\n\t\t\t\t\t<\/div>\n\t\t<\/div>\n\t\t\t\t\t<\/div>\n\t\t<\/section>\n\t\t\t\t<section class=\"elementor-section elementor-top-section elementor-element elementor-element-f9ae27d elementor-section-boxed elementor-section-height-default elementor-section-height-default\" data-id=\"f9ae27d\" data-element_type=\"section\" data-e-type=\"section\">\n\t\t\t\t\t\t<div class=\"elementor-container elementor-column-gap-default\">\n\t\t\t\t\t<div class=\"elementor-column elementor-col-100 elementor-top-column elementor-element elementor-element-ac118d8\" data-id=\"ac118d8\" data-element_type=\"column\" data-e-type=\"column\">\n\t\t\t<div class=\"elementor-widget-wrap elementor-element-populated\">\n\t\t\t\t\t\t<div class=\"elementor-element elementor-element-a6ea89b elementor-widget elementor-widget-heading\" data-id=\"a6ea89b\" data-element_type=\"widget\" data-e-type=\"widget\" data-widget_type=\"heading.default\">\n\t\t\t\t<div class=\"elementor-widget-container\">\n\t\t\t\t\t<h2 class=\"elementor-heading-title elementor-size-default\">Topphoteller i Barcelona<\/h2>\t\t\t\t<\/div>\n\t\t\t\t<\/div>\n\t\t\t\t\t<\/div>\n\t\t<\/div>\n\t\t\t\t\t<\/div>\n\t\t<\/section>\n\t\t\t\t<section class=\"elementor-section elementor-top-section elementor-element elementor-element-2685ed5 elementor-section-boxed elementor-section-height-default elementor-section-height-default\" data-id=\"2685ed5\" data-element_type=\"section\" data-e-type=\"section\">\n\t\t\t\t\t\t<div class=\"elementor-container elementor-column-gap-default\">\n\t\t\t\t\t<div class=\"elementor-column elementor-col-100 elementor-top-column elementor-element elementor-element-10de6c2\" data-id=\"10de6c2\" data-element_type=\"column\" data-e-type=\"column\">\n\t\t\t<div class=\"elementor-widget-wrap elementor-element-populated\">\n\t\t\t\t\t\t<div class=\"elementor-element elementor-element-f238096 elementor-widget elementor-widget-html\" data-id=\"f238096\" data-element_type=\"widget\" data-e-type=\"widget\" data-widget_type=\"html.default\">\n\t\t\t\t<div class=\"elementor-widget-container\">\n\t\t\t\t\t<script src=\"https:\/\/www.travelpayouts.com\/blissey\/scripts_en.js?currency=eur&categories=center%2Cpopularity%2Cprice&id=3196&type=compact&marker=14350&trs=147545&powered_by=false&host=air.eurodirections.com%2Fhotels&locale=en&limit=10&nobooking=\" charset=\"utf-8\"><\/script>\t\t\t\t<\/div>\n\t\t\t\t<\/div>\n\t\t\t\t\t<\/div>\n\t\t<\/div>\n\t\t\t\t\t<\/div>\n\t\t<\/section>\n\t\t\t\t<section class=\"elementor-section elementor-top-section elementor-element elementor-element-825c3bf elementor-section-boxed elementor-section-height-default elementor-section-height-default\" data-id=\"825c3bf\" data-element_type=\"section\" data-e-type=\"section\">\n\t\t\t\t\t\t<div class=\"elementor-container elementor-column-gap-default\">\n\t\t\t\t\t<div class=\"elementor-column elementor-col-100 elementor-top-column elementor-element elementor-element-ff09586\" data-id=\"ff09586\" data-element_type=\"column\" data-e-type=\"column\">\n\t\t\t<div class=\"elementor-widget-wrap elementor-element-populated\">\n\t\t\t\t\t\t<div class=\"elementor-element elementor-element-515a136 elementor-widget elementor-widget-text-editor\" data-id=\"515a136\" data-element_type=\"widget\" data-e-type=\"widget\" data-widget_type=\"text-editor.default\">\n\t\t\t\t<div class=\"elementor-widget-container\">\n\t\t\t\t\t\t\t\t\t<h3>Hvordan finne billige hoteller p\u00e5 nettet?<\/h3>\n<p>Det er flere m\u00e5ter \u00e5 finne billige hoteller p\u00e5 nettet, en av dem er ved \u00e5 bruke et nettsted for hotellsammenligning som Euro Directions som s\u00f8ker p\u00e5 flere bestillingsplattformer og sammenligner priser for \u00e5 finne de beste tilbudene.<\/p>\n<ol>\n<li>G\u00e5 til et nettsted for hotellsammenligning som Euro Directions og skriv inn reisem\u00e5let ditt eller spesifiser hotellet du \u00f8nsker \u00e5 bo p\u00e5.<\/li>\n<li>Trykk p\u00e5 s\u00f8keknappen for \u00e5 se en liste over tilgjengelige hoteller, vandrerhjem og gjestehus i det omr\u00e5det.<\/li>\n<li>Sammenlign priser og rangeringer av hotellene for \u00e5 finne de beste tilbudene og den best passende innkvarteringen for dine behov.<\/li>\n<li>Se etter tilgjengelige kampanjer eller rabatter<\/li>\n<li>Les anmeldelser fra andre reisende f\u00f8r du bestiller.<\/li>\n<li>N\u00e5r du har funnet et passende hotell, fortsett \u00e5 foreta en reservasjon p\u00e5 bookingsystemet som ga den beste prisen og overnatting.<\/li>\n<\/ol>\n<p>Bla gjennom de mest popul\u00e6re reisem\u00e5lene der brukerne ser etter billige hoteller p\u00e5 Euro Directions:<\/p>\n<ul>\n<li><a href=\"https:\/\/eurodirections.com\/popular-hotels-in-toulouse\/\" target=\"_blank\" rel=\"noopener\">Toulouse popul\u00e6re hoteller<\/a><\/li>\n<li><a href=\"https:\/\/eurodirections.com\/larnaca-cheap-hotels-guide\/\" target=\"_blank\" rel=\"noopener\">Larnaka hotellguide og kart<\/a><\/li>\n<li><a href=\"https:\/\/eurodirections.com\/10-cheap-popular-hotels-in-malta-with-high-ratings\/\" target=\"_blank\" rel=\"noopener\">Malta popul\u00e6re hoteller<\/a><\/li>\n<li><a href=\"https:\/\/eurodirections.com\/hotels-in-tallinn\/\" target=\"_blank\" rel=\"noopener\">Utforsk hoteller i Tallinn, Estland<\/a><\/li>\n<li><a href=\"https:\/\/eurodirections.com\/hotels-in-kavala\/\" target=\"_blank\" rel=\"noopener\">Ser du etter hotell i Kavala, Hellas?<\/a><\/li>\n<li><a href=\"https:\/\/eurodirections.com\/no\/populaere-hoteller-i-valencia\/\" target=\"_blank\" rel=\"noopener\">Popul\u00e6re hoteller i Valencia<\/a><\/li>\n<li><a href=\"https:\/\/eurodirections.com\/popular-hotels-in-tbilisi\/\" target=\"_blank\" rel=\"noopener\">Billige og popul\u00e6re hoteller i Tbilisi, Georgia<\/a><\/li>\n<\/ul>\n<p>\u2014<\/p>\n<p><strong>Henvisningsinformasjon<\/strong>: Informasjonen inneholder tilknyttede lenker, noe som betyr at hvis brukere klikker til hotelllenker og foretar en bestilling, tjener nettstedet v\u00e5rt en provisjon.<\/p>\n\t\t\t\t\t\t\t\t<\/div>\n\t\t\t\t<\/div>\n\t\t\t\t\t<\/div>\n\t\t<\/div>\n\t\t\t\t\t<\/div>\n\t\t<\/section>\n\t\t\t\t<\/div>\n\t\t","protected":false},"excerpt":{"rendered":"<p>Leter du etter komfortable hoteller, vandrerhjem eller leiligheter? Sammenlign alle priser fra internett ved \u00e5 bruke v\u00e5r hotells\u00f8ketjeneste &#8211; planlegg reisen din og spar penger for \u00e5 reise over hele Europa. Topphoteller i Barcelona Hvordan finne billige hoteller p\u00e5 nettet? Det er flere m\u00e5ter \u00e5 finne billige hoteller p\u00e5 nettet, en av dem er ved [&hellip;]<\/p>\n","protected":false},"author":1,"featured_media":0,"parent":0,"menu_order":0,"comment_status":"closed","ping_status":"closed","template":"","meta":{"footnotes":""},"class_list":["post-13452","page","type-page","status-publish","hentry"],"_links":{"self":[{"href":"https:\/\/eurodirections.com\/no\/wp-json\/wp\/v2\/pages\/13452","targetHints":{"allow":["GET"]}}],"collection":[{"href":"https:\/\/eurodirections.com\/no\/wp-json\/wp\/v2\/pages"}],"about":[{"href":"https:\/\/eurodirections.com\/no\/wp-json\/wp\/v2\/types\/page"}],"author":[{"embeddable":true,"href":"https:\/\/eurodirections.com\/no\/wp-json\/wp\/v2\/users\/1"}],"replies":[{"embeddable":true,"href":"https:\/\/eurodirections.com\/no\/wp-json\/wp\/v2\/comments?post=13452"}],"version-history":[{"count":0,"href":"https:\/\/eurodirections.com\/no\/wp-json\/wp\/v2\/pages\/13452\/revisions"}],"wp:attachment":[{"href":"https:\/\/eurodirections.com\/no\/wp-json\/wp\/v2\/media?parent=13452"}],"curies":[{"name":"wp","href":"https:\/\/api.w.org\/{rel}","templated":true}]}}