{"id":16063,"date":"2022-04-15T07:11:32","date_gmt":"2022-04-15T07:11:32","guid":{"rendered":"https:\/\/eurodirections.com\/rodas-kausu-saraksts\/"},"modified":"2023-02-13T16:38:32","modified_gmt":"2023-02-13T16:38:32","slug":"rodas-kausu-saraksts","status":"publish","type":"page","link":"https:\/\/eurodirections.com\/lv\/rodas-kausu-saraksts\/","title":{"rendered":"Rodas kausu saraksts"},"content":{"rendered":"<div id=\"ez-toc-container\" class=\"ez-toc-v2_0_82_2 counter-hierarchy ez-toc-counter ez-toc-grey ez-toc-container-direction\">\n<div class=\"ez-toc-title-container\">\n<p class=\"ez-toc-title\" style=\"cursor:inherit\">Table of Contents<\/p>\n<span class=\"ez-toc-title-toggle\"><a href=\"#\" class=\"ez-toc-pull-right ez-toc-btn ez-toc-btn-xs ez-toc-btn-default ez-toc-toggle\" aria-label=\"Toggle Table of Content\"><span class=\"ez-toc-js-icon-con\"><span class=\"\"><span class=\"eztoc-hide\" style=\"display:none;\">Toggle<\/span><span class=\"ez-toc-icon-toggle-span\"><svg style=\"fill: #999;color:#999\" xmlns=\"http:\/\/www.w3.org\/2000\/svg\" class=\"list-377408\" width=\"20px\" height=\"20px\" viewBox=\"0 0 24 24\" fill=\"none\"><path d=\"M6 6H4v2h2V6zm14 0H8v2h12V6zM4 11h2v2H4v-2zm16 0H8v2h12v-2zM4 16h2v2H4v-2zm16 0H8v2h12v-2z\" fill=\"currentColor\"><\/path><\/svg><svg style=\"fill: #999;color:#999\" class=\"arrow-unsorted-368013\" xmlns=\"http:\/\/www.w3.org\/2000\/svg\" width=\"10px\" height=\"10px\" viewBox=\"0 0 24 24\" version=\"1.2\" baseProfile=\"tiny\"><path d=\"M18.2 9.3l-6.2-6.3-6.2 6.3c-.2.2-.3.4-.3.7s.1.5.3.7c.2.2.4.3.7.3h11c.3 0 .5-.1.7-.3.2-.2.3-.5.3-.7s-.1-.5-.3-.7zM5.8 14.7l6.2 6.3 6.2-6.3c.2-.2.3-.5.3-.7s-.1-.5-.3-.7c-.2-.2-.4-.3-.7-.3h-11c-.3 0-.5.1-.7.3-.2.2-.3.5-.3.7s.1.5.3.7z\"\/><\/svg><\/span><\/span><\/span><\/a><\/span><\/div>\n<nav><ul class='ez-toc-list ez-toc-list-level-1 eztoc-toggle-hide-by-default' ><li class='ez-toc-page-1 ez-toc-heading-level-2'><a class=\"ez-toc-link ez-toc-heading-1\" href=\"https:\/\/eurodirections.com\/lv\/rodas-kausu-saraksts\/#Izpetit-Rodas-salu-spainu-saraksts-turistiem\" >Izp\u0113t\u012bt Rodas salu: spai\u0146u saraksts t\u016bristiem<\/a><ul class='ez-toc-list-level-3' ><li class='ez-toc-heading-level-3'><a class=\"ez-toc-link ez-toc-heading-2\" href=\"https:\/\/eurodirections.com\/lv\/rodas-kausu-saraksts\/#Ko-nedrikst-palaist-garam-Roda\" >Ko nedr\u012bkst palaist gar\u0101m Rod\u0101<\/a><\/li><li class='ez-toc-page-1 ez-toc-heading-level-3'><a class=\"ez-toc-link ez-toc-heading-3\" href=\"https:\/\/eurodirections.com\/lv\/rodas-kausu-saraksts\/#Ed-ka-vietejais-Rodas-sala\" >\u0112d k\u0101 viet\u0113jais Rodas sal\u0101<\/a><\/li><li class='ez-toc-page-1 ez-toc-heading-level-3'><a class=\"ez-toc-link ez-toc-heading-4\" href=\"https:\/\/eurodirections.com\/lv\/rodas-kausu-saraksts\/#Kur-palikt-Roda\" >Kur palikt Rod\u0101<\/a><\/li><li class='ez-toc-page-1 ez-toc-heading-level-3'><a class=\"ez-toc-link ez-toc-heading-5\" href=\"https:\/\/eurodirections.com\/lv\/rodas-kausu-saraksts\/#Rodas-salas-viesnicu-karte-ar-cenam\" >Rodas salas viesn\u012bcu karte ar cen\u0101m<\/a><\/li><li class='ez-toc-page-1 ez-toc-heading-level-3'><a class=\"ez-toc-link ez-toc-heading-6\" href=\"https:\/\/eurodirections.com\/lv\/rodas-kausu-saraksts\/#Saraksts-o-leti-lidojumi-uz-Rodo\" >Saraksts o l\u0113ti lidojumi uz Rodo<\/a><\/li><\/ul><\/li><\/ul><\/nav><\/div>\n<h2><span class=\"ez-toc-section\" id=\"Izpetit-Rodas-salu-spainu-saraksts-turistiem\"><\/span><b>Izp\u0113t\u012bt Rodas salu: spai\u0146u saraksts t\u016bristiem<\/b><span class=\"ez-toc-section-end\"><\/span><\/h2>\n<p><span style=\"font-weight: 400;\">Rodas sala ir liel\u0101k\u0101 no Dodekan\u0113sas sal\u0101m, ko katru gadu apmekl\u0113 vair\u0101k nek\u0101 2 miljoni t\u016bristu. Satrieco\u0161\u0101 Grie\u0137ijas sala ir ne tikai peld\u0113\u0161ana un elpu aizraujo\u0161as dabas baud\u012b\u0161ana, bet ar\u012b UNESCO sarakst\u0101 iek\u013caut\u0101 vecpils\u0113ta ar t\u016bksto\u0161 gadu v\u0113sturi, arhitekt\u016bru un v\u0113l 100 iemesliem, lai apmekl\u0113tu Rodu. <\/span><\/p>\n<blockquote><p>Skat\u012bt ar\u012b: <a href=\"https:\/\/eurodirections.com\/travel-to-rhodes-greece\/#Best-season-for-visiting-Rhodes\" target=\"_blank\" rel=\"noopener\">Vai j\u016bs zin\u0101t, kura ir lab\u0101k\u0101 sezona ce\u013co\u0161anai uz Rodu?<\/a><\/p><\/blockquote>\n<h3><span class=\"ez-toc-section\" id=\"Ko-nedrikst-palaist-garam-Roda\"><\/span><b>Ko nedr\u012bkst palaist gar\u0101m Rod\u0101<\/b><span class=\"ez-toc-section-end\"><\/span><\/h3>\n<figure id=\"attachment_1876\" aria-describedby=\"caption-attachment-1876\" style=\"width: 971px\" class=\"wp-caption alignnone\"><img fetchpriority=\"high\" decoding=\"async\" class=\"size-full wp-image-1876\" src=\"http:\/\/eurodirections.com\/wp-content\/uploads\/2022\/04\/rhodes-city-greece.jpg\" alt=\"Rodas pils\u0113tas ielas, Grie\u0137ija\" width=\"971\" height=\"618\" srcset=\"https:\/\/eurodirections.com\/wp-content\/uploads\/2022\/04\/rhodes-city-greece.jpg 971w, https:\/\/eurodirections.com\/wp-content\/uploads\/2022\/04\/rhodes-city-greece-300x191.jpg 300w, https:\/\/eurodirections.com\/wp-content\/uploads\/2022\/04\/rhodes-city-greece-768x489.jpg 768w, https:\/\/eurodirections.com\/wp-content\/uploads\/2022\/04\/rhodes-city-greece-100x65.jpg 100w\" sizes=\"(max-width: 971px) 100vw, 971px\" \/><figcaption id=\"caption-attachment-1876\" class=\"wp-caption-text\">Rodas pils\u0113tas ielas, Grie\u0137ija. PixMeta foto<\/figcaption><\/figure>\n<ul>\n<li style=\"font-weight: 400;\" aria-level=\"1\">Pastaig\u0101jieties pa seno Lindosas Akropoli ar drup\u0101m, kas izplat\u0101s vis\u0101 piekrast\u0113.<\/li>\n<li style=\"font-weight: 400;\" aria-level=\"1\">Nepalaidiet gar\u0101m St Paul&#8217;s Beach \u2014 ide\u0101lu pludmali ar t\u012briem \u016bde\u0146iem un mirdzo\u0161\u0101m zelta smilt\u012bm.<\/li>\n<li style=\"font-weight: 400;\" aria-level=\"1\">Palutiniet savu \u0137ermeni ar Kalithea karstajiem avotiem ar \u0101rstniecisk\u0101m \u012bpa\u0161\u012bb\u0101m.<\/li>\n<li style=\"font-weight: 400;\" aria-level=\"1\">Piepildiet neiedom\u0101jamu romantiku Tauri\u0146u ielej\u0101, kas piepild\u012bta ar kr\u0101sainiem tauri\u0146iem no j\u016bnija beig\u0101m l\u012bdz augusta vidum.<\/li>\n<li style=\"font-weight: 400;\" aria-level=\"1\">Izbaudiet saulrieta skaistumu, pastaig\u0101joties pa Rodas vecpils\u0113tu.<\/li>\n<li style=\"font-weight: 400;\" aria-level=\"1\">Atrodiet skaisto Tsambikas klosteri, t\u012bri baltu bazn\u012bcu ar sarkanu jumtu un fantastisku skatu uz kalniem.<\/li>\n<\/ul>\n<h3><span class=\"ez-toc-section\" id=\"Ed-ka-vietejais-Rodas-sala\"><\/span><b>\u0112d k\u0101 viet\u0113jais Rodas sal\u0101<\/b><span class=\"ez-toc-section-end\"><\/span><\/h3>\n<ul>\n<li style=\"font-weight: 400;\" aria-level=\"1\">Atrodiet lab\u0101ko meze Traditional Cafe Symi, kas atrodas Jaunaj\u0101 tirg\u016b.<\/li>\n<li style=\"font-weight: 400;\" aria-level=\"1\">Izm\u0113\u0123iniet ekskluz\u012bvus \u0113dienus, kas tiek pasniegti vispievilc\u012bg\u0101kaj\u0101 restor\u0101n\u0101 Noble Gourmet.<\/li>\n<li style=\"font-weight: 400;\" aria-level=\"1\">Nobaudiet visas ori\u0123in\u0101l\u0101s viet\u0113j\u0101s delikateses Parag\u0101, m\u0101j\u012bg\u0101 un nostal\u0123iskaj\u0101 restor\u0101n\u0101 ar malkas kr\u0101sn\u012bm.<\/li>\n<li style=\"font-weight: 400;\" aria-level=\"1\">Aiz skaistas ven\u0113cie\u0161u \u0113kas sienas atrodas gleznains Marco Polo savrupm\u0101jas pagalms, ko iedvesmojusi Andal\u016bzija un Dienvidfrancija.<\/li>\n<li style=\"font-weight: 400;\" aria-level=\"1\">J\u016bras vel\u0161u cien\u012bt\u0101jiem patiks grie\u0137u gar\u0161u \u0113dienu p\u0101rpiln\u012bba j\u016bras vel\u0161u krodzi\u0146\u0101 Hatzikeli.<\/li>\n<\/ul>\n<h3><span class=\"ez-toc-section\" id=\"Kur-palikt-Roda\"><\/span><b>Kur palikt Rod\u0101<\/b><span class=\"ez-toc-section-end\"><\/span><\/h3>\n<figure id=\"attachment_1877\" aria-describedby=\"caption-attachment-1877\" style=\"width: 939px\" class=\"wp-caption alignnone\"><img decoding=\"async\" class=\"size-full wp-image-1877\" src=\"http:\/\/eurodirections.com\/wp-content\/uploads\/2022\/04\/lyndos-rhodes-greece.jpg\" alt=\"Lyndos pils\u0113tas pludmale, Rodas sala Grie\u0137ija\" width=\"939\" height=\"621\" srcset=\"https:\/\/eurodirections.com\/wp-content\/uploads\/2022\/04\/lyndos-rhodes-greece.jpg 939w, https:\/\/eurodirections.com\/wp-content\/uploads\/2022\/04\/lyndos-rhodes-greece-300x198.jpg 300w, https:\/\/eurodirections.com\/wp-content\/uploads\/2022\/04\/lyndos-rhodes-greece-768x508.jpg 768w, https:\/\/eurodirections.com\/wp-content\/uploads\/2022\/04\/lyndos-rhodes-greece-100x65.jpg 100w\" sizes=\"(max-width: 939px) 100vw, 939px\" \/><figcaption id=\"caption-attachment-1877\" class=\"wp-caption-text\">Lyndos pils\u0113tas pludmale, Rodas sala, Grie\u0137ija. Att\u0113ls &#8211; Photo-Week.net<\/figcaption><\/figure>\n<ul>\n<li style=\"font-weight: 400;\" aria-level=\"1\">P\u0101rv\u0113rtiet savu atva\u013cin\u0101jumu par dievi\u0161\u0137iem mirk\u013ciem Nama Retreat, izsmalcin\u0101taj\u0101 5\u00a0zvaig\u017e\u0146u viesn\u012bc\u0101.<\/li>\n<li style=\"font-weight: 400;\" aria-level=\"1\">Kolymbia Bay Art \u2014 tikai pieaugu\u0161ajiem paredz\u0113ta 4 zvaig\u017e\u0146u k\u016brortviesn\u012bca atrodas tikai 2 min\u016b\u0161u g\u0101jiena att\u0101lum\u0101 no pludmales; lieliska iesp\u0113ja neaizmirstam\u0101m br\u012bvdien\u0101m.<\/li>\n<li style=\"font-weight: 400;\" aria-level=\"1\">3 zvaig\u017e\u0146u International Hotel ir j\u016bsu izv\u0113le, ja v\u0113laties baud\u012bt komfortu par sapr\u0101t\u012bgu cenu.<\/li>\n<li style=\"font-weight: 400;\" aria-level=\"1\">Stay Hostel b\u016bs lieliska vieta vienam vai grupu ce\u013cojumiem k\u0101 bud\u017eetam draudz\u012bga naktsm\u012btne.<\/li>\n<li style=\"font-weight: 400;\" aria-level=\"1\">Izv\u0113lieties nak\u0161\u0146o\u0161anu Lindos\u0101 \u2014 zemes debes\u012bs ar debe\u0161\u0137\u012bgi burv\u012bgo F Charm Hotel \u2014 tikai pieaugu\u0161ajiem ar autentisku atmosf\u0113ru.<\/li>\n<\/ul>\n<h3><span class=\"ez-toc-section\" id=\"Rodas-salas-viesnicu-karte-ar-cenam\"><\/span>Rodas salas viesn\u012bcu karte ar cen\u0101m<span class=\"ez-toc-section-end\"><\/span><\/h3>\n<p><script src=\"\/\/tp.media\/content?0=0&amp;1=10&amp;promo_id=4285&amp;shmarker=14350.rhodesmap&amp;campaign_id=101&amp;search_host=search.hotellook.com&amp;locale=en&amp;currency=eur&amp;draggable=true&amp;disable_zoom=false&amp;show_logo=false&amp;scrollwheel=false&amp;color=%23F56E14&amp;contrast_color=%23ffffff&amp;width=720&amp;height=500&amp;zoom=13&amp;radius=60&amp;stars=0%2C1%2C2%2C3%2C4%2C5&amp;price_from=&amp;price_to=&amp;lat=36.44288&amp;lng=28.22654\" charset=\"utf-8\"><\/script><\/p>\n<h3><span class=\"ez-toc-section\" id=\"Saraksts-o-leti-lidojumi-uz-Rodo\"><\/span>Saraksts o l\u0113ti lidojumi uz Rodo<span class=\"ez-toc-section-end\"><\/span><\/h3>\n<p><script src=\"https:\/\/tp.media\/content?currency=eur&amp;promo_id=4044&amp;shmarker=14350&amp;campaign_id=100&amp;trs=147545&amp;target_host=air.eurodirections.com%2Fflights&amp;locale=en&amp;limit=12&amp;powered_by=false&amp;primary=%230085FF&amp;destination=RHO\" charset=\"utf-8\"><\/script><\/p>\n<p><a title=\"Visi lidojumi uz Rodo\" href=\"https:\/\/eurodirections.com\/flights-to-rhodes-greece\/\" target=\"_blank\" rel=\"noopener\">P\u0101rl\u016bkojiet visus tie\u0161os lidojumus uz Rodu, Grie\u0137iju<\/a> \u2014 Sal\u012bdziniet aviobi\u013ce\u0161u cenas uz Rodu dro\u0161\u0101s tie\u0161saistes rezerv\u0101cijas platform\u0101s un ce\u013cojumu a\u0123ent\u016br\u0101s.<\/p>\n<p><script type=\"application\/ld+json\">\n    {\n      \"@context\": \"https:\/\/schema.org\",\n      \"@type\": \"FAQPage\",\n      \"@id\" : \"#faq\",\n      \"url\" : \"https:\/\/www.eurodirections.com\/rhodes\/\",\n      \"name\" : \"Rhodes Travel FAQ\",\n      \"mainEntity\": [{\n        \"@type\": \"Question\",\n        \"name\": \"Things to do in Rhodes?\",\n        \"acceptedAnswer\": {\n          \"@type\": \"Answer\",\n          \"text\": \"The list of things not to miss in Rhodes:\nWander about the ancient Acropolis of Lindos with the ruins spread across the coastline. \nDon\u2019t miss out on St Paul\u2019s Beach, a picture-perfect beach with pure waters and glowing gold sand.\nTreat your body with Kalithea hot springs with curative properties.\nFill the unimaginable romance in the Valley of Butterflies filled with colorful butterflies from late June to mid-August. \nEmbrace the beauty of the sunset strolling about the Rhodes Old Town.\nFind a beautiful Tsambika Monastery, a pure white church with a red roof and a fantastic view of the mountains.\"\n        }\n      }, {\n        \"@type\": \"Question\",\n        \"name\": \"What to eat like a local in Rhodes?\",\n        \"acceptedAnswer\": {\n          \"@type\": \"Answer\",\n          \"text\": \"Eat and feel like a local in Rhodes:\nFind the best meze in the Traditional Cafe Symi located in the New Market.\nTry exclusive dishes served in the most attractive way in Noble Gourmet Restaurant.\nTaste all the original local delicacies in Paraga, a cozy and nostalgic restaurant with wood-fired ovens.\nBehind a beautiful wall of a Venetian building, you will find a picturesque courtyard of Marco Polo Mansion, inspired by Andalusia and Southern France.\nThe lovers of seafood will adore the abundance of dishes with Greek flavors in Hatzikeli, a seafood tavern.\"\n        }\n      }\n]\n    }\n<\/script><\/p>\n<p><script type=\"application\/ld+json\">\n{\n    \"@context\": \"http:\/\/schema.org\",\n    \"@type\": \"WebPage\",\n    \"name\": \"Rhodes bucket list\",\n    \"description\": \"Explore the bucket list of Rhodes island, Greece. Get to know what are the most authentic places, what restaurants to choose and what to do in Rhodes.\",\n    \"publisher\": {\n        \"@type\": \"WebPage\",\n        \"name\": \"Eurodirections.com\"\n    }\n}\n<\/script><\/p>\n<blockquote><p><strong>Vai jums pat\u012bk Grie\u0137ija?<\/strong> Turpin\u0101t las\u012bt par <a title=\"Iepaz\u012bstiet At\u0113nas, Grie\u0137ija\" href=\"https:\/\/eurodirections.com\/athens\/\" data-schema-attribute=\"about\">At\u0113n\u0101m<\/a>, <a title=\"Patras, Grie\u0137ija, Bucket list\" href=\"https:\/\/eurodirections.com\/patras\/\" data-schema-attribute=\"about\">Patrasu<\/a>, <a title=\"Saloniku kausu saraksts\" href=\"https:\/\/eurodirections.com\/thessaloniki\/\" data-schema-attribute=\"about\">Salonikiem<\/a>, <a title=\"Kavala ce\u013cojumu ce\u013cvedis un spai\u0146u saraksts\" href=\"https:\/\/eurodirections.com\/kavala\/\" data-schema-attribute=\"about\">Kavalu<\/a> un <a title=\"Heraklionas, Kr\u0113ta, Grie\u0137ija, \" href=\"https:\/\/eurodirections.com\/heraklion\/\" data-schema-attribute=\"about\">Heraklionu<\/a>.<br \/>\n<strong>Lasiet ar\u012b:<\/strong> <a title=\"P\u0101rskats par 6 br\u012bni\u0161\u0137\u012bg\u0101m Grie\u0137ijas pils\u0113t\u0101m\" href=\"https:\/\/eurodirections.com\/explore-cities-of-greece\/\" target=\"_blank\" rel=\"noopener\" data-schema-attribute=\"mentions\">6 br\u012bni\u0161\u0137\u012bgas Grie\u0137ijas pils\u0113tas<\/a><\/p><\/blockquote>\n","protected":false},"excerpt":{"rendered":"<p>Izp\u0113t\u012bt Rodas salu: spai\u0146u saraksts t\u016bristiem Rodas sala ir liel\u0101k\u0101 no Dodekan\u0113sas sal\u0101m, ko katru gadu apmekl\u0113 vair\u0101k nek\u0101 2 miljoni t\u016bristu. Satrieco\u0161\u0101 Grie\u0137ijas sala ir ne tikai peld\u0113\u0161ana un elpu aizraujo\u0161as dabas baud\u012b\u0161ana, bet ar\u012b UNESCO sarakst\u0101 iek\u013caut\u0101 vecpils\u0113ta ar t\u016bksto\u0161 gadu v\u0113sturi, arhitekt\u016bru un v\u0113l 100 iemesliem, lai apmekl\u0113tu Rodu. Skat\u012bt ar\u012b: Vai [&hellip;]<\/p>\n","protected":false},"author":1,"featured_media":10869,"parent":0,"menu_order":0,"comment_status":"closed","ping_status":"closed","template":"","meta":{"footnotes":""},"class_list":["post-16063","page","type-page","status-publish","has-post-thumbnail","hentry"],"_links":{"self":[{"href":"https:\/\/eurodirections.com\/lv\/wp-json\/wp\/v2\/pages\/16063","targetHints":{"allow":["GET"]}}],"collection":[{"href":"https:\/\/eurodirections.com\/lv\/wp-json\/wp\/v2\/pages"}],"about":[{"href":"https:\/\/eurodirections.com\/lv\/wp-json\/wp\/v2\/types\/page"}],"author":[{"embeddable":true,"href":"https:\/\/eurodirections.com\/lv\/wp-json\/wp\/v2\/users\/1"}],"replies":[{"embeddable":true,"href":"https:\/\/eurodirections.com\/lv\/wp-json\/wp\/v2\/comments?post=16063"}],"version-history":[{"count":0,"href":"https:\/\/eurodirections.com\/lv\/wp-json\/wp\/v2\/pages\/16063\/revisions"}],"wp:featuredmedia":[{"embeddable":true,"href":"https:\/\/eurodirections.com\/lv\/wp-json\/wp\/v2\/media\/10869"}],"wp:attachment":[{"href":"https:\/\/eurodirections.com\/lv\/wp-json\/wp\/v2\/media?parent=16063"}],"curies":[{"name":"wp","href":"https:\/\/api.w.org\/{rel}","templated":true}]}}