{"id":13461,"date":"2022-12-09T09:27:35","date_gmt":"2022-12-09T09:27:35","guid":{"rendered":"https:\/\/eurodirections.com\/viesnicas\/"},"modified":"2023-01-25T09:35:30","modified_gmt":"2023-01-25T09:35:30","slug":"viesnicas","status":"publish","type":"page","link":"https:\/\/eurodirections.com\/lv\/viesnicas\/","title":{"rendered":"Viesn\u012bcas"},"content":{"rendered":"\t\t<div data-elementor-type=\"wp-page\" data-elementor-id=\"13461\" class=\"elementor elementor-13461\">\n\t\t\t\t\t\t<section class=\"elementor-section elementor-top-section elementor-element elementor-element-d468925 elementor-section-boxed elementor-section-height-default elementor-section-height-default\" data-id=\"d468925\" data-element_type=\"section\" data-e-type=\"section\">\n\t\t\t\t\t\t<div class=\"elementor-container elementor-column-gap-default\">\n\t\t\t\t\t<div class=\"elementor-column elementor-col-100 elementor-top-column elementor-element elementor-element-319ad72\" data-id=\"319ad72\" data-element_type=\"column\" data-e-type=\"column\">\n\t\t\t<div class=\"elementor-widget-wrap elementor-element-populated\">\n\t\t\t\t\t\t<div class=\"elementor-element elementor-element-c6ffbb3 elementor-widget__width-inherit elementor-widget elementor-widget-text-editor\" data-id=\"c6ffbb3\" data-element_type=\"widget\" data-e-type=\"widget\" data-widget_type=\"text-editor.default\">\n\t\t\t\t<div class=\"elementor-widget-container\">\n\t\t\t\t\t\t\t\t\t<p>Vai mekl\u0113jat \u0113rtas viesn\u012bcas vai dz\u012bvok\u013cus? Sal\u012bdziniet visas cenas internet\u0101, izmantojot m\u016bsu viesn\u012bcu mekl\u0113\u0161anas pakalpojumu \u2013 pl\u0101nojiet savu ce\u013cojumu un ietaupiet naudu, ce\u013cojot pa Eiropu. <\/p>\n\t\t\t\t\t\t\t\t<\/div>\n\t\t\t\t<\/div>\n\t\t\t\t\t<\/div>\n\t\t<\/div>\n\t\t\t\t\t<\/div>\n\t\t<\/section>\n\t\t\t\t<section class=\"elementor-section elementor-top-section elementor-element elementor-element-f900ca2 elementor-section-boxed elementor-section-height-default elementor-section-height-default\" data-id=\"f900ca2\" data-element_type=\"section\" data-e-type=\"section\">\n\t\t\t\t\t\t<div class=\"elementor-container elementor-column-gap-default\">\n\t\t\t\t\t<div class=\"elementor-column elementor-col-100 elementor-top-column elementor-element elementor-element-2434b85\" data-id=\"2434b85\" data-element_type=\"column\" data-e-type=\"column\">\n\t\t\t<div class=\"elementor-widget-wrap elementor-element-populated\">\n\t\t\t\t\t\t<div class=\"elementor-element elementor-element-713ba2b elementor-widget elementor-widget-html\" data-id=\"713ba2b\" data-element_type=\"widget\" data-e-type=\"widget\" data-widget_type=\"html.default\">\n\t\t\t\t<div class=\"elementor-widget-container\">\n\t\t\t\t\t<center>\n    \n    <script charset=\"utf-8\" src=\"\/\/www.travelpayouts.com\/widgets\/b0f062210a076eb373f5c08877774ae6.js?v=2203\" async=\"\"><\/script>\n\n<\/center>\t\t\t\t<\/div>\n\t\t\t\t<\/div>\n\t\t\t\t\t<\/div>\n\t\t<\/div>\n\t\t\t\t\t<\/div>\n\t\t<\/section>\n\t\t\t\t<section class=\"elementor-section elementor-top-section elementor-element elementor-element-f9ae27d elementor-section-boxed elementor-section-height-default elementor-section-height-default\" data-id=\"f9ae27d\" data-element_type=\"section\" data-e-type=\"section\">\n\t\t\t\t\t\t<div class=\"elementor-container elementor-column-gap-default\">\n\t\t\t\t\t<div class=\"elementor-column elementor-col-100 elementor-top-column elementor-element elementor-element-ac118d8\" data-id=\"ac118d8\" data-element_type=\"column\" data-e-type=\"column\">\n\t\t\t<div class=\"elementor-widget-wrap elementor-element-populated\">\n\t\t\t\t\t\t<div class=\"elementor-element elementor-element-a6ea89b elementor-widget elementor-widget-heading\" data-id=\"a6ea89b\" data-element_type=\"widget\" data-e-type=\"widget\" data-widget_type=\"heading.default\">\n\t\t\t\t<div class=\"elementor-widget-container\">\n\t\t\t\t\t<h2 class=\"elementor-heading-title elementor-size-default\">Top viesn\u012bcas Barselon\u0101<\/h2>\t\t\t\t<\/div>\n\t\t\t\t<\/div>\n\t\t\t\t\t<\/div>\n\t\t<\/div>\n\t\t\t\t\t<\/div>\n\t\t<\/section>\n\t\t\t\t<section class=\"elementor-section elementor-top-section elementor-element elementor-element-2685ed5 elementor-section-boxed elementor-section-height-default elementor-section-height-default\" data-id=\"2685ed5\" data-element_type=\"section\" data-e-type=\"section\">\n\t\t\t\t\t\t<div class=\"elementor-container elementor-column-gap-default\">\n\t\t\t\t\t<div class=\"elementor-column elementor-col-100 elementor-top-column elementor-element elementor-element-10de6c2\" data-id=\"10de6c2\" data-element_type=\"column\" data-e-type=\"column\">\n\t\t\t<div class=\"elementor-widget-wrap elementor-element-populated\">\n\t\t\t\t\t\t<div class=\"elementor-element elementor-element-f238096 elementor-widget elementor-widget-html\" data-id=\"f238096\" data-element_type=\"widget\" data-e-type=\"widget\" data-widget_type=\"html.default\">\n\t\t\t\t<div class=\"elementor-widget-container\">\n\t\t\t\t\t<script src=\"https:\/\/www.travelpayouts.com\/blissey\/scripts_en.js?currency=eur&categories=center%2Cpopularity%2Cprice&id=3196&type=compact&marker=14350&trs=147545&powered_by=false&host=air.eurodirections.com%2Fhotels&locale=en&limit=10&nobooking=\" charset=\"utf-8\"><\/script>\t\t\t\t<\/div>\n\t\t\t\t<\/div>\n\t\t\t\t\t<\/div>\n\t\t<\/div>\n\t\t\t\t\t<\/div>\n\t\t<\/section>\n\t\t\t\t<section class=\"elementor-section elementor-top-section elementor-element elementor-element-825c3bf elementor-section-boxed elementor-section-height-default elementor-section-height-default\" data-id=\"825c3bf\" data-element_type=\"section\" data-e-type=\"section\">\n\t\t\t\t\t\t<div class=\"elementor-container elementor-column-gap-default\">\n\t\t\t\t\t<div class=\"elementor-column elementor-col-100 elementor-top-column elementor-element elementor-element-ff09586\" data-id=\"ff09586\" data-element_type=\"column\" data-e-type=\"column\">\n\t\t\t<div class=\"elementor-widget-wrap elementor-element-populated\">\n\t\t\t\t\t\t<div class=\"elementor-element elementor-element-515a136 elementor-widget elementor-widget-text-editor\" data-id=\"515a136\" data-element_type=\"widget\" data-e-type=\"widget\" data-widget_type=\"text-editor.default\">\n\t\t\t\t<div class=\"elementor-widget-container\">\n\t\t\t\t\t\t\t\t\t<h3>K\u0101 atrast l\u0113tas viesn\u012bcas tie\u0161saist\u0113?<\/h3>\n<p>Ir vair\u0101ki veidi, k\u0101 tie\u0161saist\u0113 atrast l\u0113tas viesn\u012bcas. Viens no tiem ir izmantot viesn\u012bcu sal\u012bdzin\u0101\u0161anas vietni, piem\u0113ram, Euro Directions, kas mekl\u0113 vair\u0101kas rezerv\u0113\u0161anas platformas un sal\u012bdzina cenas, lai atrastu lab\u0101kos pied\u0101v\u0101jumus.<\/p>\n<ol>\n<li>Dodieties uz viesn\u012bcu sal\u012bdzin\u0101\u0161anas vietni, piem\u0113ram, Euro Directions, un ievadiet savu galam\u0113r\u0137i vai nor\u0101diet viesn\u012bcu, kur\u0101 v\u0113laties apmesties.<\/li>\n<li>Nospiediet mekl\u0113\u0161anas pogu, lai skat\u012btu \u0161aj\u0101 apgabal\u0101 pieejamo viesn\u012bcu, hoste\u013cu un viesu m\u0101ju sarakstu.<\/li>\n<li>Sal\u012bdziniet viesn\u012bcu cenas un v\u0113rt\u0113jumus, lai atrastu lab\u0101kos pied\u0101v\u0101jumus un sav\u0101m vajadz\u012bb\u0101m piem\u0113rot\u0101ko apme\u0161an\u0101s vietu.<\/li>\n<li>P\u0101rbaudiet, vai nav pieejamas akcijas vai atlaides<\/li>\n<li>Pirms rezerv\u0101cijas veik\u0161anas izlasiet citu ce\u013cot\u0101ju atsauksmes.<\/li>\n<li>Kad esat atradis piem\u0113rotu viesn\u012bcu, turpiniet veikt rezerv\u0101ciju rezerv\u0113\u0161anas sist\u0113m\u0101, kas nodro\u0161in\u0101ja lab\u0101ko cenu un izmitin\u0101\u0161anu.<\/li>\n<\/ol>\n<p>P\u0101rl\u016bkojiet popul\u0101r\u0101kos galam\u0113r\u0137us, kur lietot\u0101ji mekl\u0113 l\u0113tas viesn\u012bcas Euro Directions:<\/p>\n<ul>\n<li><a href=\"https:\/\/eurodirections.com\/popular-hotels-in-toulouse\/\" target=\"_blank\" rel=\"noopener\">Tul\u016bzas popul\u0101ras viesn\u012bcas<\/a><\/li>\n<li><a href=\"https:\/\/eurodirections.com\/larnaca-cheap-hotels-guide\/\" target=\"_blank\" rel=\"noopener\">Larnakas viesn\u012bcu ce\u013cvedis un karte<\/a><\/li>\n<li><a href=\"https:\/\/eurodirections.com\/10-cheap-popular-hotels-in-malta-with-high-ratings\/\" target=\"_blank\" rel=\"noopener\">Malta popul\u0101ras viesn\u012bcas<\/a><\/li>\n<li><a href=\"https:\/\/eurodirections.com\/hotels-in-tallinn\/\" target=\"_blank\" rel=\"noopener\">Izp\u0113t\u012bt viesn\u012bcas Tallina, Igaunija<\/a><\/li>\n<li><a href=\"https:\/\/eurodirections.com\/hotels-in-kavala\/\" target=\"_blank\" rel=\"noopener\">Mekl\u0113jat viesn\u012bcas &#8211; Kavala, Grie\u0137ija?<\/a><\/li>\n<li><a href=\"https:\/\/eurodirections.com\/popular-hotels-in-valencia\/\" target=\"_blank\" rel=\"noopener\">Popul\u0101r\u0101k\u0101s viesn\u012bcas &#8211; Valensija<\/a><\/li>\n<li><a href=\"https:\/\/eurodirections.com\/popular-hotels-in-tbilisi\/\" target=\"_blank\" rel=\"noopener\">L\u0113tas un popul\u0101ras viesn\u012bcas Tbilisi, Gruzija<\/a><\/li>\n<\/ul>\n<p>\u2014<\/p>\n<p><span style=\"color: #666699;\"><strong>Pazi\u0146ojums:<\/strong> Euro Directions ce\u013cojumu pl\u0101not\u0101ja platforma ir savienota ar hotellook viesn\u012bcu mekl\u0113\u0161anas sist\u0113mu un nodro\u0161ina tos pa\u0161us pakalpojumus k\u0101 galven\u0101 mekl\u0113t\u0101jprogramma. M\u0113s pa\u0161i nesniedzam tie\u0161saistes rezerv\u0101cijas pakalpojumus un nep\u0101rst\u0101vam nevienu viesn\u012bcu! Lai ieg\u016btu pla\u0161\u0101ku inform\u0101ciju, skatiet m\u016bsu noteikumus.  <\/span><\/p>\n<p><span style=\"color: #999999;\"><strong>Ieteikuma inform\u0101cija:<\/strong> inform\u0101cija satur saist\u012bto uz\u0146\u0113mumu saites, kas noz\u012bm\u0113, ka gad\u012bjum\u0101, ja lietot\u0101ji noklik\u0161\u0137ina uz viesn\u012bcu sait\u0113m un veic rezerv\u0101ciju, m\u016bsu vietne nopelna komisiju.<\/span><\/p>\n\t\t\t\t\t\t\t\t<\/div>\n\t\t\t\t<\/div>\n\t\t\t\t\t<\/div>\n\t\t<\/div>\n\t\t\t\t\t<\/div>\n\t\t<\/section>\n\t\t\t\t<\/div>\n\t\t","protected":false},"excerpt":{"rendered":"<p>Vai mekl\u0113jat \u0113rtas viesn\u012bcas vai dz\u012bvok\u013cus? Sal\u012bdziniet visas cenas internet\u0101, izmantojot m\u016bsu viesn\u012bcu mekl\u0113\u0161anas pakalpojumu \u2013 pl\u0101nojiet savu ce\u013cojumu un ietaupiet naudu, ce\u013cojot pa Eiropu. Top viesn\u012bcas Barselon\u0101 K\u0101 atrast l\u0113tas viesn\u012bcas tie\u0161saist\u0113? Ir vair\u0101ki veidi, k\u0101 tie\u0161saist\u0113 atrast l\u0113tas viesn\u012bcas. Viens no tiem ir izmantot viesn\u012bcu sal\u012bdzin\u0101\u0161anas vietni, piem\u0113ram, Euro Directions, kas mekl\u0113 vair\u0101kas [&hellip;]<\/p>\n","protected":false},"author":1,"featured_media":0,"parent":0,"menu_order":0,"comment_status":"closed","ping_status":"closed","template":"","meta":{"footnotes":""},"class_list":["post-13461","page","type-page","status-publish","hentry"],"_links":{"self":[{"href":"https:\/\/eurodirections.com\/lv\/wp-json\/wp\/v2\/pages\/13461","targetHints":{"allow":["GET"]}}],"collection":[{"href":"https:\/\/eurodirections.com\/lv\/wp-json\/wp\/v2\/pages"}],"about":[{"href":"https:\/\/eurodirections.com\/lv\/wp-json\/wp\/v2\/types\/page"}],"author":[{"embeddable":true,"href":"https:\/\/eurodirections.com\/lv\/wp-json\/wp\/v2\/users\/1"}],"replies":[{"embeddable":true,"href":"https:\/\/eurodirections.com\/lv\/wp-json\/wp\/v2\/comments?post=13461"}],"version-history":[{"count":0,"href":"https:\/\/eurodirections.com\/lv\/wp-json\/wp\/v2\/pages\/13461\/revisions"}],"wp:attachment":[{"href":"https:\/\/eurodirections.com\/lv\/wp-json\/wp\/v2\/media?parent=13461"}],"curies":[{"name":"wp","href":"https:\/\/api.w.org\/{rel}","templated":true}]}}