{"id":12699,"date":"2022-04-26T15:13:09","date_gmt":"2022-04-26T15:13:09","guid":{"rendered":"https:\/\/eurodirections.com\/izpetit-larnaku-turistu-kausu-saraksts\/"},"modified":"2023-01-21T21:08:10","modified_gmt":"2023-01-21T21:08:10","slug":"larnakas-celojums","status":"publish","type":"page","link":"https:\/\/eurodirections.com\/lv\/larnakas-celojums\/","title":{"rendered":"Izp\u0113t\u012bt Larnaku: t\u016bristu kausu saraksts"},"content":{"rendered":"<div id=\"ez-toc-container\" class=\"ez-toc-v2_0_82_2 counter-hierarchy ez-toc-counter ez-toc-grey ez-toc-container-direction\">\n<div class=\"ez-toc-title-container\">\n<p class=\"ez-toc-title\" style=\"cursor:inherit\">Table of Contents<\/p>\n<span class=\"ez-toc-title-toggle\"><a href=\"#\" class=\"ez-toc-pull-right ez-toc-btn ez-toc-btn-xs ez-toc-btn-default ez-toc-toggle\" aria-label=\"Toggle Table of Content\"><span class=\"ez-toc-js-icon-con\"><span class=\"\"><span class=\"eztoc-hide\" style=\"display:none;\">Toggle<\/span><span class=\"ez-toc-icon-toggle-span\"><svg style=\"fill: #999;color:#999\" xmlns=\"http:\/\/www.w3.org\/2000\/svg\" class=\"list-377408\" width=\"20px\" height=\"20px\" viewBox=\"0 0 24 24\" fill=\"none\"><path d=\"M6 6H4v2h2V6zm14 0H8v2h12V6zM4 11h2v2H4v-2zm16 0H8v2h12v-2zM4 16h2v2H4v-2zm16 0H8v2h12v-2z\" fill=\"currentColor\"><\/path><\/svg><svg style=\"fill: #999;color:#999\" class=\"arrow-unsorted-368013\" xmlns=\"http:\/\/www.w3.org\/2000\/svg\" width=\"10px\" height=\"10px\" viewBox=\"0 0 24 24\" version=\"1.2\" baseProfile=\"tiny\"><path d=\"M18.2 9.3l-6.2-6.3-6.2 6.3c-.2.2-.3.4-.3.7s.1.5.3.7c.2.2.4.3.7.3h11c.3 0 .5-.1.7-.3.2-.2.3-.5.3-.7s-.1-.5-.3-.7zM5.8 14.7l6.2 6.3 6.2-6.3c.2-.2.3-.5.3-.7s-.1-.5-.3-.7c-.2-.2-.4-.3-.7-.3h-11c-.3 0-.5.1-.7.3-.2.2-.3.5-.3.7s.1.5.3.7z\"\/><\/svg><\/span><\/span><\/span><\/a><\/span><\/div>\n<nav><ul class='ez-toc-list ez-toc-list-level-1 eztoc-toggle-hide-by-default' ><li class='ez-toc-page-1 ez-toc-heading-level-2'><a class=\"ez-toc-link ez-toc-heading-1\" href=\"https:\/\/eurodirections.com\/lv\/larnakas-celojums\/#Larnakas-spainis-saraksts\" >Larnakas spainis saraksts<\/a><\/li><li class='ez-toc-page-1 ez-toc-heading-level-2'><a class=\"ez-toc-link ez-toc-heading-2\" href=\"https:\/\/eurodirections.com\/lv\/larnakas-celojums\/#Lietas-ko-nedrikst-palaist-garam-Larnaka\" >Lietas, ko nedr\u012bkst palaist gar\u0101m Larnak\u0101<\/a><ul class='ez-toc-list-level-3' ><li class='ez-toc-heading-level-3'><a class=\"ez-toc-link ez-toc-heading-3\" href=\"https:\/\/eurodirections.com\/lv\/larnakas-celojums\/#Ko-est-Larnaka\" >Ko \u0113st Larnak\u0101?<\/a><\/li><li class='ez-toc-page-1 ez-toc-heading-level-3'><a class=\"ez-toc-link ez-toc-heading-4\" href=\"https:\/\/eurodirections.com\/lv\/larnakas-celojums\/#Kur-palikt-Larnaka\" >Kur palikt Larnak\u0101<\/a><\/li><li class='ez-toc-page-1 ez-toc-heading-level-3'><a class=\"ez-toc-link ez-toc-heading-5\" href=\"https:\/\/eurodirections.com\/lv\/larnakas-celojums\/#Larnakas-viesnicu-cenas-un-viesnicu-karte\" >Larnakas viesn\u012bcu cenas un viesn\u012bcu karte<\/a><\/li><li class='ez-toc-page-1 ez-toc-heading-level-3'><a class=\"ez-toc-link ez-toc-heading-6\" href=\"https:\/\/eurodirections.com\/lv\/larnakas-celojums\/#Larnaka-leti-lidojumi\" >Larnaka l\u0113ti lidojumi<\/a><\/li><\/ul><\/li><\/ul><\/nav><\/div>\n<h2><span class=\"ez-toc-section\" id=\"Larnakas-spainis-saraksts\"><\/span><b>Larnakas spainis saraksts<\/b><span class=\"ez-toc-section-end\"><\/span><\/h2>\n<p><span style=\"font-weight: 400;\">Kipras izcil\u0101ko piej\u016bras k\u016brortu Larnaku ik gadu apmekl\u0113 miljoniem t\u016bristu, kuri mekl\u0113 perfektas pludmales, Vidusj\u016bras romantiku, labu \u0113dienu un kult\u016bru. Ja esat izv\u0113l\u0113jies Larnaku k\u0101 savu galam\u0113r\u0137i Eirop\u0101, veltiet laiku, lai izbaud\u012btu visus br\u012bnumus, v\u0113sturisk\u0101s vietas, veikalus un daudz ko citu. <\/span><\/p>\n<h2><span class=\"ez-toc-section\" id=\"Lietas-ko-nedrikst-palaist-garam-Larnaka\"><\/span><b>Lietas, ko nedr\u012bkst palaist gar\u0101m Larnak\u0101<\/b><span class=\"ez-toc-section-end\"><\/span><\/h2>\n<ul>\n<li style=\"font-weight: 400;\" aria-level=\"1\"><span style=\"font-weight: 400;\">Apmekl\u0113jiet Larnakas popul\u0101r\u0101ko un vissvar\u012bg\u0101ko v\u0113sturisko orientieri, 9. gadsimta Sv\u0113t\u0101 L\u0101cara bazn\u012bcu.<\/span><\/li>\n<li style=\"font-weight: 400;\" aria-level=\"1\"><span style=\"font-weight: 400;\">Izbaudiet silto sauli un atsvaidzino\u0161o j\u016bru Finikoudes pludmal\u0113, galvenaj\u0101 pils\u0113tas pludmal\u0113 ar palm\u0101m, pludmales kafejn\u012bc\u0101m un b\u0101riem promen\u0101d\u0113.<\/span><\/li>\n<li style=\"font-weight: 400;\" aria-level=\"1\"><span style=\"font-weight: 400;\">Dodieties ekskursij\u0101 uz citu v\u0113sturisku orientieri \u2013 Kamares akveduktu, kur\u0101 s\u0101kotn\u0113ji bija 75 arkas, kas saglab\u0101j\u0101s tikai 33 no t\u0101m.<\/span><\/li>\n<li style=\"font-weight: 400;\" aria-level=\"1\"><span style=\"font-weight: 400;\">Izbaudiet tradicion\u0101lo Kipras dz\u012bvi Lefkar\u0101 \u2014 neliel\u0101 ciemat\u0101 net\u0101lu no Larnakas ar \u0161aur\u0101m ieli\u0146\u0101m un autentisku arhitekt\u016bru.<\/span><\/li>\n<li style=\"font-weight: 400;\" aria-level=\"1\"><span style=\"font-weight: 400;\">Ziemas ekskursij\u0101m apmekl\u0113jiet otro liel\u0101ko s\u0101lsezeru, kas ziem\u0101 piepild\u0101s ar \u016bdeni, piesaistot migr\u0113jo\u0161us putnus un galvenok\u0101rt flamingus, iekr\u0101sojot ezeru roz\u0101 kr\u0101s\u0101. <\/span><\/li>\n<\/ul>\n<h3><span class=\"ez-toc-section\" id=\"Ko-est-Larnaka\"><\/span><b>Ko \u0113st Larnak\u0101?<\/b><span class=\"ez-toc-section-end\"><\/span><\/h3>\n<ul>\n<li style=\"font-weight: 400;\" aria-level=\"1\"><span style=\"font-weight: 400;\">Apmekl\u0113jiet Grada krodzi\u0146u, lai nobaud\u012btu lab\u0101ko meze un lielas \u0113dienu porcijas.<\/span><\/li>\n<li style=\"font-weight: 400;\" aria-level=\"1\"><span style=\"font-weight: 400;\">Izbaudiet skaisto interjeru un labu \u0113dienu Art Cafe 1900 ar tradicion\u0101lo Kipras virtuvi un alu.<\/span><\/li>\n<li style=\"font-weight: 400;\" aria-level=\"1\"><span style=\"font-weight: 400;\">Atrodiet tradicion\u0101los Tuvo Austrumu \u0113dienus krog\u0101 To Kazani Traditional Tavern ar m\u0101j\u012bgu atmosf\u0113ru, r\u016btainiem galdautiem un augiem.<\/span><\/li>\n<li style=\"font-weight: 400;\" aria-level=\"1\"><span style=\"font-weight: 400;\">Nogar\u0161ojiet svaigas j\u016bras veltes un tradicion\u0101los \u0101tro \u0113dienus restor\u0101n\u0101 Lambros Fish &amp; Chips.<\/span><\/li>\n<li style=\"font-weight: 400;\" aria-level=\"1\"><span style=\"font-weight: 400;\">Lai baud\u012btu Vidusj\u016bras un Lib\u0101nas gar\u0161as, dodieties uz Maqam Al Sultan un izm\u0113\u0123iniet meze \u0113dienus, svaigu maizi un gar\u0161vielu ga\u013cu.<\/span><\/li>\n<\/ul>\n<h3><span class=\"ez-toc-section\" id=\"Kur-palikt-Larnaka\"><\/span><b>Kur palikt Larnak\u0101<\/b><span class=\"ez-toc-section-end\"><\/span><\/h3>\n<ul>\n<li style=\"font-weight: 400;\" aria-level=\"1\"><span style=\"font-weight: 400;\">Izbaudiet iespaid\u012bgos skatus un greznus pakalpojumus 5 zvaig\u017e\u0146u Radisson Blu viesn\u012bc\u0101 Larnak\u0101.<\/span><\/li>\n<li style=\"font-weight: 400;\" aria-level=\"1\"><span style=\"font-weight: 400;\">Atp\u016btieties lielaj\u0101 \u0101ra basein\u0101 4 zvaig\u017e\u0146u viesn\u012bc\u0101 The Quality Lodge, BW Premier Collection Larnak\u0101.<\/span><\/li>\n<li style=\"font-weight: 400;\" aria-level=\"1\"><span style=\"font-weight: 400;\">Tr\u012bs zvaig\u017e\u0146u viesn\u012bca La Veranda atrodas 3 min\u016b\u0161u g\u0101jiena att\u0101lum\u0101 no pludmales un ir lieliska vieta, kur baud\u012bt komfortu par zem\u0101ku cenu.<\/span><\/li>\n<li style=\"font-weight: 400;\" aria-level=\"1\"><span style=\"font-weight: 400;\">Viesu nams Le Mat atrodas vecpils\u0113t\u0101 un ir m\u0101j\u012bga, autentiska vieta, kur pavad\u012bt dienas Larnak\u0101.  <\/span><\/li>\n<li style=\"font-weight: 400;\" aria-level=\"1\"><span style=\"font-weight: 400;\">Dodieties uz Ayia Napa no Larnakas, lai baud\u012btu aizraujo\u0161us piekrastes skatus un palieciet Limanaki Beach Hotel &amp; Suites.<\/span><\/li>\n<\/ul>\n<h3><span class=\"ez-toc-section\" id=\"Larnakas-viesnicu-cenas-un-viesnicu-karte\"><\/span>Larnakas viesn\u012bcu cenas un viesn\u012bcu karte<span class=\"ez-toc-section-end\"><\/span><\/h3>\n<p><script src=\"\/\/tp.media\/content?0=0&amp;1=10&amp;promo_id=4285&amp;shmarker=14350&amp;campaign_id=101&amp;search_host=search.hotellook.com&amp;locale=ru&amp;currency=usd&amp;draggable=true&amp;disable_zoom=false&amp;show_logo=false&amp;scrollwheel=false&amp;color=%2321C6FD&amp;contrast_color=%23ffffff&amp;width=720&amp;height=500&amp;zoom=14&amp;radius=60&amp;stars=0%2C1%2C2%2C3%2C4%2C5&amp;price_from=&amp;price_to=&amp;lat=34.91667&amp;lng=33.62917\" charset=\"utf-8\"><\/script><\/p>\n<h3><span class=\"ez-toc-section\" id=\"Larnaka-leti-lidojumi\"><\/span>Larnaka l\u0113ti lidojumi<span class=\"ez-toc-section-end\"><\/span><\/h3>\n<p><script src=\"\/\/tp.media\/content?currency=eur&amp;promo_id=4044&amp;shmarker=14350&amp;campaign_id=100&amp;trs=147545&amp;target_host=air.eurodirections.com%2Fflights&amp;locale=lv&amp;limit=14&amp;powered_by=false&amp;secondary=%2348A4F9&amp;destination=LCA\" charset=\"utf-8\"><span data-mce-type=\"bookmark\" style=\"display: inline-block; width: 0px; overflow: hidden; line-height: 0;\" class=\"mce_SELRES_start\">\ufeff<\/span><\/script><\/p>\n<p>Mums ir atsevi\u0161\u0137a lapa, kas paredz\u0113ta <a title=\"Lidot Larnaka\" href=\"https:\/\/flylarnaca.com\" target=\"_blank\" rel=\"noopener\">piln\u012bgai inform\u0101cijai par Larnaku<\/a>, un <a title=\"Lidojumi uz Larnika\" href=\"https:\/\/eurodirections.com\/larnaca-flights\/\" target=\"_blank\" rel=\"noopener\">l\u0113tu lidojumu kalend\u0101rs ce\u013cojumiem uz Larnaku<\/a>.<\/p>\n<p><script type=\"application\/ld+json\">\n    {\n      \"@context\": \"https:\/\/schema.org\",\n      \"@type\": \"FAQPage\",\n      \"@id\" : \"#faq\",\n      \"url\" : \"https:\/\/www.eurodirections.com\/larnaca\/\",\n      \"name\" : \"Larnaca Travel FAQ\",\n      \"mainEntity\": [{\n        \"@type\": \"Question\",\n        \"name\": \"Things to do in Larnaca?\",\n        \"acceptedAnswer\": {\n          \"@type\": \"Answer\",\n          \"text\": \"The list of things not to miss in Larnaca:\nVisit the most popular and the most important historic landmark of Larnaca, the 9th-century church of Saint Lazarus.\nEnjoy the warm sun and refreshing sea on Finikoudes Beach, the main city beach with palm trees, beach cafes, and bars on the promenade.\nTake a tour to another historic landmark, the Kamares Aqueduct, with initially 75 arches that survived only 33 of them.\nGet the feel of traditional Cypriot life in Lefkara, a small village near Larnaca with narrow alleys and authentic architecture.\nFor winter tours, visit the second-largest salt lake that fills with water in winter, attracting migrating birds and mostly flamingos, coloring the lake in pink.\"\n        }\n      }, {\n        \"@type\": \"Question\",\n        \"name\": \"What to eat like a local in Larnaca?\",\n        \"acceptedAnswer\": {\n          \"@type\": \"Answer\",\n          \"text\": \"Eat and feel like a local in Larnaca:\nVisit Grada Tavern to taste the best meze and large portions of dishes.\nEnjoy the beautiful interior and good food at Art Cafe 1900 with traditional Cypriot cuisine and beer.\nFind traditional Middle Eastern dishes at To Kazani Traditional Tavern with a cozy atmosphere, checkered tablecloths, and plants.\nTaste fresh seafood and traditional fast food in Lambros Fish & Chips.\nFor the Mediterranean and Lebanese flavors, head to Maqam Al Sultan and try meze dishes, fresh bread, and seasoned meat.\"\n        }\n      }\n]\n    }\n<\/script><\/p>\n<p><script type=\"application\/ld+json\">\n{\n    \"@context\": \"http:\/\/schema.org\",\n    \"@type\": \"WebPage\",\n    \"name\": \"Larnaca bucket list\",\n    \"description\": \"Larnaca bucket list for a touirst in Cyprus. Most attractive places, sights and restaurants in Larnaca, hotel suggestions and flights radar.\",\n    \"publisher\": {\n        \"@type\": \"WebPage\",\n        \"name\": \"Eurodirections.com\"\n    }\n}\n<\/script><\/p>\n","protected":false},"excerpt":{"rendered":"<p>Larnakas spainis saraksts Kipras izcil\u0101ko piej\u016bras k\u016brortu Larnaku ik gadu apmekl\u0113 miljoniem t\u016bristu, kuri mekl\u0113 perfektas pludmales, Vidusj\u016bras romantiku, labu \u0113dienu un kult\u016bru. Ja esat izv\u0113l\u0113jies Larnaku k\u0101 savu galam\u0113r\u0137i Eirop\u0101, veltiet laiku, lai izbaud\u012btu visus br\u012bnumus, v\u0113sturisk\u0101s vietas, veikalus un daudz ko citu. Lietas, ko nedr\u012bkst palaist gar\u0101m Larnak\u0101 Apmekl\u0113jiet Larnakas popul\u0101r\u0101ko un vissvar\u012bg\u0101ko [&hellip;]<\/p>\n","protected":false},"author":1,"featured_media":10899,"parent":0,"menu_order":0,"comment_status":"closed","ping_status":"closed","template":"","meta":{"footnotes":""},"class_list":["post-12699","page","type-page","status-publish","has-post-thumbnail","hentry"],"_links":{"self":[{"href":"https:\/\/eurodirections.com\/lv\/wp-json\/wp\/v2\/pages\/12699","targetHints":{"allow":["GET"]}}],"collection":[{"href":"https:\/\/eurodirections.com\/lv\/wp-json\/wp\/v2\/pages"}],"about":[{"href":"https:\/\/eurodirections.com\/lv\/wp-json\/wp\/v2\/types\/page"}],"author":[{"embeddable":true,"href":"https:\/\/eurodirections.com\/lv\/wp-json\/wp\/v2\/users\/1"}],"replies":[{"embeddable":true,"href":"https:\/\/eurodirections.com\/lv\/wp-json\/wp\/v2\/comments?post=12699"}],"version-history":[{"count":0,"href":"https:\/\/eurodirections.com\/lv\/wp-json\/wp\/v2\/pages\/12699\/revisions"}],"wp:featuredmedia":[{"embeddable":true,"href":"https:\/\/eurodirections.com\/lv\/wp-json\/wp\/v2\/media\/10899"}],"wp:attachment":[{"href":"https:\/\/eurodirections.com\/lv\/wp-json\/wp\/v2\/media?parent=12699"}],"curies":[{"name":"wp","href":"https:\/\/api.w.org\/{rel}","templated":true}]}}