{"id":11827,"date":"2023-01-16T21:06:10","date_gmt":"2023-01-16T21:06:10","guid":{"rendered":"https:\/\/eurodirections.com\/letu-lidojumu-kalendars\/"},"modified":"2023-01-16T21:06:10","modified_gmt":"2023-01-16T21:06:10","slug":"letu-lidojumu-kalendars","status":"publish","type":"page","link":"https:\/\/eurodirections.com\/lv\/letu-lidojumu-kalendars\/","title":{"rendered":"L\u0113tu lidojumu kalend\u0101rs"},"content":{"rendered":"<div id=\"ez-toc-container\" class=\"ez-toc-v2_0_82_2 counter-hierarchy ez-toc-counter ez-toc-grey ez-toc-container-direction\">\n<div class=\"ez-toc-title-container\">\n<p class=\"ez-toc-title\" style=\"cursor:inherit\">Table of Contents<\/p>\n<span class=\"ez-toc-title-toggle\"><a href=\"#\" class=\"ez-toc-pull-right ez-toc-btn ez-toc-btn-xs ez-toc-btn-default ez-toc-toggle\" aria-label=\"Toggle Table of Content\"><span class=\"ez-toc-js-icon-con\"><span class=\"\"><span class=\"eztoc-hide\" style=\"display:none;\">Toggle<\/span><span class=\"ez-toc-icon-toggle-span\"><svg style=\"fill: #999;color:#999\" xmlns=\"http:\/\/www.w3.org\/2000\/svg\" class=\"list-377408\" width=\"20px\" height=\"20px\" viewBox=\"0 0 24 24\" fill=\"none\"><path d=\"M6 6H4v2h2V6zm14 0H8v2h12V6zM4 11h2v2H4v-2zm16 0H8v2h12v-2zM4 16h2v2H4v-2zm16 0H8v2h12v-2z\" fill=\"currentColor\"><\/path><\/svg><svg style=\"fill: #999;color:#999\" class=\"arrow-unsorted-368013\" xmlns=\"http:\/\/www.w3.org\/2000\/svg\" width=\"10px\" height=\"10px\" viewBox=\"0 0 24 24\" version=\"1.2\" baseProfile=\"tiny\"><path d=\"M18.2 9.3l-6.2-6.3-6.2 6.3c-.2.2-.3.4-.3.7s.1.5.3.7c.2.2.4.3.7.3h11c.3 0 .5-.1.7-.3.2-.2.3-.5.3-.7s-.1-.5-.3-.7zM5.8 14.7l6.2 6.3 6.2-6.3c.2-.2.3-.5.3-.7s-.1-.5-.3-.7c-.2-.2-.4-.3-.7-.3h-11c-.3 0-.5.1-.7.3-.2.2-.3.5-.3.7s.1.5.3.7z\"\/><\/svg><\/span><\/span><\/span><\/a><\/span><\/div>\n<nav><ul class='ez-toc-list ez-toc-list-level-1 eztoc-toggle-hide-by-default' ><li class='ez-toc-page-1 ez-toc-heading-level-2'><a class=\"ez-toc-link ez-toc-heading-1\" href=\"https:\/\/eurodirections.com\/lv\/letu-lidojumu-kalendars\/#Letu-lidojumu-kalendars\" >L\u0113tu lidojumu kalend\u0101rs<\/a><ul class='ez-toc-list-level-3' ><li class='ez-toc-heading-level-3'><a class=\"ez-toc-link ez-toc-heading-2\" href=\"https:\/\/eurodirections.com\/lv\/letu-lidojumu-kalendars\/#%F0%9F%93%85-Ka-izmantot-leto-lidojumu-kalendaru\" >\ud83d\udcc5 K\u0101 izmantot l\u0113to lidojumu kalend\u0101ru?<\/a><\/li><li class='ez-toc-page-1 ez-toc-heading-level-3'><a class=\"ez-toc-link ez-toc-heading-3\" href=\"https:\/\/eurodirections.com\/lv\/letu-lidojumu-kalendars\/#%F0%9F%A7%B3-Letu-lidojumu-kalendara-izmantosanas-prieksrocibas\" >\ud83e\uddf3 L\u0113tu lidojumu kalend\u0101ra izmanto\u0161anas priek\u0161roc\u012bbas<\/a><\/li><\/ul><\/li><li class='ez-toc-page-1 ez-toc-heading-level-2'><a class=\"ez-toc-link ez-toc-heading-4\" href=\"https:\/\/eurodirections.com\/lv\/letu-lidojumu-kalendars\/#Letu-lidojumu-kalendara-izmantosanas-piemers\" >L\u0113tu lidojumu kalend\u0101ra izmanto\u0161anas piem\u0113rs<\/a><\/li><\/ul><\/nav><\/div>\n<p>M\u016bsu l\u0113to lidojumu kalend\u0101rs ir jaud\u012bgs <strong>ce\u013cojumu pl\u0101no\u0161anas<\/strong> r\u012bks, kas pal\u012bdz <strong>lietot\u0101jiem sal\u012bdzin\u0101t un izv\u0113l\u0113ties lab\u0101ko<\/strong> datumu lidojumam uz konkr\u0113tu galam\u0113r\u0137i no jebkuras vietas pasaul\u0113. Kalend\u0101rs \u013cauj lietot\u0101jiem <strong>viegli mekl\u0113t un sal\u012bdzin\u0101t lidojumus<\/strong> no vis\u0101m aviokomp\u0101nij\u0101m, ce\u013cojumu a\u0123ent\u016br\u0101m un rezerv\u0113\u0161anas sist\u0113m\u0101m, k\u0101 ar\u012b <strong>noteikt izmaksu zi\u0146\u0101 visizdev\u012bg\u0101kos<\/strong> ce\u013cojuma datumus.<\/p>\n<h2><span class=\"ez-toc-section\" id=\"Letu-lidojumu-kalendars\"><\/span>L\u0113tu lidojumu kalend\u0101rs<span class=\"ez-toc-section-end\"><\/span><\/h2>\n<p><script src=\"\/\/tp.media\/content?currency=eur&amp;promo_id=4041&amp;shmarker=14350&amp;campaign_id=100&amp;trs=147545&amp;searchUrl=air.eurodirections.com%2Fflights&amp;locale=en_us&amp;powered_by=false&amp;one_way=true&amp;only_direct=false&amp;period=year&amp;range=1%2C30&amp;primary=%23172940&amp;color_background=%23FFFFFF&amp;achieve=%230F5ABD&amp;dark=%23000000&amp;light=%23FFFFFF&amp;destination=LON\" charset=\"utf-8\"><span data-mce-type=\"bookmark\" style=\"display: inline-block; width: 0px; overflow: hidden; line-height: 0;\" class=\"mce_SELRES_start\">\ufeff<\/span><span data-mce-type=\"bookmark\" style=\"display: inline-block; width: 0px; overflow: hidden; line-height: 0;\" class=\"mce_SELRES_start\">\ufeff<\/span><span data-mce-type=\"bookmark\" style=\"display: inline-block; width: 0px; overflow: hidden; line-height: 0;\" class=\"mce_SELRES_start\">\ufeff<\/span><span data-mce-type=\"bookmark\" style=\"display: inline-block; width: 0px; overflow: hidden; line-height: 0;\" class=\"mce_SELRES_start\">\ufeff<\/span><span data-mce-type=\"bookmark\" style=\"display: inline-block; width: 0px; overflow: hidden; line-height: 0;\" class=\"mce_SELRES_start\">\ufeff<\/span><\/script><\/p>\n<h3><span class=\"ez-toc-section\" id=\"%F0%9F%93%85-Ka-izmantot-leto-lidojumu-kalendaru\"><\/span>\ud83d\udcc5 K\u0101 izmantot l\u0113to lidojumu kalend\u0101ru?<span class=\"ez-toc-section-end\"><\/span><\/h3>\n<ol>\n<li>Kalend\u0101ra aug\u0161\u0113j\u0101 kreisaj\u0101 pus\u0113 atlasiet savu atra\u0161an\u0101s vietu<\/li>\n<li>Skatiet katra m\u0113ne\u0161a l\u0113t\u0101ko cenu lidojumam no j\u016bsu atra\u0161an\u0101s vietas<\/li>\n<li>Noklik\u0161\u0137iniet uz jebkura m\u0113ne\u0161a loga, lai redz\u0113tu prec\u012bzu visizdev\u012bg\u0101k\u0101 lidojuma datumu<\/li>\n<li>Varat noklik\u0161\u0137in\u0101t uz datuma loga, lai redz\u0113tu inform\u0101ciju par lidojumu<\/li>\n<li>Noklik\u0161\u0137iniet uz lidojuma inform\u0101cijas pogas, lai redz\u0113tu visus lidojuma noteikumus vai rezerv\u0113tu aviobi\u013ceti<\/li>\n<li>Varat izmantot iestat\u012bjumu kalend\u0101ra aug\u0161\u0113j\u0101 kreisaj\u0101 pus\u0113, lai main\u012btu lidojuma veidu (vienvirziena vai divvirzienu)<\/li>\n<\/ol>\n<p>Izmantojot l\u0113tu lidojumu kalend\u0101ru, lietot\u0101ji var viegli sal\u012bdzin\u0101t <strong>bi\u013ce\u0161u cenas<\/strong> un pl\u0101not un organiz\u0113t savu ce\u013cojumu uz jebkuru vietu pasaul\u0113. Neatkar\u012bgi no t\u0101, vai pl\u0101nojat dar\u012bjumu braucienu vai br\u012bvdienas pludmal\u0113, m\u016bsu lidojumu kalend\u0101rs ir ide\u0101ls r\u012bks, kas pal\u012bdz\u0113s <strong>atrast lab\u0101ko aviobi\u013ce\u0161u pied\u0101v\u0101jumu.<\/strong><\/p>\n<h3><span class=\"ez-toc-section\" id=\"%F0%9F%A7%B3-Letu-lidojumu-kalendara-izmantosanas-prieksrocibas\"><\/span>\ud83e\uddf3 L\u0113tu lidojumu kalend\u0101ra izmanto\u0161anas priek\u0161roc\u012bbas<span class=\"ez-toc-section-end\"><\/span><\/h3>\n<ul>\n<li>Sal\u012bdzin\u0101t cenas: lidojumu kalend\u0101rs \u013cauj lietot\u0101jiem viegli sal\u012bdzin\u0101t cenas no da\u017e\u0101d\u0101m aviokomp\u0101nij\u0101m, ce\u013cojumu a\u0123ent\u016br\u0101m un rezerv\u0113\u0161anas sist\u0113m\u0101m, pal\u012bdzot vi\u0146iem atrast lab\u0101ko aviobi\u013ce\u0161u pied\u0101v\u0101jumu.<\/li>\n<li>Atrodiet lab\u0101kos lidojumu datumus: kalend\u0101rs \u013cauj lietot\u0101jiem mekl\u0113t lidojumus da\u017e\u0101dos datumos, pal\u012bdzot vi\u0146iem noteikt visrentabl\u0101kos ce\u013cojuma datumus.<\/li>\n<li>\u0112rts lietot\u0101ja interfeiss: Kalend\u0101rs ir \u0113rti lietojams un \u013cauj lietot\u0101jiem pl\u0101not un organiz\u0113t savu ce\u013cojumu vien\u0101 \u0113rt\u0101 viet\u0101.<\/li>\n<li>Ietaupiet laiku: kalend\u0101rs nov\u0113r\u0161 nepiecie\u0161am\u012bbu mekl\u0113t vair\u0101k\u0101s vietn\u0113s, lai atrastu lab\u0101ko aviobi\u013cetes pied\u0101v\u0101jumu, ietaupot laiku un p\u016bles.<\/li>\n<li>Ieg\u016bstiet lab\u0101ko pied\u0101v\u0101jumu: kalend\u0101rs pal\u012bdz lietot\u0101jiem atrast l\u0113t\u0101ko lidojumu un ieg\u016bt lab\u0101ko pied\u0101v\u0101jumu par savu naudu.<\/li>\n<li>Nav nepiecie\u0161ams veikt vair\u0101kus mekl\u0113jumus: kalend\u0101rs par\u0101da visu aviokomp\u0101niju cenas un visus m\u0113ne\u0161a datumus vienuviet, nav nepiecie\u0161ams mekl\u0113t vair\u0101k\u0101s vietn\u0113s.<\/li>\n<li>Atrodiet lab\u0101ko lidojumu grafiku: kalend\u0101r\u0101 ir redzami lidojumu grafiki, lai j\u016bs var\u0113tu izv\u0113l\u0113ties sav\u0101m vajadz\u012bb\u0101m vispiem\u0113rot\u0101ko.<\/li>\n<\/ul>\n<h2><span class=\"ez-toc-section\" id=\"Letu-lidojumu-kalendara-izmantosanas-piemers\"><\/span>L\u0113tu lidojumu kalend\u0101ra izmanto\u0161anas piem\u0113rs<span class=\"ez-toc-section-end\"><\/span><\/h2>\n<p>L\u0113to lidojumu kalend\u0101ra izmanto\u0161ana ir vienk\u0101r\u0161a. Pie\u0146emsim, ka pl\u0101nojat ce\u013cojumu no \u0145ujorkas uz Londonu. \u0160is ir piem\u0113rs tam, k\u0101 varat izmantot kalend\u0101ru, lai atrastu lab\u0101ko aviobi\u013ce\u0161u pied\u0101v\u0101jumu:  <\/p>\n<figure id=\"attachment_10403\" aria-describedby=\"caption-attachment-10403\" style=\"width: 846px\" class=\"wp-caption alignnone\"><a href=\"https:\/\/eurodirections.com\/calendar\/cheap-flight-calendar-settings-screenshot\/\" rel=\"attachment wp-att-10403\"><img fetchpriority=\"high\" decoding=\"async\" class=\"size-full wp-image-10403\" src=\"https:\/\/eurodirections.com\/wp-content\/uploads\/2023\/01\/cheap-flight-calendar-settings-screenshot.jpg\" alt=\"Izmantojot l\u0113tu lidojumu kalend\u0101ru vietn\u0113 eurodirections.com\" width=\"846\" height=\"797\" srcset=\"https:\/\/eurodirections.com\/wp-content\/uploads\/2023\/01\/cheap-flight-calendar-settings-screenshot.jpg 846w, https:\/\/eurodirections.com\/wp-content\/uploads\/2023\/01\/cheap-flight-calendar-settings-screenshot-300x283.jpg 300w, https:\/\/eurodirections.com\/wp-content\/uploads\/2023\/01\/cheap-flight-calendar-settings-screenshot-768x724.jpg 768w\" sizes=\"(max-width: 846px) 100vw, 846px\" \/><\/a><figcaption id=\"caption-attachment-10403\" class=\"wp-caption-text\">Screenshot. Izmantojot l\u0113to lidojumu kalend\u0101ru un uzst\u0101dot lidojuma parametrus vietn\u0113 eurodirections.com<\/figcaption><\/figure>\n<ol>\n<li>Apmekl\u0113jiet vietni eurodirections.com un atlasiet opciju &#8220;Lidojuma kalend\u0101rs&#8221;.<\/li>\n<li>Noklik\u0161\u0137iniet uz ikonas Iestat\u012bjumi un lauk\u0101 &#8220;No&#8221; ievadiet &#8220;New York City&#8221; un lauk\u0101 &#8220;Kam&#8221; ievadiet &#8220;London&#8221;.<\/li>\n<li>Izv\u0113lieties v\u0113lamo ce\u013cojuma iesp\u0113ju: vienvirziena vai divvirzienu.<\/li>\n<li>Izv\u0113loties opciju \u201cDivvirzienu\u201d, jums tiks pied\u0101v\u0101ts iestat\u012bt ce\u013cojuma ilgumu.<\/li>\n<li>J\u016bs varat izv\u0113l\u0113ties kalend\u0101r\u0101 skat\u012bt tikai tie\u0161o lidojumu cenas, noklik\u0161\u0137inot uz izv\u0113les r\u016bti\u0146as &#8220;Tie\u0161ie lidojumi&#8221;.<\/li>\n<li>Kalend\u0101r\u0101 m\u0113ne\u0161a logos tiks par\u0101d\u012bti visi pieejamie lidojumi no \u0145ujorkas uz Londonu. L\u0113t\u0101kais m\u0113nesis tiks izcelts.<\/li>\n<li>Vienk\u0101r\u0161i noklik\u0161\u0137inot uz m\u0113ne\u0161a, j\u016bs redz\u0113siet m\u0113ne\u0161a datumus un prec\u012bzu l\u0113t\u0101k\u0101 lidojuma datumu.<\/li>\n<li>Noklik\u0161\u0137inot uz datuma, tiks atv\u0113rta mekl\u0113\u0161anas rezult\u0101tu lapa ar pilnu inform\u0101ciju par lidojumu.<\/li>\n<li>Varat k\u0101rtot lidojumus p\u0113c cenas, grafika un aviokomp\u0101nij\u0101m.<\/li>\n<li>Sal\u012bdziniet da\u017e\u0101du lidojumu cenas un izv\u0113lieties to, kas vislab\u0101k atbilst j\u016bsu bud\u017eetam un grafikam.<\/li>\n<li>Kad esat atradis lab\u0101ko pied\u0101v\u0101jumu, varat turpin\u0101t rezerv\u0113t lidojumu no rezerv\u0113\u0161anas sist\u0113mas, kas nodro\u0161ina aviobi\u013ceti.<\/li>\n<\/ol>\n<p>\u0160eit varat skat\u012bt l\u0113tu lidojumu kalend\u0101ru ar lab\u0101kaj\u0101m cen\u0101m \u0161\u0101diem lidojumu mar\u0161rutiem: <a href=\"https:\/\/eurodirections.com\/berlin-tirana-flights-timetable\/\">Berl\u012bne-Tir\u0101na<\/a>, <a href=\"https:\/\/eurodirections.com\/fly-to-porto-portugal\/\">Lidojumi uz Porto<\/a>, lidojumi <a href=\"https:\/\/eurodirections.com\/paris-bangalore\/\">Par\u012bze-Bangalora<\/a> un <a href=\"https:\/\/eurodirections.com\/in\/flights\/\">daudzi citi lidojumu virzieni \u0161eit<\/a>.<\/p>\n<p>M\u016bsu kalend\u0101rs tiek <strong>past\u0101v\u012bgi atjaunin\u0101ts ar jaun\u0101kaj\u0101m<\/strong> cen\u0101m un lidojumu grafikiem, lai j\u016bs var\u0113tu b\u016bt p\u0101rliecin\u0101ti, ka sa\u0146emat jaun\u0101ko inform\u0101ciju. M\u0113s ceram, ka var\u0113siet efekt\u012bvi izmantot m\u016bsu l\u0113to lidojumu kalend\u0101ru un atrast perfektu lidojumu savam ce\u013cojumam uz jebkuru galam\u0113r\u0137i. Priec\u012bgus ce\u013cojumus!<\/p>\n","protected":false},"excerpt":{"rendered":"<p>M\u016bsu l\u0113to lidojumu kalend\u0101rs ir jaud\u012bgs ce\u013cojumu pl\u0101no\u0161anas r\u012bks, kas pal\u012bdz lietot\u0101jiem sal\u012bdzin\u0101t un izv\u0113l\u0113ties lab\u0101ko datumu lidojumam uz konkr\u0113tu galam\u0113r\u0137i no jebkuras vietas pasaul\u0113. Kalend\u0101rs \u013cauj lietot\u0101jiem viegli mekl\u0113t un sal\u012bdzin\u0101t lidojumus no vis\u0101m aviokomp\u0101nij\u0101m, ce\u013cojumu a\u0123ent\u016br\u0101m un rezerv\u0113\u0161anas sist\u0113m\u0101m, k\u0101 ar\u012b noteikt izmaksu zi\u0146\u0101 visizdev\u012bg\u0101kos ce\u013cojuma datumus. L\u0113tu lidojumu kalend\u0101rs \ud83d\udcc5 K\u0101 izmantot [&hellip;]<\/p>\n","protected":false},"author":1,"featured_media":29098,"parent":0,"menu_order":0,"comment_status":"closed","ping_status":"closed","template":"","meta":{"footnotes":""},"class_list":["post-11827","page","type-page","status-publish","has-post-thumbnail","hentry"],"_links":{"self":[{"href":"https:\/\/eurodirections.com\/lv\/wp-json\/wp\/v2\/pages\/11827","targetHints":{"allow":["GET"]}}],"collection":[{"href":"https:\/\/eurodirections.com\/lv\/wp-json\/wp\/v2\/pages"}],"about":[{"href":"https:\/\/eurodirections.com\/lv\/wp-json\/wp\/v2\/types\/page"}],"author":[{"embeddable":true,"href":"https:\/\/eurodirections.com\/lv\/wp-json\/wp\/v2\/users\/1"}],"replies":[{"embeddable":true,"href":"https:\/\/eurodirections.com\/lv\/wp-json\/wp\/v2\/comments?post=11827"}],"version-history":[{"count":0,"href":"https:\/\/eurodirections.com\/lv\/wp-json\/wp\/v2\/pages\/11827\/revisions"}],"wp:featuredmedia":[{"embeddable":true,"href":"https:\/\/eurodirections.com\/lv\/wp-json\/wp\/v2\/media\/29098"}],"wp:attachment":[{"href":"https:\/\/eurodirections.com\/lv\/wp-json\/wp\/v2\/media?parent=11827"}],"curies":[{"name":"wp","href":"https:\/\/api.w.org\/{rel}","templated":true}]}}