{"id":26224,"date":"2022-04-07T11:57:20","date_gmt":"2022-04-07T11:57:20","guid":{"rendered":"https:\/\/eurodirections.com\/esplorare-malaga-%e2%88%99-guida-per-i-visitatori\/"},"modified":"2023-05-29T10:57:49","modified_gmt":"2023-05-29T10:57:49","slug":"esplorare-malaga","status":"publish","type":"page","link":"https:\/\/eurodirections.com\/it\/esplorare-malaga\/","title":{"rendered":"Esplorare Malaga \u2219 guida per i visitatori"},"content":{"rendered":"<div id=\"ez-toc-container\" class=\"ez-toc-v2_0_82_2 counter-hierarchy ez-toc-counter ez-toc-grey ez-toc-container-direction\">\n<div class=\"ez-toc-title-container\">\n<p class=\"ez-toc-title\" style=\"cursor:inherit\">Table of Contents<\/p>\n<span class=\"ez-toc-title-toggle\"><a href=\"#\" class=\"ez-toc-pull-right ez-toc-btn ez-toc-btn-xs ez-toc-btn-default ez-toc-toggle\" aria-label=\"Toggle Table of Content\"><span class=\"ez-toc-js-icon-con\"><span class=\"\"><span class=\"eztoc-hide\" style=\"display:none;\">Toggle<\/span><span class=\"ez-toc-icon-toggle-span\"><svg style=\"fill: #999;color:#999\" xmlns=\"http:\/\/www.w3.org\/2000\/svg\" class=\"list-377408\" width=\"20px\" height=\"20px\" viewBox=\"0 0 24 24\" fill=\"none\"><path d=\"M6 6H4v2h2V6zm14 0H8v2h12V6zM4 11h2v2H4v-2zm16 0H8v2h12v-2zM4 16h2v2H4v-2zm16 0H8v2h12v-2z\" fill=\"currentColor\"><\/path><\/svg><svg style=\"fill: #999;color:#999\" class=\"arrow-unsorted-368013\" xmlns=\"http:\/\/www.w3.org\/2000\/svg\" width=\"10px\" height=\"10px\" viewBox=\"0 0 24 24\" version=\"1.2\" baseProfile=\"tiny\"><path d=\"M18.2 9.3l-6.2-6.3-6.2 6.3c-.2.2-.3.4-.3.7s.1.5.3.7c.2.2.4.3.7.3h11c.3 0 .5-.1.7-.3.2-.2.3-.5.3-.7s-.1-.5-.3-.7zM5.8 14.7l6.2 6.3 6.2-6.3c.2-.2.3-.5.3-.7s-.1-.5-.3-.7c-.2-.2-.4-.3-.7-.3h-11c-.3 0-.5.1-.7.3-.2.2-.3.5-.3.7s.1.5.3.7z\"\/><\/svg><\/span><\/span><\/span><\/a><\/span><\/div>\n<nav><ul class='ez-toc-list ez-toc-list-level-1 eztoc-toggle-hide-by-default' ><li class='ez-toc-page-1 ez-toc-heading-level-2'><a class=\"ez-toc-link ez-toc-heading-1\" href=\"https:\/\/eurodirections.com\/it\/esplorare-malaga\/#Esploratore-di-Malaga-destinazioni-da-non-perdere\" >Esploratore di Malaga: destinazioni da non perdere<\/a><ul class='ez-toc-list-level-3' ><li class='ez-toc-heading-level-3'><a class=\"ez-toc-link ez-toc-heading-2\" href=\"https:\/\/eurodirections.com\/it\/esplorare-malaga\/#Cose-da-non-perdere-a-Malaga\" >Cose da non perdere a Malaga<\/a><\/li><li class='ez-toc-page-1 ez-toc-heading-level-3'><a class=\"ez-toc-link ez-toc-heading-3\" href=\"https:\/\/eurodirections.com\/it\/esplorare-malaga\/#Mangiare-come-un-locale-a-Malaga\" >Mangiare come un locale a Malaga<\/a><\/li><li class='ez-toc-page-1 ez-toc-heading-level-3'><a class=\"ez-toc-link ez-toc-heading-4\" href=\"https:\/\/eurodirections.com\/it\/esplorare-malaga\/#Dove-alloggiare-a-Malaga\" >Dove alloggiare a Malaga<\/a><\/li><li class='ez-toc-page-1 ez-toc-heading-level-3'><a class=\"ez-toc-link ez-toc-heading-5\" href=\"https:\/\/eurodirections.com\/it\/esplorare-malaga\/#Mappa-degli-hotel-di-Malaga-con-prezzi\" >Mappa degli hotel di Malaga con prezzi<\/a><\/li><li class='ez-toc-page-1 ez-toc-heading-level-3'><a class=\"ez-toc-link ez-toc-heading-6\" href=\"https:\/\/eurodirections.com\/it\/esplorare-malaga\/#Voli-popolari-per-Malaga\" >Voli popolari per Malaga<\/a><\/li><\/ul><\/li><\/ul><\/nav><\/div>\n<h2><span class=\"ez-toc-section\" id=\"Esploratore-di-Malaga-destinazioni-da-non-perdere\"><\/span><b>Esploratore di Malaga: destinazioni da non perdere<\/b><span class=\"ez-toc-section-end\"><\/span><\/h2>\n<p><span style=\"font-weight: 400;\">Una delle citt\u00e0 pi\u00f9 antiche del mondo e il porto pi\u00f9 trafficato del Mediterraneo, Malaga attrae i turisti non solo con le sue spiagge perfette, ma anche con la sua ricca architettura, le sue attrazioni storiche, la sua cucina gustosa e i suoi hotel di lusso per un soggiorno indimenticabile. Con 300 giorni di sole, Malaga \u00e8 la vostra prossima destinazione per una vacanza.<\/span><\/p>\n<h3><span class=\"ez-toc-section\" id=\"Cose-da-non-perdere-a-Malaga\"><\/span><b>Cose da non perdere a Malaga<\/b><span class=\"ez-toc-section-end\"><\/span><\/h3>\n<ul>\n<li style=\"font-weight: 400;\" aria-level=\"1\"><span style=\"font-weight: 400;\">Visitate un palazzo Alcabaza dell&#8217;XI secolo con cortigiani, giardini, patii e fontane ben conservati.<\/span><\/li>\n<li style=\"font-weight: 400;\" aria-level=\"1\"><span style=\"font-weight: 400;\">Percorrete il Caminito del Rey, un&#8217;escursione di 7,7 km che attraversa spettacolari sentieri di cresta, ponti e ripide scogliere.<\/span><\/li>\n<li style=\"font-weight: 400;\" aria-level=\"1\"><span style=\"font-weight: 400;\">Immergetevi nella tranquillit\u00e0 dei bagni arabi Hammam Al \u00c1ndalus M\u00e1laga e non dimenticate di bere un rinfrescante t\u00e8 alla menta.<\/span><\/li>\n<li style=\"font-weight: 400;\" aria-level=\"1\"><span style=\"font-weight: 400;\">Passeggiate nel quartiere di Soho per trovare arte di strada unica, il Centro d&#8217;Arte Contemporanea di Malaga e negozi di artigianato. <\/span><\/li>\n<li style=\"font-weight: 400;\" aria-level=\"1\"><span style=\"font-weight: 400;\">Vedere due cose uniche alla volta facendo escursioni al fiume Ch\u00edllar e alle Grotte di Nerja.<\/span><\/li>\n<li style=\"font-weight: 400;\" aria-level=\"1\"><span style=\"font-weight: 400;\">Godetevi una giornata in una delle spiagge di Malaga con sabbia bianca, acqua pura e zone per picnic. <\/span><\/li>\n<\/ul>\n<h3><span class=\"ez-toc-section\" id=\"Mangiare-come-un-locale-a-Malaga\"><\/span><b>Mangiare come un locale a Malaga<\/b><span class=\"ez-toc-section-end\"><\/span><\/h3>\n<ul>\n<li style=\"font-weight: 400;\" aria-level=\"1\"><span style=\"font-weight: 400;\">Iniziate la vostra giornata al Byoko con una colazione da sogno che vi piacerebbe fotografare.<\/span><\/li>\n<li style=\"font-weight: 400;\" aria-level=\"1\"><span style=\"font-weight: 400;\">Cenate con un&#8217;autentica cena spagnola a base di risotto all&#8217;aragosta e avocado con capesante nel ristorante Do\u00f1a In\u00e9s. <\/span><\/li>\n<li style=\"font-weight: 400;\" aria-level=\"1\"><span style=\"font-weight: 400;\">Trovate le migliori tapas di Malaga a Casa Lola, un locale carino e accogliente nel centro di Malaga.<\/span><\/li>\n<li style=\"font-weight: 400;\" aria-level=\"1\"><span style=\"font-weight: 400;\">Assaggiate il miglior gelato a Casa Mira Andr\u00e9s P\u00e9rez con la pi\u00f9 ampia scelta di gusti: trufa montada, nata montada, malaga e turr\u00f3n. <\/span><\/li>\n<li style=\"font-weight: 400;\" aria-level=\"1\"><span style=\"font-weight: 400;\">Per mangiare in modo veloce, economico e super gustoso, segnate la Cervezeria 100 Montaditos nella vostra lista dei &#8220;must&#8221;.<\/span><\/li>\n<li style=\"font-weight: 400;\" aria-level=\"1\"><span style=\"font-weight: 400;\">Se siete vegetariani, vi piacer\u00e0 il Vegetarian El Calafate con un pasto vegetariano a prezzo fisso.<\/span><\/li>\n<\/ul>\n<h3><span class=\"ez-toc-section\" id=\"Dove-alloggiare-a-Malaga\"><\/span><b>Dove alloggiare a Malaga<\/b><span class=\"ez-toc-section-end\"><\/span><\/h3>\n<ul>\n<li style=\"font-weight: 400;\" aria-level=\"1\"><span style=\"font-weight: 400;\">Con la migliore vista su Malaga Soho Boutique, l&#8217;hotel 5 stelle Castillo de Santa Catalina \u00e8 la scelta migliore per un soggiorno di lusso. <\/span><\/li>\n<li style=\"font-weight: 400;\" aria-level=\"1\"><span style=\"font-weight: 400;\">Per un prezzo leggermente pi\u00f9 basso, ma con pi\u00f9 comfort e interni eleganti, date un&#8217;occhiata al Palacio Solecio, uno Small Luxury Hotel 4 stelle nel mondo, per trascorrere una vacanza indimenticabile.<\/span><\/li>\n<li style=\"font-weight: 400;\" aria-level=\"1\"><span style=\"font-weight: 400;\">Se volete risparmiare sull&#8217;alloggio, scegliete l&#8217;Hotel Malaga Picasso, un 3 stelle con camere pulitissime e un bel giardino. <\/span><\/li>\n<li style=\"font-weight: 400;\" aria-level=\"1\"><span style=\"font-weight: 400;\">Potete comunque godervi il vostro soggiorno a Malaga con un budget limitato se scegliete il TOC Hostel Malagam, un luogo popolare nel centro storico. <\/span><\/li>\n<li style=\"font-weight: 400;\" aria-level=\"1\"><span style=\"font-weight: 400;\">Trasformate il vostro tour di Malaga nel ricordo pi\u00f9 luminoso, trascorrendo almeno un giorno al Vincci Selecci\u00f3n Aleysa, Hotel Boutique &amp; Spa sulla spiaggia di Benalm\u00e1dena.<\/span><\/li>\n<\/ul>\n<h3><span class=\"ez-toc-section\" id=\"Mappa-degli-hotel-di-Malaga-con-prezzi\"><\/span>Mappa degli hotel di Malaga con prezzi<span class=\"ez-toc-section-end\"><\/span><\/h3>\n<p><script src=\"\/\/tp.media\/content?0=0&amp;1=10&amp;promo_id=4285&amp;shmarker=14350&amp;campaign_id=101&amp;search_host=air.eurodirections.com%2Fhotels&amp;locale=it&amp;currency=eur&amp;draggable=true&amp;disable_zoom=false&amp;show_logo=false&amp;scrollwheel=false&amp;color=%230759B0&amp;contrast_color=%23ffffff&amp;width=720&amp;height=500&amp;zoom=13&amp;radius=60&amp;stars=0%2C1%2C2%2C3%2C4%2C5&amp;price_from=&amp;price_to=&amp;lat=36.72016&amp;lng=-4.42034\" charset=\"utf-8\"><\/script><\/p>\n<h3><span class=\"ez-toc-section\" id=\"Voli-popolari-per-Malaga\"><\/span>Voli popolari per Malaga<span class=\"ez-toc-section-end\"><\/span><\/h3>\n<p><script src=\"https:\/\/tp.media\/content?trs=147545&amp;shmarker=14350&amp;destination=AGP&amp;target_host=air.eurodirections.com%2Fflights&amp;locale=it&amp;currency=eur&amp;limit=10&amp;powered_by=false&amp;primary=%230085FF&amp;promo_id=4044&amp;campaign_id=100\" charset=\"utf-8\"><span data-mce-type=\"bookmark\" style=\"display: inline-block; width: 0px; overflow: hidden; line-height: 0;\" class=\"mce_SELRES_start\">\ufeff<\/span><\/script><\/p>\n<p><a title=\"Le migliori citt\u00e0 europee\" href=\"https:\/\/eurodirections.com\/it\/le-migliori-citta-deuropa\/\" data-schema-attribute=\"about\"><br \/>\n<strong>Esplora le migliori citt\u00e0 d&#8217;Europa<\/strong><br \/>\n<\/a> nelle nostre 100 destinazioni europee o <strong>trova il volo dei tuoi sogni al prezzo pi\u00f9 conveniente<\/strong> con il nostro sistema di ricerca biglietti qui sotto.<\/p>\n","protected":false},"excerpt":{"rendered":"<p>Esploratore di Malaga: destinazioni da non perdere Una delle citt\u00e0 pi\u00f9 antiche del mondo e il porto pi\u00f9 trafficato del Mediterraneo, Malaga attrae i turisti non solo con le sue spiagge perfette, ma anche con la sua ricca architettura, le sue attrazioni storiche, la sua cucina gustosa e i suoi hotel di lusso per un [&hellip;]<\/p>\n","protected":false},"author":1,"featured_media":3472,"parent":0,"menu_order":0,"comment_status":"closed","ping_status":"closed","template":"","meta":{"footnotes":""},"class_list":["post-26224","page","type-page","status-publish","has-post-thumbnail","hentry"],"_links":{"self":[{"href":"https:\/\/eurodirections.com\/it\/wp-json\/wp\/v2\/pages\/26224","targetHints":{"allow":["GET"]}}],"collection":[{"href":"https:\/\/eurodirections.com\/it\/wp-json\/wp\/v2\/pages"}],"about":[{"href":"https:\/\/eurodirections.com\/it\/wp-json\/wp\/v2\/types\/page"}],"author":[{"embeddable":true,"href":"https:\/\/eurodirections.com\/it\/wp-json\/wp\/v2\/users\/1"}],"replies":[{"embeddable":true,"href":"https:\/\/eurodirections.com\/it\/wp-json\/wp\/v2\/comments?post=26224"}],"version-history":[{"count":0,"href":"https:\/\/eurodirections.com\/it\/wp-json\/wp\/v2\/pages\/26224\/revisions"}],"wp:featuredmedia":[{"embeddable":true,"href":"https:\/\/eurodirections.com\/it\/wp-json\/wp\/v2\/media\/3472"}],"wp:attachment":[{"href":"https:\/\/eurodirections.com\/it\/wp-json\/wp\/v2\/media?parent=26224"}],"curies":[{"name":"wp","href":"https:\/\/api.w.org\/{rel}","templated":true}]}}