{"id":22687,"date":"2022-04-01T14:27:31","date_gmt":"2022-04-01T14:27:31","guid":{"rendered":"https:\/\/eurodirections.com\/guida-di-viaggio-ed-esploratore-di-amsterdam\/"},"modified":"2023-03-24T13:17:52","modified_gmt":"2023-03-24T13:17:52","slug":"viaggio-amsterdam","status":"publish","type":"page","link":"https:\/\/eurodirections.com\/it\/viaggio-amsterdam\/","title":{"rendered":"Guida di viaggio ed esploratore di Amsterdam"},"content":{"rendered":"<div id=\"ez-toc-container\" class=\"ez-toc-v2_0_82_2 counter-hierarchy ez-toc-counter ez-toc-grey ez-toc-container-direction\">\n<div class=\"ez-toc-title-container\">\n<p class=\"ez-toc-title\" style=\"cursor:inherit\">Table of Contents<\/p>\n<span class=\"ez-toc-title-toggle\"><a href=\"#\" class=\"ez-toc-pull-right ez-toc-btn ez-toc-btn-xs ez-toc-btn-default ez-toc-toggle\" aria-label=\"Toggle Table of Content\"><span class=\"ez-toc-js-icon-con\"><span class=\"\"><span class=\"eztoc-hide\" style=\"display:none;\">Toggle<\/span><span class=\"ez-toc-icon-toggle-span\"><svg style=\"fill: #999;color:#999\" xmlns=\"http:\/\/www.w3.org\/2000\/svg\" class=\"list-377408\" width=\"20px\" height=\"20px\" viewBox=\"0 0 24 24\" fill=\"none\"><path d=\"M6 6H4v2h2V6zm14 0H8v2h12V6zM4 11h2v2H4v-2zm16 0H8v2h12v-2zM4 16h2v2H4v-2zm16 0H8v2h12v-2z\" fill=\"currentColor\"><\/path><\/svg><svg style=\"fill: #999;color:#999\" class=\"arrow-unsorted-368013\" xmlns=\"http:\/\/www.w3.org\/2000\/svg\" width=\"10px\" height=\"10px\" viewBox=\"0 0 24 24\" version=\"1.2\" baseProfile=\"tiny\"><path d=\"M18.2 9.3l-6.2-6.3-6.2 6.3c-.2.2-.3.4-.3.7s.1.5.3.7c.2.2.4.3.7.3h11c.3 0 .5-.1.7-.3.2-.2.3-.5.3-.7s-.1-.5-.3-.7zM5.8 14.7l6.2 6.3 6.2-6.3c.2-.2.3-.5.3-.7s-.1-.5-.3-.7c-.2-.2-.4-.3-.7-.3h-11c-.3 0-.5.1-.7.3-.2.2-.3.5-.3.7s.1.5.3.7z\"\/><\/svg><\/span><\/span><\/span><\/a><\/span><\/div>\n<nav><ul class='ez-toc-list ez-toc-list-level-1 eztoc-toggle-hide-by-default' ><li class='ez-toc-page-1 ez-toc-heading-level-3'><a class=\"ez-toc-link ez-toc-heading-1\" href=\"https:\/\/eurodirections.com\/it\/viaggio-amsterdam\/#Lista-di-viaggio-di-Amsterdam\" >Lista di viaggio di Amsterdam<\/a><\/li><li class='ez-toc-page-1 ez-toc-heading-level-3'><a class=\"ez-toc-link ez-toc-heading-2\" href=\"https:\/\/eurodirections.com\/it\/viaggio-amsterdam\/#Guida-ai-voli-economici-di-Amsterdam\" >Guida ai voli economici di Amsterdam<\/a><\/li><li class='ez-toc-page-1 ez-toc-heading-level-3'><a class=\"ez-toc-link ez-toc-heading-3\" href=\"https:\/\/eurodirections.com\/it\/viaggio-amsterdam\/#Cose-da-non-perdere-ad-Amsterdam\" >Cose da non perdere ad Amsterdam<\/a><\/li><li class='ez-toc-page-1 ez-toc-heading-level-3'><a class=\"ez-toc-link ez-toc-heading-4\" href=\"https:\/\/eurodirections.com\/it\/viaggio-amsterdam\/#Mangiare-come-un-locale-ad-Amsterdam\" >Mangiare come un locale ad Amsterdam<\/a><\/li><li class='ez-toc-page-1 ez-toc-heading-level-3'><a class=\"ez-toc-link ez-toc-heading-5\" href=\"https:\/\/eurodirections.com\/it\/viaggio-amsterdam\/#Dove-alloggiare-ad-Amsterdam\" >Dove alloggiare ad Amsterdam<\/a><\/li><li class='ez-toc-page-1 ez-toc-heading-level-3'><a class=\"ez-toc-link ez-toc-heading-6\" href=\"https:\/\/eurodirections.com\/it\/viaggio-amsterdam\/#Mappa-degli-hotel-di-Amsterdam-con-prezzi-delle-camere\" >Mappa degli hotel di Amsterdam con prezzi delle camere<\/a><\/li><\/ul><\/nav><\/div>\n<h3><span class=\"ez-toc-section\" id=\"Lista-di-viaggio-di-Amsterdam\"><\/span><b>Lista di viaggio di Amsterdam<\/b><span class=\"ez-toc-section-end\"><\/span><\/h3>\n<p><span style=\"font-weight: 400;\">Entrate ad Amsterdam e troverete migliaia di cose da fare e da vedere.<br \/>\nLa citt\u00e0 pi\u00f9 eccitante d&#8217;Europa, con siti ad ogni angolo, fa s\u00ec che la gente torni qui pi\u00f9 e pi\u00f9 volte.<br \/>\nChe siate alla ricerca di un viaggio culturale, di una vita notturna o di un&#8217;attrazione naturale, troverete tutto in un unico luogo. <\/span><\/p>\n<h3><span class=\"ez-toc-section\" id=\"Guida-ai-voli-economici-di-Amsterdam\"><\/span>Guida ai voli economici di Amsterdam<span class=\"ez-toc-section-end\"><\/span><\/h3>\n<p><span style=\"color: #999999;\">Assistente di viaggio per Amsterdam per i viaggiatori che pianificano un viaggio nei Paesi Bassi &#8211; trova voli economici per Amsterdam con l&#8217;aiuto della guida ai biglietti economici:<\/span><\/p>\n<p><script src=\"\/\/tp.media\/content?currency=eur&amp;promo_id=4044&amp;shmarker=14350&amp;campaign_id=100&amp;trs=147545&amp;target_host=air.eurodirections.com%2Fflights&amp;locale=en&amp;limit=12&amp;powered_by=true&amp;secondary=%23FF4000&amp;destination=AMS\" charset=\"utf-8\"><\/script><\/p>\n<h3><span class=\"ez-toc-section\" id=\"Cose-da-non-perdere-ad-Amsterdam\"><\/span><b>Cose da non perdere ad Amsterdam<\/b><span class=\"ez-toc-section-end\"><\/span><\/h3>\n<ul>\n<li style=\"font-weight: 400;\" aria-level=\"1\"><span style=\"font-weight: 400;\">Fate un tour in bicicletta ad Amsterdam, alla scoperta di tutte le gemme nascoste.<\/span><\/li>\n<li style=\"font-weight: 400;\" aria-level=\"1\"><span style=\"font-weight: 400;\">Rilassatevi e godetevi il sole e la natura a Vondelpark, il pi\u00f9 grande parco cittadino.<\/span><\/li>\n<li style=\"font-weight: 400;\" aria-level=\"1\"><span style=\"font-weight: 400;\">Perdetevi nel quartiere Jordaan, centro di storia, cultura e gastronomia.<\/span><\/li>\n<li style=\"font-weight: 400;\" aria-level=\"1\"><span style=\"font-weight: 400;\">Visitate la casa museo di Anna Frank, dove visse per due anni e scrisse un diario che sarebbe diventato un best-seller.<\/span><\/li>\n<li style=\"font-weight: 400;\" aria-level=\"1\"><span style=\"font-weight: 400;\">Trovate la pi\u00f9 grande collezione di dipinti di Van Gogh al Van Gogh Museum.<\/span><\/li>\n<li style=\"font-weight: 400;\" aria-level=\"1\"><span style=\"font-weight: 400;\">Passeggiate di notte a De Negen Straatjes (le Nove Piccole Strade) per esplorare le belle strade e le boutique. <\/span><\/li>\n<\/ul>\n<h3><span class=\"ez-toc-section\" id=\"Mangiare-come-un-locale-ad-Amsterdam\"><\/span><b>Mangiare come un locale ad Amsterdam<\/b><span class=\"ez-toc-section-end\"><\/span><\/h3>\n<ul>\n<li style=\"font-weight: 400;\" aria-level=\"1\"><span style=\"font-weight: 400;\">Cenate da Jansz, un ristorante popolare con una cucina squisita che un tempo era una spezieria.<\/span><\/li>\n<li style=\"font-weight: 400;\" aria-level=\"1\"><span style=\"font-weight: 400;\">Per una cena economica e gustosa, recatevi da Hap-Hmm e ordinate una bistecca di manzo morbida come il burro.<\/span><\/li>\n<li style=\"font-weight: 400;\" aria-level=\"1\"><span style=\"font-weight: 400;\">Per i piatti di pesce, visitate Pesca, il &#8220;teatro del pesce&#8221;, dove vi verr\u00e0 offerto un bicchiere di champagne mentre scegliete un piatto. <\/span><\/li>\n<li style=\"font-weight: 400;\" aria-level=\"1\"><span style=\"font-weight: 400;\">Una bella mattinata nel Breakfast Club con una gustosa colazione e un caff\u00e8 aromatico. <\/span><\/li>\n<li style=\"font-weight: 400;\" aria-level=\"1\"><span style=\"font-weight: 400;\">Fate un giro di bar ad Amsterdam e iniziate da Hiding in the Plain Sight, un bar in stile speakeasy.<\/span><\/li>\n<\/ul>\n<h3><span class=\"ez-toc-section\" id=\"Dove-alloggiare-ad-Amsterdam\"><\/span><b>Dove alloggiare ad Amsterdam<\/b><span class=\"ez-toc-section-end\"><\/span><\/h3>\n<ul>\n<li style=\"font-weight: 400;\" aria-level=\"1\"><span style=\"font-weight: 400;\">L&#8217;<strong>Hotel TwentySeven<\/strong> &#8211; Small Luxury Hotels of the World \u00e8 sicuramente la vostra scelta per godervi Amsterdam nel lusso pi\u00f9 assoluto.<\/span><\/li>\n<li style=\"font-weight: 400;\" aria-level=\"1\"><span style=\"font-weight: 400;\">Trovate un&#8217;inimmaginabile combinazione di colori e texture nell&#8217;<strong>Hotel Esther\u00e9a<\/strong> a 4 stelle.<\/span><\/li>\n<li style=\"font-weight: 400;\" aria-level=\"1\"><span style=\"font-weight: 400;\">L&#8217;<strong>Hotel Aalders<\/strong>, 3 stelle, offre un comfort accessibile, con camere dai colori tenui.<\/span><\/li>\n<li style=\"font-weight: 400;\" aria-level=\"1\"><span style=\"font-weight: 400;\">Scegliete il concetto del <strong>BUNK Hotel Amsterdam<\/strong>, dove il lusso a prezzi accessibili si combina con letti a castello dal design unico. <\/span><\/li>\n<li style=\"font-weight: 400;\" aria-level=\"1\"><span style=\"font-weight: 400;\">Fate una gita di un giorno alla spiaggia di Scheveningen e soggiornate all&#8217;<strong>Hotel Ramada The Hague Scheveningen<\/strong>.<\/span><\/li>\n<\/ul>\n<p><script src=\"https:\/\/www.travelpayouts.com\/chansey\/iframe.js?v=1&amp;marker=14350&amp;host=air.eurodirections.com%2Fhotels&amp;locale=en&amp;currency=eur&amp;nobooking=&amp;powered_by=false&amp;hotel_id=296344\" charset=\"utf-8\" async=\"\"><\/script><\/p>\n<p>\u2014<\/p>\n<h3><span class=\"ez-toc-section\" id=\"Mappa-degli-hotel-di-Amsterdam-con-prezzi-delle-camere\"><\/span>Mappa degli hotel di Amsterdam con prezzi delle camere<span class=\"ez-toc-section-end\"><\/span><\/h3>\n<p><script src=\"\/\/tp.media\/content?0=0&amp;1=10&amp;promo_id=4285&amp;shmarker=14350&amp;campaign_id=101&amp;search_host=air.eurodirections.com%2Fhotels&amp;locale=en&amp;currency=eur&amp;draggable=true&amp;disable_zoom=false&amp;show_logo=false&amp;scrollwheel=false&amp;color=%230759B0&amp;contrast_color=%23ffffff&amp;width=720&amp;height=500&amp;zoom=14&amp;radius=60&amp;stars=0%2C1%2C2%2C3%2C4%2C5&amp;price_from=&amp;price_to=&amp;lat=52.373094&amp;lng=4.892535\" charset=\"utf-8\"><\/script><br \/>\n\u2014<\/p>\n<p>Esplora <strong><br \/>\n<a title=\"Esplorate le migliori citt\u00e0 d'Europa\" href=\"https:\/\/eurodirections.com\/it\/le-migliori-citta-deuropa\/\" target=\"_blank\" rel=\"noopener\" data-schema-attribute=\"about\">le migliori citt\u00e0 d&#8217;Europa qui<\/a><br \/>\n<\/strong> oppure <strong>controllate i prezzi dei voli<\/strong> \u2708 per la vostra prossima destinazione di viaggio:<\/p>\n<p><script src=\"\/\/tp.media\/content?currency=eur&amp;promo_id=7873&amp;shmarker=14350&amp;campaign_id=101&amp;trs=147545&amp;show_hotels=false&amp;locale=en&amp;searchUrl=search.hotellook.com&amp;primary=%23FF6600&amp;secondary=%23FFFFFF&amp;dark=%23262626&amp;light=%23FFFFFF&amp;special=%23C4C4C4&amp;border_radius=5&amp;no_labels=&amp;plain=true&amp;powered_by=false\" charset=\"utf-8\"><\/script><\/p>\n","protected":false},"excerpt":{"rendered":"<p>Lista di viaggio di Amsterdam Entrate ad Amsterdam e troverete migliaia di cose da fare e da vedere. La citt\u00e0 pi\u00f9 eccitante d&#8217;Europa, con siti ad ogni angolo, fa s\u00ec che la gente torni qui pi\u00f9 e pi\u00f9 volte. Che siate alla ricerca di un viaggio culturale, di una vita notturna o di un&#8217;attrazione naturale, [&hellip;]<\/p>\n","protected":false},"author":1,"featured_media":3331,"parent":0,"menu_order":0,"comment_status":"closed","ping_status":"closed","template":"","meta":{"footnotes":""},"class_list":["post-22687","page","type-page","status-publish","has-post-thumbnail","hentry"],"_links":{"self":[{"href":"https:\/\/eurodirections.com\/it\/wp-json\/wp\/v2\/pages\/22687","targetHints":{"allow":["GET"]}}],"collection":[{"href":"https:\/\/eurodirections.com\/it\/wp-json\/wp\/v2\/pages"}],"about":[{"href":"https:\/\/eurodirections.com\/it\/wp-json\/wp\/v2\/types\/page"}],"author":[{"embeddable":true,"href":"https:\/\/eurodirections.com\/it\/wp-json\/wp\/v2\/users\/1"}],"replies":[{"embeddable":true,"href":"https:\/\/eurodirections.com\/it\/wp-json\/wp\/v2\/comments?post=22687"}],"version-history":[{"count":0,"href":"https:\/\/eurodirections.com\/it\/wp-json\/wp\/v2\/pages\/22687\/revisions"}],"wp:featuredmedia":[{"embeddable":true,"href":"https:\/\/eurodirections.com\/it\/wp-json\/wp\/v2\/media\/3331"}],"wp:attachment":[{"href":"https:\/\/eurodirections.com\/it\/wp-json\/wp\/v2\/media?parent=22687"}],"curies":[{"name":"wp","href":"https:\/\/api.w.org\/{rel}","templated":true}]}}