{"id":22638,"date":"2022-04-06T10:11:24","date_gmt":"2022-04-06T10:11:24","guid":{"rendered":"https:\/\/eurodirections.com\/lista-di-viaggio-di-atene\/"},"modified":"2023-03-24T12:18:30","modified_gmt":"2023-03-24T12:18:30","slug":"viaggio-atene","status":"publish","type":"page","link":"https:\/\/eurodirections.com\/it\/viaggio-atene\/","title":{"rendered":"Lista di viaggio di Atene"},"content":{"rendered":"<div id=\"ez-toc-container\" class=\"ez-toc-v2_0_82_2 counter-hierarchy ez-toc-counter ez-toc-grey ez-toc-container-direction\">\n<div class=\"ez-toc-title-container\">\n<p class=\"ez-toc-title\" style=\"cursor:inherit\">Table of Contents<\/p>\n<span class=\"ez-toc-title-toggle\"><a href=\"#\" class=\"ez-toc-pull-right ez-toc-btn ez-toc-btn-xs ez-toc-btn-default ez-toc-toggle\" aria-label=\"Toggle Table of Content\"><span class=\"ez-toc-js-icon-con\"><span class=\"\"><span class=\"eztoc-hide\" style=\"display:none;\">Toggle<\/span><span class=\"ez-toc-icon-toggle-span\"><svg style=\"fill: #999;color:#999\" xmlns=\"http:\/\/www.w3.org\/2000\/svg\" class=\"list-377408\" width=\"20px\" height=\"20px\" viewBox=\"0 0 24 24\" fill=\"none\"><path d=\"M6 6H4v2h2V6zm14 0H8v2h12V6zM4 11h2v2H4v-2zm16 0H8v2h12v-2zM4 16h2v2H4v-2zm16 0H8v2h12v-2z\" fill=\"currentColor\"><\/path><\/svg><svg style=\"fill: #999;color:#999\" class=\"arrow-unsorted-368013\" xmlns=\"http:\/\/www.w3.org\/2000\/svg\" width=\"10px\" height=\"10px\" viewBox=\"0 0 24 24\" version=\"1.2\" baseProfile=\"tiny\"><path d=\"M18.2 9.3l-6.2-6.3-6.2 6.3c-.2.2-.3.4-.3.7s.1.5.3.7c.2.2.4.3.7.3h11c.3 0 .5-.1.7-.3.2-.2.3-.5.3-.7s-.1-.5-.3-.7zM5.8 14.7l6.2 6.3 6.2-6.3c.2-.2.3-.5.3-.7s-.1-.5-.3-.7c-.2-.2-.4-.3-.7-.3h-11c-.3 0-.5.1-.7.3-.2.2-.3.5-.3.7s.1.5.3.7z\"\/><\/svg><\/span><\/span><\/span><\/a><\/span><\/div>\n<nav><ul class='ez-toc-list ez-toc-list-level-1 eztoc-toggle-hide-by-default' ><li class='ez-toc-page-1 ez-toc-heading-level-2'><a class=\"ez-toc-link ez-toc-heading-1\" href=\"https:\/\/eurodirections.com\/it\/viaggio-atene\/#Lista-delle-cose-da-fare-ad-Atene-Guida-di-viaggio\" >Lista delle cose da fare ad Atene | Guida di viaggio<\/a><ul class='ez-toc-list-level-3' ><li class='ez-toc-heading-level-3'><a class=\"ez-toc-link ez-toc-heading-2\" href=\"https:\/\/eurodirections.com\/it\/viaggio-atene\/#Cose-da-non-perdere-ad-Atene\" >Cose da non perdere ad Atene<\/a><\/li><li class='ez-toc-page-1 ez-toc-heading-level-3'><a class=\"ez-toc-link ez-toc-heading-3\" href=\"https:\/\/eurodirections.com\/it\/viaggio-atene\/#Mangiare-come-un-locale-ad-Atene\" >Mangiare come un locale ad Atene<\/a><\/li><li class='ez-toc-page-1 ez-toc-heading-level-3'><a class=\"ez-toc-link ez-toc-heading-4\" href=\"https:\/\/eurodirections.com\/it\/viaggio-atene\/#Dove-dormire-ad-Atene\" >Dove dormire ad Atene<\/a><\/li><li class='ez-toc-page-1 ez-toc-heading-level-3'><a class=\"ez-toc-link ez-toc-heading-5\" href=\"https:\/\/eurodirections.com\/it\/viaggio-atene\/#Mappa-degli-hotel-di-Atene-con-prezzi\" >Mappa degli hotel di Atene con prezzi<\/a><\/li><li class='ez-toc-page-1 ez-toc-heading-level-3'><a class=\"ez-toc-link ez-toc-heading-6\" href=\"https:\/\/eurodirections.com\/it\/viaggio-atene\/#Vola-ad-Atene\" >Vola ad Atene<\/a><\/li><\/ul><\/li><\/ul><\/nav><\/div>\n<h2><span class=\"ez-toc-section\" id=\"Lista-delle-cose-da-fare-ad-Atene-Guida-di-viaggio\"><\/span><b>Lista delle cose da fare ad Atene | Guida di viaggio<\/b><span class=\"ez-toc-section-end\"><\/span><\/h2>\n<p><span style=\"font-weight: 400;\">Atene, una delle citt\u00e0 pi\u00f9 antiche del mondo, culla di civilt\u00e0 e luogo di nascita della democrazia, \u00e8 oggi una popolare destinazione turistica con centinaia di cose da vedere e da fare. Visitata da oltre 6 milioni di turisti ogni anno, le famose attrazioni di Atene sono sempre affollate e la vita ronza dal tramonto all&#8217;alba. <\/span><\/p>\n<p><iframe style=\"border: 1px solid #EEE; background: white;\" src=\"about:blank\" width=\"880\" height=\"270\" frameborder=\"0\" scrolling=\"no\" class=\"lazyload\" data-src=\"https:\/\/eurodirections.substack.com\/embed\"><span data-mce-type=\"bookmark\" style=\"display: inline-block; width: 0px; overflow: hidden; line-height: 0;\" class=\"mce_SELRES_start\"><\/span><span data-mce-type=\"bookmark\" style=\"display: inline-block; width: 0px; overflow: hidden; line-height: 0;\" class=\"mce_SELRES_start\" align=\"center\"><\/span><\/iframe><\/p>\n<h3><span class=\"ez-toc-section\" id=\"Cose-da-non-perdere-ad-Atene\"><\/span><b>Cose da non perdere ad Atene<\/b><span class=\"ez-toc-section-end\"><\/span><\/h3>\n<ul>\n<li style=\"font-weight: 400;\" aria-level=\"1\"><span style=\"font-weight: 400;\">Salite sull&#8217;Acropoli per ammirare il Partenone, l&#8217;Eretteo e il Tempio di Atena Nike e godetevi la vista della citt\u00e0. <\/span><\/li>\n<li style=\"font-weight: 400;\" aria-level=\"1\"><span style=\"font-weight: 400;\">Passeggiate nei quartieri di Pl\u00e1ka e Anafiotika, luoghi turistici con un&#8217;atmosfera da villaggio greco, vicoli acciottolati e piazzette. <\/span><\/li>\n<li style=\"font-weight: 400;\" aria-level=\"1\"><span style=\"font-weight: 400;\">Visitate l&#8217;Antica Agor\u00e0 &#8211; le rovine del mercato con la Stoa di Attalos e il Tempio di Hephaistos. <\/span><\/li>\n<li style=\"font-weight: 400;\" aria-level=\"1\"><span style=\"font-weight: 400;\">Cambiate paesaggio ed esplorate i moderni graffiti di strada di Atene.<\/span><\/li>\n<li style=\"font-weight: 400;\" aria-level=\"1\"><span style=\"font-weight: 400;\">Nel Museo d&#8217;Arte Cicladica troverete i preziosi manufatti della storia greca e mondiale.<\/span><\/li>\n<li style=\"font-weight: 400;\" aria-level=\"1\"><span style=\"font-weight: 400;\">Assistete al cambio della guardia al Palazzo del Parlamento a Syntagma.<\/span><\/li>\n<\/ul>\n<h3><span class=\"ez-toc-section\" id=\"Mangiare-come-un-locale-ad-Atene\"><\/span><b>Mangiare come un locale ad Atene<\/b><span class=\"ez-toc-section-end\"><\/span><\/h3>\n<ul>\n<li style=\"font-weight: 400;\" aria-level=\"1\"><span style=\"font-weight: 400;\">Quando fate shopping nella Plaka, trovate la migliore insalata greca da Pantelis Melissions The Poet Sandalmaker.<\/span><\/li>\n<li style=\"font-weight: 400;\" aria-level=\"1\"><span style=\"font-weight: 400;\">A Lukumades potrete gustare i migliori loukoumades (ciambelle greche) conditi con miele e cannella.<\/span><\/li>\n<li style=\"font-weight: 400;\" aria-level=\"1\"><span style=\"font-weight: 400;\">Mangiate il vero Gyros di classe e imparate a pronunciare correttamente il nome.<\/span><\/li>\n<li style=\"font-weight: 400;\" aria-level=\"1\"><span style=\"font-weight: 400;\">Esplorate il Mercato Centrale di Atene per trovare carne e pesce freschi, formaggi e, naturalmente, olive.<\/span><\/li>\n<li style=\"font-weight: 400;\" aria-level=\"1\"><span style=\"font-weight: 400;\">Godetevi la serata e la cena in uno dei ristoranti di Mnisikleous Street, il quartiere affollato dall&#8217;atmosfera rilassata.<\/span><\/li>\n<li style=\"font-weight: 400;\" aria-level=\"1\"><span style=\"font-weight: 400;\">Prendete un pasticcino, come la tiropita o la spanakopita, in una delle panetterie di strada mentre passate da un museo all&#8217;altro.<\/span><\/li>\n<\/ul>\n<h3><span class=\"ez-toc-section\" id=\"Dove-dormire-ad-Atene\"><\/span><b>Dove dormire ad Atene<\/b><span class=\"ez-toc-section-end\"><\/span><\/h3>\n<ul>\n<li style=\"font-weight: 400;\" aria-level=\"1\"><span style=\"font-weight: 400;\">Scegliete l&#8217;Hellenic Vibes Smart Hotel a 5 stelle di Atene, con interni moderni e minimalisti e dettagli per un soggiorno di lusso.<\/span><\/li>\n<li style=\"font-weight: 400;\" aria-level=\"1\"><span style=\"font-weight: 400;\">Godetevi le vibrazioni di Atene dal comfort della vostra camera nell&#8217;Ivis 4 Boutique Hotel, una struttura a 4 stelle nel cuore di Atene.<\/span><\/li>\n<li style=\"font-weight: 400;\" aria-level=\"1\"><span style=\"font-weight: 400;\">Il NLH KERAMEIKOS &#8211; Neighborhood Lifestyle Hotels \u00e8 un&#8217;opzione perfetta se cercate un hotel economico ma confortevole ed elegante.<\/span><\/li>\n<li style=\"font-weight: 400;\" aria-level=\"1\"><span style=\"font-weight: 400;\">Realizzato da viaggiatori e per viaggiatori, il Nubian Hostel Athens \u00e8 un luogo ideale per trovare comfort anche se avete un budget limitato.<\/span><\/li>\n<li style=\"font-weight: 400;\" aria-level=\"1\"><span style=\"font-weight: 400;\">Fate una gita di un giorno a Tolo, nel Peloponneso, per godervi le bellissime spiagge della Grecia e soggiornate in un hotel 4 stelle alla moda John &amp; George.<\/span><\/li>\n<\/ul>\n<p><b>Altre destinazioni in Grecia:<\/b> <a title=\"Lista delle cose da fare a Patrasso, Grecia\" href=\"https:\/\/eurodirections.com\/patras\/\" data-schema-attribute=\"about\">Patrasso<\/a> <a title=\"Elenco delle cose da fare a Salonicco\" href=\"https:\/\/eurodirections.com\/thessaloniki\/\" data-schema-attribute=\"about\">, Salonicco<\/a>, <a title=\"Guida e lista di viaggio di Kavala\" href=\"https:\/\/eurodirections.com\/kavala\/\" data-schema-attribute=\"about\">Kavala<\/a> e <a title=\"Lista delle cose da fare a Rodi, Grecia\" href=\"https:\/\/eurodirections.com\/rhodes\/\" data-schema-attribute=\"about\">Rodi<\/a>.<br \/>\n<strong>Leggi anche:<\/strong> <a title=\"Panoramica di 6 meravigliose citt\u00e0 della Grecia\" href=\"https:\/\/eurodirections.com\/explore-cities-of-greece\/\" target=\"_blank\" rel=\"noopener\" data-schema-attribute=\"mentions\">6 meravigliose citt\u00e0 della Grecia<\/a><\/p>\n<h3><span class=\"ez-toc-section\" id=\"Mappa-degli-hotel-di-Atene-con-prezzi\"><\/span>Mappa degli hotel di Atene con prezzi<span class=\"ez-toc-section-end\"><\/span><\/h3>\n<p><script src=\"\/\/tp.media\/content?0=0&amp;1=10&amp;promo_id=4285&amp;shmarker=14350&amp;campaign_id=101&amp;search_host=air.eurodirections.com%2Fhotels&amp;locale=en&amp;currency=eur&amp;draggable=true&amp;disable_zoom=false&amp;show_logo=false&amp;scrollwheel=false&amp;color=%230759B0&amp;contrast_color=%23ffffff&amp;width=720&amp;height=500&amp;zoom=13&amp;radius=60&amp;stars=0%2C1%2C2%2C3%2C4%2C5&amp;price_from=&amp;price_to=&amp;lat=37.987128&amp;lng=23.726691\" charset=\"utf-8\"><\/script><\/p>\n<h3 style=\"text-align: left;\"><span class=\"ez-toc-section\" id=\"Vola-ad-Atene\"><\/span>Vola ad Atene<span class=\"ez-toc-section-end\"><\/span><\/h3>\n<p><script src=\"https:\/\/tp.media\/content?trs=147545&amp;shmarker=14350&amp;destination=ATH&amp;target_host=air.eurodirections.com%2Fflights&amp;locale=en&amp;currency=eur&amp;limit=10&amp;powered_by=false&amp;primary=%23D80D61ff&amp;promo_id=4044&amp;campaign_id=100\" charset=\"utf-8\"><\/script><\/p>\n<p><a href=\"https:\/\/eurodirections.com\/it\/voli-per-atene-grecia\/\">Sfoglia tutti i voli per Atene<\/a><\/p>\n<p><script type=\"application\/ld+json\">\n{\n    \"@context\": \"http:\/\/schema.org\",\n    \"@type\": \"WebPage\",\n    \"name\": \"Guida di Atene, Grecia\",\n    \"description\": \"Esplora Atene, in Grecia - una delle citt\u00e0 pi\u00f9 antiche del mondo, la culla delle civilt\u00e0 e il luogo di nascita della democrazia, \u00e8 ora una popolare destinazione turistica con centinaia di cose da vedere e da fare.<span data-mce-type=\"bookmark\" style=\"display: inline-block; width: 0px; overflow: hidden; line-height: 0;\" class=\"mce_SELRES_start\">\ufeff<\/span>\",\n    \"publisher\": {\n        \"@type\": \"WebPage\",\n        \"name\": \"Eurodirections.com\"\n    }\n}\n<\/script><\/p>\n","protected":false},"excerpt":{"rendered":"<p>Lista delle cose da fare ad Atene | Guida di viaggio Atene, una delle citt\u00e0 pi\u00f9 antiche del mondo, culla di civilt\u00e0 e luogo di nascita della democrazia, \u00e8 oggi una popolare destinazione turistica con centinaia di cose da vedere e da fare. Visitata da oltre 6 milioni di turisti ogni anno, le famose attrazioni [&hellip;]<\/p>\n","protected":false},"author":1,"featured_media":3451,"parent":0,"menu_order":0,"comment_status":"closed","ping_status":"closed","template":"","meta":{"footnotes":""},"class_list":["post-22638","page","type-page","status-publish","has-post-thumbnail","hentry"],"_links":{"self":[{"href":"https:\/\/eurodirections.com\/it\/wp-json\/wp\/v2\/pages\/22638","targetHints":{"allow":["GET"]}}],"collection":[{"href":"https:\/\/eurodirections.com\/it\/wp-json\/wp\/v2\/pages"}],"about":[{"href":"https:\/\/eurodirections.com\/it\/wp-json\/wp\/v2\/types\/page"}],"author":[{"embeddable":true,"href":"https:\/\/eurodirections.com\/it\/wp-json\/wp\/v2\/users\/1"}],"replies":[{"embeddable":true,"href":"https:\/\/eurodirections.com\/it\/wp-json\/wp\/v2\/comments?post=22638"}],"version-history":[{"count":0,"href":"https:\/\/eurodirections.com\/it\/wp-json\/wp\/v2\/pages\/22638\/revisions"}],"wp:featuredmedia":[{"embeddable":true,"href":"https:\/\/eurodirections.com\/it\/wp-json\/wp\/v2\/media\/3451"}],"wp:attachment":[{"href":"https:\/\/eurodirections.com\/it\/wp-json\/wp\/v2\/media?parent=22638"}],"curies":[{"name":"wp","href":"https:\/\/api.w.org\/{rel}","templated":true}]}}