{"id":22263,"date":"2022-04-05T19:00:54","date_gmt":"2022-04-05T19:00:54","guid":{"rendered":"https:\/\/eurodirections.com\/lista-di-viaggio-di-lisbona\/"},"modified":"2023-03-20T09:23:24","modified_gmt":"2023-03-20T09:23:24","slug":"lisbona","status":"publish","type":"page","link":"https:\/\/eurodirections.com\/it\/lisbona\/","title":{"rendered":"Lista di viaggio di Lisbona"},"content":{"rendered":"<div id=\"ez-toc-container\" class=\"ez-toc-v2_0_82_2 counter-hierarchy ez-toc-counter ez-toc-grey ez-toc-container-direction\">\n<div class=\"ez-toc-title-container\">\n<p class=\"ez-toc-title\" style=\"cursor:inherit\">Table of Contents<\/p>\n<span class=\"ez-toc-title-toggle\"><a href=\"#\" class=\"ez-toc-pull-right ez-toc-btn ez-toc-btn-xs ez-toc-btn-default ez-toc-toggle\" aria-label=\"Toggle Table of Content\"><span class=\"ez-toc-js-icon-con\"><span class=\"\"><span class=\"eztoc-hide\" style=\"display:none;\">Toggle<\/span><span class=\"ez-toc-icon-toggle-span\"><svg style=\"fill: #999;color:#999\" xmlns=\"http:\/\/www.w3.org\/2000\/svg\" class=\"list-377408\" width=\"20px\" height=\"20px\" viewBox=\"0 0 24 24\" fill=\"none\"><path d=\"M6 6H4v2h2V6zm14 0H8v2h12V6zM4 11h2v2H4v-2zm16 0H8v2h12v-2zM4 16h2v2H4v-2zm16 0H8v2h12v-2z\" fill=\"currentColor\"><\/path><\/svg><svg style=\"fill: #999;color:#999\" class=\"arrow-unsorted-368013\" xmlns=\"http:\/\/www.w3.org\/2000\/svg\" width=\"10px\" height=\"10px\" viewBox=\"0 0 24 24\" version=\"1.2\" baseProfile=\"tiny\"><path d=\"M18.2 9.3l-6.2-6.3-6.2 6.3c-.2.2-.3.4-.3.7s.1.5.3.7c.2.2.4.3.7.3h11c.3 0 .5-.1.7-.3.2-.2.3-.5.3-.7s-.1-.5-.3-.7zM5.8 14.7l6.2 6.3 6.2-6.3c.2-.2.3-.5.3-.7s-.1-.5-.3-.7c-.2-.2-.4-.3-.7-.3h-11c-.3 0-.5.1-.7.3-.2.2-.3.5-.3.7s.1.5.3.7z\"\/><\/svg><\/span><\/span><\/span><\/a><\/span><\/div>\n<nav><ul class='ez-toc-list ez-toc-list-level-1 eztoc-toggle-hide-by-default' ><li class='ez-toc-page-1 ez-toc-heading-level-2'><a class=\"ez-toc-link ez-toc-heading-1\" href=\"https:\/\/eurodirections.com\/it\/lisbona\/#Esplorare-Lisbona-lista-di-cose-da-fare-per-i-turisti\" >Esplorare Lisbona: lista di cose da fare per i turisti<\/a><ul class='ez-toc-list-level-3' ><li class='ez-toc-heading-level-3'><a class=\"ez-toc-link ez-toc-heading-2\" href=\"https:\/\/eurodirections.com\/it\/lisbona\/#Cose-da-non-perdere-a-Lisbona\" >Cose da non perdere a Lisbona<\/a><\/li><li class='ez-toc-page-1 ez-toc-heading-level-3'><a class=\"ez-toc-link ez-toc-heading-3\" href=\"https:\/\/eurodirections.com\/it\/lisbona\/#Mangiare-come-un-locale-a-Lisbona\" >Mangiare come un locale a Lisbona<\/a><\/li><li class='ez-toc-page-1 ez-toc-heading-level-3'><a class=\"ez-toc-link ez-toc-heading-4\" href=\"https:\/\/eurodirections.com\/it\/lisbona\/#Dove-alloggiare-a-Lisbona\" >Dove alloggiare a Lisbona<\/a><\/li><li class='ez-toc-page-1 ez-toc-heading-level-3'><a class=\"ez-toc-link ez-toc-heading-5\" href=\"https:\/\/eurodirections.com\/it\/lisbona\/#Vola-a-Lisbona\" >Vola a Lisbona<\/a><\/li><\/ul><\/li><\/ul><\/nav><\/div>\n<p>Seguite la serie speciale della rivista di viaggi Euro Directions sulle <a title=\"Le migliori citt\u00e0 d'Europa\" href=\"https:\/\/eurodirections.com\/it\/le-migliori-citta-deuropa\/\" data-schema-attribute=\"about\">migliori destinazioni di viaggio in Europa<\/a><\/p>\n<h2><span class=\"ez-toc-section\" id=\"Esplorare-Lisbona-lista-di-cose-da-fare-per-i-turisti\"><\/span><b>Esplorare Lisbona: lista di cose da fare per i turisti<\/b><span class=\"ez-toc-section-end\"><\/span><\/h2>\n<p><span style=\"font-weight: 400;\">La capitale costiera del Portogallo, con i suoi edifici color pastello e i tetti di tegole, \u00e8 la citt\u00e0 pi\u00f9 grande e il centro politico, economico e turistico del Paese. La citt\u00e0 conserva ancora l&#8217;atmosfera del XIX secolo, nonostante gli edifici e le auto moderne. Troverete un&#8217;architettura unica, una ricca storia, il cibo migliore e una vita notturna da non perdere.<\/span><\/p>\n<h3><span class=\"ez-toc-section\" id=\"Cose-da-non-perdere-a-Lisbona\"><\/span><b>Cose da non perdere a Lisbona<\/b><span class=\"ez-toc-section-end\"><\/span><\/h3>\n<ul>\n<li style=\"font-weight: 400;\" aria-level=\"1\"><span style=\"font-weight: 400;\">Ammirate la Torre de Bel\u00e9m, una bellissima torre che ricorda il mix di architettura gotica e romanica. <\/span><\/li>\n<li style=\"font-weight: 400;\" aria-level=\"1\"><span style=\"font-weight: 400;\">Percorrete il Tram 28 attraverso le ripide strade acciottolate e scoprite la storia della citt\u00e0 passando attraverso luoghi maestosi. <\/span><\/li>\n<li style=\"font-weight: 400;\" aria-level=\"1\"><span style=\"font-weight: 400;\">Passeggiate nel quartiere di Alfama, la parte pi\u00f9 antica della citt\u00e0, con strade tortuose e vicoli stretti, cappelle rivestite di piastrelle e la Cattedrale di Lisbona.<\/span><\/li>\n<li style=\"font-weight: 400;\" aria-level=\"1\"><span style=\"font-weight: 400;\">Godetevi la vita notturna del Bairro Alto e sorseggiate una Caipirinha in uno dei bar del quartiere. <\/span><\/li>\n<li style=\"font-weight: 400;\" aria-level=\"1\"><span style=\"font-weight: 400;\">Trovate Casa Independente, una residenza privata con camere ammobiliate e un ambiente semplice dove potrete godervi drink, musica cool e feste. <\/span><\/li>\n<\/ul>\n<p><iframe style=\"border: 1px solid #EEE; background: white;\" src=\"about:blank\" width=\"880\" height=\"270\" frameborder=\"0\" scrolling=\"no\" class=\"lazyload\" data-src=\"https:\/\/eurodirections.substack.com\/embed\"><span data-mce-type=\"bookmark\" style=\"display: inline-block; width: 0px; overflow: hidden; line-height: 0;\" class=\"mce_SELRES_start\"><\/span><span data-mce-type=\"bookmark\" style=\"display: inline-block; width: 0px; overflow: hidden; line-height: 0;\" class=\"mce_SELRES_start\" align=\"center\"><\/span><\/iframe><\/p>\n<h3><span class=\"ez-toc-section\" id=\"Mangiare-come-un-locale-a-Lisbona\"><\/span><b>Mangiare come un locale a Lisbona<\/b><span class=\"ez-toc-section-end\"><\/span><\/h3>\n<ul>\n<li style=\"font-weight: 400;\" aria-level=\"1\"><span style=\"font-weight: 400;\">Trovate oltre 40 categorie di cibo nel Time Out Market Lisboa e dedicate un po&#8217; di tempo a provarne almeno la met\u00e0. <\/span><\/li>\n<li style=\"font-weight: 400;\" aria-level=\"1\"><span style=\"font-weight: 400;\">Assaporate uno dei pasti pi\u00f9 sorprendenti al ristorante Loco, premiato con una stella Michelin, che propone una cucina portoghese d&#8217;avanguardia.<\/span><\/li>\n<li style=\"font-weight: 400;\" aria-level=\"1\"><span style=\"font-weight: 400;\">Visitate il pi\u00f9 antico ristorante di Lisbona, Martinho da Arcada, per gustare una tazza di caff\u00e8.<\/span><\/li>\n<li style=\"font-weight: 400;\" aria-level=\"1\"><span style=\"font-weight: 400;\">Provate il miglior merluzzo arrosto, le bistecche di vitello e le patate arrosto da Z\u00e9 da Mouraria.<\/span><\/li>\n<li style=\"font-weight: 400;\" aria-level=\"1\"><span style=\"font-weight: 400;\">Cenate al Gambrinus con una crocchetta, un tulipano Gambrinus (birra mista) e assistete alla preparazione del caff\u00e8 a palloncino.<\/span><\/li>\n<li style=\"font-weight: 400;\" aria-level=\"1\"><span style=\"font-weight: 400;\">Fotografate i pancake con mascarpone e fragole al caff\u00e8 Nicolau Lisboa.<\/span><\/li>\n<\/ul>\n<figure id=\"attachment_22201\" aria-describedby=\"caption-attachment-22201\" style=\"width: 1000px\" class=\"wp-caption alignnone\"><img fetchpriority=\"high\" decoding=\"async\" class=\"size-full wp-image-22201\" src=\"https:\/\/eurodirections.com\/wp-content\/uploads\/2023\/03\/welcome-to-lisbon-portugal.jpg\" alt=\"Benvenuti a Lisbona, Portogallo, e godetevi il vostro viaggio con la rivista di viaggi Euro Directions!\" width=\"1000\" height=\"667\" srcset=\"https:\/\/eurodirections.com\/wp-content\/uploads\/2023\/03\/welcome-to-lisbon-portugal.jpg 1000w, https:\/\/eurodirections.com\/wp-content\/uploads\/2023\/03\/welcome-to-lisbon-portugal-300x200.jpg 300w, https:\/\/eurodirections.com\/wp-content\/uploads\/2023\/03\/welcome-to-lisbon-portugal-768x512.jpg 768w\" sizes=\"(max-width: 1000px) 100vw, 1000px\" \/><figcaption id=\"caption-attachment-22201\" class=\"wp-caption-text\">Benvenuti a Lisbona, Portogallo, e godetevi il vostro viaggio con la rivista di viaggi Euro Directions! Foto di Vesela Vaclavik<\/figcaption><\/figure>\n<h3><span class=\"ez-toc-section\" id=\"Dove-alloggiare-a-Lisbona\"><\/span><b>Dove alloggiare a Lisbona<\/b><span class=\"ez-toc-section-end\"><\/span><\/h3>\n<ul>\n<li style=\"font-weight: 400;\" aria-level=\"1\"><span style=\"font-weight: 400;\">Scegliete l&#8217;atmosfera accogliente dell&#8217;Hotel 5 stelle Wine &amp; Books Lisboa, che diventer\u00e0 la migliore espressione della vostra vacanza nella capitale. <\/span><\/li>\n<li style=\"font-weight: 400;\" aria-level=\"1\"><span style=\"font-weight: 400;\">Situato nello storico quartiere Alfama, il Memmo Alfama &#8211; Design Hotel a 4 stelle vi far\u00e0 godere di ogni momento del vostro soggiorno.<\/span><\/li>\n<li style=\"font-weight: 400;\" aria-level=\"1\"><span style=\"font-weight: 400;\">L&#8217;Hotel Be Poet Baixa offre un&#8217;opzione pi\u00f9 economica con interni moderni, colori e decorazioni ricche.<\/span><\/li>\n<li style=\"font-weight: 400;\" aria-level=\"1\"><span style=\"font-weight: 400;\">Risparmiate sull&#8217;alloggio a Lisbona e godetevi il comfort prenotando un letto a S\u00ec! Ostello di Lisbona.<\/span><\/li>\n<li style=\"font-weight: 400;\" aria-level=\"1\"><span style=\"font-weight: 400;\">Fate una gita di un giorno a Cascais e soggiornate in un lussuoso hotel Westlight Cascais Chalet con vista mozzafiato sulla spiaggia.<\/span><\/li>\n<\/ul>\n<p><script src=\"https:\/\/www.travelpayouts.com\/chansey\/iframe.js?v=1&amp;marker=14350&amp;host=air.eurodirections.com%2Fhotels&amp;locale=en&amp;currency=eur&amp;nobooking=&amp;powered_by=false&amp;hotel_id=1901035476\" charset=\"utf-8\" async=\"\"><\/script><\/p>\n<h3><span class=\"ez-toc-section\" id=\"Vola-a-Lisbona\"><\/span>Vola a Lisbona<span class=\"ez-toc-section-end\"><\/span><\/h3>\n<p>Sfoglia diverse <a title=\"Elenco e calendario dei voli di Lisbona\" href=\"https:\/\/eurodirections.com\/it\/voli-lisbona\/\" target=\"_blank\" rel=\"noopener\">opzioni di volo per raggiungere Lisbona<\/a>.<\/p>\n<p><script src=\"https:\/\/tp.media\/content?trs=147545&amp;shmarker=14350&amp;destination=LIS&amp;locale=it&amp;currency=eur&amp;limit=10&amp;primary=%23E9166Cff&amp;promo_id=7291&amp;campaign_id=200\" charset=\"utf-8\"><\/script><\/p>\n<p><script type=\"application\/ld+json\">\n{\n    \"@context\": \"http:\/\/schema.org\",\n    \"@type\": \"WebPage\",\n    \"name\": \"Guida di Lisbona\",\n    \"description\": \"Esplora Lisbona, Portogallo - Cose da fare a Lisbona, suggerimenti sugli hotel, guida alle attrazioni turistiche per i turisti.\",\n    \"publisher\": {\n        \"@type\": \"WebPage\",\n        \"name\": \"Eurodirections.com\"\n    }\n}\n<\/script><\/p>\n","protected":false},"excerpt":{"rendered":"<p>Seguite la serie speciale della rivista di viaggi Euro Directions sulle migliori destinazioni di viaggio in Europa Esplorare Lisbona: lista di cose da fare per i turisti La capitale costiera del Portogallo, con i suoi edifici color pastello e i tetti di tegole, \u00e8 la citt\u00e0 pi\u00f9 grande e il centro politico, economico e turistico [&hellip;]<\/p>\n","protected":false},"author":1,"featured_media":3445,"parent":0,"menu_order":0,"comment_status":"closed","ping_status":"closed","template":"","meta":{"footnotes":""},"class_list":["post-22263","page","type-page","status-publish","has-post-thumbnail","hentry"],"_links":{"self":[{"href":"https:\/\/eurodirections.com\/it\/wp-json\/wp\/v2\/pages\/22263","targetHints":{"allow":["GET"]}}],"collection":[{"href":"https:\/\/eurodirections.com\/it\/wp-json\/wp\/v2\/pages"}],"about":[{"href":"https:\/\/eurodirections.com\/it\/wp-json\/wp\/v2\/types\/page"}],"author":[{"embeddable":true,"href":"https:\/\/eurodirections.com\/it\/wp-json\/wp\/v2\/users\/1"}],"replies":[{"embeddable":true,"href":"https:\/\/eurodirections.com\/it\/wp-json\/wp\/v2\/comments?post=22263"}],"version-history":[{"count":0,"href":"https:\/\/eurodirections.com\/it\/wp-json\/wp\/v2\/pages\/22263\/revisions"}],"wp:featuredmedia":[{"embeddable":true,"href":"https:\/\/eurodirections.com\/it\/wp-json\/wp\/v2\/media\/3445"}],"wp:attachment":[{"href":"https:\/\/eurodirections.com\/it\/wp-json\/wp\/v2\/media?parent=22263"}],"curies":[{"name":"wp","href":"https:\/\/api.w.org\/{rel}","templated":true}]}}