{"id":19103,"date":"2022-04-05T19:28:50","date_gmt":"2022-04-05T19:28:50","guid":{"rendered":"https:\/\/eurodirections.com\/esplorare-vienna-lista-di-cose-da-fare-per-i-viaggiatori\/"},"modified":"2023-03-01T07:57:58","modified_gmt":"2023-03-01T07:57:58","slug":"esplorare-vienna","status":"publish","type":"page","link":"https:\/\/eurodirections.com\/it\/esplorare-vienna\/","title":{"rendered":"Esplorare Vienna: lista di cose da fare per i viaggiatori"},"content":{"rendered":"<div id=\"ez-toc-container\" class=\"ez-toc-v2_0_82_2 counter-hierarchy ez-toc-counter ez-toc-grey ez-toc-container-direction\">\n<div class=\"ez-toc-title-container\">\n<p class=\"ez-toc-title\" style=\"cursor:inherit\">Table of Contents<\/p>\n<span class=\"ez-toc-title-toggle\"><a href=\"#\" class=\"ez-toc-pull-right ez-toc-btn ez-toc-btn-xs ez-toc-btn-default ez-toc-toggle\" aria-label=\"Toggle Table of Content\"><span class=\"ez-toc-js-icon-con\"><span class=\"\"><span class=\"eztoc-hide\" style=\"display:none;\">Toggle<\/span><span class=\"ez-toc-icon-toggle-span\"><svg style=\"fill: #999;color:#999\" xmlns=\"http:\/\/www.w3.org\/2000\/svg\" class=\"list-377408\" width=\"20px\" height=\"20px\" viewBox=\"0 0 24 24\" fill=\"none\"><path d=\"M6 6H4v2h2V6zm14 0H8v2h12V6zM4 11h2v2H4v-2zm16 0H8v2h12v-2zM4 16h2v2H4v-2zm16 0H8v2h12v-2z\" fill=\"currentColor\"><\/path><\/svg><svg style=\"fill: #999;color:#999\" class=\"arrow-unsorted-368013\" xmlns=\"http:\/\/www.w3.org\/2000\/svg\" width=\"10px\" height=\"10px\" viewBox=\"0 0 24 24\" version=\"1.2\" baseProfile=\"tiny\"><path d=\"M18.2 9.3l-6.2-6.3-6.2 6.3c-.2.2-.3.4-.3.7s.1.5.3.7c.2.2.4.3.7.3h11c.3 0 .5-.1.7-.3.2-.2.3-.5.3-.7s-.1-.5-.3-.7zM5.8 14.7l6.2 6.3 6.2-6.3c.2-.2.3-.5.3-.7s-.1-.5-.3-.7c-.2-.2-.4-.3-.7-.3h-11c-.3 0-.5.1-.7.3-.2.2-.3.5-.3.7s.1.5.3.7z\"\/><\/svg><\/span><\/span><\/span><\/a><\/span><\/div>\n<nav><ul class='ez-toc-list ez-toc-list-level-1 eztoc-toggle-hide-by-default' ><li class='ez-toc-page-1 ez-toc-heading-level-2'><a class=\"ez-toc-link ez-toc-heading-1\" href=\"https:\/\/eurodirections.com\/it\/esplorare-vienna\/#Lista-delle-cose-da-fare-a-Vienna\" >Lista delle cose da fare a Vienna<\/a><ul class='ez-toc-list-level-4' ><li class='ez-toc-heading-level-4'><ul class='ez-toc-list-level-4' ><li class='ez-toc-heading-level-4'><a class=\"ez-toc-link ez-toc-heading-2\" href=\"https:\/\/eurodirections.com\/it\/esplorare-vienna\/#Informazioni-sul-viaggio-Explorer\" >Informazioni sul viaggio Explorer<\/a><\/li><\/ul><\/li><li class='ez-toc-page-1 ez-toc-heading-level-3'><a class=\"ez-toc-link ez-toc-heading-3\" href=\"https:\/\/eurodirections.com\/it\/esplorare-vienna\/#Cose-da-non-perdere-a-Vienna\" >Cose da non perdere a Vienna<\/a><\/li><li class='ez-toc-page-1 ez-toc-heading-level-3'><a class=\"ez-toc-link ez-toc-heading-4\" href=\"https:\/\/eurodirections.com\/it\/esplorare-vienna\/#Mangiare-come-un-locale-a-Vienna\" >Mangiare come un locale a Vienna<\/a><\/li><li class='ez-toc-page-1 ez-toc-heading-level-3'><a class=\"ez-toc-link ez-toc-heading-5\" href=\"https:\/\/eurodirections.com\/it\/esplorare-vienna\/#Dove-alloggiare-a-Vienna\" >Dove alloggiare a Vienna<\/a><\/li><li class='ez-toc-page-1 ez-toc-heading-level-3'><a class=\"ez-toc-link ez-toc-heading-6\" href=\"https:\/\/eurodirections.com\/it\/esplorare-vienna\/#Voli-economici-per-Vienna\" >Voli economici per Vienna<\/a><\/li><li class='ez-toc-page-1 ez-toc-heading-level-3'><a class=\"ez-toc-link ez-toc-heading-7\" href=\"https:\/\/eurodirections.com\/it\/esplorare-vienna\/#Metropolitana-di-Vienna-U-Bahn\" >Metropolitana di Vienna U-Bahn<\/a><\/li><\/ul><\/li><\/ul><\/nav><\/div>\n<p>La serie speciale della rivista Eurodirections.com sulle <a title=\"Le migliori citt\u00e0 d'Europa\" href=\"https:\/\/eurodirections.com\/it\/le-migliori-citta-deuropa\/\" data-schema-attribute=\"about\">migliori destinazioni di viaggio in Europa<\/a><\/p>\n<h2><span class=\"ez-toc-section\" id=\"Lista-delle-cose-da-fare-a-Vienna\"><\/span><b>Lista delle cose da fare a Vienna<\/b><span class=\"ez-toc-section-end\"><\/span><\/h2>\n<h4><span class=\"ez-toc-section\" id=\"Informazioni-sul-viaggio-Explorer\"><\/span><b> Informazioni sul viaggio Explorer<\/b><span class=\"ez-toc-section-end\"><\/span><\/h4>\n<p><span style=\"font-weight: 400;\">La capitale dell&#8217;Austria, Vienna, \u00e8 una citt\u00e0 ricca di storia, cultura e qualit\u00e0 della vita, un&#8217;eccellente destinazione europea in cui \u00e8 stata scritta la storia del mondo per mezzo millennio. \u00c8 un luogo dove esplorare l&#8217;architettura unica di secoli. Conservando la diversit\u00e0 culturale, la Vienna moderna presenta un meraviglioso mix di vita urbana e tradizioni imperiali. <\/span><\/p>\n<p><iframe style=\"border: 1px solid #EEE; background: white;\" src=\"about:blank\" width=\"880\" height=\"270\" frameborder=\"0\" scrolling=\"no\" class=\"lazyload\" data-src=\"https:\/\/eurodirections.substack.com\/embed\"><span data-mce-type=\"bookmark\" style=\"display: inline-block; width: 0px; overflow: hidden; line-height: 0;\" class=\"mce_SELRES_start\"><\/span><span data-mce-type=\"bookmark\" style=\"display: inline-block; width: 0px; overflow: hidden; line-height: 0;\" class=\"mce_SELRES_start\" align=\"center\"><\/span><\/iframe><\/p>\n<h3><span class=\"ez-toc-section\" id=\"Cose-da-non-perdere-a-Vienna\"><\/span><b>Cose da non perdere a Vienna<\/b><span class=\"ez-toc-section-end\"><\/span><\/h3>\n<ul>\n<li style=\"font-weight: 400;\" aria-level=\"1\"><span style=\"font-weight: 400;\">Visitate la storica Hofburg, residenza dei sovrani austriaci dal 1275, con 18 gruppi di edifici.<\/span><\/li>\n<li style=\"font-weight: 400;\" aria-level=\"1\"><span style=\"font-weight: 400;\">Ammirate la maestosit\u00e0 della Cattedrale di Santo Stefano, l&#8217;edificio gotico pi\u00f9 significativo di Vienna.<\/span><\/li>\n<li style=\"font-weight: 400;\" aria-level=\"1\"><span style=\"font-weight: 400;\">Nel Palazzo del Belvedere Superiore si trova il dipinto &#8220;Il bacio&#8221; di Gustav Klimt, conosciuto in tutto il mondo.<\/span><\/li>\n<li style=\"font-weight: 400;\" aria-level=\"1\"><span style=\"font-weight: 400;\">Fate un giro sul Riesenrad Ferris nel parco divertimenti del Prater per ammirare il fantastico panorama di Vienna.<\/span><\/li>\n<li style=\"font-weight: 400;\" aria-level=\"1\"><span style=\"font-weight: 400;\">Una dose di morbidezza nello zoo di Vienna con gli adorabili cuccioli di panda che vi faranno sciogliere il cuore mentre li nutrite. <\/span><\/li>\n<li style=\"font-weight: 400;\" aria-level=\"1\"><span style=\"font-weight: 400;\">Esplorate il museo di Sigmund Freud per comprendere l&#8217;idea della sua psicoanalisi. <\/span><\/li>\n<\/ul>\n<h3><span class=\"ez-toc-section\" id=\"Mangiare-come-un-locale-a-Vienna\"><\/span><b>Mangiare come un locale a Vienna<\/b><span class=\"ez-toc-section-end\"><\/span><\/h3>\n<ul>\n<li style=\"font-weight: 400;\" aria-level=\"1\"><span style=\"font-weight: 400;\">Assaggiate il dolce tipico di Vienna, la Sachertorte, con cioccolato fondente e marmellata di albicocche. <\/span><\/li>\n<li style=\"font-weight: 400;\" aria-level=\"1\"><span style=\"font-weight: 400;\">Trovate Veganista, la gelateria vegana che offre specialit\u00e0 a base vegetale e senza carne, cioccolato e biscotti.<\/span><\/li>\n<li style=\"font-weight: 400;\" aria-level=\"1\"><span style=\"font-weight: 400;\">Partecipate a un tour di degustazione per provare la selezione di vini della Weingut Cobenzl.<\/span><\/li>\n<li style=\"font-weight: 400;\" aria-level=\"1\"><span style=\"font-weight: 400;\">Esplorate la variegata storia culinaria di Vienna passeggiando tra i banchi del mercato all&#8217;aperto Naschmarkt. <\/span><\/li>\n<li style=\"font-weight: 400;\" aria-level=\"1\"><span style=\"font-weight: 400;\">Sentite l&#8217;atmosfera e trovate l&#8217;anima di Vienna nel Cafe central, il pi\u00f9 grande dei grandi caff\u00e8 della citt\u00e0.<\/span><\/li>\n<\/ul>\n<h3><span class=\"ez-toc-section\" id=\"Dove-alloggiare-a-Vienna\"><\/span><b>Dove alloggiare a Vienna<\/b><span class=\"ez-toc-section-end\"><\/span><\/h3>\n<ul>\n<li style=\"font-weight: 400;\" aria-level=\"1\"><span style=\"font-weight: 400;\">Sentite il vero lusso di Vienna nell&#8217;Hotel Sacher Wien a 5 stelle, con interni eleganti e splendide viste sulla citt\u00e0.<\/span><\/li>\n<li style=\"font-weight: 400;\" aria-level=\"1\"><span style=\"font-weight: 400;\">Godetevi il design contemporaneo del Jaz in the City Vienna, hotel a 4 stelle nel centro culturale. <\/span><\/li>\n<li style=\"font-weight: 400;\" aria-level=\"1\"><span style=\"font-weight: 400;\">Trovate comfort e privacy nel Boutique Hotel Piano Nobile &#8211; am Stubenring, con camere accoglienti e calde.<\/span><\/li>\n<li style=\"font-weight: 400;\" aria-level=\"1\"><span style=\"font-weight: 400;\">L&#8217;opzione perfetta per risparmiare e avere il massimo del comfort \u00e8 la prenotazione di una camera nella pensione K&amp;K Boardinghouse 2. <\/span><\/li>\n<li style=\"font-weight: 400;\" aria-level=\"1\"><span style=\"font-weight: 400;\">Viaggiate nella famosa G\u00e4nserndorf bei Wien e pernottate in uno splendido hotel G\u00e4stezimmer by J\u00f6chlinger. <\/span><\/li>\n<\/ul>\n<p><script src=\"https:\/\/www.travelpayouts.com\/chansey\/iframe.js?v=1&amp;marker=14350&amp;host=air.eurodirections.com%2Fhotels&amp;locale=it&amp;currency=eur&amp;nobooking=&amp;powered_by=false&amp;hotel_id=4227\" charset=\"utf-8\" async=\"\"><span data-mce-type=\"bookmark\" style=\"display: inline-block; width: 0px; overflow: hidden; line-height: 0;\" class=\"mce_SELRES_start\">\ufeff<\/span><\/script><\/p>\n<h3><span class=\"ez-toc-section\" id=\"Voli-economici-per-Vienna\"><\/span>Voli economici per Vienna<br \/>\n<script src=\"https:\/\/tp.media\/content?currency=eur&amp;promo_id=4044&amp;shmarker=14350&amp;campaign_id=100&amp;trs=147545&amp;target_host=air.eurodirections.com%2Fflights&amp;locale=it&amp;limit=10&amp;powered_by=false&amp;primary=%231086F4&amp;destination=VIE\" charset=\"utf-8\"><\/script><span class=\"ez-toc-section-end\"><\/span><\/h3>\n<p>Per ulteriori opzioni di volo sfogliare la directory e il <a title=\"Compara i voli per Vienna, Austria\" href=\"https:\/\/eurodirections.com\/it\/calendario-voli-vienna\/\" target=\"_blank\" rel=\"noopener\">calendario dei voli economici per Vienna<\/a><\/p>\n<h3><span class=\"ez-toc-section\" id=\"Metropolitana-di-Vienna-U-Bahn\"><\/span>Metropolitana di Vienna U-Bahn<span class=\"ez-toc-section-end\"><\/span><\/h3>\n<p>Vienna vanta una vasta rete di metropolitana, la U-Bahn, rinomata per la sua velocit\u00e0, efficienza e convenienza negli spostamenti in citt\u00e0. Composta da cinque linee e 83 stazioni, la U-Bahn funziona in genere dalle 5:00 a mezzanotte circa, con servizi prolungati il venerd\u00ec e il sabato.<\/p>\n<p>Uno dei vantaggi principali della U-Bahn di Vienna \u00e8 la sua perfetta connessione con l&#8217;aeroporto internazionale di Vienna. Salendo sulla linea U3, i pendolari possono facilmente spostarsi da e verso il centro citt\u00e0, con treni che arrivano ogni 6-10 minuti durante il giorno e ogni 15-20 minuti di notte. Il tempo di percorrenza tra l&#8217;aeroporto di Vienna e il centro citt\u00e0 \u00e8 di circa 30 minuti, il che rende la U-Bahn un&#8217;opzione ottimale ed economica per i trasferimenti aeroportuali.<\/p>\n<p><script type=\"application\/ld+json\">\n{\n    \"@context\": \"http:\/\/schema.org\",\n    \"@type\": \"WebPage\",\n    \"name\": \"Vienna guide\",\n    \"description\": \"Explore Vienna, Austria - short travel guide for tourist and visitor information about must-see places and sights, hotel and restaurant suggestions and cheap flights in Vienna.\",\n    \"publisher\": {\n        \"@type\": \"WebPage\",\n        \"name\": \"Eurodirections.com\"\n    }\n}\n<\/script><\/p>\n","protected":false},"excerpt":{"rendered":"<p>La serie speciale della rivista Eurodirections.com sulle migliori destinazioni di viaggio in Europa Lista delle cose da fare a Vienna Informazioni sul viaggio Explorer La capitale dell&#8217;Austria, Vienna, \u00e8 una citt\u00e0 ricca di storia, cultura e qualit\u00e0 della vita, un&#8217;eccellente destinazione europea in cui \u00e8 stata scritta la storia del mondo per mezzo millennio. \u00c8 [&hellip;]<\/p>\n","protected":false},"author":1,"featured_media":3448,"parent":0,"menu_order":0,"comment_status":"closed","ping_status":"closed","template":"","meta":{"footnotes":""},"class_list":["post-19103","page","type-page","status-publish","has-post-thumbnail","hentry"],"_links":{"self":[{"href":"https:\/\/eurodirections.com\/it\/wp-json\/wp\/v2\/pages\/19103","targetHints":{"allow":["GET"]}}],"collection":[{"href":"https:\/\/eurodirections.com\/it\/wp-json\/wp\/v2\/pages"}],"about":[{"href":"https:\/\/eurodirections.com\/it\/wp-json\/wp\/v2\/types\/page"}],"author":[{"embeddable":true,"href":"https:\/\/eurodirections.com\/it\/wp-json\/wp\/v2\/users\/1"}],"replies":[{"embeddable":true,"href":"https:\/\/eurodirections.com\/it\/wp-json\/wp\/v2\/comments?post=19103"}],"version-history":[{"count":0,"href":"https:\/\/eurodirections.com\/it\/wp-json\/wp\/v2\/pages\/19103\/revisions"}],"wp:featuredmedia":[{"embeddable":true,"href":"https:\/\/eurodirections.com\/it\/wp-json\/wp\/v2\/media\/3448"}],"wp:attachment":[{"href":"https:\/\/eurodirections.com\/it\/wp-json\/wp\/v2\/media?parent=19103"}],"curies":[{"name":"wp","href":"https:\/\/api.w.org\/{rel}","templated":true}]}}