{"id":16056,"date":"2022-04-15T07:11:32","date_gmt":"2022-04-15T07:11:32","guid":{"rendered":"https:\/\/eurodirections.com\/rhodes-bucket-list\/"},"modified":"2023-02-13T16:42:25","modified_gmt":"2023-02-13T16:42:25","slug":"rodi-viaggi","status":"publish","type":"page","link":"https:\/\/eurodirections.com\/it\/rodi-viaggi\/","title":{"rendered":"Elenco dei viaggi a Rodi"},"content":{"rendered":"<div id=\"ez-toc-container\" class=\"ez-toc-v2_0_82_2 counter-hierarchy ez-toc-counter ez-toc-grey ez-toc-container-direction\">\n<div class=\"ez-toc-title-container\">\n<p class=\"ez-toc-title\" style=\"cursor:inherit\">Table of Contents<\/p>\n<span class=\"ez-toc-title-toggle\"><a href=\"#\" class=\"ez-toc-pull-right ez-toc-btn ez-toc-btn-xs ez-toc-btn-default ez-toc-toggle\" aria-label=\"Toggle Table of Content\"><span class=\"ez-toc-js-icon-con\"><span class=\"\"><span class=\"eztoc-hide\" style=\"display:none;\">Toggle<\/span><span class=\"ez-toc-icon-toggle-span\"><svg style=\"fill: #999;color:#999\" xmlns=\"http:\/\/www.w3.org\/2000\/svg\" class=\"list-377408\" width=\"20px\" height=\"20px\" viewBox=\"0 0 24 24\" fill=\"none\"><path d=\"M6 6H4v2h2V6zm14 0H8v2h12V6zM4 11h2v2H4v-2zm16 0H8v2h12v-2zM4 16h2v2H4v-2zm16 0H8v2h12v-2z\" fill=\"currentColor\"><\/path><\/svg><svg style=\"fill: #999;color:#999\" class=\"arrow-unsorted-368013\" xmlns=\"http:\/\/www.w3.org\/2000\/svg\" width=\"10px\" height=\"10px\" viewBox=\"0 0 24 24\" version=\"1.2\" baseProfile=\"tiny\"><path d=\"M18.2 9.3l-6.2-6.3-6.2 6.3c-.2.2-.3.4-.3.7s.1.5.3.7c.2.2.4.3.7.3h11c.3 0 .5-.1.7-.3.2-.2.3-.5.3-.7s-.1-.5-.3-.7zM5.8 14.7l6.2 6.3 6.2-6.3c.2-.2.3-.5.3-.7s-.1-.5-.3-.7c-.2-.2-.4-.3-.7-.3h-11c-.3 0-.5.1-.7.3-.2.2-.3.5-.3.7s.1.5.3.7z\"\/><\/svg><\/span><\/span><\/span><\/a><\/span><\/div>\n<nav><ul class='ez-toc-list ez-toc-list-level-1 eztoc-toggle-hide-by-default' ><li class='ez-toc-page-1 ez-toc-heading-level-2'><a class=\"ez-toc-link ez-toc-heading-1\" href=\"https:\/\/eurodirections.com\/it\/rodi-viaggi\/#Esplorare-Rodi-lista-di-cose-da-fare-per-i-turisti\" >Esplorare Rodi: lista di cose da fare per i turisti<\/a><ul class='ez-toc-list-level-3' ><li class='ez-toc-heading-level-3'><a class=\"ez-toc-link ez-toc-heading-2\" href=\"https:\/\/eurodirections.com\/it\/rodi-viaggi\/#Cose-da-non-perdere-a-Rodi\" >Cose da non perdere a Rodi<\/a><\/li><li class='ez-toc-page-1 ez-toc-heading-level-3'><a class=\"ez-toc-link ez-toc-heading-3\" href=\"https:\/\/eurodirections.com\/it\/rodi-viaggi\/#Mangiare-come-un-locale-a-Rodi\" >Mangiare come un locale a Rodi<\/a><\/li><li class='ez-toc-page-1 ez-toc-heading-level-3'><a class=\"ez-toc-link ez-toc-heading-4\" href=\"https:\/\/eurodirections.com\/it\/rodi-viaggi\/#Dove-alloggiare-a-Rodi\" >Dove alloggiare a Rodi<\/a><\/li><li class='ez-toc-page-1 ez-toc-heading-level-3'><a class=\"ez-toc-link ez-toc-heading-5\" href=\"https:\/\/eurodirections.com\/it\/rodi-viaggi\/#Mappa-degli-hotel-di-Rodi-con-prezzi\" >Mappa degli hotel di Rodi con prezzi<\/a><\/li><li class='ez-toc-page-1 ez-toc-heading-level-3'><a class=\"ez-toc-link ez-toc-heading-6\" href=\"https:\/\/eurodirections.com\/it\/rodi-viaggi\/#Lista-dei-voli-low-cost-per-Rodi\" >Lista dei voli low cost per Rodi<\/a><\/li><\/ul><\/li><\/ul><\/nav><\/div>\n<h2><span class=\"ez-toc-section\" id=\"Esplorare-Rodi-lista-di-cose-da-fare-per-i-turisti\"><\/span><b>Esplorare Rodi: lista di cose da fare per i turisti<\/b><span class=\"ez-toc-section-end\"><\/span><\/h2>\n<p><span style=\"font-weight: 400;\">Rodi \u00e8 la pi\u00f9 grande delle isole del Dodecaneso, visitata da oltre 2 milioni di turisti ogni anno. La splendida isola greca non \u00e8 solo nuotare e godersi una natura mozzafiato, ma \u00e8 anche un centro storico patrimonio dell&#8217;UNESCO con una storia millenaria, un&#8217;architettura e altri 100 motivi per visitare Rodi. <\/span><\/p>\n<blockquote><p>Vedi anche: <a href=\"https:\/\/eurodirections.com\/travel-to-rhodes-greece\/#Best-season-for-visiting-Rhodes\" target=\"_blank\" rel=\"noopener\">Sapete qual \u00e8 la stagione migliore per viaggiare a Rodi?<\/a><\/p><\/blockquote>\n<h3><span class=\"ez-toc-section\" id=\"Cose-da-non-perdere-a-Rodi\"><\/span><b>Cose da non perdere a Rodi<\/b><span class=\"ez-toc-section-end\"><\/span><\/h3>\n<figure id=\"attachment_1876\" aria-describedby=\"caption-attachment-1876\" style=\"width: 971px\" class=\"wp-caption alignnone\"><img fetchpriority=\"high\" decoding=\"async\" class=\"size-full wp-image-1876\" src=\"http:\/\/eurodirections.com\/wp-content\/uploads\/2022\/04\/rhodes-city-greece.jpg\" alt=\"Le strade della citt\u00e0 di Rodi, Grecia\" width=\"971\" height=\"618\" srcset=\"https:\/\/eurodirections.com\/wp-content\/uploads\/2022\/04\/rhodes-city-greece.jpg 971w, https:\/\/eurodirections.com\/wp-content\/uploads\/2022\/04\/rhodes-city-greece-300x191.jpg 300w, https:\/\/eurodirections.com\/wp-content\/uploads\/2022\/04\/rhodes-city-greece-768x489.jpg 768w, https:\/\/eurodirections.com\/wp-content\/uploads\/2022\/04\/rhodes-city-greece-100x65.jpg 100w\" sizes=\"(max-width: 971px) 100vw, 971px\" \/><figcaption id=\"caption-attachment-1876\" class=\"wp-caption-text\">Le strade della citt\u00e0 di Rodi, in Grecia. Foto di PixMeta<\/figcaption><\/figure>\n<ul>\n<li style=\"font-weight: 400;\" aria-level=\"1\"><span style=\"font-weight: 400;\">Passeggiate sull&#8217;antica Acropoli di Lindos con le rovine sparse sulla costa. <\/span><\/li>\n<li style=\"font-weight: 400;\" aria-level=\"1\"><span style=\"font-weight: 400;\">Non perderti St Paul&#8217;s Beach, una spiaggia da cartolina con acque pure e sabbia dorata splendente.<\/span><\/li>\n<li style=\"font-weight: 400;\" aria-level=\"1\"><span style=\"font-weight: 400;\">Curate il vostro corpo con le sorgenti termali di Kalithea dalle propriet\u00e0 curative.<\/span><\/li>\n<li style=\"font-weight: 400;\" aria-level=\"1\"><span style=\"font-weight: 400;\">Riempi l&#8217;inimmaginabile romanticismo nella Valle delle Farfalle piena di farfalle colorate da fine giugno a met\u00e0 agosto. <\/span><\/li>\n<li style=\"font-weight: 400;\" aria-level=\"1\"><span style=\"font-weight: 400;\">Godetevi la bellezza del tramonto passeggiando nel centro storico di Rodi.<\/span><\/li>\n<li style=\"font-weight: 400;\" aria-level=\"1\"><span style=\"font-weight: 400;\">Trova un bellissimo monastero di Tsambika, una chiesa bianca pura con un tetto rosso e una fantastica vista sulle montagne. <\/span><\/li>\n<\/ul>\n<h3><span class=\"ez-toc-section\" id=\"Mangiare-come-un-locale-a-Rodi\"><\/span><b>Mangiare come un locale a Rodi<\/b><span class=\"ez-toc-section-end\"><\/span><\/h3>\n<ul>\n<li style=\"font-weight: 400;\" aria-level=\"1\"><span style=\"font-weight: 400;\">Trova il miglior meze nel Traditional Cafe Symi situato nel New Market.<\/span><\/li>\n<li style=\"font-weight: 400;\" aria-level=\"1\"><span style=\"font-weight: 400;\">Prova i piatti esclusivi serviti nel modo pi\u00f9 attraente nel Noble Gourmet Restaurant.<\/span><\/li>\n<li style=\"font-weight: 400;\" aria-level=\"1\"><span style=\"font-weight: 400;\">Assapora tutte le prelibatezze locali originali in Paraga, un ristorante accogliente e nostalgico con forni a legna.<\/span><\/li>\n<li style=\"font-weight: 400;\" aria-level=\"1\"><span style=\"font-weight: 400;\">Dietro un bellissimo muro di un edificio veneziano, troverai un pittoresco cortile di Marco Polo Mansion, ispirato all&#8217;Andalusia e al sud della Francia.<\/span><\/li>\n<li style=\"font-weight: 400;\" aria-level=\"1\"><span style=\"font-weight: 400;\">Gli amanti del pesce adoreranno l&#8217;abbondanza di piatti dai sapori greci in Hatzikeli, una taverna di pesce.<\/span><\/li>\n<\/ul>\n<h3><span class=\"ez-toc-section\" id=\"Dove-alloggiare-a-Rodi\"><\/span><b>Dove alloggiare a Rodi<\/b><span class=\"ez-toc-section-end\"><\/span><\/h3>\n<figure id=\"attachment_1877\" aria-describedby=\"caption-attachment-1877\" style=\"width: 939px\" class=\"wp-caption alignnone\"><img decoding=\"async\" class=\"size-full wp-image-1877\" src=\"http:\/\/eurodirections.com\/wp-content\/uploads\/2022\/04\/lyndos-rhodes-greece.jpg\" alt=\"Spiaggia della citt\u00e0 di Lyndos, Isola di Rodi, Grecia\" width=\"939\" height=\"621\" srcset=\"https:\/\/eurodirections.com\/wp-content\/uploads\/2022\/04\/lyndos-rhodes-greece.jpg 939w, https:\/\/eurodirections.com\/wp-content\/uploads\/2022\/04\/lyndos-rhodes-greece-300x198.jpg 300w, https:\/\/eurodirections.com\/wp-content\/uploads\/2022\/04\/lyndos-rhodes-greece-768x508.jpg 768w, https:\/\/eurodirections.com\/wp-content\/uploads\/2022\/04\/lyndos-rhodes-greece-100x65.jpg 100w\" sizes=\"(max-width: 939px) 100vw, 939px\" \/><figcaption id=\"caption-attachment-1877\" class=\"wp-caption-text\">Spiaggia della citt\u00e0 di Lyndos, Isola di Rodi, Grecia. Immagine da Photo-Week.net<\/figcaption><\/figure>\n<ul>\n<li style=\"font-weight: 400;\" aria-level=\"1\"><span style=\"font-weight: 400;\">Trasformate le vostre vacanze in momenti divini al Nama Retreat, un hotel a 5 stelle di grande pregio.<\/span><\/li>\n<li style=\"font-weight: 400;\" aria-level=\"1\"><span style=\"font-weight: 400;\">Kolymbia Bay Art &#8211; Hotel resort a 4 stelle per soli adulti a soli 2 minuti a piedi dalla spiaggia; un&#8217;ottima opzione per la tua vacanza indimenticabile.<\/span><\/li>\n<li style=\"font-weight: 400;\" aria-level=\"1\"><span style=\"font-weight: 400;\">Un hotel internazionale a 3 stelle \u00e8 la vostra scelta se desiderate il comfort a un prezzo ragionevole.<\/span><\/li>\n<li style=\"font-weight: 400;\" aria-level=\"1\"><span style=\"font-weight: 400;\">Lo Stay Hostel sar\u00e0 un luogo eccellente per chi viaggia da solo o in gruppo come sistemazione economica. <\/span><\/li>\n<li style=\"font-weight: 400;\" aria-level=\"1\"><span style=\"font-weight: 400;\">Scegli di soggiornare a Lindos, il paradiso in terra con il paradisiaco adorabile F Charm Hotel &#8211; Adults only con un&#8217;atmosfera autentica.<\/span><\/li>\n<\/ul>\n<h3><span class=\"ez-toc-section\" id=\"Mappa-degli-hotel-di-Rodi-con-prezzi\"><\/span>Mappa degli hotel di Rodi con prezzi<span class=\"ez-toc-section-end\"><\/span><\/h3>\n<p><script src=\"\/\/tp.media\/content?0=0&amp;1=10&amp;promo_id=4285&amp;shmarker=14350.rhodesmap&amp;campaign_id=101&amp;search_host=search.hotellook.com&amp;locale=en&amp;currency=eur&amp;draggable=true&amp;disable_zoom=false&amp;show_logo=false&amp;scrollwheel=false&amp;color=%23F56E14&amp;contrast_color=%23ffffff&amp;width=720&amp;height=500&amp;zoom=13&amp;radius=60&amp;stars=0%2C1%2C2%2C3%2C4%2C5&amp;price_from=&amp;price_to=&amp;lat=36.44288&amp;lng=28.22654\" charset=\"utf-8\"><\/script><\/p>\n<h3><span class=\"ez-toc-section\" id=\"Lista-dei-voli-low-cost-per-Rodi\"><\/span>Lista dei voli low cost per Rodi<span class=\"ez-toc-section-end\"><\/span><\/h3>\n<p><script src=\"https:\/\/tp.media\/content?currency=eur&amp;promo_id=4044&amp;shmarker=14350&amp;campaign_id=100&amp;trs=147545&amp;target_host=air.eurodirections.com%2Fflights&amp;locale=en&amp;limit=12&amp;powered_by=false&amp;primary=%230085FF&amp;destination=RHO\" charset=\"utf-8\"><\/script><\/p>\n<p>Compara i prezzi dei biglietti aerei <a title=\"Tutti i voli per Rodi\" href=\"https:\/\/eurodirections.com\/it\/voli-per-rodi-grecia\/\" target=\"_blank\" rel=\"noopener\">per Rodi, Grecia<\/a> su piattaforme di prenotazione online e agenzie di viaggio sicure.<\/p>\n<p><script type=\"application\/ld+json\">\n    {\n      \"@context\": \"https:\/\/schema.org\",\n      \"@type\": \"FAQPage\",\n      \"@id\" : \"#faq\",\n      \"url\" : \"https:\/\/www.eurodirections.com\/rhodes\/\",\n      \"name\" : \"Rhodes Travel FAQ\",\n      \"mainEntity\": [{\n        \"@type\": \"Question\",\n        \"name\": \"Things to do in Rhodes?\",\n        \"acceptedAnswer\": {\n          \"@type\": \"Answer\",\n          \"text\": \"The list of things not to miss in Rhodes:\nWander about the ancient Acropolis of Lindos with the ruins spread across the coastline. \nDon\u2019t miss out on St Paul\u2019s Beach, a picture-perfect beach with pure waters and glowing gold sand.\nTreat your body with Kalithea hot springs with curative properties.\nFill the unimaginable romance in the Valley of Butterflies filled with colorful butterflies from late June to mid-August. \nEmbrace the beauty of the sunset strolling about the Rhodes Old Town.\nFind a beautiful Tsambika Monastery, a pure white church with a red roof and a fantastic view of the mountains.\"\n        }\n      }, {\n        \"@type\": \"Question\",\n        \"name\": \"What to eat like a local in Rhodes?\",\n        \"acceptedAnswer\": {\n          \"@type\": \"Answer\",\n          \"text\": \"Eat and feel like a local in Rhodes:\nFind the best meze in the Traditional Cafe Symi located in the New Market.\nTry exclusive dishes served in the most attractive way in Noble Gourmet Restaurant.\nTaste all the original local delicacies in Paraga, a cozy and nostalgic restaurant with wood-fired ovens.\nBehind a beautiful wall of a Venetian building, you will find a picturesque courtyard of Marco Polo Mansion, inspired by Andalusia and Southern France.\nThe lovers of seafood will adore the abundance of dishes with Greek flavors in Hatzikeli, a seafood tavern.\"\n        }\n      }\n]\n    }\n<\/script><\/p>\n<p><script type=\"application\/ld+json\">\n{\n    \"@context\": \"http:\/\/schema.org\",\n    \"@type\": \"WebPage\",\n    \"name\": \"Rhodes bucket list\",\n    \"description\": \"Explore the bucket list of Rhodes island, Greece. Get to know what are the most authentic places, what restaurants to choose and what to do in Rhodes.\",\n    \"publisher\": {\n        \"@type\": \"WebPage\",\n        \"name\": \"Eurodirections.com\"\n    }\n}\n<\/script><\/p>\n<blockquote><p><strong>Amate la Grecia?<\/strong> Continua a leggere <a title=\"Esplora Atene, Grecia\" href=\"https:\/\/eurodirections.com\/athens\/\" data-schema-attribute=\"about\">Atene<\/a>, <a title=\"Lista delle cose da fare a Patrasso, Grecia\" href=\"https:\/\/eurodirections.com\/patras\/\" data-schema-attribute=\"about\">Patrasso<\/a>, <a title=\"Elenco delle cose da fare a Salonicco\" href=\"https:\/\/eurodirections.com\/thessaloniki\/\" data-schema-attribute=\"about\">Salonicco<\/a>, <a title=\"Guida e lista di viaggio di Kavala\" href=\"https:\/\/eurodirections.com\/kavala\/\" data-schema-attribute=\"about\">Kavala<\/a> e <a title=\"Lista delle cose da fare a Heraklion, Creta, Grecia\" href=\"https:\/\/eurodirections.com\/heraklion\/\" data-schema-attribute=\"about\">Heraklion<\/a>.<br \/>\n<strong>Leggi anche:<\/strong> <a title=\"Panoramica di 6 meravigliose citt\u00e0 della Grecia\" href=\"https:\/\/eurodirections.com\/explore-cities-of-greece\/\" target=\"_blank\" rel=\"noopener\" data-schema-attribute=\"mentions\">6 meravigliose citt\u00e0 della Grecia<\/a><\/p><\/blockquote>\n","protected":false},"excerpt":{"rendered":"<p>Esplorare Rodi: lista di cose da fare per i turisti Rodi \u00e8 la pi\u00f9 grande delle isole del Dodecaneso, visitata da oltre 2 milioni di turisti ogni anno. La splendida isola greca non \u00e8 solo nuotare e godersi una natura mozzafiato, ma \u00e8 anche un centro storico patrimonio dell&#8217;UNESCO con una storia millenaria, un&#8217;architettura e [&hellip;]<\/p>\n","protected":false},"author":1,"featured_media":3557,"parent":0,"menu_order":0,"comment_status":"closed","ping_status":"closed","template":"","meta":{"footnotes":""},"class_list":["post-16056","page","type-page","status-publish","has-post-thumbnail","hentry"],"_links":{"self":[{"href":"https:\/\/eurodirections.com\/it\/wp-json\/wp\/v2\/pages\/16056","targetHints":{"allow":["GET"]}}],"collection":[{"href":"https:\/\/eurodirections.com\/it\/wp-json\/wp\/v2\/pages"}],"about":[{"href":"https:\/\/eurodirections.com\/it\/wp-json\/wp\/v2\/types\/page"}],"author":[{"embeddable":true,"href":"https:\/\/eurodirections.com\/it\/wp-json\/wp\/v2\/users\/1"}],"replies":[{"embeddable":true,"href":"https:\/\/eurodirections.com\/it\/wp-json\/wp\/v2\/comments?post=16056"}],"version-history":[{"count":0,"href":"https:\/\/eurodirections.com\/it\/wp-json\/wp\/v2\/pages\/16056\/revisions"}],"wp:featuredmedia":[{"embeddable":true,"href":"https:\/\/eurodirections.com\/it\/wp-json\/wp\/v2\/media\/3557"}],"wp:attachment":[{"href":"https:\/\/eurodirections.com\/it\/wp-json\/wp\/v2\/media?parent=16056"}],"curies":[{"name":"wp","href":"https:\/\/api.w.org\/{rel}","templated":true}]}}